{"id":1018,"date":"2021-01-16T09:49:03","date_gmt":"2021-01-16T01:49:03","guid":{"rendered":"https:\/\/www.meatprocessingmachine.org\/?p=1018"},"modified":"2024-06-14T16:00:42","modified_gmt":"2024-06-14T08:00:42","slug":"commercial-fish-skinning-machine-for-sale","status":"publish","type":"product","link":"https:\/\/www.meatprocessingmachine.org\/fr\/commercial-fish-skinning-machine-for-sale.html","title":{"rendered":"Machine \u00e0 \u00e9corcher le poisson commercial \u00e0 vendre"},"content":{"rendered":"<div class=\"kk-star-ratings kksr-auto kksr-align-right kksr-valign-top\"     data-payload='{&quot;align&quot;:&quot;right&quot;,&quot;id&quot;:&quot;1018&quot;,&quot;slug&quot;:&quot;default&quot;,&quot;valign&quot;:&quot;top&quot;,&quot;ignore&quot;:&quot;&quot;,&quot;reference&quot;:&quot;auto&quot;,&quot;class&quot;:&quot;&quot;,&quot;count&quot;:&quot;0&quot;,&quot;legendonly&quot;:&quot;&quot;,&quot;readonly&quot;:&quot;&quot;,&quot;score&quot;:&quot;0&quot;,&quot;starsonly&quot;:&quot;&quot;,&quot;best&quot;:&quot;5&quot;,&quot;gap&quot;:&quot;5&quot;,&quot;greet&quot;:&quot;Rate this product&quot;,&quot;legend&quot;:&quot;0\\\/5 - (0 vote)&quot;,&quot;size&quot;:&quot;24&quot;,&quot;title&quot;:&quot;Commercial fish skinning machine for sale&quot;,&quot;width&quot;:&quot;0&quot;,&quot;_legend&quot;:&quot;{score}\\\/{best} - ({count} {votes})&quot;,&quot;font_factor&quot;:&quot;1.25&quot;}'>              <div class=\"kksr-stars\">      <div class=\"kksr-stars-inactive\">             <div class=\"kksr-star\" data-star=\"1\" style=\"padding-right: 5px\">               <div class=\"kksr-icon\" style=\"width: 24px; height: 24px;\"><\/div>         <\/div>             <div class=\"kksr-star\" data-star=\"2\" style=\"padding-right: 5px\">               <div class=\"kksr-icon\" style=\"width: 24px; height: 24px;\"><\/div>         <\/div>             <div class=\"kksr-star\" data-star=\"3\" style=\"padding-right: 5px\">               <div class=\"kksr-icon\" style=\"width: 24px; height: 24px;\"><\/div>         <\/div>             <div class=\"kksr-star\" data-star=\"4\" style=\"padding-right: 5px\">               <div class=\"kksr-icon\" style=\"width: 24px; height: 24px;\"><\/div>         <\/div>             <div class=\"kksr-star\" data-star=\"5\" style=\"padding-right: 5px\">               <div class=\"kksr-icon\" style=\"width: 24px; height: 24px;\"><\/div>         <\/div>     <\/div>      <div class=\"kksr-stars-active\" style=\"width: 0px;\">             <div class=\"kksr-star\" style=\"padding-right: 5px\">               <div class=\"kksr-icon\" style=\"width: 24px; height: 24px;\"><\/div>         <\/div>             <div class=\"kksr-star\" style=\"padding-right: 5px\">               <div class=\"kksr-icon\" style=\"width: 24px; height: 24px;\"><\/div>         <\/div>             <div class=\"kksr-star\" style=\"padding-right: 5px\">               <div class=\"kksr-icon\" style=\"width: 24px; height: 24px;\"><\/div>         <\/div>             <div class=\"kksr-star\" style=\"padding-right: 5px\">               <div class=\"kksr-icon\" style=\"width: 24px; height: 24px;\"><\/div>         <\/div>             <div class=\"kksr-star\" style=\"padding-right: 5px\">               <div class=\"kksr-icon\" style=\"width: 24px; height: 24px;\"><\/div>         <\/div>     <\/div> <\/div>                   <div class=\"kksr-legend\" style=\"font-size: 19.2px;\">             <span class=\"kksr-muted\">\u00c9valuez ce produit<\/span>     <\/div>     <\/div>  <p class=\"translation-block\">La <strong>machine \u00e0 d\u00e9cortiquer le poisson<\/strong> commerciale est une machine \u00e9lectrique sp\u00e9cialement con\u00e7ue pour retirer la peau du poisson. Cette machine s'applique apr\u00e8s la <a href=\"https:\/\/www.meatprocessingmachine.org\/fr\/automatic-fish-scale-remover-machine-fish-scale-remover-machine.html\/\">machine \u00e0 d\u00e9s\u00e9cailler le poisson<\/a>, le retrait de la t\u00eate et de la queue du poisson, et la <a href=\"https:\/\/www.meatprocessingmachine.org\/fr\/electric-fish-belly-splitting-cutting-machine.html\/\">machine \u00e0 fendre le ventre du poisson<\/a>. La machine \u00e0 peler le poisson peut r\u00e9aliser un pelage automatique. Elle a un grand rendement de production, une haute efficacit\u00e9 de pelage et un haut rendement.<\/p>    <h2 class=\"wp-block-heading\">Vid\u00e9o d'une machine \u00e0 \u00e9corcher les poissons<\/h2>    <figure class=\"wp-block-embed is-type-video is-provider-youtube wp-block-embed-youtube\"><div class=\"wp-block-embed__wrapper\"> <iframe loading=\"lazy\" title=\"Machine \u00e0 peler les tubes de calmar, machine \u00e0 enlever la peau de poisson.\" width=\"500\" height=\"281\" src=\"https:\/\/www.youtube.com\/embed\/FWiHdkLqavs?feature=oembed\" frameborder=\"0\" allow=\"accelerometer; autoplay; clipboard-write; encrypted-media; gyroscope; picture-in-picture; web-share\" referrerpolicy=\"strict-origin-when-cross-origin\" allowfullscreen><\/iframe> <\/div><figcaption class=\"wp-element-caption\">machine \u00e0 \u00e9corcher le poisson<\/figcaption><\/figure>    <h2 class=\"wp-block-heading\" id=\"h-features-of-squid-fish-skinner-machine\">Caract\u00e9ristiques de la machine \u00e0 \u00e9corcher les calmars<\/h2>    <ol class=\"wp-block-list\"> <li>La machine \u00e0 peler les poissons adopte de l'acier inoxydable, la partie centrale est sp\u00e9cialement trait\u00e9e thermiquement, et la lame est tranchante et durable.<\/li>    <li>Elle est facile \u00e0 utiliser et \u00e0 entretenir et a une longue dur\u00e9e de vie.<\/li>    <li>La machine \u00e9lectrique \u00e0 peler la peau de poisson a une grande capacit\u00e9 de production, une haute efficacit\u00e9 de production et un bon effet de pelage.<\/li>    <li>La lame de la machine peut \u00eatre ajust\u00e9e, elle s'applique donc largement au pelage de divers types de poissons.<\/li> <\/ol>    <h2 class=\"wp-block-heading\" id=\"h-fish-skinning-machine-parameters\">Param\u00e8tres de la machine \u00e0 \u00e9corcher les poissons<\/h2>    <ul class=\"wp-block-list\"> <li>Puissance : 0,75 kW<\/li>    <li>Tension : 380V<\/li>    <li>Poids : 120 KG<\/li>    <li>Taille : 620*630*900MM<\/li>    <li>Vitesse de traitement : 40-80pcs\/min<\/li>    <li>Capacit\u00e9 : 2000-2500KG\/H<\/li> <\/ul>    <p>\u00c9paisseur du poisson \u00e0 alimenter dans la machine : jusqu'\u00e0 3 cm, largeur du poisson \u00e0 alimenter : jusqu'\u00e0 40 cm.<\/p>    <h2 class=\"wp-block-heading\" id=\"h-commercial-fish-skinner-machine-application\">Application de machine \u00e0 \u00e9corcher les poissons commerciaux<\/h2>    <p class=\"translation-block\">La machine \u00e0 d\u00e9cortiquer le poisson est largement appliqu\u00e9e pour le pelage de la peau de morue, de poisson-chat, de <a href=\"https:\/\/en.wikipedia.org\/wiki\/Salmon\" target=\"_blank\" rel=\"noopener\">saumon<\/a>, de plie et d'autres poissons. La machine est largement utilis\u00e9e pour le pelage de la peau de calmar. Elle convient aux entreprises de p\u00eache, aux usines de transformation des aliments et aux entreprises de restauration.<\/p>    <h2 class=\"wp-block-heading\" id=\"h-fish-skinning-machine-parameters\">Comment utiliser la machine pour enlever la peau du poisson ?<\/h2>    <p>La machine automatique de d\u00e9pe\u00e7age de saumon est facile \u00e0 utiliser. Il vous suffit de placer le poisson dans le port d'alimentation et la machine terminera automatiquement le travail de d\u00e9pe\u00e7age. Avant d'utiliser cette machine pour peler, vous devez utiliser une machine de transformation du poisson pour le couper en segments. <\/p>    <p>Si votre mati\u00e8re premi\u00e8re est le poisson entier, vous devez utiliser une machine de transformation du poisson pour le traiter. Cela implique une machine \u00e0 enlever les \u00e9cailles, une machine \u00e0 couper le ventre du poisson, ainsi qu'une machine \u00e0 couper la t\u00eate et la queue du poisson. Gr\u00e2ce aux \u00e9tapes ci-dessus, vous obtiendrez un morceau de poisson. Ensuite, mettez le c\u00f4t\u00e9 peau vers le bas pour l'\u00e9pluchage. <\/p>    <h2 class=\"wp-block-heading\" id=\"h-precautions-when-using-the-fish-skin-peeling-machine\">Pr\u00e9cautions lors de l'utilisation de la machine \u00e0 peler la peau de poisson.<\/h2>    <ol class=\"wp-block-list\"> <li>Lors de l'utilisation de cette machine \u00e0 \u00e9cailler le poisson pour enlever la peau du poisson, cela doit \u00eatre fait en pr\u00e9sence d'eau pour garantir l'efficacit\u00e9 de l'\u00e9pluchage. Connectez le tuyau d'eau \u00e0 la vanne d'eau de la machine. Ensuite, allumez l'alimentation pour v\u00e9rifier si l'approvisionnement en eau est normal. Et assurez-vous d'activer l'interrupteur d'alimentation en eau de la machine lors de l'\u00e9pluchage.<\/li>    <li>Apr\u00e8s l'avoir utilis\u00e9 pendant un certain temps, ouvrez le couvercle de la lame pour confirmer l'\u00e9tat d'usure de la lame. Si vous devez remplacer la lame, ouvrez le couvercle de la lame et remplacez-la directement.<\/li>    <li>Si vous devez ajuster la lame vers le haut et vers le bas, utilisez une cl\u00e9 pour d\u00e9visser l'\u00e9crou \u00e0 gauche et \u00e0 droite du support de la lame afin d'ajuster la distance entre la lame et le tambour. Notez que la distance entre la lame et le tambour doit \u00e9galement \u00eatre adapt\u00e9e, trop grande ou trop petite affectera directement l'effet d'\u00e9pluchage.<\/li>    <li>Apr\u00e8s avoir utilis\u00e9 la machine \u00e0 peler les poissons, veuillez nettoyer la machine avec de l'eau propre. Si vous n'utilisez pas la machine pendant longtemps, veuillez la placer dans un endroit sec et bien ventil\u00e9.<\/li> <\/ol>","protected":false},"excerpt":{"rendered":"<p>La machine \u00e0 \u00e9corcher les poissons commerciaux est largement utilis\u00e9e pour peler le saumon, le calmar et d'autres esp\u00e8ces de poissons. Elle n\u00e9cessite l'utilisation de machines telles que le d\u00e9calcaire, l'ouvre-poisson et d'autres machines pour traiter le poisson en segments avant d'utiliser la machine.<\/p>","protected":false},"author":1,"featured_media":1021,"parent":0,"template":"","product-type":[584],"class_list":["post-1018","product","type-product","status-publish","has-post-thumbnail","hentry","product-type-fish"],"_links":{"self":[{"href":"https:\/\/www.meatprocessingmachine.org\/fr\/wp-json\/wp\/v2\/product\/1018","targetHints":{"allow":["GET"]}}],"collection":[{"href":"https:\/\/www.meatprocessingmachine.org\/fr\/wp-json\/wp\/v2\/product"}],"about":[{"href":"https:\/\/www.meatprocessingmachine.org\/fr\/wp-json\/wp\/v2\/types\/product"}],"author":[{"embeddable":true,"href":"https:\/\/www.meatprocessingmachine.org\/fr\/wp-json\/wp\/v2\/users\/1"}],"wp:featuredmedia":[{"embeddable":true,"href":"https:\/\/www.meatprocessingmachine.org\/fr\/wp-json\/wp\/v2\/media\/1021"}],"wp:attachment":[{"href":"https:\/\/www.meatprocessingmachine.org\/fr\/wp-json\/wp\/v2\/media?parent=1018"}],"wp:term":[{"taxonomy":"product-type","embeddable":true,"href":"https:\/\/www.meatprocessingmachine.org\/fr\/wp-json\/wp\/v2\/product-type?post=1018"}],"curies":[{"name":"wp","href":"https:\/\/api.w.org\/{rel}","templated":true}]}}