{"id":122,"date":"2018-10-25T06:37:25","date_gmt":"2018-10-24T22:37:25","guid":{"rendered":"http:\/\/www.meatprocessingmachine.org\/?p=122"},"modified":"2026-02-12T16:41:47","modified_gmt":"2026-02-12T08:41:47","slug":"hydraulic-enema-machine","status":"publish","type":"product","link":"https:\/\/www.meatprocessingmachine.org\/fr\/hydraulic-enema-machine.html","title":{"rendered":"Machine \u00e0 lavement hydraulique"},"content":{"rendered":"<div class=\"kk-star-ratings kksr-auto kksr-align-right kksr-valign-top\"     data-payload='{&quot;align&quot;:&quot;right&quot;,&quot;id&quot;:&quot;122&quot;,&quot;slug&quot;:&quot;default&quot;,&quot;valign&quot;:&quot;top&quot;,&quot;ignore&quot;:&quot;&quot;,&quot;reference&quot;:&quot;auto&quot;,&quot;class&quot;:&quot;&quot;,&quot;count&quot;:&quot;0&quot;,&quot;legendonly&quot;:&quot;&quot;,&quot;readonly&quot;:&quot;&quot;,&quot;score&quot;:&quot;0&quot;,&quot;starsonly&quot;:&quot;&quot;,&quot;best&quot;:&quot;5&quot;,&quot;gap&quot;:&quot;5&quot;,&quot;greet&quot;:&quot;Rate this product&quot;,&quot;legend&quot;:&quot;0\\\/5 - (0 vote)&quot;,&quot;size&quot;:&quot;24&quot;,&quot;title&quot;:&quot;Hydraulic Enema Machine&quot;,&quot;width&quot;:&quot;0&quot;,&quot;_legend&quot;:&quot;{score}\\\/{best} - ({count} {votes})&quot;,&quot;font_factor&quot;:&quot;1.25&quot;}'>              <div class=\"kksr-stars\">      <div class=\"kksr-stars-inactive\">             <div class=\"kksr-star\" data-star=\"1\" style=\"padding-right: 5px\">               <div class=\"kksr-icon\" style=\"width: 24px; height: 24px;\"><\/div>         <\/div>             <div class=\"kksr-star\" data-star=\"2\" style=\"padding-right: 5px\">               <div class=\"kksr-icon\" style=\"width: 24px; height: 24px;\"><\/div>         <\/div>             <div class=\"kksr-star\" data-star=\"3\" style=\"padding-right: 5px\">               <div class=\"kksr-icon\" style=\"width: 24px; height: 24px;\"><\/div>         <\/div>             <div class=\"kksr-star\" data-star=\"4\" style=\"padding-right: 5px\">               <div class=\"kksr-icon\" style=\"width: 24px; height: 24px;\"><\/div>         <\/div>             <div class=\"kksr-star\" data-star=\"5\" style=\"padding-right: 5px\">               <div class=\"kksr-icon\" style=\"width: 24px; height: 24px;\"><\/div>         <\/div>     <\/div>      <div class=\"kksr-stars-active\" style=\"width: 0px;\">             <div class=\"kksr-star\" style=\"padding-right: 5px\">               <div class=\"kksr-icon\" style=\"width: 24px; height: 24px;\"><\/div>         <\/div>             <div class=\"kksr-star\" style=\"padding-right: 5px\">               <div class=\"kksr-icon\" style=\"width: 24px; height: 24px;\"><\/div>         <\/div>             <div class=\"kksr-star\" style=\"padding-right: 5px\">               <div class=\"kksr-icon\" style=\"width: 24px; height: 24px;\"><\/div>         <\/div>             <div class=\"kksr-star\" style=\"padding-right: 5px\">               <div class=\"kksr-icon\" style=\"width: 24px; height: 24px;\"><\/div>         <\/div>             <div class=\"kksr-star\" style=\"padding-right: 5px\">               <div class=\"kksr-icon\" style=\"width: 24px; height: 24px;\"><\/div>         <\/div>     <\/div> <\/div>                   <div class=\"kksr-legend\" style=\"font-size: 19.2px;\">             <span class=\"kksr-muted\">\u00c9valuez ce produit<\/span>     <\/div>     <\/div> <h2>Br\u00e8ve introduction<\/h2> <p class=\"translation-block\">La <strong>Machine d'\u00e9nervation hydraulique<\/strong> est un \u00e9quipement n\u00e9cessaire pour le remplissage de saucisses. La <strong>Machine de remplissage de saucisses hydraulique<\/strong> est largement applicable \u00e0 une vari\u00e9t\u00e9 de syst\u00e8mes de remplissage d'intestins, en particulier pour les garnitures plus s\u00e8ches et les garnitures de viande. La partie sup\u00e9rieure de la machine dispose d'une tr\u00e9mie de stockage et d'une vanne \u00e0 boisseau, d'un syst\u00e8me d'irrigation \u00e0 retournement continu, ce qui am\u00e9liore l'efficacit\u00e9 du travail.<\/p>   <h2 class=\"wp-block-heading\"><strong>Caract\u00e9ristiques<\/strong><\/h2>    <p class=\"translation-block\">1.Elle peut fabriquer des produits d'intestins grands, moyens et petits de diverses sp\u00e9cifications.<br>2.Ce produit a une belle apparence, une finition soign\u00e9e, une utilisation pratique et un fonctionnement s\u00fbr et fiable.<br>3.La tr\u00e9mie, la vanne, le tube d'\u00e9nervation et l'emballage ext\u00e9rieur de la <strong>Machine \u00e0 saucisses hydraulique<\/strong> sont en acier inoxydable de haute qualit\u00e9.<br>4.Le mat\u00e9riau du cylindre peut \u00eatre choisi en fonction des exigences des clients pour r\u00e9pondre \u00e0 des exigences d'hygi\u00e8ne alimentaire plus \u00e9lev\u00e9es.<br>5.La <strong>Machine \u00e0 saucisses hydraulique<\/strong> s'applique aux boyaux de mouton, aux boyaux de porc, aux boyaux de collag\u00e8ne, aux boyaux en plastique.<\/p>    <figure class=\"wp-block-image\"><img decoding=\"async\" src=\"http:\/\/www.meatprocessingmachine.org\/wp-content\/uploads\/2018\/10\/hydraulic-sausage-stuffer8136.jpg\" alt=\"\" title=\"\"><\/figure>    <h2 class=\"wp-block-heading\"><strong>Sp\u00e9cifications<\/strong><\/h2>    <p class=\"translation-block\">1.Machine \u00e0 saucisses en acier inoxydable<br>2.Conception fine, haute qualit\u00e9<br>3.Capacit\u00e9 : 100~500 kg<br>4.Convient \u00e0 toutes les saucisses<\/p>    <div class=\"wp-block-columns is-layout-flex wp-container-core-columns-is-layout-9d6595d7 wp-block-columns-is-layout-flex\"> <div class=\"wp-block-column is-layout-flow wp-block-column-is-layout-flow\"> <figure class=\"wp-block-image size-large\"><img loading=\"lazy\" decoding=\"async\" width=\"650\" height=\"433\" src=\"http:\/\/www.meatprocessingmachine.org\/wp-content\/uploads\/2020\/06\/details-of-Hydraulic-Enema-Machine.jpg\" alt=\"D\u00e9tails de la machine \u00e0 lavement hydraulique\" class=\"wp-image-733\" title=\"\" srcset=\"https:\/\/www.meatprocessingmachine.org\/wp-content\/uploads\/2020\/06\/details-of-Hydraulic-Enema-Machine.jpg 650w, https:\/\/www.meatprocessingmachine.org\/wp-content\/uploads\/2020\/06\/details-of-Hydraulic-Enema-Machine-300x200.jpg 300w\" sizes=\"auto, (max-width: 650px) 100vw, 650px\" \/><figcaption><\/figcaption><\/figure> <\/div>    <div class=\"wp-block-column is-layout-flow wp-block-column-is-layout-flow\"> <figure class=\"wp-block-image size-large\"><img loading=\"lazy\" decoding=\"async\" width=\"1024\" height=\"683\" src=\"http:\/\/www.meatprocessingmachine.org\/wp-content\/uploads\/2020\/06\/details-of-Hydraulic-Enema-Machine.-1024x683.jpg\" alt=\"D\u00e9tails de la machine \u00e0 lavement hydraulique\" class=\"wp-image-734\" title=\"\" srcset=\"https:\/\/www.meatprocessingmachine.org\/wp-content\/uploads\/2020\/06\/details-of-Hydraulic-Enema-Machine.-1024x683.jpg 1024w, https:\/\/www.meatprocessingmachine.org\/wp-content\/uploads\/2020\/06\/details-of-Hydraulic-Enema-Machine.-300x200.jpg 300w, https:\/\/www.meatprocessingmachine.org\/wp-content\/uploads\/2020\/06\/details-of-Hydraulic-Enema-Machine.-768x512.jpg 768w, https:\/\/www.meatprocessingmachine.org\/wp-content\/uploads\/2020\/06\/details-of-Hydraulic-Enema-Machine.-1536x1024.jpg 1536w, https:\/\/www.meatprocessingmachine.org\/wp-content\/uploads\/2020\/06\/details-of-Hydraulic-Enema-Machine.-2048x1365.jpg 2048w\" sizes=\"auto, (max-width: 1024px) 100vw, 1024px\" \/><figcaption><\/figcaption><\/figure>    <p><\/p> <\/div> <\/div>    <h2 class=\"wp-block-heading\"><strong>Param\u00e8tres technologiques<\/strong><\/h2>    <figure class=\"wp-block-table\"><table><tbody><tr><td>Mod\u00e8le<\/td><td>SL-30<\/td><td>SL-50<\/td><\/tr><tr><td>Volume du baril (L)<\/td><td>30L<\/td><td>50L<\/td><\/tr><tr><td>Puissance totale (kw)<\/td><td>1.5<\/td><td>1.5<\/td><\/tr><tr><td>Diam\u00e8tre de remplissage (mm)<\/td><td>12-48<\/td><td>12-48<\/td><\/tr><tr><td>Poids (kg)<\/td><td>360<\/td><td>400<\/td><\/tr><tr><td>Dimensions hors tout (mm)<\/td><td>1050*670*1680<\/td><td>1150*700*1760<\/td><\/tr><\/tbody><\/table><\/figure>    <figure class=\"wp-block-image\"><img decoding=\"async\" src=\"http:\/\/www.meatprocessingmachine.org\/wp-content\/uploads\/2018\/10\/hydraulic-sausage-stuffer1129.jpg\" alt=\"\" title=\"\"><\/figure>    <h2 class=\"wp-block-heading\"><strong>Avantage<\/strong><\/h2>    <ol class=\"wp-block-list\"><li>Les principaux composants sont fabriqu\u00e9s en acier inoxydable 304 de haute qualit\u00e9, ce qui est fiable et durable, facile \u00e0 nettoyer et r\u00e9pond aux exigences de s\u00e9curit\u00e9 alimentaire.<\/li><li> Technologie avanc\u00e9e, performance stable, fonctionnement facile et entretien pratique. Apr\u00e8s avoir ajust\u00e9 la pression de travail de la transmission hydraulique \u00e0 piston, le mat\u00e9riau dans le cylindre est \u00e9largi sous l'action du v\u00e9rin hydraulique, en particulier le conditionnement \u00e0 sec, qui est plus efficace que d'autres saucisses.<\/li><li>Un haut degr\u00e9 d'automatisation, \u00e9conomisant du temps et des efforts.<\/li><li>Traitement sp\u00e9cial des composants cl\u00e9s, durable \u00e0 l'usure, les pi\u00e8ces de contr\u00f4le sont des composants import\u00e9s.<\/li><li>L'apparence adopte une technologie avanc\u00e9e de traitement de surface, belle apparence, structure compacte, op\u00e9ration pratique et entretien facile.<\/li><li>\u00c9quip\u00e9 de protections de s\u00e9curit\u00e9, <strong>Machine \u00e0 saucisses hydraulique<\/strong> est id\u00e9al pour le traitement de la viande.<\/li><li>La vitesse de d\u00e9charge est rapide, le corps intestinal est uniforme, l'intestin semblable \u00e0 de la viande peut \u00eatre rempli, et l'intestin peut \u00eatre rempli, ce qui est flexible et pratique. Il est facile \u00e0 alimenter, tr\u00e8s efficace et poss\u00e8de une bonne capacit\u00e9 de production continue.<strong>Machine \u00e0 saucisses hydraulique\u00a0<\/strong>Est facile \u00e0 nettoyer et convient \u00e0 diverses entreprises de production.<\/li><li>La machine de remplissage de saucisses hydraulique est plus puissante que la machine de remplissage de saucisses pneumatique, qui peut facilement remplir la saucisse de viande.<\/li><\/ol>","protected":false},"excerpt":{"rendered":"<p>Brief Introduce Hydraulic Enema Machine is a necessary sausage filling equipment. The Hydraulic Sausage Stuffer Machine is widely applicable to&nbsp; a variety of intestinal filling systems,especially to the drier fillings and meat fillings . The machine upper part has a storage hopper and disc valve,continuously&nbsp; flipping irrigation system, which improve the work efficiency. Features 1.It [&hellip;]<\/p>\n","protected":false},"author":1,"featured_media":43,"parent":0,"template":"","product-type":[598],"class_list":["post-122","product","type-product","status-publish","has-post-thumbnail","hentry","product-type-supporting-auxiliary-equipment"],"_links":{"self":[{"href":"https:\/\/www.meatprocessingmachine.org\/fr\/wp-json\/wp\/v2\/product\/122","targetHints":{"allow":["GET"]}}],"collection":[{"href":"https:\/\/www.meatprocessingmachine.org\/fr\/wp-json\/wp\/v2\/product"}],"about":[{"href":"https:\/\/www.meatprocessingmachine.org\/fr\/wp-json\/wp\/v2\/types\/product"}],"author":[{"embeddable":true,"href":"https:\/\/www.meatprocessingmachine.org\/fr\/wp-json\/wp\/v2\/users\/1"}],"wp:featuredmedia":[{"embeddable":true,"href":"https:\/\/www.meatprocessingmachine.org\/fr\/wp-json\/wp\/v2\/media\/43"}],"wp:attachment":[{"href":"https:\/\/www.meatprocessingmachine.org\/fr\/wp-json\/wp\/v2\/media?parent=122"}],"wp:term":[{"taxonomy":"product-type","embeddable":true,"href":"https:\/\/www.meatprocessingmachine.org\/fr\/wp-json\/wp\/v2\/product-type?post=122"}],"curies":[{"name":"wp","href":"https:\/\/api.w.org\/{rel}","templated":true}]}}