{"id":128,"date":"2018-10-25T06:51:15","date_gmt":"2018-10-24T22:51:15","guid":{"rendered":"http:\/\/www.meatprocessingmachine.org\/?p=128"},"modified":"2026-02-12T16:41:13","modified_gmt":"2026-02-12T08:41:13","slug":"sausage-binding-tying-machine","status":"publish","type":"product","link":"https:\/\/www.meatprocessingmachine.org\/fr\/sausage-binding-tying-machine.html","title":{"rendered":"Machine \u00e0 fil de liaison pour saucisses"},"content":{"rendered":"<div class=\"kk-star-ratings kksr-auto kksr-align-right kksr-valign-top\"     data-payload='{&quot;align&quot;:&quot;right&quot;,&quot;id&quot;:&quot;128&quot;,&quot;slug&quot;:&quot;default&quot;,&quot;valign&quot;:&quot;top&quot;,&quot;ignore&quot;:&quot;&quot;,&quot;reference&quot;:&quot;auto&quot;,&quot;class&quot;:&quot;&quot;,&quot;count&quot;:&quot;0&quot;,&quot;legendonly&quot;:&quot;&quot;,&quot;readonly&quot;:&quot;&quot;,&quot;score&quot;:&quot;0&quot;,&quot;starsonly&quot;:&quot;&quot;,&quot;best&quot;:&quot;5&quot;,&quot;gap&quot;:&quot;5&quot;,&quot;greet&quot;:&quot;Rate this product&quot;,&quot;legend&quot;:&quot;0\\\/5 - (0 vote)&quot;,&quot;size&quot;:&quot;24&quot;,&quot;title&quot;:&quot;Sausage Binding Wire Machine&quot;,&quot;width&quot;:&quot;0&quot;,&quot;_legend&quot;:&quot;{score}\\\/{best} - ({count} {votes})&quot;,&quot;font_factor&quot;:&quot;1.25&quot;}'>              <div class=\"kksr-stars\">      <div class=\"kksr-stars-inactive\">             <div class=\"kksr-star\" data-star=\"1\" style=\"padding-right: 5px\">               <div class=\"kksr-icon\" style=\"width: 24px; height: 24px;\"><\/div>         <\/div>             <div class=\"kksr-star\" data-star=\"2\" style=\"padding-right: 5px\">               <div class=\"kksr-icon\" style=\"width: 24px; height: 24px;\"><\/div>         <\/div>             <div class=\"kksr-star\" data-star=\"3\" style=\"padding-right: 5px\">               <div class=\"kksr-icon\" style=\"width: 24px; height: 24px;\"><\/div>         <\/div>             <div class=\"kksr-star\" data-star=\"4\" style=\"padding-right: 5px\">               <div class=\"kksr-icon\" style=\"width: 24px; height: 24px;\"><\/div>         <\/div>             <div class=\"kksr-star\" data-star=\"5\" style=\"padding-right: 5px\">               <div class=\"kksr-icon\" style=\"width: 24px; height: 24px;\"><\/div>         <\/div>     <\/div>      <div class=\"kksr-stars-active\" style=\"width: 0px;\">             <div class=\"kksr-star\" style=\"padding-right: 5px\">               <div class=\"kksr-icon\" style=\"width: 24px; height: 24px;\"><\/div>         <\/div>             <div class=\"kksr-star\" style=\"padding-right: 5px\">               <div class=\"kksr-icon\" style=\"width: 24px; height: 24px;\"><\/div>         <\/div>             <div class=\"kksr-star\" style=\"padding-right: 5px\">               <div class=\"kksr-icon\" style=\"width: 24px; height: 24px;\"><\/div>         <\/div>             <div class=\"kksr-star\" style=\"padding-right: 5px\">               <div class=\"kksr-icon\" style=\"width: 24px; height: 24px;\"><\/div>         <\/div>             <div class=\"kksr-star\" style=\"padding-right: 5px\">               <div class=\"kksr-icon\" style=\"width: 24px; height: 24px;\"><\/div>         <\/div>     <\/div> <\/div>                   <div class=\"kksr-legend\" style=\"font-size: 19.2px;\">             <span class=\"kksr-muted\">\u00c9valuez ce produit<\/span>     <\/div>     <\/div>  <p class=\"translation-block\"><span class=\"transSent\" data-group=\"0-0\">La machine de tendeur et de fil de liaison pour saucisses Taizy est utilis\u00e9e pour la quantification et la segmentation des produits intestinaux.<\/span> <span class=\"transSent\" data-group=\"0-0\">Il existe des versions automatique et semi-automatique dans notre entreprise. Les utilisateurs peuvent choisir l\u2019\u00e9quipement adapt\u00e9 en fonction de l\u2019uniformit\u00e9 de la production et des boyaux.<\/span> Il s'agit d'une machine n\u00e9cessaire dans la <a href=\"https:\/\/www.meatprocessingmachine.org\/fr\/sausage-production-line-for-sausage-making.html\/\">ligne de production de saucisses<\/a>.<\/p>    <h2 class=\"wp-block-heading\" id=\"h-introduction-of-the-sausage-binding-wire-machine\">Introduction de la machine \u00e0 liage de saucisses<\/h2>    <ol class=\"wp-block-list\"> <li>La machine \u00e0 liage de saucisses est en acier inoxydable. Sa structure est compacte, et elle est facile \u00e0 utiliser, pratique et esth\u00e9tique. C'est un \u00e9quipement id\u00e9al pour <a href=\"https:\/\/en.wikipedia.org\/wiki\/Sausage\" target=\"_blank\" rel=\"noopener\">saucisse<\/a>et intestins.<\/li>    <li>La machine \u00e0 fil de liaison de saucisse adopte un moteur servo import\u00e9 avanc\u00e9 et un nouveau syst\u00e8me de contr\u00f4le d'interface homme-machine propre \u00e0 l'entreprise, qui pr\u00e9sente les avantages d'une haute efficacit\u00e9, d'un contr\u00f4le facile et d'une \u00e9conomie de mat\u00e9riaux de production.<\/li>    <li>La longueur et le diam\u00e8tre du produit peuvent \u00eatre r\u00e9gl\u00e9s selon les exigences du client.<\/li> <\/ol>    <figure class=\"wp-block-image size-full is-resized\"><img loading=\"lazy\" decoding=\"async\" width=\"800\" height=\"800\" src=\"https:\/\/www.meatprocessingmachine.org\/wp-content\/uploads\/2020\/06\/sausage-binding-wire-machine-1.jpg\" alt=\"machine \u00e0 fil de liage de saucisse\" class=\"wp-image-534\" style=\"object-fit:cover;width:720px;height:540px\" title=\"\" srcset=\"https:\/\/www.meatprocessingmachine.org\/wp-content\/uploads\/2020\/06\/sausage-binding-wire-machine-1.jpg 800w, https:\/\/www.meatprocessingmachine.org\/wp-content\/uploads\/2020\/06\/sausage-binding-wire-machine-1-300x300.jpg 300w, https:\/\/www.meatprocessingmachine.org\/wp-content\/uploads\/2020\/06\/sausage-binding-wire-machine-1-150x150.jpg 150w, https:\/\/www.meatprocessingmachine.org\/wp-content\/uploads\/2020\/06\/sausage-binding-wire-machine-1-768x768.jpg 768w\" sizes=\"auto, (max-width: 800px) 100vw, 800px\" \/><figcaption class=\"wp-element-caption\">Machine \u00e0 fil de liaison pour saucisses<\/figcaption><\/figure>    <h2 class=\"wp-block-heading\" id=\"h-advantages-of-the-sausage-binding-wire-machine\">Avantages de la machine \u00e0 liage de saucisses<\/h2>    <ol class=\"wp-block-list\"> <li>L'intensit\u00e9 de travail des ouvriers est r\u00e9duite. L'op\u00e9rateur n'a besoin que de placer l'intestin de remplissage dans le port d'alimentation de la machine, et la machine compl\u00e9tera automatiquement le processus d'alimentation et de liaison de la saucisse.<\/li>    <li>Am\u00e9liore consid\u00e9rablement l'efficacit\u00e9 de production des saucisses, qui peut \u00eatre r\u00e9gl\u00e9e arbitrairement selon les exigences du client.<\/li>    <li>Il est propre et respectueux de l'environnement car l'\u00e9quipement est principalement en acier inoxydable, ce qui est adapt\u00e9 \u00e0 l'alimentation. La saucisse ne entre pas en contact avec d'autres m\u00e9taux pendant le processus de production.<\/li>    <li>La machine est facile \u00e0 utiliser. Apr\u00e8s avoir r\u00e9gl\u00e9 la longueur et la vitesse, la machine peut effectuer tout le travail automatiquement et efficacement.<\/li>    <li>Par cons\u00e9quent, les proc\u00e9dures de fabrication des saucisses sont plus conformes aux exigences d'hygi\u00e8ne de plus en plus strictes des consommateurs.<\/li> <\/ol>    <figure class=\"wp-block-image size-full is-resized\"><img loading=\"lazy\" decoding=\"async\" width=\"750\" height=\"750\" src=\"https:\/\/www.meatprocessingmachine.org\/wp-content\/uploads\/2018\/10\/sausage1.jpg\" alt=\"machine \u00e0 lier les saucisses\" class=\"wp-image-147\" style=\"object-fit:cover;width:720px;height:540px\" title=\"\" srcset=\"https:\/\/www.meatprocessingmachine.org\/wp-content\/uploads\/2018\/10\/sausage1.jpg 750w, https:\/\/www.meatprocessingmachine.org\/wp-content\/uploads\/2018\/10\/sausage1-150x150.jpg 150w, https:\/\/www.meatprocessingmachine.org\/wp-content\/uploads\/2018\/10\/sausage1-300x300.jpg 300w\" sizes=\"auto, (max-width: 750px) 100vw, 750px\" \/><figcaption class=\"wp-element-caption\">Machine \u00e0 liage de saucisses<\/figcaption><\/figure>    <h2 class=\"wp-block-heading\" id=\"h-technical-parameter-of-sausage-binding-wire-machine\">Param\u00e8tre technique de la machine \u00e0 ligaturer les saucisses.<\/h2>    <figure class=\"wp-block-table\"><table><tbody><tr><td><strong>Mod\u00e8le<\/strong><\/td><td><strong>TZ-100<\/strong><\/td><td><strong>TZ-200<\/strong><\/td><\/tr><tr><td><strong>Op\u00e9ration<\/strong><\/td><td><strong>Semi-automatique<\/strong><\/td><td><strong>Enti\u00e8rement automatique<\/strong><\/td><\/tr><tr><td><strong>Diam\u00e8tre de saucisse appropri\u00e9<\/strong><\/td><td><strong>9~35mm<\/strong><\/td><td><strong>9~30mm<\/strong><\/td><\/tr><tr><td><strong>Longueur du corps de la saucisse<\/strong><\/td><td><strong>30~300mm<\/strong><\/td><td><strong>R\u00e9glable<\/strong><\/td><\/tr><tr><td><strong>Capacit\u00e9<\/strong><\/td><td><strong>10~100pcs\/min<\/strong><\/td><td><strong>3600pcs\/h<\/strong><\/td><\/tr><tr><td><strong>Dimension<\/strong><\/td><td><strong>1100*500*900mm<\/strong><\/td><td><strong>1080*620*1125mm<\/strong><\/td><\/tr><tr><td><strong>Poids<\/strong><\/td><td><strong>100 kg<\/strong><\/td><td><strong>100 kg<\/strong><\/td><\/tr><\/tbody><\/table><figcaption class=\"wp-element-caption\">machine \u00e0 lier les saucisses<\/figcaption><\/figure>    <p>Les boyaux en prot\u00e9ine sont adapt\u00e9s aux machines de ligature enti\u00e8rement automatiques. Les boyaux d'origine animale sont plus adapt\u00e9s aux machines de ligature semi-automatiques. Si vous souhaitez obtenir plus d'informations sur la machine, n'h\u00e9sitez pas \u00e0 nous contacter.<\/p>","protected":false},"excerpt":{"rendered":"<p>La machine \u00e0 liage de saucisses Taizy est utilis\u00e9e pour la quantification et le segmentage des produits intestinaux. Il existe des mod\u00e8les automatiques et semi-automatiques dans notre entreprise. <\/p>","protected":false},"author":1,"featured_media":148,"parent":0,"template":"","product-type":[598],"class_list":["post-128","product","type-product","status-publish","has-post-thumbnail","hentry","product-type-supporting-auxiliary-equipment"],"_links":{"self":[{"href":"https:\/\/www.meatprocessingmachine.org\/fr\/wp-json\/wp\/v2\/product\/128","targetHints":{"allow":["GET"]}}],"collection":[{"href":"https:\/\/www.meatprocessingmachine.org\/fr\/wp-json\/wp\/v2\/product"}],"about":[{"href":"https:\/\/www.meatprocessingmachine.org\/fr\/wp-json\/wp\/v2\/types\/product"}],"author":[{"embeddable":true,"href":"https:\/\/www.meatprocessingmachine.org\/fr\/wp-json\/wp\/v2\/users\/1"}],"wp:featuredmedia":[{"embeddable":true,"href":"https:\/\/www.meatprocessingmachine.org\/fr\/wp-json\/wp\/v2\/media\/148"}],"wp:attachment":[{"href":"https:\/\/www.meatprocessingmachine.org\/fr\/wp-json\/wp\/v2\/media?parent=128"}],"wp:term":[{"taxonomy":"product-type","embeddable":true,"href":"https:\/\/www.meatprocessingmachine.org\/fr\/wp-json\/wp\/v2\/product-type?post=128"}],"curies":[{"name":"wp","href":"https:\/\/api.w.org\/{rel}","templated":true}]}}