{"id":1346,"date":"2021-06-10T17:20:03","date_gmt":"2021-06-10T09:20:03","guid":{"rendered":"https:\/\/www.meatprocessingmachine.org\/?p=1346"},"modified":"2026-02-12T16:03:33","modified_gmt":"2026-02-12T08:03:33","slug":"chicken-cutter-machinechicken-cubing-machine","status":"publish","type":"product","link":"https:\/\/www.meatprocessingmachine.org\/fr\/chicken-cutter-machinechicken-cubing-machine.html","title":{"rendered":"Machine de d\u00e9coupe de poulet \u00e0 vendre | machine \u00e0 couper la viande"},"content":{"rendered":"<div class=\"kk-star-ratings kksr-auto kksr-align-right kksr-valign-top\"     data-payload='{&quot;align&quot;:&quot;right&quot;,&quot;id&quot;:&quot;1346&quot;,&quot;slug&quot;:&quot;default&quot;,&quot;valign&quot;:&quot;top&quot;,&quot;ignore&quot;:&quot;&quot;,&quot;reference&quot;:&quot;auto&quot;,&quot;class&quot;:&quot;&quot;,&quot;count&quot;:&quot;0&quot;,&quot;legendonly&quot;:&quot;&quot;,&quot;readonly&quot;:&quot;&quot;,&quot;score&quot;:&quot;0&quot;,&quot;starsonly&quot;:&quot;&quot;,&quot;best&quot;:&quot;5&quot;,&quot;gap&quot;:&quot;5&quot;,&quot;greet&quot;:&quot;Rate this product&quot;,&quot;legend&quot;:&quot;0\\\/5 - (0 vote)&quot;,&quot;size&quot;:&quot;24&quot;,&quot;title&quot;:&quot;Chicken cutting machine for sale | meat cutter machine&quot;,&quot;width&quot;:&quot;0&quot;,&quot;_legend&quot;:&quot;{score}\\\/{best} - ({count} {votes})&quot;,&quot;font_factor&quot;:&quot;1.25&quot;}'>              <div class=\"kksr-stars\">      <div class=\"kksr-stars-inactive\">             <div class=\"kksr-star\" data-star=\"1\" style=\"padding-right: 5px\">               <div class=\"kksr-icon\" style=\"width: 24px; height: 24px;\"><\/div>         <\/div>             <div class=\"kksr-star\" data-star=\"2\" style=\"padding-right: 5px\">               <div class=\"kksr-icon\" style=\"width: 24px; height: 24px;\"><\/div>         <\/div>             <div class=\"kksr-star\" data-star=\"3\" style=\"padding-right: 5px\">               <div class=\"kksr-icon\" style=\"width: 24px; height: 24px;\"><\/div>         <\/div>             <div class=\"kksr-star\" data-star=\"4\" style=\"padding-right: 5px\">               <div class=\"kksr-icon\" style=\"width: 24px; height: 24px;\"><\/div>         <\/div>             <div class=\"kksr-star\" data-star=\"5\" style=\"padding-right: 5px\">               <div class=\"kksr-icon\" style=\"width: 24px; height: 24px;\"><\/div>         <\/div>     <\/div>      <div class=\"kksr-stars-active\" style=\"width: 0px;\">             <div class=\"kksr-star\" style=\"padding-right: 5px\">               <div class=\"kksr-icon\" style=\"width: 24px; height: 24px;\"><\/div>         <\/div>             <div class=\"kksr-star\" style=\"padding-right: 5px\">               <div class=\"kksr-icon\" style=\"width: 24px; height: 24px;\"><\/div>         <\/div>             <div class=\"kksr-star\" style=\"padding-right: 5px\">               <div class=\"kksr-icon\" style=\"width: 24px; height: 24px;\"><\/div>         <\/div>             <div class=\"kksr-star\" style=\"padding-right: 5px\">               <div class=\"kksr-icon\" style=\"width: 24px; height: 24px;\"><\/div>         <\/div>             <div class=\"kksr-star\" style=\"padding-right: 5px\">               <div class=\"kksr-icon\" style=\"width: 24px; height: 24px;\"><\/div>         <\/div>     <\/div> <\/div>                   <div class=\"kksr-legend\" style=\"font-size: 19.2px;\">             <span class=\"kksr-muted\">\u00c9valuez ce produit<\/span>     <\/div>     <\/div>  <p>La machine \u00e0 d\u00e9couper le poulet peut couper le poulet, le canard et le poisson en morceaux. Elle ne coupe pas seulement la viande fra\u00eeche mais aussi la viande congel\u00e9e. Simulant l'\u00e9tat de la d\u00e9coupe manuelle de la viande, elle ne produira pas de viande hach\u00e9e. Elle est propre, hygi\u00e9nique et simple \u00e0 utiliser.<\/p>    <p class=\"translation-block\">Ainsi, elle convient \u00e0 une utilisation dans les usines de transformation alimentaire et les grandes cantines. Les abattoirs, le traitement individuel, les supermarch\u00e9s, les restaurants et d'autres lieux peuvent \u00e9galement \u00eatre utilis\u00e9s.<\/p>    <h2 class=\"wp-block-heading\">Affichage de travail de la machine \u00e0 d\u00e9couper le poulet<\/h2>    <figure class=\"wp-block-embed is-type-video is-provider-youtube wp-block-embed-youtube wp-embed-aspect-16-9 wp-has-aspect-ratio\"><div class=\"wp-block-embed__wrapper\"> <iframe loading=\"lazy\" title=\"machine \u00e0 couper le poulet | machine de d\u00e9coupe de poulet | machine \u00e0 couper le poulet en d\u00e9s | trancheuse \u00e0 poulet\" width=\"500\" height=\"281\" src=\"https:\/\/www.youtube.com\/embed\/H23aHETKtas?feature=oembed\" frameborder=\"0\" allow=\"accelerometer; autoplay; clipboard-write; encrypted-media; gyroscope; picture-in-picture; web-share\" referrerpolicy=\"strict-origin-when-cross-origin\" allowfullscreen><\/iframe> <\/div><figcaption class=\"wp-element-caption\">Machine \u00e0 couper le poulet<\/figcaption><\/figure>    <h2 class=\"wp-block-heading\" id=\"h-advantages-of-the-chicken-cutter-machine\">Avantages de la machine \u00e0 d\u00e9couper le poulet<\/h2>    <ol class=\"wp-block-list\"> <li>La machine \u00e0 d\u00e9couper le poulet peut mettre un poulet entier, un canard entier ou une oie enti\u00e8re directement. Cela offre \u00e0 notre usine de transformation un grand confort, r\u00e9duit les co\u00fbts de transformation et fait gagner du temps et des efforts. Elle peut apporter une grande aide dans le processus de production et de transformation.<\/li>    <li>La machine \u00e0 d\u00e9couper la viande de poulet est fabriqu\u00e9e en acier inoxydable 304, ce qui pr\u00e9sente l'avantage d'\u00eatre robuste et durable.<\/li>    <li>Cette machine peut non seulement d\u00e9couper du poulet, mais aussi de l'agneau, du porc, du b\u0153uf et de nombreuses autres viandes.<\/li>    <li>Le coupeur de viande de poulet adopte une technologie de d\u00e9coupe avanc\u00e9e, qui peut rapidement et pr\u00e9cis\u00e9ment couper la viande de poulet en morceaux de taille uniforme.<\/li>    <li>La machine \u00e0 d\u00e9couper la viande de poulet est simple \u00e0 utiliser et facile \u00e0 manipuler. Un seul op\u00e9rateur est n\u00e9cessaire pour mettre manuellement le poulet sur le tapis roulant, et la machine effectuera automatiquement le travail de d\u00e9coupe et de transport.<\/li>    <li>La partie de d\u00e9coupe de la machine est con\u00e7ue avec des protections, ce qui peut \u00e9viter efficacement les blessures accidentelles pendant l'utilisation.<\/li> <\/ol>    <h2 class=\"wp-block-heading\">Param\u00e8tres de la machine \u00e0 d\u00e9couper le poulet<\/h2>    <ul class=\"wp-block-list\"> <li>Capacit\u00e9 : 600-800kg\/h &nbsp;<\/li>    <li>Puissance : 2,2kw &nbsp;&nbsp;<\/li>    <li>Tension : 220v &nbsp;<\/li>    <li>Dimensions : 1300*600*1050mm &nbsp;&nbsp;<\/li>    <li>Poids : 240 kg<\/li> <\/ul>    <h2 class=\"wp-block-heading\" id=\"h-advantages-of-the-chicken-cutter-machine\">Caract\u00e9ristiques de la machine \u00e0 couper le poulet en d\u00e9s<\/h2>    <figure class=\"wp-block-image size-large is-resized\"><img loading=\"lazy\" decoding=\"async\" width=\"729\" height=\"774\" src=\"https:\/\/www.meatprocessingmachine.org\/wp-content\/uploads\/2021\/06\/d59431659ce79e1ceacf222d82589ce.png\" alt=\"\" class=\"wp-image-1364\" style=\"object-fit:cover;width:720px;height:540px\" title=\"\" srcset=\"https:\/\/www.meatprocessingmachine.org\/wp-content\/uploads\/2021\/06\/d59431659ce79e1ceacf222d82589ce.png 729w, https:\/\/www.meatprocessingmachine.org\/wp-content\/uploads\/2021\/06\/d59431659ce79e1ceacf222d82589ce-283x300.png 283w\" sizes=\"auto, (max-width: 729px) 100vw, 729px\" \/><figcaption><\/figcaption><\/figure>    <p>Lorsque la machine coupe les mati\u00e8res premi\u00e8res, il n'y a pas de perte de viande, pas de viande hach\u00e9e, et la surface de coupe est tr\u00e8s lisse et soign\u00e9e. Il est pratique pour la vente directe apr\u00e8s traitement. De plus, la machine \u00e0 couper le poulet simule la d\u00e9coupe manuelle en sections, la qualit\u00e9 est meilleure que celle de la d\u00e9coupe manuelle, et la longueur de coupe peut \u00eatre ajust\u00e9e, ce qui est tr\u00e8s pratique. La vitesse de travail de la machine \u00e0 couper le poulet est de 60 fois par minute, ce qui offre une grande efficacit\u00e9 de travail.<\/p>    <h2 class=\"wp-block-heading\" id=\"h-the-structure-of-the-chicken-cubing-machine\">La structure de la machine \u00e0 couper le poulet en d\u00e9s<\/h2>    <figure class=\"wp-block-image size-full is-resized\"><img loading=\"lazy\" decoding=\"async\" width=\"714\" height=\"621\" src=\"https:\/\/www.meatprocessingmachine.org\/wp-content\/uploads\/2021\/09\/Chicken-Cutting-Machine.png\" alt=\"D\u00e9tails de la machine \u00e0 d\u00e9couper le poulet\" class=\"wp-image-1941\" style=\"object-fit:cover;width:720px;height:540px\" title=\"\" srcset=\"https:\/\/www.meatprocessingmachine.org\/wp-content\/uploads\/2021\/09\/Chicken-Cutting-Machine.png 714w, https:\/\/www.meatprocessingmachine.org\/wp-content\/uploads\/2021\/09\/Chicken-Cutting-Machine-300x261.png 300w\" sizes=\"auto, (max-width: 714px) 100vw, 714px\" \/><figcaption class=\"wp-element-caption\">D\u00e9tails de la machine \u00e0 d\u00e9couper le poulet<\/figcaption><\/figure>    <p>Le produit est principalement compos\u00e9 d'un ch\u00e2ssis, d'un moteur, d'un tapis roulant, de couteaux, etc. Le mat\u00e9riau du couteau de la machine \u00e0 d\u00e9couper le poulet est le 75cr1. Avant tout, ce mat\u00e9riau est s\u00fbr et r\u00e9sistant \u00e0 l'usure. Par exemple, il peut \u00eatre utilis\u00e9 longtemps sans rouiller. Il existe deux types de ceintures diff\u00e9rents pour les machines \u00e0 d\u00e9couper le poulet.<\/p>    <h2 class=\"wp-block-heading\" id=\"h-chain-conveyor-belt\">Convoyeur \u00e0 cha\u00eene de la machine \u00e0 d\u00e9couper le poulet <\/h2>    <p>La ceinture de contact alimentaire est un panneau en PE, qui est s\u00fbr au contact des aliments. De plus, le tapis roulant est sectionn\u00e9 par sections, et la viande peut se s\u00e9parer au port de d\u00e9charge pour \u00e9viter l'adh\u00e9rence.<\/p>    <figure class=\"wp-block-image size-full is-resized\"><img loading=\"lazy\" decoding=\"async\" width=\"720\" height=\"540\" src=\"https:\/\/www.meatprocessingmachine.org\/wp-content\/uploads\/2021\/09\/Chicken-Cutting-Machine-4.jpg\" alt=\"Machine \u00e0 couper le poulet\" class=\"wp-image-1940\" style=\"object-fit:cover;width:720px;height:540px\" title=\"\" srcset=\"https:\/\/www.meatprocessingmachine.org\/wp-content\/uploads\/2021\/09\/Chicken-Cutting-Machine-4.jpg 720w, https:\/\/www.meatprocessingmachine.org\/wp-content\/uploads\/2021\/09\/Chicken-Cutting-Machine-4-300x225.jpg 300w\" sizes=\"auto, (max-width: 720px) 100vw, 720px\" \/><figcaption class=\"wp-element-caption\">Machine \u00e0 couper le poulet<\/figcaption><\/figure>    <h2 class=\"wp-block-heading\" id=\"h-what-can-the-chicken-cutter-machine-cut\">Que peut couper la machine \u00e0 d\u00e9couper le poulet ?<\/h2>    <p>La machine \u00e0 couper le poulet est principalement adapt\u00e9e pour couper la viande cartilagineuse, comme le poulet entier, le canard et le poisson. De plus, elle peut traiter diverses viandes congel\u00e9es ou fra\u00eeches. Ainsi, l'applicabilit\u00e9 de la machine \u00e0 couper le poulet est tr\u00e8s large. Elle peut \u00eatre directement form\u00e9e en blocs. Tout en \u00e9conomisant de la main-d'\u0153uvre, elle est \u00e9galement plus propre et hygi\u00e9nique et a une grande efficacit\u00e9 de travail.<\/p>    <figure class=\"wp-block-image size-large is-resized\"><img loading=\"lazy\" decoding=\"async\" width=\"1024\" height=\"768\" src=\"https:\/\/www.meatprocessingmachine.org\/wp-content\/uploads\/2021\/09\/Cut-chicken-stock-1024x768.jpg\" alt=\"machine \u00e0 couper le poulet\" class=\"wp-image-1942\" style=\"object-fit:cover;width:720px;height:540px\" title=\"\" srcset=\"https:\/\/www.meatprocessingmachine.org\/wp-content\/uploads\/2021\/09\/Cut-chicken-stock-1024x768.jpg 1024w, https:\/\/www.meatprocessingmachine.org\/wp-content\/uploads\/2021\/09\/Cut-chicken-stock-300x225.jpg 300w, https:\/\/www.meatprocessingmachine.org\/wp-content\/uploads\/2021\/09\/Cut-chicken-stock-768x576.jpg 768w, https:\/\/www.meatprocessingmachine.org\/wp-content\/uploads\/2021\/09\/Cut-chicken-stock-1536x1152.jpg 1536w, https:\/\/www.meatprocessingmachine.org\/wp-content\/uploads\/2021\/09\/Cut-chicken-stock-2048x1536.jpg 2048w\" sizes=\"auto, (max-width: 1024px) 100vw, 1024px\" \/><figcaption class=\"wp-element-caption\">  Machine \u00e0 couper le poulet <\/figcaption><\/figure>    <h2 class=\"wp-block-heading\" id=\"h-advantages-of-the-chicken-cutter-machine\">L'emballage de la machine \u00e0 d\u00e9couper le poulet<\/h2>    <p class=\"translation-block\">Les machines coupe-poulet sont emball\u00e9es dans des caisses en bois lors du transport, ce qui a pour but de prot\u00e9ger le corps des dommages. Notre entreprise poss\u00e8de une tr\u00e8s bonne exp\u00e9rience dans l\u2019exportation, et du personnel sp\u00e9cialis\u00e9 suivra le processus de transport. Par ailleurs, notre entreprise dispose \u00e9galement de nombreuses autres machines, telles que des machines de coupe et de d\u00e9coupe, <a href=\"https:\/\/www.meatprocessingmachine.org\/fr\/meat-roll-cutting-machine.html\/\" data-type=\"URL\" data-id=\"https:\/\/www.meatprocessingmachine.org\/meat-roll-cutting-machine.html\">machines \u00e0 rouler et couper la viande<\/a>, et des <a href=\"https:\/\/www.meatprocessingmachine.org\/fr\/sausage-binding-tying-machine.html\/\" data-type=\"URL\" data-id=\"https:\/\/www.meatprocessingmachine.org\/sausage-binding-tying-machine.html\">machines \u00e0 saucisses<\/a>. Bienvenue pour nous contacter.<\/p>","protected":false},"excerpt":{"rendered":"<p>La machine \u00e0 couper le poulet peut couper le poulet, le canard, l'oie, le poisson, diverses viandes congel\u00e9es et de la viande fra\u00eeche en blocs, simulant l'\u00e9tat de la coupe manuelle de la viande, et ne produira pas de viande hach\u00e9e. Elle est propre et hygi\u00e9nique, simple \u00e0 utiliser, et convient \u00e0 la transformation alimentaire. Utilis\u00e9e dans les usines, les grandes cantines, les abattoirs, le traitement individuel, les supermarch\u00e9s, les restaurants et d'autres lieux.<\/p>","protected":false},"author":1,"featured_media":1938,"parent":0,"template":"","product-type":[583],"class_list":["post-1346","product","type-product","status-publish","has-post-thumbnail","hentry","product-type-chicken-turkey"],"_links":{"self":[{"href":"https:\/\/www.meatprocessingmachine.org\/fr\/wp-json\/wp\/v2\/product\/1346","targetHints":{"allow":["GET"]}}],"collection":[{"href":"https:\/\/www.meatprocessingmachine.org\/fr\/wp-json\/wp\/v2\/product"}],"about":[{"href":"https:\/\/www.meatprocessingmachine.org\/fr\/wp-json\/wp\/v2\/types\/product"}],"author":[{"embeddable":true,"href":"https:\/\/www.meatprocessingmachine.org\/fr\/wp-json\/wp\/v2\/users\/1"}],"wp:featuredmedia":[{"embeddable":true,"href":"https:\/\/www.meatprocessingmachine.org\/fr\/wp-json\/wp\/v2\/media\/1938"}],"wp:attachment":[{"href":"https:\/\/www.meatprocessingmachine.org\/fr\/wp-json\/wp\/v2\/media?parent=1346"}],"wp:term":[{"taxonomy":"product-type","embeddable":true,"href":"https:\/\/www.meatprocessingmachine.org\/fr\/wp-json\/wp\/v2\/product-type?post=1346"}],"curies":[{"name":"wp","href":"https:\/\/api.w.org\/{rel}","templated":true}]}}