{"id":1448,"date":"2021-06-25T09:52:29","date_gmt":"2021-06-25T01:52:29","guid":{"rendered":"https:\/\/www.meatprocessingmachine.org\/?p=1448"},"modified":"2026-02-12T16:44:14","modified_gmt":"2026-02-12T08:44:14","slug":"meatball-making-machinemeatball-forming-machine","status":"publish","type":"product","link":"https:\/\/www.meatprocessingmachine.org\/fr\/meatball-making-machinemeatball-forming-machine.html","title":{"rendered":"Machine \u00e0 faire des boulettes de viande | Machine \u00e0 former des boulettes de viande"},"content":{"rendered":"<div class=\"kk-star-ratings kksr-auto kksr-align-right kksr-valign-top\"     data-payload='{&quot;align&quot;:&quot;right&quot;,&quot;id&quot;:&quot;1448&quot;,&quot;slug&quot;:&quot;default&quot;,&quot;valign&quot;:&quot;top&quot;,&quot;ignore&quot;:&quot;&quot;,&quot;reference&quot;:&quot;auto&quot;,&quot;class&quot;:&quot;&quot;,&quot;count&quot;:&quot;0&quot;,&quot;legendonly&quot;:&quot;&quot;,&quot;readonly&quot;:&quot;&quot;,&quot;score&quot;:&quot;0&quot;,&quot;starsonly&quot;:&quot;&quot;,&quot;best&quot;:&quot;5&quot;,&quot;gap&quot;:&quot;5&quot;,&quot;greet&quot;:&quot;Rate this product&quot;,&quot;legend&quot;:&quot;0\\\/5 - (0 vote)&quot;,&quot;size&quot;:&quot;24&quot;,&quot;title&quot;:&quot;Meatball Making Machine | Meatball Forming Machine&quot;,&quot;width&quot;:&quot;0&quot;,&quot;_legend&quot;:&quot;{score}\\\/{best} - ({count} {votes})&quot;,&quot;font_factor&quot;:&quot;1.25&quot;}'>              <div class=\"kksr-stars\">      <div class=\"kksr-stars-inactive\">             <div class=\"kksr-star\" data-star=\"1\" style=\"padding-right: 5px\">               <div class=\"kksr-icon\" style=\"width: 24px; height: 24px;\"><\/div>         <\/div>             <div class=\"kksr-star\" data-star=\"2\" style=\"padding-right: 5px\">               <div class=\"kksr-icon\" style=\"width: 24px; height: 24px;\"><\/div>         <\/div>             <div class=\"kksr-star\" data-star=\"3\" style=\"padding-right: 5px\">               <div class=\"kksr-icon\" style=\"width: 24px; height: 24px;\"><\/div>         <\/div>             <div class=\"kksr-star\" data-star=\"4\" style=\"padding-right: 5px\">               <div class=\"kksr-icon\" style=\"width: 24px; height: 24px;\"><\/div>         <\/div>             <div class=\"kksr-star\" data-star=\"5\" style=\"padding-right: 5px\">               <div class=\"kksr-icon\" style=\"width: 24px; height: 24px;\"><\/div>         <\/div>     <\/div>      <div class=\"kksr-stars-active\" style=\"width: 0px;\">             <div class=\"kksr-star\" style=\"padding-right: 5px\">               <div class=\"kksr-icon\" style=\"width: 24px; height: 24px;\"><\/div>         <\/div>             <div class=\"kksr-star\" style=\"padding-right: 5px\">               <div class=\"kksr-icon\" style=\"width: 24px; height: 24px;\"><\/div>         <\/div>             <div class=\"kksr-star\" style=\"padding-right: 5px\">               <div class=\"kksr-icon\" style=\"width: 24px; height: 24px;\"><\/div>         <\/div>             <div class=\"kksr-star\" style=\"padding-right: 5px\">               <div class=\"kksr-icon\" style=\"width: 24px; height: 24px;\"><\/div>         <\/div>             <div class=\"kksr-star\" style=\"padding-right: 5px\">               <div class=\"kksr-icon\" style=\"width: 24px; height: 24px;\"><\/div>         <\/div>     <\/div> <\/div>                   <div class=\"kksr-legend\" style=\"font-size: 19.2px;\">             <span class=\"kksr-muted\">\u00c9valuez ce produit<\/span>     <\/div>     <\/div>  <p>La machine \u00e0 boulettes de viande est une machine qui peut former des boulettes de viande en forme de boule. La machine \u00e0 boulettes de viande commerciale peut utiliser de nombreux ingr\u00e9dients. Vous pouvez utiliser diff\u00e9rents types de viande, tels que le porc, le b\u0153uf, l'agneau, le poisson et les fruits de mer. Vous pouvez \u00e9galement ajouter des pommes de terre et d'autres l\u00e9gumes. <\/p>    <p>De plus, la machine \u00e0 fabriquer des boulettes de viande simule le principe des boulettes de viande artificielles. Apr\u00e8s leur fabrication, elles sont frites ou cuites \u00e0 la vapeur pour en faire de la nourriture. Notre machine commerciale \u00e0 boulettes de viande peut vous aider \u00e0 r\u00e9aliser diff\u00e9rentes saveurs de boulettes. Nous d\u00e9crirons cette machine en d\u00e9tail dans cet article.<\/p>    <figure class=\"wp-block-image size-large\"><img loading=\"lazy\" decoding=\"async\" width=\"750\" height=\"750\" src=\"https:\/\/www.meatprocessingmachine.org\/wp-content\/uploads\/2021\/06\/6-1.jpg\" alt=\"Machine \u00e0 boulettes de viande\" class=\"wp-image-1460\" title=\"\" srcset=\"https:\/\/www.meatprocessingmachine.org\/wp-content\/uploads\/2021\/06\/6-1.jpg 750w, https:\/\/www.meatprocessingmachine.org\/wp-content\/uploads\/2021\/06\/6-1-300x300.jpg 300w, https:\/\/www.meatprocessingmachine.org\/wp-content\/uploads\/2021\/06\/6-1-150x150.jpg 150w\" sizes=\"auto, (max-width: 750px) 100vw, 750px\" \/><figcaption><\/figcaption><\/figure>    <h2 class=\"wp-block-heading\">Vid\u00e9o montrant la machine \u00e0 former des boulettes de viande<\/h2>    <figure class=\"wp-block-embed is-type-video is-provider-youtube wp-block-embed-youtube wp-embed-aspect-4-3 wp-has-aspect-ratio\"><div class=\"wp-block-embed__wrapper\"> <iframe loading=\"lazy\" title=\"machine \u00e0 boulettes de viandeMachine \u00e0 former des boulettes de viande machine \u00e0 boulettes de viande\" width=\"500\" height=\"375\" src=\"https:\/\/www.youtube.com\/embed\/kp1zxVYV68g?feature=oembed\" frameborder=\"0\" allow=\"accelerometer; autoplay; clipboard-write; encrypted-media; gyroscope; picture-in-picture; web-share\" referrerpolicy=\"strict-origin-when-cross-origin\" allowfullscreen><\/iframe> <\/div><figcaption class=\"wp-element-caption\">Fabrication de boulettes de viande <\/figcaption><\/figure>    <h2 class=\"wp-block-heading\" id=\"h-advantages-of-meatball-machine\">Avantages de la machine \u00e0 faire des boulettes de viande<\/h2>    <ol class=\"wp-block-list\"> <li>Les boulettes ont une bonne \u00e9lasticit\u00e9 et ne se d\u00e9sagr\u00e8gent pas apr\u00e8s une longue p\u00e9riode d'\u00e9bullition<\/li>    <li>Le diam\u00e8tre des boulettes peut \u00eatre ajust\u00e9<\/li>    <li>La vitesse de sortie des boulettes est r\u00e9glable<\/li>    <li>La machine est en acier inoxydable, ce qui est plus s\u00fbr et plus durable<\/li>    <li>La machine occupe peu d'espace et peut \u00eatre plac\u00e9e de mani\u00e8re flexible<\/li> <\/ol>    <figure class=\"wp-block-image size-large\"><img loading=\"lazy\" decoding=\"async\" width=\"750\" height=\"419\" src=\"https:\/\/www.meatprocessingmachine.org\/wp-content\/uploads\/2021\/06\/meatball-machine-9.jpg\" alt=\"\" class=\"wp-image-1469\" title=\"\" srcset=\"https:\/\/www.meatprocessingmachine.org\/wp-content\/uploads\/2021\/06\/meatball-machine-9.jpg 750w, https:\/\/www.meatprocessingmachine.org\/wp-content\/uploads\/2021\/06\/meatball-machine-9-300x168.jpg 300w\" sizes=\"auto, (max-width: 750px) 100vw, 750px\" \/><figcaption><\/figcaption><\/figure>    <h2 class=\"wp-block-heading\" id=\"h-what-are-the-raw-materials-for-making-meatballs\">Quels sont les ingr\u00e9dients pour faire des boulettes de viande ?<\/h2>    <p class=\"translation-block\">Les mati\u00e8res premi\u00e8res pour faire des boulettes de viande sont tr\u00e8s riches. Elles peuvent \u00eatre du porc, du b\u0153uf, de l'agneau, du poisson, etc. comme ingr\u00e9dients principaux. Vous pouvez \u00e9galement ajouter certains ingr\u00e9dients, tels que de la chapelure, des oignons, du <a href=\"https:\/\/en.wikipedia.org\/wiki\/Cheese\" target=\"_blank\" rel=\"noopener\">fromage<\/a> ou du beurre. Parce que les mati\u00e8res premi\u00e8res qui peuvent \u00eatre ajout\u00e9es sont relativement libres, les boulettes de viande peuvent \u00eatre fabriqu\u00e9es selon les caract\u00e9ristiques locales de chaque r\u00e9gion.<\/p>    <h2 class=\"wp-block-heading\" id=\"h-meatball-machine-use-steps\">La machine \u00e0 faire des boulettes de viande utilise des \u00e9tapes<\/h2>    <p>Mettez la pr\u00e9paration de viande dans le baril de la machine \u00e0 boulettes de viande, puis allumez la machine. Ensuite, les boulettes de viande sortiront automatiquement par le port de d\u00e9charge. Lorsque les boulettes de viande sortent, elles peuvent \u00eatre directement reli\u00e9es \u00e0 la casserole pour \u00eatre frites ou bouillies. De plus, elles peuvent \u00eatre connect\u00e9es au r\u00e9servoir d'eau chaude pour un cong\u00e9lateur ult\u00e9rieur, etc., ce qui est pratique pour les ventes ult\u00e9rieures.<\/p>   <div class=\"wp-block-image\"> <figure class=\"aligncenter size-full\"><img loading=\"lazy\" decoding=\"async\" width=\"980\" height=\"375\" src=\"https:\/\/www.meatprocessingmachine.org\/wp-content\/uploads\/2021\/06\/meatball-forming-machine-details.webp\" alt=\"d\u00e9tails de la machine \u00e0 former des boulettes\" class=\"wp-image-34396\" title=\"\" srcset=\"https:\/\/www.meatprocessingmachine.org\/wp-content\/uploads\/2021\/06\/meatball-forming-machine-details.webp 980w, https:\/\/www.meatprocessingmachine.org\/wp-content\/uploads\/2021\/06\/meatball-forming-machine-details-300x115.webp 300w, https:\/\/www.meatprocessingmachine.org\/wp-content\/uploads\/2021\/06\/meatball-forming-machine-details-768x294.webp 768w, https:\/\/www.meatprocessingmachine.org\/wp-content\/uploads\/2021\/06\/meatball-forming-machine-details-18x7.webp 18w\" sizes=\"auto, (max-width: 980px) 100vw, 980px\" \/><figcaption class=\"wp-element-caption\">D\u00e9tails de la machine de formage de boulettes<\/figcaption><\/figure> <\/div>   <h2 class=\"wp-block-heading\" id=\"h-two-types-of-meatball-machines\">Deux types de machines \u00e0 former des boulettes de viande<\/h2>    <h3 class=\"wp-block-heading\" id=\"h-1-sandwich-meatballs\">Boulettes de viande pour sandwich<\/h3>    <p>La machine \u00e0 former des boulettes de viande pour sandwich peut pr\u00e9parer des garnitures et les ins\u00e9rer dans les boulettes. La peau des boulettes peut \u00eatre diff\u00e9rente des garnitures \u00e0 l'int\u00e9rieur. Ce type de boulette a un go\u00fbt plus riche. La machine fonctionne avec deux fentes en m\u00eame temps, ce qui permet de r\u00e9aliser la garniture.<\/p>    <figure class=\"wp-block-image size-large\"><img loading=\"lazy\" decoding=\"async\" width=\"750\" height=\"617\" src=\"https:\/\/www.meatprocessingmachine.org\/wp-content\/uploads\/2021\/06\/meatball-machine-2.jpg\" alt=\"Machine \u00e0 faire des boulettes de viande pour sandwich\" class=\"wp-image-1458\" title=\"\" srcset=\"https:\/\/www.meatprocessingmachine.org\/wp-content\/uploads\/2021\/06\/meatball-machine-2.jpg 750w, https:\/\/www.meatprocessingmachine.org\/wp-content\/uploads\/2021\/06\/meatball-machine-2-300x247.jpg 300w\" sizes=\"auto, (max-width: 750px) 100vw, 750px\" \/><figcaption><\/figcaption><\/figure>    <h3 class=\"wp-block-heading\" id=\"h-2-solid-meatball-machine\">Machine \u00e0 boulettes de viande solide<\/h3>    <p>La machine \u00e0 former des boulettes de viande solides n'a qu'un seul seau. Bien s\u00fbr, les boulettes de viande enti\u00e8res produites sont une sorte de mati\u00e8re premi\u00e8re, donc lorsque vous achetez la machine, vous pouvez choisir en fonction de vos produits.<\/p>    <h2 class=\"wp-block-heading\" id=\"h-meatball-machine-parameters\">Param\u00e8tres de la machine \u00e0 boulettes de viande<\/h2>    <ul class=\"wp-block-list\"> <li>Taille : 850*650*1750mm<\/li>    <li>Poids : 125kg<\/li>    <li>Tension : 220v\/380v 50hz<\/li>    <li>Puissance : 3kw<\/li>    <li>Diam\u00e8tre : moins de 40 mm<\/li>    <li>Peut faire des boulettes de viande de boeuf Capacit\u00e9 : 500-600 pcs\/minute<\/li>    <li>Taille du moule : 18+20+22+24+26 mm (la machine contient 3 pcs de moules)<\/li> <\/ul>    <h2 class=\"wp-block-heading\" id=\"h-precautions-for-making-meatballs\">Pr\u00e9cautions pour faire des boulettes de viande<\/h2>    <ul class=\"wp-block-list\"> <li>La machine \u00e0 boulettes de viande doit \u00eatre plac\u00e9e dans un endroit stable, et l'alimentation \u00e9lectrique et le fil de terre doivent \u00eatre install\u00e9s pour garantir la s\u00e9curit\u00e9.<\/li>    <li>Nettoyez-la avant utilisation, d\u00e9marrez d'abord la machine \u00e0 vide et observez le fonctionnement normal avant qu'elle puisse fonctionner.<\/li>    <li>Placez un grand bassin \u00e0 l'ouverture des boulettes, puis remplissez-le d'eau ti\u00e8de, 60~70 degr\u00e9s Celsius est appropri\u00e9<\/li>    <li>Le poids du produit est de 8 \u00e0 25 grammes\/pi\u00e8ce, et la quantit\u00e9 de remplissage ainsi que la vitesse de production peuvent \u00eatre ajust\u00e9s automatiquement. La production maximale peut atteindre 200 \u00e0 300 kg\/h, ce qui \u00e9quivaut \u00e0 l'efficacit\u00e9 de 12 \u00e0 18 travailleurs en m\u00eame temps.<\/li>    <li>La structure d'automatisation est raisonnable et peut \u00eatre op\u00e9r\u00e9e par une ou deux personnes.<\/li> <\/ul>    <h2 class=\"wp-block-heading\" id=\"h-related-meat-machines\">Machines \u00e0 viande associ\u00e9es<\/h2>    <div class=\"wp-block-columns is-layout-flex wp-container-core-columns-is-layout-9d6595d7 wp-block-columns-is-layout-flex\"> <div class=\"wp-block-column is-layout-flow wp-block-column-is-layout-flow\"> <figure class=\"wp-block-image size-full\"><a href=\"https:\/\/www.meatprocessingmachine.org\/fr\/chicken-breast-slicer-machine-meat-cutting-machinery-for-meat-slices-strips.html\/\"><img loading=\"lazy\" decoding=\"async\" width=\"720\" height=\"540\" src=\"https:\/\/www.meatprocessingmachine.org\/wp-content\/uploads\/2021\/12\/Chicken-breast-cutter-machine.png\" alt=\"Machine \u00e0 couper des poitrines de poulet\" class=\"wp-image-32518\" title=\"\" srcset=\"https:\/\/www.meatprocessingmachine.org\/wp-content\/uploads\/2021\/12\/Chicken-breast-cutter-machine.png 720w, https:\/\/www.meatprocessingmachine.org\/wp-content\/uploads\/2021\/12\/Chicken-breast-cutter-machine-300x225.png 300w\" sizes=\"auto, (max-width: 720px) 100vw, 720px\" \/><\/a><figcaption class=\"wp-element-caption\">Machine \u00e0 couper le blanc de poulet<\/figcaption><\/figure> <\/div>    <div class=\"wp-block-column is-layout-flow wp-block-column-is-layout-flow\"> <figure class=\"wp-block-image size-full\"><a href=\"https:\/\/www.meatprocessingmachine.org\/fr\/how-about-fish-fillet-machine-for-salmon.html\/\"><img loading=\"lazy\" decoding=\"async\" width=\"720\" height=\"540\" src=\"https:\/\/www.meatprocessingmachine.org\/wp-content\/uploads\/2022\/01\/fish-filleting-machine-.png\" alt=\"machine \u00e0 fileter le poisson\" class=\"wp-image-32567\" title=\"\" srcset=\"https:\/\/www.meatprocessingmachine.org\/wp-content\/uploads\/2022\/01\/fish-filleting-machine-.png 720w, https:\/\/www.meatprocessingmachine.org\/wp-content\/uploads\/2022\/01\/fish-filleting-machine--300x225.png 300w\" sizes=\"auto, (max-width: 720px) 100vw, 720px\" \/><\/a><figcaption class=\"wp-element-caption\">Machine \u00e0 fileter le poisson<\/figcaption><\/figure> <\/div> <\/div>","protected":false},"excerpt":{"rendered":"<p>La machine \u00e0 fabriquer des boulettes de viande est une machine qui peut transformer la viande en forme de boule. Vous pouvez utiliser diverses viandes et l\u00e9gumes comme mati\u00e8res premi\u00e8res.<\/p>","protected":false},"author":1,"featured_media":1660,"parent":0,"template":"","product-type":[582,583,584,598],"class_list":["post-1448","product","type-product","status-publish","has-post-thumbnail","hentry","product-type-cattle-sheep","product-type-chicken-turkey","product-type-fish","product-type-supporting-auxiliary-equipment"],"_links":{"self":[{"href":"https:\/\/www.meatprocessingmachine.org\/fr\/wp-json\/wp\/v2\/product\/1448","targetHints":{"allow":["GET"]}}],"collection":[{"href":"https:\/\/www.meatprocessingmachine.org\/fr\/wp-json\/wp\/v2\/product"}],"about":[{"href":"https:\/\/www.meatprocessingmachine.org\/fr\/wp-json\/wp\/v2\/types\/product"}],"author":[{"embeddable":true,"href":"https:\/\/www.meatprocessingmachine.org\/fr\/wp-json\/wp\/v2\/users\/1"}],"wp:featuredmedia":[{"embeddable":true,"href":"https:\/\/www.meatprocessingmachine.org\/fr\/wp-json\/wp\/v2\/media\/1660"}],"wp:attachment":[{"href":"https:\/\/www.meatprocessingmachine.org\/fr\/wp-json\/wp\/v2\/media?parent=1448"}],"wp:term":[{"taxonomy":"product-type","embeddable":true,"href":"https:\/\/www.meatprocessingmachine.org\/fr\/wp-json\/wp\/v2\/product-type?post=1448"}],"curies":[{"name":"wp","href":"https:\/\/api.w.org\/{rel}","templated":true}]}}