{"id":1646,"date":"2021-08-12T17:23:30","date_gmt":"2021-08-12T09:23:30","guid":{"rendered":"https:\/\/www.meatprocessingmachine.org\/?p=1646"},"modified":"2026-02-12T16:00:37","modified_gmt":"2026-02-12T08:00:37","slug":"single-chamber-vacuum-packaging-machine","status":"publish","type":"product","link":"https:\/\/www.meatprocessingmachine.org\/fr\/single-chamber-vacuum-packaging-machine.html","title":{"rendered":"Machine de conditionnement sous vide \u00e0 chambre unique | machine de scellement sous vide"},"content":{"rendered":"<div class=\"kk-star-ratings kksr-auto kksr-align-right kksr-valign-top\"     data-payload='{&quot;align&quot;:&quot;right&quot;,&quot;id&quot;:&quot;1646&quot;,&quot;slug&quot;:&quot;default&quot;,&quot;valign&quot;:&quot;top&quot;,&quot;ignore&quot;:&quot;&quot;,&quot;reference&quot;:&quot;auto&quot;,&quot;class&quot;:&quot;&quot;,&quot;count&quot;:&quot;0&quot;,&quot;legendonly&quot;:&quot;&quot;,&quot;readonly&quot;:&quot;&quot;,&quot;score&quot;:&quot;0&quot;,&quot;starsonly&quot;:&quot;&quot;,&quot;best&quot;:&quot;5&quot;,&quot;gap&quot;:&quot;5&quot;,&quot;greet&quot;:&quot;Rate this product&quot;,&quot;legend&quot;:&quot;0\\\/5 - (0 vote)&quot;,&quot;size&quot;:&quot;24&quot;,&quot;title&quot;:&quot;Single chamber vacuum packaging machine | Vacuum sealing machine&quot;,&quot;width&quot;:&quot;0&quot;,&quot;_legend&quot;:&quot;{score}\\\/{best} - ({count} {votes})&quot;,&quot;font_factor&quot;:&quot;1.25&quot;}'>              <div class=\"kksr-stars\">      <div class=\"kksr-stars-inactive\">             <div class=\"kksr-star\" data-star=\"1\" style=\"padding-right: 5px\">               <div class=\"kksr-icon\" style=\"width: 24px; height: 24px;\"><\/div>         <\/div>             <div class=\"kksr-star\" data-star=\"2\" style=\"padding-right: 5px\">               <div class=\"kksr-icon\" style=\"width: 24px; height: 24px;\"><\/div>         <\/div>             <div class=\"kksr-star\" data-star=\"3\" style=\"padding-right: 5px\">               <div class=\"kksr-icon\" style=\"width: 24px; height: 24px;\"><\/div>         <\/div>             <div class=\"kksr-star\" data-star=\"4\" style=\"padding-right: 5px\">               <div class=\"kksr-icon\" style=\"width: 24px; height: 24px;\"><\/div>         <\/div>             <div class=\"kksr-star\" data-star=\"5\" style=\"padding-right: 5px\">               <div class=\"kksr-icon\" style=\"width: 24px; height: 24px;\"><\/div>         <\/div>     <\/div>      <div class=\"kksr-stars-active\" style=\"width: 0px;\">             <div class=\"kksr-star\" style=\"padding-right: 5px\">               <div class=\"kksr-icon\" style=\"width: 24px; height: 24px;\"><\/div>         <\/div>             <div class=\"kksr-star\" style=\"padding-right: 5px\">               <div class=\"kksr-icon\" style=\"width: 24px; height: 24px;\"><\/div>         <\/div>             <div class=\"kksr-star\" style=\"padding-right: 5px\">               <div class=\"kksr-icon\" style=\"width: 24px; height: 24px;\"><\/div>         <\/div>             <div class=\"kksr-star\" style=\"padding-right: 5px\">               <div class=\"kksr-icon\" style=\"width: 24px; height: 24px;\"><\/div>         <\/div>             <div class=\"kksr-star\" style=\"padding-right: 5px\">               <div class=\"kksr-icon\" style=\"width: 24px; height: 24px;\"><\/div>         <\/div>     <\/div> <\/div>                   <div class=\"kksr-legend\" style=\"font-size: 19.2px;\">             <span class=\"kksr-muted\">\u00c9valuez ce produit<\/span>     <\/div>     <\/div>  <p class=\"translation-block\">La machine d'emballage sous vide \u00e0 chambre unique peut extraire l'oxyg\u00e8ne du sac d'emballage pour former un \u00e9tat de vide. Cela prolonge ainsi la dur\u00e9e de conservation des aliments. Une machine de scellement sous vide automatique est adapt\u00e9e pour l'emballage des produits carn\u00e9s, <a href=\"https:\/\/en.wikipedia.org\/wiki\/Grain\" target=\"_blank\" rel=\"noopener\">c\u00e9r\u00e9ales<\/a>, m\u00e9dicaments, etc. Le scelleur sous vide \u00e0 chambre industrielle peut emp\u00eacher les aliments de moisir, tout en pr\u00e9servant la saveur d'origine des aliments, garantissant que l'humidit\u00e9 des aliments ne sera pas perdue.<\/p>    <h2 class=\"wp-block-heading\">Affichage de travail de la machine de conditionnement sous vide \u00e0 chambre unique<\/h2>    <figure class=\"wp-block-embed is-type-video is-provider-youtube wp-block-embed-youtube\"><div class=\"wp-block-embed__wrapper\"> <iframe loading=\"lazy\" title=\"Soudage sous vide commercial | Machine de conditionnement sous vide \u00e0 chambre unique | machine d&#039;emballage\" width=\"500\" height=\"281\" src=\"https:\/\/www.youtube.com\/embed\/0tZFANYuKhw?feature=oembed\" frameborder=\"0\" allow=\"accelerometer; autoplay; clipboard-write; encrypted-media; gyroscope; picture-in-picture; web-share\" referrerpolicy=\"strict-origin-when-cross-origin\" allowfullscreen><\/iframe> <\/div><figcaption class=\"wp-element-caption\">Affichage du fonctionnement de la machine \u00e0 emballer sous vide<\/figcaption><\/figure>    <h2 class=\"wp-block-heading\">Caract\u00e9ristique du scelleur sous vide de chambre industrielle<\/h2>    <ol class=\"wp-block-list\"> <li>La machine de conditionnement sous vide \u00e0 chambre unique utilise du plexiglas enti\u00e8rement transparent, et la situation d'emballage peut \u00eatre observ\u00e9e pendant l'op\u00e9ration.<\/li>    <li>La machine de conditionnement sous vide \u00e0 chambre unique peut compl\u00e9ter plusieurs \u00e9tapes telles que le vide, le scellage et l'impression en une seule fois.<\/li>    <li>Le corps est petit et facile \u00e0 d\u00e9placer.<\/li>    <li>La temp\u00e9rature de chauffage est contr\u00f4lable pendant le scellage et peut \u00eatre ajust\u00e9e en fonction de la situation sp\u00e9cifique \u00e0 tout moment.<\/li> <\/ol>    <h2 class=\"wp-block-heading\">Param\u00e8tres de la machine de conditionnement sous vide \u00e0 chambre unique<\/h2>    <figure class=\"wp-block-table\"><table><tbody><tr><td>Mod\u00e8le<\/td><td>DZ400\/2E<\/td><td>DZ500\/2E<\/td><td>DZ600\\\/2E<\/td><\/tr><tr><td>Alimentation \u00e9lectrique<\/td><td>220V\\\/110V<\/td><td>220V\\\/110V<\/td><td>220V\\\/110V<\/td><\/tr><tr><td>Puissance de la pompe \u00e0 vide<\/td><td>900W<\/td><td>900W<\/td><td>1800W<\/td><\/tr><tr><td>Puissance de scellage<\/td><td>600W<\/td><td>750W<\/td><td>1200W<\/td><\/tr><tr><td>Pression absolue la plus basse<\/td><td>1Kpa<\/td><td>1Kpa<\/td><td>1Kpa<\/td><\/tr><tr><td>Position de scellage<\/td><td>2 (bande d'\u00e9tanch\u00e9it\u00e9)<\/td><td>2 (bande d'\u00e9tanch\u00e9it\u00e9)<\/td><td>2 (bande d'\u00e9tanch\u00e9it\u00e9)<\/td><\/tr><tr><td>Taille de la chambre \u00e0 vide<\/td><td>430x420x75mm<\/td><td>530x520x75mm<\/td><td>650x620x100mm<\/td><\/tr><tr><td>Taille de scellage<\/td><td>400*10mm<\/td><td>500*10mm<\/td><td>600*10mm<\/td><\/tr><tr><td>Poids net<\/td><td>80KG<\/td><td>100 KG<\/td><td>150KG<\/td><\/tr><tr><td>Taille de la machine<\/td><td>540*500*950mm<\/td><td>580*630*1000mm<\/td><td>750*710*1000mm<\/td><\/tr><\/tbody><\/table><figcaption class=\"wp-element-caption\"> Param\u00e8tres de la machine d'emballage sous vide <\/figcaption><\/figure>    <h2 class=\"wp-block-heading\" id=\"h-operation-steps-of-single-chamber-vacuum-packaging-machine\">\u00c9tapes d'op\u00e9ration de la machine de conditionnement sous vide \u00e0 chambre unique<\/h2>    <figure class=\"wp-block-image size-full is-resized\"><img loading=\"lazy\" decoding=\"async\" width=\"750\" height=\"750\" src=\"https:\/\/www.meatprocessingmachine.org\/wp-content\/uploads\/2021\/08\/Automatic-Vacuum-Sealing-Machine.jpg\" alt=\"Machine de mise sous vide automatique\" class=\"wp-image-1649\" title=\"\" srcset=\"https:\/\/www.meatprocessingmachine.org\/wp-content\/uploads\/2021\/08\/Automatic-Vacuum-Sealing-Machine.jpg 750w, https:\/\/www.meatprocessingmachine.org\/wp-content\/uploads\/2021\/08\/Automatic-Vacuum-Sealing-Machine-300x300.jpg 300w, https:\/\/www.meatprocessingmachine.org\/wp-content\/uploads\/2021\/08\/Automatic-Vacuum-Sealing-Machine-150x150.jpg 150w\" sizes=\"auto, (max-width: 750px) 100vw, 750px\" \/><figcaption class=\"wp-element-caption\"><br>machine de scellage sous vide automatique<\/figcaption><\/figure>    <ol class=\"wp-block-list\"> <li>La machine de conditionnement sous vide \u00e0 chambre unique est principalement compos\u00e9e d'un syst\u00e8me de vide, d'un syst\u00e8me de pompage et de scellage, d'un syst\u00e8me de scellage par pression thermique et d'un syst\u00e8me de contr\u00f4le \u00e9lectrique. Cependant, le processus de fonctionnement de la machine \u00e0 vide \u00e0 chambre unique est tr\u00e8s simple.<\/li>    <li>Allumez l'alimentation : basculez l'interrupteur de s\u00e9lection de puissance si n\u00e9cessaire, c'est-\u00e0-dire que le voyant d'alimentation est allum\u00e9. L'interrupteur de s\u00e9lection de puissance doit \u00eatre positionn\u00e9 sur \"vide\" pour le scellement sous vide, et le \"chargement sous vide\" est pour le remplissage et le scellement sous vide.<\/li>    <li>Mettez le sac d'emballage avec le contenu dans la chambre \u00e0 vide, l'ouverture du sac est bien nette.<\/li>    <li>Appuyez sur le couvercle, et le voyant d'indicateur d'extraction (vide) sur le panneau s'allume. La pompe \u00e0 vide commence \u00e0 aspirer l'air, et le couvercle est automatiquement aspir\u00e9. Le bouton de vide peut ajuster le niveau de vide en fonction des exigences d'emballage. Lors de l'ajustement, l'\u00e9chelle visuelle va de bas en haut avec une petite amplitude.<\/li>    <li>Lorsque le pompage atteint le temps d\u00e9fini, c'est-\u00e0-dire le vide requis, le pompage se termine.<\/li>    <li>Lorsque le pompage est termin\u00e9, le voyant s'\u00e9teindra, le voyant de scellage thermique s'allumera et l'action d'inflation commencera.<\/li>    <li>Lors de l'ajustement des param\u00e8tres, la plage de rotation doit \u00eatre petite pour \u00e9viter que la temp\u00e9rature de scellage \u00e0 chaud n'augmente soudainement et ne br\u00fble les accessoires de scellage \u00e0 chaud.<\/li>    <li>Lorsque le temps de scellage \u00e0 chaud est atteint, le voyant d'indication de scellage \u00e0 chaud s'\u00e9teint pour indiquer la fin du scellage \u00e0 chaud, et la chambre \u00e0 vide est automatiquement connect\u00e9e \u00e0 l'atmosph\u00e8re par l'interm\u00e9diaire de la vanne sol\u00e9no\u00efde jusqu'\u00e0 ce que le couvercle soit automatiquement lev\u00e9, et le processus d'emballage sous vide est termin\u00e9, pr\u00eat pour le prochain cycle d'emballage.<\/li> <\/ol>    <figure class=\"wp-block-image size-full is-resized\"><img loading=\"lazy\" decoding=\"async\" width=\"750\" height=\"934\" src=\"https:\/\/www.meatprocessingmachine.org\/wp-content\/uploads\/2021\/08\/product-of-vacuum-packing-1.jpg\" alt=\"produit de scelleuse sous vide \u00e0 chambre industrielle \" class=\"wp-image-1653\" title=\"\" srcset=\"https:\/\/www.meatprocessingmachine.org\/wp-content\/uploads\/2021\/08\/product-of-vacuum-packing-1.jpg 750w, https:\/\/www.meatprocessingmachine.org\/wp-content\/uploads\/2021\/08\/product-of-vacuum-packing-1-241x300.jpg 241w\" sizes=\"auto, (max-width: 750px) 100vw, 750px\" \/><figcaption class=\"wp-element-caption\"><br><br>produit de scelleuse sous vide \u00e0 chambre industrielle<\/figcaption><\/figure>    <h2 class=\"wp-block-heading\">\u00c0 propos du sac d'emballage<\/h2>    <p>De nombreux clients signalent toujours que le sac d'aspiration est cass\u00e9 lors de l'utilisation de la machine d'emballage sous vide \u00e0 chambre unique. Demandez \u00e0 nos techniciens pourquoi cela se produit. Pour le dire franchement, l'\u00e9paisseur du sac d'aspiration que nous utilisons ne peut pas \u00eatre atteinte, car le vide est relativement important, donc si le sac n'atteint pas l'\u00e9paisseur lors de l'aspiration, cela entra\u00eenera des dommages. Ainsi, pour les mat\u00e9riaux d'emballage, nos exigences doivent toujours \u00eatre respect\u00e9es, afin d'assurer le bon fonctionnement de l'aspiration.<\/p>   <div class=\"wp-block-image\"> <figure class=\"aligncenter size-full is-resized\"><img loading=\"lazy\" decoding=\"async\" width=\"720\" height=\"540\" src=\"https:\/\/www.meatprocessingmachine.org\/wp-content\/uploads\/2022\/03\/sausage-vacuum-packaging-machine-1-1.png\" alt=\"machine de conditionnement sous vide \u00e0 chambre unique\" class=\"wp-image-32950\" style=\"object-fit:cover;width:720px;height:540px\" title=\"\" srcset=\"https:\/\/www.meatprocessingmachine.org\/wp-content\/uploads\/2022\/03\/sausage-vacuum-packaging-machine-1-1.png 720w, https:\/\/www.meatprocessingmachine.org\/wp-content\/uploads\/2022\/03\/sausage-vacuum-packaging-machine-1-1-300x225.png 300w\" sizes=\"auto, (max-width: 720px) 100vw, 720px\" \/><figcaption class=\"wp-element-caption\">Machine d'emballage sous vide \u00e0 chambre unique<\/figcaption><\/figure> <\/div>   <h2 class=\"wp-block-heading\">Types de machine \u00e0 emballer sous vide<\/h2>    <p class=\"translation-block\">Il existe deux types de machines d'emballage sous vide : \u00e0 chambre unique et <a href=\"https:\/\/www.meatprocessingmachine.org\/fr\/dz-260-desktop-vacuum-packing-machine-for-sealing.html\/\">machines d'emballage sous vide \u00e0 double chambre<\/a>. La fonction et l'effet de ces deux machines sont les m\u00eames. La principale diff\u00e9rence r\u00e9side dans la vitesse d'emballage. Si vous souhaitez en savoir plus sur cette machine, n'h\u00e9sitez pas \u00e0 nous contacter.<\/p>    <div class=\"wp-block-columns is-layout-flex wp-container-core-columns-is-layout-9d6595d7 wp-block-columns-is-layout-flex\"> <div class=\"wp-block-column is-layout-flow wp-block-column-is-layout-flow\"> <figure class=\"wp-block-image size-full\"><a href=\"https:\/\/www.meatprocessingmachine.org\/fr\/single-chamber-vacuum-packaging-machine-vacuum-sealing-machine.html\/\"><img loading=\"lazy\" decoding=\"async\" width=\"720\" height=\"540\" src=\"https:\/\/www.meatprocessingmachine.org\/wp-content\/uploads\/2018\/10\/single-chamber-meat-vacuum-packing-machine.webp\" alt=\"machine de mise sous vide de viande \u00e0 chambre unique\" class=\"wp-image-34424\" title=\"\" srcset=\"https:\/\/www.meatprocessingmachine.org\/wp-content\/uploads\/2018\/10\/single-chamber-meat-vacuum-packing-machine.webp 720w, https:\/\/www.meatprocessingmachine.org\/wp-content\/uploads\/2018\/10\/single-chamber-meat-vacuum-packing-machine-300x225.webp 300w, https:\/\/www.meatprocessingmachine.org\/wp-content\/uploads\/2018\/10\/single-chamber-meat-vacuum-packing-machine-16x12.webp 16w\" sizes=\"auto, (max-width: 720px) 100vw, 720px\" \/><\/a><figcaption class=\"wp-element-caption\">Machine de mise sous vide de viande \u00e0 chambre unique<\/figcaption><\/figure> <\/div>    <div class=\"wp-block-column is-layout-flow wp-block-column-is-layout-flow\"> <figure class=\"wp-block-image size-full\"><a href=\"https:\/\/www.meatprocessingmachine.org\/fr\/dz-260-desktop-vacuum-packing-machine-for-sealing.html\/\"><img loading=\"lazy\" decoding=\"async\" width=\"720\" height=\"540\" src=\"https:\/\/www.meatprocessingmachine.org\/wp-content\/uploads\/2018\/10\/meat-vacuum-packaging-machine.webp\" alt=\"machine de conditionnement sous vide de viande \u00e0 double chambre\" class=\"wp-image-34423\" title=\"\" srcset=\"https:\/\/www.meatprocessingmachine.org\/wp-content\/uploads\/2018\/10\/meat-vacuum-packaging-machine.webp 720w, https:\/\/www.meatprocessingmachine.org\/wp-content\/uploads\/2018\/10\/meat-vacuum-packaging-machine-300x225.webp 300w, https:\/\/www.meatprocessingmachine.org\/wp-content\/uploads\/2018\/10\/meat-vacuum-packaging-machine-16x12.webp 16w\" sizes=\"auto, (max-width: 720px) 100vw, 720px\" \/><\/a><figcaption class=\"wp-element-caption\">Machine de mise sous vide de viande \u00e0 double chambre<\/figcaption><\/figure> <\/div> <\/div>","protected":false},"excerpt":{"rendered":"<p>La machine de conditionnement sous vide \u00e0 chambre unique peut extraire l'oxyg\u00e8ne de l'emballage pour cr\u00e9er un \u00e9tat de vide. Cela prolonge ainsi la dur\u00e9e de conservation des aliments. Une machine de scellage sous vide automatique est adapt\u00e9e pour l'emballage de produits carn\u00e9s, de c\u00e9r\u00e9ales, de m\u00e9dicaments, etc. Le scelleur sous vide \u00e0 chambre industrielle peut emp\u00eacher les aliments de moisir, tout en pr\u00e9servant la saveur originale des aliments, garantissant que l'humidit\u00e9 des aliments ne sera pas perdue.<\/p>","protected":false},"author":1,"featured_media":1656,"parent":0,"template":"","product-type":[596],"class_list":["post-1646","product","type-product","status-publish","has-post-thumbnail","hentry","product-type-meat-packaging-equipment"],"_links":{"self":[{"href":"https:\/\/www.meatprocessingmachine.org\/fr\/wp-json\/wp\/v2\/product\/1646","targetHints":{"allow":["GET"]}}],"collection":[{"href":"https:\/\/www.meatprocessingmachine.org\/fr\/wp-json\/wp\/v2\/product"}],"about":[{"href":"https:\/\/www.meatprocessingmachine.org\/fr\/wp-json\/wp\/v2\/types\/product"}],"author":[{"embeddable":true,"href":"https:\/\/www.meatprocessingmachine.org\/fr\/wp-json\/wp\/v2\/users\/1"}],"wp:featuredmedia":[{"embeddable":true,"href":"https:\/\/www.meatprocessingmachine.org\/fr\/wp-json\/wp\/v2\/media\/1656"}],"wp:attachment":[{"href":"https:\/\/www.meatprocessingmachine.org\/fr\/wp-json\/wp\/v2\/media?parent=1646"}],"wp:term":[{"taxonomy":"product-type","embeddable":true,"href":"https:\/\/www.meatprocessingmachine.org\/fr\/wp-json\/wp\/v2\/product-type?post=1646"}],"curies":[{"name":"wp","href":"https:\/\/api.w.org\/{rel}","templated":true}]}}