{"id":1855,"date":"2021-08-31T17:22:25","date_gmt":"2021-08-31T09:22:25","guid":{"rendered":"https:\/\/www.meatprocessingmachine.org\/?p=1855"},"modified":"2023-02-17T15:16:02","modified_gmt":"2023-02-17T07:16:02","slug":"chicken-bone-grinder-best-meat-grinder-for-grinding-bones","status":"publish","type":"product","link":"https:\/\/www.meatprocessingmachine.org\/fr\/chicken-bone-grinder-best-meat-grinder-for-grinding-bones.html","title":{"rendered":"Meilleur hachoir \u00e0 viande pour broyer des os | Hachoir \u00e0 os de poulet"},"content":{"rendered":"<div class=\"kk-star-ratings kksr-auto kksr-align-right kksr-valign-top\"     data-payload='{&quot;align&quot;:&quot;right&quot;,&quot;id&quot;:&quot;1855&quot;,&quot;slug&quot;:&quot;default&quot;,&quot;valign&quot;:&quot;top&quot;,&quot;ignore&quot;:&quot;&quot;,&quot;reference&quot;:&quot;auto&quot;,&quot;class&quot;:&quot;&quot;,&quot;count&quot;:&quot;0&quot;,&quot;legendonly&quot;:&quot;&quot;,&quot;readonly&quot;:&quot;&quot;,&quot;score&quot;:&quot;0&quot;,&quot;starsonly&quot;:&quot;&quot;,&quot;best&quot;:&quot;5&quot;,&quot;gap&quot;:&quot;5&quot;,&quot;greet&quot;:&quot;Rate this product&quot;,&quot;legend&quot;:&quot;0\\\/5 - (0 vote)&quot;,&quot;size&quot;:&quot;24&quot;,&quot;title&quot;:&quot;Best Meat Grinder for Grinding Bones | Chicken Bone Grinder&quot;,&quot;width&quot;:&quot;0&quot;,&quot;_legend&quot;:&quot;{score}\\\/{best} - ({count} {votes})&quot;,&quot;font_factor&quot;:&quot;1.25&quot;}'>              <div class=\"kksr-stars\">      <div class=\"kksr-stars-inactive\">             <div class=\"kksr-star\" data-star=\"1\" style=\"padding-right: 5px\">               <div class=\"kksr-icon\" style=\"width: 24px; height: 24px;\"><\/div>         <\/div>             <div class=\"kksr-star\" data-star=\"2\" style=\"padding-right: 5px\">               <div class=\"kksr-icon\" style=\"width: 24px; height: 24px;\"><\/div>         <\/div>             <div class=\"kksr-star\" data-star=\"3\" style=\"padding-right: 5px\">               <div class=\"kksr-icon\" style=\"width: 24px; height: 24px;\"><\/div>         <\/div>             <div class=\"kksr-star\" data-star=\"4\" style=\"padding-right: 5px\">               <div class=\"kksr-icon\" style=\"width: 24px; height: 24px;\"><\/div>         <\/div>             <div class=\"kksr-star\" data-star=\"5\" style=\"padding-right: 5px\">               <div class=\"kksr-icon\" style=\"width: 24px; height: 24px;\"><\/div>         <\/div>     <\/div>      <div class=\"kksr-stars-active\" style=\"width: 0px;\">             <div class=\"kksr-star\" style=\"padding-right: 5px\">               <div class=\"kksr-icon\" style=\"width: 24px; height: 24px;\"><\/div>         <\/div>             <div class=\"kksr-star\" style=\"padding-right: 5px\">               <div class=\"kksr-icon\" style=\"width: 24px; height: 24px;\"><\/div>         <\/div>             <div class=\"kksr-star\" style=\"padding-right: 5px\">               <div class=\"kksr-icon\" style=\"width: 24px; height: 24px;\"><\/div>         <\/div>             <div class=\"kksr-star\" style=\"padding-right: 5px\">               <div class=\"kksr-icon\" style=\"width: 24px; height: 24px;\"><\/div>         <\/div>             <div class=\"kksr-star\" style=\"padding-right: 5px\">               <div class=\"kksr-icon\" style=\"width: 24px; height: 24px;\"><\/div>         <\/div>     <\/div> <\/div>                   <div class=\"kksr-legend\" style=\"font-size: 19.2px;\">             <span class=\"kksr-muted\">\u00c9valuez ce produit<\/span>     <\/div>     <\/div>  <p>Un broyeur d'os de volaille est une machine qui peut broyer de la viande avec des os. Nous pouvons directement mettre du poulet, du poisson, de la volaille, etc. dans le broyeur d'os de volaille pour le traitement, afin de donner aux chiens ou \u00e0 d'autres compl\u00e9ments. Pour la production de nourriture nutritive, ce broyeur de viande est tr\u00e8s puissant, pas adapt\u00e9 aux familles avec un seul chien de compagnie, mais plus adapt\u00e9 aux usines de transformation de viande, aux usines de nourriture pour animaux de compagnie, aux institutions d'\u00e9levage d'animaux de compagnie, etc.<\/p>    <h2 class=\"wp-block-heading\">Pourquoi choisir un broyeur de viande de volaille<\/h2>    <p>Il existe de nombreux hachoirs \u00e0 viande sur le march\u00e9, mais la plupart d'entre eux ne peuvent traiter que de la viande pure plus tendre, donc vous ne pouvez rien faire avec de la viande avec des os. Cependant, certains animaux de compagnie ont besoin d'absorber des graisses et des prot\u00e9ines pr\u00e9sentes dans les os. Pour des raisons de commodit\u00e9 de consommation et de conservation, des broyeurs d'os sont utilis\u00e9s. La lame de cette machine est suffisamment dure, sinon elle ne pourra pas seulement broyer les os, mais endommagera \u00e9galement l'outil.<\/p>    <h2 class=\"wp-block-heading\" id=\"h-bone-grinder-parameters\">Param\u00e8tres du broyeur d'os<\/h2>    <p>Mod\u00e8le : TZ-130<\/p>    <p>Taille : 580*580*890mm<\/p>    <p>Tension : 220v 50hz<\/p>    <p>Puissance : 5,5kw<\/p>    <p>Capacit\u00e9 : 300-500kg\/h<\/p>    <p>Poids : 130kg<\/p>    <p>Finesse de broyage : 5-15mm<\/p>    <h2 class=\"wp-block-heading\">Vid\u00e9o de d\u00e9monstration<\/h2>    <figure class=\"wp-block-embed is-type-video is-provider-youtube wp-block-embed-youtube\"><div class=\"wp-block-embed__wrapper\"> <iframe loading=\"lazy\" title=\"Quel broyeur peut broyer des os ? | broyeur \u00e0 os | Les broyeurs \u00e0 viande peuvent-ils broyer des os ? | machine \u00e0 broyer des os\" width=\"500\" height=\"281\" src=\"https:\/\/www.youtube.com\/embed\/tNCGhNMxsIE?feature=oembed\" frameborder=\"0\" allow=\"accelerometer; autoplay; clipboard-write; encrypted-media; gyroscope; picture-in-picture; web-share\" referrerpolicy=\"strict-origin-when-cross-origin\" allowfullscreen><\/iframe> <\/div><figcaption class=\"wp-element-caption\">Comment fonctionne le broyeur \u00e0 os<\/figcaption><\/figure>    <h2 class=\"wp-block-heading\">Principe du hachoir \u00e0 viande<\/h2>    <p>Le travail du broyeur d'os de volaille repose principalement sur la vis rotative qui pousse les mati\u00e8res premi\u00e8res dans le bac d'alimentation vers la plaque d'orifice pr\u00e9-d\u00e9coup\u00e9e, et l'effet de cisaillement form\u00e9 par la lame de coupe rotative et le bord perfor\u00e9 de la plaque d'orifice est utilis\u00e9 pour d\u00e9chiqueter les mati\u00e8res premi\u00e8res. Sous l'effet de la force de compression, les mati\u00e8res premi\u00e8res sont continuellement \u00e9vacu\u00e9es de la machine. Cette machine peut \u00eatre \u00e9quip\u00e9e de coupeurs et de plaques d'orifice correspondants en fonction des diff\u00e9rentes propri\u00e9t\u00e9s des mat\u00e9riaux et des exigences de traitement pour traiter des particules de diff\u00e9rentes tailles afin de r\u00e9pondre aux exigences du processus suivant.<\/p>    <figure class=\"wp-block-gallery has-nested-images columns-default is-cropped wp-block-gallery-2 is-layout-flex wp-block-gallery-is-layout-flex\"> <figure class=\"wp-block-image size-large\"><img loading=\"lazy\" decoding=\"async\" width=\"289\" height=\"174\" data-id=\"1879\" src=\"https:\/\/www.meatprocessingmachine.org\/wp-content\/uploads\/2021\/08\/Meat-Grider-2-3.jpg\" alt=\"\" class=\"wp-image-1879\" title=\"\"><figcaption class=\"wp-element-caption\">Hachoir \u00e0 viande<\/figcaption><\/figure>    <figure class=\"wp-block-image size-large\"><img loading=\"lazy\" decoding=\"async\" width=\"595\" height=\"599\" data-id=\"1880\" src=\"https:\/\/www.meatprocessingmachine.org\/wp-content\/uploads\/2021\/08\/Meat-Grider-1.jpg\" alt=\"\" class=\"wp-image-1880\" title=\"\" srcset=\"https:\/\/www.meatprocessingmachine.org\/wp-content\/uploads\/2021\/08\/Meat-Grider-1.jpg 595w, https:\/\/www.meatprocessingmachine.org\/wp-content\/uploads\/2021\/08\/Meat-Grider-1-298x300.jpg 298w, https:\/\/www.meatprocessingmachine.org\/wp-content\/uploads\/2021\/08\/Meat-Grider-1-150x150.jpg 150w\" sizes=\"auto, (max-width: 595px) 100vw, 595px\" \/><figcaption class=\"wp-element-caption\">Hachoir \u00e0 viande<\/figcaption><\/figure> <figcaption class=\"blocks-gallery-caption wp-element-caption\">D\u00e9tails du hachoir \u00e0 viande<\/figcaption><\/figure>    <h2 class=\"wp-block-heading\">Machines impliqu\u00e9es dans le traitement approfondi<\/h2>    <figure class=\"wp-block-gallery has-nested-images columns-default is-cropped wp-block-gallery-3 is-layout-flex wp-block-gallery-is-layout-flex\"> <figure class=\"wp-block-image size-large\"><img loading=\"lazy\" decoding=\"async\" width=\"300\" height=\"168\" data-id=\"1886\" src=\"https:\/\/www.meatprocessingmachine.org\/wp-content\/uploads\/2021\/08\/Application-of-meat-grinder-2.jpg\" alt=\"\" class=\"wp-image-1886\" title=\"\"><figcaption><\/figcaption><\/figure>    <figure class=\"wp-block-image size-large\"><img loading=\"lazy\" decoding=\"async\" width=\"275\" height=\"183\" data-id=\"1887\" src=\"https:\/\/www.meatprocessingmachine.org\/wp-content\/uploads\/2021\/08\/Application-of-meat-grinder.jpg\" alt=\"\" class=\"wp-image-1887\" title=\"\"><figcaption><\/figcaption><\/figure> <figcaption class=\"blocks-gallery-caption wp-element-caption\">Application de la viande hachoir<\/figcaption><\/figure>    <h3 class=\"wp-block-heading\">Boulettes de viande transform\u00e9es<\/h3>    <p>Vous devez utiliser un hachoir \u00e0 viande pour r\u00e9duire la viande en pur\u00e9e, puis l'assaisonner. Ensuite, vous pouvez utiliser une machine \u00e0 former des boulettes de viande pour les r\u00e9aliser. Les boulettes nouvellement form\u00e9es doivent \u00eatre blanchies, sinon leur forme sera d\u00e9form\u00e9e. Ensuite, il y a la machine \u00e0 blanchir, puis les boulettes produites peuvent \u00eatre directement frites ou rapidement congel\u00e9es puis emball\u00e9es sous vide.<\/p>    <h3 class=\"wp-block-heading\">Transformation du poisson<\/h3>    <p class=\"translation-block\">Apr\u00e8s avoir \u00e9t\u00e9 retir\u00e9 par le <a href=\"https:\/\/www.meatprocessingmachine.org\/fr\/electric-fish-belly-splitting-cutting-machine.html\/\" data-type=\"URL\" data-id=\"https:\/\/www.meatprocessingmachine.org\/electric-fish-belly-splitting-cutting-machine.html\">d\u00e9tartreur \u00e9lectrique de poisson<\/a>, il peut \u00eatre directement mis dans ce broyeur de viande pour le broyage. Ce broyeur de viande peut broyer compl\u00e8tement la chair et les ar\u00eates de poisson pour obtenir de la bouillie de poisson, qui est utilis\u00e9e pour fabriquer des produits \u00e0 base de viande de poisson.<\/p>    <h2 class=\"wp-block-heading\">Avantage de la machine \u00e0 broyer les os<\/h2>    <p>Haute efficacit\u00e9 de travail, jusqu'\u00e0 500 kg par heure<\/p>    <p>La machine a une belle apparence et un petit encombrement<\/p>    <p>Facile \u00e0 utiliser, vous pouvez apprendre \u00e0 l'utiliser simplement en regardant la vid\u00e9o<\/p>    <p>Grande mobilit\u00e9, la machine est \u00e9quip\u00e9e de roulettes<\/p>    <h2 class=\"wp-block-heading\">Entretien et nettoyage apr\u00e8s-vente du hachoir \u00e0 viande pour broyer les os<\/h2>    <figure class=\"wp-block-image size-full is-resized\"><img loading=\"lazy\" decoding=\"async\" src=\"https:\/\/www.meatprocessingmachine.org\/wp-content\/uploads\/2021\/08\/bone-grinder.png\" alt=\"\" class=\"wp-image-1885\" width=\"757\" height=\"568\" title=\"\"><figcaption class=\"wp-element-caption\"> Broyeur \u00e0 os<\/figcaption><\/figure>    <p>1. Nettoyez avant utilisation<\/p>    <p>2. Pour le type \u00e9lectrique, veuillez v\u00e9rifier la tension d'alimentation, le signe de direction de la machine doit r\u00e9pondre aux exigences sp\u00e9cifi\u00e9es, et il doit y avoir un fil de mise \u00e0 la terre solide.<\/p>    <p>3. Si la viande n'est pas lisse ou p\u00e2teuse, il peut y avoir les raisons suivantes<\/p>    <p>(1) L'\u00e9crou de verrouillage avant est trop l\u00e2che et doit \u00eatre r\u00e9ajust\u00e9<\/p>    <p> (2) La plaque de viande est bloqu\u00e9e et doit \u00eatre nettoy\u00e9e<\/p>    <p>(3) Le hachoir \u00e0 os est trop \u00e9mouss\u00e9 et doit \u00eatre aiguis\u00e9 ou remplac\u00e9<\/p>    <p>4. Il est strictement interdit de nourrir directement dans la cavit\u00e9 du hachoir \u00e0 viande \u00e0 la main pour garantir la s\u00e9curit\u00e9<\/p>    <h2 class=\"wp-block-heading\">Pr\u00e9sentation de la machine li\u00e9e au hachoir \u00e0 viande pour broyer les os<\/h2>    <p class=\"translation-block\">Notre entreprise dispose \u00e9galement de <a href=\"https:\/\/www.meatprocessingmachine.org\/fr\/frozen-meat-grinder.html\/\">broyeurs de viande surgel\u00e9e<\/a> et de coupeuses de viande en d\u00e9s, qui peuvent \u00eatre s\u00e9lectionn\u00e9s en fonction des produits finis et des mati\u00e8res premi\u00e8res que nous souhaitons obtenir. Nous sommes impatients de fournir aux clients le meilleur service de qualit\u00e9.<\/p>","protected":false},"excerpt":{"rendered":"<p>Le broyeur d'os de volaille est une machine qui peut broyer de la viande avec des os. Nous pouvons directement mettre du poulet, du poisson, de la volaille, etc. dans le broyeur d'os de volaille pour le traitement, afin de donner aux chiens ou d'autres compl\u00e9ments. Pour la production d'aliments nutritifs, ce broyeur de viande est tr\u00e8s puissant, pas adapt\u00e9 aux familles avec un seul chien de compagnie, mais plus adapt\u00e9 aux usines de transformation de viande, aux usines de nourriture pour animaux de compagnie, aux institutions d'\u00e9levage d'animaux de compagnie, etc.<\/p>","protected":false},"author":1,"featured_media":1914,"parent":0,"template":"","product-type":[590],"class_list":["post-1855","product","type-product","status-publish","has-post-thumbnail","hentry","product-type-meat-grinding-machine"],"_links":{"self":[{"href":"https:\/\/www.meatprocessingmachine.org\/fr\/wp-json\/wp\/v2\/product\/1855","targetHints":{"allow":["GET"]}}],"collection":[{"href":"https:\/\/www.meatprocessingmachine.org\/fr\/wp-json\/wp\/v2\/product"}],"about":[{"href":"https:\/\/www.meatprocessingmachine.org\/fr\/wp-json\/wp\/v2\/types\/product"}],"author":[{"embeddable":true,"href":"https:\/\/www.meatprocessingmachine.org\/fr\/wp-json\/wp\/v2\/users\/1"}],"wp:featuredmedia":[{"embeddable":true,"href":"https:\/\/www.meatprocessingmachine.org\/fr\/wp-json\/wp\/v2\/media\/1914"}],"wp:attachment":[{"href":"https:\/\/www.meatprocessingmachine.org\/fr\/wp-json\/wp\/v2\/media?parent=1855"}],"wp:term":[{"taxonomy":"product-type","embeddable":true,"href":"https:\/\/www.meatprocessingmachine.org\/fr\/wp-json\/wp\/v2\/product-type?post=1855"}],"curies":[{"name":"wp","href":"https:\/\/api.w.org\/{rel}","templated":true}]}}