{"id":1911,"date":"2021-09-02T18:02:08","date_gmt":"2021-09-02T10:02:08","guid":{"rendered":"https:\/\/www.meatprocessingmachine.org\/?p=1911"},"modified":"2022-07-26T09:37:20","modified_gmt":"2022-07-26T01:37:20","slug":"chicken-feather-removal-machine","status":"publish","type":"product","link":"https:\/\/www.meatprocessingmachine.org\/fr\/chicken-feather-removal-machine.html","title":{"rendered":"Machine de retrait des plumes de poulet | machine \u00e0 plumer les volailles"},"content":{"rendered":"<div class=\"kk-star-ratings kksr-auto kksr-align-right kksr-valign-top\"     data-payload='{&quot;align&quot;:&quot;right&quot;,&quot;id&quot;:&quot;1911&quot;,&quot;slug&quot;:&quot;default&quot;,&quot;valign&quot;:&quot;top&quot;,&quot;ignore&quot;:&quot;&quot;,&quot;reference&quot;:&quot;auto&quot;,&quot;class&quot;:&quot;&quot;,&quot;count&quot;:&quot;0&quot;,&quot;legendonly&quot;:&quot;&quot;,&quot;readonly&quot;:&quot;&quot;,&quot;score&quot;:&quot;0&quot;,&quot;starsonly&quot;:&quot;&quot;,&quot;best&quot;:&quot;5&quot;,&quot;gap&quot;:&quot;5&quot;,&quot;greet&quot;:&quot;Rate this product&quot;,&quot;legend&quot;:&quot;0\\\/5 - (0 vote)&quot;,&quot;size&quot;:&quot;24&quot;,&quot;title&quot;:&quot;Chicken Feather Removal Machine | Poultry feather plucking machine&quot;,&quot;width&quot;:&quot;0&quot;,&quot;_legend&quot;:&quot;{score}\\\/{best} - ({count} {votes})&quot;,&quot;font_factor&quot;:&quot;1.25&quot;}'>              <div class=\"kksr-stars\">      <div class=\"kksr-stars-inactive\">             <div class=\"kksr-star\" data-star=\"1\" style=\"padding-right: 5px\">               <div class=\"kksr-icon\" style=\"width: 24px; height: 24px;\"><\/div>         <\/div>             <div class=\"kksr-star\" data-star=\"2\" style=\"padding-right: 5px\">               <div class=\"kksr-icon\" style=\"width: 24px; height: 24px;\"><\/div>         <\/div>             <div class=\"kksr-star\" data-star=\"3\" style=\"padding-right: 5px\">               <div class=\"kksr-icon\" style=\"width: 24px; height: 24px;\"><\/div>         <\/div>             <div class=\"kksr-star\" data-star=\"4\" style=\"padding-right: 5px\">               <div class=\"kksr-icon\" style=\"width: 24px; height: 24px;\"><\/div>         <\/div>             <div class=\"kksr-star\" data-star=\"5\" style=\"padding-right: 5px\">               <div class=\"kksr-icon\" style=\"width: 24px; height: 24px;\"><\/div>         <\/div>     <\/div>      <div class=\"kksr-stars-active\" style=\"width: 0px;\">             <div class=\"kksr-star\" style=\"padding-right: 5px\">               <div class=\"kksr-icon\" style=\"width: 24px; height: 24px;\"><\/div>         <\/div>             <div class=\"kksr-star\" style=\"padding-right: 5px\">               <div class=\"kksr-icon\" style=\"width: 24px; height: 24px;\"><\/div>         <\/div>             <div class=\"kksr-star\" style=\"padding-right: 5px\">               <div class=\"kksr-icon\" style=\"width: 24px; height: 24px;\"><\/div>         <\/div>             <div class=\"kksr-star\" style=\"padding-right: 5px\">               <div class=\"kksr-icon\" style=\"width: 24px; height: 24px;\"><\/div>         <\/div>             <div class=\"kksr-star\" style=\"padding-right: 5px\">               <div class=\"kksr-icon\" style=\"width: 24px; height: 24px;\"><\/div>         <\/div>     <\/div> <\/div>                   <div class=\"kksr-legend\" style=\"font-size: 19.2px;\">             <span class=\"kksr-muted\">\u00c9valuez ce produit<\/span>     <\/div>     <\/div>  <p class=\"translation-block\">La machine \u00e0 d\u00e9plumer le poulet peut automatiquement enlever les poils de la volaille, y compris les poulets, les canards, les oies, les lapins et autres volailles. Certaines abattoirs et fournisseurs de poulet g\u00e8rent le poulet ? Il est tr\u00e8s irr\u00e9aliste d'utiliser des op\u00e9rations manuelles. La <a href=\"https:\/\/www.meatprocessingmachine.org\/fr\/the-fastest-way-to-remove-chicken-feathers.html\/\">machine \u00e0 d\u00e9plumer<\/a> peut rapidement enlever les plumes. Alors, comment \u00e7a marche ?<\/p>    <h2 class=\"wp-block-heading\">Le champ d'application des plumes de poulet<\/h2>    <p>La machine \u00e0 \u00e9piler les plumes de poulet est principalement utilis\u00e9e pour enlever les plumes des oiseaux, tels que les poules, les canards, les oies et les pigeons. Elle peut enlever les plumes des poules plus grandes ainsi que des petits pigeons. La machine est tr\u00e8s efficace et a une vitesse de travail rapide. Elle convient \u00e0 certaines fermes familiales et usines de transformation de viande.<\/p>    <h2 class=\"wp-block-heading\">Caract\u00e9ristiques de la machine \u00e0 enlever les plumes de poulet<\/h2>    <p>Les caract\u00e9ristiques de cette machine \u00e0 plumer les poules sont tr\u00e8s \u00e9videntes. La machine est relativement petite dans son ensemble, et elle est plus adapt\u00e9e aux besoins de plumage de centaines de poules chaque jour, et la machine doit \u00eatre assist\u00e9e manuellement pour tirer les plumes. La machine est relativement exquise, compacte, et peut \u00eatre d\u00e9plac\u00e9e facilement, et elle peut \u00e9galement \u00eatre nettoy\u00e9e. Plus pratique.<\/p>    <figure class=\"wp-block-gallery has-nested-images columns-default is-cropped wp-block-gallery-2 is-layout-flex wp-block-gallery-is-layout-flex\"> <figure class=\"wp-block-image size-large\"><img loading=\"lazy\" decoding=\"async\" width=\"640\" height=\"480\" data-id=\"1921\" src=\"https:\/\/www.meatprocessingmachine.org\/wp-content\/uploads\/2021\/09\/Chicken-Feather-Removal-Machine-details-4.jpg\" alt=\"\" class=\"wp-image-1921\" title=\"\" srcset=\"https:\/\/www.meatprocessingmachine.org\/wp-content\/uploads\/2021\/09\/Chicken-Feather-Removal-Machine-details-4.jpg 640w, https:\/\/www.meatprocessingmachine.org\/wp-content\/uploads\/2021\/09\/Chicken-Feather-Removal-Machine-details-4-300x225.jpg 300w\" sizes=\"auto, (max-width: 640px) 100vw, 640px\" \/><figcaption><\/figcaption><\/figure>    <figure class=\"wp-block-image size-large\"><img loading=\"lazy\" decoding=\"async\" width=\"1024\" height=\"768\" data-id=\"1922\" src=\"https:\/\/www.meatprocessingmachine.org\/wp-content\/uploads\/2021\/09\/Chicken-Feather-Removal-Machine-details-3-1024x768.jpg\" alt=\"\" class=\"wp-image-1922\" title=\"\" srcset=\"https:\/\/www.meatprocessingmachine.org\/wp-content\/uploads\/2021\/09\/Chicken-Feather-Removal-Machine-details-3-1024x768.jpg 1024w, https:\/\/www.meatprocessingmachine.org\/wp-content\/uploads\/2021\/09\/Chicken-Feather-Removal-Machine-details-3-300x225.jpg 300w, https:\/\/www.meatprocessingmachine.org\/wp-content\/uploads\/2021\/09\/Chicken-Feather-Removal-Machine-details-3-768x576.jpg 768w, https:\/\/www.meatprocessingmachine.org\/wp-content\/uploads\/2021\/09\/Chicken-Feather-Removal-Machine-details-3-1536x1152.jpg 1536w, https:\/\/www.meatprocessingmachine.org\/wp-content\/uploads\/2021\/09\/Chicken-Feather-Removal-Machine-details-3.jpg 1600w\" sizes=\"auto, (max-width: 1024px) 100vw, 1024px\" \/><figcaption><\/figcaption><\/figure> <figcaption class=\"blocks-gallery-caption\">Inventaire d'usine de machine \u00e0 plumage de plumes<\/figcaption><\/figure>    <p>Si vous voulez faire un travail continu, vous avez besoin d'une autre machine, qui est plus puissante et peut traiter des milliers de poules par jour. Bien s\u00fbr, s'il s'agit d'une production et d'un traitement g\u00e9n\u00e9ral, cette petite machine \u00e0 plumer les plumes peut tout \u00e0 fait le g\u00e9rer.<\/p>    <h2 class=\"wp-block-heading\" id=\"h-blanching-machine\">machine de blanchiment<\/h2>    <p>Le poulet doit \u00eatre blanchi avant d'\u00eatre mis dans la plumeuse. Ceci est plus propice \u00e0 l'\u00e9pilation par la machine. Vous pouvez utiliser de l'eau \u00e0 70\u2103 pour le blanchiment. La temp\u00e9rature de blanchiment ne doit pas \u00eatre trop \u00e9lev\u00e9e. La peau du poulet est endommag\u00e9e pendant le processus de plumage. Si la temp\u00e9rature de l'eau de blanchiment est trop basse, le poulet ne sera pas si propre pendant le plumage.<\/p>    <h2 class=\"wp-block-heading\">Le principe de fonctionnement de la machine \u00e0 enlever les plumes de poulet<\/h2>    <figure class=\"wp-block-gallery has-nested-images columns-default is-cropped wp-block-gallery-3 is-layout-flex wp-block-gallery-is-layout-flex\"> <figure class=\"wp-block-image size-large\"><img loading=\"lazy\" decoding=\"async\" width=\"800\" height=\"473\" data-id=\"1927\" src=\"https:\/\/www.meatprocessingmachine.org\/wp-content\/uploads\/2021\/09\/Chicken-Feather-Removal-Machine-details-5.jpg\" alt=\"\" class=\"wp-image-1927\" title=\"\" srcset=\"https:\/\/www.meatprocessingmachine.org\/wp-content\/uploads\/2021\/09\/Chicken-Feather-Removal-Machine-details-5.jpg 800w, https:\/\/www.meatprocessingmachine.org\/wp-content\/uploads\/2021\/09\/Chicken-Feather-Removal-Machine-details-5-300x177.jpg 300w, https:\/\/www.meatprocessingmachine.org\/wp-content\/uploads\/2021\/09\/Chicken-Feather-Removal-Machine-details-5-768x454.jpg 768w\" sizes=\"auto, (max-width: 800px) 100vw, 800px\" \/><figcaption><\/figcaption><\/figure>    <figure class=\"wp-block-image size-large\"><img loading=\"lazy\" decoding=\"async\" width=\"1024\" height=\"768\" data-id=\"1928\" src=\"https:\/\/www.meatprocessingmachine.org\/wp-content\/uploads\/2021\/09\/Chicken-Feather-Removal-Machine-details-2-2-1024x768.jpg\" alt=\"\" class=\"wp-image-1928\" title=\"\" srcset=\"https:\/\/www.meatprocessingmachine.org\/wp-content\/uploads\/2021\/09\/Chicken-Feather-Removal-Machine-details-2-2-1024x768.jpg 1024w, https:\/\/www.meatprocessingmachine.org\/wp-content\/uploads\/2021\/09\/Chicken-Feather-Removal-Machine-details-2-2-300x225.jpg 300w, https:\/\/www.meatprocessingmachine.org\/wp-content\/uploads\/2021\/09\/Chicken-Feather-Removal-Machine-details-2-2-768x576.jpg 768w, https:\/\/www.meatprocessingmachine.org\/wp-content\/uploads\/2021\/09\/Chicken-Feather-Removal-Machine-details-2-2-1536x1152.jpg 1536w, https:\/\/www.meatprocessingmachine.org\/wp-content\/uploads\/2021\/09\/Chicken-Feather-Removal-Machine-details-2-2-2048x1536.jpg 2048w\" sizes=\"auto, (max-width: 1024px) 100vw, 1024px\" \/><figcaption><\/figcaption><\/figure> <figcaption class=\"blocks-gallery-caption\"> D\u00e9tails de la machine d'\u00e9pilation des poulets<\/figcaption><\/figure>    <p>Il y a de nombreuses tiges en caoutchouc dans le tambour de la machine \u00e0 plumer les plumes de poulet. La machine entra\u00eene le tambour et la tige en caoutchouc \u00e0 tourner continuellement, frottant ainsi contre le poulet. Apr\u00e8s que le poulet a \u00e9t\u00e9 blanchi, les plumes se d\u00e9tachent facilement. Apr\u00e8s une rotation \u00e0 grande vitesse et le frottement avec la tige en caoutchouc, les plumes de poulet peuvent \u00eatre nettoy\u00e9es.<\/p>    <h2 class=\"wp-block-heading\">Param\u00e8tres sp\u00e9cifiques du plumeur de volaille<\/h2>    <figure class=\"wp-block-image size-full is-resized\"><img loading=\"lazy\" decoding=\"async\" src=\"https:\/\/www.meatprocessingmachine.org\/wp-content\/uploads\/2021\/09\/Poultry-feather-removing-machine-4.png\" alt=\"Machine \u00e0 enlever les plumes de poulet\" class=\"wp-image-1935\" width=\"720\" height=\"540\" title=\"\"><figcaption> Machine \u00e0 enlever les plumes de volaille <\/figcaption><\/figure>    <figure class=\"wp-block-table\"><table><tbody><tr><td>mod\u00e8le<\/td><td>JQT500<\/td><td>JQT600<\/td><td>JQT800<\/td><\/tr><tr><td>taille<\/td><td>700*620*850<\/td><td>800*720*900<\/td><td>&nbsp;\/<\/td><\/tr><tr><td>poids<\/td><td>80<\/td><td>95<\/td><td>&nbsp;\/<\/td><\/tr><tr><td>puissance<\/td><td>0.75<\/td><td>0.75<\/td><td>7<\/td><\/tr><tr><td>Rendement<\/td><td>1-2 pcs\/temps<\/td><td>2-3 pcs\/temps<\/td><td>101-2 pcs\/temps<\/td><\/tr><\/tbody><\/table><figcaption> Param\u00e8tres sp\u00e9cifiques du plumage de volaille <\/figcaption><\/figure>    <h2 class=\"wp-block-heading\">Utilisation de la machine \u00e0 enlever les plumes de volaille :<\/h2>    <figure class=\"wp-block-gallery has-nested-images columns-default is-cropped wp-block-gallery-4 is-layout-flex wp-block-gallery-is-layout-flex\"> <figure class=\"wp-block-image size-large\"><img loading=\"lazy\" decoding=\"async\" width=\"893\" height=\"525\" data-id=\"1929\" src=\"https:\/\/www.meatprocessingmachine.org\/wp-content\/uploads\/2021\/09\/Poultry-feather-removing-machine.png\" alt=\"\" class=\"wp-image-1929\" title=\"\" srcset=\"https:\/\/www.meatprocessingmachine.org\/wp-content\/uploads\/2021\/09\/Poultry-feather-removing-machine.png 893w, https:\/\/www.meatprocessingmachine.org\/wp-content\/uploads\/2021\/09\/Poultry-feather-removing-machine-300x176.png 300w, https:\/\/www.meatprocessingmachine.org\/wp-content\/uploads\/2021\/09\/Poultry-feather-removing-machine-768x452.png 768w\" sizes=\"auto, (max-width: 893px) 100vw, 893px\" \/><figcaption><\/figcaption><\/figure>    <figure class=\"wp-block-image size-large\"><img loading=\"lazy\" decoding=\"async\" width=\"922\" height=\"868\" data-id=\"1931\" src=\"https:\/\/www.meatprocessingmachine.org\/wp-content\/uploads\/2021\/09\/Poultry-feather-removing-machine-2.png\" alt=\"\" class=\"wp-image-1931\" title=\"\" srcset=\"https:\/\/www.meatprocessingmachine.org\/wp-content\/uploads\/2021\/09\/Poultry-feather-removing-machine-2.png 922w, https:\/\/www.meatprocessingmachine.org\/wp-content\/uploads\/2021\/09\/Poultry-feather-removing-machine-2-300x282.png 300w, https:\/\/www.meatprocessingmachine.org\/wp-content\/uploads\/2021\/09\/Poultry-feather-removing-machine-2-768x723.png 768w\" sizes=\"auto, (max-width: 922px) 100vw, 922px\" \/><figcaption><\/figcaption><\/figure>    <figure class=\"wp-block-image size-large\"><img loading=\"lazy\" decoding=\"async\" width=\"790\" height=\"510\" data-id=\"1932\" src=\"https:\/\/www.meatprocessingmachine.org\/wp-content\/uploads\/2021\/09\/Poultry-feather-removing-machine-3-1.png\" alt=\"\" class=\"wp-image-1932\" title=\"\" srcset=\"https:\/\/www.meatprocessingmachine.org\/wp-content\/uploads\/2021\/09\/Poultry-feather-removing-machine-3-1.png 790w, https:\/\/www.meatprocessingmachine.org\/wp-content\/uploads\/2021\/09\/Poultry-feather-removing-machine-3-1-300x194.png 300w, https:\/\/www.meatprocessingmachine.org\/wp-content\/uploads\/2021\/09\/Poultry-feather-removing-machine-3-1-768x496.png 768w\" sizes=\"auto, (max-width: 790px) 100vw, 790px\" \/><figcaption><\/figcaption><\/figure> <figcaption class=\"blocks-gallery-caption\"> Machine \u00e0 enlever les plumes de volaille <\/figcaption><\/figure>    <p>1. V\u00e9rifiez toutes les pi\u00e8ces apr\u00e8s le d\u00e9ballage. Si les vis sont desserr\u00e9es pendant le transport, renforcez-les. Tournez le ch\u00e2ssis \u00e0 la main pour voir s'il est flexible. Sinon, ajustez la courroie de rotation.<\/p>    <p>2. Apr\u00e8s avoir d\u00e9termin\u00e9 l'emplacement de la machine, installez un interrupteur \u00e0 lame ou un interrupteur \u00e0 c\u00e2ble sur le c\u00f4t\u00e9 de la machine.<\/p>    <p>3. Lors de l'abattage des poules et des canards, le couteau doit \u00eatre aussi petit que possible. Apr\u00e8s l'abattage, les poules et les canards doivent \u00eatre tremp\u00e9s dans de l'eau ti\u00e8de (environ 30 degr\u00e9s) pour r\u00e9chauffer leurs plumes. Il est pr\u00e9f\u00e9rable d'ajouter un peu de sel dans l'eau ti\u00e8de pour \u00e9viter l'irritation. L'\u00e9piderme est endommag\u00e9 lorsqu'il est poilu.<\/p>    <p>4. \u00c9bouillantez le poulet et le canard tremp\u00e9s dans de l'eau chaude \u00e0 environ 75 degr\u00e9s, et remuez-les avec un b\u00e2ton en bois pour que tout le corps soit uniform\u00e9ment chaud.<\/p>    <p>5. Mettez les poulets et les canards \u00e9bouillant\u00e9s dans la machine, vous pouvez en mettre de 1 \u00e0 5 \u00e0 la fois.<\/p>    <p>6. Activez l'interrupteur \u00e0 couteau, d\u00e9marrez la machine, et pendant son fonctionnement, ajoutez de l'eau aux volailles, de pr\u00e9f\u00e9rence de l'eau chaude. Les plumes et la salet\u00e9 seront \u00e9vacu\u00e9es avec l'eau. L'eau peut \u00eatre recycl\u00e9e, et les plumes seront \u00e9limin\u00e9es en une minute. Cela enl\u00e8ve toute la salet\u00e9 de la peau sur l'ensemble du corps.<\/p>    <h2 class=\"wp-block-heading\">Vid\u00e9o de la machine \u00e0 enlever les plumes de poulet <\/h2>    <figure class=\"wp-block-embed is-type-video is-provider-youtube wp-block-embed-youtube\"><div class=\"wp-block-embed__wrapper\"> <iframe loading=\"lazy\" title=\"Machine \u00e0 enlever les plumes de poulet | Quelle est la mani\u00e8re la plus simple d&#039;enlever les plumes de poulet ?\" width=\"500\" height=\"281\" src=\"https:\/\/www.youtube.com\/embed\/KusHLiJCVtc?feature=oembed\" frameborder=\"0\" allow=\"accelerometer; autoplay; clipboard-write; encrypted-media; gyroscope; picture-in-picture; web-share\" referrerpolicy=\"strict-origin-when-cross-origin\" allowfullscreen><\/iframe> <\/div><\/figure>","protected":false},"excerpt":{"rendered":"<p>hine peut automatiquement enlever les plumes des volailles, y compris les poules, les canards, les oies, les lapins et d'autres volailles. Certains abattoirs et fournisseurs de poules s'occupent de la volaille ? Il est tr\u00e8s irr\u00e9aliste d'utiliser des op\u00e9rations manuelles. La machine \u00e0 plumer peut rapidement enlever les plumes. Alors, comment cela fonctionne-t-il ?<\/p>","protected":false},"author":1,"featured_media":1985,"parent":0,"template":"","product-type":[583],"class_list":["post-1911","product","type-product","status-publish","has-post-thumbnail","hentry","product-type-chicken-turkey"],"_links":{"self":[{"href":"https:\/\/www.meatprocessingmachine.org\/fr\/wp-json\/wp\/v2\/product\/1911","targetHints":{"allow":["GET"]}}],"collection":[{"href":"https:\/\/www.meatprocessingmachine.org\/fr\/wp-json\/wp\/v2\/product"}],"about":[{"href":"https:\/\/www.meatprocessingmachine.org\/fr\/wp-json\/wp\/v2\/types\/product"}],"author":[{"embeddable":true,"href":"https:\/\/www.meatprocessingmachine.org\/fr\/wp-json\/wp\/v2\/users\/1"}],"wp:featuredmedia":[{"embeddable":true,"href":"https:\/\/www.meatprocessingmachine.org\/fr\/wp-json\/wp\/v2\/media\/1985"}],"wp:attachment":[{"href":"https:\/\/www.meatprocessingmachine.org\/fr\/wp-json\/wp\/v2\/media?parent=1911"}],"wp:term":[{"taxonomy":"product-type","embeddable":true,"href":"https:\/\/www.meatprocessingmachine.org\/fr\/wp-json\/wp\/v2\/product-type?post=1911"}],"curies":[{"name":"wp","href":"https:\/\/api.w.org\/{rel}","templated":true}]}}