{"id":2220,"date":"2021-10-20T17:09:40","date_gmt":"2021-10-20T09:09:40","guid":{"rendered":"https:\/\/www.meatprocessingmachine.org\/?p=2220"},"modified":"2026-02-12T15:59:36","modified_gmt":"2026-02-12T07:59:36","slug":"frozen-meat-block-crushing-and-grinder-line","status":"publish","type":"product","link":"https:\/\/www.meatprocessingmachine.org\/fr\/frozen-meat-block-crushing-and-grinder-line.html","title":{"rendered":"Ligne de concassage et de broyage de blocs de viande congel\u00e9e \u00e0 vendre"},"content":{"rendered":"<div class=\"kk-star-ratings kksr-auto kksr-align-right kksr-valign-top\"     data-payload='{&quot;align&quot;:&quot;right&quot;,&quot;id&quot;:&quot;2220&quot;,&quot;slug&quot;:&quot;default&quot;,&quot;valign&quot;:&quot;top&quot;,&quot;ignore&quot;:&quot;&quot;,&quot;reference&quot;:&quot;auto&quot;,&quot;class&quot;:&quot;&quot;,&quot;count&quot;:&quot;0&quot;,&quot;legendonly&quot;:&quot;&quot;,&quot;readonly&quot;:&quot;&quot;,&quot;score&quot;:&quot;0&quot;,&quot;starsonly&quot;:&quot;&quot;,&quot;best&quot;:&quot;5&quot;,&quot;gap&quot;:&quot;5&quot;,&quot;greet&quot;:&quot;Rate this product&quot;,&quot;legend&quot;:&quot;0\\\/5 - (0 vote)&quot;,&quot;size&quot;:&quot;24&quot;,&quot;title&quot;:&quot;Commercial frozen meat block crushing and grinder line for sale&quot;,&quot;width&quot;:&quot;0&quot;,&quot;_legend&quot;:&quot;{score}\\\/{best} - ({count} {votes})&quot;,&quot;font_factor&quot;:&quot;1.25&quot;}'>              <div class=\"kksr-stars\">      <div class=\"kksr-stars-inactive\">             <div class=\"kksr-star\" data-star=\"1\" style=\"padding-right: 5px\">               <div class=\"kksr-icon\" style=\"width: 24px; height: 24px;\"><\/div>         <\/div>             <div class=\"kksr-star\" data-star=\"2\" style=\"padding-right: 5px\">               <div class=\"kksr-icon\" style=\"width: 24px; height: 24px;\"><\/div>         <\/div>             <div class=\"kksr-star\" data-star=\"3\" style=\"padding-right: 5px\">               <div class=\"kksr-icon\" style=\"width: 24px; height: 24px;\"><\/div>         <\/div>             <div class=\"kksr-star\" data-star=\"4\" style=\"padding-right: 5px\">               <div class=\"kksr-icon\" style=\"width: 24px; height: 24px;\"><\/div>         <\/div>             <div class=\"kksr-star\" data-star=\"5\" style=\"padding-right: 5px\">               <div class=\"kksr-icon\" style=\"width: 24px; height: 24px;\"><\/div>         <\/div>     <\/div>      <div class=\"kksr-stars-active\" style=\"width: 0px;\">             <div class=\"kksr-star\" style=\"padding-right: 5px\">               <div class=\"kksr-icon\" style=\"width: 24px; height: 24px;\"><\/div>         <\/div>             <div class=\"kksr-star\" style=\"padding-right: 5px\">               <div class=\"kksr-icon\" style=\"width: 24px; height: 24px;\"><\/div>         <\/div>             <div class=\"kksr-star\" style=\"padding-right: 5px\">               <div class=\"kksr-icon\" style=\"width: 24px; height: 24px;\"><\/div>         <\/div>             <div class=\"kksr-star\" style=\"padding-right: 5px\">               <div class=\"kksr-icon\" style=\"width: 24px; height: 24px;\"><\/div>         <\/div>             <div class=\"kksr-star\" style=\"padding-right: 5px\">               <div class=\"kksr-icon\" style=\"width: 24px; height: 24px;\"><\/div>         <\/div>     <\/div> <\/div>                   <div class=\"kksr-legend\" style=\"font-size: 19.2px;\">             <span class=\"kksr-muted\">\u00c9valuez ce produit<\/span>     <\/div>     <\/div>  <p class=\"translation-block\">La <strong>ligne de concassage et de hachage de blocs de viande surgel\u00e9e<\/strong> est un processus qui peut d'abord concasser de gros morceaux de viande surgel\u00e9e, puis les broyer en pur\u00e9e. Un <a href=\"https:\/\/www.meatprocessingmachine.org\/fr\/products\/meat-grinding-machine\/\" data-type=\"URL\" data-id=\"https:\/\/www.meatprocessingmachine.org\/products\/meat-grinding-machine\/\">hachoir \u00e0 viande<\/a> est une machine n\u00e9cessaire \u00e0 la production de transformation des aliments \u00e0 base de viande, et la machine peut \u00eatre trait\u00e9e apr\u00e8s le traitement. Production de boulettes de viande, de galettes de saucisse et d'autres produits.<\/p>    <h2 class=\"wp-block-heading\" id=\"h-the-composition-of-the-frozen-meat-block-crushing-and-grinder-line\">La composition de la ligne de concassage et de broyage de blocs de viande congel\u00e9e<\/h2>    <figure class=\"wp-block-image size-full\"><img loading=\"lazy\" decoding=\"async\" width=\"720\" height=\"540\" src=\"https:\/\/www.meatprocessingmachine.org\/wp-content\/uploads\/2021\/10\/frozen-meat-block-crushing-and-grinder-line.webp\" alt=\"ligne de concassage et de broyage de blocs de viande congel\u00e9e\" class=\"wp-image-34125\" title=\"\" srcset=\"https:\/\/www.meatprocessingmachine.org\/wp-content\/uploads\/2021\/10\/frozen-meat-block-crushing-and-grinder-line.webp 720w, https:\/\/www.meatprocessingmachine.org\/wp-content\/uploads\/2021\/10\/frozen-meat-block-crushing-and-grinder-line-300x225.webp 300w\" sizes=\"auto, (max-width: 720px) 100vw, 720px\" \/><figcaption class=\"wp-element-caption\">Ligne de concassage et de broyage de blocs de viande congel\u00e9e<\/figcaption><\/figure>    <p class=\"translation-block\">La ligne de production de pur\u00e9e de viande est divis\u00e9e en trois parties. La premi\u00e8re est le <a href=\"https:\/\/www.meatprocessingmachine.org\/fr\/frozen-meat-cutting-machine.html\/\" data-type=\"URL\" data-id=\"https:\/\/www.meatprocessingmachine.org\/frozen-meat-cutting-machine.html\">concasseur de viande surgel\u00e9e<\/a>. Les gros morceaux de viande surgel\u00e9e sont d'abord concass\u00e9s, puis connect\u00e9s par un treuil, et enfin trait\u00e9s dans un hachoir \u00e0 viande.<\/p>    <h2 class=\"wp-block-heading\">Coupeur de blocs de viande congel\u00e9e<\/h2>   <div class=\"wp-block-image\"> <figure class=\"aligncenter\"><img loading=\"lazy\" decoding=\"async\" width=\"720\" height=\"540\" src=\"https:\/\/www.meatprocessingmachine.org\/wp-content\/uploads\/2021\/10\/Frozen-meat-blocker-cutter.jpg\" alt=\"Coupeur de bloc de viande congel\u00e9e\" class=\"wp-image-2231\" title=\"\" srcset=\"https:\/\/www.meatprocessingmachine.org\/wp-content\/uploads\/2021\/10\/Frozen-meat-blocker-cutter.jpg 720w, https:\/\/www.meatprocessingmachine.org\/wp-content\/uploads\/2021\/10\/Frozen-meat-blocker-cutter-300x225.jpg 300w\" sizes=\"auto, (max-width: 720px) 100vw, 720px\" \/><figcaption class=\"wp-element-caption\">Coupeur de blocs de viande congel\u00e9e<\/figcaption><\/figure> <\/div>   <p class=\"translation-block\">Un concasseur de viande surgel\u00e9e est une machine qui peut couper la viande surgel\u00e9e d\u00e9soss\u00e9e en morceaux ou en tranches. La plage de temp\u00e9rature de la viande trait\u00e9e par la machine est de -18\u2103 \u00e0 -24\u2103. La machine a des lames tr\u00e8s tranchantes et la duret\u00e9 des lames est tr\u00e8s \u00e9lev\u00e9e. , Afin de prot\u00e9ger la machine contre les dommages lors du traitement de gros morceaux de viande surgel\u00e9e. Lors de l'achat d'une machine, nous devons confirmer la taille du bloc de viande surgel\u00e9e avec le client. G\u00e9n\u00e9ralement, la taille du bloc de viande que la machine peut traiter est de 780 mm * 510 mm * 180 mm, mais elle peut \u00e9galement \u00eatre personnalis\u00e9e en fonction de la taille de la viande surgel\u00e9e demand\u00e9e par le client. <\/p>   <div class=\"wp-block-image\"> <figure class=\"aligncenter size-full\"><img loading=\"lazy\" decoding=\"async\" width=\"720\" height=\"540\" src=\"https:\/\/www.meatprocessingmachine.org\/wp-content\/uploads\/2021\/10\/Meat-Shredder-Test.png\" alt=\"Test de d\u00e9chiqueteuse \u00e0 viande\" class=\"wp-image-32725\" title=\"\" srcset=\"https:\/\/www.meatprocessingmachine.org\/wp-content\/uploads\/2021\/10\/Meat-Shredder-Test.png 720w, https:\/\/www.meatprocessingmachine.org\/wp-content\/uploads\/2021\/10\/Meat-Shredder-Test-300x225.png 300w\" sizes=\"auto, (max-width: 720px) 100vw, 720px\" \/><figcaption class=\"wp-element-caption\">Test de d\u00e9chiqueteuse \u00e0 viande<\/figcaption><\/figure> <\/div>   <p>Le principe de fonctionnement de la machine est que celle-ci pousse la viande congel\u00e9e vers l'avant \u00e0 travers le cylindre \u00e0 l'arri\u00e8re, puis passe \u00e0 travers la lame rotative \u00e0 grande vitesse, et le morceau entier de viande congel\u00e9e peut \u00eatre d\u00e9compos\u00e9. L'efficacit\u00e9 de travail du broyeur de viande congel\u00e9e est tr\u00e8s \u00e9lev\u00e9e et peut atteindre 3 \u00e0 5 tonnes par heure. Le broyeur de viande congel\u00e9e est fabriqu\u00e9 en acier inoxydable 304, ce qui permet une utilisation prolong\u00e9e et le rend tr\u00e8s robuste.<br><\/p>    <h3 class=\"wp-block-heading\">Param\u00e8tres du broyeur de viande congel\u00e9e<\/h3>    <p>Tension : 380V<br>Puissance : 5,5 kW<br>Productivit\u00e9 : 3-5 tonnes\/heure<br>Poids : 600 kg<br>Dimensions du corps : 1750\u00d7945\u00d71220 mm<\/p>    <h2 class=\"wp-block-heading\">\u00c9l\u00e9vateur \u00e0 flocons de blocs congel\u00e9s<\/h2>   <div class=\"wp-block-image\"> <figure class=\"aligncenter\"><img loading=\"lazy\" decoding=\"async\" width=\"720\" height=\"540\" src=\"https:\/\/www.meatprocessingmachine.org\/wp-content\/uploads\/2021\/10\/hoist.jpg\" alt=\"\" class=\"wp-image-2232\" title=\"\" srcset=\"https:\/\/www.meatprocessingmachine.org\/wp-content\/uploads\/2021\/10\/hoist.jpg 720w, https:\/\/www.meatprocessingmachine.org\/wp-content\/uploads\/2021\/10\/hoist-300x225.jpg 300w\" sizes=\"auto, (max-width: 720px) 100vw, 720px\" \/><figcaption class=\"wp-element-caption\">palan<\/figcaption><\/figure> <\/div>   <p>L'ascenseur doit relier le broyeur de viande congel\u00e9e et le hachoir \u00e0 viande, ce qui peut mieux r\u00e9aliser l'automatisation, \u00e9conomiser de la main-d'\u0153uvre et permettre l'alimentation automatique du hachoir \u00e0 viande. La hauteur et l'inclinaison du monte-charge peuvent \u00eatre personnalis\u00e9es en fonction des caract\u00e9ristiques du site de production, avec pour objectif de faciliter l'alimentation.<\/p>    <h2 class=\"wp-block-heading\">Machine \u00e0 hacher la viande congel\u00e9e<\/h2>   <div class=\"wp-block-image\"> <figure class=\"aligncenter size-full\"><img loading=\"lazy\" decoding=\"async\" width=\"720\" height=\"540\" src=\"https:\/\/www.meatprocessingmachine.org\/wp-content\/uploads\/2021\/10\/meat-grinder.png\" alt=\"hachoir \u00e0 viande\" class=\"wp-image-32723\" title=\"\" srcset=\"https:\/\/www.meatprocessingmachine.org\/wp-content\/uploads\/2021\/10\/meat-grinder.png 720w, https:\/\/www.meatprocessingmachine.org\/wp-content\/uploads\/2021\/10\/meat-grinder-300x225.png 300w\" sizes=\"auto, (max-width: 720px) 100vw, 720px\" \/><figcaption class=\"wp-element-caption\">hachoir \u00e0 viande<\/figcaption><\/figure> <\/div>   <p>Un hachoir \u00e0 viande congel\u00e9 est une machine apr\u00e8s le broyeur de viande congel\u00e9e. Apr\u00e8s \u00eatre pass\u00e9 \u00e0 travers le hachoir \u00e0 viande, les tranches de viande ou les petits morceaux de viande peuvent \u00eatre transform\u00e9s en p\u00e2te de viande, ce qui est adapt\u00e9 pour fabriquer des produits \u00e0 base de viande tels que des saucisses et des boulettes de viande. La sortie du hachoir \u00e0 viande congel\u00e9 est compos\u00e9e d'un couteau de pr\u00e9-d\u00e9coupe, d'une plaque perfor\u00e9e et d'un al\u00e9soir.<\/p>    <h3 class=\"wp-block-heading\">Param\u00e8tres du hachoir \u00e0 viande congel\u00e9e<\/h3>    <figure class=\"wp-block-table\"><table><tbody><tr><td><strong>mod\u00e8le<\/strong><strong><\/strong><\/td><td><strong>Taille (mm)<\/strong><strong><\/strong><\/td><td><strong>puissance<\/strong><strong><\/strong><\/td><td><strong>capacit\u00e9<\/strong><strong><\/strong><\/td><\/tr><tr><td>&nbsp;SL-100<\/td><td>&nbsp;900*600*960<\/td><td>&nbsp;5,5 kW<\/td><td>300-500kg<\/td><\/tr><tr><td>&nbsp;&nbsp;SL-120<\/td><td>&nbsp;1050*600*1100&nbsp;&nbsp;<\/td><td>&nbsp;7,5 kW<\/td><td>500-800 kg<\/td><\/tr><tr><td>&nbsp;SL-130&nbsp;&nbsp;<\/td><td>&nbsp;1280*700*1130<\/td><td>&nbsp;8 kW<\/td><td>&nbsp;800-1300 kg\/h<\/td><\/tr><\/tbody><\/table><\/figure>    <h2 class=\"wp-block-heading\">Pr\u00e9cautions pour la ligne de concassage et de broyage de blocs de viande congel\u00e9e<\/h2>    <p>(1) Avant d'utiliser la nouvelle machine pour la premi\u00e8re fois, il est n\u00e9cessaire de nettoyer l'arbre de l'h\u00e9lice interne, la lame de coupe et la lame de d\u00e9charge pour \u00e9viter que l'huile industrielle ne reste.<\/p>    <p>(2) Avant de mettre sous tension, v\u00e9rifiez si la tension d'alimentation correspond \u00e0 la plaque signal\u00e9tique de l'appareil. Le bo\u00eetier de l'appareil doit \u00eatre correctement mis \u00e0 la terre. Il est recommand\u00e9 d'utiliser un protecteur de fuite pour l'interrupteur d'alimentation.<\/p>    <p>(3) Avant de moudre la viande, veuillez couper la viande en petits morceaux pour \u00e9viter d'endommager la machine.<\/p>    <p>(4) Allumez l'alimentation et ajoutez de la viande apr\u00e8s le fonctionnement normal. Il est strictement interdit de mettre la main dans la tr\u00e9mie lors de l'ajout de viande, sinon cela peut causer des blessures.<\/p>    <p>(5) Les morceaux de viande doivent \u00eatre ajout\u00e9s de mani\u00e8re uniforme et non excessive afin de ne pas endommager le moteur. Si vous constatez que le moteur ne fonctionne pas normalement, vous devez couper l'alimentation imm\u00e9diatement et v\u00e9rifier la cause apr\u00e8s l'arr\u00eat. <\/p>    <p>(6) \u00c9teignez l'alimentation apr\u00e8s utilisation, d\u00e9montez la t\u00eate et nettoyez-la avec de l'eau propre, s\u00e9chez-la ou laissez-la s\u00e9cher. Il est pr\u00e9f\u00e9rable d'attendre que l'eau soit compl\u00e8tement s\u00e8che avant de la remonter pour obtenir le meilleur effet d'entretien. Veuillez utiliser les quatre lames apr\u00e8s avoir utilis\u00e9 le couteau et essuyer un peu d'huile comestible pour l'entretien.<\/p>    <h2 class=\"wp-block-heading\">Avantages de la ligne de concassage et de broyage de blocs de viande congel\u00e9e<\/h2>    <p>En raison des exigences de transport et de stockage de la viande, la viande g\u00e9n\u00e9rale sera congel\u00e9e en un gros morceau, ce qui est tr\u00e8s dur, et les hachoirs \u00e0 viande ordinaires ne peuvent pas directement diviser et hacher. Par cons\u00e9quent, le broyeur de viande doit \u00eatre avanc\u00e9 et \u00e9cras\u00e9 avant de pouvoir \u00eatre mis dans le hachoir \u00e0 viande. \u00c9vitez les d\u00e9cong\u00e9lations multiples, ce qui entra\u00eenera une perte de nutriments dans le go\u00fbt de la viande. La lame de la machine est tr\u00e8s dure et peut traiter de la viande congel\u00e9e \u00e0 -18\u00b0C.<\/p>   <div class=\"wp-block-image\"> <figure class=\"aligncenter\"><img loading=\"lazy\" decoding=\"async\" width=\"720\" height=\"540\" src=\"https:\/\/www.meatprocessingmachine.org\/wp-content\/uploads\/2021\/10\/frozen-meat-block-crushing-and-grinder-line-application.jpg\" alt=\"application de ligne de broyage et de concassage de blocs de viande congel\u00e9e \" class=\"wp-image-2235\" title=\"\" srcset=\"https:\/\/www.meatprocessingmachine.org\/wp-content\/uploads\/2021\/10\/frozen-meat-block-crushing-and-grinder-line-application.jpg 720w, https:\/\/www.meatprocessingmachine.org\/wp-content\/uploads\/2021\/10\/frozen-meat-block-crushing-and-grinder-line-application-300x225.jpg 300w\" sizes=\"auto, (max-width: 720px) 100vw, 720px\" \/><figcaption class=\"wp-element-caption\">application de ligne de broyage et de concassage de blocs de viande congel\u00e9e<\/figcaption><\/figure> <\/div>   <p class=\"translation-block\">La <strong>ligne de concassage et de hachage de blocs de viande surgel\u00e9e<\/strong> est un processus qui peut d'abord concasser de gros morceaux de viande surgel\u00e9e, puis les broyer en pur\u00e9e. Un hachoir \u00e0 viande est une machine n\u00e9cessaire \u00e0 la production de transformation des aliments \u00e0 base de viande, et la machine peut \u00eatre trait\u00e9e apr\u00e8s le traitement. Production de boulettes de viande, de galettes de saucisse et d'autres produits.<\/p>    <h2 class=\"wp-block-heading\">Vid\u00e9o de la ligne de concassage et de broyage de blocs de viande congel\u00e9e<\/h2>    <figure class=\"wp-block-embed is-type-video is-provider-youtube wp-block-embed-youtube wp-embed-aspect-16-9 wp-has-aspect-ratio\"><div class=\"wp-block-embed__wrapper\"> <iframe loading=\"lazy\" title=\"ligne de broyage et de broyeur de blocs de viande congel\u00e9e \u00e0 vendre | floconneur de blocs de viande congel\u00e9e\" width=\"500\" height=\"281\" src=\"https:\/\/www.youtube.com\/embed\/ZRYqmhxR3_g?start=16&#038;feature=oembed\" frameborder=\"0\" allow=\"accelerometer; autoplay; clipboard-write; encrypted-media; gyroscope; picture-in-picture; web-share\" referrerpolicy=\"strict-origin-when-cross-origin\" allowfullscreen><\/iframe> <\/div><figcaption class=\"wp-element-caption\">Vid\u00e9o de la ligne de concassage et de broyage de blocs de viande congel\u00e9e<\/figcaption><\/figure>    <p><\/p>","protected":false},"excerpt":{"rendered":"<p>Frozen meat block crushing and grinder line&nbsp;is a process that can crush large pieces of frozen meat first, and then grind it into the mash. A meat grinder is a necessary machine for the production of meat food processing, and the machine can be processed after processing. Production of meatballs, sausage patties, and other products. [&hellip;]<\/p>\n","protected":false},"author":1,"featured_media":2230,"parent":0,"template":"","product-type":[597],"class_list":["post-2220","product","type-product","status-publish","has-post-thumbnail","hentry","product-type-production-line"],"_links":{"self":[{"href":"https:\/\/www.meatprocessingmachine.org\/fr\/wp-json\/wp\/v2\/product\/2220","targetHints":{"allow":["GET"]}}],"collection":[{"href":"https:\/\/www.meatprocessingmachine.org\/fr\/wp-json\/wp\/v2\/product"}],"about":[{"href":"https:\/\/www.meatprocessingmachine.org\/fr\/wp-json\/wp\/v2\/types\/product"}],"author":[{"embeddable":true,"href":"https:\/\/www.meatprocessingmachine.org\/fr\/wp-json\/wp\/v2\/users\/1"}],"wp:featuredmedia":[{"embeddable":true,"href":"https:\/\/www.meatprocessingmachine.org\/fr\/wp-json\/wp\/v2\/media\/2230"}],"wp:attachment":[{"href":"https:\/\/www.meatprocessingmachine.org\/fr\/wp-json\/wp\/v2\/media?parent=2220"}],"wp:term":[{"taxonomy":"product-type","embeddable":true,"href":"https:\/\/www.meatprocessingmachine.org\/fr\/wp-json\/wp\/v2\/product-type?post=2220"}],"curies":[{"name":"wp","href":"https:\/\/api.w.org\/{rel}","templated":true}]}}