{"id":32791,"date":"2022-02-08T17:11:53","date_gmt":"2022-02-08T09:11:53","guid":{"rendered":"https:\/\/www.meatprocessingmachine.org\/?p=32791"},"modified":"2024-06-17T10:15:44","modified_gmt":"2024-06-17T02:15:44","slug":"power-scrub-egg-washing-machine","status":"publish","type":"product","link":"https:\/\/www.meatprocessingmachine.org\/fr\/power-scrub-egg-washing-machine.html","title":{"rendered":"Machine automatique de lavage des \u0153ufs | machine de nettoyage des \u0153ufs \u00e0 brosse \u00e9lectrique"},"content":{"rendered":"<div class=\"kk-star-ratings kksr-auto kksr-align-right kksr-valign-top\"     data-payload='{&quot;align&quot;:&quot;right&quot;,&quot;id&quot;:&quot;32791&quot;,&quot;slug&quot;:&quot;default&quot;,&quot;valign&quot;:&quot;top&quot;,&quot;ignore&quot;:&quot;&quot;,&quot;reference&quot;:&quot;auto&quot;,&quot;class&quot;:&quot;&quot;,&quot;count&quot;:&quot;0&quot;,&quot;legendonly&quot;:&quot;&quot;,&quot;readonly&quot;:&quot;&quot;,&quot;score&quot;:&quot;0&quot;,&quot;starsonly&quot;:&quot;&quot;,&quot;best&quot;:&quot;5&quot;,&quot;gap&quot;:&quot;5&quot;,&quot;greet&quot;:&quot;Rate this product&quot;,&quot;legend&quot;:&quot;0\\\/5 - (0 vote)&quot;,&quot;size&quot;:&quot;24&quot;,&quot;title&quot;:&quot;Automatic egg washing machine | power scrub egg cleaning machine&quot;,&quot;width&quot;:&quot;0&quot;,&quot;_legend&quot;:&quot;{score}\\\/{best} - ({count} {votes})&quot;,&quot;font_factor&quot;:&quot;1.25&quot;}'>              <div class=\"kksr-stars\">      <div class=\"kksr-stars-inactive\">             <div class=\"kksr-star\" data-star=\"1\" style=\"padding-right: 5px\">               <div class=\"kksr-icon\" style=\"width: 24px; height: 24px;\"><\/div>         <\/div>             <div class=\"kksr-star\" data-star=\"2\" style=\"padding-right: 5px\">               <div class=\"kksr-icon\" style=\"width: 24px; height: 24px;\"><\/div>         <\/div>             <div class=\"kksr-star\" data-star=\"3\" style=\"padding-right: 5px\">               <div class=\"kksr-icon\" style=\"width: 24px; height: 24px;\"><\/div>         <\/div>             <div class=\"kksr-star\" data-star=\"4\" style=\"padding-right: 5px\">               <div class=\"kksr-icon\" style=\"width: 24px; height: 24px;\"><\/div>         <\/div>             <div class=\"kksr-star\" data-star=\"5\" style=\"padding-right: 5px\">               <div class=\"kksr-icon\" style=\"width: 24px; height: 24px;\"><\/div>         <\/div>     <\/div>      <div class=\"kksr-stars-active\" style=\"width: 0px;\">             <div class=\"kksr-star\" style=\"padding-right: 5px\">               <div class=\"kksr-icon\" style=\"width: 24px; height: 24px;\"><\/div>         <\/div>             <div class=\"kksr-star\" style=\"padding-right: 5px\">               <div class=\"kksr-icon\" style=\"width: 24px; height: 24px;\"><\/div>         <\/div>             <div class=\"kksr-star\" style=\"padding-right: 5px\">               <div class=\"kksr-icon\" style=\"width: 24px; height: 24px;\"><\/div>         <\/div>             <div class=\"kksr-star\" style=\"padding-right: 5px\">               <div class=\"kksr-icon\" style=\"width: 24px; height: 24px;\"><\/div>         <\/div>             <div class=\"kksr-star\" style=\"padding-right: 5px\">               <div class=\"kksr-icon\" style=\"width: 24px; height: 24px;\"><\/div>         <\/div>     <\/div> <\/div>                   <div class=\"kksr-legend\" style=\"font-size: 19.2px;\">             <span class=\"kksr-muted\">\u00c9valuez ce produit<\/span>     <\/div>     <\/div>  <p>La machine \u00e0 laver les \u0153ufs est un appareil utilis\u00e9 pour enlever la salet\u00e9 et la boue \u00e0 la surface des \u0153ufs. Le nettoyage par machine peut atteindre le standard de nettoyage des \u0153ufs. Les laveurs d'\u0153ufs peuvent non seulement nettoyer les \u0153ufs de poule, mais aussi les \u0153ufs de canard, les \u0153ufs d'oie et d'autres \u0153ufs de volaille. <\/p>    <p class=\"translation-block\">La machine \u00e0 laver les \u0153ufs est principalement divis\u00e9e en deux parties, le lavage des \u0153ufs et le s\u00e9chage des \u0153ufs, ainsi que l\u2019inspection par la lumi\u00e8re. Nous pouvons \u00e9galement fournir des <a href=\"https:\/\/www.meatprocessingmachine.org\/fr\/egg-processing-line-for-washing-and-grading.html\/\">\u00e9quipements de classement et de pesage d\u2019\u0153ufs<\/a> et des machines de codage. L\u2019\u00e9quipement de nettoyage d\u2019\u0153ufs convient aux fermes, aux march\u00e9s de gros d\u2019\u0153ufs et aux supermarch\u00e9s.<\/p>    <figure class=\"wp-block-image size-full\"><img loading=\"lazy\" decoding=\"async\" width=\"720\" height=\"540\" src=\"https:\/\/www.meatprocessingmachine.org\/wp-content\/uploads\/2022\/02\/egg-cleaning.png\" alt=\"Brosse pour machine \u00e0 laver les \u0153ufs\" class=\"wp-image-32797\" title=\"\" srcset=\"https:\/\/www.meatprocessingmachine.org\/wp-content\/uploads\/2022\/02\/egg-cleaning.png 720w, https:\/\/www.meatprocessingmachine.org\/wp-content\/uploads\/2022\/02\/egg-cleaning-300x225.png 300w\" sizes=\"auto, (max-width: 720px) 100vw, 720px\" \/><figcaption class=\"wp-element-caption\">Convoyeur de la machine \u00e0 laver les \u0153ufs<\/figcaption><\/figure>    <h2 class=\"wp-block-heading\">vid\u00e9o de la machine \u00e0 laver les \u0153ufs<\/h2>    <figure class=\"wp-block-embed is-type-video is-provider-youtube wp-block-embed-youtube wp-embed-aspect-16-9 wp-has-aspect-ratio\"><div class=\"wp-block-embed__wrapper\"> <iframe loading=\"lazy\" title=\"Machine \u00e0 laver les \u0153ufs \u00e0 puissance \u00e9lev\u00e9e | Ligne de production de nettoyage des \u0153ufs | Comment nous nettoyons 5500 \u0153ufs par heure ?\" width=\"500\" height=\"281\" src=\"https:\/\/www.youtube.com\/embed\/v77eyAo-Vbk?feature=oembed\" frameborder=\"0\" allow=\"accelerometer; autoplay; clipboard-write; encrypted-media; gyroscope; picture-in-picture; web-share\" referrerpolicy=\"strict-origin-when-cross-origin\" allowfullscreen><\/iframe> <\/div><figcaption class=\"wp-element-caption\">Vid\u00e9o de la machine \u00e0 laver les \u0153ufs<\/figcaption><\/figure>    <h2 class=\"wp-block-heading\">Avantages des \u00e9quipements de lavage d'\u0153ufs<\/h2>    <ul class=\"wp-block-list\"> <li>Avec un nettoyage automatique, une personne pondant des \u0153ufs, et une haute efficacit\u00e9 de production.<\/li>    <li>Structure solide, performance stable, pas de blocage d'\u0153ufs, pas de chute d'\u0153ufs, longue dur\u00e9e de vie.<\/li>    <li>Utilisant une brosse en acier inoxydable, la machine \u00e0 laver les \u0153ufs peut conduire et nettoyer automatiquement.<\/li>    <li>Pulv\u00e9risation et nettoyage dans la bo\u00eete, propre et sans dommage.<\/li> <\/ul>    <h2 class=\"wp-block-heading\">Diff\u00e9rents mod\u00e8les de machines \u00e0 laver les \u0153ufs<\/h2>    <h3 class=\"wp-block-heading\">Mod\u00e8le 1 : lave-\u0153ufs \u00e0 une seule rang\u00e9e<\/h3>    <p>La machine \u00e0 laver les \u0153ufs \u00e0 une seule rang\u00e9e est une machine avec une faible production, avec une moyenne de 6 000 pi\u00e8ces par heure. La machine \u00e0 laver les \u0153ufs peut r\u00e9aliser automatiquement la fonction de ponte, ce qui permet d'\u00e9conomiser de la main-d'\u0153uvre. La roue en caoutchouc de ponte est fabriqu\u00e9e en mat\u00e9riau POM. Le produit de ce mat\u00e9riau est hygi\u00e9nique, s\u00fbr et de qualit\u00e9 garantie, et il est tr\u00e8s r\u00e9sistant \u00e0 l'usure.<\/p>    <figure class=\"wp-block-image size-full\"><img loading=\"lazy\" decoding=\"async\" width=\"720\" height=\"540\" src=\"https:\/\/www.meatprocessingmachine.org\/wp-content\/uploads\/2022\/02\/Single-row-egg-washing-machine-visit-factory.png\" alt=\"Visite d&#039;usine de machine \u00e0 laver les \u0153ufs \u00e0 une seule rang\u00e9e\" class=\"wp-image-32913\" title=\"\" srcset=\"https:\/\/www.meatprocessingmachine.org\/wp-content\/uploads\/2022\/02\/Single-row-egg-washing-machine-visit-factory.png 720w, https:\/\/www.meatprocessingmachine.org\/wp-content\/uploads\/2022\/02\/Single-row-egg-washing-machine-visit-factory-300x225.png 300w\" sizes=\"auto, (max-width: 720px) 100vw, 720px\" \/><figcaption class=\"wp-element-caption\">Visite d'une machine \u00e0 laver les \u0153ufs \u00e0 une seule rang\u00e9e<\/figcaption><\/figure>    <h4 class=\"wp-block-heading\"><strong>Param\u00e8tres de l'\u00e9quipement de lavage d'\u0153ufs \u00e0 une seule rang\u00e9e<\/strong><\/h4>    <ul class=\"wp-block-list\"> <li>Apparence : 6000*1200*1500 mm<\/li>    <li>Efficacit\u00e9 : 5000-7000 pi\u00e8ces\/heure<\/li>    <li>Tension : 380V<\/li>    <li>Puissance totale : 6,6 kW<\/li> <\/ul>    <h3 class=\"wp-block-heading\">Mod\u00e8le 2 : machine de nettoyage d'\u0153ufs \u00e0 2 rang\u00e9es<\/h3>    <p>Compar\u00e9 \u00e0 la machine \u00e0 laver les \u0153ufs \u00e0 une rang\u00e9e, la production de la machine \u00e0 laver les \u0153ufs \u00e0 deux rang\u00e9es est doubl\u00e9e, mais le principe et la structure de la machine \u00e0 nettoyer les \u0153ufs sont les m\u00eames, de sorte que le mod\u00e8le de machine peut \u00eatre s\u00e9lectionn\u00e9 en fonction de la production qui doit \u00eatre trait\u00e9e chaque jour.<\/p>    <figure class=\"wp-block-image size-full\"><img loading=\"lazy\" decoding=\"async\" width=\"720\" height=\"540\" src=\"https:\/\/www.meatprocessingmachine.org\/wp-content\/uploads\/2022\/02\/Double-row-egg-washing-machine-factory-test-machine.png\" alt=\"Machine de test d&#039;usine pour machine \u00e0 laver les \u0153ufs \u00e0 double rang\u00e9e\" class=\"wp-image-32912\" title=\"\" srcset=\"https:\/\/www.meatprocessingmachine.org\/wp-content\/uploads\/2022\/02\/Double-row-egg-washing-machine-factory-test-machine.png 720w, https:\/\/www.meatprocessingmachine.org\/wp-content\/uploads\/2022\/02\/Double-row-egg-washing-machine-factory-test-machine-300x225.png 300w\" sizes=\"auto, (max-width: 720px) 100vw, 720px\" \/><figcaption class=\"wp-element-caption\">Machine \u00e0 laver les \u0153ufs \u00e0 double rang\u00e9e - Machine de test d'usine<\/figcaption><\/figure>    <h4 class=\"wp-block-heading\"><strong>Param\u00e8tres de la machine \u00e0 laver les \u0153ufs \u00e0 double rang\u00e9e<\/strong><\/h4>    <ul class=\"wp-block-list\"> <li>Dimensions : 6800*1600*1500 mm<\/li>    <li>Efficacit\u00e9 : 10000-14000 pi\u00e8ces\/heure<\/li>    <li>Tension : 380V<\/li>    <li>Puissance totale : 12,5 kW<\/li> <\/ul>    <h2 class=\"wp-block-heading\" id=\"h-why-use-an-egg-washing-machine\">Pourquoi utiliser une machine \u00e0 laver les \u0153ufs ?<\/h2>    <p class=\"translation-block\">Parce que les \u0153ufs sont produits par le cloaque de l'animal, de nombreux microbes intestinaux sont attach\u00e9s \u00e0 la surface de l'\u0153uf, et dans un environnement typique, ils peuvent \u00eatre infect\u00e9s par un grand nombre de bact\u00e9ries pathog\u00e8nes. Les exp\u00e9riences ont montr\u00e9 que 10 % des \u0153ufs utilis\u00e9s dans l'exp\u00e9rience pr\u00e9sentaient des <a href=\"https:\/\/en.wikipedia.org\/wiki\/Salmonella\" target=\"_blank\" rel=\"noopener\">Salmonella<\/a> \u00e0 la surface, tandis que 64 % pr\u00e9sentaient des Escherichia coli \u00e0 la surface. <\/p>    <p>En raison du grand nombre de stomates r\u00e9partis sur la surface de l'\u0153uf, ces microorganismes et pathog\u00e8nes p\u00e9n\u00e8trent \u00e0 l'int\u00e9rieur de l'\u0153uf par les stomates et se multiplient en grand nombre. La qualit\u00e9 des \u0153ufs est non seulement gravement affect\u00e9e, mais cela repr\u00e9sente \u00e9galement une menace pour la sant\u00e9 de celui qui les consomme.<\/p>    <h2 class=\"wp-block-heading\">Les dangers de la vente directe d'\u0153ufs sales<\/h2>    <figure class=\"wp-block-image size-full\"><img loading=\"lazy\" decoding=\"async\" width=\"720\" height=\"540\" src=\"https:\/\/www.meatprocessingmachine.org\/wp-content\/uploads\/2022\/02\/dirty-eggs.png\" alt=\"\u0153ufs sales\" class=\"wp-image-32794\" title=\"\" srcset=\"https:\/\/www.meatprocessingmachine.org\/wp-content\/uploads\/2022\/02\/dirty-eggs.png 720w, https:\/\/www.meatprocessingmachine.org\/wp-content\/uploads\/2022\/02\/dirty-eggs-300x225.png 300w\" sizes=\"auto, (max-width: 720px) 100vw, 720px\" \/><figcaption class=\"wp-element-caption\">Oeufs sales<\/figcaption><\/figure>    <ul class=\"wp-block-list\"> <li>Affecte les ventes. De nombreux \u0153ufs ne sont pas nettoy\u00e9s et vendus directement, la surface est sale, et de nombreux consommateurs sont r\u00e9ticents \u00e0 acheter de tels \u0153ufs.<\/li>    <li>Temps de stockage court. Les \u0153ufs sales ne sont pas propres, et il y aura un grand nombre de microorganismes \u00e0 la surface. Pendant la p\u00e9riode de stockage, l'int\u00e9rieur des \u0153ufs est continuellement affect\u00e9, ce qui entra\u00eene une augmentation continue du nombre d'\u0153ufs avari\u00e9s. Les \u0153ufs sont lav\u00e9s pour prolonger leur dur\u00e9e de conservation.<\/li>    <li>Les \u0153ufs sales sont faciles \u00e0 propager des maladies. Les \u0153ufs sont directement exclus des organes reproducteurs des poules. La surface des \u0153ufs est g\u00e9n\u00e9ralement sujette aux excr\u00e9ments, aux taches de sang, etc., ce qui peut facilement polluer l'environnement et propager des maladies.<\/li> <\/ul>    <h2 class=\"wp-block-heading\">Comment utiliser la machine de nettoyage des \u0153ufs ?<\/h2>    <figure class=\"wp-block-image size-full\"><img loading=\"lazy\" decoding=\"async\" width=\"720\" height=\"540\" src=\"https:\/\/www.meatprocessingmachine.org\/wp-content\/uploads\/2022\/02\/egg-washing-machine-2.png\" alt=\"utiliser une machine \u00e0 laver les \u0153ufs\" class=\"wp-image-32795\" title=\"\" srcset=\"https:\/\/www.meatprocessingmachine.org\/wp-content\/uploads\/2022\/02\/egg-washing-machine-2.png 720w, https:\/\/www.meatprocessingmachine.org\/wp-content\/uploads\/2022\/02\/egg-washing-machine-2-300x225.png 300w\" sizes=\"auto, (max-width: 720px) 100vw, 720px\" \/><figcaption class=\"wp-element-caption\">Utilisez la machine \u00e0 laver les \u0153ufs<\/figcaption><\/figure>    <p>Le laveur d'\u0153ufs est une machine enti\u00e8rement automatique. Il y a un grand r\u00e9servoir d'eau \u00e0 l'entr\u00e9e des \u0153ufs, et les \u0153ufs peuvent \u00eatre directement vers\u00e9s dans le r\u00e9servoir d'eau. Gr\u00e2ce \u00e0 la flottabilit\u00e9 de l'eau, les collisions entre les \u0153ufs peuvent \u00eatre \u00e9vit\u00e9es. Les \u0153ufs tombent sur le tapis roulant et sont transport\u00e9s vers la partie de nettoyage par brosse de l'\u00e9quipement de nettoyage. Apr\u00e8s nettoyage, ils sont s\u00e9ch\u00e9s \u00e0 l'air, puis subissent une inspection optique, ce qui n\u00e9cessite une inspection manuelle.<\/p>    <h2 class=\"wp-block-heading\">Composants de la machine de nettoyage des \u0153ufs <\/h2>    <figure class=\"wp-block-image size-full\"><img loading=\"lazy\" decoding=\"async\" width=\"720\" height=\"540\" src=\"https:\/\/www.meatprocessingmachine.org\/wp-content\/uploads\/2022\/02\/egg-cleaning-machine-.png\" alt=\"Machine de nettoyage des \u0153ufs \" class=\"wp-image-32796\" title=\"\" srcset=\"https:\/\/www.meatprocessingmachine.org\/wp-content\/uploads\/2022\/02\/egg-cleaning-machine-.png 720w, https:\/\/www.meatprocessingmachine.org\/wp-content\/uploads\/2022\/02\/egg-cleaning-machine--300x225.png 300w\" sizes=\"auto, (max-width: 720px) 100vw, 720px\" \/><figcaption class=\"wp-element-caption\">Machine de nettoyage des \u0153ufs <\/figcaption><\/figure>    <p>La machine \u00e0 laver les \u0153ufs automatique se compose d'un r\u00e9servoir d'eau, d'un rouleau \u00e0 \u0153ufs, d'une brosse de nettoyage et d'un tapis roulant. Le mat\u00e9riau du r\u00e9servoir d'eau est en acier inoxydable 304, qui est facile \u00e0 nettoyer, r\u00e9sistant \u00e0 la corrosion et facile \u00e0 nettoyer. La brosse de la machine est en fil incurv\u00e9 en mat\u00e9riau r\u00e9sistant \u00e0 l'usure sp\u00e9cialement con\u00e7u. Gr\u00e2ce \u00e0 de nombreuses exp\u00e9riences, nous avons trouv\u00e9 un mat\u00e9riau qui peut avoir une certaine duret\u00e9 sans endommager la surface de l'\u0153uf. Cette brosse a une bonne capacit\u00e9 de nettoyage. Le tapis roulant est en mat\u00e9riau PVC de qualit\u00e9 alimentaire. La laveuse d'\u0153ufs est globalement s\u00fbre et fiable.<\/p>    <h2 class=\"wp-block-heading\">Les \u0153ufs \u00e0 coquille douce peuvent-ils utiliser un lave-\u0153ufs ?<\/h2>    <figure class=\"wp-block-image size-full\"><img loading=\"lazy\" decoding=\"async\" width=\"720\" height=\"540\" src=\"https:\/\/www.meatprocessingmachine.org\/wp-content\/uploads\/2022\/02\/egg-washing-machine-brush.png\" alt=\"Brosse pour machine \u00e0 laver les \u0153ufs\" class=\"wp-image-32798\" title=\"\" srcset=\"https:\/\/www.meatprocessingmachine.org\/wp-content\/uploads\/2022\/02\/egg-washing-machine-brush.png 720w, https:\/\/www.meatprocessingmachine.org\/wp-content\/uploads\/2022\/02\/egg-washing-machine-brush-300x225.png 300w\" sizes=\"auto, (max-width: 720px) 100vw, 720px\" \/><figcaption class=\"wp-element-caption\">Brosse pour machine \u00e0 laver les \u0153ufs<\/figcaption><\/figure>    <p>Il existe de nombreux facteurs pour la formation des \u0153ufs de canard \u00e0 coquille molle. Si la cane est effray\u00e9e, le manque de calcium, de D3 et d'autres \u00e9l\u00e9ments dans l'alimentation peut \u00e9galement provoquer de grandes zones d'\u0153ufs \u00e0 coquille molle. Alors, cet \u0153uf \u00e0 coquille molle peut-il \u00eatre lav\u00e9 avec un lave-\u0153ufs ? En g\u00e9n\u00e9ral, les \u0153ufs \u00e0 coquille molle sont mous, mais le calcium qu'ils contiennent est bien pr\u00e9sent, et il y a encore une certaine r\u00e9sistance. Cependant, lors de l'utilisation de la machine \u00e0 laver les \u0153ufs de canard, il est tout de m\u00eame n\u00e9cessaire de r\u00e9duire la puissance pour \u00e9viter que les \u0153ufs de canard ne se cassent.<\/p>    <p>Les \u0153ufs de canard \u00e0 coquille souple sont mieux nettoy\u00e9s \u00e0 la main si la coquille est tr\u00e8s fine. En effet, la machine \u00e0 nettoyer les \u0153ufs de canard utilise la duret\u00e9 de l'\u0153uf de canard lui-m\u00eame pour faire fonctionner le rouleau de brosse, et si la coquille est trop molle, elle risque d'\u00eatre perfor\u00e9e par les poils durs du rouleau de brosse.<\/p>    <figure class=\"wp-block-image size-full\"><img loading=\"lazy\" decoding=\"async\" width=\"720\" height=\"540\" src=\"https:\/\/www.meatprocessingmachine.org\/wp-content\/uploads\/2022\/02\/soft-skin-eggs.png\" alt=\"\u0153ufs \u00e0 peau douce\" class=\"wp-image-32801\" title=\"\" srcset=\"https:\/\/www.meatprocessingmachine.org\/wp-content\/uploads\/2022\/02\/soft-skin-eggs.png 720w, https:\/\/www.meatprocessingmachine.org\/wp-content\/uploads\/2022\/02\/soft-skin-eggs-300x225.png 300w\" sizes=\"auto, (max-width: 720px) 100vw, 720px\" \/><figcaption class=\"wp-element-caption\">Oeufs \u00e0 peau douce<\/figcaption><\/figure>","protected":false},"excerpt":{"rendered":"<p>La machine \u00e0 laver les \u0153ufs est un appareil utilis\u00e9 pour enlever la salet\u00e9 et la boue \u00e0 la surface des \u0153ufs. Le nettoyage \u00e0 la machine peut atteindre le standard de nettoyage des \u0153ufs. Les machines \u00e0 laver les \u0153ufs peuvent non seulement nettoyer les \u0153ufs de poule, mais aussi les \u0153ufs de canard, les \u0153ufs d'oie et d'autres \u0153ufs de volaille. La machine est principalement divis\u00e9e en deux parties : le lavage des \u0153ufs et le s\u00e9chage des \u0153ufs, ainsi qu'une inspection l\u00e9g\u00e8re. Nous pouvons \u00e9galement fournir des \u00e9quipements de pesage et de tri des \u0153ufs, ainsi que des machines de codage. Les \u00e9quipements de nettoyage des \u0153ufs sont adapt\u00e9s aux fermes, aux march\u00e9s de gros d'\u0153ufs et aux grands supermarch\u00e9s.<\/p>","protected":false},"author":1,"featured_media":32793,"parent":0,"template":"","product-type":[583],"class_list":["post-32791","product","type-product","status-publish","has-post-thumbnail","hentry","product-type-chicken-turkey"],"_links":{"self":[{"href":"https:\/\/www.meatprocessingmachine.org\/fr\/wp-json\/wp\/v2\/product\/32791","targetHints":{"allow":["GET"]}}],"collection":[{"href":"https:\/\/www.meatprocessingmachine.org\/fr\/wp-json\/wp\/v2\/product"}],"about":[{"href":"https:\/\/www.meatprocessingmachine.org\/fr\/wp-json\/wp\/v2\/types\/product"}],"author":[{"embeddable":true,"href":"https:\/\/www.meatprocessingmachine.org\/fr\/wp-json\/wp\/v2\/users\/1"}],"wp:featuredmedia":[{"embeddable":true,"href":"https:\/\/www.meatprocessingmachine.org\/fr\/wp-json\/wp\/v2\/media\/32793"}],"wp:attachment":[{"href":"https:\/\/www.meatprocessingmachine.org\/fr\/wp-json\/wp\/v2\/media?parent=32791"}],"wp:term":[{"taxonomy":"product-type","embeddable":true,"href":"https:\/\/www.meatprocessingmachine.org\/fr\/wp-json\/wp\/v2\/product-type?post=32791"}],"curies":[{"name":"wp","href":"https:\/\/api.w.org\/{rel}","templated":true}]}}