{"id":34047,"date":"2023-01-04T17:53:56","date_gmt":"2023-01-04T09:53:56","guid":{"rendered":"https:\/\/www.meatprocessingmachine.org\/?post_type=product&#038;p=34047"},"modified":"2024-06-20T15:54:25","modified_gmt":"2024-06-20T07:54:25","slug":"frozen-meat-slicer-machine","status":"publish","type":"product","link":"https:\/\/www.meatprocessingmachine.org\/fr\/frozen-meat-slicer-machine.html","title":{"rendered":"Machine \u00e0 trancher la viande congel\u00e9e pour flocons de viande | rabot \u00e0 viande"},"content":{"rendered":"<div class=\"kk-star-ratings kksr-auto kksr-align-right kksr-valign-top\"     data-payload='{&quot;align&quot;:&quot;right&quot;,&quot;id&quot;:&quot;34047&quot;,&quot;slug&quot;:&quot;default&quot;,&quot;valign&quot;:&quot;top&quot;,&quot;ignore&quot;:&quot;&quot;,&quot;reference&quot;:&quot;auto&quot;,&quot;class&quot;:&quot;&quot;,&quot;count&quot;:&quot;0&quot;,&quot;legendonly&quot;:&quot;&quot;,&quot;readonly&quot;:&quot;&quot;,&quot;score&quot;:&quot;0&quot;,&quot;starsonly&quot;:&quot;&quot;,&quot;best&quot;:&quot;5&quot;,&quot;gap&quot;:&quot;5&quot;,&quot;greet&quot;:&quot;Rate this product&quot;,&quot;legend&quot;:&quot;0\\\/5 - (0 vote)&quot;,&quot;size&quot;:&quot;24&quot;,&quot;title&quot;:&quot;Frozen meat slicer machine for meat flake | meat planer&quot;,&quot;width&quot;:&quot;0&quot;,&quot;_legend&quot;:&quot;{score}\\\/{best} - ({count} {votes})&quot;,&quot;font_factor&quot;:&quot;1.25&quot;}'>              <div class=\"kksr-stars\">      <div class=\"kksr-stars-inactive\">             <div class=\"kksr-star\" data-star=\"1\" style=\"padding-right: 5px\">               <div class=\"kksr-icon\" style=\"width: 24px; height: 24px;\"><\/div>         <\/div>             <div class=\"kksr-star\" data-star=\"2\" style=\"padding-right: 5px\">               <div class=\"kksr-icon\" style=\"width: 24px; height: 24px;\"><\/div>         <\/div>             <div class=\"kksr-star\" data-star=\"3\" style=\"padding-right: 5px\">               <div class=\"kksr-icon\" style=\"width: 24px; height: 24px;\"><\/div>         <\/div>             <div class=\"kksr-star\" data-star=\"4\" style=\"padding-right: 5px\">               <div class=\"kksr-icon\" style=\"width: 24px; height: 24px;\"><\/div>         <\/div>             <div class=\"kksr-star\" data-star=\"5\" style=\"padding-right: 5px\">               <div class=\"kksr-icon\" style=\"width: 24px; height: 24px;\"><\/div>         <\/div>     <\/div>      <div class=\"kksr-stars-active\" style=\"width: 0px;\">             <div class=\"kksr-star\" style=\"padding-right: 5px\">               <div class=\"kksr-icon\" style=\"width: 24px; height: 24px;\"><\/div>         <\/div>             <div class=\"kksr-star\" style=\"padding-right: 5px\">               <div class=\"kksr-icon\" style=\"width: 24px; height: 24px;\"><\/div>         <\/div>             <div class=\"kksr-star\" style=\"padding-right: 5px\">               <div class=\"kksr-icon\" style=\"width: 24px; height: 24px;\"><\/div>         <\/div>             <div class=\"kksr-star\" style=\"padding-right: 5px\">               <div class=\"kksr-icon\" style=\"width: 24px; height: 24px;\"><\/div>         <\/div>             <div class=\"kksr-star\" style=\"padding-right: 5px\">               <div class=\"kksr-icon\" style=\"width: 24px; height: 24px;\"><\/div>         <\/div>     <\/div> <\/div>                   <div class=\"kksr-legend\" style=\"font-size: 19.2px;\">             <span class=\"kksr-muted\">\u00c9valuez ce produit<\/span>     <\/div>     <\/div>  <p>La machine \u00e0 trancher la viande congel\u00e9e Taizy est un \u00e9quipement qui peut couper la viande congel\u00e9e en tranches dans un \u00e9tat congel\u00e9. C'est une machine sp\u00e9cialement con\u00e7ue pour les tranches de viande. Elle peut couper des t\u00eates de porc congel\u00e9es, du poisson, des poitrines de poulet, etc.<\/p>    <figure class=\"wp-block-embed is-type-video is-provider-youtube wp-block-embed-youtube wp-embed-aspect-16-9 wp-has-aspect-ratio\"><div class=\"wp-block-embed__wrapper\"> <iframe loading=\"lazy\" title=\"Machine \u00e0 trancher la viande congel\u00e9e automatique parfaite | Quelle est la meilleure machine \u00e0 trancher la viande congel\u00e9e ? | d\u00e9coupe de viande\" width=\"500\" height=\"281\" src=\"https:\/\/www.youtube.com\/embed\/YSpmDnh6B7w?feature=oembed\" frameborder=\"0\" allow=\"accelerometer; autoplay; clipboard-write; encrypted-media; gyroscope; picture-in-picture; web-share\" referrerpolicy=\"strict-origin-when-cross-origin\" allowfullscreen><\/iframe> <\/div><figcaption class=\"wp-element-caption\">machine \u00e0 trancher la viande<\/figcaption><\/figure>    <h2 class=\"wp-block-heading\">La fonction de la machine \u00e0 trancher la viande congel\u00e9e<\/h2>    <figure class=\"wp-block-gallery has-nested-images columns-4 is-cropped wp-block-gallery-2 is-layout-flex wp-block-gallery-is-layout-flex\"> <figure class=\"wp-block-image size-large\"><img loading=\"lazy\" decoding=\"async\" width=\"720\" height=\"540\" data-id=\"34052\" src=\"https:\/\/www.meatprocessingmachine.org\/wp-content\/uploads\/2023\/01\/meat-flake-3.webp\" alt=\"flocon de viande\" class=\"wp-image-34052\" title=\"\" srcset=\"https:\/\/www.meatprocessingmachine.org\/wp-content\/uploads\/2023\/01\/meat-flake-3.webp 720w, https:\/\/www.meatprocessingmachine.org\/wp-content\/uploads\/2023\/01\/meat-flake-3-300x225.webp 300w\" sizes=\"auto, (max-width: 720px) 100vw, 720px\" \/><figcaption class=\"wp-element-caption\">Flocon de viande<\/figcaption><\/figure>    <figure class=\"wp-block-image size-large\"><img loading=\"lazy\" decoding=\"async\" width=\"720\" height=\"540\" data-id=\"34051\" src=\"https:\/\/www.meatprocessingmachine.org\/wp-content\/uploads\/2023\/01\/meat-flake-2.webp\" alt=\"flocon de viande\" class=\"wp-image-34051\" title=\"\" srcset=\"https:\/\/www.meatprocessingmachine.org\/wp-content\/uploads\/2023\/01\/meat-flake-2.webp 720w, https:\/\/www.meatprocessingmachine.org\/wp-content\/uploads\/2023\/01\/meat-flake-2-300x225.webp 300w\" sizes=\"auto, (max-width: 720px) 100vw, 720px\" \/><figcaption class=\"wp-element-caption\">Flocon de viande<\/figcaption><\/figure>    <figure class=\"wp-block-image size-large\"><img loading=\"lazy\" decoding=\"async\" width=\"720\" height=\"540\" data-id=\"34050\" src=\"https:\/\/www.meatprocessingmachine.org\/wp-content\/uploads\/2023\/01\/meat-flake-1.webp\" alt=\"flocon de viande\" class=\"wp-image-34050\" title=\"\" srcset=\"https:\/\/www.meatprocessingmachine.org\/wp-content\/uploads\/2023\/01\/meat-flake-1.webp 720w, https:\/\/www.meatprocessingmachine.org\/wp-content\/uploads\/2023\/01\/meat-flake-1-300x225.webp 300w\" sizes=\"auto, (max-width: 720px) 100vw, 720px\" \/><figcaption class=\"wp-element-caption\">Flocon de viande<\/figcaption><\/figure>    <figure class=\"wp-block-image size-large\"><img loading=\"lazy\" decoding=\"async\" width=\"720\" height=\"540\" data-id=\"34049\" src=\"https:\/\/www.meatprocessingmachine.org\/wp-content\/uploads\/2023\/01\/meat-flake.webp\" alt=\"flocon de viande\" class=\"wp-image-34049\" title=\"\" srcset=\"https:\/\/www.meatprocessingmachine.org\/wp-content\/uploads\/2023\/01\/meat-flake.webp 720w, https:\/\/www.meatprocessingmachine.org\/wp-content\/uploads\/2023\/01\/meat-flake-300x225.webp 300w\" sizes=\"auto, (max-width: 720px) 100vw, 720px\" \/><figcaption class=\"wp-element-caption\">Flocon de viande<\/figcaption><\/figure> <\/figure>    <p>Dans le traitement de la viande, il est n\u00e9cessaire de broyer la viande congel\u00e9e, mais il est impossible de hacher directement la viande congel\u00e9e en pur\u00e9e de viande. Cela est d\u00fb au fait qu'une viande congel\u00e9e trop grosse endommagera directement la machine, mais ce rabot \u00e0 viande est destin\u00e9 aux machines traitant la viande congel\u00e9e.<\/p>    <h2 class=\"wp-block-heading\">Caract\u00e9ristiques de la machine \u00e0 trancher la viande congel\u00e9e<\/h2>    <div class=\"wp-block-media-text alignwide is-stacked-on-mobile is-vertically-aligned-center\"><figure class=\"wp-block-media-text__media\"><img loading=\"lazy\" decoding=\"async\" width=\"720\" height=\"540\" src=\"https:\/\/www.meatprocessingmachine.org\/wp-content\/uploads\/2023\/01\/meat-slicer-machine-4.webp\" alt=\"machine \u00e0 trancher la viande\" class=\"wp-image-34065 size-full\" title=\"\" srcset=\"https:\/\/www.meatprocessingmachine.org\/wp-content\/uploads\/2023\/01\/meat-slicer-machine-4.webp 720w, https:\/\/www.meatprocessingmachine.org\/wp-content\/uploads\/2023\/01\/meat-slicer-machine-4-300x225.webp 300w\" sizes=\"auto, (max-width: 720px) 100vw, 720px\" \/><\/figure><div class=\"wp-block-media-text__content\"> <h3 class=\"wp-block-heading\">Syst\u00e8me de contr\u00f4le simple<\/h3>    <p>La machine a quatre touches : une touche de d\u00e9marrage, une touche d'arr\u00eat, une touche d'arr\u00eat d'urgence et un voyant d'alimentation.<\/p> <\/div><\/div>    <div class=\"wp-block-media-text alignwide has-media-on-the-right is-stacked-on-mobile\"><div class=\"wp-block-media-text__content\"> <h3 class=\"wp-block-heading\">Facile \u00e0 utiliser<\/h3>    <p> Apr\u00e8s la livraison, un manuel d'utilisation sp\u00e9cifique sera envoy\u00e9, et des techniciens aideront les clients.<\/p> <\/div><figure class=\"wp-block-media-text__media\"><img loading=\"lazy\" decoding=\"async\" width=\"720\" height=\"540\" src=\"https:\/\/www.meatprocessingmachine.org\/wp-content\/uploads\/2023\/01\/meat-slicer-machine-5.webp\" alt=\"machine \u00e0 trancher la viande\" class=\"wp-image-34066 size-full\" title=\"\" srcset=\"https:\/\/www.meatprocessingmachine.org\/wp-content\/uploads\/2023\/01\/meat-slicer-machine-5.webp 720w, https:\/\/www.meatprocessingmachine.org\/wp-content\/uploads\/2023\/01\/meat-slicer-machine-5-300x225.webp 300w\" sizes=\"auto, (max-width: 720px) 100vw, 720px\" \/><\/figure><\/div>    <div class=\"wp-block-media-text alignwide is-stacked-on-mobile\"><figure class=\"wp-block-media-text__media\"><img loading=\"lazy\" decoding=\"async\" width=\"720\" height=\"540\" src=\"https:\/\/www.meatprocessingmachine.org\/wp-content\/uploads\/2023\/01\/frozen-meat-slicer.webp\" alt=\"trancheuse \u00e0 viande congel\u00e9e\" class=\"wp-image-34067 size-full\" title=\"\" srcset=\"https:\/\/www.meatprocessingmachine.org\/wp-content\/uploads\/2023\/01\/frozen-meat-slicer.webp 720w, https:\/\/www.meatprocessingmachine.org\/wp-content\/uploads\/2023\/01\/frozen-meat-slicer-300x225.webp 300w\" sizes=\"auto, (max-width: 720px) 100vw, 720px\" \/><\/figure><div class=\"wp-block-media-text__content\"> <h3 class=\"wp-block-heading\">Facile \u00e0 nettoyer <\/h3>    <p class=\"translation-block\">La planeuse \u00e0 viande peut \u00eatre nettoy\u00e9e directement \u00e0 l'eau. Fabriqu\u00e9e en <a href=\"https:\/\/en.wikipedia.org\/wiki\/Stainless_steel\" data-type=\"URL\" data-id=\"https:\/\/en.wikipedia.org\/wiki\/Stainless_steel\" target=\"_blank\" rel=\"noopener\">acier inoxydable<\/a>, pas facile \u00e0 rouiller<\/p> <\/div><\/div>    <div class=\"wp-block-media-text alignwide has-media-on-the-right is-stacked-on-mobile\"><div class=\"wp-block-media-text__content\"> <h3 class=\"wp-block-heading\">Facile \u00e0 d\u00e9placer<\/h3>    <p>Le fond de la machine est install\u00e9 et il y a des roues.<\/p> <\/div><figure class=\"wp-block-media-text__media\"><img loading=\"lazy\" decoding=\"async\" width=\"720\" height=\"540\" src=\"https:\/\/www.meatprocessingmachine.org\/wp-content\/uploads\/2023\/01\/meat-cutting-machine.webp\" alt=\"machine \u00e0 couper la viande\" class=\"wp-image-34068 size-full\" title=\"\" srcset=\"https:\/\/www.meatprocessingmachine.org\/wp-content\/uploads\/2023\/01\/meat-cutting-machine.webp 720w, https:\/\/www.meatprocessingmachine.org\/wp-content\/uploads\/2023\/01\/meat-cutting-machine-300x225.webp 300w\" sizes=\"auto, (max-width: 720px) 100vw, 720px\" \/><\/figure><\/div>    <div class=\"wp-block-media-text alignwide is-stacked-on-mobile\"><figure class=\"wp-block-media-text__media\"><img loading=\"lazy\" decoding=\"async\" width=\"720\" height=\"540\" src=\"https:\/\/www.meatprocessingmachine.org\/wp-content\/uploads\/2023\/01\/meat-slicer-machine-6.webp\" alt=\"machine \u00e0 trancher la viande\" class=\"wp-image-34069 size-full\" title=\"\" srcset=\"https:\/\/www.meatprocessingmachine.org\/wp-content\/uploads\/2023\/01\/meat-slicer-machine-6.webp 720w, https:\/\/www.meatprocessingmachine.org\/wp-content\/uploads\/2023\/01\/meat-slicer-machine-6-300x225.webp 300w\" sizes=\"auto, (max-width: 720px) 100vw, 720px\" \/><\/figure><div class=\"wp-block-media-text__content\"> <h3 class=\"wp-block-heading\">Couteaux robustes<\/h3>    <p>Les couteaux peuvent couper rapidement la viande congel\u00e9e en flocons de viande, et la sortie est fluide.<\/p> <\/div><\/div>    <h2 class=\"wp-block-heading\">Param\u00e8tres de la machine \u00e0 trancher la viande congel\u00e9e<\/h2>    <figure class=\"wp-block-table\"><table><tbody><tr><td>Mod\u00e8le<\/td><td>&nbsp;BR-960<\/td><\/tr><tr><td>Puissance<\/td><td>4<\/td><\/tr><tr><td>Capacit\u00e9 de production (kg)<\/td><td>600-1200<\/td><\/tr><tr><td>\u00c9paisseur de tranche (mm)<\/td><td>5-10<\/td><\/tr><tr><td>Tension d'alimentation (v)<\/td><td>380<\/td><\/tr><tr><td>Taille (mm)<\/td><td>1350x650x1350<\/td><\/tr><\/tbody><\/table><figcaption class=\"wp-element-caption\">machine \u00e0 trancher la viande congel\u00e9e<\/figcaption><\/figure>    <figure class=\"wp-block-gallery has-nested-images columns-4 is-cropped wp-block-gallery-3 is-layout-flex wp-block-gallery-is-layout-flex\"> <figure class=\"wp-block-image size-large\"><img loading=\"lazy\" decoding=\"async\" width=\"720\" height=\"540\" data-id=\"34053\" src=\"https:\/\/www.meatprocessingmachine.org\/wp-content\/uploads\/2023\/01\/meat-slicer-machine.webp\" alt=\"machine \u00e0 trancher la viande\" class=\"wp-image-34053\" title=\"\" srcset=\"https:\/\/www.meatprocessingmachine.org\/wp-content\/uploads\/2023\/01\/meat-slicer-machine.webp 720w, https:\/\/www.meatprocessingmachine.org\/wp-content\/uploads\/2023\/01\/meat-slicer-machine-300x225.webp 300w\" sizes=\"auto, (max-width: 720px) 100vw, 720px\" \/><figcaption class=\"wp-element-caption\">machine \u00e0 trancher la viande<\/figcaption><\/figure>    <figure class=\"wp-block-image size-large\"><img loading=\"lazy\" decoding=\"async\" width=\"720\" height=\"540\" data-id=\"34054\" src=\"https:\/\/www.meatprocessingmachine.org\/wp-content\/uploads\/2023\/01\/meat-slicer-machine-1.webp\" alt=\"\u00e9quipement de trancheuse \u00e0 viande\" class=\"wp-image-34054\" title=\"\" srcset=\"https:\/\/www.meatprocessingmachine.org\/wp-content\/uploads\/2023\/01\/meat-slicer-machine-1.webp 720w, https:\/\/www.meatprocessingmachine.org\/wp-content\/uploads\/2023\/01\/meat-slicer-machine-1-300x225.webp 300w\" sizes=\"auto, (max-width: 720px) 100vw, 720px\" \/><figcaption class=\"wp-element-caption\">\u00e9quipement de trancheuse \u00e0 viande<\/figcaption><\/figure>    <figure class=\"wp-block-image size-large\"><img loading=\"lazy\" decoding=\"async\" width=\"720\" height=\"540\" data-id=\"34055\" src=\"https:\/\/www.meatprocessingmachine.org\/wp-content\/uploads\/2023\/01\/meat-slicer-machine-2.webp\" alt=\"machine \u00e0 trancher la viande\" class=\"wp-image-34055\" title=\"\" srcset=\"https:\/\/www.meatprocessingmachine.org\/wp-content\/uploads\/2023\/01\/meat-slicer-machine-2.webp 720w, https:\/\/www.meatprocessingmachine.org\/wp-content\/uploads\/2023\/01\/meat-slicer-machine-2-300x225.webp 300w\" sizes=\"auto, (max-width: 720px) 100vw, 720px\" \/><figcaption class=\"wp-element-caption\">machine trancheuse \u00e0 viande<\/figcaption><\/figure>    <figure class=\"wp-block-image size-large\"><img loading=\"lazy\" decoding=\"async\" width=\"720\" height=\"540\" data-id=\"34056\" src=\"https:\/\/www.meatprocessingmachine.org\/wp-content\/uploads\/2023\/01\/meat-slicer-machine-3.webp\" alt=\"machine \u00e0 trancher la viande\" class=\"wp-image-34056\" title=\"\" srcset=\"https:\/\/www.meatprocessingmachine.org\/wp-content\/uploads\/2023\/01\/meat-slicer-machine-3.webp 720w, https:\/\/www.meatprocessingmachine.org\/wp-content\/uploads\/2023\/01\/meat-slicer-machine-3-300x225.webp 300w\" sizes=\"auto, (max-width: 720px) 100vw, 720px\" \/><figcaption class=\"wp-element-caption\">planificateur de viande<\/figcaption><\/figure> <\/figure>    <h2 class=\"wp-block-heading\">La planeuse \u00e0 viande peut \u00eatre \u00e9quip\u00e9e d'un \u00e9l\u00e9vateur<\/h2>    <figure class=\"wp-block-gallery has-nested-images columns-default is-cropped wp-block-gallery-4 is-layout-flex wp-block-gallery-is-layout-flex\"> <figure class=\"wp-block-image size-large\"><img loading=\"lazy\" decoding=\"async\" width=\"720\" height=\"540\" data-id=\"34057\" src=\"https:\/\/www.meatprocessingmachine.org\/wp-content\/uploads\/2023\/01\/Frozen-meat-slicer-elevator.webp\" alt=\"\u00c9l\u00e9vateur de trancheuse \u00e0 viande congel\u00e9e\" class=\"wp-image-34057\" title=\"\" srcset=\"https:\/\/www.meatprocessingmachine.org\/wp-content\/uploads\/2023\/01\/Frozen-meat-slicer-elevator.webp 720w, https:\/\/www.meatprocessingmachine.org\/wp-content\/uploads\/2023\/01\/Frozen-meat-slicer-elevator-300x225.webp 300w\" sizes=\"auto, (max-width: 720px) 100vw, 720px\" \/><figcaption class=\"wp-element-caption\">Ascenseur pour trancheuse de viande congel\u00e9e<\/figcaption><\/figure>    <figure class=\"wp-block-image size-large\"><img loading=\"lazy\" decoding=\"async\" width=\"720\" height=\"540\" data-id=\"34058\" src=\"https:\/\/www.meatprocessingmachine.org\/wp-content\/uploads\/2023\/01\/Frozen-meat-slicer-elevator-1.webp\" alt=\"\u00e9l\u00e9vateur de machine \u00e0 trancher la viande\" class=\"wp-image-34058\" title=\"\" srcset=\"https:\/\/www.meatprocessingmachine.org\/wp-content\/uploads\/2023\/01\/Frozen-meat-slicer-elevator-1.webp 720w, https:\/\/www.meatprocessingmachine.org\/wp-content\/uploads\/2023\/01\/Frozen-meat-slicer-elevator-1-300x225.webp 300w\" sizes=\"auto, (max-width: 720px) 100vw, 720px\" \/><figcaption class=\"wp-element-caption\">Ascenseur pour machine \u00e0 trancher la viande<\/figcaption><\/figure>    <figure class=\"wp-block-image size-large\"><img loading=\"lazy\" decoding=\"async\" width=\"720\" height=\"540\" data-id=\"34059\" src=\"https:\/\/www.meatprocessingmachine.org\/wp-content\/uploads\/2023\/01\/Frozen-meat-slicer-elevator-2.webp\" alt=\"ascenseur\" class=\"wp-image-34059\" title=\"\" srcset=\"https:\/\/www.meatprocessingmachine.org\/wp-content\/uploads\/2023\/01\/Frozen-meat-slicer-elevator-2.webp 720w, https:\/\/www.meatprocessingmachine.org\/wp-content\/uploads\/2023\/01\/Frozen-meat-slicer-elevator-2-300x225.webp 300w\" sizes=\"auto, (max-width: 720px) 100vw, 720px\" \/><figcaption class=\"wp-element-caption\">Ascenseur<\/figcaption><\/figure> <\/figure>    <p>Pourquoi la machine \u00e0 trancher la viande congel\u00e9e pour les flocons de viande a-t-elle besoin d'un palan ? Parce que la sortie de viande de la machine \u00e0 trancher la viande congel\u00e9e est en bas, si elle est \u00e9quip\u00e9e d'une machine \u00e0 trancher la viande congel\u00e9e, la viande coup\u00e9e peut \u00eatre directement transport\u00e9e vers la table de travail, ou la viande coup\u00e9e peut \u00eatre directement d\u00e9plac\u00e9e vers la machine suivante pour traitement, r\u00e9duisant ainsi la charge de travail.<\/p>    <h2 class=\"wp-block-heading\">Quel \u00e9quipement existe-t-il pour le traitement de la viande ?<\/h2>    <p>Il existe beaucoup d'\u00e9quipements de transformation de la viande, et de mani\u00e8re g\u00e9n\u00e9rale. Les machines utilis\u00e9es pour la viande congel\u00e9e et la viande fra\u00eeche sont diff\u00e9rentes. Et les diff\u00e9rentes viandes ont \u00e9galement des machines diff\u00e9rentes. Choisir la bonne machine peut faciliter la manipulation de la viande.<\/p>    <figure class=\"wp-block-image size-full\"><img loading=\"lazy\" decoding=\"async\" width=\"720\" height=\"540\" src=\"https:\/\/www.meatprocessingmachine.org\/wp-content\/uploads\/2023\/01\/meat-equipment.webp\" alt=\"\u00e9quipement de viande\" class=\"wp-image-34070\" title=\"\" srcset=\"https:\/\/www.meatprocessingmachine.org\/wp-content\/uploads\/2023\/01\/meat-equipment.webp 720w, https:\/\/www.meatprocessingmachine.org\/wp-content\/uploads\/2023\/01\/meat-equipment-300x225.webp 300w\" sizes=\"auto, (max-width: 720px) 100vw, 720px\" \/><figcaption class=\"wp-element-caption\">\u00c9quipement de viande<\/figcaption><\/figure>    <h3 class=\"wp-block-heading\">Trancheuses pour viande congel\u00e9e et fra\u00eeche<\/h3>    <p class=\"translation-block\">Que vous souhaitiez <a href=\"https:\/\/www.meatprocessingmachine.org\/fr\/products\/meat-cutting-machine\/\" data-type=\"URL\" data-id=\"https:\/\/www.meatprocessingmachine.org\/products\/meat-cutting-machine\/\">couper de la viande<\/a> ou <a href=\"https:\/\/www.meatprocessingmachine.org\/fr\/products\/meat-grinding-machine\/\" data-type=\"URL\" data-id=\"https:\/\/www.meatprocessingmachine.org\/products\/meat-grinding-machine\/\">hacher de la viande<\/a>, les machines pour viande surgel\u00e9e et viande fra\u00eeche sont diff\u00e9rentes, donc lors de l'achat d'une machine, il faut pr\u00eater une attention particuli\u00e8re \u00e0 savoir si la machine traite de la viande surgel\u00e9e ou de la viande fra\u00eeche.<\/p>    <h3 class=\"wp-block-heading\">Traitement de diff\u00e9rents types de viande<\/h3>    <p class=\"translation-block\">Les diff\u00e9rents types ici font r\u00e9f\u00e9rence au <a href=\"https:\/\/www.meatprocessingmachine.org\/fr\/category\/products\/fish\/\" data-type=\"URL\" data-id=\"https:\/\/www.meatprocessingmachine.org\/category\/products\/fish\/\">poisson<\/a> ou au porc, au <a href=\"https:\/\/www.meatprocessingmachine.org\/fr\/category\/products\/chicken-turkey\/\" data-type=\"URL\" data-id=\"https:\/\/www.meatprocessingmachine.org\/category\/products\/chicken-turkey\/\">poulet<\/a> ou \u00e0 la <a href=\"https:\/\/www.meatprocessingmachine.org\/fr\/meat-roll-cutting-machine.html\/\" data-type=\"URL\" data-id=\"https:\/\/www.meatprocessingmachine.org\/meat-roll-cutting-machine.html\">viande de mouton<\/a>. La principale diff\u00e9rence r\u00e9side dans le fait que la viande contienne ou non des os. C'est un autre point cl\u00e9 lors de l'achat d'une machine \u00e0 viande. Vous pouvez cliquer sur les liens de l'article pour en savoir plus sur les machines utilis\u00e9es pour le traitement de diff\u00e9rentes viandes.<\/p>","protected":false},"excerpt":{"rendered":"<p>Une machine \u00e0 trancher la viande congel\u00e9e est un \u00e9quipement qui peut couper la viande congel\u00e9e en tranches dans un \u00e9tat congel\u00e9. C'est une machine sp\u00e9cialement con\u00e7ue pour les tranches de viande. Elle peut couper la t\u00eate de porc congel\u00e9e, le poisson, le blanc de poulet, etc.<\/p>","protected":false},"author":1,"featured_media":34048,"parent":0,"template":"","product-type":[589],"class_list":["post-34047","product","type-product","status-publish","has-post-thumbnail","hentry","product-type-meat-cutting-machine"],"_links":{"self":[{"href":"https:\/\/www.meatprocessingmachine.org\/fr\/wp-json\/wp\/v2\/product\/34047","targetHints":{"allow":["GET"]}}],"collection":[{"href":"https:\/\/www.meatprocessingmachine.org\/fr\/wp-json\/wp\/v2\/product"}],"about":[{"href":"https:\/\/www.meatprocessingmachine.org\/fr\/wp-json\/wp\/v2\/types\/product"}],"author":[{"embeddable":true,"href":"https:\/\/www.meatprocessingmachine.org\/fr\/wp-json\/wp\/v2\/users\/1"}],"wp:featuredmedia":[{"embeddable":true,"href":"https:\/\/www.meatprocessingmachine.org\/fr\/wp-json\/wp\/v2\/media\/34048"}],"wp:attachment":[{"href":"https:\/\/www.meatprocessingmachine.org\/fr\/wp-json\/wp\/v2\/media?parent=34047"}],"wp:term":[{"taxonomy":"product-type","embeddable":true,"href":"https:\/\/www.meatprocessingmachine.org\/fr\/wp-json\/wp\/v2\/product-type?post=34047"}],"curies":[{"name":"wp","href":"https:\/\/api.w.org\/{rel}","templated":true}]}}