{"id":34714,"date":"2026-02-24T16:23:05","date_gmt":"2026-02-24T08:23:05","guid":{"rendered":"https:\/\/www.meatprocessingmachine.org\/?post_type=product&#038;p=34714"},"modified":"2026-03-06T09:58:31","modified_gmt":"2026-03-06T01:58:31","slug":"fresh-meat-strip-cutting-machine","status":"publish","type":"product","link":"https:\/\/www.meatprocessingmachine.org\/fr\/fresh-meat-strip-cutting-machine.html","title":{"rendered":"Machine de d\u00e9coupe de viande fra\u00eeche"},"content":{"rendered":"<div class=\"kk-star-ratings kksr-auto kksr-align-right kksr-valign-top\"     data-payload='{&quot;align&quot;:&quot;right&quot;,&quot;id&quot;:&quot;34714&quot;,&quot;slug&quot;:&quot;default&quot;,&quot;valign&quot;:&quot;top&quot;,&quot;ignore&quot;:&quot;&quot;,&quot;reference&quot;:&quot;auto&quot;,&quot;class&quot;:&quot;&quot;,&quot;count&quot;:&quot;0&quot;,&quot;legendonly&quot;:&quot;&quot;,&quot;readonly&quot;:&quot;&quot;,&quot;score&quot;:&quot;0&quot;,&quot;starsonly&quot;:&quot;&quot;,&quot;best&quot;:&quot;5&quot;,&quot;gap&quot;:&quot;5&quot;,&quot;greet&quot;:&quot;Rate this product&quot;,&quot;legend&quot;:&quot;0\\\/5 - (0 vote)&quot;,&quot;size&quot;:&quot;24&quot;,&quot;title&quot;:&quot;Fresh Meat Strip Cutting Machine&quot;,&quot;width&quot;:&quot;0&quot;,&quot;_legend&quot;:&quot;{score}\\\/{best} - ({count} {votes})&quot;,&quot;font_factor&quot;:&quot;1.25&quot;}'>              <div class=\"kksr-stars\">      <div class=\"kksr-stars-inactive\">             <div class=\"kksr-star\" data-star=\"1\" style=\"padding-right: 5px\">               <div class=\"kksr-icon\" style=\"width: 24px; height: 24px;\"><\/div>         <\/div>             <div class=\"kksr-star\" data-star=\"2\" style=\"padding-right: 5px\">               <div class=\"kksr-icon\" style=\"width: 24px; height: 24px;\"><\/div>         <\/div>             <div class=\"kksr-star\" data-star=\"3\" style=\"padding-right: 5px\">               <div class=\"kksr-icon\" style=\"width: 24px; height: 24px;\"><\/div>         <\/div>             <div class=\"kksr-star\" data-star=\"4\" style=\"padding-right: 5px\">               <div class=\"kksr-icon\" style=\"width: 24px; height: 24px;\"><\/div>         <\/div>             <div class=\"kksr-star\" data-star=\"5\" style=\"padding-right: 5px\">               <div class=\"kksr-icon\" style=\"width: 24px; height: 24px;\"><\/div>         <\/div>     <\/div>      <div class=\"kksr-stars-active\" style=\"width: 0px;\">             <div class=\"kksr-star\" style=\"padding-right: 5px\">               <div class=\"kksr-icon\" style=\"width: 24px; height: 24px;\"><\/div>         <\/div>             <div class=\"kksr-star\" style=\"padding-right: 5px\">               <div class=\"kksr-icon\" style=\"width: 24px; height: 24px;\"><\/div>         <\/div>             <div class=\"kksr-star\" style=\"padding-right: 5px\">               <div class=\"kksr-icon\" style=\"width: 24px; height: 24px;\"><\/div>         <\/div>             <div class=\"kksr-star\" style=\"padding-right: 5px\">               <div class=\"kksr-icon\" style=\"width: 24px; height: 24px;\"><\/div>         <\/div>             <div class=\"kksr-star\" style=\"padding-right: 5px\">               <div class=\"kksr-icon\" style=\"width: 24px; height: 24px;\"><\/div>         <\/div>     <\/div> <\/div>                   <div class=\"kksr-legend\" style=\"font-size: 19.2px;\">             <span class=\"kksr-muted\">\u00c9valuez ce produit<\/span>     <\/div>     <\/div>  <p class=\"translation-block\">La  machine de d\u00e9coupe de viande fra\u00eeche  est une machine de transformation de la viande con\u00e7ue pour couper la viande fra\u00eeche en  tranches, morceaux, cubes ou morceaux .<\/p>    <figure class=\"wp-block-gallery has-nested-images columns-default is-cropped wp-block-gallery-2 is-layout-flex wp-block-gallery-is-layout-flex\"> <figure class=\"wp-block-image size-large\"><img loading=\"lazy\" decoding=\"async\" width=\"720\" height=\"540\" data-id=\"34716\" src=\"https:\/\/www.meatprocessingmachine.org\/wp-content\/uploads\/2026\/02\/Strip-Cut-Fresh-Meat.webp\" alt=\"Viande fra\u00eeche en tranches\" class=\"wp-image-34716\" title=\"\" srcset=\"https:\/\/www.meatprocessingmachine.org\/wp-content\/uploads\/2026\/02\/Strip-Cut-Fresh-Meat.webp 720w, https:\/\/www.meatprocessingmachine.org\/wp-content\/uploads\/2026\/02\/Strip-Cut-Fresh-Meat-300x225.webp 300w, https:\/\/www.meatprocessingmachine.org\/wp-content\/uploads\/2026\/02\/Strip-Cut-Fresh-Meat-16x12.webp 16w\" sizes=\"auto, (max-width: 720px) 100vw, 720px\" \/><figcaption class=\"wp-element-caption\">Viande fra\u00eeche en tranches<\/figcaption><\/figure>    <figure class=\"wp-block-image size-large\"><img loading=\"lazy\" decoding=\"async\" width=\"720\" height=\"540\" data-id=\"34715\" src=\"https:\/\/www.meatprocessingmachine.org\/wp-content\/uploads\/2026\/02\/Chunk-Cut-Fresh-Meat.webp\" alt=\"Viande fra\u00eeche coup\u00e9e en morceaux\" class=\"wp-image-34715\" title=\"\" srcset=\"https:\/\/www.meatprocessingmachine.org\/wp-content\/uploads\/2026\/02\/Chunk-Cut-Fresh-Meat.webp 720w, https:\/\/www.meatprocessingmachine.org\/wp-content\/uploads\/2026\/02\/Chunk-Cut-Fresh-Meat-300x225.webp 300w, https:\/\/www.meatprocessingmachine.org\/wp-content\/uploads\/2026\/02\/Chunk-Cut-Fresh-Meat-16x12.webp 16w\" sizes=\"auto, (max-width: 720px) 100vw, 720px\" \/><figcaption class=\"wp-element-caption\">Viande fra\u00eeche coup\u00e9e en morceaux<\/figcaption><\/figure> <\/figure>    <p class=\"translation-block\">Taizy propose les mod\u00e8les 340 et 500, avec des capacit\u00e9s de production adapt\u00e9es \u00e0 diff\u00e9rents besoins \u2014 le mod\u00e8le 340 atteint <strong><mark class=\"has-inline-color has-luminous-vivid-amber-color\">0\u2013600\u202fkg\/h<\/mark><\/strong>, tandis que le mod\u00e8le 500 peut aller jusqu'\u00e0 <strong><mark class=\"has-inline-color has-luminous-vivid-amber-color\">0\u20131000\u202fkg\/h<\/mark><\/strong>.<\/p>   <div class=\"wp-block-image\"> <figure class=\"aligncenter size-full\"><img loading=\"lazy\" decoding=\"async\" width=\"720\" height=\"540\" src=\"https:\/\/www.meatprocessingmachine.org\/wp-content\/uploads\/2026\/02\/Fresh-Meat-Strip-Cutting-Machine.webp\" alt=\"Machine de d\u00e9coupe de viande fra\u00eeche\" class=\"wp-image-34721\" title=\"\" srcset=\"https:\/\/www.meatprocessingmachine.org\/wp-content\/uploads\/2026\/02\/Fresh-Meat-Strip-Cutting-Machine.webp 720w, https:\/\/www.meatprocessingmachine.org\/wp-content\/uploads\/2026\/02\/Fresh-Meat-Strip-Cutting-Machine-300x225.webp 300w, https:\/\/www.meatprocessingmachine.org\/wp-content\/uploads\/2026\/02\/Fresh-Meat-Strip-Cutting-Machine-16x12.webp 16w\" sizes=\"auto, (max-width: 720px) 100vw, 720px\" \/><figcaption class=\"wp-element-caption\">Machine de d\u00e9coupe de viande fra\u00eeche<\/figcaption><\/figure> <\/div>   <p class=\"translation-block\">Fabriqu\u00e9e en acier inoxydable de haute qualit\u00e9 et \u00e9quip\u00e9e de <strong><mark class=\"has-inline-color has-luminous-vivid-amber-color\">lames en acier inoxydable 440C<\/mark><\/strong>, la machine garantit une coupe pr\u00e9cise et efficace. L'ensemble de lames peut \u00eatre rapidement chang\u00e9 en 1 minute, permettant un traitement polyvalent en une \u00e9tape pour les tranches\/slices et une deuxi\u00e8me \u00e9tape pour les cubes\/morceaux.<\/p>    <figure class=\"wp-block-embed is-type-video is-provider-youtube wp-block-embed-youtube wp-embed-aspect-16-9 wp-has-aspect-ratio\"><div class=\"wp-block-embed__wrapper\"> <iframe loading=\"lazy\" title=\"Machine de d\u00e9coupe de viande fra\u00eeche puissante pour un traitement efficace de la viande\" width=\"500\" height=\"281\" src=\"https:\/\/www.youtube.com\/embed\/HYhztLgd1_U?feature=oembed\" frameborder=\"0\" allow=\"accelerometer; autoplay; clipboard-write; encrypted-media; gyroscope; picture-in-picture; web-share\" referrerpolicy=\"strict-origin-when-cross-origin\" allowfullscreen><\/iframe> <\/div><\/figure>    <h2 class=\"wp-block-heading\">Fonctions de la machine de d\u00e9coupe de tranches de viande fra\u00eeche<\/h2>    <p class=\"translation-block\"><strong><mark class=\"has-inline-color has-luminous-vivid-amber-color\">D\u00e9coupe multi-tailles, une machine pour plusieurs usages<\/mark><\/strong><\/p>    <p>La machine peut couper la viande en tranches ou en morceaux en une \u00e9tape avec une taille uniforme et des surfaces lisses. Elle supporte \u00e9galement une deuxi\u00e8me \u00e9tape pour couper en d\u00e9s ou en morceaux, r\u00e9pondant \u00e0 diff\u00e9rents besoins de produits et am\u00e9liorant la flexibilit\u00e9 de la production.<\/p>    <p class=\"translation-block\"><strong><mark class=\"has-inline-color has-luminous-vivid-amber-color\">Conception de changement rapide de lame<\/mark><\/strong><\/p>    <p>L'ensemble de lames modulable peut \u00eatre retir\u00e9 et remplac\u00e9 en 1 minute, r\u00e9duisant consid\u00e9rablement le temps d'arr\u00eat et permettant un changement rapide entre diff\u00e9rentes tailles de produits.<\/p>    <p class=\"translation-block\"><strong><mark class=\"has-inline-color has-luminous-vivid-amber-color\">Options de d\u00e9coupe personnalis\u00e9es<\/mark><\/strong><\/p>    <p>Prend en charge des lames personnalis\u00e9es pour traiter une vari\u00e9t\u00e9 de mati\u00e8res premi\u00e8res, y compris la viande avec os comme le poulet, le canard et le poisson, permettant une coupe pr\u00e9cise.<\/p>   <div class=\"wp-block-image\"> <figure class=\"aligncenter size-full\"><img loading=\"lazy\" decoding=\"async\" width=\"720\" height=\"540\" src=\"https:\/\/www.meatprocessingmachine.org\/wp-content\/uploads\/2026\/02\/Meat-Slicing-Cutting-Machine.webp\" alt=\"Machine de d\u00e9coupe de viande en tranches\" class=\"wp-image-34720\" title=\"\" srcset=\"https:\/\/www.meatprocessingmachine.org\/wp-content\/uploads\/2026\/02\/Meat-Slicing-Cutting-Machine.webp 720w, https:\/\/www.meatprocessingmachine.org\/wp-content\/uploads\/2026\/02\/Meat-Slicing-Cutting-Machine-300x225.webp 300w, https:\/\/www.meatprocessingmachine.org\/wp-content\/uploads\/2026\/02\/Meat-Slicing-Cutting-Machine-16x12.webp 16w\" sizes=\"auto, (max-width: 720px) 100vw, 720px\" \/><figcaption class=\"wp-element-caption\">Machine de d\u00e9coupe de viande en tranches<\/figcaption><\/figure> <\/div>   <h2 class=\"wp-block-heading\">Mat\u00e9riaux bruts adapt\u00e9s<\/h2>    <p>La machine de d\u00e9coupe de tranches de viande g\u00e8re quatre cat\u00e9gories principales de mati\u00e8res premi\u00e8res, traitant efficacement les produits sans os et avec os sur mesure :<\/p>    <ul class=\"wp-block-list\"> <li><strong>Viande fra\u00eeche :<\/strong> Porc, b\u0153uf, agneau sans os, et autres viandes fra\u00eeches<\/li>    <li><strong>P\u00e2tisserie\/P\u00e2te :<\/strong> Tranches, slices ou cubes de divers produits de p\u00e2te<\/li>    <li><strong>L\u00e9gumes :<\/strong> L\u00e9gumes racines et feuilles comme radis, pomme de terre, racine de lotus et l\u00e9gumes verts<\/li>    <li><strong>Produits sp\u00e9ciaux :<\/strong> Aliments cuits, ainsi que la volaille et le poisson avec os (poulet, canard, poisson) avec des lames personnalis\u00e9es<\/li> <\/ul>    <figure class=\"wp-block-gallery has-nested-images columns-default is-cropped wp-block-gallery-3 is-layout-flex wp-block-gallery-is-layout-flex\"> <figure class=\"wp-block-image size-large\"><img loading=\"lazy\" decoding=\"async\" width=\"720\" height=\"540\" data-id=\"34724\" src=\"https:\/\/www.meatprocessingmachine.org\/wp-content\/uploads\/2026\/02\/Lamb.webp\" alt=\"Agneau\" class=\"wp-image-34724\" title=\"\" srcset=\"https:\/\/www.meatprocessingmachine.org\/wp-content\/uploads\/2026\/02\/Lamb.webp 720w, https:\/\/www.meatprocessingmachine.org\/wp-content\/uploads\/2026\/02\/Lamb-300x225.webp 300w, https:\/\/www.meatprocessingmachine.org\/wp-content\/uploads\/2026\/02\/Lamb-16x12.webp 16w\" sizes=\"auto, (max-width: 720px) 100vw, 720px\" \/><figcaption class=\"wp-element-caption\">Agneau<\/figcaption><\/figure>    <figure class=\"wp-block-image size-large\"><img loading=\"lazy\" decoding=\"async\" width=\"720\" height=\"540\" data-id=\"34723\" src=\"https:\/\/www.meatprocessingmachine.org\/wp-content\/uploads\/2026\/02\/Beef.webp\" alt=\"Boeuf\" class=\"wp-image-34723\" title=\"\" srcset=\"https:\/\/www.meatprocessingmachine.org\/wp-content\/uploads\/2026\/02\/Beef.webp 720w, https:\/\/www.meatprocessingmachine.org\/wp-content\/uploads\/2026\/02\/Beef-300x225.webp 300w, https:\/\/www.meatprocessingmachine.org\/wp-content\/uploads\/2026\/02\/Beef-16x12.webp 16w\" sizes=\"auto, (max-width: 720px) 100vw, 720px\" \/><figcaption class=\"wp-element-caption\">Boeuf<\/figcaption><\/figure>    <figure class=\"wp-block-image size-large\"><img loading=\"lazy\" decoding=\"async\" width=\"720\" height=\"540\" data-id=\"34725\" src=\"https:\/\/www.meatprocessingmachine.org\/wp-content\/uploads\/2026\/02\/Potato-Slices.webp\" alt=\"Tranches de pomme de terre\" class=\"wp-image-34725\" title=\"\" srcset=\"https:\/\/www.meatprocessingmachine.org\/wp-content\/uploads\/2026\/02\/Potato-Slices.webp 720w, https:\/\/www.meatprocessingmachine.org\/wp-content\/uploads\/2026\/02\/Potato-Slices-300x225.webp 300w, https:\/\/www.meatprocessingmachine.org\/wp-content\/uploads\/2026\/02\/Potato-Slices-16x12.webp 16w\" sizes=\"auto, (max-width: 720px) 100vw, 720px\" \/><figcaption class=\"wp-element-caption\">Tranches de pomme de terre<\/figcaption><\/figure> <\/figure>    <h2 class=\"wp-block-heading\">Quels sont les principaux avantages de la machine de d\u00e9coupe de tranches de viande fra\u00eeche ?<\/h2>    <div class=\"wp-block-columns is-layout-flex wp-container-core-columns-is-layout-9d6595d7 wp-block-columns-is-layout-flex\"> <div class=\"wp-block-column is-layout-flow wp-block-column-is-layout-flow\"> <p class=\"has-text-align-center translation-block\"><strong><mark class=\"has-inline-color has-luminous-vivid-amber-color\">Haute capacit\u00e9 de production<\/mark><\/strong><\/p>    <p>Le mod\u00e8le 340 atteint 0\u2013600\u202fkg\/h, et le mod\u00e8le 500 jusqu'\u00e0 0\u20131000\u202fkg\/h, r\u00e9pondant aux besoins des petites \u00e0 grandes unit\u00e9s de transformation et permettant un traitement par lots efficace.<\/p> <\/div>    <div class=\"wp-block-column is-layout-flow wp-block-column-is-layout-flow\"> <p class=\"has-text-align-center translation-block\"><strong><mark class=\"has-inline-color has-luminous-vivid-amber-color\">Syst\u00e8me moteur puissant<\/mark><\/strong><\/p>    <p>\u00c9quip\u00e9e d'un moteur de 1,5\u202fkW, la machine fonctionne en douceur avec une puissance suffisante, supportant une op\u00e9ration continue longue et une production stable.<\/p> <\/div> <\/div>    <div class=\"wp-block-columns is-layout-flex wp-container-core-columns-is-layout-9d6595d7 wp-block-columns-is-layout-flex\"> <div class=\"wp-block-column is-layout-flow wp-block-column-is-layout-flow\"> <p class=\"has-text-align-center translation-block\"><strong><mark class=\"has-inline-color has-luminous-vivid-amber-color\">Grande capacit\u00e9 d'alimentation<\/mark><\/strong><\/p>    <p>Peut traiter facilement de gros morceaux de viande fra\u00eeche ou de p\u00e2te, am\u00e9liorant l'utilisation des mati\u00e8res premi\u00e8res.<\/p> <\/div>    <div class=\"wp-block-column is-layout-flow wp-block-column-is-layout-flow\"> <p class=\"has-text-align-center translation-block\"><strong><mark class=\"has-inline-color has-luminous-vivid-amber-color\">Mat\u00e9riaux durables et de haute qualit\u00e9<\/mark><\/strong><\/p>    <p>Fabriqu\u00e9e en acier inoxydable de qualit\u00e9 sup\u00e9rieure, r\u00e9sistante \u00e0 la corrosion et facile \u00e0 nettoyer, r\u00e9pondant aux normes d'hygi\u00e8ne alimentaire. Les lames sont en acier inoxydable 440C, tranchantes et robustes pour une performance de coupe durable.<\/p> <\/div> <\/div>    <div class=\"wp-block-columns is-layout-flex wp-container-core-columns-is-layout-9d6595d7 wp-block-columns-is-layout-flex\"> <div class=\"wp-block-column is-layout-flow wp-block-column-is-layout-flow\"> <p class=\"has-text-align-center translation-block\"><strong><mark class=\"has-inline-color has-luminous-vivid-amber-color\">Facile \u00e0 utiliser<\/mark><\/strong><\/p>    <p>Conception int\u00e9gr\u00e9e avec changement rapide de lame et d\u00e9coupe multifonctionnelle r\u00e9duit les \u00e9tapes manuelles et am\u00e9liore l'efficacit\u00e9 du traitement.<\/p> <\/div>    <div class=\"wp-block-column is-layout-flow wp-block-column-is-layout-flow\"> <p class=\"has-text-align-center translation-block\"><strong><mark class=\"has-inline-color has-luminous-vivid-amber-color\">Fonctions de d\u00e9coupe polyvalentes<\/mark><\/strong><\/p>    <p>Prend en charge la d\u00e9coupe en tranches, cubes, morceaux et en morceaux. La d\u00e9coupe en une \u00e9tape en tranches ou en morceaux, avec une deuxi\u00e8me \u00e9tape de d\u00e9coupe en d\u00e9s, offre des options de traitement flexibles pour diff\u00e9rents besoins de produits.<\/p> <\/div> <\/div>   <div class=\"wp-block-image\"> <figure class=\"aligncenter size-full\"><img loading=\"lazy\" decoding=\"async\" width=\"720\" height=\"540\" src=\"https:\/\/www.meatprocessingmachine.org\/wp-content\/uploads\/2026\/02\/Fresh-Meat-Strip-Cutting-Machine-For-Sale.webp\" alt=\"Machine de d\u00e9coupe de tranches de viande fra\u00eeche \u00e0 vendre\" class=\"wp-image-34718\" title=\"\" srcset=\"https:\/\/www.meatprocessingmachine.org\/wp-content\/uploads\/2026\/02\/Fresh-Meat-Strip-Cutting-Machine-For-Sale.webp 720w, https:\/\/www.meatprocessingmachine.org\/wp-content\/uploads\/2026\/02\/Fresh-Meat-Strip-Cutting-Machine-For-Sale-300x225.webp 300w, https:\/\/www.meatprocessingmachine.org\/wp-content\/uploads\/2026\/02\/Fresh-Meat-Strip-Cutting-Machine-For-Sale-16x12.webp 16w\" sizes=\"auto, (max-width: 720px) 100vw, 720px\" \/><figcaption class=\"wp-element-caption\">Machine de d\u00e9coupe de tranches de viande fra\u00eeche \u00e0 vendre<\/figcaption><\/figure> <\/div>   <h2 class=\"wp-block-heading\">Param\u00e8tres techniques<\/h2>    <figure class=\"wp-block-table\"><table class=\"has-fixed-layout\"><thead><tr><th>Param\u00e8tre<\/th><th>Machine de d\u00e9coupe de viande fra\u00eeche mod\u00e8le 340<\/th><th>Machine de d\u00e9coupe de tranches de viande fra\u00eeche mod\u00e8le 500<\/th><\/tr><\/thead><tbody><tr><td>Puissance du moteur<\/td><td>1,5\u202fkW<\/td><td>1,5\u202fkW<\/td><\/tr><tr><td>Tension<\/td><td>380\u202fV<\/td><td>380\u202fV<\/td><\/tr><tr><td>Taille maximale d'alimentation<\/td><td>1000 \u00d7 330 \u00d7 70\u202fmm<\/td><td>1000 \u00d7 480 \u00d7 70\u202fmm<\/td><\/tr><tr><td>Capacit\u00e9 de production<\/td><td>0\u2013600\u202fkg\/h<\/td><td>0\u20131000\u202fkg\/h<\/td><\/tr><tr><td>Poids de la machine<\/td><td>180\u202fkg<\/td><td>200\u202fkg<\/td><\/tr><tr><td>Dimensions (L \u00d7 l \u00d7 H)<\/td><td>1680 \u00d7 680 \u00d7 1160\u202fmm<\/td><td>1680 \u00d7 860 \u00d7 1160\u202fmm<\/td><\/tr><\/tbody><\/table><\/figure>   <div class=\"wp-block-image\"> <figure class=\"aligncenter size-full\"><img loading=\"lazy\" decoding=\"async\" width=\"720\" height=\"540\" src=\"https:\/\/www.meatprocessingmachine.org\/wp-content\/uploads\/2026\/02\/Fresh-Meat-Strip-Cutter.webp\" alt=\"Machine de d\u00e9coupe de tranches de viande fra\u00eeche\" class=\"wp-image-34717\" title=\"\" srcset=\"https:\/\/www.meatprocessingmachine.org\/wp-content\/uploads\/2026\/02\/Fresh-Meat-Strip-Cutter.webp 720w, https:\/\/www.meatprocessingmachine.org\/wp-content\/uploads\/2026\/02\/Fresh-Meat-Strip-Cutter-300x225.webp 300w, https:\/\/www.meatprocessingmachine.org\/wp-content\/uploads\/2026\/02\/Fresh-Meat-Strip-Cutter-16x12.webp 16w\" sizes=\"auto, (max-width: 720px) 100vw, 720px\" \/><figcaption class=\"wp-element-caption\">Machine de d\u00e9coupe de tranches de viande fra\u00eeche<\/figcaption><\/figure> <\/div>   <h2 class=\"wp-block-heading\">Pourquoi choisir la machine de d\u00e9coupe de tranches de viande fra\u00eeche Taizy ?<\/h2>    <p class=\"translation-block\"><strong>Certification fiable, qualit\u00e9 garantie<\/strong><\/p>    <p>Les machines de d\u00e9coupe de tranches de viande fra\u00eeche Taizy d\u00e9tiennent plusieurs certifications internationales, notamment ISO9001, CE, ainsi que des tests par SGS et TUV. Chaque \u00e9tape, de la conception \u00e0 la production en passant par la livraison, respecte les normes internationales de qualit\u00e9 et de s\u00e9curit\u00e9, garantissant une performance reconnue mondialement.<\/p>    <p class=\"translation-block\"><strong>Service apr\u00e8s-vente complet<\/strong><\/p>    <ul class=\"wp-block-list\"> <li><strong>Extension de garantie :<\/strong> Toutes les machines sont livr\u00e9es avec une garantie gratuite d'un an. Les dommages non humains sont r\u00e9par\u00e9s ou remplac\u00e9s sans frais.<\/li>    <li><strong>Guide complet d'installation :<\/strong> Manuels standardis\u00e9s et support professionnel \u00e0 distance aident les entreprises \u00e0 configurer rapidement la machine.<\/li>    <li><strong>Support sur site :<\/strong> Pour les installations complexes, des ing\u00e9nieurs peuvent \u00eatre d\u00e9p\u00each\u00e9s pour g\u00e9rer l'installation, la mise en service et la formation des op\u00e9rateurs, assurant un d\u00e9marrage rapide de la production.<\/li> <\/ul>    <p>Du design central et une qualit\u00e9 certifi\u00e9e \u00e0 un support apr\u00e8s-vente complet, les machines de d\u00e9coupe de tranches de viande fra\u00eeche Taizy permettent aux entreprises de transformation alimentaire et sont le choix privil\u00e9gi\u00e9 pour la d\u00e9coupe et la transformation de la viande.<\/p>    <p class=\"translation-block\">En plus de la machine de d\u00e9coupe de tranches de viande fra\u00eeche, nous proposons \u00e9galement <strong><a href=\"https:\/\/www.meatprocessingmachine.org\/fr\/products\/meat-cutting-machine\/\">machines \u00e0 trancher la viande fra\u00eeche<\/a><\/strong> et d'autres \u00e9quipements de transformation de la viande pour soutenir vos besoins de production. Si vous \u00eates int\u00e9ress\u00e9, n'h\u00e9sitez pas \u00e0 nous contacter pour plus de d\u00e9tails.<\/p>   <div class=\"wp-block-image\"> <figure class=\"aligncenter size-full\"><img loading=\"lazy\" decoding=\"async\" width=\"720\" height=\"540\" src=\"https:\/\/www.meatprocessingmachine.org\/wp-content\/uploads\/2026\/02\/Industrial-Meat-Slicing-Machine.webp\" alt=\"Machine de d\u00e9coupe de viande industrielle\" class=\"wp-image-34648\" title=\"\" srcset=\"https:\/\/www.meatprocessingmachine.org\/wp-content\/uploads\/2026\/02\/Industrial-Meat-Slicing-Machine.webp 720w, https:\/\/www.meatprocessingmachine.org\/wp-content\/uploads\/2026\/02\/Industrial-Meat-Slicing-Machine-300x225.webp 300w, https:\/\/www.meatprocessingmachine.org\/wp-content\/uploads\/2026\/02\/Industrial-Meat-Slicing-Machine-16x12.webp 16w\" sizes=\"auto, (max-width: 720px) 100vw, 720px\" \/><figcaption class=\"wp-element-caption\">Machine de d\u00e9coupe de viande industrielle<\/figcaption><\/figure> <\/div>","protected":false},"excerpt":{"rendered":"<p>The fresh meat strip cutting machine is a professional meat processing machine designed for cutting fresh meat into strips, slices, cubes, or chunks. Taizy offers the 340 and 500 models, with production capacities tailored to different processing needs \u2014 the 340 model reaches 0\u2013600\u202fkg\/h, while the 500 model can go up to 0\u20131000\u202fkg\/h. Made of [&hellip;]<\/p>\n","protected":false},"author":1,"featured_media":34727,"parent":0,"template":"","product-type":[582,583,589],"class_list":["post-34714","product","type-product","status-publish","has-post-thumbnail","hentry","product-type-cattle-sheep","product-type-chicken-turkey","product-type-meat-cutting-machine"],"_links":{"self":[{"href":"https:\/\/www.meatprocessingmachine.org\/fr\/wp-json\/wp\/v2\/product\/34714","targetHints":{"allow":["GET"]}}],"collection":[{"href":"https:\/\/www.meatprocessingmachine.org\/fr\/wp-json\/wp\/v2\/product"}],"about":[{"href":"https:\/\/www.meatprocessingmachine.org\/fr\/wp-json\/wp\/v2\/types\/product"}],"author":[{"embeddable":true,"href":"https:\/\/www.meatprocessingmachine.org\/fr\/wp-json\/wp\/v2\/users\/1"}],"wp:featuredmedia":[{"embeddable":true,"href":"https:\/\/www.meatprocessingmachine.org\/fr\/wp-json\/wp\/v2\/media\/34727"}],"wp:attachment":[{"href":"https:\/\/www.meatprocessingmachine.org\/fr\/wp-json\/wp\/v2\/media?parent=34714"}],"wp:term":[{"taxonomy":"product-type","embeddable":true,"href":"https:\/\/www.meatprocessingmachine.org\/fr\/wp-json\/wp\/v2\/product-type?post=34714"}],"curies":[{"name":"wp","href":"https:\/\/api.w.org\/{rel}","templated":true}]}}