{"id":83,"date":"2018-10-25T06:01:35","date_gmt":"2018-10-24T22:01:35","guid":{"rendered":"http:\/\/www.meatprocessingmachine.org\/?p=83"},"modified":"2026-02-12T16:42:44","modified_gmt":"2026-02-12T08:42:44","slug":"the-rotary-sterilizing-pot","status":"publish","type":"product","link":"https:\/\/www.meatprocessingmachine.org\/fr\/the-rotary-sterilizing-pot.html","title":{"rendered":"Pot de st\u00e9rilisation rotatif"},"content":{"rendered":"<div class=\"kk-star-ratings kksr-auto kksr-align-right kksr-valign-top\"     data-payload='{&quot;align&quot;:&quot;right&quot;,&quot;id&quot;:&quot;83&quot;,&quot;slug&quot;:&quot;default&quot;,&quot;valign&quot;:&quot;top&quot;,&quot;ignore&quot;:&quot;&quot;,&quot;reference&quot;:&quot;auto&quot;,&quot;class&quot;:&quot;&quot;,&quot;count&quot;:&quot;0&quot;,&quot;legendonly&quot;:&quot;&quot;,&quot;readonly&quot;:&quot;&quot;,&quot;score&quot;:&quot;0&quot;,&quot;starsonly&quot;:&quot;&quot;,&quot;best&quot;:&quot;5&quot;,&quot;gap&quot;:&quot;5&quot;,&quot;greet&quot;:&quot;Rate this product&quot;,&quot;legend&quot;:&quot;0\\\/5 - (0 vote)&quot;,&quot;size&quot;:&quot;24&quot;,&quot;title&quot;:&quot;Rotary\u00a0Sterilizing\u00a0Pot&quot;,&quot;width&quot;:&quot;0&quot;,&quot;_legend&quot;:&quot;{score}\\\/{best} - ({count} {votes})&quot;,&quot;font_factor&quot;:&quot;1.25&quot;}'>              <div class=\"kksr-stars\">      <div class=\"kksr-stars-inactive\">             <div class=\"kksr-star\" data-star=\"1\" style=\"padding-right: 5px\">               <div class=\"kksr-icon\" style=\"width: 24px; height: 24px;\"><\/div>         <\/div>             <div class=\"kksr-star\" data-star=\"2\" style=\"padding-right: 5px\">               <div class=\"kksr-icon\" style=\"width: 24px; height: 24px;\"><\/div>         <\/div>             <div class=\"kksr-star\" data-star=\"3\" style=\"padding-right: 5px\">               <div class=\"kksr-icon\" style=\"width: 24px; height: 24px;\"><\/div>         <\/div>             <div class=\"kksr-star\" data-star=\"4\" style=\"padding-right: 5px\">               <div class=\"kksr-icon\" style=\"width: 24px; height: 24px;\"><\/div>         <\/div>             <div class=\"kksr-star\" data-star=\"5\" style=\"padding-right: 5px\">               <div class=\"kksr-icon\" style=\"width: 24px; height: 24px;\"><\/div>         <\/div>     <\/div>      <div class=\"kksr-stars-active\" style=\"width: 0px;\">             <div class=\"kksr-star\" style=\"padding-right: 5px\">               <div class=\"kksr-icon\" style=\"width: 24px; height: 24px;\"><\/div>         <\/div>             <div class=\"kksr-star\" style=\"padding-right: 5px\">               <div class=\"kksr-icon\" style=\"width: 24px; height: 24px;\"><\/div>         <\/div>             <div class=\"kksr-star\" style=\"padding-right: 5px\">               <div class=\"kksr-icon\" style=\"width: 24px; height: 24px;\"><\/div>         <\/div>             <div class=\"kksr-star\" style=\"padding-right: 5px\">               <div class=\"kksr-icon\" style=\"width: 24px; height: 24px;\"><\/div>         <\/div>             <div class=\"kksr-star\" style=\"padding-right: 5px\">               <div class=\"kksr-icon\" style=\"width: 24px; height: 24px;\"><\/div>         <\/div>     <\/div> <\/div>                   <div class=\"kksr-legend\" style=\"font-size: 19.2px;\">             <span class=\"kksr-muted\">\u00c9valuez ce produit<\/span>     <\/div>     <\/div> <p class=\"translation-block\">La cage de mat\u00e9riel du<strong> autoclave rotatif<\/strong> est contr\u00f4l\u00e9e par des composants manuels avanc\u00e9s internationaux. La conception de la machine enti\u00e8re est raisonnable. Il est s\u00fbr et fiable \u00e0 utiliser, la structure est compacte, l'op\u00e9ration est facile, la maintenance est pratique et l'installation est simple.<\/p> <p>Dans le processus de st\u00e9rilisation continue, le cycle de st\u00e9rilisation est r\u00e9duit de moiti\u00e9, ce qui permet d'\u00e9conomiser la moiti\u00e9 de l'\u00e9nergie. C'est l'\u00e9quipement id\u00e9al pour les petits et moyens fabricants de produits alimentaires dans les villes respectueuses de l'environnement.<\/p> <p class=\"translation-block\"><strong>Champ d'application de l'autoclave rotatif :<\/strong><\/p> <p class=\"translation-block\">En tant qu'\u00e9quipement n\u00e9cessaire pour le chauffage, l'isolation, la st\u00e9rilisation, le refroidissement, le traitement ou le stockage de liquides, l'<strong>autoclave rotatif<\/strong> est largement utilis\u00e9 dans les industries alimentaires, des jus, pharmaceutiques, chimiques, des boissons et autres.<\/p> <div class=\"col-md-6\"><img decoding=\"async\" style=\"height: 350px;\" src=\"http:\/\/www.meatprocessingmachine.org\/wp-content\/uploads\/2018\/10\/The-rotary-sterilizing-pot12.jpg\" alt=\"\" title=\"\"><\/div> <div class=\"col-md-6\"><img decoding=\"async\" style=\"height: 350px;\" src=\"http:\/\/www.meatprocessingmachine.org\/wp-content\/uploads\/2018\/10\/The-rotary-sterilizing-pot16.jpg\" alt=\"\" title=\"\"><\/div> <p class=\"translation-block\"><strong>Param\u00e8tres de l'autoclave rotatif :<\/strong><\/p> <div class=\"table-responsive\"> <table class=\"table\"> <tbody> <tr> <td rowspan=\"2\" width=\"93\">Article<\/td> <td colspan=\"2\" width=\"108\">TZ-1000<\/td> <td colspan=\"2\" width=\"134\">TZ-1200<\/td> <td colspan=\"2\" width=\"138\">TZ-1300<\/td> <td colspan=\"2\" width=\"128\">TZ-1400<\/td> <\/tr> <tr> <td width=\"47\">1<\/td> <td width=\"61\">2<\/td> <td width=\"34\">1<\/td> <td width=\"100\">2<\/td> <td width=\"34\">1<\/td> <td width=\"104\">2<\/td> <td width=\"34\">1<\/td> <td width=\"94\">2<\/td> <\/tr> <tr> <td width=\"93\">Diam\u00e8tre int\u00e9rieur (mm)<\/td> <td colspan=\"2\" width=\"108\">1000<\/td> <td colspan=\"2\" width=\"134\">1200<\/td> <td colspan=\"2\" width=\"138\">1300<\/td> <td colspan=\"2\" width=\"128\">1400<\/td> <\/tr> <tr> <td width=\"93\">Longueur de la cartouche (mm)<\/td> <td width=\"47\">3000<\/td> <td width=\"61\">3600<\/td> <td width=\"34\">3000<\/td> <td width=\"100\">3600<\/td> <td width=\"34\">3000<\/td> <td width=\"104\">3600<\/td> <td width=\"34\">3000<\/td> <td width=\"94\">3600<\/td> <\/tr> <tr> <td width=\"93\">Mat\u00e9riau<\/td> <td colspan=\"8\" width=\"507\">SUS304\/Q235B<\/td> <\/tr> <tr> <td width=\"93\">Temp\u00e9rature con\u00e7ue<\/td> <td colspan=\"8\" width=\"507\">147\u00b0C<\/td> <\/tr> <tr> <td width=\"93\">Pression d'essai<\/td> <td colspan=\"8\" width=\"507\">0,44 Mpa<\/td> <\/tr> <tr> <td width=\"93\">Pression con\u00e7ue<\/td> <td colspan=\"8\" width=\"507\">0,35Mpa<\/td> <\/tr> <\/tbody> <\/table> <\/div>","protected":false},"excerpt":{"rendered":"<p>The material cage device of the rotary sterilization pot is controlled by international advanced manual components. The design of the whole machine is reasonable. It is safe and reliable to operate, the structure is compact, the operation is easy, the maintenance is convenient, and the installation is simple. In the process of continuous sterilization, the [&hellip;]<\/p>\n","protected":false},"author":1,"featured_media":177,"parent":0,"template":"","product-type":[598],"class_list":["post-83","product","type-product","status-publish","has-post-thumbnail","hentry","product-type-supporting-auxiliary-equipment"],"_links":{"self":[{"href":"https:\/\/www.meatprocessingmachine.org\/fr\/wp-json\/wp\/v2\/product\/83","targetHints":{"allow":["GET"]}}],"collection":[{"href":"https:\/\/www.meatprocessingmachine.org\/fr\/wp-json\/wp\/v2\/product"}],"about":[{"href":"https:\/\/www.meatprocessingmachine.org\/fr\/wp-json\/wp\/v2\/types\/product"}],"author":[{"embeddable":true,"href":"https:\/\/www.meatprocessingmachine.org\/fr\/wp-json\/wp\/v2\/users\/1"}],"wp:featuredmedia":[{"embeddable":true,"href":"https:\/\/www.meatprocessingmachine.org\/fr\/wp-json\/wp\/v2\/media\/177"}],"wp:attachment":[{"href":"https:\/\/www.meatprocessingmachine.org\/fr\/wp-json\/wp\/v2\/media?parent=83"}],"wp:term":[{"taxonomy":"product-type","embeddable":true,"href":"https:\/\/www.meatprocessingmachine.org\/fr\/wp-json\/wp\/v2\/product-type?post=83"}],"curies":[{"name":"wp","href":"https:\/\/api.w.org\/{rel}","templated":true}]}}