{"id":875,"date":"2020-11-04T16:33:10","date_gmt":"2020-11-04T08:33:10","guid":{"rendered":"http:\/\/www.meatprocessingmachine.org\/?p=875"},"modified":"2026-02-12T16:40:19","modified_gmt":"2026-02-12T08:40:19","slug":"industrial-sausage-stuffer-machine-in-sausage-manufacturing","status":"publish","type":"product","link":"https:\/\/www.meatprocessingmachine.org\/fr\/industrial-sausage-stuffer-machine-in-sausage-manufacturing.html","title":{"rendered":"Machine \u00e0 farcir les saucisses industrielle dans la fabrication de saucisses"},"content":{"rendered":"<div class=\"kk-star-ratings kksr-auto kksr-align-right kksr-valign-top\"     data-payload='{&quot;align&quot;:&quot;right&quot;,&quot;id&quot;:&quot;875&quot;,&quot;slug&quot;:&quot;default&quot;,&quot;valign&quot;:&quot;top&quot;,&quot;ignore&quot;:&quot;&quot;,&quot;reference&quot;:&quot;auto&quot;,&quot;class&quot;:&quot;&quot;,&quot;count&quot;:&quot;0&quot;,&quot;legendonly&quot;:&quot;&quot;,&quot;readonly&quot;:&quot;&quot;,&quot;score&quot;:&quot;0&quot;,&quot;starsonly&quot;:&quot;&quot;,&quot;best&quot;:&quot;5&quot;,&quot;gap&quot;:&quot;5&quot;,&quot;greet&quot;:&quot;Rate this product&quot;,&quot;legend&quot;:&quot;0\\\/5 - (0 vote)&quot;,&quot;size&quot;:&quot;24&quot;,&quot;title&quot;:&quot;Industrial sausage stuffer machine in sausage manufacturing&quot;,&quot;width&quot;:&quot;0&quot;,&quot;_legend&quot;:&quot;{score}\\\/{best} - ({count} {votes})&quot;,&quot;font_factor&quot;:&quot;1.25&quot;}'>              <div class=\"kksr-stars\">      <div class=\"kksr-stars-inactive\">             <div class=\"kksr-star\" data-star=\"1\" style=\"padding-right: 5px\">               <div class=\"kksr-icon\" style=\"width: 24px; height: 24px;\"><\/div>         <\/div>             <div class=\"kksr-star\" data-star=\"2\" style=\"padding-right: 5px\">               <div class=\"kksr-icon\" style=\"width: 24px; height: 24px;\"><\/div>         <\/div>             <div class=\"kksr-star\" data-star=\"3\" style=\"padding-right: 5px\">               <div class=\"kksr-icon\" style=\"width: 24px; height: 24px;\"><\/div>         <\/div>             <div class=\"kksr-star\" data-star=\"4\" style=\"padding-right: 5px\">               <div class=\"kksr-icon\" style=\"width: 24px; height: 24px;\"><\/div>         <\/div>             <div class=\"kksr-star\" data-star=\"5\" style=\"padding-right: 5px\">               <div class=\"kksr-icon\" style=\"width: 24px; height: 24px;\"><\/div>         <\/div>     <\/div>      <div class=\"kksr-stars-active\" style=\"width: 0px;\">             <div class=\"kksr-star\" style=\"padding-right: 5px\">               <div class=\"kksr-icon\" style=\"width: 24px; height: 24px;\"><\/div>         <\/div>             <div class=\"kksr-star\" style=\"padding-right: 5px\">               <div class=\"kksr-icon\" style=\"width: 24px; height: 24px;\"><\/div>         <\/div>             <div class=\"kksr-star\" style=\"padding-right: 5px\">               <div class=\"kksr-icon\" style=\"width: 24px; height: 24px;\"><\/div>         <\/div>             <div class=\"kksr-star\" style=\"padding-right: 5px\">               <div class=\"kksr-icon\" style=\"width: 24px; height: 24px;\"><\/div>         <\/div>             <div class=\"kksr-star\" style=\"padding-right: 5px\">               <div class=\"kksr-icon\" style=\"width: 24px; height: 24px;\"><\/div>         <\/div>     <\/div> <\/div>                   <div class=\"kksr-legend\" style=\"font-size: 19.2px;\">             <span class=\"kksr-muted\">\u00c9valuez ce produit<\/span>     <\/div>     <\/div>  <p class=\"translation-block\">La <strong>machine industrielle de remplissage de saucisses<\/strong> est utilis\u00e9e pour l'embossage des saucisses. C'est l'\u00e9tape la plus importante du <a href=\"http:\/\/www.meatprocessingmachine.org\/fr\/sausage-production-line-for-sausage-making.html\/\">processus de fabrication de saucisses<\/a>. La viande de saucisse entre dans le boyau via la machine de remplissage pour former des saucisses de formes et de tailles r\u00e9guli\u00e8res. Selon les diff\u00e9rentes m\u00e9thodes d'embossage, la machine de remplissage de saucisses est divis\u00e9e en deux cat\u00e9gories : la <strong>machine d'embossage hydraulique<\/strong> et la <strong>machine de remplissage quantitative pneumatique de saucisses<\/strong>. Les deux machines ont des mat\u00e9riaux applicables et des principes de fonctionnement tr\u00e8s diff\u00e9rents.<\/p>    <h2 class=\"wp-block-heading\" id=\"h-hydraulic-sausage-stuffer-machine\">machine \u00e0 farcir les saucisses hydraulique<\/h2>    <p>La machine \u00e0 farcir les saucisses hydraulique est adapt\u00e9e pour l'enema de mat\u00e9riaux granulaires fins, granulaires grossiers ou d'\u00e9mulsion de viande. Elle produit diff\u00e9rents types de saucisses en remplissant des granul\u00e9s de viande dans des boyaux animaux \u00e0 travers des tubes d'enema de diff\u00e9rents diam\u00e8tres.<\/p>    <h3 class=\"wp-block-heading\" id=\"h-hydraulic-sausage-filling-machine-working-principle\">Machine de remplissage de saucisses hydraulique<strong>&nbsp;<\/strong>principe de fonctionnement<\/h3>    <p>La machine \u00e0 lavement \u00e0 saucisse hydraulique adopte un entra\u00eenement hydraulique \u00e0 piston. Elle presse la viande depuis l'entonnoir de la machine \u00e0 travers la pression de travail g\u00e9n\u00e9r\u00e9e par le cylindre hydraulique. La machine est adapt\u00e9e \u00e0 une large gamme de mat\u00e9riaux et peut \u00eatre utilis\u00e9e pour remplir des saucisses en forme de viande ou des saucisses en forme de remplissage. La machine automatique \u00e0 farcir les saucisses est adapt\u00e9e pour remplir des saucisses de grandes, moyennes et petites sp\u00e9cifications.<\/p>    <p>Selon les diff\u00e9rentes sorties et sp\u00e9cifications, il existe de petits farceurs \u00e0 saucisse hydrauliques, des farceurs \u00e0 saucisse hydrauliques \u00e0 tube unique et des farceurs \u00e0 saucisse hydrauliques \u00e0 double tube.<\/p>    <h3 class=\"wp-block-heading\" id=\"h-small-hydraulic-sausage-stuffing-machine\">Petite machine hydraulique de remplissage de saucisses<\/h3>    <figure class=\"wp-block-image size-large\"><img loading=\"lazy\" decoding=\"async\" width=\"607\" height=\"607\" src=\"http:\/\/www.meatprocessingmachine.org\/wp-content\/uploads\/2020\/11\/small-hydraulic-stuffer-machine.png\" alt=\"petite machine de remplissage hydraulique\" class=\"wp-image-877\" title=\"\" srcset=\"https:\/\/www.meatprocessingmachine.org\/wp-content\/uploads\/2020\/11\/small-hydraulic-stuffer-machine.png 607w, https:\/\/www.meatprocessingmachine.org\/wp-content\/uploads\/2020\/11\/small-hydraulic-stuffer-machine-300x300.png 300w, https:\/\/www.meatprocessingmachine.org\/wp-content\/uploads\/2020\/11\/small-hydraulic-stuffer-machine-150x150.png 150w\" sizes=\"auto, (max-width: 607px) 100vw, 607px\" \/><figcaption>Petite machine de remplissage hydraulique<\/figcaption><\/figure>    <p>La petite machine \u00e0 farcir les saucisses hydraulique a une capacit\u00e9 de 100 kg\/h, son diam\u00e8tre de remplissage peut varier de 16\/18\/22 mm. Elle est adapt\u00e9e aux commer\u00e7ants individuels et aux petites usines de transformation de viande. La machine adopte un interrupteur de changement et un interrupteur au pied pour contr\u00f4ler l'op\u00e9ration de l'enema, rendant l'op\u00e9ration plus s\u00fbre. Son grand r\u00e9servoir augmente la production d'enema. De plus, la machine peut se d\u00e9placer librement, est portable et pratique, et peut \u00eatre utilis\u00e9e pour l'enema \u00e0 tout moment et en tout lieu.<\/p>    <h3 class=\"wp-block-heading\" id=\"h-single-and-double-tube-hydraulic-sausage-stuffer-machine\">Machine \u00e0 farcir les saucisses hydraulique \u00e0 tube simple et double<\/h3>    <p>La capacit\u00e9 de la machine \u00e0 farcir la viande simple est de 300 kg\/h, la machine de remplissage \u00e0 double tube a une capacit\u00e9 de 500 kg\/h.<\/p>    <figure class=\"wp-block-image size-large\"><img loading=\"lazy\" decoding=\"async\" width=\"607\" height=\"607\" src=\"http:\/\/www.meatprocessingmachine.org\/wp-content\/uploads\/2020\/11\/hydraulic-enema-machine.png\" alt=\"machine \u00e0 lavement hydraulique\" class=\"wp-image-878\" title=\"\" srcset=\"https:\/\/www.meatprocessingmachine.org\/wp-content\/uploads\/2020\/11\/hydraulic-enema-machine.png 607w, https:\/\/www.meatprocessingmachine.org\/wp-content\/uploads\/2020\/11\/hydraulic-enema-machine-300x300.png 300w, https:\/\/www.meatprocessingmachine.org\/wp-content\/uploads\/2020\/11\/hydraulic-enema-machine-150x150.png 150w\" sizes=\"auto, (max-width: 607px) 100vw, 607px\" \/><figcaption>Machine \u00e0 lavement hydraulique<\/figcaption><\/figure>    <p>Les deux machines de remplissage peuvent avoir un diam\u00e8tre de 12\/18\/30 mm. Les diff\u00e9rences entre les deux machines \u00e0 lavement industrielles r\u00e9sident dans le nombre de tuyaux pour l'\u00e9vacuation de la viande. La partie sup\u00e9rieure de la machine est \u00e9quip\u00e9e d'un tr\u00e9mie et d'une vanne papillon, ce qui permet un remplissage continu. Cela am\u00e9liore consid\u00e9rablement l'efficacit\u00e9 de production. Compar\u00e9e \u00e0 la petite machine \u00e0 farcir la viande, cette machine a un haut degr\u00e9 d'automatisation et une vitesse d'\u00e9vacuation rapide, ce qui permet une production continue. Par cons\u00e9quent, elle est adapt\u00e9e \u00e0 tous les types d'entreprises.<\/p>    <h2 class=\"wp-block-heading\" id=\"h-pneumatic-quantitative-twist-enema-machine\">Machine \u00e0 lavement pneumatique \u00e0 dosage quantitatif<\/h2>    <figure class=\"wp-block-image size-large\"><img loading=\"lazy\" decoding=\"async\" width=\"692\" height=\"693\" src=\"http:\/\/www.meatprocessingmachine.org\/wp-content\/uploads\/2020\/11\/pneumatic-quantitative-sausage-stuffing-machine.png\" alt=\"machine de remplissage de saucisses pneumatique quantitative\" class=\"wp-image-879\" title=\"\" srcset=\"https:\/\/www.meatprocessingmachine.org\/wp-content\/uploads\/2020\/11\/pneumatic-quantitative-sausage-stuffing-machine.png 692w, https:\/\/www.meatprocessingmachine.org\/wp-content\/uploads\/2020\/11\/pneumatic-quantitative-sausage-stuffing-machine-300x300.png 300w, https:\/\/www.meatprocessingmachine.org\/wp-content\/uploads\/2020\/11\/pneumatic-quantitative-sausage-stuffing-machine-150x150.png 150w\" sizes=\"auto, (max-width: 692px) 100vw, 692px\" \/><figcaption>Machine de remplissage de saucisses pneumatique quantitative<\/figcaption><\/figure>    <p>La machine de remplissage \u00e0 torsion quantitatif pneumatique est adapt\u00e9e pour remplir de la viande hach\u00e9e. La machine peut r\u00e9aliser un enroulement automatique tout en effectuant un remplissage quantitatif. Elle compense le manque de l'enema quantitatif en torsion dans le pass\u00e9 qui ne pouvait pas \u00eatre compl\u00e9t\u00e9 en une seule fois. La machine peut \u00eatre quantifi\u00e9e entre 30-1000g, l'erreur ne d\u00e9passant pas 3g. Elle peut atteindre 60 torsions par minute, et le diam\u00e8tre de l'enema est de 10\/12\/14\/17mm.<\/p>    <h3 class=\"wp-block-heading\" id=\"h-advantages-of-pneumatic-quantitative-filling-machine\">Avantages de la machine de remplissage pneumatique quantitative<\/h3>    <ol class=\"wp-block-list\"><li>Il adopte un principe de contr\u00f4le pneumatique et photo\u00e9lectrique avanc\u00e9, qui peut r\u00e9aliser un remplissage et un pliage quantitatifs automatiques, avec un haut degr\u00e9 d'automatisation.<\/li><li>La machine \u00e0 farcir la viande est adapt\u00e9e pour remplir divers produits de saucisse \u00e9cras\u00e9e.<\/li><li>Les pi\u00e8ces en contact avec le mat\u00e9riau et l'emballage ext\u00e9rieur adoptent toutes de l'acier inoxydable de qualit\u00e9 alimentaire avec une belle apparence.<\/li><li>Elle peut \u00eatre associ\u00e9e \u00e0 la<strong> machine \u00e0 ligaturer<\/strong>&nbsp;pour r\u00e9aliser une production automatique.<\/li><li>La machine a une structure stable, une op\u00e9ration simple et un nettoyage facile. Elle est adapt\u00e9e aux entreprises de transformation de viande de taille moyenne et petite.<\/li><\/ol>    <h3 class=\"wp-block-heading\" id=\"h-precautions\">Pr\u00e9cautions<\/h3>    <ol class=\"wp-block-list\"><li>La machine industrielle \u00e0 farcir les saucisses est adapt\u00e9e pour le remplissage de viande hach\u00e9e.<\/li><li>Afin de r\u00e9pondre aux exigences de poids de remplissage, cela peut \u00eatre r\u00e9alis\u00e9 par la distance d'avancement du cylindre.<\/li><li>Vous pouvez contr\u00f4ler le temps d'arr\u00eat et le temps de travail du tourbillon en contr\u00f4lant le temps d'avancement et de retrait du piston du cylindre.<\/li><li>Avant que la farce de viande n'entre dans la tr\u00e9mie, elle doit \u00eatre expos\u00e9e \u00e0 l'air le moins possible pour \u00e9viter la formation de trous. Par cons\u00e9quent, vous pouvez utiliser un <strong>machine de remplissage de viande sous vide<\/strong>&nbsp;au lieu d'une machine \u00e0 m\u00e9langer classique.<\/li><li>Le diam\u00e8tre des boyaux doit correspondre aux diam\u00e8tres des tubes de lavement, \u00e0 la pression de la farce de viande et au nombre de tours.<\/li><\/ol>","protected":false},"excerpt":{"rendered":"<p>Pour la production de saucisses, la machine \u00e0 farcir les saucisses est la machine la plus importante. Nous fournissons une machine \u00e0 lavement hydraulique et une machine \u00e0 farcir les saucisses pneumatique quantitative.<\/p>","protected":false},"author":1,"featured_media":885,"parent":0,"template":"","product-type":[598],"class_list":["post-875","product","type-product","status-publish","has-post-thumbnail","hentry","product-type-supporting-auxiliary-equipment"],"_links":{"self":[{"href":"https:\/\/www.meatprocessingmachine.org\/fr\/wp-json\/wp\/v2\/product\/875","targetHints":{"allow":["GET"]}}],"collection":[{"href":"https:\/\/www.meatprocessingmachine.org\/fr\/wp-json\/wp\/v2\/product"}],"about":[{"href":"https:\/\/www.meatprocessingmachine.org\/fr\/wp-json\/wp\/v2\/types\/product"}],"author":[{"embeddable":true,"href":"https:\/\/www.meatprocessingmachine.org\/fr\/wp-json\/wp\/v2\/users\/1"}],"wp:featuredmedia":[{"embeddable":true,"href":"https:\/\/www.meatprocessingmachine.org\/fr\/wp-json\/wp\/v2\/media\/885"}],"wp:attachment":[{"href":"https:\/\/www.meatprocessingmachine.org\/fr\/wp-json\/wp\/v2\/media?parent=875"}],"wp:term":[{"taxonomy":"product-type","embeddable":true,"href":"https:\/\/www.meatprocessingmachine.org\/fr\/wp-json\/wp\/v2\/product-type?post=875"}],"curies":[{"name":"wp","href":"https:\/\/api.w.org\/{rel}","templated":true}]}}