{"id":91,"date":"2018-10-25T06:08:16","date_gmt":"2018-10-24T22:08:16","guid":{"rendered":"http:\/\/www.meatprocessingmachine.org\/?p=91"},"modified":"2023-02-16T13:51:39","modified_gmt":"2023-02-16T05:51:39","slug":"frozen-meat-cutting-machine","status":"publish","type":"product","link":"https:\/\/www.meatprocessingmachine.org\/fr\/frozen-meat-cutting-machine.html","title":{"rendered":"Machine \u00e0 couper la viande congel\u00e9e | Trancheuse de viande congel\u00e9e"},"content":{"rendered":"<div class=\"kk-star-ratings kksr-auto kksr-align-right kksr-valign-top\"     data-payload='{&quot;align&quot;:&quot;right&quot;,&quot;id&quot;:&quot;91&quot;,&quot;slug&quot;:&quot;default&quot;,&quot;valign&quot;:&quot;top&quot;,&quot;ignore&quot;:&quot;&quot;,&quot;reference&quot;:&quot;auto&quot;,&quot;class&quot;:&quot;&quot;,&quot;count&quot;:&quot;0&quot;,&quot;legendonly&quot;:&quot;&quot;,&quot;readonly&quot;:&quot;&quot;,&quot;score&quot;:&quot;0&quot;,&quot;starsonly&quot;:&quot;&quot;,&quot;best&quot;:&quot;5&quot;,&quot;gap&quot;:&quot;5&quot;,&quot;greet&quot;:&quot;Rate this product&quot;,&quot;legend&quot;:&quot;0\\\/5 - (0 vote)&quot;,&quot;size&quot;:&quot;24&quot;,&quot;title&quot;:&quot;Frozen meat cutting machine | Frozen meat slicer&quot;,&quot;width&quot;:&quot;0&quot;,&quot;_legend&quot;:&quot;{score}\\\/{best} - ({count} {votes})&quot;,&quot;font_factor&quot;:&quot;1.25&quot;}'>              <div class=\"kksr-stars\">      <div class=\"kksr-stars-inactive\">             <div class=\"kksr-star\" data-star=\"1\" style=\"padding-right: 5px\">               <div class=\"kksr-icon\" style=\"width: 24px; height: 24px;\"><\/div>         <\/div>             <div class=\"kksr-star\" data-star=\"2\" style=\"padding-right: 5px\">               <div class=\"kksr-icon\" style=\"width: 24px; height: 24px;\"><\/div>         <\/div>             <div class=\"kksr-star\" data-star=\"3\" style=\"padding-right: 5px\">               <div class=\"kksr-icon\" style=\"width: 24px; height: 24px;\"><\/div>         <\/div>             <div class=\"kksr-star\" data-star=\"4\" style=\"padding-right: 5px\">               <div class=\"kksr-icon\" style=\"width: 24px; height: 24px;\"><\/div>         <\/div>             <div class=\"kksr-star\" data-star=\"5\" style=\"padding-right: 5px\">               <div class=\"kksr-icon\" style=\"width: 24px; height: 24px;\"><\/div>         <\/div>     <\/div>      <div class=\"kksr-stars-active\" style=\"width: 0px;\">             <div class=\"kksr-star\" style=\"padding-right: 5px\">               <div class=\"kksr-icon\" style=\"width: 24px; height: 24px;\"><\/div>         <\/div>             <div class=\"kksr-star\" style=\"padding-right: 5px\">               <div class=\"kksr-icon\" style=\"width: 24px; height: 24px;\"><\/div>         <\/div>             <div class=\"kksr-star\" style=\"padding-right: 5px\">               <div class=\"kksr-icon\" style=\"width: 24px; height: 24px;\"><\/div>         <\/div>             <div class=\"kksr-star\" style=\"padding-right: 5px\">               <div class=\"kksr-icon\" style=\"width: 24px; height: 24px;\"><\/div>         <\/div>             <div class=\"kksr-star\" style=\"padding-right: 5px\">               <div class=\"kksr-icon\" style=\"width: 24px; height: 24px;\"><\/div>         <\/div>     <\/div> <\/div>                   <div class=\"kksr-legend\" style=\"font-size: 19.2px;\">             <span class=\"kksr-muted\">\u00c9valuez ce produit<\/span>     <\/div>     <\/div>  <p class=\"translation-block\">La machine \u00e0 d\u00e9couper la viande surgel\u00e9e peut broyer la viande surgel\u00e9e, et la viande broy\u00e9e peut \u00eatre mise dans le hachoir \u00e0 viande pour \u00eatre broy\u00e9e en farce \u00e0 viande, qui est utilis\u00e9e pour fabriquer des produits carn\u00e9s tels que des saucisses, des tourtes \u00e0 la viande, des boulettes de viande, etc. Cette <a href=\"https:\/\/www.meatprocessingmachine.org\/fr\/frozen-meat-block-crushing-and-grinder-line.html\/\" data-type=\"URL\" data-id=\"https:\/\/www.meatprocessingmachine.org\/frozen-meat-block-crushing-and-grinder-line.html\">trancheuse \u00e0 viande surgel\u00e9e<\/a> est en Australie, en Indon\u00e9sie, en Espagne, en Afrique du Sud et aux Philippines et se vend tr\u00e8s bien.<\/p>    <figure class=\"wp-block-gallery has-nested-images columns-default is-cropped wp-block-gallery-2 is-layout-flex wp-block-gallery-is-layout-flex\"> <figure class=\"wp-block-image size-large\"><img loading=\"lazy\" decoding=\"async\" width=\"720\" height=\"540\" data-id=\"34146\" src=\"https:\/\/www.meatprocessingmachine.org\/wp-content\/uploads\/2018\/10\/frozen-meat-before-breaking.webp\" alt=\"viande congel\u00e9e avant broyage\" class=\"wp-image-34146\" title=\"\" srcset=\"https:\/\/www.meatprocessingmachine.org\/wp-content\/uploads\/2018\/10\/frozen-meat-before-breaking.webp 720w, https:\/\/www.meatprocessingmachine.org\/wp-content\/uploads\/2018\/10\/frozen-meat-before-breaking-300x225.webp 300w\" sizes=\"auto, (max-width: 720px) 100vw, 720px\" \/><figcaption class=\"wp-element-caption\">Viande congel\u00e9e avant \u00e9crasement<\/figcaption><\/figure>    <figure class=\"wp-block-image size-large\"><img loading=\"lazy\" decoding=\"async\" width=\"720\" height=\"540\" data-id=\"34147\" src=\"https:\/\/www.meatprocessingmachine.org\/wp-content\/uploads\/2018\/10\/After-frozen-meat-crushing.webp\" alt=\"Apr\u00e8s \u00e9crasement de la viande congel\u00e9e\" class=\"wp-image-34147\" title=\"\" srcset=\"https:\/\/www.meatprocessingmachine.org\/wp-content\/uploads\/2018\/10\/After-frozen-meat-crushing.webp 720w, https:\/\/www.meatprocessingmachine.org\/wp-content\/uploads\/2018\/10\/After-frozen-meat-crushing-300x225.webp 300w\" sizes=\"auto, (max-width: 720px) 100vw, 720px\" \/><figcaption class=\"wp-element-caption\">Apr\u00e8s \u00e9crasement de la viande congel\u00e9e<\/figcaption><\/figure> <\/figure>   <h2>Introduction \u00e0 la machine de d\u00e9coupe de viande congel\u00e9e<\/h2> <p class=\"translation-block\">La machine de d\u00e9coupe de viande surgel\u00e9e peut d\u00e9couper directement des morceaux de viande surgel\u00e9e, ce qui en fait un \u00e9quipement indispensable dans le traitement des produits carn\u00e9s. La machine enti\u00e8re est fabriqu\u00e9e en acier inoxydable de haute qualit\u00e9, et la lame est fabriqu\u00e9e en alliage de haute qualit\u00e9 avec un bon effet de coupe. Il n'est pas n\u00e9cessaire de d\u00e9congeler pendant le processus de production, et elle peut d\u00e9couper directement toutes sortes de viandes surgel\u00e9es de -18\u00b0C \u00e0 -12\u00b0C. Cette machine r\u00e9duit le temps de cong\u00e9lation et de d\u00e9cong\u00e9lation et \u00e9vite la perte de nutriments lors du processus de recong\u00e9lation de la viande, et r\u00e9duit les co\u00fbts pour les utilisateurs. <strong>La machine de d\u00e9coupe de viande surgel\u00e9e<\/strong> prot\u00e8ge la viande de la pollution secondaire et des pertes, garantissant sa saveur, ses nutriments et son go\u00fbt.<\/p>   <figure class=\"wp-block-gallery has-nested-images columns-default is-cropped wp-block-gallery-3 is-layout-flex wp-block-gallery-is-layout-flex\"> <figure class=\"wp-block-image size-large\"><img loading=\"lazy\" decoding=\"async\" width=\"720\" height=\"540\" data-id=\"34131\" src=\"https:\/\/www.meatprocessingmachine.org\/wp-content\/uploads\/2018\/10\/Frozen-meat-slicer.webp\" alt=\"trancheuse \u00e0 viande congel\u00e9e\" class=\"wp-image-34131\" title=\"\" srcset=\"https:\/\/www.meatprocessingmachine.org\/wp-content\/uploads\/2018\/10\/Frozen-meat-slicer.webp 720w, https:\/\/www.meatprocessingmachine.org\/wp-content\/uploads\/2018\/10\/Frozen-meat-slicer-300x225.webp 300w\" sizes=\"auto, (max-width: 720px) 100vw, 720px\" \/><figcaption class=\"wp-element-caption\">Trancheuse \u00e0 viande congel\u00e9e<\/figcaption><\/figure>    <figure class=\"wp-block-image size-large\"><img loading=\"lazy\" decoding=\"async\" width=\"720\" height=\"540\" data-id=\"34133\" src=\"https:\/\/www.meatprocessingmachine.org\/wp-content\/uploads\/2018\/10\/Frozen-meat-slicer-1.webp\" alt=\"trancheuse \u00e0 viande congel\u00e9e\" class=\"wp-image-34133\" title=\"\" srcset=\"https:\/\/www.meatprocessingmachine.org\/wp-content\/uploads\/2018\/10\/Frozen-meat-slicer-1.webp 720w, https:\/\/www.meatprocessingmachine.org\/wp-content\/uploads\/2018\/10\/Frozen-meat-slicer-1-300x225.webp 300w\" sizes=\"auto, (max-width: 720px) 100vw, 720px\" \/><figcaption class=\"wp-element-caption\">Trancheuse \u00e0 viande congel\u00e9e<\/figcaption><\/figure>    <figure class=\"wp-block-image size-large\"><img loading=\"lazy\" decoding=\"async\" width=\"720\" height=\"540\" data-id=\"34134\" src=\"https:\/\/www.meatprocessingmachine.org\/wp-content\/uploads\/2018\/10\/Frozen-meat-slicer-2.webp\" alt=\"trancheuse \u00e0 viande congel\u00e9e\" class=\"wp-image-34134\" title=\"\" srcset=\"https:\/\/www.meatprocessingmachine.org\/wp-content\/uploads\/2018\/10\/Frozen-meat-slicer-2.webp 720w, https:\/\/www.meatprocessingmachine.org\/wp-content\/uploads\/2018\/10\/Frozen-meat-slicer-2-300x225.webp 300w\" sizes=\"auto, (max-width: 720px) 100vw, 720px\" \/><figcaption class=\"wp-element-caption\">Trancheuse \u00e0 viande congel\u00e9e<\/figcaption><\/figure> <\/figure>    <h2 class=\"wp-block-heading\" id=\"h-features-of-meat-cutter-machine\"><strong>Caract\u00e9ristiques<\/strong> de la machine \u00e0 d\u00e9couper la viande<\/h2>    <figure class=\"wp-block-gallery has-nested-images columns-2 is-cropped wp-block-gallery-4 is-layout-flex wp-block-gallery-is-layout-flex\"> <figure class=\"wp-block-image size-large\"><img loading=\"lazy\" decoding=\"async\" width=\"720\" height=\"540\" data-id=\"34135\" src=\"https:\/\/www.meatprocessingmachine.org\/wp-content\/uploads\/2018\/10\/Frozen-meat-cutting-machine.webp\" alt=\"Machine \u00e0 couper la viande congel\u00e9e\" class=\"wp-image-34135\" title=\"\" srcset=\"https:\/\/www.meatprocessingmachine.org\/wp-content\/uploads\/2018\/10\/Frozen-meat-cutting-machine.webp 720w, https:\/\/www.meatprocessingmachine.org\/wp-content\/uploads\/2018\/10\/Frozen-meat-cutting-machine-300x225.webp 300w\" sizes=\"auto, (max-width: 720px) 100vw, 720px\" \/><figcaption class=\"wp-element-caption\">Machine \u00e0 couper la viande congel\u00e9e<\/figcaption><\/figure>    <figure class=\"wp-block-image size-large\"><img loading=\"lazy\" decoding=\"async\" width=\"720\" height=\"540\" data-id=\"34137\" src=\"https:\/\/www.meatprocessingmachine.org\/wp-content\/uploads\/2018\/10\/Frozen-meat-cutting-machine-2.webp\" alt=\"Machine \u00e0 couper la viande congel\u00e9e\" class=\"wp-image-34137\" title=\"\" srcset=\"https:\/\/www.meatprocessingmachine.org\/wp-content\/uploads\/2018\/10\/Frozen-meat-cutting-machine-2.webp 720w, https:\/\/www.meatprocessingmachine.org\/wp-content\/uploads\/2018\/10\/Frozen-meat-cutting-machine-2-300x225.webp 300w\" sizes=\"auto, (max-width: 720px) 100vw, 720px\" \/><figcaption class=\"wp-element-caption\">Machine \u00e0 couper la viande congel\u00e9e<\/figcaption><\/figure>    <figure class=\"wp-block-image size-large\"><img loading=\"lazy\" decoding=\"async\" width=\"720\" height=\"540\" data-id=\"34136\" src=\"https:\/\/www.meatprocessingmachine.org\/wp-content\/uploads\/2018\/10\/Frozen-meat-cutting-machine-1.webp\" alt=\"Machine \u00e0 couper la viande congel\u00e9e\" class=\"wp-image-34136\" title=\"\" srcset=\"https:\/\/www.meatprocessingmachine.org\/wp-content\/uploads\/2018\/10\/Frozen-meat-cutting-machine-1.webp 720w, https:\/\/www.meatprocessingmachine.org\/wp-content\/uploads\/2018\/10\/Frozen-meat-cutting-machine-1-300x225.webp 300w\" sizes=\"auto, (max-width: 720px) 100vw, 720px\" \/><figcaption class=\"wp-element-caption\">Machine \u00e0 couper la viande congel\u00e9e<\/figcaption><\/figure>    <figure class=\"wp-block-image size-large\"><img loading=\"lazy\" decoding=\"async\" width=\"720\" height=\"540\" data-id=\"34138\" src=\"https:\/\/www.meatprocessingmachine.org\/wp-content\/uploads\/2018\/10\/Frozen-meat-cutting-machine-3.webp\" alt=\"Machine \u00e0 couper la viande congel\u00e9e\" class=\"wp-image-34138\" title=\"\" srcset=\"https:\/\/www.meatprocessingmachine.org\/wp-content\/uploads\/2018\/10\/Frozen-meat-cutting-machine-3.webp 720w, https:\/\/www.meatprocessingmachine.org\/wp-content\/uploads\/2018\/10\/Frozen-meat-cutting-machine-3-300x225.webp 300w\" sizes=\"auto, (max-width: 720px) 100vw, 720px\" \/><figcaption class=\"wp-element-caption\">Machine \u00e0 couper la viande congel\u00e9e<\/figcaption><\/figure> <\/figure>    <p>La machine \u00e0 d\u00e9couper la viande congel\u00e9e s'appuie sur la technologie avanc\u00e9e de produits similaires \u00e0 l'\u00e9tranger et combine cela avec la technologie de transformation r\u00e9elle de la Chine pour d\u00e9velopper et produire. Elle pr\u00e9sente des performances stables, un faible investissement et une haute efficacit\u00e9 de production.<\/p>    <h2 class=\"wp-block-heading\" id=\"h-specification\"> Param\u00e8tres de la machine \u00e0 d\u00e9couper la viande congel\u00e9e SL-200<\/h2>    <figure class=\"wp-block-table\"><table><tbody><tr><td>Mod\u00e8le<\/td><td>Dimension<\/td><td>Capacit\u00e9<\/td><td>Vitesse du moteur<\/td><td>Puissance<\/td><td>Poids<\/td><\/tr><tr><td>SL-200<\/td><td>1255*720*1420mm<\/td><td>3~5t\/h<\/td><td>1450<\/td><td>5,5 kW<\/td><td>600kg<\/td><\/tr><\/tbody><\/table><figcaption class=\"wp-element-caption\">param\u00e8tres de la machine \u00e0 d\u00e9couper la viande congel\u00e9e<\/figcaption><\/figure>    <h2 class=\"wp-block-heading\" id=\"h-advantages-of-frozen-meat-cutting-machine\">Avantages de la machine \u00e0 d\u00e9couper la viande congel\u00e9e<\/h2>    <p>1. La viande crue de -18\u2103 \u00e0 -12\u2103 peut \u00eatre coup\u00e9e directement, \u00e9liminant l'\u00e9tape interm\u00e9diaire de d\u00e9cong\u00e9lation, r\u00e9duisant le temps de traitement et am\u00e9liorant la qualit\u00e9 du produit et le taux de production.<\/p>    <p>2. Le coupeur utilise un mat\u00e9riau en acier alli\u00e9 de haute qualit\u00e9 et un traitement anti-corrosion, ce qui prolonge la dur\u00e9e de vie.<\/p>    <p>3. Les composants principaux sont en acier inoxydable 304, qui ne rouille pas facilement et r\u00e9pond aux exigences alimentaires nationales.<\/p>    <p>4. Facilit\u00e9 d'utilisation et d'entretien.<\/p>    <p>5. La taille peut \u00eatre ajust\u00e9e selon les exigences du client.<\/p>    <h2 class=\"wp-block-heading\" id=\"h-frozen-meat-slicer-instructions\">Instructions pour la trancheuse \u00e0 viande congel\u00e9e <\/h2>    <figure class=\"wp-block-gallery has-nested-images columns-default is-cropped wp-block-gallery-5 is-layout-flex wp-block-gallery-is-layout-flex\"> <figure class=\"wp-block-image size-large\"><img loading=\"lazy\" decoding=\"async\" width=\"720\" height=\"540\" data-id=\"34140\" src=\"https:\/\/www.meatprocessingmachine.org\/wp-content\/uploads\/2018\/10\/Frozen-meat-slicer-details.webp\" alt=\"D\u00e9tails de la trancheuse \u00e0 viande congel\u00e9e\" class=\"wp-image-34140\" title=\"\" srcset=\"https:\/\/www.meatprocessingmachine.org\/wp-content\/uploads\/2018\/10\/Frozen-meat-slicer-details.webp 720w, https:\/\/www.meatprocessingmachine.org\/wp-content\/uploads\/2018\/10\/Frozen-meat-slicer-details-300x225.webp 300w\" sizes=\"auto, (max-width: 720px) 100vw, 720px\" \/><figcaption class=\"wp-element-caption\">D\u00e9tails de la trancheuse de viande congel\u00e9e<\/figcaption><\/figure>    <figure class=\"wp-block-image size-large\"><img loading=\"lazy\" decoding=\"async\" width=\"720\" height=\"540\" data-id=\"34141\" src=\"https:\/\/www.meatprocessingmachine.org\/wp-content\/uploads\/2018\/10\/Frozen-meat-slicer-details-1.webp\" alt=\"D\u00e9tails de la trancheuse \u00e0 viande congel\u00e9e\" class=\"wp-image-34141\" title=\"\" srcset=\"https:\/\/www.meatprocessingmachine.org\/wp-content\/uploads\/2018\/10\/Frozen-meat-slicer-details-1.webp 720w, https:\/\/www.meatprocessingmachine.org\/wp-content\/uploads\/2018\/10\/Frozen-meat-slicer-details-1-300x225.webp 300w\" sizes=\"auto, (max-width: 720px) 100vw, 720px\" \/><figcaption class=\"wp-element-caption\">D\u00e9tails de la trancheuse de viande congel\u00e9e<\/figcaption><\/figure>    <figure class=\"wp-block-image size-large\"><img loading=\"lazy\" decoding=\"async\" width=\"720\" height=\"540\" data-id=\"34142\" src=\"https:\/\/www.meatprocessingmachine.org\/wp-content\/uploads\/2018\/10\/frozen-meat-crusher-knives.webp\" alt=\"couteaux de broyeur de viande congel\u00e9e\" class=\"wp-image-34142\" title=\"\" srcset=\"https:\/\/www.meatprocessingmachine.org\/wp-content\/uploads\/2018\/10\/frozen-meat-crusher-knives.webp 720w, https:\/\/www.meatprocessingmachine.org\/wp-content\/uploads\/2018\/10\/frozen-meat-crusher-knives-300x225.webp 300w\" sizes=\"auto, (max-width: 720px) 100vw, 720px\" \/><figcaption class=\"wp-element-caption\">Couteaux de broyeur de viande congel\u00e9e<\/figcaption><\/figure>    <figure class=\"wp-block-image size-large\"><img loading=\"lazy\" decoding=\"async\" width=\"720\" height=\"540\" data-id=\"34143\" src=\"https:\/\/www.meatprocessingmachine.org\/wp-content\/uploads\/2018\/10\/Frozen-meat-crusher-meat-pusher.webp\" alt=\"Presse \u00e0 viande congel\u00e9e pousseur de viande\" class=\"wp-image-34143\" title=\"\" srcset=\"https:\/\/www.meatprocessingmachine.org\/wp-content\/uploads\/2018\/10\/Frozen-meat-crusher-meat-pusher.webp 720w, https:\/\/www.meatprocessingmachine.org\/wp-content\/uploads\/2018\/10\/Frozen-meat-crusher-meat-pusher-300x225.webp 300w\" sizes=\"auto, (max-width: 720px) 100vw, 720px\" \/><figcaption class=\"wp-element-caption\">Pousseur de viande pour broyeur de viande congel\u00e9e<\/figcaption><\/figure>    <figure class=\"wp-block-image size-large\"><img loading=\"lazy\" decoding=\"async\" width=\"720\" height=\"540\" data-id=\"34144\" src=\"https:\/\/www.meatprocessingmachine.org\/wp-content\/uploads\/2018\/10\/frozen-meat-crusher-knives-details.webp\" alt=\"d\u00e9tails des couteaux de broyeur de viande congel\u00e9e\" class=\"wp-image-34144\" title=\"\" srcset=\"https:\/\/www.meatprocessingmachine.org\/wp-content\/uploads\/2018\/10\/frozen-meat-crusher-knives-details.webp 720w, https:\/\/www.meatprocessingmachine.org\/wp-content\/uploads\/2018\/10\/frozen-meat-crusher-knives-details-300x225.webp 300w\" sizes=\"auto, (max-width: 720px) 100vw, 720px\" \/><figcaption class=\"wp-element-caption\">D\u00e9tails des couteaux de broyeur de viande congel\u00e9e<\/figcaption><\/figure>    <figure class=\"wp-block-image size-large\"><img loading=\"lazy\" decoding=\"async\" width=\"720\" height=\"540\" data-id=\"34145\" src=\"https:\/\/www.meatprocessingmachine.org\/wp-content\/uploads\/2018\/10\/Frozen-meat-crusher-control-panel.webp\" alt=\"Panneau de contr\u00f4le de la presse \u00e0 viande congel\u00e9e\" class=\"wp-image-34145\" title=\"\" srcset=\"https:\/\/www.meatprocessingmachine.org\/wp-content\/uploads\/2018\/10\/Frozen-meat-crusher-control-panel.webp 720w, https:\/\/www.meatprocessingmachine.org\/wp-content\/uploads\/2018\/10\/Frozen-meat-crusher-control-panel-300x225.webp 300w\" sizes=\"auto, (max-width: 720px) 100vw, 720px\" \/><figcaption class=\"wp-element-caption\">Panneau de contr\u00f4le du broyeur de viande congel\u00e9e<\/figcaption><\/figure> <\/figure>    <p>1. Ne mettez pas de couteau ou de main dans le baril lorsque la machine est en marche.<\/p>    <p>2. Coupez l'alimentation pendant la maintenance<\/p>    <p>3. Ne pr\u00e9cipitez pas d'eau sur les parties \u00e9lectriques lors du nettoyage.<\/p>    <p>4. En cas de panne, ne d\u00e9montez pas vous-m\u00eame et signalez imm\u00e9diatement pour r\u00e9paration.<\/p>","protected":false},"excerpt":{"rendered":"<p>La machine \u00e0 couper la viande congel\u00e9e peut \u00e9craser la viande congel\u00e9e, et la viande \u00e9cras\u00e9e peut \u00eatre mise dans le hachoir \u00e0 viande pour \u00eatre moulue en farce, qui est utilis\u00e9e pour fabriquer des produits \u00e0 base de viande tels que des saucisses, des tourtes \u00e0 la viande, des boulettes de viande, etc. Cette machine est pr\u00e9sente en Australie, en Indon\u00e9sie, en Espagne, en Afrique du Sud et aux Philippines et se vend tr\u00e8s bien.<\/p>","protected":false},"author":1,"featured_media":34129,"parent":0,"template":"","product-type":[589],"class_list":["post-91","product","type-product","status-publish","has-post-thumbnail","hentry","product-type-meat-cutting-machine"],"_links":{"self":[{"href":"https:\/\/www.meatprocessingmachine.org\/fr\/wp-json\/wp\/v2\/product\/91","targetHints":{"allow":["GET"]}}],"collection":[{"href":"https:\/\/www.meatprocessingmachine.org\/fr\/wp-json\/wp\/v2\/product"}],"about":[{"href":"https:\/\/www.meatprocessingmachine.org\/fr\/wp-json\/wp\/v2\/types\/product"}],"author":[{"embeddable":true,"href":"https:\/\/www.meatprocessingmachine.org\/fr\/wp-json\/wp\/v2\/users\/1"}],"wp:featuredmedia":[{"embeddable":true,"href":"https:\/\/www.meatprocessingmachine.org\/fr\/wp-json\/wp\/v2\/media\/34129"}],"wp:attachment":[{"href":"https:\/\/www.meatprocessingmachine.org\/fr\/wp-json\/wp\/v2\/media?parent=91"}],"wp:term":[{"taxonomy":"product-type","embeddable":true,"href":"https:\/\/www.meatprocessingmachine.org\/fr\/wp-json\/wp\/v2\/product-type?post=91"}],"curies":[{"name":"wp","href":"https:\/\/api.w.org\/{rel}","templated":true}]}}