{"id":96,"date":"2018-10-25T06:12:43","date_gmt":"2018-10-24T22:12:43","guid":{"rendered":"http:\/\/www.meatprocessingmachine.org\/?p=96"},"modified":"2024-06-17T10:13:32","modified_gmt":"2024-06-17T02:13:32","slug":"frozen-meat-grinder","status":"publish","type":"product","link":"https:\/\/www.meatprocessingmachine.org\/fr\/frozen-meat-grinder.html","title":{"rendered":"Hachoir \u00e0 viande congel\u00e9 | Hachoir \u00e0 viande"},"content":{"rendered":"<div class=\"kk-star-ratings kksr-auto kksr-align-right kksr-valign-top\"     data-payload='{&quot;align&quot;:&quot;right&quot;,&quot;id&quot;:&quot;96&quot;,&quot;slug&quot;:&quot;default&quot;,&quot;valign&quot;:&quot;top&quot;,&quot;ignore&quot;:&quot;&quot;,&quot;reference&quot;:&quot;auto&quot;,&quot;class&quot;:&quot;&quot;,&quot;count&quot;:&quot;0&quot;,&quot;legendonly&quot;:&quot;&quot;,&quot;readonly&quot;:&quot;&quot;,&quot;score&quot;:&quot;0&quot;,&quot;starsonly&quot;:&quot;&quot;,&quot;best&quot;:&quot;5&quot;,&quot;gap&quot;:&quot;5&quot;,&quot;greet&quot;:&quot;Rate this product&quot;,&quot;legend&quot;:&quot;0\\\/5 - (0 vote)&quot;,&quot;size&quot;:&quot;24&quot;,&quot;title&quot;:&quot;Frozen Meat Grinder | Meat Mincer&quot;,&quot;width&quot;:&quot;0&quot;,&quot;_legend&quot;:&quot;{score}\\\/{best} - ({count} {votes})&quot;,&quot;font_factor&quot;:&quot;1.25&quot;}'>              <div class=\"kksr-stars\">      <div class=\"kksr-stars-inactive\">             <div class=\"kksr-star\" data-star=\"1\" style=\"padding-right: 5px\">               <div class=\"kksr-icon\" style=\"width: 24px; height: 24px;\"><\/div>         <\/div>             <div class=\"kksr-star\" data-star=\"2\" style=\"padding-right: 5px\">               <div class=\"kksr-icon\" style=\"width: 24px; height: 24px;\"><\/div>         <\/div>             <div class=\"kksr-star\" data-star=\"3\" style=\"padding-right: 5px\">               <div class=\"kksr-icon\" style=\"width: 24px; height: 24px;\"><\/div>         <\/div>             <div class=\"kksr-star\" data-star=\"4\" style=\"padding-right: 5px\">               <div class=\"kksr-icon\" style=\"width: 24px; height: 24px;\"><\/div>         <\/div>             <div class=\"kksr-star\" data-star=\"5\" style=\"padding-right: 5px\">               <div class=\"kksr-icon\" style=\"width: 24px; height: 24px;\"><\/div>         <\/div>     <\/div>      <div class=\"kksr-stars-active\" style=\"width: 0px;\">             <div class=\"kksr-star\" style=\"padding-right: 5px\">               <div class=\"kksr-icon\" style=\"width: 24px; height: 24px;\"><\/div>         <\/div>             <div class=\"kksr-star\" style=\"padding-right: 5px\">               <div class=\"kksr-icon\" style=\"width: 24px; height: 24px;\"><\/div>         <\/div>             <div class=\"kksr-star\" style=\"padding-right: 5px\">               <div class=\"kksr-icon\" style=\"width: 24px; height: 24px;\"><\/div>         <\/div>             <div class=\"kksr-star\" style=\"padding-right: 5px\">               <div class=\"kksr-icon\" style=\"width: 24px; height: 24px;\"><\/div>         <\/div>             <div class=\"kksr-star\" style=\"padding-right: 5px\">               <div class=\"kksr-icon\" style=\"width: 24px; height: 24px;\"><\/div>         <\/div>     <\/div> <\/div>                   <div class=\"kksr-legend\" style=\"font-size: 19.2px;\">             <span class=\"kksr-muted\">\u00c9valuez ce produit<\/span>     <\/div>     <\/div>  <p>Le hachoir \u00e0 viande congel\u00e9e Taizy est une machine qui coupe la viande congel\u00e9e directement pour en faire une pur\u00e9e. Dans les entreprises de transformation de la viande, le processus de production transforme la viande crue en viande granulaire avec diff\u00e9rentes sp\u00e9cifications selon les exigences des diff\u00e9rents processus. Il n'est pas n\u00e9cessaire de d\u00e9congeler pendant le processus de transformation, ce qui garantit la qualit\u00e9 de la viande. <\/p>    <figure class=\"wp-block-image is-resized alignnone wp-image-1969\"><img loading=\"lazy\" decoding=\"async\" width=\"750\" height=\"750\" src=\"https:\/\/www.meatprocessingmachine.org\/wp-content\/uploads\/2018\/10\/Frozen-Meat-Grinder.jpg\" alt=\"Hacheuse \u00e0 viande congel\u00e9e\" class=\"wp-image-1969\" style=\"object-fit:cover;width:720px;height:540px\" title=\"\" srcset=\"https:\/\/www.meatprocessingmachine.org\/wp-content\/uploads\/2018\/10\/Frozen-Meat-Grinder.jpg 750w, https:\/\/www.meatprocessingmachine.org\/wp-content\/uploads\/2018\/10\/Frozen-Meat-Grinder-300x300.jpg 300w, https:\/\/www.meatprocessingmachine.org\/wp-content\/uploads\/2018\/10\/Frozen-Meat-Grinder-150x150.jpg 150w\" sizes=\"auto, (max-width: 750px) 100vw, 750px\" \/><figcaption class=\"wp-element-caption\">Hacheuse \u00e0 viande congel\u00e9e<\/figcaption><\/figure>    <p>Cependant, la viande qui peut \u00eatre trait\u00e9e par le hachoir \u00e0 viande congel\u00e9e a \u00e9galement certaines exigences. La temp\u00e9rature de la viande congel\u00e9e doit \u00eatre d'environ -5\u00b0C \u00e0 -18\u00b0C. La viande ne doit pas \u00eatre trop grosse et peut \u00eatre utilis\u00e9e dans les usines de transformation de la viande et les fabricants de produits alimentaires. Produire des saucisses, des boulettes de viande et d'autres aliments.<\/p>    <h2 class=\"wp-block-heading\">Affichage vid\u00e9o de travail<\/h2>    <figure class=\"wp-block-embed is-type-video is-provider-youtube wp-block-embed-youtube\"><div class=\"wp-block-embed__wrapper\"> <iframe loading=\"lazy\" title=\"Hachoir \u00e0 viande congel\u00e9 | hachoir \u00e0 viande congel\u00e9 | Machine de broyage de viande congel\u00e9e | Hachoir \u00e0 viande commercial\" width=\"500\" height=\"281\" src=\"https:\/\/www.youtube.com\/embed\/zeO2cgZV7ZI?feature=oembed\" frameborder=\"0\" allow=\"accelerometer; autoplay; clipboard-write; encrypted-media; gyroscope; picture-in-picture; web-share\" referrerpolicy=\"strict-origin-when-cross-origin\" allowfullscreen><\/iframe> <\/div><figcaption class=\"wp-element-caption\"> Affichage vid\u00e9o de travail <\/figcaption><\/figure>    <h2 class=\"wp-block-heading\" id=\"h-the-advantages-of-frozen-meat-grinder\">Les avantages du hachoir \u00e0 viande congel\u00e9e <\/h2>    <ul class=\"wp-block-list\"> <li>Sa surface est principalement en acier inoxydable, conforme aux normes sanitaires, sans pollution des mat\u00e9riaux de traitement.<\/li>    <li>L'outil a une excellente r\u00e9sistance \u00e0 l'usure et une longue dur\u00e9e de vie.<\/li>    <li>Facile \u00e0 utiliser, d\u00e9monter, assembler et nettoyer, une large gamme de produits de transformation et de mat\u00e9riaux peut \u00eatre trait\u00e9e pour maintenir leurs divers nutriments d'origine et un bon effet de conservation.<\/li>    <li>L'outil peut \u00eatre ajust\u00e9 ou remplac\u00e9 en fonction des exigences d'utilisation r\u00e9elles.<\/li>    <li>Le broyage de viande congel\u00e9e est l'\u00e9quipement n\u00e9cessaire pour le traitement de la viande, il peut broyer la viande congel\u00e9e directement pour obtenir diff\u00e9rentes formes de viande. Cela n'endommagera pas le tissu fibreux de la viande.<\/li>    <li>La plaque rotative est tourn\u00e9e par la vis pour que la plaque d'orifice et le hachoir \u00e0 viande soient relativement stables, garantissant l'uniformit\u00e9 de la viande. Diff\u00e9rents types de farce de viande peuvent \u00eatre obtenus gr\u00e2ce \u00e0 diff\u00e9rentes combinaisons de plaques d'orifice.<\/li>    <li>Le temps de coupe court et la basse temp\u00e9rature dans le processus de coupe sont b\u00e9n\u00e9fiques pour la fra\u00eecheur et prolongent la dur\u00e9e de conservation.<\/li> <\/ul>   <div class=\"wp-block-image\"> <figure class=\"aligncenter size-full\"><img loading=\"lazy\" decoding=\"async\" width=\"720\" height=\"540\" src=\"https:\/\/www.meatprocessingmachine.org\/wp-content\/uploads\/2021\/10\/Frozen-meat-grinder-machine-2.jpg\" alt=\"machine \u00e0 hacher la viande congel\u00e9e\" class=\"wp-image-2234\" title=\"\" srcset=\"https:\/\/www.meatprocessingmachine.org\/wp-content\/uploads\/2021\/10\/Frozen-meat-grinder-machine-2.jpg 720w, https:\/\/www.meatprocessingmachine.org\/wp-content\/uploads\/2021\/10\/Frozen-meat-grinder-machine-2-300x225.jpg 300w\" sizes=\"auto, (max-width: 720px) 100vw, 720px\" \/><figcaption class=\"wp-element-caption\">machine \u00e0 hacher la viande congel\u00e9e<\/figcaption><\/figure> <\/div>   <h2 class=\"wp-block-heading\">Le besoin d'un hachoir \u00e0 viande congel\u00e9e<\/h2>    <p>Tout d'abord, la temp\u00e9rature augmentera l\u00e9g\u00e8rement pendant le processus de transformation de la viande. Si de la viande fra\u00eeche est utilis\u00e9e directement, la qualit\u00e9 de la viande peut \u00eatre affect\u00e9e apr\u00e8s le passage dans le hachoir \u00e0 viande. De plus, l'utilisation d'un hachoir \u00e0 viande pour viande congel\u00e9e est relativement tranchante, et le temps n\u00e9cessaire pour hacher la viande est court, ce qui favorise la conservation de la viande.<\/p>    <h2 class=\"wp-block-heading src grammarSection\">Application de la machine \u00e0 hacher la viande congel\u00e9e<\/h2>    <p class=\"src grammarSection translation-block\"><span class=\"transSent\" data-group=\"0-0\">Utilis\u00e9 dans diverses industries de la <a href=\"https:\/\/en.wikipedia.org\/wiki\/Sausage\" target=\"_blank\" rel=\"noopener\">saucisse<\/a>, jambon, charcuterie, boulettes de viande, ar\u00f4mes sal\u00e9s, nourriture pour animaux et autres produits \u00e0 base de viande. Toutes sortes de viandes congel\u00e9es, viandes fra\u00eeches, squelettes de poulet, squelettes de canard, peaux de porc, peaux de vache, peaux de poulet, poissons, fruits, l\u00e9gumes, etc.<\/span><\/p>   <div class=\"wp-block-image wp-image-1981\"> <figure class=\"aligncenter size-full\"><img loading=\"lazy\" decoding=\"async\" width=\"720\" height=\"540\" src=\"https:\/\/www.meatprocessingmachine.org\/wp-content\/uploads\/2018\/10\/grozen-meat-grinding-machine.webp\" alt=\"machine \u00e0 hacher la viande congel\u00e9e\" class=\"wp-image-34431\" title=\"\" srcset=\"https:\/\/www.meatprocessingmachine.org\/wp-content\/uploads\/2018\/10\/grozen-meat-grinding-machine.webp 720w, https:\/\/www.meatprocessingmachine.org\/wp-content\/uploads\/2018\/10\/grozen-meat-grinding-machine-300x225.webp 300w, https:\/\/www.meatprocessingmachine.org\/wp-content\/uploads\/2018\/10\/grozen-meat-grinding-machine-16x12.webp 16w\" sizes=\"auto, (max-width: 720px) 100vw, 720px\" \/><figcaption class=\"wp-element-caption\">machine \u00e0 hacher la viande congel\u00e9e<\/figcaption><\/figure> <\/div>   <h2 class=\"wp-block-heading\">Principe de fonctionnement du hachoir \u00e0 viande<\/h2>    <p>Le principe du hachoir \u00e0 viande est de pousser la viande vers la lame de coupe \u00e0 travers la vis de pouss\u00e9e. Pour mieux traiter la viande plus dure et r\u00e9duire les dommages \u00e0 la machine, le coupeur de viande congel\u00e9e a un r\u00e9glage relativement fin. D'abord, la viande est pr\u00e9-d\u00e9coup\u00e9e, puis finement coup\u00e9e, et enfin \u00e0 travers la plaque d'orifice. La machine fonctionne selon le principe d'extrusion, et la vis de pouss\u00e9e \u00e9limine continuellement la tr\u00e8s petite viande de la machine.<\/p>    <figure class=\"wp-block-gallery has-nested-images columns-default is-cropped wp-block-gallery-2 is-layout-flex wp-block-gallery-is-layout-flex\"> <figure class=\"wp-block-image size-large\"><img loading=\"lazy\" decoding=\"async\" width=\"540\" height=\"720\" data-id=\"34433\" src=\"https:\/\/www.meatprocessingmachine.org\/wp-content\/uploads\/2018\/10\/accessories.jpg\" alt=\"accessoires\" class=\"wp-image-34433\" title=\"\" srcset=\"https:\/\/www.meatprocessingmachine.org\/wp-content\/uploads\/2018\/10\/accessories.jpg 540w, https:\/\/www.meatprocessingmachine.org\/wp-content\/uploads\/2018\/10\/accessories-225x300.jpg 225w, https:\/\/www.meatprocessingmachine.org\/wp-content\/uploads\/2018\/10\/accessories-9x12.jpg 9w\" sizes=\"auto, (max-width: 540px) 100vw, 540px\" \/><figcaption class=\"wp-element-caption\">Accessoires<\/figcaption><\/figure>    <figure class=\"wp-block-image size-large\"><img loading=\"lazy\" decoding=\"async\" width=\"540\" height=\"720\" data-id=\"34434\" src=\"https:\/\/www.meatprocessingmachine.org\/wp-content\/uploads\/2018\/10\/interior-structure.jpg\" alt=\"structure int\u00e9rieure\" class=\"wp-image-34434\" title=\"\" srcset=\"https:\/\/www.meatprocessingmachine.org\/wp-content\/uploads\/2018\/10\/interior-structure.jpg 540w, https:\/\/www.meatprocessingmachine.org\/wp-content\/uploads\/2018\/10\/interior-structure-225x300.jpg 225w, https:\/\/www.meatprocessingmachine.org\/wp-content\/uploads\/2018\/10\/interior-structure-9x12.jpg 9w\" sizes=\"auto, (max-width: 540px) 100vw, 540px\" \/><figcaption class=\"wp-element-caption\">Structure int\u00e9rieure<\/figcaption><\/figure>    <figure class=\"wp-block-image size-large\"><img loading=\"lazy\" decoding=\"async\" width=\"540\" height=\"720\" data-id=\"34435\" src=\"https:\/\/www.meatprocessingmachine.org\/wp-content\/uploads\/2018\/10\/machine-parts.jpg\" alt=\"pi\u00e8ces de machine\" class=\"wp-image-34435\" title=\"\" srcset=\"https:\/\/www.meatprocessingmachine.org\/wp-content\/uploads\/2018\/10\/machine-parts.jpg 540w, https:\/\/www.meatprocessingmachine.org\/wp-content\/uploads\/2018\/10\/machine-parts-225x300.jpg 225w, https:\/\/www.meatprocessingmachine.org\/wp-content\/uploads\/2018\/10\/machine-parts-9x12.jpg 9w\" sizes=\"auto, (max-width: 540px) 100vw, 540px\" \/><figcaption class=\"wp-element-caption\">Pi\u00e8ces de machine<\/figcaption><\/figure> <\/figure>    <h2 class=\"wp-block-heading\" id=\"h-machine-structure\">Structure du hachoir \u00e0 viande congel\u00e9e<\/h2>    <p>&nbsp;1. Cadre 2. Al\u00e9soir 3. Gabarit d'extrusion de viande 4. Bouchon \u00e0 vis 5. Cylindre \u00e0 grains 6. Cage \u00e0 essorer 7. Tr\u00e9mie 8. R\u00e9ducteur 9. Grande poulie 10. Moteur 11. Courroie triangulaire 12. Petite poulie.<\/p>    <h2 class=\"wp-block-heading\" id=\"h-technical-parameter-of-commercial-meat-grinder\">Param\u00e8tres techniques du hachoir \u00e0 viande commercial<\/h2>    <figure class=\"wp-block-table\"><table><tbody><tr><td>TYPE<\/td><td>SL-100<\/td><td>SL-120<\/td><td>SL-160<\/td><td>SL-200<\/td><td>SL-250<\/td><\/tr><tr><td>Capacit\u00e9 (kg\/h)<\/td><td>500kg\/h<\/td><td>1500kg\/h<\/td><td>2000-3000kg\/h<\/td><td>3000-5000kg\/h<\/td><td>1t-5t<\/td><\/tr><tr><td>Puissance (kW)<\/td><td>5.5<\/td><td>7.5<\/td><td>15<\/td><td>22<\/td><td>37<\/td><\/tr><tr><td>Poids (kg)<\/td><td>182<\/td><td>358<\/td><td>1200<\/td><td>1860<\/td><td>\/<\/td><\/tr><tr><td>Dimension(mm)<\/td><td>980*550*900<\/td><td>960*550*1080<\/td><td>1630*1100*1450<\/td><td>1780*1000*1580<\/td><td>1962*1106*1620<\/td><\/tr><\/tbody><\/table><figcaption class=\"wp-element-caption\">param\u00e8tre de hachoir \u00e0 viande commercial<\/figcaption><\/figure>    <p>Notre hachoir \u00e0 viande congel\u00e9e commercial peut produire jusqu'\u00e0 5t\/h. 5 mod\u00e8les les plus vendus parmi lesquels vous pouvez choisir. Si vous avez d'autres questions concernant cette machine, n'h\u00e9sitez pas \u00e0 nous contacter et nous vous r\u00e9pondrons d\u00e8s que possible.<\/p>    <h2 class=\"wp-block-heading\" id=\"h-model-selection\">S\u00e9lection du mod\u00e8le de hachoir \u00e0 viande congel\u00e9e<\/h2>    <p>Si votre viande et votre production sont petites, vous pouvez choisir SL-100 ou SL-120, si votre viande et votre production sont grandes, vous devriez choisir SL-160, SL-200 ou SL-250.<\/p>   <div class=\"wp-block-image\"> <figure class=\"aligncenter size-full is-resized\"><img loading=\"lazy\" decoding=\"async\" width=\"800\" height=\"600\" src=\"https:\/\/www.meatprocessingmachine.org\/wp-content\/uploads\/2021\/09\/Frozen-Meat-Grinder-5.jpg\" alt=\"\" class=\"wp-image-1980\" style=\"width:720px;height:540px\" title=\"\" srcset=\"https:\/\/www.meatprocessingmachine.org\/wp-content\/uploads\/2021\/09\/Frozen-Meat-Grinder-5.jpg 800w, https:\/\/www.meatprocessingmachine.org\/wp-content\/uploads\/2021\/09\/Frozen-Meat-Grinder-5-300x225.jpg 300w, https:\/\/www.meatprocessingmachine.org\/wp-content\/uploads\/2021\/09\/Frozen-Meat-Grinder-5-768x576.jpg 768w\" sizes=\"auto, (max-width: 800px) 100vw, 800px\" \/><figcaption class=\"wp-element-caption\">Hacheuse \u00e0 viande congel\u00e9e<\/figcaption><\/figure> <\/div>   <h2 class=\"wp-block-heading\">Manipulation des mati\u00e8res premi\u00e8res avant le hachoir<\/h2>    <p>Le hachoir \u00e0 viande congel\u00e9 peut traiter la viande congel\u00e9e \u00e0 une temp\u00e9rature de -5\u00b0C \u00e0 -18\u00b0C. Il peut \u00eatre l\u00e9g\u00e8rement congel\u00e9 avec les mati\u00e8res premi\u00e8res pendant l'utilisation, et il doit \u00eatre plac\u00e9 dans le compartiment cong\u00e9lateur du r\u00e9frig\u00e9rateur, et non dans le compartiment r\u00e9frig\u00e9rant. Cela est d\u00fb au fait qu'apr\u00e8s une courte p\u00e9riode de cong\u00e9lation, la viande devient plus cassante, se s\u00e9pare plus facilement et ne colle pas. <\/p>    <p class=\"translation-block\">Il convient de noter qu'il doit \u00eatre congel\u00e9 en petits morceaux lors de la cong\u00e9lation. Si les morceaux de viande congel\u00e9e sont relativement gros, ils doivent \u00eatre absorb\u00e9s par une <a href=\"https:\/\/www.meatprocessingmachine.org\/fr\/frozen-meat-cutting-machine.html\/\">machine de concassage de viande<\/a> pour un traitement de concassage.<\/p>    <h2 class=\"wp-block-heading\">\u00c9tape de fonctionnement du hachoir \u00e0 viande congel\u00e9e<\/h2>   <div class=\"wp-block-image\"> <figure class=\"aligncenter size-full is-resized\"><img loading=\"lazy\" decoding=\"async\" width=\"627\" height=\"520\" src=\"https:\/\/www.meatprocessingmachine.org\/wp-content\/uploads\/2021\/09\/Frozen-Meat-Grinder-Operate-step.png\" alt=\"\u00c9tape d&#039;op\u00e9ration\" class=\"wp-image-1968\" style=\"width:720px;height:540px\" title=\"\" srcset=\"https:\/\/www.meatprocessingmachine.org\/wp-content\/uploads\/2021\/09\/Frozen-Meat-Grinder-Operate-step.png 627w, https:\/\/www.meatprocessingmachine.org\/wp-content\/uploads\/2021\/09\/Frozen-Meat-Grinder-Operate-step-300x249.png 300w\" sizes=\"auto, (max-width: 627px) 100vw, 627px\" \/><figcaption class=\"wp-element-caption\"> \u00c9tape d'op\u00e9ration <\/figcaption><\/figure> <\/div>   <ol class=\"wp-block-list\" style=\"list-style-type:1\"> <li>Apr\u00e8s avoir connect\u00e9 l'\u00e9lectricit\u00e9 triphas\u00e9e, appuyez sur \u00ab d\u00e9marrer \u00bb.<\/li>    <li>Apr\u00e8s l'utilisation de la machine \/ En cas de panne, appuyez sur \u00ab arr\u00eater \u00bb.<\/li>    <li>Lorsque le mat\u00e9riau est bloqu\u00e9 et que la machine ne peut pas d\u00e9charger, appuyez sur \u00ab inverse \u00bb.<\/li> <\/ol>","protected":false},"excerpt":{"rendered":"<p>Le hachoir \u00e0 viande congel\u00e9e est une machine qui coupe directement la viande congel\u00e9e pour en faire une pur\u00e9e. Dans les entreprises de transformation de la viande, au cours du processus de production, la viande crue est transform\u00e9e en viande granul\u00e9e de diff\u00e9rentes sp\u00e9cifications selon les exigences de diff\u00e9rents proc\u00e9d\u00e9s. Il n'est pas n\u00e9cessaire de d\u00e9congeler la viande pendant le processus de transformation, ce qui garantit la qualit\u00e9 de la viande. Cependant, la viande pouvant \u00eatre trait\u00e9e par le hachoir \u00e0 viande congel\u00e9e doit r\u00e9pondre \u00e0 certaines exigences. La temp\u00e9rature de la viande congel\u00e9e doit se situer entre -5\u00b0C et -18\u00b0C. La viande ne doit pas \u00eatre trop grosse et peut \u00eatre utilis\u00e9e dans les usines de transformation de viande et par les fabricants de produits alimentaires pour produire des saucisses, des boulettes de viande et d'autres aliments.<\/p>","protected":false},"author":1,"featured_media":1869,"parent":0,"template":"","product-type":[590],"class_list":["post-96","product","type-product","status-publish","has-post-thumbnail","hentry","product-type-meat-grinding-machine"],"_links":{"self":[{"href":"https:\/\/www.meatprocessingmachine.org\/fr\/wp-json\/wp\/v2\/product\/96","targetHints":{"allow":["GET"]}}],"collection":[{"href":"https:\/\/www.meatprocessingmachine.org\/fr\/wp-json\/wp\/v2\/product"}],"about":[{"href":"https:\/\/www.meatprocessingmachine.org\/fr\/wp-json\/wp\/v2\/types\/product"}],"author":[{"embeddable":true,"href":"https:\/\/www.meatprocessingmachine.org\/fr\/wp-json\/wp\/v2\/users\/1"}],"wp:featuredmedia":[{"embeddable":true,"href":"https:\/\/www.meatprocessingmachine.org\/fr\/wp-json\/wp\/v2\/media\/1869"}],"wp:attachment":[{"href":"https:\/\/www.meatprocessingmachine.org\/fr\/wp-json\/wp\/v2\/media?parent=96"}],"wp:term":[{"taxonomy":"product-type","embeddable":true,"href":"https:\/\/www.meatprocessingmachine.org\/fr\/wp-json\/wp\/v2\/product-type?post=96"}],"curies":[{"name":"wp","href":"https:\/\/api.w.org\/{rel}","templated":true}]}}