{"id":103,"date":"2018-10-25T06:18:36","date_gmt":"2018-10-24T22:18:36","guid":{"rendered":"http:\/\/www.meatprocessingmachine.org\/?p=103"},"modified":"2022-08-15T09:50:35","modified_gmt":"2022-08-15T01:50:35","slug":"vegetable-and-meat-cutter-and-mixer","status":"publish","type":"product","link":"https:\/\/www.meatprocessingmachine.org\/it\/vegetable-and-meat-cutter-and-mixer.html","title":{"rendered":"Tritatutto per carne e verdure | tritacarne e miscelatore"},"content":{"rendered":"<div class=\"kk-star-ratings kksr-auto kksr-align-right kksr-valign-top\"     data-payload='{&quot;align&quot;:&quot;right&quot;,&quot;id&quot;:&quot;103&quot;,&quot;slug&quot;:&quot;default&quot;,&quot;valign&quot;:&quot;top&quot;,&quot;ignore&quot;:&quot;&quot;,&quot;reference&quot;:&quot;auto&quot;,&quot;class&quot;:&quot;&quot;,&quot;count&quot;:&quot;0&quot;,&quot;legendonly&quot;:&quot;&quot;,&quot;readonly&quot;:&quot;&quot;,&quot;score&quot;:&quot;0&quot;,&quot;starsonly&quot;:&quot;&quot;,&quot;best&quot;:&quot;5&quot;,&quot;gap&quot;:&quot;5&quot;,&quot;greet&quot;:&quot;Rate this product&quot;,&quot;legend&quot;:&quot;0\\\/5 - (0 votes)&quot;,&quot;size&quot;:&quot;24&quot;,&quot;title&quot;:&quot;Meat bowl chopper | meat vegetable cutter and mixer&quot;,&quot;width&quot;:&quot;0&quot;,&quot;_legend&quot;:&quot;{score}\\\/{best} - ({count} {votes})&quot;,&quot;font_factor&quot;:&quot;1.25&quot;}'>              <div class=\"kksr-stars\">      <div class=\"kksr-stars-inactive\">             <div class=\"kksr-star\" data-star=\"1\" style=\"padding-right: 5px\">               <div class=\"kksr-icon\" style=\"width: 24px; height: 24px;\"><\/div>         <\/div>             <div class=\"kksr-star\" data-star=\"2\" style=\"padding-right: 5px\">               <div class=\"kksr-icon\" style=\"width: 24px; height: 24px;\"><\/div>         <\/div>             <div class=\"kksr-star\" data-star=\"3\" style=\"padding-right: 5px\">               <div class=\"kksr-icon\" style=\"width: 24px; height: 24px;\"><\/div>         <\/div>             <div class=\"kksr-star\" data-star=\"4\" style=\"padding-right: 5px\">               <div class=\"kksr-icon\" style=\"width: 24px; height: 24px;\"><\/div>         <\/div>             <div class=\"kksr-star\" data-star=\"5\" style=\"padding-right: 5px\">               <div class=\"kksr-icon\" style=\"width: 24px; height: 24px;\"><\/div>         <\/div>     <\/div>      <div class=\"kksr-stars-active\" style=\"width: 0px;\">             <div class=\"kksr-star\" style=\"padding-right: 5px\">               <div class=\"kksr-icon\" style=\"width: 24px; height: 24px;\"><\/div>         <\/div>             <div class=\"kksr-star\" style=\"padding-right: 5px\">               <div class=\"kksr-icon\" style=\"width: 24px; height: 24px;\"><\/div>         <\/div>             <div class=\"kksr-star\" style=\"padding-right: 5px\">               <div class=\"kksr-icon\" style=\"width: 24px; height: 24px;\"><\/div>         <\/div>             <div class=\"kksr-star\" style=\"padding-right: 5px\">               <div class=\"kksr-icon\" style=\"width: 24px; height: 24px;\"><\/div>         <\/div>             <div class=\"kksr-star\" style=\"padding-right: 5px\">               <div class=\"kksr-icon\" style=\"width: 24px; height: 24px;\"><\/div>         <\/div>     <\/div> <\/div>                   <div class=\"kksr-legend\" style=\"font-size: 19.2px;\">             <span class=\"kksr-muted\">Valuta questo prodotto<\/span>     <\/div>     <\/div>  <p>Il tritacarne di verdure e carne pu\u00f2 tagliare verdure o carne in particelle fini, utili per tagliare a cubetti le verdure e preparare carne in purea. La ciotola del tritacarne ha funzioni di taglio, miscelazione e mescolamento. I tritacarne a ciotola possono essere utili nel processo di lavorazione alimentare. Possono essere usati in mense, ristoranti, impianti di lavorazione di salsicce, impianti di produzione di hamburger.<\/p>   <h2><strong>Introduzione del tritacarne, miscelatore e macinatore di carne e verdure<\/strong><\/h2> <p>Il tritacarne e miscelatore di verdure e carne \u00e8 di nuova progettazione con trasmissione a turbina e ingranaggi a vite, che rendono la struttura pi\u00f9 compatta. La ciotola dei tritacarne e frullatori di verdure e carne, tutti i materiali sono in acciaio inossidabile, durevoli e di bella forma. Il riduttore di velocit\u00e0 della affettatrice \u00e8 costituito da lega di alluminio di alta qualit\u00e0 e ingranaggi a vite di tipo cooper, di alta qualit\u00e0.<\/p> <p><span class=\"transSent\" data-group=\"0-1\">Pu\u00f2 non solo tritare finemente carne, carne macinata e altri ingredienti principali, ma anche altri ingredienti.<\/span><span class=\"transSent\" data-group=\"0-2\">Acqua, ghiaccio, spezie e accessori (riempitivi) vengono mescolati con schiuma di carne per formare un latte liscio.<\/span><span class=\"transSent\" data-group=\"0-3\">Soprattutto tramite trattamento di emulsificazione, la densit\u00e0 fine e l'elasticit\u00e0 dei prodotti intestinali sono notevolmente migliorate.<\/span><span class=\"transSent\" data-group=\"0-4\">Pu\u00f2 essere selezionata la velocit\u00e0 di lama alta e bassa e la ruota di regolazione della velocit\u00e0 senza step per rendere il tritaggio e la miscelazione, la macinazione di carne, la miscelazione e l'emulsificazione completate in un'unica lavorazione.<\/span><\/p> <figure id=\"attachment_32664\" aria-describedby=\"caption-attachment-32664\" style=\"width: 720px\" class=\"wp-caption alignnone\"><img loading=\"lazy\" decoding=\"async\" class=\"size-full wp-image-32664\" src=\"https:\/\/www.meatprocessingmachine.org\/wp-content\/uploads\/2018\/10\/vegetable-meat-cutter-and-mixer.png\" alt=\"vegetable meat cutter and mixer\" width=\"720\" height=\"540\" title=\"\" srcset=\"https:\/\/www.meatprocessingmachine.org\/wp-content\/uploads\/2018\/10\/vegetable-meat-cutter-and-mixer.png 720w, https:\/\/www.meatprocessingmachine.org\/wp-content\/uploads\/2018\/10\/vegetable-meat-cutter-and-mixer-300x225.png 300w\" sizes=\"auto, (max-width: 720px) 100vw, 720px\" \/><figcaption id=\"caption-attachment-32664\" class=\"wp-caption-text\">Vegetable Meat Cutting Machine&Nbsp;<\/figcaption><\/figure> <h2>Applicazione del tritacarne e miscelatore di verdure e carne<\/h2> <p class=\"translation-block\">Il tritacarne e miscelatore di verdure e carne pu\u00f2 processare carne, pesce, frutta, verdure, noci e frutti di mare, specialmente nella lavorazione della carne, molto conveniente. Questi alimenti possono essere tagliati in granuli o in purea. Lo spessore del prodotto dipende dal tempo di lavorazione, e deve essere regolato in base alla propria produzione. Pu\u00f2 essere usato per fare salsicce, polpette, hamburger e verdure a cubetti. Naturalmente, si pu\u00f2 anche usare un <a href=\"https:\/\/www.meatprocessingmachine.org\/it\/good-quality-meat-food-stuffing-mixer.html\/\">frullatore di carne<\/a> se si necessita di frullare molta carne contemporaneamente.<\/p>   <figure class=\"wp-block-image\"><img decoding=\"async\" src=\"http:\/\/www.meatprocessingmachine.org\/wp-content\/uploads\/2018\/10\/vegetable-and-meat-cutter09106.jpg\" alt=\"\" title=\"\"><\/figure>    <h2 class=\"wp-block-heading\">Perch\u00e9 usare un tritacarne?<\/h2>    <p>Prima di tutto, l'efficienza lavorativa del tritacarne e miscelatore di verdure \u00e8 alta. La macchina pu\u00f2 completare il lavoro di lavorazione della carne in pochi minuti, e l'efficienza del lavoro \u00e8 notevolmente migliorata dopo aver usato la macchina. In secondo luogo, la struttura del tritacarne intestino di carne \u00e8 fine. La velocit\u00e0 della lama, la velocit\u00e0 della pentola e la distanza tra il tritacarne e la pentola possono raggiungere la migliore combinazione in modo che la finezza dei prodotti tritati sia buona, l'aumento di temperatura sia piccolo e il tempo di tritatura sia breve, specialmente la finezza e l'elasticit\u00e0 dei prodotti di salsiccia. Potenziato per massimizzare l'elasticit\u00e0 e la finezza dei prodotti di carne. Inoltre, la macchina ha molte funzioni. La macchina non solo pu\u00f2 tagliare la carne, ma anche mettere condimenti e altre spezie nell'ordine della lavorazione alimentare. Il processo di tritatura completa anche la fase di marinatura della carne, risparmiando tempo.<\/p>    <figure class=\"wp-block-gallery has-nested-images columns-default is-cropped wp-block-gallery-2 is-layout-flex wp-block-gallery-is-layout-flex\"> <figure class=\"wp-block-image size-large\"><img loading=\"lazy\" decoding=\"async\" width=\"286\" height=\"220\" data-id=\"32665\" src=\"https:\/\/www.meatprocessingmachine.org\/wp-content\/uploads\/2018\/10\/meat-bowel-chopper-1.png\" alt=\"meat bowl chopper\" class=\"wp-image-32665\" title=\"\"><figcaption>Tritacarne a ciotola <\/figcaption><\/figure>    <figure class=\"wp-block-image size-large\"><img loading=\"lazy\" decoding=\"async\" width=\"286\" height=\"220\" data-id=\"32666\" src=\"https:\/\/www.meatprocessingmachine.org\/wp-content\/uploads\/2018\/10\/meat-bowel-chopper-.png\" alt=\"meat bowl chopper\" class=\"wp-image-32666\" title=\"\"><figcaption>Tritacarne a ciotola<\/figcaption><\/figure> <\/figure>    <h2 class=\"wp-block-heading\" id=\"h-specification-of-meat-vegetable-cutter-and-mixer\">Specifiche del tritacarne e miscelatore di carne e verdure<\/h2>    <figure class=\"wp-block-table\"><table><tbody><tr><td><strong>Modello<\/strong><\/td><td><strong>SL-20<\/strong><\/td><td><strong>SL-40<\/strong><\/td><td><strong>SL-80<\/strong><\/td><td><strong>SL-125<\/strong><\/td><td><strong>SL-200<\/strong><\/td><\/tr><tr><td><strong>Capacit\u00e0 di lavorazione (kg\/ora)<\/strong><\/td><td><strong>10-15<\/strong><\/td><td><strong>20-30<\/strong><\/td><td><strong>40-50<\/strong><\/td><td><strong>70-80<\/strong><\/td><td><strong>100-140<\/strong><\/td><\/tr><tr><td><strong>Volume della pentola (L)<\/strong><\/td><td><strong>20<\/strong><\/td><td><strong>40<\/strong><\/td><td><strong>80<\/strong><\/td><td><strong>125<\/strong><\/td><td><strong>200<\/strong><\/td><\/tr><tr><td><strong>Potenza (KW)<\/strong><\/td><td><strong>2.55<\/strong><\/td><td><strong>6.25<\/strong><\/td><td><strong>23<\/strong><\/td><td><strong>27<\/strong><\/td><td><strong>63<\/strong><\/td><\/tr><tr><td><strong>Quantit\u00e0 di file<\/strong><\/td><td><strong>3<\/strong><\/td><td><strong>3<\/strong><\/td><td><strong>6<\/strong><\/td><td><strong>6<\/strong><\/td><td><strong>6<\/strong><\/td><\/tr><tr><td><strong>Velocit\u00e0 della pentola di taglio (r\/min)<\/strong><\/td><td><strong>16<\/strong><\/td><td><strong>12<\/strong><\/td><td><strong>8\/12<\/strong><\/td><td><strong>8\/12<\/strong><\/td><td><strong>8\/12\/16<\/strong><\/td><\/tr><tr><td><strong>Velocit\u00e0 di file (r\/min)<\/strong><\/td><td><strong>1650\/3300<\/strong><\/td><td><strong>1800\/3600<\/strong><\/td><td><strong>126\/1800\/3600<\/strong><\/td><td><strong>126\/1800\/3600<\/strong><\/td><td><strong>200\/1900*3800<\/strong><\/td><\/tr><tr><td><strong>Dimensione (r\/min)<\/strong><\/td><td><strong>770*650*980<\/strong><\/td><td><strong>1245*810*1094<\/strong><\/td><td><strong>2300*1020*1195<\/strong><\/td><td><strong>2400*1420*1300<\/strong><\/td><td><strong>2580*2400*1960<\/strong><\/td><\/tr><tr><td><strong>Peso (KG)<\/strong><\/td><td><strong>215<\/strong><\/td><td><strong>480<\/strong><\/td><td><strong>1100<\/strong><\/td><td><strong>1300<\/strong><\/td><td><strong>&nbsp;3800<\/strong><\/td><\/tr><tr><td><strong>Alimentazione di corrente<\/strong><\/td><td><strong>380V<\/strong><\/td><td><strong>380V<\/strong><\/td><td><strong>380V<\/strong><\/td><td><strong>380V<\/strong><\/td><td><strong>380V<\/strong><\/td><\/tr><\/tbody><\/table><\/figure>    <p>Di seguito la tabella dei parametri della macchina tritatrice. Dalla tabella si pu\u00f2 vedere che la macchina ha cinque modelli. Il modello della macchina \u00e8 numerato in base al volume della pentola. Il volume minimo della pentola \u00e8 di 20L, e il massimo di 200L. Le dimensioni della macchina sono diverse, la velocit\u00e0 della lama durante il taglio della carne \u00e8 diversa, e le macchine di grandi dimensioni hanno ingranaggi diversi per regolare.<\/p>    <figure class=\"wp-block-image is-resized\"><img loading=\"lazy\" decoding=\"async\" src=\"http:\/\/www.meatprocessingmachine.org\/wp-content\/uploads\/2018\/10\/vegetable-and-meat-cutter08105.jpg\" alt=\"Tritacarne e miscelatore di verdure e carne\" width=\"840\" height=\"853\" title=\"\"><figcaption>Tritacarne e miscelatore di verdure e carne<\/figcaption><\/figure>    <h2 class=\"wp-block-heading\">Principio di funzionamento del tritacarne, miscelatore e macinatore di carne e verdure <\/h2>    <p>Utilizzando l'azione di taglio della rotazione ad alta velocit\u00e0 della lama, le materie prime principali come carne, carne macinata e grasso vengono finemente tritate in ripieno di carne o purea di carne, e altre materie prime come acqua, borneolo e materiali ausiliari vengono mescolate uniformemente.<\/p>    <h2 class=\"wp-block-heading\">Caratteristiche del tritacarne, miscelatore e macinatore di carne e verdure<\/h2>    <p>1. Il convertitore di frequenza e il motore a frequenza variabile sono scelti in modo che la velocit\u00e0 di taglio possa essere regolata arbitrariamente tra 300-4500 rpm, la lama \u00e8 affilata e l'operazione ad alta velocit\u00e0 \u00e8 stabile. La macchina ha basso rumore, alta efficienza.<\/p>    <p>2. Il tritacarne \u00e8 realizzato con materiali importati e lavorato con cura, e il tritacarne \u00e8 formato in un unico pezzo tramite il centro di lavorazione. \u00c8 realizzato interamente in acciaio inossidabile e ha un bordo della pentola a prova di fuoriuscita per prevenire infiltrazioni e traboccamenti.<\/p>    <p>3. La pentola di tritatura \u00e8 a due velocit\u00e0, che pu\u00f2 essere abbinata alla lama di tritatura a qualsiasi velocit\u00e0, il tempo di tritatura e miscelazione \u00e8 breve, e l'aumento di temperatura del materiale \u00e8 piccolo.<\/p>    <p>4. In condizioni di alta velocit\u00e0, l'operazione \u00e8 stabile e silenziosa, e la distanza tra il tritacarne e il tritacarne \u00e8 inferiore a 1,5 mm per garantire l'effetto del tritacarne.<\/p>    <p>6. Dotato di un dispositivo di scarico, lo scarico \u00e8 comodo e pulito. Il tritacarne pu\u00f2 effettuare un'elaborazione profonda di carne, frutta e verdura, frutti di mare e condimenti. La rotazione ad alta velocit\u00e0 della lama pu\u00f2 accorciare i tempi di funzionamento, ridurre il calore generato dal materiale e mantenere il colore del ripieno.<\/p>    <figure class=\"wp-block-image size-full\"><img loading=\"lazy\" decoding=\"async\" width=\"720\" height=\"340\" src=\"https:\/\/www.meatprocessingmachine.org\/wp-content\/uploads\/2018\/10\/Meat-vegetable-cutter-and-mixer.png\" alt=\"Tritacarne e miscelatore di verdure e carne\" class=\"wp-image-32668\" title=\"\" srcset=\"https:\/\/www.meatprocessingmachine.org\/wp-content\/uploads\/2018\/10\/Meat-vegetable-cutter-and-mixer.png 720w, https:\/\/www.meatprocessingmachine.org\/wp-content\/uploads\/2018\/10\/Meat-vegetable-cutter-and-mixer-300x142.png 300w\" sizes=\"auto, (max-width: 720px) 100vw, 720px\" \/><figcaption>Tritacarne e miscelatore di carne e verdure<\/figcaption><\/figure>    <h2 class=\"wp-block-heading\">La struttura del tritacarne<\/h2>    <p>Il tritacarne e miscelatore di carne e verdure \u00e8 composto da un tritacarne, un albero di lama, una cornice e un sistema di controllo elettrico. La pentola di taglio viene ruotata dal motore a bassa velocit\u00e0 tramite il riduttore e alimenta continuamente il gruppo di lame. L'albero del tritacarne \u00e8 azionato da un motore a due velocit\u00e0 (o motore a frequenza variabile) per ruotare ad alta velocit\u00e0 tramite la cinghia. Mentre le materie prime sono in movimento a spirale nella pentola di tritatura, vengono mescolate e tritate dal gruppo di lame per rimuovere l'aria dalla carne macinata. A causa del tritaggio ad alta velocit\u00e0 della lama, si riduce il tasso di separazione del liquido e del succo del prodotto, e si potenzia l'elasticit\u00e0 e la finezza del prodotto.<\/p>    <h2 class=\"wp-block-heading\">Requisiti di utilizzo del prodotto tritacarne e miscelatore di verdure<\/h2>    <figure class=\"wp-block-image size-full\"><img loading=\"lazy\" decoding=\"async\" width=\"720\" height=\"540\" src=\"https:\/\/www.meatprocessingmachine.org\/wp-content\/uploads\/2018\/10\/Meat-vegetable-cutter-and-mixer-1.png\" alt=\"Tritacarne e miscelatore di verdure e carne\" class=\"wp-image-32669\" title=\"\" srcset=\"https:\/\/www.meatprocessingmachine.org\/wp-content\/uploads\/2018\/10\/Meat-vegetable-cutter-and-mixer-1.png 720w, https:\/\/www.meatprocessingmachine.org\/wp-content\/uploads\/2018\/10\/Meat-vegetable-cutter-and-mixer-1-300x225.png 300w\" sizes=\"auto, (max-width: 720px) 100vw, 720px\" \/><figcaption>Tritacarne e miscelatore<\/figcaption><\/figure>    <p>1. Mantenere pulito l'interno della pentola rotante, ed \u00e8 severamente vietato mettere oggetti estranei.&nbsp;<\/p>    <p>2. Coprire la pentola prima di avviare il tritacarne. Altrimenti, il tritacarne non pu\u00f2 funzionare normalmente.&nbsp;<\/p>    <p>3. Se durante l'alimentazione si verifica un blocco del dado, non entrare nel recipiente rotante per premere il materiale a mano, altrimenti sar\u00e0 pericoloso incontrare il coltello rotante. Se il motore di rotazione del recipiente \u00e8 chiaramente sovraccarico, si consiglia di far girare il recipiente a bassa velocit\u00e0 e ridurre la velocit\u00e0 della lama.&nbsp;<\/p>    <p>4. Per evitare il fenomeno di blocco della carne nel recipiente rotante, non aggiungere troppo materiale in una sola volta durante l'alimentazione. Durante il funzionamento, si dovrebbe aggiungere acqua in modo appropriato.&nbsp;<\/p>    <p>5. Prestare attenzione alla protezione dall'umidit\u00e0 e all'impermeabilit\u00e0, specialmente alla scatola di distribuzione, non lavare con acqua ad alta pressione.<\/p>    <h2 class=\"wp-block-heading\">Video del tritacarne di carne e verdure<\/h2>    <figure class=\"wp-block-embed is-type-video is-provider-youtube wp-block-embed-youtube\"><div class=\"wp-block-embed__wrapper\"> <iframe loading=\"lazy\" title=\"Miglior tritacarne a ciotola | tritacarne e miscelatore di verdure e carne | Macchina tritacante e macinatrice di chili\" width=\"500\" height=\"281\" src=\"https:\/\/www.youtube.com\/embed\/COlE_tG9eAs?feature=oembed\" frameborder=\"0\" allow=\"accelerometer; autoplay; clipboard-write; encrypted-media; gyroscope; picture-in-picture; web-share\" referrerpolicy=\"strict-origin-when-cross-origin\" allowfullscreen><\/iframe> <\/div><figcaption>tritacarne e miscelatore di carne e verdure<\/figcaption><\/figure>","protected":false},"excerpt":{"rendered":"<p>ables and making meat into a puree. The meat bowl chopper has functions such as cutting, mixing, and stirring. Meat bowl choppers can act as helpers in the food processing process. Can be used in canteens, restaurants, sausage processing plants, hamburger patties processing plants.<\/p>","protected":false},"author":1,"featured_media":32707,"parent":0,"template":"","product-type":[589],"class_list":["post-103","product","type-product","status-publish","has-post-thumbnail","hentry","product-type-meat-cutting-machine"],"_links":{"self":[{"href":"https:\/\/www.meatprocessingmachine.org\/it\/wp-json\/wp\/v2\/product\/103","targetHints":{"allow":["GET"]}}],"collection":[{"href":"https:\/\/www.meatprocessingmachine.org\/it\/wp-json\/wp\/v2\/product"}],"about":[{"href":"https:\/\/www.meatprocessingmachine.org\/it\/wp-json\/wp\/v2\/types\/product"}],"author":[{"embeddable":true,"href":"https:\/\/www.meatprocessingmachine.org\/it\/wp-json\/wp\/v2\/users\/1"}],"wp:featuredmedia":[{"embeddable":true,"href":"https:\/\/www.meatprocessingmachine.org\/it\/wp-json\/wp\/v2\/media\/32707"}],"wp:attachment":[{"href":"https:\/\/www.meatprocessingmachine.org\/it\/wp-json\/wp\/v2\/media?parent=103"}],"wp:term":[{"taxonomy":"product-type","embeddable":true,"href":"https:\/\/www.meatprocessingmachine.org\/it\/wp-json\/wp\/v2\/product-type?post=103"}],"curies":[{"name":"wp","href":"https:\/\/api.w.org\/{rel}","templated":true}]}}