{"id":122,"date":"2018-10-25T06:37:25","date_gmt":"2018-10-24T22:37:25","guid":{"rendered":"http:\/\/www.meatprocessingmachine.org\/?p=122"},"modified":"2026-02-12T16:41:47","modified_gmt":"2026-02-12T08:41:47","slug":"hydraulic-enema-machine","status":"publish","type":"product","link":"https:\/\/www.meatprocessingmachine.org\/it\/hydraulic-enema-machine.html","title":{"rendered":"Macchina per clistere idraulico"},"content":{"rendered":"<div class=\"kk-star-ratings kksr-auto kksr-align-right kksr-valign-top\"     data-payload='{&quot;align&quot;:&quot;right&quot;,&quot;id&quot;:&quot;122&quot;,&quot;slug&quot;:&quot;default&quot;,&quot;valign&quot;:&quot;top&quot;,&quot;ignore&quot;:&quot;&quot;,&quot;reference&quot;:&quot;auto&quot;,&quot;class&quot;:&quot;&quot;,&quot;count&quot;:&quot;0&quot;,&quot;legendonly&quot;:&quot;&quot;,&quot;readonly&quot;:&quot;&quot;,&quot;score&quot;:&quot;0&quot;,&quot;starsonly&quot;:&quot;&quot;,&quot;best&quot;:&quot;5&quot;,&quot;gap&quot;:&quot;5&quot;,&quot;greet&quot;:&quot;Rate this product&quot;,&quot;legend&quot;:&quot;0\\\/5 - (0 votes)&quot;,&quot;size&quot;:&quot;24&quot;,&quot;title&quot;:&quot;Hydraulic Enema Machine&quot;,&quot;width&quot;:&quot;0&quot;,&quot;_legend&quot;:&quot;{score}\\\/{best} - ({count} {votes})&quot;,&quot;font_factor&quot;:&quot;1.25&quot;}'>              <div class=\"kksr-stars\">      <div class=\"kksr-stars-inactive\">             <div class=\"kksr-star\" data-star=\"1\" style=\"padding-right: 5px\">               <div class=\"kksr-icon\" style=\"width: 24px; height: 24px;\"><\/div>         <\/div>             <div class=\"kksr-star\" data-star=\"2\" style=\"padding-right: 5px\">               <div class=\"kksr-icon\" style=\"width: 24px; height: 24px;\"><\/div>         <\/div>             <div class=\"kksr-star\" data-star=\"3\" style=\"padding-right: 5px\">               <div class=\"kksr-icon\" style=\"width: 24px; height: 24px;\"><\/div>         <\/div>             <div class=\"kksr-star\" data-star=\"4\" style=\"padding-right: 5px\">               <div class=\"kksr-icon\" style=\"width: 24px; height: 24px;\"><\/div>         <\/div>             <div class=\"kksr-star\" data-star=\"5\" style=\"padding-right: 5px\">               <div class=\"kksr-icon\" style=\"width: 24px; height: 24px;\"><\/div>         <\/div>     <\/div>      <div class=\"kksr-stars-active\" style=\"width: 0px;\">             <div class=\"kksr-star\" style=\"padding-right: 5px\">               <div class=\"kksr-icon\" style=\"width: 24px; height: 24px;\"><\/div>         <\/div>             <div class=\"kksr-star\" style=\"padding-right: 5px\">               <div class=\"kksr-icon\" style=\"width: 24px; height: 24px;\"><\/div>         <\/div>             <div class=\"kksr-star\" style=\"padding-right: 5px\">               <div class=\"kksr-icon\" style=\"width: 24px; height: 24px;\"><\/div>         <\/div>             <div class=\"kksr-star\" style=\"padding-right: 5px\">               <div class=\"kksr-icon\" style=\"width: 24px; height: 24px;\"><\/div>         <\/div>             <div class=\"kksr-star\" style=\"padding-right: 5px\">               <div class=\"kksr-icon\" style=\"width: 24px; height: 24px;\"><\/div>         <\/div>     <\/div> <\/div>                   <div class=\"kksr-legend\" style=\"font-size: 19.2px;\">             <span class=\"kksr-muted\">Valuta questo prodotto<\/span>     <\/div>     <\/div> <h2>Breve introduzione<\/h2> <p class=\"translation-block\"><strong>Macchina idraulica per clistere<\/strong> \u00e8 un'attrezzatura necessaria per il riempimento delle salsicce.<strong> La macchina per salsicce idraulica<\/strong> \u00e8 ampiamente applicabile a vari sistemi di riempimento intestinale, specialmente per riempimenti pi\u00f9 secchi e di carne. La parte superiore della macchina ha un contenitore di stoccaggio e una valvola a disco, un sistema di irrigazione a rotazione continua, che migliora l'efficienza del lavoro.<\/p>   <h2 class=\"wp-block-heading\"><strong>Caratteristiche<\/strong><\/h2>    <p class=\"translation-block\">1. Pu\u00f2 produrre prodotti di intestino di grandi, medie e piccole dimensioni di varie specifiche.<br>2. Questo prodotto ha un aspetto bello, lavorazione fine, operazione conveniente e funzionamento sicuro e affidabile.<br>3.<strong>Macchina per salsicce idraulica<\/strong> il caricatore, la valvola, il tubo di clistere e l'imballaggio esterno sono realizzati in acciaio inossidabile di alta qualit\u00e0.<br>4. Il materiale del cilindro pu\u00f2 essere scelto in base alle esigenze del cliente per soddisfare requisiti di igiene alimentare pi\u00f9 elevati.<br>5.<strong>La macchina per salsicce idraulica<\/strong> si applica a budella di pecora, budella di maiale, budella di collagene, budella di plastica.<\/p>    <figure class=\"wp-block-image\"><img decoding=\"async\" src=\"http:\/\/www.meatprocessingmachine.org\/wp-content\/uploads\/2018\/10\/hydraulic-sausage-stuffer8136.jpg\" alt=\"\" title=\"\"><\/figure>    <h2 class=\"wp-block-heading\"><strong>Specifiche<\/strong><\/h2>    <p class=\"translation-block\"><strong> <\/strong>1. Macchina per salsicce in acciaio inossidabile<br>2. Design raffinato, alta qualit\u00e0<br>3. Capacit\u00e0: 100~500kg<br>4. Adatta a tutte le salsicce<\/p>    <div class=\"wp-block-columns is-layout-flex wp-container-core-columns-is-layout-9d6595d7 wp-block-columns-is-layout-flex\"> <div class=\"wp-block-column is-layout-flow wp-block-column-is-layout-flow\"> <figure class=\"wp-block-image size-large\"><img loading=\"lazy\" decoding=\"async\" width=\"650\" height=\"433\" src=\"http:\/\/www.meatprocessingmachine.org\/wp-content\/uploads\/2020\/06\/details-of-Hydraulic-Enema-Machine.jpg\" alt=\"details of Hydraulic Enema Machine\" class=\"wp-image-733\" title=\"\" srcset=\"https:\/\/www.meatprocessingmachine.org\/wp-content\/uploads\/2020\/06\/details-of-Hydraulic-Enema-Machine.jpg 650w, https:\/\/www.meatprocessingmachine.org\/wp-content\/uploads\/2020\/06\/details-of-Hydraulic-Enema-Machine-300x200.jpg 300w\" sizes=\"auto, (max-width: 650px) 100vw, 650px\" \/><figcaption><\/figcaption><\/figure> <\/div>    <div class=\"wp-block-column is-layout-flow wp-block-column-is-layout-flow\"> <figure class=\"wp-block-image size-large\"><img loading=\"lazy\" decoding=\"async\" width=\"1024\" height=\"683\" src=\"http:\/\/www.meatprocessingmachine.org\/wp-content\/uploads\/2020\/06\/details-of-Hydraulic-Enema-Machine.-1024x683.jpg\" alt=\"details of Hydraulic Enema Machine\" class=\"wp-image-734\" title=\"\" srcset=\"https:\/\/www.meatprocessingmachine.org\/wp-content\/uploads\/2020\/06\/details-of-Hydraulic-Enema-Machine.-1024x683.jpg 1024w, https:\/\/www.meatprocessingmachine.org\/wp-content\/uploads\/2020\/06\/details-of-Hydraulic-Enema-Machine.-300x200.jpg 300w, https:\/\/www.meatprocessingmachine.org\/wp-content\/uploads\/2020\/06\/details-of-Hydraulic-Enema-Machine.-768x512.jpg 768w, https:\/\/www.meatprocessingmachine.org\/wp-content\/uploads\/2020\/06\/details-of-Hydraulic-Enema-Machine.-1536x1024.jpg 1536w, https:\/\/www.meatprocessingmachine.org\/wp-content\/uploads\/2020\/06\/details-of-Hydraulic-Enema-Machine.-2048x1365.jpg 2048w\" sizes=\"auto, (max-width: 1024px) 100vw, 1024px\" \/><figcaption><\/figcaption><\/figure>    <p><\/p> <\/div> <\/div>    <h2 class=\"wp-block-heading\"><strong>Parametri tecnologici<\/strong><\/h2>    <figure class=\"wp-block-table\"><table><tbody><tr><td>Modello<\/td><td>Volume del barile (L)<\/td><td>SL-200<\/td><\/tr><tr><td>50L<\/td><td>Potenza totale (kw)<\/td><td>Diametro di riempimento (mm)<\/td><\/tr><tr><td>Peso(kg)<\/td><td>1.5<\/td><td>1.5<\/td><\/tr><tr><td>Dimensioni eccedenti (mm)<\/td><td>12-48<\/td><td>12-48<\/td><\/tr><tr><td>Peso(kg)<\/td><td>360<\/td><td>400<\/td><\/tr><tr><td>Tecnologia avanzata, prestazioni stabili, facile da usare e manutenzione conveniente. Dopo aver regolato la pressione di lavoro del sistema idraulico a pistone, il materiale nel cilindro si espande sotto l'azione del cilindro idraulico, specialmente per l'imballaggio secco, che \u00e8 pi\u00f9 efficace rispetto ad altri tipi di salsicce.<\/td><td>1050*670*1680<\/td><td>1150*700*1760<\/td><\/tr><\/tbody><\/table><\/figure>    <figure class=\"wp-block-image\"><img decoding=\"async\" src=\"http:\/\/www.meatprocessingmachine.org\/wp-content\/uploads\/2018\/10\/hydraulic-sausage-stuffer1129.jpg\" alt=\"\" title=\"\"><\/figure>    <h2 class=\"wp-block-heading\"><strong>Vantaggi<\/strong><\/h2>    <ol class=\"wp-block-list\"><li>Alto grado di automazione, risparmiando tempo e sforzi.<\/li><li> Trattamento speciale dei componenti chiave, usura durevole, parti di controllo sono componenti importati.<\/li><li>L'aspetto utilizza tecnologia avanzata di trattamento superficiale, aspetto bello, struttura compatta, operazione conveniente e facile manutenzione<\/li><li>Dotato di protezioni di sicurezza,<\/li><li>Macchina per salsicce idraulica<\/li><li>\u00e8 ideale per la lavorazione della carne. <strong>La velocit\u00e0 di scarico \u00e8 rapida, il corpo dell'intestino \u00e8 uniforme, si pu\u00f2 riempire di carne, e l'intestino pu\u00f2 essere riempito, rendendo il processo flessibile e conveniente. \u00c8 facile da alimentare, ad alta efficienza e con buona capacit\u00e0 di produzione continua.<\/strong> \u00e8 facile da pulire, ed \u00e8 adatta a diverse imprese di produzione.<\/li><li>La macchina per il riempimento di salsicce idraulica \u00e8 pi\u00f9 potente di quella pneumatica, e pu\u00f2 facilmente riempire le salsicce di carne.<strong>La velocit\u00e0 di scarico \u00e8 rapida, il corpo dell'intestino \u00e8 uniforme, si pu\u00f2 riempire di carne, e l'intestino pu\u00f2 essere riempito, rendendo il processo flessibile e conveniente. \u00c8 facile da alimentare, ad alta efficienza e con buona capacit\u00e0 di produzione continua.\u00a0<\/strong>Diffondi l'amore<\/li><li>Shuliy<\/li><\/ol>","protected":false},"excerpt":{"rendered":"<p>Brief Introduce Hydraulic Enema Machine is a necessary sausage filling equipment. The Hydraulic Sausage Stuffer Machine is widely applicable to&nbsp; a variety of intestinal filling systems,especially to the drier fillings and meat fillings . The machine upper part has a storage hopper and disc valve,continuously&nbsp; flipping irrigation system, which improve the work efficiency. Features 1.It [&hellip;]<\/p>\n","protected":false},"author":1,"featured_media":43,"parent":0,"template":"","product-type":[598],"class_list":["post-122","product","type-product","status-publish","has-post-thumbnail","hentry","product-type-supporting-auxiliary-equipment"],"_links":{"self":[{"href":"https:\/\/www.meatprocessingmachine.org\/it\/wp-json\/wp\/v2\/product\/122","targetHints":{"allow":["GET"]}}],"collection":[{"href":"https:\/\/www.meatprocessingmachine.org\/it\/wp-json\/wp\/v2\/product"}],"about":[{"href":"https:\/\/www.meatprocessingmachine.org\/it\/wp-json\/wp\/v2\/types\/product"}],"author":[{"embeddable":true,"href":"https:\/\/www.meatprocessingmachine.org\/it\/wp-json\/wp\/v2\/users\/1"}],"wp:featuredmedia":[{"embeddable":true,"href":"https:\/\/www.meatprocessingmachine.org\/it\/wp-json\/wp\/v2\/media\/43"}],"wp:attachment":[{"href":"https:\/\/www.meatprocessingmachine.org\/it\/wp-json\/wp\/v2\/media?parent=122"}],"wp:term":[{"taxonomy":"product-type","embeddable":true,"href":"https:\/\/www.meatprocessingmachine.org\/it\/wp-json\/wp\/v2\/product-type?post=122"}],"curies":[{"name":"wp","href":"https:\/\/api.w.org\/{rel}","templated":true}]}}