{"id":128,"date":"2018-10-25T06:51:15","date_gmt":"2018-10-24T22:51:15","guid":{"rendered":"http:\/\/www.meatprocessingmachine.org\/?p=128"},"modified":"2026-02-12T16:41:13","modified_gmt":"2026-02-12T08:41:13","slug":"sausage-binding-tying-machine","status":"publish","type":"product","link":"https:\/\/www.meatprocessingmachine.org\/it\/sausage-binding-tying-machine.html","title":{"rendered":"Macchina per il filo di legatura delle salsicce"},"content":{"rendered":"<div class=\"kk-star-ratings kksr-auto kksr-align-right kksr-valign-top\"     data-payload='{&quot;align&quot;:&quot;right&quot;,&quot;id&quot;:&quot;128&quot;,&quot;slug&quot;:&quot;default&quot;,&quot;valign&quot;:&quot;top&quot;,&quot;ignore&quot;:&quot;&quot;,&quot;reference&quot;:&quot;auto&quot;,&quot;class&quot;:&quot;&quot;,&quot;count&quot;:&quot;0&quot;,&quot;legendonly&quot;:&quot;&quot;,&quot;readonly&quot;:&quot;&quot;,&quot;score&quot;:&quot;0&quot;,&quot;starsonly&quot;:&quot;&quot;,&quot;best&quot;:&quot;5&quot;,&quot;gap&quot;:&quot;5&quot;,&quot;greet&quot;:&quot;Rate this product&quot;,&quot;legend&quot;:&quot;0\\\/5 - (0 votes)&quot;,&quot;size&quot;:&quot;24&quot;,&quot;title&quot;:&quot;Sausage Binding Wire Machine&quot;,&quot;width&quot;:&quot;0&quot;,&quot;_legend&quot;:&quot;{score}\\\/{best} - ({count} {votes})&quot;,&quot;font_factor&quot;:&quot;1.25&quot;}'>              <div class=\"kksr-stars\">      <div class=\"kksr-stars-inactive\">             <div class=\"kksr-star\" data-star=\"1\" style=\"padding-right: 5px\">               <div class=\"kksr-icon\" style=\"width: 24px; height: 24px;\"><\/div>         <\/div>             <div class=\"kksr-star\" data-star=\"2\" style=\"padding-right: 5px\">               <div class=\"kksr-icon\" style=\"width: 24px; height: 24px;\"><\/div>         <\/div>             <div class=\"kksr-star\" data-star=\"3\" style=\"padding-right: 5px\">               <div class=\"kksr-icon\" style=\"width: 24px; height: 24px;\"><\/div>         <\/div>             <div class=\"kksr-star\" data-star=\"4\" style=\"padding-right: 5px\">               <div class=\"kksr-icon\" style=\"width: 24px; height: 24px;\"><\/div>         <\/div>             <div class=\"kksr-star\" data-star=\"5\" style=\"padding-right: 5px\">               <div class=\"kksr-icon\" style=\"width: 24px; height: 24px;\"><\/div>         <\/div>     <\/div>      <div class=\"kksr-stars-active\" style=\"width: 0px;\">             <div class=\"kksr-star\" style=\"padding-right: 5px\">               <div class=\"kksr-icon\" style=\"width: 24px; height: 24px;\"><\/div>         <\/div>             <div class=\"kksr-star\" style=\"padding-right: 5px\">               <div class=\"kksr-icon\" style=\"width: 24px; height: 24px;\"><\/div>         <\/div>             <div class=\"kksr-star\" style=\"padding-right: 5px\">               <div class=\"kksr-icon\" style=\"width: 24px; height: 24px;\"><\/div>         <\/div>             <div class=\"kksr-star\" style=\"padding-right: 5px\">               <div class=\"kksr-icon\" style=\"width: 24px; height: 24px;\"><\/div>         <\/div>             <div class=\"kksr-star\" style=\"padding-right: 5px\">               <div class=\"kksr-icon\" style=\"width: 24px; height: 24px;\"><\/div>         <\/div>     <\/div> <\/div>                   <div class=\"kksr-legend\" style=\"font-size: 19.2px;\">             <span class=\"kksr-muted\">Valuta questo prodotto<\/span>     <\/div>     <\/div>  <p class=\"translation-block\"><span class=\"transSent\" data-group=\"0-0\">La macchina per il legamento delle salsicce Taizy \u00e8 usata per la quantificazione e la segmentazione dei prodotti intestinali.<\/span> <span class=\"transSent\" data-group=\"0-0\">Nella nostra azienda ci sono modelli automatici e semi-automatici. Gli utenti possono scegliere l'attrezzatura adatta in base all'uniformit\u00e0 della produzione e dell'involucro.<\/span> Questa \u00e8 una macchina necessaria nella <a href=\"https:\/\/www.meatprocessingmachine.org\/it\/sausage-production-line-for-sausage-making.html\/\">linea di produzione di salsicce<\/a>.<\/p>    <h2 class=\"wp-block-heading\" id=\"h-introduction-of-the-sausage-binding-wire-machine\">Introduzione della macchina per il legamento delle salsicce<\/h2>    <ol class=\"wp-block-list\"> <li>La macchina per il legamento delle salsicce \u00e8 realizzata in acciaio inossidabile. La sua struttura \u00e8 compatta, facile da usare, pratica e bella. \u00c8 un'attrezzatura ideale per <a href=\"https:\/\/en.wikipedia.org\/wiki\/Sausage\" target=\"_blank\" rel=\"noopener\">salsiccia<\/a>sanguinamenti e intestini.<\/li>    <li>La macchina per il legamento delle salsicce adotta un motore servo importato avanzato e il nuovo sistema di controllo dell'interfaccia uomo-macchina di propriet\u00e0 dell'azienda, che ha i vantaggi di alta efficienza, facile controllo e risparmio di materiali di produzione.<\/li>    <li>La lunghezza e il diametro del prodotto possono essere impostati in base alle esigenze del cliente.<\/li> <\/ol>    <figure class=\"wp-block-image size-full is-resized\"><img loading=\"lazy\" decoding=\"async\" width=\"800\" height=\"800\" src=\"https:\/\/www.meatprocessingmachine.org\/wp-content\/uploads\/2020\/06\/sausage-binding-wire-machine-1.jpg\" alt=\"Macchina per il legamento delle salsicce\" class=\"wp-image-534\" style=\"object-fit:cover;width:720px;height:540px\" title=\"\" srcset=\"https:\/\/www.meatprocessingmachine.org\/wp-content\/uploads\/2020\/06\/sausage-binding-wire-machine-1.jpg 800w, https:\/\/www.meatprocessingmachine.org\/wp-content\/uploads\/2020\/06\/sausage-binding-wire-machine-1-300x300.jpg 300w, https:\/\/www.meatprocessingmachine.org\/wp-content\/uploads\/2020\/06\/sausage-binding-wire-machine-1-150x150.jpg 150w, https:\/\/www.meatprocessingmachine.org\/wp-content\/uploads\/2020\/06\/sausage-binding-wire-machine-1-768x768.jpg 768w\" sizes=\"auto, (max-width: 800px) 100vw, 800px\" \/><figcaption class=\"wp-element-caption\">Macchina per il filo di legatura delle salsicce<\/figcaption><\/figure>    <h2 class=\"wp-block-heading\" id=\"h-advantages-of-the-sausage-binding-wire-machine\">Vantaggi della macchina per il legamento delle salsicce<\/h2>    <ol class=\"wp-block-list\"> <li>La fatica dei lavoratori viene ridotta. L'operatore deve solo inserire l'intestino di riempimento nella porta di alimentazione della macchina, e la macchina completer\u00e0 automaticamente il processo di alimentazione e legatura della salsiccia.<\/li>    <li>Ha migliorato notevolmente l'efficienza di produzione delle salsicce, che pu\u00f2 essere impostata arbitrariamente in base alle esigenze del cliente.<\/li>    <li>\u00c8 pulito ed ecologico perch\u00e9 l'attrezzatura \u00e8 principalmente realizzata in acciaio inossidabile, adatto al cibo. La salsiccia non entra in contatto con altri metalli durante il processo di produzione.<\/li>    <li>La macchina \u00e8 facile da usare. Dopo aver impostato la lunghezza e la velocit\u00e0, la macchina pu\u00f2 completare tutto il lavoro in modo automatico ed efficiente.<\/li>    <li>Pertanto, le procedure di produzione delle salsicce sono pi\u00f9 in linea con i requisiti di igiene sempre pi\u00f9 rigorosi delle persone.<\/li> <\/ol>    <figure class=\"wp-block-image size-full is-resized\"><img loading=\"lazy\" decoding=\"async\" width=\"750\" height=\"750\" src=\"https:\/\/www.meatprocessingmachine.org\/wp-content\/uploads\/2018\/10\/sausage1.jpg\" alt=\"macchina per il legamento delle salsicce\" class=\"wp-image-147\" style=\"object-fit:cover;width:720px;height:540px\" title=\"\" srcset=\"https:\/\/www.meatprocessingmachine.org\/wp-content\/uploads\/2018\/10\/sausage1.jpg 750w, https:\/\/www.meatprocessingmachine.org\/wp-content\/uploads\/2018\/10\/sausage1-150x150.jpg 150w, https:\/\/www.meatprocessingmachine.org\/wp-content\/uploads\/2018\/10\/sausage1-300x300.jpg 300w\" sizes=\"auto, (max-width: 750px) 100vw, 750px\" \/><figcaption class=\"wp-element-caption\">Macchina per il legamento delle salsicce<\/figcaption><\/figure>    <h2 class=\"wp-block-heading\" id=\"h-technical-parameter-of-sausage-binding-wire-machine\">Parametro tecnico della macchina per il legamento delle salsicce<\/h2>    <figure class=\"wp-block-table\"><table><tbody><tr><td><strong>Modello<\/strong><\/td><td><strong>TZ-100<\/strong><\/td><td><strong>TZ-200<\/strong><\/td><\/tr><tr><td><strong>Operazione<\/strong><\/td><td><strong>Semi automatico<\/strong><\/td><td><strong>Completamente automatico<\/strong><\/td><\/tr><tr><td><strong>Diametro della salsiccia adatto<\/strong><\/td><td><strong>9~35mm<\/strong><\/td><td><strong>9~30mm<\/strong><\/td><\/tr><tr><td><strong>Lunghezza del corpo della salsiccia<\/strong><\/td><td><strong>30~300mm<\/strong><\/td><td><strong>Regolabile<\/strong><\/td><\/tr><tr><td><strong>Capacit\u00e0<\/strong><\/td><td><strong>10~100 pezzi\/min<\/strong><\/td><td><strong>3600 pezzi\/h<\/strong><\/td><\/tr><tr><td><strong>Dimensione<\/strong><\/td><td><strong>1100*500*900mm<\/strong><\/td><td><strong>1080*620*1125mm<\/strong><\/td><\/tr><tr><td><strong>Peso<\/strong><\/td><td><strong>100kg<\/strong><\/td><td><strong>100kg<\/strong><\/td><\/tr><\/tbody><\/table><figcaption class=\"wp-element-caption\">macchina per il legamento delle salsicce<\/figcaption><\/figure>    <p>Gli involucri proteici sono adatti per macchine di legatura completamente automatiche. Gli involucri animali sono pi\u00f9 adatti per macchine di legatura semi-automatiche. Se desideri ulteriori informazioni sulla macchina, non esitare a contattarci.<\/p>","protected":false},"excerpt":{"rendered":"<p>La macchina per il legamento delle salsicce Taizy \u00e8 usata per la quantificazione e la segmentazione dei prodotti intestinali. Nella nostra azienda ci sono modelli automatici e semi-automatici. <\/p>","protected":false},"author":1,"featured_media":148,"parent":0,"template":"","product-type":[598],"class_list":["post-128","product","type-product","status-publish","has-post-thumbnail","hentry","product-type-supporting-auxiliary-equipment"],"_links":{"self":[{"href":"https:\/\/www.meatprocessingmachine.org\/it\/wp-json\/wp\/v2\/product\/128","targetHints":{"allow":["GET"]}}],"collection":[{"href":"https:\/\/www.meatprocessingmachine.org\/it\/wp-json\/wp\/v2\/product"}],"about":[{"href":"https:\/\/www.meatprocessingmachine.org\/it\/wp-json\/wp\/v2\/types\/product"}],"author":[{"embeddable":true,"href":"https:\/\/www.meatprocessingmachine.org\/it\/wp-json\/wp\/v2\/users\/1"}],"wp:featuredmedia":[{"embeddable":true,"href":"https:\/\/www.meatprocessingmachine.org\/it\/wp-json\/wp\/v2\/media\/148"}],"wp:attachment":[{"href":"https:\/\/www.meatprocessingmachine.org\/it\/wp-json\/wp\/v2\/media?parent=128"}],"wp:term":[{"taxonomy":"product-type","embeddable":true,"href":"https:\/\/www.meatprocessingmachine.org\/it\/wp-json\/wp\/v2\/product-type?post=128"}],"curies":[{"name":"wp","href":"https:\/\/api.w.org\/{rel}","templated":true}]}}