{"id":1291,"date":"2021-05-28T18:15:06","date_gmt":"2021-05-28T10:15:06","guid":{"rendered":"https:\/\/www.meatprocessingmachine.org\/?p=1291"},"modified":"2026-02-12T16:05:54","modified_gmt":"2026-02-12T08:05:54","slug":"chicken-breast-slicer-machine","status":"publish","type":"product","link":"https:\/\/www.meatprocessingmachine.org\/it\/chicken-breast-slicer-machine.html","title":{"rendered":"Macchina per affettare petto di pollo per fette\/strisce"},"content":{"rendered":"<div class=\"kk-star-ratings kksr-auto kksr-align-right kksr-valign-top\"     data-payload='{&quot;align&quot;:&quot;right&quot;,&quot;id&quot;:&quot;1291&quot;,&quot;slug&quot;:&quot;default&quot;,&quot;valign&quot;:&quot;top&quot;,&quot;ignore&quot;:&quot;&quot;,&quot;reference&quot;:&quot;auto&quot;,&quot;class&quot;:&quot;&quot;,&quot;count&quot;:&quot;0&quot;,&quot;legendonly&quot;:&quot;&quot;,&quot;readonly&quot;:&quot;&quot;,&quot;score&quot;:&quot;0&quot;,&quot;starsonly&quot;:&quot;&quot;,&quot;best&quot;:&quot;5&quot;,&quot;gap&quot;:&quot;5&quot;,&quot;greet&quot;:&quot;Rate this product&quot;,&quot;legend&quot;:&quot;0\\\/5 - (0 votes)&quot;,&quot;size&quot;:&quot;24&quot;,&quot;title&quot;:&quot;Chicken breast slicer machine for meat slices\\\/strips&quot;,&quot;width&quot;:&quot;0&quot;,&quot;_legend&quot;:&quot;{score}\\\/{best} - ({count} {votes})&quot;,&quot;font_factor&quot;:&quot;1.25&quot;}'>              <div class=\"kksr-stars\">      <div class=\"kksr-stars-inactive\">             <div class=\"kksr-star\" data-star=\"1\" style=\"padding-right: 5px\">               <div class=\"kksr-icon\" style=\"width: 24px; height: 24px;\"><\/div>         <\/div>             <div class=\"kksr-star\" data-star=\"2\" style=\"padding-right: 5px\">               <div class=\"kksr-icon\" style=\"width: 24px; height: 24px;\"><\/div>         <\/div>             <div class=\"kksr-star\" data-star=\"3\" style=\"padding-right: 5px\">               <div class=\"kksr-icon\" style=\"width: 24px; height: 24px;\"><\/div>         <\/div>             <div class=\"kksr-star\" data-star=\"4\" style=\"padding-right: 5px\">               <div class=\"kksr-icon\" style=\"width: 24px; height: 24px;\"><\/div>         <\/div>             <div class=\"kksr-star\" data-star=\"5\" style=\"padding-right: 5px\">               <div class=\"kksr-icon\" style=\"width: 24px; height: 24px;\"><\/div>         <\/div>     <\/div>      <div class=\"kksr-stars-active\" style=\"width: 0px;\">             <div class=\"kksr-star\" style=\"padding-right: 5px\">               <div class=\"kksr-icon\" style=\"width: 24px; height: 24px;\"><\/div>         <\/div>             <div class=\"kksr-star\" style=\"padding-right: 5px\">               <div class=\"kksr-icon\" style=\"width: 24px; height: 24px;\"><\/div>         <\/div>             <div class=\"kksr-star\" style=\"padding-right: 5px\">               <div class=\"kksr-icon\" style=\"width: 24px; height: 24px;\"><\/div>         <\/div>             <div class=\"kksr-star\" style=\"padding-right: 5px\">               <div class=\"kksr-icon\" style=\"width: 24px; height: 24px;\"><\/div>         <\/div>             <div class=\"kksr-star\" style=\"padding-right: 5px\">               <div class=\"kksr-icon\" style=\"width: 24px; height: 24px;\"><\/div>         <\/div>     <\/div> <\/div>                   <div class=\"kksr-legend\" style=\"font-size: 19.2px;\">             <span class=\"kksr-muted\">Valuta questo prodotto<\/span>     <\/div>     <\/div>  <p>La macchina per affettare il petto di pollo   pu\u00f2 processare la carne in fette, e le macchine per il taglio della carne per strisce di carne   processano la carne in strisce. Le materie prime possono essere il petto di pollo, manzo, maiale, ecc. Le macchine per affettare la carne possono processare un'ampia gamma di carni, adatte alla maggior parte delle carni senza ossa. <\/p>    <p>La macchina per affettare la carne utilizza un processo di taglio piatto durante la lavorazione per controllare con precisione la dimensione e lo spessore. Lo spessore delle fette di carne pu\u00f2 essere personalizzato. \u00c8 adatta a impianti di lavorazione alimentare, cucine di ristoranti e grandi mense.<\/p>    <figure class=\"wp-block-image size-large\"><img loading=\"lazy\" decoding=\"async\" width=\"720\" height=\"540\" src=\"https:\/\/www.meatprocessingmachine.org\/wp-content\/uploads\/2021\/05\/2-1.jpg\" alt=\"Impianto di insaccamento industriale di salsicce in produzione\" class=\"wp-image-1296\" title=\"\" srcset=\"https:\/\/www.meatprocessingmachine.org\/wp-content\/uploads\/2021\/05\/2-1.jpg 720w, https:\/\/www.meatprocessingmachine.org\/wp-content\/uploads\/2021\/05\/2-1-300x225.jpg 300w\" sizes=\"auto, (max-width: 720px) 100vw, 720px\" \/><figcaption class=\"wp-element-caption\">Petto di pollo affettato<\/figcaption><\/figure>    <h2 class=\"wp-block-heading\" id=\"h-type-of-meat-cutting-machinery-for-meat-slices-strips\">Video di macchinari per il taglio della carne per fette\/strisce di carne<\/h2>    <figure class=\"wp-block-embed is-type-video is-provider-youtube wp-block-embed-youtube\"><div class=\"wp-block-embed__wrapper\"> <iframe loading=\"lazy\" title=\"Pollo &amp; Tacchino\" width=\"500\" height=\"281\" src=\"https:\/\/www.youtube.com\/embed\/2jjreRlvCKM?start=19&#038;feature=oembed\" frameborder=\"0\" allow=\"accelerometer; autoplay; clipboard-write; encrypted-media; gyroscope; picture-in-picture; web-share\" referrerpolicy=\"strict-origin-when-cross-origin\" allowfullscreen><\/iframe> <\/div><\/figure>    <h2 class=\"wp-block-heading\" id=\"h-introduction-of-chicken-breast-slicer-machine\">Introduzione alla macchina per affettare il petto di pollo<\/h2>    <p class=\"translation-block\">La macchina per affettare il petto di pollo   taglia direttamente la carne in fette, come fette di petto di pollo, fette di manzo e fette di maiale. La macchina per affettare il petto di pollo   \u00e8 una macchina indipendente che pu\u00f2 completare da sola il lavoro di affettatura. Per usarla, posizionare la carne sul nastro trasportatore e attendere alcuni secondi. La macchina per affettare il petto di pollo   pu\u00f2 tagliare le fette di carne con uno spessore di 2-8mm, e la macchina per affettare la carne pu\u00f2 controllare con precisione la dimensione e lo spessore. <\/p>    <p class=\"translation-block\">Inoltre, lo spessore di ogni fetta di carne \u00e8 uguale, <strong>macchina per affettare il petto di pollo<\/strong> \u00e8 molto pi\u00f9 efficiente rispetto al manuale, quindi il vantaggio della macchina nel taglio \u00e8 molto evidente. Inoltre, un altro vantaggio della affettatrice \u00e8 che la velocit\u00e0 della macchina pu\u00f2 essere regolata. Questo permette di adattarsi al flusso di lavorazione.<\/p>    <figure class=\"wp-block-image size-full is-resized\"><img loading=\"lazy\" decoding=\"async\" width=\"680\" height=\"480\" src=\"https:\/\/www.meatprocessingmachine.org\/wp-content\/uploads\/2021\/09\/breast-slicer-machine.jpg\" alt=\"Macchina per affettare il petto\" class=\"wp-image-1993\" style=\"width:720px;height:540px\" title=\"\" srcset=\"https:\/\/www.meatprocessingmachine.org\/wp-content\/uploads\/2021\/09\/breast-slicer-machine.jpg 680w, https:\/\/www.meatprocessingmachine.org\/wp-content\/uploads\/2021\/09\/breast-slicer-machine-300x212.jpg 300w\" sizes=\"auto, (max-width: 680px) 100vw, 680px\" \/><figcaption class=\"wp-element-caption\"> <strong>Macchina per affettare il petto<\/strong> <\/figcaption><\/figure>    <h2 class=\"wp-block-heading\">Parametro della macchina per affettare il filetto di pollo<\/h2>    <figure class=\"wp-block-table\"><table><tbody><tr><td>Modello<\/td><td>KSQPJ-100<\/td><\/tr><tr><td>Potenza(kW)<\/td><td>1.65KW<\/td><\/tr><tr><td>Larghezza<\/td><td>260mm<\/td><\/tr><tr><td>Intervallo di velocit\u00e0 del nastro trasportatore<\/td><td>3-15m\/min (Frequenza)<\/td><\/tr><tr><td>Tensione (v)<strong>)<\/strong><\/td><td>380v<\/td><\/tr><tr><td>Larghezza massima del prodotto<\/td><td>80-120mm (Regolabile)<\/td><\/tr><tr><td>Altezza di input e output<\/td><td>30mm<\/td><\/tr><tr><td>Spessore di taglio<\/td><td>4-40mm<\/td><\/tr><tr><td>Dimensione<\/td><td>1800x820x1580mm<\/td><\/tr><\/tbody><\/table><figcaption class=\"wp-element-caption\">Macchina per affettare il petto di pollo<\/figcaption><\/figure>    <p>Il modello KSQPJ-100 ha una potenza di 1.65kw e una tensione di 380v. Lo spessore di taglio pu\u00f2 essere regolato da 4 a 40mm. Inoltre, la velocit\u00e0 del nastro trasportatore \u00e8 regolabile (3-15m\/min). Per ulteriori informazioni su questa macchina per affettare il filetto di pollo, contattaci.<\/p>    <h2 class=\"wp-block-heading\" id=\"h-chicken-breast-slicer-machine-principle\">Principio di funzionamento della macchina per affettare il petto di pollo<\/h2>    <p>The chicken breast slicer machine&nbsp;conveys the meat to the cutting place by the machine&#8217;s high-friction conveyor belt. The chicken breast slicer machine&nbsp;is composed of multiple horizontal sharp blades. The cut meat is sent out through the conveyor belt. <\/p>    <p>Quindi, il taglio delle fette di carne. Lo spessore \u00e8 determinato dalla distanza tra le lame. Questa distanza pu\u00f2 essere personalizzata dalla fabbrica in base alle esigenze al momento della produzione. Pu\u00f2 soddisfare la maggior parte delle esigenze. <\/p>    <p>E la velocit\u00e0 di trasporto del nastro trasportatore pu\u00f2 essere regolata, il che \u00e8 molto intelligente. Questo perch\u00e9, quando lavoriamo in un'altra sezione, potrebbe esserci imballaggio manuale o prodotti finiti. Quindi possiamo regolare la velocit\u00e0 del nastro trasportatore in base alla velocit\u00e0 di lavoro per ottenere risultati migliori. Questo \u00e8 anche il risultato che il progettista ha preso in considerazione la situazione reale del lavoro durante la progettazione, ed \u00e8 stato attento.<\/p>    <figure class=\"wp-block-image size-large is-resized\"><img loading=\"lazy\" decoding=\"async\" width=\"720\" height=\"353\" src=\"https:\/\/www.meatprocessingmachine.org\/wp-content\/uploads\/2021\/05\/3.jpg\" alt=\"macchina per affettare il petto di pollo\" class=\"wp-image-1298\" style=\"width:720px;height:540px\" title=\"\" srcset=\"https:\/\/www.meatprocessingmachine.org\/wp-content\/uploads\/2021\/05\/3.jpg 720w, https:\/\/www.meatprocessingmachine.org\/wp-content\/uploads\/2021\/05\/3-300x147.jpg 300w\" sizes=\"auto, (max-width: 720px) 100vw, 720px\" \/><figcaption><\/figcaption><\/figure>    <h2 class=\"wp-block-heading\" id=\"h-finished-product-effect-of-chicken-breast-slicer-machine\">Effetto del prodotto finito della macchina per affettare il petto di pollo<\/h2>    <figure class=\"wp-block-image size-full is-resized\"><img loading=\"lazy\" decoding=\"async\" width=\"520\" height=\"390\" src=\"https:\/\/www.meatprocessingmachine.org\/wp-content\/uploads\/2021\/09\/chicken-breast-slicer-machine.png\" alt=\"macchina per affettare il petto di pollo\" class=\"wp-image-1994\" style=\"width:720px;height:540px\" title=\"\" srcset=\"https:\/\/www.meatprocessingmachine.org\/wp-content\/uploads\/2021\/09\/chicken-breast-slicer-machine.png 520w, https:\/\/www.meatprocessingmachine.org\/wp-content\/uploads\/2021\/09\/chicken-breast-slicer-machine-300x225.png 300w\" sizes=\"auto, (max-width: 520px) 100vw, 520px\" \/><figcaption class=\"wp-element-caption\"> <strong>macchina per affettare il petto di pollo<\/strong> <\/figcaption><\/figure>    <p>La macchina per affettare il petto di pollo pu\u00f2 tagliare fette di carne da 2-8mm. Questa spessore pu\u00f2 essere personalizzato al momento dell'acquisto, cos\u00ec da poter usare una lama di dimensioni adeguate. Lo spessore delle fette di carne tagliate \u00e8 uniforme e la superficie molto liscia. La lama \u00e8 molto affilata, e non causa danni alla carne dopo il taglio, n\u00e9 perdita, garantendo alta efficienza e rendimento.<\/p>    <h2 class=\"wp-block-heading\" id=\"h-meat-cutting-machinery-for-meat-strips-introduction\">Introduzione alle macchine per il taglio della carne a strisce<\/h2>    <p class=\"translation-block\">La <strong>Introduzione alle macchine per il taglio della carne in strisce<\/strong> ha due parti. Prima, viene tagliata in fette da una affettatrice e poi passa attraverso un'altra affettatrice. Il prodotto sono varie strisce di carne. La affettatrice taglia in fette orizzontalmente e, successivamente, la macchina successiva taglia verticalmente in strisce. La macchina per il taglio del petto di pollo viene trasportata direttamente tramite il nastro trasportatore, senza bisogno di manodopera nel processo dal foglio alla striscia. <\/p>    <figure class=\"wp-block-table\"><table><tbody><tr><td>Modello<\/td><td>KSQTJ-260<\/td><\/tr><tr><td>Potenza kW<\/td><td>0,75 kW<\/td><\/tr><tr><td>Larghezza<\/td><td>260mm<\/td><\/tr><tr><td>Intervallo di velocit\u00e0 del nastro trasportatore<\/td><td>3-15m\/min (Frequenza)<\/td><\/tr><tr><td>Tensione di alimentazione (v)<\/td><td>380v\/50Hz<\/td><\/tr><tr><td>Dimensione<\/td><td>2200x650x1450mm<\/td><\/tr><\/tbody><\/table><figcaption class=\"wp-element-caption\"> <strong>Macchine per il taglio della carne in strisce&nbsp;<\/strong> <\/figcaption><\/figure>    <p>L'intero processo risparmia tempo e fatica ed \u00e8 efficiente e rapido. Il nastro trasportatore ha un design a strisce speciale, che aumenta l'attrito in modo che le macchine per il taglio della carne in strisce siano trasportate anche se relativamente grandi. La carne pu\u00f2 essere trasportata con successo senza problemi. Lo spessore delle strisce di carne tagliate pu\u00f2 essere anche regolato.<\/p>    <figure class=\"wp-block-image size-full is-resized\"><img loading=\"lazy\" decoding=\"async\" width=\"680\" height=\"480\" src=\"https:\/\/www.meatprocessingmachine.org\/wp-content\/uploads\/2021\/09\/Meat-Cutting-Machinery-for-Meat-Strips-.jpg\" alt=\"Macchine per il taglio della carne in strisce\u00a0\" class=\"wp-image-1995\" style=\"width:720px;height:540px\" title=\"\" srcset=\"https:\/\/www.meatprocessingmachine.org\/wp-content\/uploads\/2021\/09\/Meat-Cutting-Machinery-for-Meat-Strips-.jpg 680w, https:\/\/www.meatprocessingmachine.org\/wp-content\/uploads\/2021\/09\/Meat-Cutting-Machinery-for-Meat-Strips--300x212.jpg 300w\" sizes=\"auto, (max-width: 680px) 100vw, 680px\" \/><figcaption class=\"wp-element-caption\"> <strong>Macchine per il taglio della carne in strisce&nbsp;<\/strong> <\/figcaption><\/figure>    <h3 class=\"wp-block-heading\" id=\"h-cutting-principle-of-meat-cutting-machinery-for-meat-strips\">Principio di taglio delle macchine per il taglio della carne in strisce<\/h3>    <p>The slicer is composed of two parts. The first is a slicer. The meat to be cut is first cut into slices by the slicer. The slicer&#8217;s blade cuts the meat slices horizontally and then continues to be conveyed by the conveyor belt to the next machine. , The cutting process is carried out by the chicken breast cutting machine, and the next step is the vertical cutting of the sliced \u200b\u200bmeat by the cutting machine, which becomes a meat strip<\/p>    <h3 class=\"wp-block-heading\" id=\"h-features-of-the-machine\">Caratteristiche della macchina per il taglio del petto di pollo<\/h3>    <ol class=\"wp-block-list\"> <li>La macchina pu\u00f2 tagliare il petto di pollo orizzontalmente, lo spessore della sezione tagliata \u00e8 preciso, e la superficie del taglio \u00e8 liscia.<\/li>    <li>L'operazione \u00e8 semplice e facile da imparare, e le specifiche del prodotto possono essere regolate.<\/li>    <li>La macchina per affettare il petto di pollo \u00e8 in acciaio, sicura e affidabile, e non arrugginisce durante la pulizia.<\/li>    <li>Il nastro trasportatore utilizza un design a strisce per aumentare l'attrito e trasportare senza problemi.<\/li>    <li>Il prodotto tagliato \u00e8 uniforme e facile da vendere.<\/li> <\/ol>    <h2 class=\"wp-block-heading\" id=\"h-slicing-and-cutting-machine-is-easy-to-operate\">Come usare la macchina per affettare e tagliare?<\/h2>    <p>La macchina ha un pannello di controllo, che controlla l'interruttore della macchina e la velocit\u00e0 del nastro trasportatore. Quando si affetta e si taglia, \u00e8 necessario mettere manualmente le materie prime sulla macchina, e il nastro trasportatore invia i petti di pollo. <\/p>    <p>La macchina funziona molto velocemente e pu\u00f2 processare i prodotti in modo efficiente. Le lame sono in acciaio, conformi agli standard di sicurezza alimentare, e producono prodotti finiti in modo sicuro.<\/p>    <figure class=\"wp-block-image size-large\"><img loading=\"lazy\" decoding=\"async\" width=\"720\" height=\"540\" src=\"https:\/\/www.meatprocessingmachine.org\/wp-content\/uploads\/2021\/05\/\u672a\u6807\u9898-1.jpg\" alt=\"Macchine per il taglio della carne in strisce\" class=\"wp-image-1301\" title=\"\" srcset=\"https:\/\/www.meatprocessingmachine.org\/wp-content\/uploads\/2021\/05\/\u672a\u6807\u9898-1.jpg 720w, https:\/\/www.meatprocessingmachine.org\/wp-content\/uploads\/2021\/05\/\u672a\u6807\u9898-1-300x225.jpg 300w\" sizes=\"auto, (max-width: 720px) 100vw, 720px\" \/><figcaption><\/figcaption><\/figure>    <h2 class=\"wp-block-heading\" id=\"h-some-precautions-for-chicken-breast-slicer-machine\">Alcune precauzioni per la macchina per affettare il petto di pollo<\/h2>    <ul class=\"wp-block-list\"> <li>Durante il funzionamento della macchina, \u00e8 severamente vietato entrare in profondit\u00e0 nella macchina<\/li>    <li>Quando la macchina \u00e8 in funzione, \u00e8 severamente vietato entrare in profondit\u00e0 nella macchina.<\/li>    <li>Prestare attenzione alla manutenzione e alla cura della macchina, come lubrificare la macchina e pulirla dopo l'uso.<\/li>    <li>Macchina per il taglio di carne congelata<\/li> <\/ul>    <figure class=\"wp-block-image size-large is-resized\"><img loading=\"lazy\" decoding=\"async\" width=\"1024\" height=\"1024\" src=\"https:\/\/www.meatprocessingmachine.org\/wp-content\/uploads\/2021\/09\/Meat-Cutting-Machinery-for-Meat-Strips-2-1024x1024.jpg\" alt=\"\" class=\"wp-image-1996\" style=\"width:720px;height:540px\" title=\"\" srcset=\"https:\/\/www.meatprocessingmachine.org\/wp-content\/uploads\/2021\/09\/Meat-Cutting-Machinery-for-Meat-Strips-2-1024x1024.jpg 1024w, https:\/\/www.meatprocessingmachine.org\/wp-content\/uploads\/2021\/09\/Meat-Cutting-Machinery-for-Meat-Strips-2-300x300.jpg 300w, https:\/\/www.meatprocessingmachine.org\/wp-content\/uploads\/2021\/09\/Meat-Cutting-Machinery-for-Meat-Strips-2-150x150.jpg 150w, https:\/\/www.meatprocessingmachine.org\/wp-content\/uploads\/2021\/09\/Meat-Cutting-Machinery-for-Meat-Strips-2-768x768.jpg 768w, https:\/\/www.meatprocessingmachine.org\/wp-content\/uploads\/2021\/09\/Meat-Cutting-Machinery-for-Meat-Strips-2.jpg 1080w\" sizes=\"auto, (max-width: 1024px) 100vw, 1024px\" \/><figcaption class=\"wp-element-caption\"> <strong>Macchine per il taglio della carne in strisce&nbsp;<\/strong> <\/figcaption><\/figure>    <h2 class=\"wp-block-heading\" id=\"h-related-machine-provision\">Fornitura di macchinari correlati<\/h2>    <p class=\"translation-block\">Nel processo reale di lavorazione della carne, potrebbe essere sufficiente tagliare la carne con salsa, e le nostre macchine sono molto complete. Possiamo anche fornire<a href=\"https:\/\/www.meatprocessingmachine.org\/it\/commercial-frozen-fresh-meat-dicing-machine.html\/\"> macchine per il taglio di carne congelata in modo commerciale<\/a>, <a href=\"https:\/\/www.meatprocessingmachine.org\/it\/bone-grinder-machine-meat-and-bone-grinder.html\/\"> macinacarne\/impastatrici di carne\/impastatrici di pasta di ossa<\/a>.<\/p>    <div class=\"wp-block-columns is-layout-flex wp-container-core-columns-is-layout-9d6595d7 wp-block-columns-is-layout-flex\"> <div class=\"wp-block-column is-layout-flow wp-block-column-is-layout-flow\"> <figure class=\"wp-block-image size-full\"><a href=\"https:\/\/www.meatprocessingmachine.org\/it\/commercial-frozen-fresh-meat-dicing-machine.html\/\"><img loading=\"lazy\" decoding=\"async\" width=\"720\" height=\"540\" src=\"https:\/\/www.meatprocessingmachine.org\/wp-content\/uploads\/2022\/01\/beef-dicing-machine.png\" alt=\"Macchina per il taglio a cubetti di carne congelata\" class=\"wp-image-32559\" title=\"\" srcset=\"https:\/\/www.meatprocessingmachine.org\/wp-content\/uploads\/2022\/01\/beef-dicing-machine.png 720w, https:\/\/www.meatprocessingmachine.org\/wp-content\/uploads\/2022\/01\/beef-dicing-machine-300x225.png 300w\" sizes=\"auto, (max-width: 720px) 100vw, 720px\" \/><\/a><figcaption class=\"wp-element-caption\">Macchina per macinare le ossa<\/figcaption><\/figure> <\/div>    <div class=\"wp-block-column is-layout-flow wp-block-column-is-layout-flow\"> <figure class=\"wp-block-image size-full\"><a href=\"https:\/\/www.meatprocessingmachine.org\/it\/bone-grinder-machine-meat-and-bone-grinder.html\/\"><img loading=\"lazy\" decoding=\"async\" width=\"720\" height=\"540\" src=\"https:\/\/www.meatprocessingmachine.org\/wp-content\/uploads\/2020\/11\/bone-grinder-machine.jpg\" alt=\"macchina tritacarne di ossa\" class=\"wp-image-911\" title=\"\" srcset=\"https:\/\/www.meatprocessingmachine.org\/wp-content\/uploads\/2020\/11\/bone-grinder-machine.jpg 720w, https:\/\/www.meatprocessingmachine.org\/wp-content\/uploads\/2020\/11\/bone-grinder-machine-300x225.jpg 300w\" sizes=\"auto, (max-width: 720px) 100vw, 720px\" \/><\/a><figcaption class=\"wp-element-caption\">Diffondi l'amore<\/figcaption><\/figure> <\/div> <\/div>","protected":false},"excerpt":{"rendered":"<p>The chicken breast slicer machine can process meat into slices , Meat Cutting Machinery for Meat Strips process meat into strips .The raw materials can be chicken breast, beef, pork, etc. Meat slicer machine can process a wide range of meats, which is suitable for most boneless meats. The meat slicer machine uses a flat cutting process during processing to accurately grasp the size and thickness. <\/p>","protected":false},"author":1,"featured_media":1991,"parent":0,"template":"","product-type":[583],"class_list":["post-1291","product","type-product","status-publish","has-post-thumbnail","hentry","product-type-chicken-turkey"],"_links":{"self":[{"href":"https:\/\/www.meatprocessingmachine.org\/it\/wp-json\/wp\/v2\/product\/1291","targetHints":{"allow":["GET"]}}],"collection":[{"href":"https:\/\/www.meatprocessingmachine.org\/it\/wp-json\/wp\/v2\/product"}],"about":[{"href":"https:\/\/www.meatprocessingmachine.org\/it\/wp-json\/wp\/v2\/types\/product"}],"author":[{"embeddable":true,"href":"https:\/\/www.meatprocessingmachine.org\/it\/wp-json\/wp\/v2\/users\/1"}],"wp:featuredmedia":[{"embeddable":true,"href":"https:\/\/www.meatprocessingmachine.org\/it\/wp-json\/wp\/v2\/media\/1991"}],"wp:attachment":[{"href":"https:\/\/www.meatprocessingmachine.org\/it\/wp-json\/wp\/v2\/media?parent=1291"}],"wp:term":[{"taxonomy":"product-type","embeddable":true,"href":"https:\/\/www.meatprocessingmachine.org\/it\/wp-json\/wp\/v2\/product-type?post=1291"}],"curies":[{"name":"wp","href":"https:\/\/api.w.org\/{rel}","templated":true}]}}