{"id":1323,"date":"2021-06-04T16:36:50","date_gmt":"2021-06-04T08:36:50","guid":{"rendered":"https:\/\/www.meatprocessingmachine.org\/?p=1323"},"modified":"2026-02-12T16:05:15","modified_gmt":"2026-02-12T08:05:15","slug":"meat-roll-cutting-machine","status":"publish","type":"product","link":"https:\/\/www.meatprocessingmachine.org\/it\/meat-roll-cutting-machine.html","title":{"rendered":"Macchina per affettare la carne di montone | Affettatrice per carne congelata"},"content":{"rendered":"<div class=\"kk-star-ratings kksr-auto kksr-align-right kksr-valign-top\"     data-payload='{&quot;align&quot;:&quot;right&quot;,&quot;id&quot;:&quot;1323&quot;,&quot;slug&quot;:&quot;default&quot;,&quot;valign&quot;:&quot;top&quot;,&quot;ignore&quot;:&quot;&quot;,&quot;reference&quot;:&quot;auto&quot;,&quot;class&quot;:&quot;&quot;,&quot;count&quot;:&quot;0&quot;,&quot;legendonly&quot;:&quot;&quot;,&quot;readonly&quot;:&quot;&quot;,&quot;score&quot;:&quot;0&quot;,&quot;starsonly&quot;:&quot;&quot;,&quot;best&quot;:&quot;5&quot;,&quot;gap&quot;:&quot;5&quot;,&quot;greet&quot;:&quot;Rate this product&quot;,&quot;legend&quot;:&quot;0\\\/5 - (0 votes)&quot;,&quot;size&quot;:&quot;24&quot;,&quot;title&quot;:&quot;Mutton slicing machine | Frozen meat slicer&quot;,&quot;width&quot;:&quot;0&quot;,&quot;_legend&quot;:&quot;{score}\\\/{best} - ({count} {votes})&quot;,&quot;font_factor&quot;:&quot;1.25&quot;}'>              <div class=\"kksr-stars\">      <div class=\"kksr-stars-inactive\">             <div class=\"kksr-star\" data-star=\"1\" style=\"padding-right: 5px\">               <div class=\"kksr-icon\" style=\"width: 24px; height: 24px;\"><\/div>         <\/div>             <div class=\"kksr-star\" data-star=\"2\" style=\"padding-right: 5px\">               <div class=\"kksr-icon\" style=\"width: 24px; height: 24px;\"><\/div>         <\/div>             <div class=\"kksr-star\" data-star=\"3\" style=\"padding-right: 5px\">               <div class=\"kksr-icon\" style=\"width: 24px; height: 24px;\"><\/div>         <\/div>             <div class=\"kksr-star\" data-star=\"4\" style=\"padding-right: 5px\">               <div class=\"kksr-icon\" style=\"width: 24px; height: 24px;\"><\/div>         <\/div>             <div class=\"kksr-star\" data-star=\"5\" style=\"padding-right: 5px\">               <div class=\"kksr-icon\" style=\"width: 24px; height: 24px;\"><\/div>         <\/div>     <\/div>      <div class=\"kksr-stars-active\" style=\"width: 0px;\">             <div class=\"kksr-star\" style=\"padding-right: 5px\">               <div class=\"kksr-icon\" style=\"width: 24px; height: 24px;\"><\/div>         <\/div>             <div class=\"kksr-star\" style=\"padding-right: 5px\">               <div class=\"kksr-icon\" style=\"width: 24px; height: 24px;\"><\/div>         <\/div>             <div class=\"kksr-star\" style=\"padding-right: 5px\">               <div class=\"kksr-icon\" style=\"width: 24px; height: 24px;\"><\/div>         <\/div>             <div class=\"kksr-star\" style=\"padding-right: 5px\">               <div class=\"kksr-icon\" style=\"width: 24px; height: 24px;\"><\/div>         <\/div>             <div class=\"kksr-star\" style=\"padding-right: 5px\">               <div class=\"kksr-icon\" style=\"width: 24px; height: 24px;\"><\/div>         <\/div>     <\/div> <\/div>                   <div class=\"kksr-legend\" style=\"font-size: 19.2px;\">             <span class=\"kksr-muted\">Valuta questo prodotto<\/span>     <\/div>     <\/div>  <p>La macchina per il taglio di montone pu\u00f2 tagliare carne congelata in rotoli e pu\u00f2 fare rotoli di montone, rotoli di manzo, rotoli di maiale, ecc. La carne con una temperatura di 1-8 gradi sotto zero pu\u00f2 essere direttamente lavorata in rotoli senza scongelamento. E i rotoli di carne tagliata sono garantiti completi. <\/p>    <figure class=\"wp-block-embed is-type-video is-provider-youtube wp-block-embed-youtube\"><div class=\"wp-block-embed__wrapper\"> <iframe loading=\"lazy\" title=\"Macchina automatica per il taglio della carne|Macchina per il taglio e l&#039;arrotolamento di montone| |affettatrice\" width=\"500\" height=\"281\" src=\"https:\/\/www.youtube.com\/embed\/P0T2Up3MetY?feature=oembed\" frameborder=\"0\" allow=\"accelerometer; autoplay; clipboard-write; encrypted-media; gyroscope; picture-in-picture; web-share\" referrerpolicy=\"strict-origin-when-cross-origin\" allowfullscreen><\/iframe> <\/div><figcaption class=\"wp-element-caption\">Video della affettatrice di carne congelata<\/figcaption><\/figure>    <p>La macchina per il taglio di montone ha molte funzioni, ma non solo pu\u00f2 tagliare la carne in rotoli, ma anche in fette. Allo stesso tempo, la macchina pu\u00f2 gestire tutti i tipi di carne senza ossa. La macchina per il taglio di montone pu\u00f2 essere ampiamente utilizzata in ristoranti, supermercati e impianti di lavorazione alimentare.<\/p>    <h2 class=\"wp-block-heading\" id=\"h-mutton-cutting-machine-advantage\">Vantaggi della macchina per il taglio di montone<\/h2>    <ol class=\"wp-block-list\"> <li>L'affettatrice di carne \u00e8 pulita, igienica e facile da pulire.<\/li>    <li>L'involucro e la lama sono realizzati in acciaio inossidabile, resistente e durevole, e non facile da arrugginire.<\/li>    <li>Lo spessore del prodotto \u00e8 uniforme e l'efficienza del lavoro della macchina \u00e8 elevata.<\/li>    <li>Pannello di controllo a grande schermo, pi\u00f9 controllabile.<\/li> <\/ol>    <figure class=\"wp-block-image size-full\"><img loading=\"lazy\" decoding=\"async\" width=\"750\" height=\"750\" src=\"https:\/\/www.meatprocessingmachine.org\/wp-content\/uploads\/2021\/09\/cutting-and-Rolling-Machine.jpg\" alt=\"mutton slicing machine\" class=\"wp-image-2006\" title=\"\" srcset=\"https:\/\/www.meatprocessingmachine.org\/wp-content\/uploads\/2021\/09\/cutting-and-Rolling-Machine.jpg 750w, https:\/\/www.meatprocessingmachine.org\/wp-content\/uploads\/2021\/09\/cutting-and-Rolling-Machine-300x300.jpg 300w, https:\/\/www.meatprocessingmachine.org\/wp-content\/uploads\/2021\/09\/cutting-and-Rolling-Machine-150x150.jpg 150w\" sizes=\"auto, (max-width: 750px) 100vw, 750px\" \/><figcaption class=\"wp-element-caption\">Macchina per il taglio e l'arrotolamento<\/figcaption><\/figure>    <h2 class=\"wp-block-heading\" id=\"h-the-principle-of-mutton-slicing-machine\">Il principio della macchina per il taglio di montone<\/h2>    <p>La macchina per il taglio e l'arrotolamento di montone pu\u00f2 tagliare rapidamente la carne congelata a pezzi e formare rotoli di carne sottili. Lo spessore pu\u00f2 essere regolato. Inoltre, quando lo spessore della carne \u00e8 inferiore a 3mm, si forma un rotolo. Se \u00e8 superiore a 3mm, verr\u00e0 affettata. D'altra parte, anche la temperatura della carne \u00e8 molto importante. <\/p>    <p>Se la temperatura della carne non \u00e8 abbastanza bassa, solo se la temperatura \u00e8 compresa tra 0 e -7\u2103, altrimenti non pu\u00f2 essere arrotolata. Quindi, temperatura e spessore sono i fattori decisivi. Poi, secondo esperimenti e ricerche, si consiglia uno spessore ottimale di 1,7mm, e allo stesso tempo, la temperatura della carne congelata non dovrebbe essere troppo bassa, altrimenti i rotoli di carne tagliata si romperanno facilmente.<\/p>   <div class=\"wp-block-image\"> <figure class=\"aligncenter size-large is-resized\"><img loading=\"lazy\" decoding=\"async\" width=\"720\" height=\"540\" src=\"https:\/\/www.meatprocessingmachine.org\/wp-content\/uploads\/2021\/06\/02.jpg\" alt=\"Lamb Cutting \" class=\"wp-image-1326\" style=\"width:540px;height:405px\" title=\"\" srcset=\"https:\/\/www.meatprocessingmachine.org\/wp-content\/uploads\/2021\/06\/02.jpg 720w, https:\/\/www.meatprocessingmachine.org\/wp-content\/uploads\/2021\/06\/02-300x225.jpg 300w\" sizes=\"auto, (max-width: 720px) 100vw, 720px\" \/><\/figure> <\/div>   <h2 class=\"wp-block-heading\" id=\"h-mutton-cutting-machine-structure\">Struttura della macchina per il taglio di montone<\/h2>    <p>La macchina per il taglio di montone \u00e8 composta principalmente da un tavolo di carico della carne, un'asta superiore per la carne, un set di lame in acciaio inossidabile e uno schermo di controllo. La macchina per il taglio e l'arrotolamento ha una struttura ragionevole e una lama affilata. Quando si taglia la carne, il montone deve essere fissato sulla scanalatura fissa. <\/p>    <p>Poi, il tirante posteriore spinger\u00e0 la carne in avanti, la lama taglier\u00e0 a velocit\u00e0 costante, e la carne sar\u00e0 tagliata in rotoli sottili e uniformi. Il rotolo a taglio rapido pu\u00f2 garantire che i rotoli di carne siano ben formati e non si rompano facilmente. Inoltre, l'affettatrice ha un aspetto bello, operazione semplice, alta efficienza, basso consumo energetico, facile da pulire e mantenere.<\/p>    <figure class=\"wp-block-image size-full\"><img loading=\"lazy\" decoding=\"async\" width=\"720\" height=\"540\" src=\"https:\/\/www.meatprocessingmachine.org\/wp-content\/uploads\/2021\/09\/lamb-rolling-machine-2.jpg\" alt=\"mutton slicing machine\" class=\"wp-image-2003\" title=\"\" srcset=\"https:\/\/www.meatprocessingmachine.org\/wp-content\/uploads\/2021\/09\/lamb-rolling-machine-2.jpg 720w, https:\/\/www.meatprocessingmachine.org\/wp-content\/uploads\/2021\/09\/lamb-rolling-machine-2-300x225.jpg 300w\" sizes=\"auto, (max-width: 720px) 100vw, 720px\" \/><figcaption class=\"wp-element-caption\"> Macchina per arrotolare l'agnello<\/figcaption><\/figure>    <h2 class=\"wp-block-heading\" id=\"h-frozen-meat-slicer-parameters-take-six-volumes-as-an-example\">Parametri della affettatrice di carne congelata (prendendo come esempio sei volumi)<\/h2>    <figure class=\"wp-block-table\"><table><tbody><tr><td>Specifiche<\/td><td>Tensione<\/td><td>Lunghezza della fetta(mm)<\/td><td>Larghezza della fetta(mm)<\/td><td>Potenza(kw)<\/td><td>Peso totale(kg)<\/td><td>Capacit\u00e0(kg\/h)<\/td><td>Spessore di lavorazione(mm)<\/td><td>Altezza di taglio(mm)<\/td><td>Dimensioni dell'attrezzatura(mm)<\/td><\/tr><tr><td>CNC One Roll<\/td><td>220V\/50HZ<\/td><td>450<\/td><td>160<\/td><td>750<\/td><td>160<\/td><td>50<\/td><td>0-illimitato<\/td><td>180<\/td><td>1150*410*960<\/td><\/tr><tr><td>CNC due volumi<\/td><td>220V\/50HZ<\/td><td>600<\/td><td>270<\/td><td>2200<\/td><td>200<\/td><td>50-300<\/td><td>0-illimitato<\/td><td>180<\/td><td>1200*560*1200<\/td><\/tr><tr><td>CNC quattro volumi<\/td><td>380\/50HZ<\/td><td>600<\/td><td>510<\/td><td>3000<\/td><td>320<\/td><td>50-600<\/td><td>0-illimitato<\/td><td>180<\/td><td>1200*800*1200<\/td><\/tr><tr><td>CNC sei volumi<\/td><td>380\/50HZ<\/td><td>600<\/td><td>730<\/td><td>3000<\/td><td>400<\/td><td>50-900<\/td><td>0-illimitato<\/td><td>180<\/td><td>1200*1010*1200<\/td><\/tr><tr><td>Otto volumi CNC<\/td><td>380\/50H<\/td><td>600<\/td><td>920<\/td><td>4000<\/td><td>500<\/td><td>50-1200<\/td><td>0-illimitato<\/td><td>180<\/td><td>1200*1320*1200<\/td><\/tr><\/tbody><\/table><figcaption class=\"wp-element-caption\">Parametro della affettatrice di carne congelata commerciale<\/figcaption><\/figure>    <p>Possiamo anche fornire macchine per il taglio di montone a due, quattro, sei e otto volumi. La macchina per il taglio di montone a otto rotoli ha la massima efficienza e pu\u00f2 produrre la massima uscita, adatta a impianti di lavorazione alimentare pi\u00f9 grandi. Quindi puoi acquistare le macchine in base alle tue esigenze di produzione.<\/p>    <figure class=\"wp-block-image size-large is-resized\"><img loading=\"lazy\" decoding=\"async\" width=\"1024\" height=\"769\" src=\"https:\/\/www.meatprocessingmachine.org\/wp-content\/uploads\/2021\/09\/Different-types-of-lamb-rolling-machine-1024x769.jpg\" alt=\"Macchina automatica completa per il taglio delle costole\" class=\"wp-image-2001\" style=\"width:720px;height:540px\" title=\"\" srcset=\"https:\/\/www.meatprocessingmachine.org\/wp-content\/uploads\/2021\/09\/Different-types-of-lamb-rolling-machine-1024x769.jpg 1024w, https:\/\/www.meatprocessingmachine.org\/wp-content\/uploads\/2021\/09\/Different-types-of-lamb-rolling-machine-300x225.jpg 300w, https:\/\/www.meatprocessingmachine.org\/wp-content\/uploads\/2021\/09\/Different-types-of-lamb-rolling-machine-768x577.jpg 768w, https:\/\/www.meatprocessingmachine.org\/wp-content\/uploads\/2021\/09\/Different-types-of-lamb-rolling-machine-1536x1153.jpg 1536w, https:\/\/www.meatprocessingmachine.org\/wp-content\/uploads\/2021\/09\/Different-types-of-lamb-rolling-machine-2048x1538.jpg 2048w\" sizes=\"auto, (max-width: 1024px) 100vw, 1024px\" \/><figcaption class=\"wp-element-caption\">Tipi diversi di macchina per arrotolare l'agnello<\/figcaption><\/figure>    <h2 class=\"wp-block-heading\">Preparazione delle materie prime<\/h2>    <p>Durante l'elaborazione della carne, ci sono molte carne macinata, quindi come gestire la carne macinata? La carne pu\u00f2 essere schiacciata prima, e la carne pu\u00f2 essere macinata con un tritacarne fresco e poi imbottita. Dopo il congelamento, tirala fuori per fette o rotoli, cos\u00ec gli avanzi di carne possono essere usati per fare un prodotto finito completo.<\/p>    <h2 class=\"wp-block-heading\" id=\"h-mutton-slicing-machine-precautions\">Precauzioni per la macchina per il taglio di montone<\/h2>    <figure class=\"wp-block-image size-large is-resized\"><img loading=\"lazy\" decoding=\"async\" width=\"768\" height=\"1024\" src=\"https:\/\/www.meatprocessingmachine.org\/wp-content\/uploads\/2021\/09\/lamb-rolling-machine-1-768x1024.jpg\" alt=\"mutton slicing machine\" class=\"wp-image-2004\" style=\"width:720px;height:540px\" title=\"\" srcset=\"https:\/\/www.meatprocessingmachine.org\/wp-content\/uploads\/2021\/09\/lamb-rolling-machine-1-768x1024.jpg 768w, https:\/\/www.meatprocessingmachine.org\/wp-content\/uploads\/2021\/09\/lamb-rolling-machine-1-225x300.jpg 225w, https:\/\/www.meatprocessingmachine.org\/wp-content\/uploads\/2021\/09\/lamb-rolling-machine-1-1152x1536.jpg 1152w, https:\/\/www.meatprocessingmachine.org\/wp-content\/uploads\/2021\/09\/lamb-rolling-machine-1-1536x2048.jpg 1536w, https:\/\/www.meatprocessingmachine.org\/wp-content\/uploads\/2021\/09\/lamb-rolling-machine-1-scaled.jpg 1920w\" sizes=\"auto, (max-width: 768px) 100vw, 768px\" \/><figcaption class=\"wp-element-caption\">Macchina per il taglio e l'arrotolamento<\/figcaption><\/figure>    <ol class=\"wp-block-list\"> <li>Durante il taglio della carne, la temperatura della carne dovrebbe essere moderata. La carne troppo dura pu\u00f2 danneggiare la lama.<\/li>    <li>Quando si taglia carne a fette e rotoli, le ossa devono essere rimosse.<\/li>    <li>Prestare attenzione alla pulizia e alla manutenzione quotidiana dopo l'uso.<\/li> <\/ol>    <h2 class=\"wp-block-heading\">Uso quotidiano e manutenzione della macchina per il taglio di montone<\/h2>    <ul class=\"wp-block-list\"> <li>Quando la macchina per il taglio di montone \u00e8 in funzione, verificare se ci sono olio lubrificante nelle due tazze dell'olio. In caso contrario, aggiungere olio lubrificante.<\/li>    <li>Accendere l'alimentazione e verificare se la direzione di rotazione del motore \u00e8 coerente con quella richiesta dalla macchina.<\/li>    <li>Ogni volta che il cutter sale alla posizione pi\u00f9 alta, il piatto di alimentazione avanza un po', e il motore ruota nella direzione corretta. Al contrario, quando il cutter scende alla posizione pi\u00f9 bassa, il piatto di alimentazione avanza, e la rotazione del motore viene invertita, \u00e8 sufficiente correggere la rotazione del motore, se il cutter e il piatto di alimentazione non sono coordinati, aprire la protezione in direzione opposta al pannello di controllo, regolare leggermente la piastra di regolazione del sollevamento.<\/li>    <li>Per le parti della puleggia di macchinari e attrezzature, usare olio commestibile o olio lubrificante dopo averle pulite per ridurre l'usura e aumentare la durata dell'attrezzatura.<\/li> <\/ul>    <figure class=\"wp-block-gallery has-nested-images columns-2 is-cropped wp-block-gallery-2 is-layout-flex wp-block-gallery-is-layout-flex\"> <figure class=\"wp-block-image size-large\"><img loading=\"lazy\" decoding=\"async\" width=\"719\" height=\"540\" data-id=\"2009\" src=\"https:\/\/www.meatprocessingmachine.org\/wp-content\/uploads\/2021\/09\/1.0.png\" alt=\"\" class=\"wp-image-2009\" title=\"\" srcset=\"https:\/\/www.meatprocessingmachine.org\/wp-content\/uploads\/2021\/09\/1.0.png 719w, https:\/\/www.meatprocessingmachine.org\/wp-content\/uploads\/2021\/09\/1.0-300x225.png 300w\" sizes=\"auto, (max-width: 719px) 100vw, 719px\" \/><figcaption><\/figcaption><\/figure>    <figure class=\"wp-block-image size-large\"><img loading=\"lazy\" decoding=\"async\" width=\"540\" height=\"540\" data-id=\"2013\" src=\"https:\/\/www.meatprocessingmachine.org\/wp-content\/uploads\/2021\/09\/3.0-1.png\" alt=\"\" class=\"wp-image-2013\" title=\"\" srcset=\"https:\/\/www.meatprocessingmachine.org\/wp-content\/uploads\/2021\/09\/3.0-1.png 540w, https:\/\/www.meatprocessingmachine.org\/wp-content\/uploads\/2021\/09\/3.0-1-300x300.png 300w, https:\/\/www.meatprocessingmachine.org\/wp-content\/uploads\/2021\/09\/3.0-1-150x150.png 150w\" sizes=\"auto, (max-width: 540px) 100vw, 540px\" \/><figcaption><\/figcaption><\/figure>    <figure class=\"wp-block-image size-large\"><img loading=\"lazy\" decoding=\"async\" width=\"720\" height=\"540\" data-id=\"2012\" src=\"https:\/\/www.meatprocessingmachine.org\/wp-content\/uploads\/2021\/09\/4.0.png\" alt=\"\" class=\"wp-image-2012\" title=\"\" srcset=\"https:\/\/www.meatprocessingmachine.org\/wp-content\/uploads\/2021\/09\/4.0.png 720w, https:\/\/www.meatprocessingmachine.org\/wp-content\/uploads\/2021\/09\/4.0-300x225.png 300w\" sizes=\"auto, (max-width: 720px) 100vw, 720px\" \/><figcaption><\/figcaption><\/figure>    <figure class=\"wp-block-image size-large\"><img loading=\"lazy\" decoding=\"async\" width=\"719\" height=\"540\" data-id=\"2010\" src=\"https:\/\/www.meatprocessingmachine.org\/wp-content\/uploads\/2021\/09\/2.0.png\" alt=\"\" class=\"wp-image-2010\" title=\"\" srcset=\"https:\/\/www.meatprocessingmachine.org\/wp-content\/uploads\/2021\/09\/2.0.png 719w, https:\/\/www.meatprocessingmachine.org\/wp-content\/uploads\/2021\/09\/2.0-300x225.png 300w\" sizes=\"auto, (max-width: 719px) 100vw, 719px\" \/><figcaption><\/figcaption><\/figure> <figcaption class=\"blocks-gallery-caption wp-element-caption\">Affettatrice di carne congelata <\/figcaption><\/figure>    <ul class=\"wp-block-list\"> <li>Controllare regolarmente se l'olio lubrificante nel riduttore a turbina si \u00e8 esaurito o meno. Se la quantit\u00e0 di olio \u00e8 inferiore al misuratore di olio trasparente, \u00e8 necessario reintegrare.<\/li>    <li>Quando le lame non sono in uso, devono essere lucidate con un affilatore, poi affilate con una pietra per affilare, e infine posizionate in piano con acqua calda, acqua calda e detergente, e devono essere usate la prossima volta.<\/li>    <li>Durante il lavoro, non mettere le mani vicino per evitare tagli; non chiudere materiali infiammabili intorno per evitare incidenti pericolosi.<\/li>    <li>Durante ogni turno, verificare se manca Di nello scorrimento e se la vite del cutter \u00e8 allentata.<\/li> <\/ul>","protected":false},"excerpt":{"rendered":"<p>The lamb cutting and rolling machine can cut frozen meat into rolls, and can make mutton rolls, beef rolls, pork rolls, etc. Meat with a temperature of 1-8 degrees below zero can be directly processed into rolls without thawing\uff0cand the cut meat rolls are guaranteed to be complete.<\/p>","protected":false},"author":1,"featured_media":1987,"parent":0,"template":"","product-type":[582],"class_list":["post-1323","product","type-product","status-publish","has-post-thumbnail","hentry","product-type-cattle-sheep"],"_links":{"self":[{"href":"https:\/\/www.meatprocessingmachine.org\/it\/wp-json\/wp\/v2\/product\/1323","targetHints":{"allow":["GET"]}}],"collection":[{"href":"https:\/\/www.meatprocessingmachine.org\/it\/wp-json\/wp\/v2\/product"}],"about":[{"href":"https:\/\/www.meatprocessingmachine.org\/it\/wp-json\/wp\/v2\/types\/product"}],"author":[{"embeddable":true,"href":"https:\/\/www.meatprocessingmachine.org\/it\/wp-json\/wp\/v2\/users\/1"}],"wp:featuredmedia":[{"embeddable":true,"href":"https:\/\/www.meatprocessingmachine.org\/it\/wp-json\/wp\/v2\/media\/1987"}],"wp:attachment":[{"href":"https:\/\/www.meatprocessingmachine.org\/it\/wp-json\/wp\/v2\/media?parent=1323"}],"wp:term":[{"taxonomy":"product-type","embeddable":true,"href":"https:\/\/www.meatprocessingmachine.org\/it\/wp-json\/wp\/v2\/product-type?post=1323"}],"curies":[{"name":"wp","href":"https:\/\/api.w.org\/{rel}","templated":true}]}}