{"id":1346,"date":"2021-06-10T17:20:03","date_gmt":"2021-06-10T09:20:03","guid":{"rendered":"https:\/\/www.meatprocessingmachine.org\/?p=1346"},"modified":"2026-02-12T16:03:33","modified_gmt":"2026-02-12T08:03:33","slug":"chicken-cutter-machinechicken-cubing-machine","status":"publish","type":"product","link":"https:\/\/www.meatprocessingmachine.org\/it\/chicken-cutter-machinechicken-cubing-machine.html","title":{"rendered":"Macchina per il taglio del pollo in vendita | macchina per il taglio della carne"},"content":{"rendered":"<div class=\"kk-star-ratings kksr-auto kksr-align-right kksr-valign-top\"     data-payload='{&quot;align&quot;:&quot;right&quot;,&quot;id&quot;:&quot;1346&quot;,&quot;slug&quot;:&quot;default&quot;,&quot;valign&quot;:&quot;top&quot;,&quot;ignore&quot;:&quot;&quot;,&quot;reference&quot;:&quot;auto&quot;,&quot;class&quot;:&quot;&quot;,&quot;count&quot;:&quot;0&quot;,&quot;legendonly&quot;:&quot;&quot;,&quot;readonly&quot;:&quot;&quot;,&quot;score&quot;:&quot;0&quot;,&quot;starsonly&quot;:&quot;&quot;,&quot;best&quot;:&quot;5&quot;,&quot;gap&quot;:&quot;5&quot;,&quot;greet&quot;:&quot;Rate this product&quot;,&quot;legend&quot;:&quot;0\\\/5 - (0 votes)&quot;,&quot;size&quot;:&quot;24&quot;,&quot;title&quot;:&quot;Chicken cutting machine for sale | meat cutter machine&quot;,&quot;width&quot;:&quot;0&quot;,&quot;_legend&quot;:&quot;{score}\\\/{best} - ({count} {votes})&quot;,&quot;font_factor&quot;:&quot;1.25&quot;}'>              <div class=\"kksr-stars\">      <div class=\"kksr-stars-inactive\">             <div class=\"kksr-star\" data-star=\"1\" style=\"padding-right: 5px\">               <div class=\"kksr-icon\" style=\"width: 24px; height: 24px;\"><\/div>         <\/div>             <div class=\"kksr-star\" data-star=\"2\" style=\"padding-right: 5px\">               <div class=\"kksr-icon\" style=\"width: 24px; height: 24px;\"><\/div>         <\/div>             <div class=\"kksr-star\" data-star=\"3\" style=\"padding-right: 5px\">               <div class=\"kksr-icon\" style=\"width: 24px; height: 24px;\"><\/div>         <\/div>             <div class=\"kksr-star\" data-star=\"4\" style=\"padding-right: 5px\">               <div class=\"kksr-icon\" style=\"width: 24px; height: 24px;\"><\/div>         <\/div>             <div class=\"kksr-star\" data-star=\"5\" style=\"padding-right: 5px\">               <div class=\"kksr-icon\" style=\"width: 24px; height: 24px;\"><\/div>         <\/div>     <\/div>      <div class=\"kksr-stars-active\" style=\"width: 0px;\">             <div class=\"kksr-star\" style=\"padding-right: 5px\">               <div class=\"kksr-icon\" style=\"width: 24px; height: 24px;\"><\/div>         <\/div>             <div class=\"kksr-star\" style=\"padding-right: 5px\">               <div class=\"kksr-icon\" style=\"width: 24px; height: 24px;\"><\/div>         <\/div>             <div class=\"kksr-star\" style=\"padding-right: 5px\">               <div class=\"kksr-icon\" style=\"width: 24px; height: 24px;\"><\/div>         <\/div>             <div class=\"kksr-star\" style=\"padding-right: 5px\">               <div class=\"kksr-icon\" style=\"width: 24px; height: 24px;\"><\/div>         <\/div>             <div class=\"kksr-star\" style=\"padding-right: 5px\">               <div class=\"kksr-icon\" style=\"width: 24px; height: 24px;\"><\/div>         <\/div>     <\/div> <\/div>                   <div class=\"kksr-legend\" style=\"font-size: 19.2px;\">             <span class=\"kksr-muted\">Valuta questo prodotto<\/span>     <\/div>     <\/div>  <p>La macchina per il taglio del pollo pu\u00f2 tagliare pollo, anatra e pesce in pezzi. E non solo taglia carne fresca ma anche carne congelata. Simulando lo stato del taglio manuale della carne, e non produrr\u00e0 carne macinata. \u00c8 pulita, igienica e semplice da usare.<\/p>    <p class=\"translation-block\">Pertanto, \u00e8 adatta per l'uso in impianti di lavorazione alimentare e grandi mense. Macelli, lavorazione individuale, <a href=\"https:\/\/en.wikipedia.org\/wiki\/Supermarket\" target=\"_blank\" rel=\"noopener\">supermercati<\/a>, ristoranti e altri luoghi possono anche essere utilizzati.<\/p>    <h2 class=\"wp-block-heading\">Visualizzazione del lavoro della macchina per il taglio del pollo<\/h2>    <figure class=\"wp-block-embed is-type-video is-provider-youtube wp-block-embed-youtube wp-embed-aspect-16-9 wp-has-aspect-ratio\"><div class=\"wp-block-embed__wrapper\"> <iframe loading=\"lazy\" title=\"macchina per il taglio del pollo|macchina per il taglio del pollo |macchina per cubare il pollo|affettatrice per pollo\" width=\"500\" height=\"281\" src=\"https:\/\/www.youtube.com\/embed\/H23aHETKtas?feature=oembed\" frameborder=\"0\" allow=\"accelerometer; autoplay; clipboard-write; encrypted-media; gyroscope; picture-in-picture; web-share\" referrerpolicy=\"strict-origin-when-cross-origin\" allowfullscreen><\/iframe> <\/div><figcaption class=\"wp-element-caption\">Macchina per il taglio del pollo<\/figcaption><\/figure>    <h2 class=\"wp-block-heading\" id=\"h-advantages-of-the-chicken-cutter-machine\">Vantaggi della macchina per il taglio del pollo<\/h2>    <ol class=\"wp-block-list\"> <li>La macchina per il taglio del pollo pu\u00f2 mettere un pollo intero, un'anatra intera o un'oca intera direttamente. Questo fornisce alla nostra fabbrica di lavorazione grande comodit\u00e0, risparmia costi di lavorazione e risparmia tempo e fatica. Pu\u00f2 fornire grande aiuto nel processo di produzione e lavorazione.<\/li>    <li>La macchina per il taglio della carne di pollo \u00e8 realizzata in acciaio inossidabile 304, che ha il vantaggio di essere robusta e durevole.<\/li>    <li>Questa macchina pu\u00f2 non solo tagliare pollo ma anche agnello, maiale, manzo e molte altre carni.<\/li>    <li>La macchina per il taglio della carne di pollo adotta una tecnologia di taglio avanzata, che pu\u00f2 tagliare rapidamente e con precisione la carne di pollo in pezzi di dimensioni uniformi.<\/li>    <li>La macchina per il taglio della carne di pollo \u00e8 semplice da usare e facile da utilizzare. \u00c8 necessario solo un operatore per mettere manualmente il pollo nel nastro trasportatore, e la macchina eseguir\u00e0 automaticamente il lavoro di taglio e trasporto.<\/li>    <li>La parte di taglio della macchina \u00e8 progettata con protezioni, che possono evitare efficacemente infortuni accidentali durante l'uso.<\/li> <\/ol>    <h2 class=\"wp-block-heading\">Parametri della macchina per il taglio del pollo<\/h2>    <ul class=\"wp-block-list\"> <li>Capacit\u00e0: 600-800kg\/h &nbsp;<\/li>    <li>Potenza: 2.2kw &nbsp;&nbsp;<\/li>    <li>Tensione: 220v &nbsp;<\/li>    <li>Dimensione: 1300*600*1050mm &nbsp;&nbsp;<\/li>    <li>Peso: 240 kg<\/li> <\/ul>    <h2 class=\"wp-block-heading\" id=\"h-advantages-of-the-chicken-cutter-machine\">Caratteristiche della macchina per il taglio a cubi di pollo<\/h2>    <figure class=\"wp-block-image size-large is-resized\"><img loading=\"lazy\" decoding=\"async\" width=\"729\" height=\"774\" src=\"https:\/\/www.meatprocessingmachine.org\/wp-content\/uploads\/2021\/06\/d59431659ce79e1ceacf222d82589ce.png\" alt=\"\" class=\"wp-image-1364\" style=\"object-fit:cover;width:720px;height:540px\" title=\"\" srcset=\"https:\/\/www.meatprocessingmachine.org\/wp-content\/uploads\/2021\/06\/d59431659ce79e1ceacf222d82589ce.png 729w, https:\/\/www.meatprocessingmachine.org\/wp-content\/uploads\/2021\/06\/d59431659ce79e1ceacf222d82589ce-283x300.png 283w\" sizes=\"auto, (max-width: 729px) 100vw, 729px\" \/><figcaption><\/figcaption><\/figure>    <p>Quando la macchina taglia le materie prime, non c'\u00e8 perdita di carne, nessuna carne macinata, e la superficie tagliata \u00e8 molto liscia e ordinata. \u00c8 conveniente per le vendite dirette dopo la lavorazione. Inoltre, la macchina per il taglio del pollo simula il taglio manuale in sezioni, la qualit\u00e0 \u00e8 migliore rispetto a quella manuale, e la lunghezza del taglio pu\u00f2 essere regolata, il che \u00e8 molto conveniente. La velocit\u00e0 di lavoro della macchina per il taglio del pollo \u00e8 di 60 volte al minuto, il che ha un'alta efficienza lavorativa.<\/p>    <h2 class=\"wp-block-heading\" id=\"h-the-structure-of-the-chicken-cubing-machine\">La struttura della macchina per il taglio a cubi di pollo<\/h2>    <figure class=\"wp-block-image size-full is-resized\"><img loading=\"lazy\" decoding=\"async\" width=\"714\" height=\"621\" src=\"https:\/\/www.meatprocessingmachine.org\/wp-content\/uploads\/2021\/09\/Chicken-Cutting-Machine.png\" alt=\"Chicken Cutting Machine details\" class=\"wp-image-1941\" style=\"object-fit:cover;width:720px;height:540px\" title=\"\" srcset=\"https:\/\/www.meatprocessingmachine.org\/wp-content\/uploads\/2021\/09\/Chicken-Cutting-Machine.png 714w, https:\/\/www.meatprocessingmachine.org\/wp-content\/uploads\/2021\/09\/Chicken-Cutting-Machine-300x261.png 300w\" sizes=\"auto, (max-width: 714px) 100vw, 714px\" \/><figcaption class=\"wp-element-caption\">Dettagli della Macchina per il Taglio del Pollo<\/figcaption><\/figure>    <p>Il prodotto \u00e8 principalmente composto da un telaio principale, motore, nastro trasportatore, coltelli, ecc. Il materiale della lama della macchina per il taglio del pollo \u00e8 75cr1. Soprattutto, questo materiale \u00e8 sicuro e resistente all'usura. Ad esempio, pu\u00f2 essere utilizzato a lungo senza arrugginire. Ci sono due diversi tipi di nastri per le macchine da taglio del pollo.<\/p>    <h2 class=\"wp-block-heading\" id=\"h-chain-conveyor-belt\">Nastro trasportatore a catena per macchina da taglio del pollo <\/h2>    <p>Il nastro a contatto con il cibo \u00e8 una tavola in PE, che \u00e8 sicura quando \u00e8 a contatto con il cibo. Inoltre, il cingolo \u00e8 sezionato, e la carne pu\u00f2 separarsi al punto di scarico per prevenire l'adesione.<\/p>    <figure class=\"wp-block-image size-full is-resized\"><img loading=\"lazy\" decoding=\"async\" width=\"720\" height=\"540\" src=\"https:\/\/www.meatprocessingmachine.org\/wp-content\/uploads\/2021\/09\/Chicken-Cutting-Machine-4.jpg\" alt=\"Macchina per il taglio del pollo\" class=\"wp-image-1940\" style=\"object-fit:cover;width:720px;height:540px\" title=\"\" srcset=\"https:\/\/www.meatprocessingmachine.org\/wp-content\/uploads\/2021\/09\/Chicken-Cutting-Machine-4.jpg 720w, https:\/\/www.meatprocessingmachine.org\/wp-content\/uploads\/2021\/09\/Chicken-Cutting-Machine-4-300x225.jpg 300w\" sizes=\"auto, (max-width: 720px) 100vw, 720px\" \/><figcaption class=\"wp-element-caption\">Macchina per il taglio del pollo<\/figcaption><\/figure>    <h2 class=\"wp-block-heading\" id=\"h-what-can-the-chicken-cutter-machine-cut\">Cosa pu\u00f2 tagliare la macchina per il taglio del pollo?<\/h2>    <p>La macchina per il taglio del pollo \u00e8 principalmente adatta per il taglio della carne cartilaginea, come pollo intero, anatra e pesce. Inoltre, vari tipi di carne congelata o fresca. Quindi l'applicabilit\u00e0 della macchina per il taglio del pollo \u00e8 molto ampia. Pu\u00f2 essere direttamente formata in blocchi. Risparmiando manodopera, \u00e8 anche pi\u00f9 pulita e igienica e ha un'alta efficienza lavorativa.<\/p>    <figure class=\"wp-block-image size-large is-resized\"><img loading=\"lazy\" decoding=\"async\" width=\"1024\" height=\"768\" src=\"https:\/\/www.meatprocessingmachine.org\/wp-content\/uploads\/2021\/09\/Cut-chicken-stock-1024x768.jpg\" alt=\"D59431659ce79e1ceacf222d82589ce\" class=\"wp-image-1942\" style=\"object-fit:cover;width:720px;height:540px\" title=\"\" srcset=\"https:\/\/www.meatprocessingmachine.org\/wp-content\/uploads\/2021\/09\/Cut-chicken-stock-1024x768.jpg 1024w, https:\/\/www.meatprocessingmachine.org\/wp-content\/uploads\/2021\/09\/Cut-chicken-stock-300x225.jpg 300w, https:\/\/www.meatprocessingmachine.org\/wp-content\/uploads\/2021\/09\/Cut-chicken-stock-768x576.jpg 768w, https:\/\/www.meatprocessingmachine.org\/wp-content\/uploads\/2021\/09\/Cut-chicken-stock-1536x1152.jpg 1536w, https:\/\/www.meatprocessingmachine.org\/wp-content\/uploads\/2021\/09\/Cut-chicken-stock-2048x1536.jpg 2048w\" sizes=\"auto, (max-width: 1024px) 100vw, 1024px\" \/><figcaption class=\"wp-element-caption\">  Macchina per il Taglio del Pollo <\/figcaption><\/figure>    <h2 class=\"wp-block-heading\" id=\"h-advantages-of-the-chicken-cutter-machine\">L'imballaggio della macchina per il taglio del pollo<\/h2>    <p class=\"translation-block\">Le macchine per il taglio del pollo sono imballate in scatole di legno durante il trasporto, per proteggere il corpo da danni. La nostra azienda ha una buona esperienza nel settore delle esportazioni e personale specializzato seguir\u00e0 il processo di trasporto. Inoltre, la nostra azienda ha anche molte altre macchine, come macchine per il taglio a strisce, <a href=\"https:\/\/www.meatprocessingmachine.org\/it\/meat-roll-cutting-machine.html\/\" data-type=\"URL\" data-id=\"https:\/\/www.meatprocessingmachine.org\/meat-roll-cutting-machine.html\">macchine per la rollatura e il taglio della carne<\/a> e <a href=\"https:\/\/www.meatprocessingmachine.org\/it\/sausage-binding-tying-machine.html\/\" data-type=\"URL\" data-id=\"https:\/\/www.meatprocessingmachine.org\/sausage-binding-tying-machine.html\">macchine per salsicce<\/a>. Benvenuti a contattarci.<\/p>","protected":false},"excerpt":{"rendered":"<p>The chicken cutter machine can cut chicken, duck, goose, fish, various frozen meat, and fresh meat into blocks, simulating the state of manual meat cutting, and will not produce minced meat. It is clean and hygienic, simple to operate, and suitable for food processing Used in factories, large canteens, slaughterhouses, individual processing, supermarkets, restaurants and other places.<\/p>","protected":false},"author":1,"featured_media":1938,"parent":0,"template":"","product-type":[583],"class_list":["post-1346","product","type-product","status-publish","has-post-thumbnail","hentry","product-type-chicken-turkey"],"_links":{"self":[{"href":"https:\/\/www.meatprocessingmachine.org\/it\/wp-json\/wp\/v2\/product\/1346","targetHints":{"allow":["GET"]}}],"collection":[{"href":"https:\/\/www.meatprocessingmachine.org\/it\/wp-json\/wp\/v2\/product"}],"about":[{"href":"https:\/\/www.meatprocessingmachine.org\/it\/wp-json\/wp\/v2\/types\/product"}],"author":[{"embeddable":true,"href":"https:\/\/www.meatprocessingmachine.org\/it\/wp-json\/wp\/v2\/users\/1"}],"wp:featuredmedia":[{"embeddable":true,"href":"https:\/\/www.meatprocessingmachine.org\/it\/wp-json\/wp\/v2\/media\/1938"}],"wp:attachment":[{"href":"https:\/\/www.meatprocessingmachine.org\/it\/wp-json\/wp\/v2\/media?parent=1346"}],"wp:term":[{"taxonomy":"product-type","embeddable":true,"href":"https:\/\/www.meatprocessingmachine.org\/it\/wp-json\/wp\/v2\/product-type?post=1346"}],"curies":[{"name":"wp","href":"https:\/\/api.w.org\/{rel}","templated":true}]}}