{"id":1448,"date":"2021-06-25T09:52:29","date_gmt":"2021-06-25T01:52:29","guid":{"rendered":"https:\/\/www.meatprocessingmachine.org\/?p=1448"},"modified":"2026-02-12T16:44:14","modified_gmt":"2026-02-12T08:44:14","slug":"meatball-making-machinemeatball-forming-machine","status":"publish","type":"product","link":"https:\/\/www.meatprocessingmachine.org\/it\/meatball-making-machinemeatball-forming-machine.html","title":{"rendered":"Macchina per la preparazione di polpette | Macchina per la formatura di polpette"},"content":{"rendered":"<div class=\"kk-star-ratings kksr-auto kksr-align-right kksr-valign-top\"     data-payload='{&quot;align&quot;:&quot;right&quot;,&quot;id&quot;:&quot;1448&quot;,&quot;slug&quot;:&quot;default&quot;,&quot;valign&quot;:&quot;top&quot;,&quot;ignore&quot;:&quot;&quot;,&quot;reference&quot;:&quot;auto&quot;,&quot;class&quot;:&quot;&quot;,&quot;count&quot;:&quot;0&quot;,&quot;legendonly&quot;:&quot;&quot;,&quot;readonly&quot;:&quot;&quot;,&quot;score&quot;:&quot;0&quot;,&quot;starsonly&quot;:&quot;&quot;,&quot;best&quot;:&quot;5&quot;,&quot;gap&quot;:&quot;5&quot;,&quot;greet&quot;:&quot;Rate this product&quot;,&quot;legend&quot;:&quot;0\\\/5 - (0 votes)&quot;,&quot;size&quot;:&quot;24&quot;,&quot;title&quot;:&quot;Meatball Making Machine | Meatball Forming Machine&quot;,&quot;width&quot;:&quot;0&quot;,&quot;_legend&quot;:&quot;{score}\\\/{best} - ({count} {votes})&quot;,&quot;font_factor&quot;:&quot;1.25&quot;}'>              <div class=\"kksr-stars\">      <div class=\"kksr-stars-inactive\">             <div class=\"kksr-star\" data-star=\"1\" style=\"padding-right: 5px\">               <div class=\"kksr-icon\" style=\"width: 24px; height: 24px;\"><\/div>         <\/div>             <div class=\"kksr-star\" data-star=\"2\" style=\"padding-right: 5px\">               <div class=\"kksr-icon\" style=\"width: 24px; height: 24px;\"><\/div>         <\/div>             <div class=\"kksr-star\" data-star=\"3\" style=\"padding-right: 5px\">               <div class=\"kksr-icon\" style=\"width: 24px; height: 24px;\"><\/div>         <\/div>             <div class=\"kksr-star\" data-star=\"4\" style=\"padding-right: 5px\">               <div class=\"kksr-icon\" style=\"width: 24px; height: 24px;\"><\/div>         <\/div>             <div class=\"kksr-star\" data-star=\"5\" style=\"padding-right: 5px\">               <div class=\"kksr-icon\" style=\"width: 24px; height: 24px;\"><\/div>         <\/div>     <\/div>      <div class=\"kksr-stars-active\" style=\"width: 0px;\">             <div class=\"kksr-star\" style=\"padding-right: 5px\">               <div class=\"kksr-icon\" style=\"width: 24px; height: 24px;\"><\/div>         <\/div>             <div class=\"kksr-star\" style=\"padding-right: 5px\">               <div class=\"kksr-icon\" style=\"width: 24px; height: 24px;\"><\/div>         <\/div>             <div class=\"kksr-star\" style=\"padding-right: 5px\">               <div class=\"kksr-icon\" style=\"width: 24px; height: 24px;\"><\/div>         <\/div>             <div class=\"kksr-star\" style=\"padding-right: 5px\">               <div class=\"kksr-icon\" style=\"width: 24px; height: 24px;\"><\/div>         <\/div>             <div class=\"kksr-star\" style=\"padding-right: 5px\">               <div class=\"kksr-icon\" style=\"width: 24px; height: 24px;\"><\/div>         <\/div>     <\/div> <\/div>                   <div class=\"kksr-legend\" style=\"font-size: 19.2px;\">             <span class=\"kksr-muted\">Valuta questo prodotto<\/span>     <\/div>     <\/div>  <p>La macchina per formare polpette \u00e8 una macchina che pu\u00f2 modellare le polpette in forma di sfera. La macchina commerciale per polpette pu\u00f2 utilizzare molte materie prime. Puoi usare vari tipi di carne, come maiale, manzo, agnello, pesce e frutti di mare. E puoi anche aggiungere alcune patate e altre verdure. <\/p>    <p>Inoltre, la macchina per formare polpette simula il principio delle polpette artificiali. Dopo averle preparate, vengono fritte in profondit\u00e0 o cotte a vapore per preparare il cibo. La nostra macchina commerciale per polpette pu\u00f2 aiutarti a preparare polpette di vari gusti. Descriveremo questa macchina in dettaglio in questo articolo.<\/p>    <figure class=\"wp-block-image size-large\"><img loading=\"lazy\" decoding=\"async\" width=\"750\" height=\"750\" src=\"https:\/\/www.meatprocessingmachine.org\/wp-content\/uploads\/2021\/06\/6-1.jpg\" alt=\"Macchina per fare polpette\" class=\"wp-image-1460\" title=\"\" srcset=\"https:\/\/www.meatprocessingmachine.org\/wp-content\/uploads\/2021\/06\/6-1.jpg 750w, https:\/\/www.meatprocessingmachine.org\/wp-content\/uploads\/2021\/06\/6-1-300x300.jpg 300w, https:\/\/www.meatprocessingmachine.org\/wp-content\/uploads\/2021\/06\/6-1-150x150.jpg 150w\" sizes=\"auto, (max-width: 750px) 100vw, 750px\" \/><figcaption><\/figcaption><\/figure>    <h2 class=\"wp-block-heading\">Vantaggi della macchina per formare polpette<\/h2>    <figure class=\"wp-block-embed is-type-video is-provider-youtube wp-block-embed-youtube wp-embed-aspect-4-3 wp-has-aspect-ratio\"><div class=\"wp-block-embed__wrapper\"> <iframe loading=\"lazy\" title=\"logo\" width=\"500\" height=\"375\" src=\"https:\/\/www.youtube.com\/embed\/kp1zxVYV68g?feature=oembed\" frameborder=\"0\" allow=\"accelerometer; autoplay; clipboard-write; encrypted-media; gyroscope; picture-in-picture; web-share\" referrerpolicy=\"strict-origin-when-cross-origin\" allowfullscreen><\/iframe> <\/div><figcaption class=\"wp-element-caption\">Meatball Making <\/figcaption><\/figure>    <h2 class=\"wp-block-heading\" id=\"h-advantages-of-meatball-machine\">Quali sono le materie prime per la produzione di polpette?<\/h2>    <ol class=\"wp-block-list\"> <li>Il diametro delle polpette pu\u00f2 essere regolato<\/li>    <li>La velocit\u00e0 delle polpette in uscita \u00e8 regolabile<\/li>    <li>La macchina \u00e8 realizzata in acciaio inossidabile, pi\u00f9 sicura e durevole<\/li>    <li>La macchina occupa uno spazio ridotto e pu\u00f2 essere posizionata in modo flessibile<\/li>    <li>Inserisci la pasta di carne preparata nel tamburo della macchina per formare polpette, quindi accendi la macchina. Le polpette usciranno automaticamente dal portellone di scarico. Quando le polpette escono, possono essere direttamente collegate alla pentola per friggere o bollire. Inoltre, pu\u00f2 essere collegata al serbatoio di acqua calda per congelamento successivo, ecc., rendendo pi\u00f9 comodo il successivo commercio.<\/li> <\/ol>    <figure class=\"wp-block-image size-large\"><img loading=\"lazy\" decoding=\"async\" width=\"750\" height=\"419\" src=\"https:\/\/www.meatprocessingmachine.org\/wp-content\/uploads\/2021\/06\/meatball-machine-9.jpg\" alt=\"\" class=\"wp-image-1469\" title=\"\" srcset=\"https:\/\/www.meatprocessingmachine.org\/wp-content\/uploads\/2021\/06\/meatball-machine-9.jpg 750w, https:\/\/www.meatprocessingmachine.org\/wp-content\/uploads\/2021\/06\/meatball-machine-9-300x168.jpg 300w\" sizes=\"auto, (max-width: 750px) 100vw, 750px\" \/><figcaption><\/figcaption><\/figure>    <h2 class=\"wp-block-heading\" id=\"h-what-are-the-raw-materials-for-making-meatballs\">La macchina per formare polpette utilizza passaggi<\/h2>    <p class=\"translation-block\">Le materie prime per la produzione di polpette sono molto ricche. Possono essere maiale, manzo, agnello, pesce, ecc. come ingredienti principali. Puoi anche aggiungere alcuni ingredienti, come pangrattato, cipolle, <a href=\"https:\/\/en.wikipedia.org\/wiki\/Cheese\" target=\"_blank\" rel=\"noopener\">formaggio<\/a>, o burro. Poich\u00e9 le materie prime che si possono aggiungere sono relativamente libere, le polpette possono essere fatte secondo le caratteristiche locali di ogni regione.<\/p>    <h2 class=\"wp-block-heading\" id=\"h-meatball-machine-use-steps\">Due tipi di macchine per formare polpette<\/h2>    <p>La macchina per formare polpette sandwich pu\u00f2 riempire le polpette e inserirle all'interno. La pelle delle polpette pu\u00f2 essere diversa dal ripieno al centro. Questo tipo di polpetta ha un gusto pi\u00f9 ricco. La macchina funziona con due slot contemporaneamente, consentendo di realizzare il ripieno.<\/p>   <div class=\"wp-block-image\"> <figure class=\"aligncenter size-full\"><img loading=\"lazy\" decoding=\"async\" width=\"980\" height=\"375\" src=\"https:\/\/www.meatprocessingmachine.org\/wp-content\/uploads\/2021\/06\/meatball-forming-machine-details.webp\" alt=\"La macchina per formare polpette solide ha un solo secchio. Naturalmente, le polpette fatte sono un tipo di materia prima, quindi quando acquisti la macchina, puoi scegliere in base ai tuoi prodotti.\" class=\"wp-image-34396\" title=\"\" srcset=\"https:\/\/www.meatprocessingmachine.org\/wp-content\/uploads\/2021\/06\/meatball-forming-machine-details.webp 980w, https:\/\/www.meatprocessingmachine.org\/wp-content\/uploads\/2021\/06\/meatball-forming-machine-details-300x115.webp 300w, https:\/\/www.meatprocessingmachine.org\/wp-content\/uploads\/2021\/06\/meatball-forming-machine-details-768x294.webp 768w, https:\/\/www.meatprocessingmachine.org\/wp-content\/uploads\/2021\/06\/meatball-forming-machine-details-18x7.webp 18w\" sizes=\"auto, (max-width: 980px) 100vw, 980px\" \/><figcaption class=\"wp-element-caption\">Meatball Forming Machine Details<\/figcaption><\/figure> <\/div>   <h2 class=\"wp-block-heading\" id=\"h-two-types-of-meatball-machines\">Polpette sandwich<\/h2>    <h3 class=\"wp-block-heading\" id=\"h-1-sandwich-meatballs\">Macchina per polpette solide<\/h3>    <p>Dimensione: 850*650*1750mm<\/p>    <figure class=\"wp-block-image size-large\"><img loading=\"lazy\" decoding=\"async\" width=\"750\" height=\"617\" src=\"https:\/\/www.meatprocessingmachine.org\/wp-content\/uploads\/2021\/06\/meatball-machine-2.jpg\" alt=\"Macchina per stampa su uova | macchina per timbrare le uova\" class=\"wp-image-1458\" title=\"\" srcset=\"https:\/\/www.meatprocessingmachine.org\/wp-content\/uploads\/2021\/06\/meatball-machine-2.jpg 750w, https:\/\/www.meatprocessingmachine.org\/wp-content\/uploads\/2021\/06\/meatball-machine-2-300x247.jpg 300w\" sizes=\"auto, (max-width: 750px) 100vw, 750px\" \/><figcaption><\/figcaption><\/figure>    <h3 class=\"wp-block-heading\" id=\"h-2-solid-meatball-machine\">Parametri della macchina per formare polpette<\/h3>    <p>Tensione: 220v\/380v 50hz<\/p>    <h2 class=\"wp-block-heading\" id=\"h-meatball-machine-parameters\">Precauzioni per la preparazione delle polpette<\/h2>    <ul class=\"wp-block-list\"> <li>Potenza: 3kw<\/li>    <li>Diametro: meno di 40mm<\/li>    <li>Pu\u00f2 produrre polpette di manzo Capacit\u00e0: 500-600 pezzi\/minuto<\/li>    <li>Dimensione dello stampo: 18 20 22 24 26 mm (la macchina contiene 3 stampi)<\/li>    <li>La macchina per formare polpette deve essere posizionata in un luogo stabile, e deve essere installata una presa di corrente e un filo di terra per garantire la sicurezza.<\/li>    <li>Pulire prima dell'uso, avviare la macchina vuota e osservare il funzionamento normale prima di usarla.<\/li>    <li>Posiziona una grande vasca alla bocca delle polpette, quindi riempila con acqua calda, 60~70 gradi Celsius \u00e8 adatto<\/li> <\/ul>    <h2 class=\"wp-block-heading\" id=\"h-precautions-for-making-meatballs\">Macchine per carne correlate<\/h2>    <ul class=\"wp-block-list\"> <li>Il peso del prodotto \u00e8 di 8-25 grammi\/piece, e la quantit\u00e0 di ripieno, e la velocit\u00e0 di produzione possono essere regolati automaticamente. La produzione massima pu\u00f2 raggiungere 200-300kg\/h, equivalenti all'efficienza di 12-18 lavoratori contemporaneamente.<\/li>    <li>La struttura di automazione \u00e8 ragionevole e pu\u00f2 essere gestita da una o due persone.<\/li>    <li>Macchina per il taglio del petto di pollo<\/li>    <li>Macchina per filettare il pesce<\/li>    <li>Diffondi l'amore<\/li> <\/ul>    <h2 class=\"wp-block-heading\" id=\"h-related-meat-machines\">produzione di polpette<\/h2>    <div class=\"wp-block-columns is-layout-flex wp-container-core-columns-is-layout-9d6595d7 wp-block-columns-is-layout-flex\"> <div class=\"wp-block-column is-layout-flow wp-block-column-is-layout-flow\"> <figure class=\"wp-block-image size-full\"><a href=\"https:\/\/www.meatprocessingmachine.org\/it\/chicken-breast-slicer-machine-meat-cutting-machinery-for-meat-slices-strips.html\/\"><img loading=\"lazy\" decoding=\"async\" width=\"720\" height=\"540\" src=\"https:\/\/www.meatprocessingmachine.org\/wp-content\/uploads\/2021\/12\/Chicken-breast-cutter-machine.png\" alt=\"La macchina per formare polpette \u00e8 una macchina che pu\u00f2 trasformare le polpette in forma di sfera. Puoi usare vari tipi di carne e verdure come materie prime.\" class=\"wp-image-32518\" title=\"\" srcset=\"https:\/\/www.meatprocessingmachine.org\/wp-content\/uploads\/2021\/12\/Chicken-breast-cutter-machine.png 720w, https:\/\/www.meatprocessingmachine.org\/wp-content\/uploads\/2021\/12\/Chicken-breast-cutter-machine-300x225.png 300w\" sizes=\"auto, (max-width: 720px) 100vw, 720px\" \/><\/a><figcaption class=\"wp-element-caption\">Shuliy<\/figcaption><\/figure> <\/div>    <div class=\"wp-block-column is-layout-flow wp-block-column-is-layout-flow\"> <figure class=\"wp-block-image size-full\"><a href=\"https:\/\/www.meatprocessingmachine.org\/it\/how-about-fish-fillet-machine-for-salmon.html\/\"><img loading=\"lazy\" decoding=\"async\" width=\"720\" height=\"540\" src=\"https:\/\/www.meatprocessingmachine.org\/wp-content\/uploads\/2022\/01\/fish-filleting-machine-.png\" alt=\"macchina per la filettatura del pesce\" class=\"wp-image-32567\" title=\"\" srcset=\"https:\/\/www.meatprocessingmachine.org\/wp-content\/uploads\/2022\/01\/fish-filleting-machine-.png 720w, https:\/\/www.meatprocessingmachine.org\/wp-content\/uploads\/2022\/01\/fish-filleting-machine--300x225.png 300w\" sizes=\"auto, (max-width: 720px) 100vw, 720px\" \/><\/a><figcaption class=\"wp-element-caption\">Zhengzhou Taizy Machinery Co., Ltd principalmente impegnata in macchinari per la lavorazione della carne.<\/figcaption><\/figure> <\/div> <\/div>","protected":false},"excerpt":{"rendered":"<p>La macchina per fare polpette \u00e8 una macchina che pu\u00f2 trasformare le polpette in una forma sferica. Puoi usare vari tipi di carne e verdure come materie prime.<\/p>","protected":false},"author":1,"featured_media":1660,"parent":0,"template":"","product-type":[582,583,584,598],"class_list":["post-1448","product","type-product","status-publish","has-post-thumbnail","hentry","product-type-cattle-sheep","product-type-chicken-turkey","product-type-fish","product-type-supporting-auxiliary-equipment"],"_links":{"self":[{"href":"https:\/\/www.meatprocessingmachine.org\/it\/wp-json\/wp\/v2\/product\/1448","targetHints":{"allow":["GET"]}}],"collection":[{"href":"https:\/\/www.meatprocessingmachine.org\/it\/wp-json\/wp\/v2\/product"}],"about":[{"href":"https:\/\/www.meatprocessingmachine.org\/it\/wp-json\/wp\/v2\/types\/product"}],"author":[{"embeddable":true,"href":"https:\/\/www.meatprocessingmachine.org\/it\/wp-json\/wp\/v2\/users\/1"}],"wp:featuredmedia":[{"embeddable":true,"href":"https:\/\/www.meatprocessingmachine.org\/it\/wp-json\/wp\/v2\/media\/1660"}],"wp:attachment":[{"href":"https:\/\/www.meatprocessingmachine.org\/it\/wp-json\/wp\/v2\/media?parent=1448"}],"wp:term":[{"taxonomy":"product-type","embeddable":true,"href":"https:\/\/www.meatprocessingmachine.org\/it\/wp-json\/wp\/v2\/product-type?post=1448"}],"curies":[{"name":"wp","href":"https:\/\/api.w.org\/{rel}","templated":true}]}}