{"id":152,"date":"2018-10-25T06:53:40","date_gmt":"2018-10-24T22:53:40","guid":{"rendered":"http:\/\/www.meatprocessingmachine.org\/?p=152"},"modified":"2026-02-12T16:11:00","modified_gmt":"2026-02-12T08:11:00","slug":"meat-smoking-oven","status":"publish","type":"product","link":"https:\/\/www.meatprocessingmachine.org\/it\/meat-smoking-oven.html","title":{"rendered":"Taizy Meat Processing Machinery"},"content":{"rendered":"<div class=\"kk-star-ratings kksr-auto kksr-align-right kksr-valign-top\"     data-payload='{&quot;align&quot;:&quot;right&quot;,&quot;id&quot;:&quot;152&quot;,&quot;slug&quot;:&quot;default&quot;,&quot;valign&quot;:&quot;top&quot;,&quot;ignore&quot;:&quot;&quot;,&quot;reference&quot;:&quot;auto&quot;,&quot;class&quot;:&quot;&quot;,&quot;count&quot;:&quot;0&quot;,&quot;legendonly&quot;:&quot;&quot;,&quot;readonly&quot;:&quot;&quot;,&quot;score&quot;:&quot;0&quot;,&quot;starsonly&quot;:&quot;&quot;,&quot;best&quot;:&quot;5&quot;,&quot;gap&quot;:&quot;5&quot;,&quot;greet&quot;:&quot;Rate this product&quot;,&quot;legend&quot;:&quot;0\\\/5 - (0 votes)&quot;,&quot;size&quot;:&quot;24&quot;,&quot;title&quot;:&quot;Automatic meat smoking machine for smoking fish, sausage&quot;,&quot;width&quot;:&quot;0&quot;,&quot;_legend&quot;:&quot;{score}\\\/{best} - ({count} {votes})&quot;,&quot;font_factor&quot;:&quot;1.25&quot;}'>              <div class=\"kksr-stars\">      <div class=\"kksr-stars-inactive\">             <div class=\"kksr-star\" data-star=\"1\" style=\"padding-right: 5px\">               <div class=\"kksr-icon\" style=\"width: 24px; height: 24px;\"><\/div>         <\/div>             <div class=\"kksr-star\" data-star=\"2\" style=\"padding-right: 5px\">               <div class=\"kksr-icon\" style=\"width: 24px; height: 24px;\"><\/div>         <\/div>             <div class=\"kksr-star\" data-star=\"3\" style=\"padding-right: 5px\">               <div class=\"kksr-icon\" style=\"width: 24px; height: 24px;\"><\/div>         <\/div>             <div class=\"kksr-star\" data-star=\"4\" style=\"padding-right: 5px\">               <div class=\"kksr-icon\" style=\"width: 24px; height: 24px;\"><\/div>         <\/div>             <div class=\"kksr-star\" data-star=\"5\" style=\"padding-right: 5px\">               <div class=\"kksr-icon\" style=\"width: 24px; height: 24px;\"><\/div>         <\/div>     <\/div>      <div class=\"kksr-stars-active\" style=\"width: 0px;\">             <div class=\"kksr-star\" style=\"padding-right: 5px\">               <div class=\"kksr-icon\" style=\"width: 24px; height: 24px;\"><\/div>         <\/div>             <div class=\"kksr-star\" style=\"padding-right: 5px\">               <div class=\"kksr-icon\" style=\"width: 24px; height: 24px;\"><\/div>         <\/div>             <div class=\"kksr-star\" style=\"padding-right: 5px\">               <div class=\"kksr-icon\" style=\"width: 24px; height: 24px;\"><\/div>         <\/div>             <div class=\"kksr-star\" style=\"padding-right: 5px\">               <div class=\"kksr-icon\" style=\"width: 24px; height: 24px;\"><\/div>         <\/div>             <div class=\"kksr-star\" style=\"padding-right: 5px\">               <div class=\"kksr-icon\" style=\"width: 24px; height: 24px;\"><\/div>         <\/div>     <\/div> <\/div>                   <div class=\"kksr-legend\" style=\"font-size: 19.2px;\">             <span class=\"kksr-muted\">Valuta questo prodotto<\/span>     <\/div>     <\/div>  <p class=\"translation-block\">La <strong>macchina per il fumo di carne<\/strong> automatica ha le funzioni di cottura, asciugatura, affumicatura, pulizia e protezione di sicurezza. Il sistema di circolazione dell'aria unico della <a href=\"https:\/\/www.meatprocessingmachine.org\/it\/info\/food-smoking-machine-introduction\/\" data-type=\"URL\" data-id=\"https:\/\/www.meatprocessingmachine.org\/info\/food-smoking-machine-introduction\/\">forno per affumicare<\/a> garantisce efficacemente la coerenza di temperatura e umidit\u00e0 durante le fasi di cottura, asciugatura, affumicatura e altri processi del prodotto, assicurando cos\u00ec il colore e l'aspetto del prodotto. Questa macchina per il fumo di carne si applica all'affumicatura di pesce, pollo, salsicce e altre carni.<\/p>    <h2 class=\"wp-block-heading\" id=\"h-industrial-meat-smoking-machine-overview\">Panoramica della macchina industriale per il fumo di carne<\/h2>    <p class=\"translation-block\"><strong>Applicazione<\/strong>: La macchina per affumicare la carne viene principalmente utilizzata per affumicare, colorare e insaporire vari tipi di carne. <a href=\"https:\/\/www.meatprocessingmachine.org\/it\/info\/what-food-items-can-you-smoke\/\" data-type=\"URL\" data-id=\"https:\/\/www.meatprocessingmachine.org\/info\/what-food-items-can-you-smoke\/\">Pu\u00f2 essere applicata a vari salsicce, pesce, pollo, formaggio e altri prodotti.<\/a><\/p>    <p class=\"translation-block\"><strong>Metodo di riscaldamento<\/strong>: riscaldamento elettrico, riscaldamento a vapore<\/p>    <p class=\"translation-block\"><strong>Metodo di fumo<\/strong>: fumo interno, fumo esterno<\/p>    <p class=\"translation-block\"><strong>Metodo di fumo<\/strong>: fumo freddo, fumo caldo, fumo caldo e umido<\/p>    <p class=\"translation-block\"><strong>Struttura di composizione<\/strong>: La macchina include principalmente un corpo forno, sistema di riscaldamento, sistema di circolazione dell'aria e sistema di controllo elettrico.<\/p>    <p class=\"translation-block\"><strong>Funzione<\/strong>: La macchina ha funzioni di riscaldamento, asciugatura, affumicatura, ventilazione, ecc.<\/p>    <figure class=\"wp-block-image size-full\"><img loading=\"lazy\" decoding=\"async\" width=\"750\" height=\"750\" src=\"https:\/\/www.meatprocessingmachine.org\/wp-content\/uploads\/2021\/08\/smoking-machine-2.jpg\" alt=\"Spedizione della macchina per affumicare\" class=\"wp-image-1791\" title=\"\" srcset=\"https:\/\/www.meatprocessingmachine.org\/wp-content\/uploads\/2021\/08\/smoking-machine-2.jpg 750w, https:\/\/www.meatprocessingmachine.org\/wp-content\/uploads\/2021\/08\/smoking-machine-2-300x300.jpg 300w, https:\/\/www.meatprocessingmachine.org\/wp-content\/uploads\/2021\/08\/smoking-machine-2-150x150.jpg 150w\" sizes=\"auto, (max-width: 750px) 100vw, 750px\" \/><figcaption class=\"wp-element-caption\">Macchina per affumicare<\/figcaption><\/figure>    <h2 class=\"wp-block-heading\" id=\"h-automatic-meat-smoking-oven-working-principle\">Principio di funzionamento del forno automatico per affumicare la carne<\/h2>    <p>Il forno per affumicare la carne \u00e8 controllato da un computer. Ha pi\u00f9 parametri visualizzati contemporaneamente sullo schermo dell'interfaccia per monitorare lo stato operativo. Pu\u00f2 realizzare il controllo remoto. E ci sono ricette di stampa, curve di temperatura e umidit\u00e0, e memorizza 100 processi di ricetta all'interno della macchina.<\/p>    <h2 class=\"wp-block-heading\" id=\"h-commercial-fish-smoking-machine-technical\">Specifiche tecniche della macchina per il fumo commerciale<\/h2>    <figure class=\"wp-block-table\"><table><tbody><tr><td>Modello<\/td><td>Dimensione<\/td><td>Capacit\u00e0<\/td><td>Potenza<\/td><td>Peso<\/td><\/tr><tr><td>TZ30<\/td><td>800 * 800 * 1600<\/td><td>30kg<\/td><td>4.75kw<\/td><td>330kg<\/td><\/tr><tr><td>TZ50<\/td><td>1000 * 1000 * 1850<\/td><td>50kg<\/td><td>6.5kw<\/td><td>400kg<\/td><\/tr><tr><td>TZ100<\/td><td>1380 * 1340 * 1950<\/td><td>100kg<\/td><td>12.5kw<\/td><td>750kg<\/td><\/tr><tr><td>TZ250<\/td><td>1350 * 1510 * 3000<\/td><td>250kg<\/td><td>5.5kw<\/td><td>1900kg<\/td><\/tr><tr><td>TZ500<\/td><td>2400 * 1510 * 3000<\/td><td>500kg<\/td><td>10kw<\/td><td>2800kg<\/td><\/tr><\/tbody><\/table><figcaption class=\"wp-element-caption\">macchina per affumicare carne<\/figcaption><\/figure>    <hr class=\"wp-block-separator has-css-opacity\"\/>    <figure class=\"wp-block-image size-full is-resized\"><img loading=\"lazy\" decoding=\"async\" src=\"https:\/\/www.meatprocessingmachine.org\/wp-content\/uploads\/2021\/08\/smoking-food.jpg\" alt=\"smoking food\" class=\"wp-image-1792\" style=\"width:720px;height:540px\" width=\"720\" height=\"540\" title=\"\"><figcaption class=\"wp-element-caption\">Cibo affumicato<\/figcaption><\/figure>    <h2 class=\"wp-block-heading\" id=\"h-industrial-meat-smoking-machine-advantages\">Vantaggi della macchina industriale per il fumo di carne<\/h2>    <ul class=\"wp-block-list\"> <li>Non contiene 3, 4-<a href=\"https:\/\/en.wikipedia.org\/wiki\/Benzopyrene\" target=\"_blank\" rel=\"noopener\">benzopirene <\/a>carcinogeni, quindi rende il cibo affumicato sicuro e affidabile;<\/li>    <li>Ridurre gli investimenti nei metodi tradizionali in impianto, attrezzature e altri aspetti;<\/li>    <li>Il forno per affumicare la carne pu\u00f2 realizzare operazioni di produzione meccanizzate, elettrificate e continue, migliorando notevolmente l'efficienza produttiva;<\/li>    <li>Il <a href=\"https:\/\/www.meatprocessingmachine.org\/it\/info\/price-of-meat-smoker-machine\/\">prezzo della macchina affumicatrice di carne<\/a> \u00e8 conveniente in termini di costi.<\/li>    <li>La sua tecnologia di produzione \u00e8 semplice, facile da usare, ha un breve tempo di affumicatura e una bassa intensit\u00e0 di lavoro, senza inquinare l'ambiente. E la carne affumicata ha caratteristiche di anti-corrosione, conservazione della freschezza e preservazione della qualit\u00e0.<\/li> <\/ul>    <h2 class=\"wp-block-heading\" id=\"h-structure-description\">Descrizione della struttura<\/h2>    <figure class=\"wp-block-image size-large is-resized\"><img loading=\"lazy\" decoding=\"async\" src=\"https:\/\/www.meatprocessingmachine.org\/wp-content\/uploads\/2021\/08\/smoking-machine-details-1-702x1024.jpg\" alt=\"smoking machine details\" class=\"wp-image-1795\" style=\"width:735px;height:1072px\" width=\"735\" height=\"1072\" title=\"\" srcset=\"https:\/\/www.meatprocessingmachine.org\/wp-content\/uploads\/2021\/08\/smoking-machine-details-1-702x1024.jpg 702w, https:\/\/www.meatprocessingmachine.org\/wp-content\/uploads\/2021\/08\/smoking-machine-details-1-206x300.jpg 206w, https:\/\/www.meatprocessingmachine.org\/wp-content\/uploads\/2021\/08\/smoking-machine-details-1.jpg 750w\" sizes=\"auto, (max-width: 735px) 100vw, 735px\" \/><figcaption class=\"wp-element-caption\">Dettagli della macchina per il fumo<\/figcaption><\/figure>    <p>La macchina \u00e8 composta da un corpo forno, sistema di riscaldamento elettrico, sistema di circolazione dell'aria, sistema di fumo e sistema di controllo elettrico.<\/p>    <p><br>1. Corpo forno: tutti i componenti nel corpo forno e la parete esterna sono realizzati in acciaio inossidabile, resistente alla corrosione.<\/p>    <p>2. Sistema di riscaldamento elettrico: \u00e8 composto da cottura e asciugatura. La parte di asciugatura: accende il riscaldamento elettrico, il gas caldo scambia calore attraverso lo scambiatore di calore nel forno, e i prodotti nel forno vengono cotti. La parte di cottura: viene alimentata dal sistema di vapore esterno e riscalda direttamente i prodotti nel forno.<\/p>    <p>3. Sistema di circolazione dell'aria: la parte superiore del forno \u00e8 dotata di una ventola elettrica. Alta potenza e grande volume d'aria garantiscono l'aumento della temperatura nel forno, rendendo la temperatura uniforme ovunque, e assicurano che la qualit\u00e0 dei prodotti sia stabile e affidabile.<\/p>    <p>4. Sistema di fumo: mettere le pellet di legno affumicante nel piatto riscaldante nella scatola del fumo, e il fumo generato sar\u00e0 inviato al forno per affumicare i prodotti tramite il tubo del fumo.<\/p>    <p>5. Sistema di controllo elettrico: adotta interfaccia uomo-macchina avanzata e controllore programmabile, controllo e monitoraggio completamente automatici di ogni processo, funzionamento affidabile e facile, buona resistenza all'acqua.<\/p>    <h2 class=\"wp-block-heading\" id=\"h-how-to-smoke-sausage-with-a-sausage-smoker\">Come affumicare la salsiccia con una macchina per salsicce?<\/h2>    <figure class=\"wp-block-embed is-type-video is-provider-youtube wp-block-embed-youtube\"><div class=\"wp-block-embed__wrapper\"> <iframe loading=\"lazy\" title=\"Ti piace il cibo affumicato | Macchina automatica per il fumo di carne per salsicce, pollo e pesce\" width=\"500\" height=\"281\" src=\"https:\/\/www.youtube.com\/embed\/Cv3rWUK_TEc?start=2&#038;feature=oembed\" frameborder=\"0\" allow=\"accelerometer; autoplay; clipboard-write; encrypted-media; gyroscope; picture-in-picture; web-share\" referrerpolicy=\"strict-origin-when-cross-origin\" allowfullscreen><\/iframe> <\/div><\/figure>    <p>L'uso della macchina per il fumo di carne per affumicare le salsicce prevede principalmente il lavoro preparatorio e la produzione formale. Il lavoro preparatorio prima dell'avvio svolge un ruolo fondamentale nel processo di affumicatura delle salsicce.<\/p>    <h3 class=\"wp-block-heading\" id=\"h-preparation\">Preparazione<\/h3>    <ol class=\"wp-block-list\" type=\"1\"> <li>Prima di avviare la macchina, controllare che tutte le parti siano allentate o anomale. Dopo aver confermato che le parti non sono allentate o anomale, si pu\u00f2 avviare il lavoro preparatorio.<\/li>    <li>Mettere il legno nella camera di affumicatura della macchina per accendere, e assicurarsi che il fumo passi attraverso la macchina<\/li>    <li>Aggiungere acqua pulita al sistema di pulizia della macchina affumicatrice, avviare un programma di pulizia, e la pompa di pulizia inizier\u00e0 a funzionare.<\/li>    <li>Dopo aver pulito tutto l'interno della scatola per affumicare, si pu\u00f2 mettere la salsiccia nella scatola per affumicare per il processo di affumicatura.<\/li> <\/ol>    <figure class=\"wp-block-image size-full is-resized\"><img loading=\"lazy\" decoding=\"async\" src=\"https:\/\/www.meatprocessingmachine.org\/wp-content\/uploads\/2021\/08\/smoking-machine-shipping.jpg\" alt=\"smoking machine shipping\" class=\"wp-image-1794\" style=\"width:590px;height:673px\" width=\"590\" height=\"673\" title=\"\" srcset=\"https:\/\/www.meatprocessingmachine.org\/wp-content\/uploads\/2021\/08\/smoking-machine-shipping.jpg 750w, https:\/\/www.meatprocessingmachine.org\/wp-content\/uploads\/2021\/08\/smoking-machine-shipping-263x300.jpg 263w\" sizes=\"auto, (max-width: 590px) 100vw, 590px\" \/><figcaption class=\"wp-element-caption\">Spedizione della macchina per affumicare<\/figcaption><\/figure>    <h3 class=\"wp-block-heading\" id=\"h-production-and-processing\">Produzione e lavorazione<\/h3>    <p>La macchina affumicatrice utilizza un pannello di controllo intelligente per operare le varie fasi della macchina. Pertanto, i clienti possono impostare il tempo e le fasi di affumicatura in base alle caratteristiche delle materie prime. Inserire il tempo, la temperatura e altri indicatori sul pannello di controllo e la macchina funzioner\u00e0 automaticamente. Dopo aver completato tutti i programmi di affumicatura impostati, la macchina si spegne automaticamente.<\/p>","protected":false},"excerpt":{"rendered":"<p>La macchina industriale per affumicare la carne \u00e8 ampiamente utilizzata nel fumo, nel colore e nel sapore di salsicce, pesce e altre carni. Utilizza un pannello di controllo PLC intelligente per controllare l'intero processo di affumicatura.<\/p>","protected":false},"author":1,"featured_media":1798,"parent":0,"template":"","product-type":[584],"class_list":["post-152","product","type-product","status-publish","has-post-thumbnail","hentry","product-type-fish"],"_links":{"self":[{"href":"https:\/\/www.meatprocessingmachine.org\/it\/wp-json\/wp\/v2\/product\/152","targetHints":{"allow":["GET"]}}],"collection":[{"href":"https:\/\/www.meatprocessingmachine.org\/it\/wp-json\/wp\/v2\/product"}],"about":[{"href":"https:\/\/www.meatprocessingmachine.org\/it\/wp-json\/wp\/v2\/types\/product"}],"author":[{"embeddable":true,"href":"https:\/\/www.meatprocessingmachine.org\/it\/wp-json\/wp\/v2\/users\/1"}],"wp:featuredmedia":[{"embeddable":true,"href":"https:\/\/www.meatprocessingmachine.org\/it\/wp-json\/wp\/v2\/media\/1798"}],"wp:attachment":[{"href":"https:\/\/www.meatprocessingmachine.org\/it\/wp-json\/wp\/v2\/media?parent=152"}],"wp:term":[{"taxonomy":"product-type","embeddable":true,"href":"https:\/\/www.meatprocessingmachine.org\/it\/wp-json\/wp\/v2\/product-type?post=152"}],"curies":[{"name":"wp","href":"https:\/\/api.w.org\/{rel}","templated":true}]}}