{"id":1635,"date":"2021-08-10T17:09:29","date_gmt":"2021-08-10T09:09:29","guid":{"rendered":"https:\/\/www.meatprocessingmachine.org\/?p=1635"},"modified":"2026-02-12T16:09:05","modified_gmt":"2026-02-12T08:09:05","slug":"dz-260-desktop-vacuum-packing-machine-for-sealing","status":"publish","type":"product","link":"https:\/\/www.meatprocessingmachine.org\/it\/dz-260-desktop-vacuum-packing-machine-for-sealing.html","title":{"rendered":"DZ-260 Macchina da tavolo per il confezionamento sottovuoto per sigillare"},"content":{"rendered":"<div class=\"kk-star-ratings kksr-auto kksr-align-right kksr-valign-top\"     data-payload='{&quot;align&quot;:&quot;right&quot;,&quot;id&quot;:&quot;1635&quot;,&quot;slug&quot;:&quot;default&quot;,&quot;valign&quot;:&quot;top&quot;,&quot;ignore&quot;:&quot;&quot;,&quot;reference&quot;:&quot;auto&quot;,&quot;class&quot;:&quot;&quot;,&quot;count&quot;:&quot;0&quot;,&quot;legendonly&quot;:&quot;&quot;,&quot;readonly&quot;:&quot;&quot;,&quot;score&quot;:&quot;0&quot;,&quot;starsonly&quot;:&quot;&quot;,&quot;best&quot;:&quot;5&quot;,&quot;gap&quot;:&quot;5&quot;,&quot;greet&quot;:&quot;Rate this product&quot;,&quot;legend&quot;:&quot;0\\\/5 - (0 votes)&quot;,&quot;size&quot;:&quot;24&quot;,&quot;title&quot;:&quot;DZ-260 Desktop vacuum packing machine for sealing&quot;,&quot;width&quot;:&quot;0&quot;,&quot;_legend&quot;:&quot;{score}\\\/{best} - ({count} {votes})&quot;,&quot;font_factor&quot;:&quot;1.25&quot;}'>              <div class=\"kksr-stars\">      <div class=\"kksr-stars-inactive\">             <div class=\"kksr-star\" data-star=\"1\" style=\"padding-right: 5px\">               <div class=\"kksr-icon\" style=\"width: 24px; height: 24px;\"><\/div>         <\/div>             <div class=\"kksr-star\" data-star=\"2\" style=\"padding-right: 5px\">               <div class=\"kksr-icon\" style=\"width: 24px; height: 24px;\"><\/div>         <\/div>             <div class=\"kksr-star\" data-star=\"3\" style=\"padding-right: 5px\">               <div class=\"kksr-icon\" style=\"width: 24px; height: 24px;\"><\/div>         <\/div>             <div class=\"kksr-star\" data-star=\"4\" style=\"padding-right: 5px\">               <div class=\"kksr-icon\" style=\"width: 24px; height: 24px;\"><\/div>         <\/div>             <div class=\"kksr-star\" data-star=\"5\" style=\"padding-right: 5px\">               <div class=\"kksr-icon\" style=\"width: 24px; height: 24px;\"><\/div>         <\/div>     <\/div>      <div class=\"kksr-stars-active\" style=\"width: 0px;\">             <div class=\"kksr-star\" style=\"padding-right: 5px\">               <div class=\"kksr-icon\" style=\"width: 24px; height: 24px;\"><\/div>         <\/div>             <div class=\"kksr-star\" style=\"padding-right: 5px\">               <div class=\"kksr-icon\" style=\"width: 24px; height: 24px;\"><\/div>         <\/div>             <div class=\"kksr-star\" style=\"padding-right: 5px\">               <div class=\"kksr-icon\" style=\"width: 24px; height: 24px;\"><\/div>         <\/div>             <div class=\"kksr-star\" style=\"padding-right: 5px\">               <div class=\"kksr-icon\" style=\"width: 24px; height: 24px;\"><\/div>         <\/div>             <div class=\"kksr-star\" style=\"padding-right: 5px\">               <div class=\"kksr-icon\" style=\"width: 24px; height: 24px;\"><\/div>         <\/div>     <\/div> <\/div>                   <div class=\"kksr-legend\" style=\"font-size: 19.2px;\">             <span class=\"kksr-muted\">Valuta questo prodotto<\/span>     <\/div>     <\/div>  <p class=\"translation-block\"> La macchina da tavolo per il confezionamento sottovuoto \u00e8 una macchina che pu\u00f2 sottovuoto i materiali. La macchina da tavolo per il confezionamento sottovuoto pu\u00f2 essere applicata sia a prodotti secchi che umidi, per alimenti solidi, liquidi, in polvere e in pasta, cereali, frutta, frutta conservata e sostanze chimiche. Componenti elettronici, strumenti di precisione, metalli rari, ecc. per il confezionamento sottovuoto. Il confezionamento sottovuoto \u00e8 molto comune nella vita, questo metodo \u00e8 anche semplice e pratico, ed \u00e8 amato da molti produttori. Inoltre, disponiamo anche di molti tipi di <a href=\"https:\/\/www.meatprocessingmachine.org\/it\/vacuum-packing-machine.html\/\">macchine per il confezionamento sottovuoto<\/a> tra cui scegliere.<\/p>    <h2 class=\"wp-block-heading\" id=\"h-how-to-use-desktop-vacuum-packing-machine\">Come usare la macchina da imballaggio sottovuoto da tavolo<\/h2>    <figure class=\"wp-block-embed is-type-video is-provider-youtube wp-block-embed-youtube\"><div class=\"wp-block-embed__wrapper\"> <iframe loading=\"lazy\" title=\"macchina per il confezionamento sottovuoto | sigilatrice a vuoto per alimenti\" width=\"500\" height=\"281\" src=\"https:\/\/www.youtube.com\/embed\/2CWP6Zl_GKg?start=8&#038;feature=oembed\" frameborder=\"0\" allow=\"accelerometer; autoplay; clipboard-write; encrypted-media; gyroscope; picture-in-picture; web-share\" referrerpolicy=\"strict-origin-when-cross-origin\" allowfullscreen><\/iframe> <\/div><\/figure>    <p>The use of vacuum packaging is very simple. First of all, you need to put the things to be packaged into the packaging bag, place the opening on the machine&#8217;s seal, and then turn on the switch, the machine will start working, and the machine will complete after extracting the air from the packaging bag. The predetermined vacuum degree, and finally the machine completes the sealing process.<\/p>    <h2 class=\"wp-block-heading\">Il ruolo dell'imballaggio sottovuoto<\/h2>    <figure class=\"wp-block-image size-full\"><img loading=\"lazy\" decoding=\"async\" width=\"750\" height=\"934\" src=\"https:\/\/www.meatprocessingmachine.org\/wp-content\/uploads\/2021\/08\/product-of-vacuum-packing.jpg\" alt=\"product of vacuum packing\" class=\"wp-image-1639\" title=\"\" srcset=\"https:\/\/www.meatprocessingmachine.org\/wp-content\/uploads\/2021\/08\/product-of-vacuum-packing.jpg 750w, https:\/\/www.meatprocessingmachine.org\/wp-content\/uploads\/2021\/08\/product-of-vacuum-packing-241x300.jpg 241w\" sizes=\"auto, (max-width: 750px) 100vw, 750px\" \/><figcaption>Prodotto di confezionamento sottovuoto<\/figcaption><\/figure>    <p>La funzione principale dell'imballaggio sottovuoto \u00e8 prolungare la durata di conservazione degli alimenti e prevenire muffa e deterioramento. La funzione principale dell'imballaggio sottovuoto \u00e8 rimuovere l'ossigeno nel sacchetto di confezionamento in modo che il cibo sia esposto all'ossigeno il meno possibile, riducendo cos\u00ec il tasso di ossidazione del cibo. Un altro aspetto \u00e8 prevenire la crescita batterica. Ci sono molti batteri nell'aria. Se si fornisce un ambiente di crescita adatto, i batteri si moltiplicheranno in breve tempo. Accelerano la decomposizione del cibo. Grazie alla buona tenuta all'aria dell'imballaggio sottovuoto, pu\u00f2 prevenire la perdita di umidit\u00e0 del cibo fino a un certo punto e mantenere il sapore originale del cibo quando viene prodotto per la prima volta. Pertanto, l'imballaggio sottovuoto \u00e8 diventato una parte essenziale della vita.<\/p>    <figure class=\"wp-block-image size-full\"><img loading=\"lazy\" decoding=\"async\" width=\"750\" height=\"750\" src=\"https:\/\/www.meatprocessingmachine.org\/wp-content\/uploads\/2021\/08\/vacuum-packing-machine-2.jpg\" alt=\"macchina per il confezionamento sottovuoto\" class=\"wp-image-1641\" title=\"\" srcset=\"https:\/\/www.meatprocessingmachine.org\/wp-content\/uploads\/2021\/08\/vacuum-packing-machine-2.jpg 750w, https:\/\/www.meatprocessingmachine.org\/wp-content\/uploads\/2021\/08\/vacuum-packing-machine-2-300x300.jpg 300w, https:\/\/www.meatprocessingmachine.org\/wp-content\/uploads\/2021\/08\/vacuum-packing-machine-2-150x150.jpg 150w\" sizes=\"auto, (max-width: 750px) 100vw, 750px\" \/><figcaption>Macchina per l'imballaggio sottovuoto<\/figcaption><\/figure>    <h2 class=\"wp-block-heading\">Parametri della macchina da imballaggio da tavolo<\/h2>    <figure class=\"wp-block-table\"><table><tbody><tr><td>modello<\/td><td>DZ260<\/td><\/tr><tr><td>alimentazione<\/td><td>220V \/110V  50\/60HZ<\/td><\/tr><tr><td>Potenza della pompa del vuoto<\/td><td>370W<\/td><\/tr><tr><td>Potenza di sigillatura<\/td><td>200 mm<\/td><\/tr><tr><td>Pressione assoluta pi\u00f9 bassa<\/td><td>1Kpa<\/td><\/tr><tr><td>Posizione di sigillatura<\/td><td>1 pezzo (striscia di sigillatura)<\/td><\/tr><tr><td>Dimensione della camera a vuoto<\/td><td>340*300*50mm<\/td><\/tr><tr><td>Dimensione di sigillatura<\/td><td>260*8mm<\/td><\/tr><tr><td>peso<\/td><td>35KG<\/td><\/tr><tr><td>Dimensione della macchina<\/td><td>480*330*360mm<\/td><\/tr><\/tbody><\/table><figcaption>Macchina da tavolo per il confezionamento sottovuoto<\/figcaption><\/figure>    <h2 class=\"wp-block-heading\">Vantaggi della macchina da imballaggio sottovuoto da tavolo<\/h2>    <figure class=\"wp-block-image size-full\"><img loading=\"lazy\" decoding=\"async\" width=\"750\" height=\"831\" src=\"https:\/\/www.meatprocessingmachine.org\/wp-content\/uploads\/2021\/08\/Vacuum-packaging-machine-details.jpg\" alt=\"Dettagli della macchina per il confezionamento sottovuoto\" class=\"wp-image-1642\" title=\"\" srcset=\"https:\/\/www.meatprocessingmachine.org\/wp-content\/uploads\/2021\/08\/Vacuum-packaging-machine-details.jpg 750w, https:\/\/www.meatprocessingmachine.org\/wp-content\/uploads\/2021\/08\/Vacuum-packaging-machine-details-271x300.jpg 271w\" sizes=\"auto, (max-width: 750px) 100vw, 750px\" \/><figcaption>Dettagli della macchina per il confezionamento sottovuoto<\/figcaption><\/figure>    <p>1. Questa serie di macchine per il confezionamento sottovuoto pu\u00f2 sottovuoto, sigillare, stampare e raffreddare contemporaneamente. Questo prodotto \u00e8 adatto per il confezionamento sottovuoto di alimenti, medicinali, prodotti ittici, materie prime chimiche, componenti elettronici e altri prodotti per prevenire l'ossidazione e la muffa del prodotto. Anti-corrosione, anti-umidit\u00e0, qualit\u00e0 e freschezza, prolungano il periodo di conservazione dei prodotti.<\/p>    <p>2. La macchina da tavolo per il confezionamento sottovuoto ha le caratteristiche di dimensioni ridotte, basso consumo energetico, breve tempo di pompaggio, ecc., ed \u00e8 adatta per il confezionamento di piccoli oggetti.<\/p>    <p>3. Il sistema ha i vantaggi di controllo preciso, forte capacit\u00e0 di anti-interferenza e buona stabilit\u00e0. Tutte le impostazioni sono direttamente impostate sul pannello senza regolare altri componenti.<\/p>    <p>4. La macchina da tavolo per il confezionamento sottovuoto ha le caratteristiche di dimensioni ridotte, basso consumo energetico, breve tempo di pompaggio, ecc., ed \u00e8 adatta per il confezionamento di piccoli oggetti.<\/p>","protected":false},"excerpt":{"rendered":"<p>The desktop vacuum packaging machine is a machine that can vacuum materials. The desktop vacuum packaging machine can be applied to both dry and wet products, for solid, liquid, powder, and paste foods, grains, fruits, preserved fruits, and chemicals. Electronic components, precision instruments, rare metals, etc. for vacuum packaging. Vacuum packaging is very common in life, this method is also simple and practical, and is loved by many manufacturers. In addition, we also have many types of vacuum packaging machines to choose.<\/p>","protected":false},"author":1,"featured_media":1638,"parent":0,"template":"","product-type":[596],"class_list":["post-1635","product","type-product","status-publish","has-post-thumbnail","hentry","product-type-meat-packaging-equipment"],"_links":{"self":[{"href":"https:\/\/www.meatprocessingmachine.org\/it\/wp-json\/wp\/v2\/product\/1635","targetHints":{"allow":["GET"]}}],"collection":[{"href":"https:\/\/www.meatprocessingmachine.org\/it\/wp-json\/wp\/v2\/product"}],"about":[{"href":"https:\/\/www.meatprocessingmachine.org\/it\/wp-json\/wp\/v2\/types\/product"}],"author":[{"embeddable":true,"href":"https:\/\/www.meatprocessingmachine.org\/it\/wp-json\/wp\/v2\/users\/1"}],"wp:featuredmedia":[{"embeddable":true,"href":"https:\/\/www.meatprocessingmachine.org\/it\/wp-json\/wp\/v2\/media\/1638"}],"wp:attachment":[{"href":"https:\/\/www.meatprocessingmachine.org\/it\/wp-json\/wp\/v2\/media?parent=1635"}],"wp:term":[{"taxonomy":"product-type","embeddable":true,"href":"https:\/\/www.meatprocessingmachine.org\/it\/wp-json\/wp\/v2\/product-type?post=1635"}],"curies":[{"name":"wp","href":"https:\/\/api.w.org\/{rel}","templated":true}]}}