{"id":1911,"date":"2021-09-02T18:02:08","date_gmt":"2021-09-02T10:02:08","guid":{"rendered":"https:\/\/www.meatprocessingmachine.org\/?p=1911"},"modified":"2022-07-26T09:37:20","modified_gmt":"2022-07-26T01:37:20","slug":"chicken-feather-removal-machine","status":"publish","type":"product","link":"https:\/\/www.meatprocessingmachine.org\/it\/chicken-feather-removal-machine.html","title":{"rendered":"Macchina per la rimozione delle piume di pollo | Macchina per spellare le piume di pollame"},"content":{"rendered":"<div class=\"kk-star-ratings kksr-auto kksr-align-right kksr-valign-top\"     data-payload='{&quot;align&quot;:&quot;right&quot;,&quot;id&quot;:&quot;1911&quot;,&quot;slug&quot;:&quot;default&quot;,&quot;valign&quot;:&quot;top&quot;,&quot;ignore&quot;:&quot;&quot;,&quot;reference&quot;:&quot;auto&quot;,&quot;class&quot;:&quot;&quot;,&quot;count&quot;:&quot;0&quot;,&quot;legendonly&quot;:&quot;&quot;,&quot;readonly&quot;:&quot;&quot;,&quot;score&quot;:&quot;0&quot;,&quot;starsonly&quot;:&quot;&quot;,&quot;best&quot;:&quot;5&quot;,&quot;gap&quot;:&quot;5&quot;,&quot;greet&quot;:&quot;Rate this product&quot;,&quot;legend&quot;:&quot;0\\\/5 - (0 votes)&quot;,&quot;size&quot;:&quot;24&quot;,&quot;title&quot;:&quot;Chicken Feather Removal Machine | Poultry feather plucking machine&quot;,&quot;width&quot;:&quot;0&quot;,&quot;_legend&quot;:&quot;{score}\\\/{best} - ({count} {votes})&quot;,&quot;font_factor&quot;:&quot;1.25&quot;}'>              <div class=\"kksr-stars\">      <div class=\"kksr-stars-inactive\">             <div class=\"kksr-star\" data-star=\"1\" style=\"padding-right: 5px\">               <div class=\"kksr-icon\" style=\"width: 24px; height: 24px;\"><\/div>         <\/div>             <div class=\"kksr-star\" data-star=\"2\" style=\"padding-right: 5px\">               <div class=\"kksr-icon\" style=\"width: 24px; height: 24px;\"><\/div>         <\/div>             <div class=\"kksr-star\" data-star=\"3\" style=\"padding-right: 5px\">               <div class=\"kksr-icon\" style=\"width: 24px; height: 24px;\"><\/div>         <\/div>             <div class=\"kksr-star\" data-star=\"4\" style=\"padding-right: 5px\">               <div class=\"kksr-icon\" style=\"width: 24px; height: 24px;\"><\/div>         <\/div>             <div class=\"kksr-star\" data-star=\"5\" style=\"padding-right: 5px\">               <div class=\"kksr-icon\" style=\"width: 24px; height: 24px;\"><\/div>         <\/div>     <\/div>      <div class=\"kksr-stars-active\" style=\"width: 0px;\">             <div class=\"kksr-star\" style=\"padding-right: 5px\">               <div class=\"kksr-icon\" style=\"width: 24px; height: 24px;\"><\/div>         <\/div>             <div class=\"kksr-star\" style=\"padding-right: 5px\">               <div class=\"kksr-icon\" style=\"width: 24px; height: 24px;\"><\/div>         <\/div>             <div class=\"kksr-star\" style=\"padding-right: 5px\">               <div class=\"kksr-icon\" style=\"width: 24px; height: 24px;\"><\/div>         <\/div>             <div class=\"kksr-star\" style=\"padding-right: 5px\">               <div class=\"kksr-icon\" style=\"width: 24px; height: 24px;\"><\/div>         <\/div>             <div class=\"kksr-star\" style=\"padding-right: 5px\">               <div class=\"kksr-icon\" style=\"width: 24px; height: 24px;\"><\/div>         <\/div>     <\/div> <\/div>                   <div class=\"kksr-legend\" style=\"font-size: 19.2px;\">             <span class=\"kksr-muted\">Valuta questo prodotto<\/span>     <\/div>     <\/div>  <p class=\"translation-block\">La macchina per la rimozione delle piume di pollo pu\u00f2 rimuovere automaticamente i peli di pollame, tra cui pollo, anatre, oche, conigli e altri polli. Alcuni macelli e fornitori di pollo gestiscono il pollo? \u00c8 molto irrealistico usare operazioni manuali. La <a href=\"https:\/\/www.meatprocessingmachine.org\/it\/the-fastest-way-to-remove-chicken-feathers.html\/\">macchina per la spiumatura<\/a> pu\u00f2 rimuovere rapidamente le piume. Come funziona?<\/p>    <h2 class=\"wp-block-heading\">Campo di applicazione delle piume di pollo<\/h2>    <p>La macchina per la rimozione dei peli di pollo \u00e8 principalmente usata per rimuovere le piume di uccelli, come polli, anatre, oche e piccioni. Pu\u00f2 rimuovere le piume sia da polli pi\u00f9 grandi che da piccioni pi\u00f9 piccoli. La macchina ha alta efficienza e velocit\u00e0 di lavoro rapida. Adatta a alcune fattorie familiari e impianti di lavorazione della carne.<\/p>    <h2 class=\"wp-block-heading\">Caratteristiche della macchina per la rimozione delle piume di pollo<\/h2>    <p>Le caratteristiche di questo pollo con piume sono molto evidenti. La macchina \u00e8 relativamente piccola nel suo complesso ed \u00e8 pi\u00f9 adatta alle esigenze di rimuovere centinaia di polli ogni giorno, e la macchina necessita di assistenza manuale per tirare le piume. La macchina \u00e8 abbastanza raffinata, compatta, pu\u00f2 essere spostata facilmente e pu\u00f2 essere pulita. Pi\u00f9 comoda.<\/p>    <figure class=\"wp-block-gallery has-nested-images columns-default is-cropped wp-block-gallery-2 is-layout-flex wp-block-gallery-is-layout-flex\"> <figure class=\"wp-block-image size-large\"><img loading=\"lazy\" decoding=\"async\" width=\"640\" height=\"480\" data-id=\"1921\" src=\"https:\/\/www.meatprocessingmachine.org\/wp-content\/uploads\/2021\/09\/Chicken-Feather-Removal-Machine-details-4.jpg\" alt=\"\" class=\"wp-image-1921\" title=\"\" srcset=\"https:\/\/www.meatprocessingmachine.org\/wp-content\/uploads\/2021\/09\/Chicken-Feather-Removal-Machine-details-4.jpg 640w, https:\/\/www.meatprocessingmachine.org\/wp-content\/uploads\/2021\/09\/Chicken-Feather-Removal-Machine-details-4-300x225.jpg 300w\" sizes=\"auto, (max-width: 640px) 100vw, 640px\" \/><figcaption><\/figcaption><\/figure>    <figure class=\"wp-block-image size-large\"><img loading=\"lazy\" decoding=\"async\" width=\"1024\" height=\"768\" data-id=\"1922\" src=\"https:\/\/www.meatprocessingmachine.org\/wp-content\/uploads\/2021\/09\/Chicken-Feather-Removal-Machine-details-3-1024x768.jpg\" alt=\"\" class=\"wp-image-1922\" title=\"\" srcset=\"https:\/\/www.meatprocessingmachine.org\/wp-content\/uploads\/2021\/09\/Chicken-Feather-Removal-Machine-details-3-1024x768.jpg 1024w, https:\/\/www.meatprocessingmachine.org\/wp-content\/uploads\/2021\/09\/Chicken-Feather-Removal-Machine-details-3-300x225.jpg 300w, https:\/\/www.meatprocessingmachine.org\/wp-content\/uploads\/2021\/09\/Chicken-Feather-Removal-Machine-details-3-768x576.jpg 768w, https:\/\/www.meatprocessingmachine.org\/wp-content\/uploads\/2021\/09\/Chicken-Feather-Removal-Machine-details-3-1536x1152.jpg 1536w, https:\/\/www.meatprocessingmachine.org\/wp-content\/uploads\/2021\/09\/Chicken-Feather-Removal-Machine-details-3.jpg 1600w\" sizes=\"auto, (max-width: 1024px) 100vw, 1024px\" \/><figcaption><\/figcaption><\/figure> <figcaption class=\"blocks-gallery-caption\">Factory Inventory Of Feather Plucking Machine<\/figcaption><\/figure>    <p>Se vuoi lavorare in modo continuo, hai bisogno di un\u2019altra macchina, pi\u00f9 potente, che possa gestire migliaia di polli al giorno. Naturalmente, se si tratta di produzione e lavorazione generale, questa piccola macchina per la spiumatura pu\u00f2 gestirlo completamente.<\/p>    <h2 class=\"wp-block-heading\" id=\"h-blanching-machine\">Macchina per sbianchitura<\/h2>    <p>The chicken needs to be blanched before putting it into the feather plucking machine. This is more conducive to the machine&#8217;s hair removal. You can use 70\u2103 water for blanching during blanching. The blanching temperature should not be too high. The skin of the chicken is damaged in the process of plucking. If the blanching water temperature is too low, the chicken will not be so clean during plucking.<\/p>    <h2 class=\"wp-block-heading\">Principio di funzionamento della macchina per la rimozione delle piume di pollo<\/h2>    <figure class=\"wp-block-gallery has-nested-images columns-default is-cropped wp-block-gallery-3 is-layout-flex wp-block-gallery-is-layout-flex\"> <figure class=\"wp-block-image size-large\"><img loading=\"lazy\" decoding=\"async\" width=\"800\" height=\"473\" data-id=\"1927\" src=\"https:\/\/www.meatprocessingmachine.org\/wp-content\/uploads\/2021\/09\/Chicken-Feather-Removal-Machine-details-5.jpg\" alt=\"\" class=\"wp-image-1927\" title=\"\" srcset=\"https:\/\/www.meatprocessingmachine.org\/wp-content\/uploads\/2021\/09\/Chicken-Feather-Removal-Machine-details-5.jpg 800w, https:\/\/www.meatprocessingmachine.org\/wp-content\/uploads\/2021\/09\/Chicken-Feather-Removal-Machine-details-5-300x177.jpg 300w, https:\/\/www.meatprocessingmachine.org\/wp-content\/uploads\/2021\/09\/Chicken-Feather-Removal-Machine-details-5-768x454.jpg 768w\" sizes=\"auto, (max-width: 800px) 100vw, 800px\" \/><figcaption><\/figcaption><\/figure>    <figure class=\"wp-block-image size-large\"><img loading=\"lazy\" decoding=\"async\" width=\"1024\" height=\"768\" data-id=\"1928\" src=\"https:\/\/www.meatprocessingmachine.org\/wp-content\/uploads\/2021\/09\/Chicken-Feather-Removal-Machine-details-2-2-1024x768.jpg\" alt=\"\" class=\"wp-image-1928\" title=\"\" srcset=\"https:\/\/www.meatprocessingmachine.org\/wp-content\/uploads\/2021\/09\/Chicken-Feather-Removal-Machine-details-2-2-1024x768.jpg 1024w, https:\/\/www.meatprocessingmachine.org\/wp-content\/uploads\/2021\/09\/Chicken-Feather-Removal-Machine-details-2-2-300x225.jpg 300w, https:\/\/www.meatprocessingmachine.org\/wp-content\/uploads\/2021\/09\/Chicken-Feather-Removal-Machine-details-2-2-768x576.jpg 768w, https:\/\/www.meatprocessingmachine.org\/wp-content\/uploads\/2021\/09\/Chicken-Feather-Removal-Machine-details-2-2-1536x1152.jpg 1536w, https:\/\/www.meatprocessingmachine.org\/wp-content\/uploads\/2021\/09\/Chicken-Feather-Removal-Machine-details-2-2-2048x1536.jpg 2048w\" sizes=\"auto, (max-width: 1024px) 100vw, 1024px\" \/><figcaption><\/figcaption><\/figure> <figcaption class=\"blocks-gallery-caption\"> Chicken Hair Removal Machine Details<\/figcaption><\/figure>    <p>Nel tamburo della macchina per la spiumatura del pollo ci sono molti bastoni di gomma. La macchina fa ruotare continuamente il tamburo e il bastone di gomma, strofinando con il pollo. Dopo aver sbianchito il pollo, le piume si staccano facilmente. La rotazione ad alta velocit\u00e0 e l\u2019attrito con il bastone di gomma possono pulire le piume di pollo.<\/p>    <h2 class=\"wp-block-heading\">Parametri specifici della spiumatrice di pollame<\/h2>    <figure class=\"wp-block-image size-full is-resized\"><img loading=\"lazy\" decoding=\"async\" src=\"https:\/\/www.meatprocessingmachine.org\/wp-content\/uploads\/2021\/09\/Poultry-feather-removing-machine-4.png\" alt=\"Macchina per la rimozione delle piume di pollo\" class=\"wp-image-1935\" width=\"720\" height=\"540\" title=\"\"><figcaption> Macchina per la rimozione delle piume di pollame <\/figcaption><\/figure>    <figure class=\"wp-block-table\"><table><tbody><tr><td>modello<\/td><td>JQT500<\/td><td>JQT600<\/td><td>JQT800<\/td><\/tr><tr><td>dimensione<\/td><td>700*620*850<\/td><td>800*720*900<\/td><td>&nbsp;\/<\/td><\/tr><tr><td>peso<\/td><td>80<\/td><td>95<\/td><td>&nbsp;\/<\/td><\/tr><tr><td>potenza<\/td><td>0.75<\/td><td>0.75<\/td><td>7<\/td><\/tr><tr><td>Rendimento<\/td><td>1-2 pezzi\/volta<\/td><td>2-3 pezzi\/volta<\/td><td>101-2 pezzi\/volta<\/td><\/tr><\/tbody><\/table><figcaption> Parametri specifici della spiumatrice di pollame <\/figcaption><\/figure>    <h2 class=\"wp-block-heading\">Utilizzo della macchina per la rimozione delle piume di pollame:<\/h2>    <figure class=\"wp-block-gallery has-nested-images columns-default is-cropped wp-block-gallery-4 is-layout-flex wp-block-gallery-is-layout-flex\"> <figure class=\"wp-block-image size-large\"><img loading=\"lazy\" decoding=\"async\" width=\"893\" height=\"525\" data-id=\"1929\" src=\"https:\/\/www.meatprocessingmachine.org\/wp-content\/uploads\/2021\/09\/Poultry-feather-removing-machine.png\" alt=\"\" class=\"wp-image-1929\" title=\"\" srcset=\"https:\/\/www.meatprocessingmachine.org\/wp-content\/uploads\/2021\/09\/Poultry-feather-removing-machine.png 893w, https:\/\/www.meatprocessingmachine.org\/wp-content\/uploads\/2021\/09\/Poultry-feather-removing-machine-300x176.png 300w, https:\/\/www.meatprocessingmachine.org\/wp-content\/uploads\/2021\/09\/Poultry-feather-removing-machine-768x452.png 768w\" sizes=\"auto, (max-width: 893px) 100vw, 893px\" \/><figcaption><\/figcaption><\/figure>    <figure class=\"wp-block-image size-large\"><img loading=\"lazy\" decoding=\"async\" width=\"922\" height=\"868\" data-id=\"1931\" src=\"https:\/\/www.meatprocessingmachine.org\/wp-content\/uploads\/2021\/09\/Poultry-feather-removing-machine-2.png\" alt=\"\" class=\"wp-image-1931\" title=\"\" srcset=\"https:\/\/www.meatprocessingmachine.org\/wp-content\/uploads\/2021\/09\/Poultry-feather-removing-machine-2.png 922w, https:\/\/www.meatprocessingmachine.org\/wp-content\/uploads\/2021\/09\/Poultry-feather-removing-machine-2-300x282.png 300w, https:\/\/www.meatprocessingmachine.org\/wp-content\/uploads\/2021\/09\/Poultry-feather-removing-machine-2-768x723.png 768w\" sizes=\"auto, (max-width: 922px) 100vw, 922px\" \/><figcaption><\/figcaption><\/figure>    <figure class=\"wp-block-image size-large\"><img loading=\"lazy\" decoding=\"async\" width=\"790\" height=\"510\" data-id=\"1932\" src=\"https:\/\/www.meatprocessingmachine.org\/wp-content\/uploads\/2021\/09\/Poultry-feather-removing-machine-3-1.png\" alt=\"\" class=\"wp-image-1932\" title=\"\" srcset=\"https:\/\/www.meatprocessingmachine.org\/wp-content\/uploads\/2021\/09\/Poultry-feather-removing-machine-3-1.png 790w, https:\/\/www.meatprocessingmachine.org\/wp-content\/uploads\/2021\/09\/Poultry-feather-removing-machine-3-1-300x194.png 300w, https:\/\/www.meatprocessingmachine.org\/wp-content\/uploads\/2021\/09\/Poultry-feather-removing-machine-3-1-768x496.png 768w\" sizes=\"auto, (max-width: 790px) 100vw, 790px\" \/><figcaption><\/figcaption><\/figure> <figcaption class=\"blocks-gallery-caption\"> Macchina per la rimozione delle piume di pollame <\/figcaption><\/figure>    <p>4. Sbollenta il pollo e l\u2019anatra immersi in acqua calda a circa 75 gradi, mescolandoli con un bastone di legno per rendere tutto il corpo uniformemente caldo.<\/p>    <p>5. Metti i polli e le anatre scottati nella macchina, puoi mettere da 1 a 5 alla volta<\/p>    <p>6. Accendi l\u2019interruttore, avvia la macchina e, mentre funziona, aggiungi acqua al pollame, preferibilmente acqua calda. Le piume e lo sporco saranno espulsi insieme all\u2019acqua. L\u2019acqua pu\u00f2 essere riciclata e le piume saranno rimosse in un minuto. Rimuove tutta la sporcizia dalla pelle dell\u2019intero corpo.<\/p>    <p>Diffondi l\u2019amore<\/p>    <p>Shuliy<\/p>    <p>Zhengzhou Taizy Machinery Co., Ltd si occupa principalmente di macchinari per la lavorazione della carne.<\/p>    <h2 class=\"wp-block-heading\">Video della macchina per la rimozione delle piume di pollo <\/h2>    <figure class=\"wp-block-embed is-type-video is-provider-youtube wp-block-embed-youtube\"><div class=\"wp-block-embed__wrapper\"> <iframe loading=\"lazy\" title=\"Macchina per la rimozione delle piume di pollame 3 1\" width=\"500\" height=\"281\" src=\"https:\/\/www.youtube.com\/embed\/KusHLiJCVtc?feature=oembed\" frameborder=\"0\" allow=\"accelerometer; autoplay; clipboard-write; encrypted-media; gyroscope; picture-in-picture; web-share\" referrerpolicy=\"strict-origin-when-cross-origin\" allowfullscreen><\/iframe> <\/div><\/figure>","protected":false},"excerpt":{"rendered":"<p>hine can automatically remove hair from poultry, including chickens, ducks, geese, rabbits and other poultry, some slaughterhouses and chicken suppliers handle chicken? It is very unrealistic to use manual operations. The feather plucking machine can quickly remove the feathers. So how does it work?<\/p>","protected":false},"author":1,"featured_media":1985,"parent":0,"template":"","product-type":[583],"class_list":["post-1911","product","type-product","status-publish","has-post-thumbnail","hentry","product-type-chicken-turkey"],"_links":{"self":[{"href":"https:\/\/www.meatprocessingmachine.org\/it\/wp-json\/wp\/v2\/product\/1911","targetHints":{"allow":["GET"]}}],"collection":[{"href":"https:\/\/www.meatprocessingmachine.org\/it\/wp-json\/wp\/v2\/product"}],"about":[{"href":"https:\/\/www.meatprocessingmachine.org\/it\/wp-json\/wp\/v2\/types\/product"}],"author":[{"embeddable":true,"href":"https:\/\/www.meatprocessingmachine.org\/it\/wp-json\/wp\/v2\/users\/1"}],"wp:featuredmedia":[{"embeddable":true,"href":"https:\/\/www.meatprocessingmachine.org\/it\/wp-json\/wp\/v2\/media\/1985"}],"wp:attachment":[{"href":"https:\/\/www.meatprocessingmachine.org\/it\/wp-json\/wp\/v2\/media?parent=1911"}],"wp:term":[{"taxonomy":"product-type","embeddable":true,"href":"https:\/\/www.meatprocessingmachine.org\/it\/wp-json\/wp\/v2\/product-type?post=1911"}],"curies":[{"name":"wp","href":"https:\/\/api.w.org\/{rel}","templated":true}]}}