{"id":2138,"date":"2021-09-27T15:46:17","date_gmt":"2021-09-27T07:46:17","guid":{"rendered":"https:\/\/www.meatprocessingmachine.org\/?p=2138"},"modified":"2026-03-13T14:27:29","modified_gmt":"2026-03-13T06:27:29","slug":"automatic-bbq-meat-skewer-machine-kebab-making-machine","status":"publish","type":"product","link":"https:\/\/www.meatprocessingmachine.org\/it\/automatic-bbq-meat-skewer-machine-kebab-making-machine.html","title":{"rendered":"Macchina automatica per spiedini di carne BBQ | Grande macchina per kebab"},"content":{"rendered":"<div class=\"kk-star-ratings kksr-auto kksr-align-right kksr-valign-top\"     data-payload='{&quot;align&quot;:&quot;right&quot;,&quot;id&quot;:&quot;2138&quot;,&quot;slug&quot;:&quot;default&quot;,&quot;valign&quot;:&quot;top&quot;,&quot;ignore&quot;:&quot;&quot;,&quot;reference&quot;:&quot;auto&quot;,&quot;class&quot;:&quot;&quot;,&quot;count&quot;:&quot;1&quot;,&quot;legendonly&quot;:&quot;&quot;,&quot;readonly&quot;:&quot;&quot;,&quot;score&quot;:&quot;5&quot;,&quot;starsonly&quot;:&quot;&quot;,&quot;best&quot;:&quot;5&quot;,&quot;gap&quot;:&quot;5&quot;,&quot;greet&quot;:&quot;Rate this product&quot;,&quot;legend&quot;:&quot;5\\\/5 - (1 vote)&quot;,&quot;size&quot;:&quot;24&quot;,&quot;title&quot;:&quot;Automatic BBQ Meat Skewer Machine | Large Kebab Making Machine&quot;,&quot;width&quot;:&quot;142.5&quot;,&quot;_legend&quot;:&quot;{score}\\\/{best} - ({count} {votes})&quot;,&quot;font_factor&quot;:&quot;1.25&quot;}'>              <div class=\"kksr-stars\">      <div class=\"kksr-stars-inactive\">             <div class=\"kksr-star\" data-star=\"1\" style=\"padding-right: 5px\">               <div class=\"kksr-icon\" style=\"width: 24px; height: 24px;\"><\/div>         <\/div>             <div class=\"kksr-star\" data-star=\"2\" style=\"padding-right: 5px\">               <div class=\"kksr-icon\" style=\"width: 24px; height: 24px;\"><\/div>         <\/div>             <div class=\"kksr-star\" data-star=\"3\" style=\"padding-right: 5px\">               <div class=\"kksr-icon\" style=\"width: 24px; height: 24px;\"><\/div>         <\/div>             <div class=\"kksr-star\" data-star=\"4\" style=\"padding-right: 5px\">               <div class=\"kksr-icon\" style=\"width: 24px; height: 24px;\"><\/div>         <\/div>             <div class=\"kksr-star\" data-star=\"5\" style=\"padding-right: 5px\">               <div class=\"kksr-icon\" style=\"width: 24px; height: 24px;\"><\/div>         <\/div>     <\/div>      <div class=\"kksr-stars-active\" style=\"width: 142.5px;\">             <div class=\"kksr-star\" style=\"padding-right: 5px\">               <div class=\"kksr-icon\" style=\"width: 24px; height: 24px;\"><\/div>         <\/div>             <div class=\"kksr-star\" style=\"padding-right: 5px\">               <div class=\"kksr-icon\" style=\"width: 24px; height: 24px;\"><\/div>         <\/div>             <div class=\"kksr-star\" style=\"padding-right: 5px\">               <div class=\"kksr-icon\" style=\"width: 24px; height: 24px;\"><\/div>         <\/div>             <div class=\"kksr-star\" style=\"padding-right: 5px\">               <div class=\"kksr-icon\" style=\"width: 24px; height: 24px;\"><\/div>         <\/div>             <div class=\"kksr-star\" style=\"padding-right: 5px\">               <div class=\"kksr-icon\" style=\"width: 24px; height: 24px;\"><\/div>         <\/div>     <\/div> <\/div>                   <div class=\"kksr-legend\" style=\"font-size: 19.2px;\">             5\/5 - (1 voto)    <\/div>     <\/div>  <p class=\"translation-block\">La <strong><mark class=\"has-inline-color has-luminous-vivid-amber-color\">macchina per spiedini di carne alla griglia<\/mark><\/strong> \u00e8 una macchina che pu\u00f2 infilzare automaticamente la carne. Pu\u00f2 infilzare spiedini di manzo, agnello, pollo, cuore di pollo, calamari, pesce <a href=\"https:\/\/en.wikipedia.org\/wiki\/Tofu\" target=\"_blank\" rel=\"noopener\">tofu<\/a> e kelp, senza restrizioni sugli ingredienti. <\/p>   <div class=\"wp-block-image\"> <figure class=\"aligncenter size-full\"><img loading=\"lazy\" decoding=\"async\" width=\"720\" height=\"540\" src=\"https:\/\/www.meatprocessingmachine.org\/wp-content\/uploads\/2021\/09\/Automatic-BBQ-Meat-Skewer-Machine.webp\" alt=\"Macchina automatica per spiedini di carne alla griglia\" class=\"wp-image-34739\" title=\"\" srcset=\"https:\/\/www.meatprocessingmachine.org\/wp-content\/uploads\/2021\/09\/Automatic-BBQ-Meat-Skewer-Machine.webp 720w, https:\/\/www.meatprocessingmachine.org\/wp-content\/uploads\/2021\/09\/Automatic-BBQ-Meat-Skewer-Machine-300x225.webp 300w, https:\/\/www.meatprocessingmachine.org\/wp-content\/uploads\/2021\/09\/Automatic-BBQ-Meat-Skewer-Machine-16x12.webp 16w\" sizes=\"auto, (max-width: 720px) 100vw, 720px\" \/><figcaption class=\"wp-element-caption\">Macchina automatica per spiedini di carne alla griglia<\/figcaption><\/figure> <\/div>   <p class=\"translation-block\">La macchina per spiedini BBQ \u00e8 un'attrezzatura automatica progettata per una produzione efficiente di kebab. Con una capacit\u00e0 di <strong><mark class=\"has-inline-color has-luminous-vivid-amber-color\">1.800\u20133.500 spiedini all'ora<\/mark><\/strong>, migliora significativamente l'efficienza del processo e riduce i costi del lavoro. Alimentata da un motore da 25W, funziona in modo stabile ed \u00e8 adatta per uso commerciale continuo. Supporta lunghezze di spiedini da <strong><mark class=\"has-inline-color has-luminous-vivid-amber-color\">6\u201345 cm<\/mark><\/strong>, offrendo flessibilit\u00e0 per diversi formati di prodotto.<\/p>    <figure class=\"wp-block-gallery has-nested-images columns-default is-cropped wp-block-gallery-2 is-layout-flex wp-block-gallery-is-layout-flex\"> <figure class=\"wp-block-image size-large\"><img loading=\"lazy\" decoding=\"async\" width=\"720\" height=\"540\" data-id=\"34746\" src=\"https:\/\/www.meatprocessingmachine.org\/wp-content\/uploads\/2021\/09\/Grilled-Meat.webp\" alt=\"Carne alla griglia\" class=\"wp-image-34746\" title=\"\" srcset=\"https:\/\/www.meatprocessingmachine.org\/wp-content\/uploads\/2021\/09\/Grilled-Meat.webp 720w, https:\/\/www.meatprocessingmachine.org\/wp-content\/uploads\/2021\/09\/Grilled-Meat-300x225.webp 300w, https:\/\/www.meatprocessingmachine.org\/wp-content\/uploads\/2021\/09\/Grilled-Meat-16x12.webp 16w\" sizes=\"auto, (max-width: 720px) 100vw, 720px\" \/><figcaption class=\"wp-element-caption\">Carne alla griglia<\/figcaption><\/figure>    <figure class=\"wp-block-image size-large\"><img loading=\"lazy\" decoding=\"async\" width=\"720\" height=\"540\" data-id=\"34747\" src=\"https:\/\/www.meatprocessingmachine.org\/wp-content\/uploads\/2021\/09\/Grilled-Vegetables.webp\" alt=\"Verdure grigliate\" class=\"wp-image-34747\" title=\"\" srcset=\"https:\/\/www.meatprocessingmachine.org\/wp-content\/uploads\/2021\/09\/Grilled-Vegetables.webp 720w, https:\/\/www.meatprocessingmachine.org\/wp-content\/uploads\/2021\/09\/Grilled-Vegetables-300x225.webp 300w, https:\/\/www.meatprocessingmachine.org\/wp-content\/uploads\/2021\/09\/Grilled-Vegetables-16x12.webp 16w\" sizes=\"auto, (max-width: 720px) 100vw, 720px\" \/><figcaption class=\"wp-element-caption\">Verdure grigliate<\/figcaption><\/figure> <\/figure>    <p>Compatto nella struttura e con un peso di 160 kg, questa macchina \u00e8 facile da usare, salva spazio ed \u00e8 ideale per fabbriche alimentari, cucine centrali e attivit\u00e0 di lavorazione di spiedini.<\/p>    <figure class=\"wp-block-embed is-type-video is-provider-youtube wp-block-embed-youtube wp-embed-aspect-16-9 wp-has-aspect-ratio\"><div class=\"wp-block-embed__wrapper\"> <iframe loading=\"lazy\" title=\"Macchina automatica per spiedini di carne BBQ | 3.500 spiedini all&#039;ora Alta efficienza macchina per kebab \ud83d\udd25\" width=\"500\" height=\"281\" src=\"https:\/\/www.youtube.com\/embed\/VY0mMTyTBhg?feature=oembed\" frameborder=\"0\" allow=\"accelerometer; autoplay; clipboard-write; encrypted-media; gyroscope; picture-in-picture; web-share\" referrerpolicy=\"strict-origin-when-cross-origin\" allowfullscreen><\/iframe> <\/div><\/figure>    <h2 class=\"wp-block-heading\">Perch\u00e9 usare una macchina per spiedini di carne alla griglia?<\/h2>    <p>Perch\u00e9 usare una macchina per spiedini di carne? Puoi anche infilzare a mano. Tuttavia, l'esperienza a lungo termine ci dice che infilzare \u00e8 un problema nel processo di lavorazione alimentare. Il primo \u00e8 il problema della velocit\u00e0. Alcune fibre di carne sono relativamente vicine, ed \u00e8 difficile penetrare con bastoncini di bamb\u00f9, risultando in una velocit\u00e0 pi\u00f9 lenta. <\/p>    <p>Inoltre, c'\u00e8 anche un problema di igiene. Poich\u00e9 gli spiedini fatti a mano sono in contatto diretto con la carne, sar\u00e0 molto poco igienico.<\/p>    <p>La cosa pi\u00f9 importante \u00e8 la sicurezza. Sappiamo tutti che la carne ha una durata di conservazione. Se lasciata all'aperto a temperatura ambiente per molto tempo, la carne si deteriora, specialmente in estate. La macchina per infilzare \u00e8 altamente efficiente, pulita e igienica, aiutando a risolvere una serie di problemi nel processo di produzione.<\/p>   <div class=\"wp-block-image\"> <figure class=\"aligncenter size-full\"><img loading=\"lazy\" decoding=\"async\" width=\"720\" height=\"540\" src=\"https:\/\/www.meatprocessingmachine.org\/wp-content\/uploads\/2021\/09\/Large-Kebab-Making-Machine.webp\" alt=\"Grande macchina per kebab\" class=\"wp-image-34741\" title=\"\" srcset=\"https:\/\/www.meatprocessingmachine.org\/wp-content\/uploads\/2021\/09\/Large-Kebab-Making-Machine.webp 720w, https:\/\/www.meatprocessingmachine.org\/wp-content\/uploads\/2021\/09\/Large-Kebab-Making-Machine-300x225.webp 300w, https:\/\/www.meatprocessingmachine.org\/wp-content\/uploads\/2021\/09\/Large-Kebab-Making-Machine-16x12.webp 16w\" sizes=\"auto, (max-width: 720px) 100vw, 720px\" \/><figcaption class=\"wp-element-caption\">Grande macchina per kebab<\/figcaption><\/figure> <\/div>   <h2 class=\"wp-block-heading\">Ingredienti adatti per la macchina per spiedini di carne alla griglia<\/h2>    <ul class=\"wp-block-list\"> <li><strong>Carni:<\/strong> manzo, agnello, maiale, pollo, anatra e altro<\/li>    <li><strong>Frutti di mare:<\/strong> pezzi di pesce, gamberi, calamari, scallops, ecc.<\/li>    <li><strong>Verdure:<\/strong> peperoni, cipolle, funghi, melanzane, segmenti di mais, ecc.<\/li>    <li><strong>Altri articoli:<\/strong> tofu, salsicce, tortini di riso e altro<\/li> <\/ul>    <p>Questa macchina pu\u00f2 infilzare uniformemente vari ingredienti, garantendo spiedini uniformi e attraenti, adatta per barbecue, catering e applicazioni di lavorazione alimentare.<\/p>    <figure class=\"wp-block-gallery has-nested-images columns-default is-cropped wp-block-gallery-3 is-layout-flex wp-block-gallery-is-layout-flex\"> <figure class=\"wp-block-image size-large\"><img loading=\"lazy\" decoding=\"async\" width=\"720\" height=\"540\" data-id=\"34651\" src=\"https:\/\/www.meatprocessingmachine.org\/wp-content\/uploads\/2026\/02\/Fresh-Meat.webp\" alt=\"Carne fresca\" class=\"wp-image-34651\" title=\"\" srcset=\"https:\/\/www.meatprocessingmachine.org\/wp-content\/uploads\/2026\/02\/Fresh-Meat.webp 720w, https:\/\/www.meatprocessingmachine.org\/wp-content\/uploads\/2026\/02\/Fresh-Meat-300x225.webp 300w, https:\/\/www.meatprocessingmachine.org\/wp-content\/uploads\/2026\/02\/Fresh-Meat-16x12.webp 16w\" sizes=\"auto, (max-width: 720px) 100vw, 720px\" \/><figcaption class=\"wp-element-caption\">Carne fresca<\/figcaption><\/figure>    <figure class=\"wp-block-image size-large\"><img loading=\"lazy\" decoding=\"async\" width=\"720\" height=\"540\" data-id=\"34532\" src=\"https:\/\/www.meatprocessingmachine.org\/wp-content\/uploads\/2025\/12\/Back-cut-fish.webp\" alt=\"Macchina industriale di essiccazione del pesce | Macchina di essiccazione a circolazione di aria calda\" class=\"wp-image-34532\" title=\"\" srcset=\"https:\/\/www.meatprocessingmachine.org\/wp-content\/uploads\/2025\/12\/Back-cut-fish.webp 720w, https:\/\/www.meatprocessingmachine.org\/wp-content\/uploads\/2025\/12\/Back-cut-fish-300x225.webp 300w, https:\/\/www.meatprocessingmachine.org\/wp-content\/uploads\/2025\/12\/Back-cut-fish-16x12.webp 16w\" sizes=\"auto, (max-width: 720px) 100vw, 720px\" \/><figcaption class=\"wp-element-caption\">Pesce a taglio<\/figcaption><\/figure>    <figure class=\"wp-block-image size-large\"><img loading=\"lazy\" decoding=\"async\" width=\"720\" height=\"540\" data-id=\"34725\" src=\"https:\/\/www.meatprocessingmachine.org\/wp-content\/uploads\/2026\/02\/Potato-Slices.webp\" alt=\"Fette di patate\" class=\"wp-image-34725\" title=\"\" srcset=\"https:\/\/www.meatprocessingmachine.org\/wp-content\/uploads\/2026\/02\/Potato-Slices.webp 720w, https:\/\/www.meatprocessingmachine.org\/wp-content\/uploads\/2026\/02\/Potato-Slices-300x225.webp 300w, https:\/\/www.meatprocessingmachine.org\/wp-content\/uploads\/2026\/02\/Potato-Slices-16x12.webp 16w\" sizes=\"auto, (max-width: 720px) 100vw, 720px\" \/><figcaption class=\"wp-element-caption\">Fette di patate<\/figcaption><\/figure> <\/figure>    <h2 class=\"wp-block-heading\">Vantaggi della macchina per infilzare carne alla griglia<\/h2>    <div class=\"wp-block-columns is-layout-flex wp-container-core-columns-is-layout-9d6595d7 wp-block-columns-is-layout-flex\"> <div class=\"wp-block-column is-layout-flow wp-block-column-is-layout-flow\"> <p class=\"has-text-align-center translation-block\"><strong><mark class=\"has-inline-color has-luminous-vivid-amber-color\">Alta produttivit\u00e0 e funzionamento continuo<\/mark><\/strong><\/p>    <p>Produce 1.800\u20133.500 spiedini all'ora, ideale per grandi ristoranti e fabbriche di lavorazione alimentare.<\/p> <\/div>    <div class=\"wp-block-column is-layout-flow wp-block-column-is-layout-flow\"> <p class=\"has-text-align-center translation-block\"><strong><mark class=\"has-inline-color has-luminous-vivid-amber-color\">Sicuro &amp; Igienico<\/mark><\/strong><\/p>    <p>Le parti a contatto con il cibo sono realizzate in materiale PE, rispettano gli standard di sicurezza alimentare e sono facili da pulire.<\/p> <\/div> <\/div>    <div class=\"wp-block-columns is-layout-flex wp-container-core-columns-is-layout-9d6595d7 wp-block-columns-is-layout-flex\"> <div class=\"wp-block-column is-layout-flow wp-block-column-is-layout-flow\"> <p class=\"has-text-align-center translation-block\"><strong><mark class=\"has-inline-color has-luminous-vivid-amber-color\">Ingredienti versatili<\/mark><\/strong><\/p>    <p>Adatto per manzo, pollo, agnello, pesce, gamberi, verdure e altro; lunghezza degli spiedini regolabile da 6 a 45 cm.<\/p> <\/div>    <div class=\"wp-block-column is-layout-flow wp-block-column-is-layout-flow\"> <p class=\"has-text-align-center translation-block\"><strong><mark class=\"has-inline-color has-luminous-vivid-amber-color\">Risparmio sui costi del lavoro<\/mark><\/strong><\/p>    <p>Il funzionamento automatizzato riduce il lavoro manuale, aumenta l'efficienza e abbassa i costi operativi.<\/p> <\/div> <\/div>    <div class=\"wp-block-columns is-layout-flex wp-container-core-columns-is-layout-9d6595d7 wp-block-columns-is-layout-flex\"> <div class=\"wp-block-column is-layout-flow wp-block-column-is-layout-flow\"> <p class=\"has-text-align-center translation-block\"><strong><mark class=\"has-inline-color has-luminous-vivid-amber-color\">Design compatto<\/mark><\/strong><\/p>    <p>Dimensioni di 200x200x110cm e peso di 160 kg, risparmiando spazio e facilitando l'uso.<\/p> <\/div>    <div class=\"wp-block-column is-layout-flow wp-block-column-is-layout-flow\"> <p class=\"has-text-align-center translation-block\"><strong><mark class=\"has-inline-color has-luminous-vivid-amber-color\">Aumenta la redditivit\u00e0<\/mark><\/strong><\/p>    <p>Alta efficienza, basso costo e prestazioni stabili massimizzano i profitti per i trasformatori di alimenti e i ristoranti.<\/p> <\/div> <\/div>   <div class=\"wp-block-image\"> <figure class=\"aligncenter size-full\"><img loading=\"lazy\" decoding=\"async\" width=\"720\" height=\"540\" src=\"https:\/\/www.meatprocessingmachine.org\/wp-content\/uploads\/2021\/09\/Automatic-BBQ-Meat-Skewer-Machine-for-sale.webp\" alt=\"Macchina automatica per spiedini di carne in vendita\" class=\"wp-image-34738\" title=\"\" srcset=\"https:\/\/www.meatprocessingmachine.org\/wp-content\/uploads\/2021\/09\/Automatic-BBQ-Meat-Skewer-Machine-for-sale.webp 720w, https:\/\/www.meatprocessingmachine.org\/wp-content\/uploads\/2021\/09\/Automatic-BBQ-Meat-Skewer-Machine-for-sale-300x225.webp 300w, https:\/\/www.meatprocessingmachine.org\/wp-content\/uploads\/2021\/09\/Automatic-BBQ-Meat-Skewer-Machine-for-sale-16x12.webp 16w\" sizes=\"auto, (max-width: 720px) 100vw, 720px\" \/><figcaption class=\"wp-element-caption\">Macchina automatica per spiedini di carne in vendita<\/figcaption><\/figure> <\/div>   <h2 class=\"wp-block-heading\">Parametri tecnici della macchina per spiedini di carne alla griglia<\/h2>    <figure class=\"wp-block-table\"><table><tbody><tr><td>Modello<\/td><td>TZ-3500<\/td><\/tr><tr><td>Tensione<\/td><td>AC110V~220V\/50~60 HZ<\/td><\/tr><tr><td>Potenza<\/td><td>25W<\/td><\/tr><tr><td>Capacit\u00e0<\/td><td>1800-3500 spiedini\/ora<\/td><\/tr><tr><td>Pressione del compressore d'aria<\/td><td>0.6mpa<\/td><\/tr><tr><td>Lunghezza del tag<\/td><td>6~45cm<\/td><\/tr><tr><td>Diametro del tag<\/td><td>2~5mm<\/td><\/tr><tr><td>Segni<\/td><td>spiedini di legno, spiedini di bamb\u00f9, trapani in acciaio<\/td><\/tr><tr><td>Peso netto<\/td><td>160KG<\/td><\/tr><tr><td>Dimensione<\/td><td>200x200x110cm<\/td><\/tr><\/tbody><\/table><figcaption class=\"wp-element-caption\">macchina automatica per spiedini in vendita<\/figcaption><\/figure>   <div class=\"wp-block-image\"> <figure class=\"aligncenter size-full\"><img loading=\"lazy\" decoding=\"async\" width=\"720\" height=\"540\" src=\"https:\/\/www.meatprocessingmachine.org\/wp-content\/uploads\/2021\/09\/Meat-Skewering-Machine.webp\" alt=\"Macchina per infilzare carne\" class=\"wp-image-34743\" title=\"\" srcset=\"https:\/\/www.meatprocessingmachine.org\/wp-content\/uploads\/2021\/09\/Meat-Skewering-Machine.webp 720w, https:\/\/www.meatprocessingmachine.org\/wp-content\/uploads\/2021\/09\/Meat-Skewering-Machine-300x225.webp 300w, https:\/\/www.meatprocessingmachine.org\/wp-content\/uploads\/2021\/09\/Meat-Skewering-Machine-16x12.webp 16w\" sizes=\"auto, (max-width: 720px) 100vw, 720px\" \/><figcaption class=\"wp-element-caption\">Macchina per infilzare carne<\/figcaption><\/figure> <\/div>   <p>La tabella sopra mostra i dati tecnici di una delle nostre macchine per spiedini automatici pi\u00f9 vendute. Questa macchina pu\u00f2 infilzare 1800-3500 spiedini in un'ora. Soddisfa le esigenze di produzione della maggior parte dei clienti.<\/p>    <p>Ancora, abbiamo altre macchine di capacit\u00e0 produttiva in vendita. Puoi infilzare carne con spiedini di legno, bamb\u00f9 e acciaio inossidabile. Se sei interessato a questa macchina, non esitare a contattarci tramite la finestra pop-up in basso a destra.<\/p>   <div class=\"wp-block-image\"> <figure class=\"aligncenter size-full\"><img loading=\"lazy\" decoding=\"async\" width=\"720\" height=\"540\" src=\"https:\/\/www.meatprocessingmachine.org\/wp-content\/uploads\/2021\/09\/Best-Automatic-Meat-Skewer-Machine.webp\" alt=\"Migliore macchina automatica per spiedini di carne\" class=\"wp-image-34740\" title=\"\" srcset=\"https:\/\/www.meatprocessingmachine.org\/wp-content\/uploads\/2021\/09\/Best-Automatic-Meat-Skewer-Machine.webp 720w, https:\/\/www.meatprocessingmachine.org\/wp-content\/uploads\/2021\/09\/Best-Automatic-Meat-Skewer-Machine-300x225.webp 300w, https:\/\/www.meatprocessingmachine.org\/wp-content\/uploads\/2021\/09\/Best-Automatic-Meat-Skewer-Machine-16x12.webp 16w\" sizes=\"auto, (max-width: 720px) 100vw, 720px\" \/><figcaption class=\"wp-element-caption\">Migliore macchina automatica per spiedini di carne<\/figcaption><\/figure> <\/div>   <h2 class=\"wp-block-heading\">Preparazione delle materie prime<\/h2>    <p class=\"translation-block\">Prima di usare la macchina per spiedini di carne alla griglia, si effettua una selezione anticipata, come il taglio della carne in pezzi adatti. Se la produzione \u00e8 relativamente grande, pu\u00f2 essere processata da una <strong><a href=\"https:\/\/www.meatprocessingmachine.org\/it\/fresh-meat-strip-cutting-machine.html\/\">macchina per il taglio di carne fresca a strisce<\/a> <\/strong> per formare una catena di produzione completa.<\/p>   <div class=\"wp-block-image\"> <figure class=\"aligncenter size-full\"><img loading=\"lazy\" decoding=\"async\" width=\"720\" height=\"540\" src=\"https:\/\/www.meatprocessingmachine.org\/wp-content\/uploads\/2026\/02\/Fresh-Strip-Meat-Cutting-Machine.webp\" alt=\"Macchina per il taglio di carne fresca a strisce\" class=\"wp-image-34719\" title=\"\" srcset=\"https:\/\/www.meatprocessingmachine.org\/wp-content\/uploads\/2026\/02\/Fresh-Strip-Meat-Cutting-Machine.webp 720w, https:\/\/www.meatprocessingmachine.org\/wp-content\/uploads\/2026\/02\/Fresh-Strip-Meat-Cutting-Machine-300x225.webp 300w, https:\/\/www.meatprocessingmachine.org\/wp-content\/uploads\/2026\/02\/Fresh-Strip-Meat-Cutting-Machine-16x12.webp 16w\" sizes=\"auto, (max-width: 720px) 100vw, 720px\" \/><figcaption class=\"wp-element-caption\">Macchina per il taglio di carne fresca a strisce<\/figcaption><\/figure> <\/div>   <h2 class=\"wp-block-heading\">Perch\u00e9 scegliere Taizy?<\/h2>    <p class=\"translation-block\"><strong>Certificazioni autorevoli, qualit\u00e0 affidabile<\/strong><\/p>    <ul class=\"wp-block-list\"> <li>Certificato da <strong>ISO9001, CE, SGS, T\u00dcV<\/strong>, garantendo un funzionamento sicuro, prestazioni stabili e qualit\u00e0 affidabile.<\/li> <\/ul>    <p class=\"translation-block\"><strong>Completamente automatico &amp; ad alta efficienza<\/strong><\/p>    <ul class=\"wp-block-list\"> <li>Alto livello di automazione con grande capacit\u00e0 di produzione. Risparmia sui costi del lavoro ed \u00e8 ideale per la produzione di massa commerciale.<\/li> <\/ul>    <p class=\"translation-block\"><strong>Materiale di qualit\u00e0 alimentare, igienico e sicuro<\/strong><\/p>    <ul class=\"wp-block-list\"> <li>Realizzato in acciaio inossidabile di qualit\u00e0 alimentare. Resistente alla corrosione, facile da pulire e conforme agli standard di lavorazione alimentare.<\/li> <\/ul>    <p class=\"translation-block\"><strong>Applicazione multiuso<\/strong><\/p>    <ul class=\"wp-block-list\"> <li>Adatto per la lavorazione <strong>spiedini di agnello, spiedini di pollo, spiedini di manzo, polpette, verdure<\/strong>, e altro ancora.<\/li> <\/ul>    <p class=\"translation-block\"><strong>Garanzia completa e assistenza post-vendita<\/strong><\/p>    <ul class=\"wp-block-list\"> <li>Garanzia di un anno per l'intera macchina. Manuale di installazione e supporto tecnico remoto forniti. Ingegneri disponibili per installazione e messa in servizio in loco, se necessario.<\/li> <\/ul>    <p class=\"translation-block\"><strong>Facile da usare &amp; prestazioni stabili<\/strong><\/p>    <ul class=\"wp-block-list\"> <li>Design intuitivo, basso tasso di guasti, funzionamento stabile a lungo termine e maggiore rapporto qualit\u00e0-prezzo.<\/li> <\/ul>   <div class=\"wp-block-image\"> <figure class=\"aligncenter size-full\"><img loading=\"lazy\" decoding=\"async\" width=\"720\" height=\"540\" src=\"https:\/\/www.meatprocessingmachine.org\/wp-content\/uploads\/2021\/09\/Meat-Skewer-Machine-Ready-for-Shipment.webp\" alt=\"Macchina per spiedini di carne pronta per la spedizione\" class=\"wp-image-34742\" title=\"\" srcset=\"https:\/\/www.meatprocessingmachine.org\/wp-content\/uploads\/2021\/09\/Meat-Skewer-Machine-Ready-for-Shipment.webp 720w, https:\/\/www.meatprocessingmachine.org\/wp-content\/uploads\/2021\/09\/Meat-Skewer-Machine-Ready-for-Shipment-300x225.webp 300w, https:\/\/www.meatprocessingmachine.org\/wp-content\/uploads\/2021\/09\/Meat-Skewer-Machine-Ready-for-Shipment-16x12.webp 16w\" sizes=\"auto, (max-width: 720px) 100vw, 720px\" \/><figcaption class=\"wp-element-caption\">Macchina per spiedini di carne pronta per la spedizione<\/figcaption><\/figure> <\/div>   <h2 class=\"wp-block-heading\" id=\"h-faq\">FAQ<\/h2>   <div id=\"rank-math-faq\" class=\"rank-math-block\"> <div class=\"rank-math-list\"> <div id=\"faq-question-1704435305934\" class=\"rank-math-list-item\"> <h3 class=\"rank-math-question\">Qual \u00e8 la gamma di temperatura della materia prima?<\/h3> <div class=\"rank-math-answer\">  <p>La carne fresca o leggermente congelata pu\u00f2 essere a -10\u2103<\/p>  <\/div> <\/div> <div id=\"faq-question-1704435311249\" class=\"rank-math-list-item\"> <h3 class=\"rank-math-question\">La macchina per spiedini di carne alla griglia necessita di un compressore d'aria?<\/h3> <div class=\"rank-math-answer\">  <p>necessit\u00e0<\/p>  <\/div> <\/div> <div id=\"faq-question-1704435321038\" class=\"rank-math-list-item\"> <h3 class=\"rank-math-question\">\u00c8 possibile anche infilzare polpette e salsicce?<\/h3> <div class=\"rank-math-answer\">  <p>S\u00ec, puoi anche indossare alcune verdure<\/p>  <\/div> <\/div> <\/div> <\/div>","protected":false},"excerpt":{"rendered":"<p>BBQ Meat Skewer Machine can automatically skewers. Automatic skewer machine model TZ-2000 can skewer up to 2000 skewers in 1 hour.<\/p>","protected":false},"author":1,"featured_media":34750,"parent":0,"template":"","product-type":[582,583,584,598],"class_list":["post-2138","product","type-product","status-publish","has-post-thumbnail","hentry","product-type-cattle-sheep","product-type-chicken-turkey","product-type-fish","product-type-supporting-auxiliary-equipment"],"_links":{"self":[{"href":"https:\/\/www.meatprocessingmachine.org\/it\/wp-json\/wp\/v2\/product\/2138","targetHints":{"allow":["GET"]}}],"collection":[{"href":"https:\/\/www.meatprocessingmachine.org\/it\/wp-json\/wp\/v2\/product"}],"about":[{"href":"https:\/\/www.meatprocessingmachine.org\/it\/wp-json\/wp\/v2\/types\/product"}],"author":[{"embeddable":true,"href":"https:\/\/www.meatprocessingmachine.org\/it\/wp-json\/wp\/v2\/users\/1"}],"wp:featuredmedia":[{"embeddable":true,"href":"https:\/\/www.meatprocessingmachine.org\/it\/wp-json\/wp\/v2\/media\/34750"}],"wp:attachment":[{"href":"https:\/\/www.meatprocessingmachine.org\/it\/wp-json\/wp\/v2\/media?parent=2138"}],"wp:term":[{"taxonomy":"product-type","embeddable":true,"href":"https:\/\/www.meatprocessingmachine.org\/it\/wp-json\/wp\/v2\/product-type?post=2138"}],"curies":[{"name":"wp","href":"https:\/\/api.w.org\/{rel}","templated":true}]}}