{"id":2220,"date":"2021-10-20T17:09:40","date_gmt":"2021-10-20T09:09:40","guid":{"rendered":"https:\/\/www.meatprocessingmachine.org\/?p=2220"},"modified":"2026-02-12T15:59:36","modified_gmt":"2026-02-12T07:59:36","slug":"frozen-meat-block-crushing-and-grinder-line","status":"publish","type":"product","link":"https:\/\/www.meatprocessingmachine.org\/it\/frozen-meat-block-crushing-and-grinder-line.html","title":{"rendered":"Linea commerciale di frantumazione e macinazione di blocchi di carne congelata in vendita"},"content":{"rendered":"<div class=\"kk-star-ratings kksr-auto kksr-align-right kksr-valign-top\"     data-payload='{&quot;align&quot;:&quot;right&quot;,&quot;id&quot;:&quot;2220&quot;,&quot;slug&quot;:&quot;default&quot;,&quot;valign&quot;:&quot;top&quot;,&quot;ignore&quot;:&quot;&quot;,&quot;reference&quot;:&quot;auto&quot;,&quot;class&quot;:&quot;&quot;,&quot;count&quot;:&quot;0&quot;,&quot;legendonly&quot;:&quot;&quot;,&quot;readonly&quot;:&quot;&quot;,&quot;score&quot;:&quot;0&quot;,&quot;starsonly&quot;:&quot;&quot;,&quot;best&quot;:&quot;5&quot;,&quot;gap&quot;:&quot;5&quot;,&quot;greet&quot;:&quot;Rate this product&quot;,&quot;legend&quot;:&quot;0\\\/5 - (0 votes)&quot;,&quot;size&quot;:&quot;24&quot;,&quot;title&quot;:&quot;Commercial frozen meat block crushing and grinder line for sale&quot;,&quot;width&quot;:&quot;0&quot;,&quot;_legend&quot;:&quot;{score}\\\/{best} - ({count} {votes})&quot;,&quot;font_factor&quot;:&quot;1.25&quot;}'>              <div class=\"kksr-stars\">      <div class=\"kksr-stars-inactive\">             <div class=\"kksr-star\" data-star=\"1\" style=\"padding-right: 5px\">               <div class=\"kksr-icon\" style=\"width: 24px; height: 24px;\"><\/div>         <\/div>             <div class=\"kksr-star\" data-star=\"2\" style=\"padding-right: 5px\">               <div class=\"kksr-icon\" style=\"width: 24px; height: 24px;\"><\/div>         <\/div>             <div class=\"kksr-star\" data-star=\"3\" style=\"padding-right: 5px\">               <div class=\"kksr-icon\" style=\"width: 24px; height: 24px;\"><\/div>         <\/div>             <div class=\"kksr-star\" data-star=\"4\" style=\"padding-right: 5px\">               <div class=\"kksr-icon\" style=\"width: 24px; height: 24px;\"><\/div>         <\/div>             <div class=\"kksr-star\" data-star=\"5\" style=\"padding-right: 5px\">               <div class=\"kksr-icon\" style=\"width: 24px; height: 24px;\"><\/div>         <\/div>     <\/div>      <div class=\"kksr-stars-active\" style=\"width: 0px;\">             <div class=\"kksr-star\" style=\"padding-right: 5px\">               <div class=\"kksr-icon\" style=\"width: 24px; height: 24px;\"><\/div>         <\/div>             <div class=\"kksr-star\" style=\"padding-right: 5px\">               <div class=\"kksr-icon\" style=\"width: 24px; height: 24px;\"><\/div>         <\/div>             <div class=\"kksr-star\" style=\"padding-right: 5px\">               <div class=\"kksr-icon\" style=\"width: 24px; height: 24px;\"><\/div>         <\/div>             <div class=\"kksr-star\" style=\"padding-right: 5px\">               <div class=\"kksr-icon\" style=\"width: 24px; height: 24px;\"><\/div>         <\/div>             <div class=\"kksr-star\" style=\"padding-right: 5px\">               <div class=\"kksr-icon\" style=\"width: 24px; height: 24px;\"><\/div>         <\/div>     <\/div> <\/div>                   <div class=\"kksr-legend\" style=\"font-size: 19.2px;\">             <span class=\"kksr-muted\">Valuta questo prodotto<\/span>     <\/div>     <\/div>  <p class=\"translation-block\"><strong>La linea di frantumazione e macinazione dei blocchi di carne congelata<\/strong> \u00e8 un processo che pu\u00f2 frantumare grandi pezzi di carne congelata per prima cosa, e poi macinarli in una purea. Un <a href=\"https:\/\/www.meatprocessingmachine.org\/it\/products\/meat-grinding-machine\/\" data-type=\"URL\" data-id=\"https:\/\/www.meatprocessingmachine.org\/products\/meat-grinding-machine\/\">macinacarne<\/a> \u00e8 una macchina necessaria per la produzione di alimenti a base di carne, e la macchina pu\u00f2 essere lavorata dopo la lavorazione. Produzione di polpette, hamburger di salsiccia e altri prodotti.<\/p>    <h2 class=\"wp-block-heading\" id=\"h-the-composition-of-the-frozen-meat-block-crushing-and-grinder-line\">La composizione della linea di frantumazione e macinazione dei blocchi di carne congelata<\/h2>    <figure class=\"wp-block-image size-full\"><img loading=\"lazy\" decoding=\"async\" width=\"720\" height=\"540\" src=\"https:\/\/www.meatprocessingmachine.org\/wp-content\/uploads\/2021\/10\/frozen-meat-block-crushing-and-grinder-line.webp\" alt=\"frozen meat block crushing and grinder line\" class=\"wp-image-34125\" title=\"\" srcset=\"https:\/\/www.meatprocessingmachine.org\/wp-content\/uploads\/2021\/10\/frozen-meat-block-crushing-and-grinder-line.webp 720w, https:\/\/www.meatprocessingmachine.org\/wp-content\/uploads\/2021\/10\/frozen-meat-block-crushing-and-grinder-line-300x225.webp 300w\" sizes=\"auto, (max-width: 720px) 100vw, 720px\" \/><figcaption class=\"wp-element-caption\">Linea di frantumazione e macinazione dei blocchi di carne congelata<\/figcaption><\/figure>    <p class=\"translation-block\">La linea di produzione della purea di carne \u00e8 divisa in tre parti. La prima \u00e8 il <a href=\"https:\/\/www.meatprocessingmachine.org\/it\/frozen-meat-cutting-machine.html\/\" data-type=\"URL\" data-id=\"https:\/\/www.meatprocessingmachine.org\/frozen-meat-cutting-machine.html\">frantumatore di carne congelata<\/a>. I grandi pezzi di carne congelata vengono prima frantumati, poi collegati da un elevatore e infine lavorati in un macinacarne.<\/p>    <h2 class=\"wp-block-heading\">Tagliatore di blocchi di carne congelata<\/h2>   <div class=\"wp-block-image\"> <figure class=\"aligncenter\"><img loading=\"lazy\" decoding=\"async\" width=\"720\" height=\"540\" src=\"https:\/\/www.meatprocessingmachine.org\/wp-content\/uploads\/2021\/10\/Frozen-meat-blocker-cutter.jpg\" alt=\"twitter\" class=\"wp-image-2231\" title=\"\" srcset=\"https:\/\/www.meatprocessingmachine.org\/wp-content\/uploads\/2021\/10\/Frozen-meat-blocker-cutter.jpg 720w, https:\/\/www.meatprocessingmachine.org\/wp-content\/uploads\/2021\/10\/Frozen-meat-blocker-cutter-300x225.jpg 300w\" sizes=\"auto, (max-width: 720px) 100vw, 720px\" \/><figcaption class=\"wp-element-caption\">Tagliatore di blocchi di carne congelata<\/figcaption><\/figure> <\/div>   <p class=\"translation-block\">Un frantumatore di carne congelata \u00e8 una macchina che pu\u00f2 tagliare carne congelata senza ossa in pezzi o fette. L'intervallo di temperatura della carne lavorata dalla macchina \u00e8 -18\u2103\u2014-24\u2103. La macchina ha lame molto affilate e la durezza delle lame \u00e8 molto alta. , In modo da proteggere la macchina da danni durante la lavorazione di grandi pezzi di carne congelata. Quando si acquista una macchina, dobbiamo confermare la dimensione del blocco di carne congelata con il cliente. In generale, la dimensione del blocco di carne che la macchina pu\u00f2 gestire \u00e8 780mm<em>510mm<\/em>180mm, ma pu\u00f2 anche essere personalizzata in base alla dimensione della carne congelata richiesta dal cliente. <\/p>   <div class=\"wp-block-image\"> <figure class=\"aligncenter size-full\"><img loading=\"lazy\" decoding=\"async\" width=\"720\" height=\"540\" src=\"https:\/\/www.meatprocessingmachine.org\/wp-content\/uploads\/2021\/10\/Meat-Shredder-Test.png\" alt=\"Test del tritacarne\" class=\"wp-image-32725\" title=\"\" srcset=\"https:\/\/www.meatprocessingmachine.org\/wp-content\/uploads\/2021\/10\/Meat-Shredder-Test.png 720w, https:\/\/www.meatprocessingmachine.org\/wp-content\/uploads\/2021\/10\/Meat-Shredder-Test-300x225.png 300w\" sizes=\"auto, (max-width: 720px) 100vw, 720px\" \/><figcaption class=\"wp-element-caption\">Test del tritacarne<\/figcaption><\/figure> <\/div>   <p>Il principio di funzionamento della macchina \u00e8 che la macchina spinge la carne congelata in avanti attraverso il cilindro sul retro, e poi passa attraverso la lama rotante ad alta velocit\u00e0, e l'intero pezzo di carne congelata pu\u00f2 essere decomposto. L'efficienza di lavoro del frantumatore di carne congelata \u00e8 molto alta e pu\u00f2 raggiungere 3-5 tonnellate all'ora. Il macinacarne per carne congelata \u00e8 realizzato in acciaio inossidabile 304, che pu\u00f2 essere utilizzato a lungo ed \u00e8 molto resistente.<br><\/p>    <h3 class=\"wp-block-heading\">Parametri del frantumatore di carne congelata<\/h3>    <p>Tensione: 380V<br>Potenza: 5.5kw<br>Produttivit\u00e0: 3-5 tonnellate\/ora<br>Peso: 600kg<br>Dimensione del corpo: 1750\u00d7945\u00d71220 mm<\/p>    <h2 class=\"wp-block-heading\">Elevatore per fioccare blocchi congelati<\/h2>   <div class=\"wp-block-image\"> <figure class=\"aligncenter\"><img loading=\"lazy\" decoding=\"async\" width=\"720\" height=\"540\" src=\"https:\/\/www.meatprocessingmachine.org\/wp-content\/uploads\/2021\/10\/hoist.jpg\" alt=\"\" class=\"wp-image-2232\" title=\"\" srcset=\"https:\/\/www.meatprocessingmachine.org\/wp-content\/uploads\/2021\/10\/hoist.jpg 720w, https:\/\/www.meatprocessingmachine.org\/wp-content\/uploads\/2021\/10\/hoist-300x225.jpg 300w\" sizes=\"auto, (max-width: 720px) 100vw, 720px\" \/><figcaption class=\"wp-element-caption\">elevatore<\/figcaption><\/figure> <\/div>   <p>L'elevatore serve a collegare il frantumatore di carne congelata e il macinacarne, il che pu\u00f2 realizzare meglio l'automazione, risparmiare manodopera e realizzare l'alimentazione automatica del macinacarne. L'altezza e l'inclinazione dell'elevatore possono essere personalizzate in base alle caratteristiche del sito di produzione, con l'obiettivo di facilitare l'alimentazione.<\/p>    <h2 class=\"wp-block-heading\">Macchina per macinare carne congelata<\/h2>   <div class=\"wp-block-image\"> <figure class=\"aligncenter size-full\"><img loading=\"lazy\" decoding=\"async\" width=\"720\" height=\"540\" src=\"https:\/\/www.meatprocessingmachine.org\/wp-content\/uploads\/2021\/10\/meat-grinder.png\" alt=\"macinacarne\" class=\"wp-image-32723\" title=\"\" srcset=\"https:\/\/www.meatprocessingmachine.org\/wp-content\/uploads\/2021\/10\/meat-grinder.png 720w, https:\/\/www.meatprocessingmachine.org\/wp-content\/uploads\/2021\/10\/meat-grinder-300x225.png 300w\" sizes=\"auto, (max-width: 720px) 100vw, 720px\" \/><figcaption class=\"wp-element-caption\">macinacarne<\/figcaption><\/figure> <\/div>   <p>Un macinacarne per carne congelata \u00e8 una macchina dopo il frantumatore di carne congelata. Dopo essere passati attraverso il macinacarne, le fette di carne o i piccoli pezzi di carne possono essere trasformati in pasta di carne, adatta per la produzione di prodotti a base di carne come salsicce e polpette. L'uscita del macinacarne per carne congelata \u00e8 composta da un coltello di pre-taglio, una piastra forata e un reamer.<\/p>    <h3 class=\"wp-block-heading\">Parametri del macinacarne per carne congelata<\/h3>    <figure class=\"wp-block-table\"><table><tbody><tr><td><strong>modello<\/strong><strong><\/strong><\/td><td><strong>Dimensione(mm)<\/strong><strong><\/strong><\/td><td><strong>potenza<\/strong><strong><\/strong><\/td><td><strong>capacit\u00e0<\/strong><strong><\/strong><\/td><\/tr><tr><td>&nbsp;SL-100<\/td><td>&nbsp;900*600*960<\/td><td>&nbsp;5.5kw<\/td><td>300-500kg<\/td><\/tr><tr><td>&nbsp;&nbsp;SL-120<\/td><td>&nbsp;1050*600*1100&nbsp;&nbsp;<\/td><td>&nbsp;7.5kw<\/td><td>500-800kg<\/td><\/tr><tr><td>&nbsp;SL-130&nbsp;&nbsp;<\/td><td>&nbsp;1280*700*1130<\/td><td>&nbsp;8KW<\/td><td>&nbsp;800-1300kg\/h<\/td><\/tr><\/tbody><\/table><\/figure>    <h2 class=\"wp-block-heading\">Precauzioni per la linea di frantumazione e macinazione dei blocchi di carne congelata<\/h2>    <p>(1) Prima di utilizzare la nuova macchina per la prima volta, \u00e8 necessario pulire l'albero dell'elica interno, il coltello da taglio e il coltello di scarico per prevenire la presenza di olio industriale.<\/p>    <p>(2) Prima di accendere, controllare se la tensione di alimentazione corrisponde alla targhetta del dispositivo. Il guscio del dispositivo deve essere messo a terra saldamente. Si consiglia di utilizzare un protettore di dispersione per l'interruttore di alimentazione.<\/p>    <p>(3) Prima di macinare la carne, si prega di tagliare la carne in piccoli pezzi per evitare di danneggiare la macchina.<\/p>    <p>(4) Accendere l'alimentazione e aggiungere carne dopo il normale funzionamento. \u00c8 severamente vietato mettere la mano nell'imbuto durante l'aggiunta di carne, altrimenti potrebbe causare infortuni.<\/p>    <p>(5) I pezzi di carne devono essere aggiunti in modo uniforme e non eccessivo per non danneggiare il motore. Se si scopre che il motore non funziona normalmente, \u00e8 necessario staccare immediatamente l'alimentazione e controllare la causa dopo aver fermato. <\/p>    <p>(6) Spegnere l'alimentazione dopo l'uso, smontare la testa e pulirla con acqua pulita, asciugarla o asciugarla. \u00c8 meglio aspettare che l'acqua si asciughi e poi rimontarla per ottenere il miglior effetto di manutenzione. Si prega di utilizzare le quattro lame dopo aver utilizzato il coltello e di strofinare un po' di olio commestibile per la manutenzione.<\/p>    <h2 class=\"wp-block-heading\">Vantaggi della linea di frantumazione e macinazione dei blocchi di carne congelata<\/h2>    <p>Due to meat transportation and storage requirements, general meat will be frozen into a large piece of meat, which is very hard, and ordinary meat grinders cannot directly divide and mince. Therefore, the meat crusher needs to be advanced and crushed before it can be put into the meat grinder. Avoid multiple thawing, which will cause the loss of nutrients in the meat&#8217;s taste. The machine knife is very hard and can handle frozen meat at -18\u00b0C.<\/p>   <div class=\"wp-block-image\"> <figure class=\"aligncenter\"><img loading=\"lazy\" decoding=\"async\" width=\"720\" height=\"540\" src=\"https:\/\/www.meatprocessingmachine.org\/wp-content\/uploads\/2021\/10\/frozen-meat-block-crushing-and-grinder-line-application.jpg\" alt=\"Applicazione della linea di frantumazione e macinazione dei blocchi di carne congelata \" class=\"wp-image-2235\" title=\"\" srcset=\"https:\/\/www.meatprocessingmachine.org\/wp-content\/uploads\/2021\/10\/frozen-meat-block-crushing-and-grinder-line-application.jpg 720w, https:\/\/www.meatprocessingmachine.org\/wp-content\/uploads\/2021\/10\/frozen-meat-block-crushing-and-grinder-line-application-300x225.jpg 300w\" sizes=\"auto, (max-width: 720px) 100vw, 720px\" \/><figcaption class=\"wp-element-caption\">Applicazione della linea di frantumazione e macinazione dei blocchi di carne congelata<\/figcaption><\/figure> <\/div>   <p class=\"translation-block\"><strong>La linea di frantumazione e macinazione dei blocchi di carne congelata<\/strong> \u00e8 un processo che pu\u00f2 frantumare grandi pezzi di carne congelata per prima cosa, e poi macinarli in una purea. Un macinacarne \u00e8 una macchina necessaria per la produzione di alimenti a base di carne, e la macchina pu\u00f2 essere lavorata dopo la lavorazione. Produzione di polpette, hamburger di salsiccia e altri prodotti.<\/p>    <h2 class=\"wp-block-heading\">Video della linea di frantumazione e macinazione dei blocchi di carne congelata<\/h2>    <figure class=\"wp-block-embed is-type-video is-provider-youtube wp-block-embed-youtube wp-embed-aspect-16-9 wp-has-aspect-ratio\"><div class=\"wp-block-embed__wrapper\"> <iframe loading=\"lazy\" title=\"linea commerciale per la frantumazione e macinazione dei blocchi di carne congelata in vendita | fioccatore di blocchi di carne congelata\" width=\"500\" height=\"281\" src=\"https:\/\/www.youtube.com\/embed\/ZRYqmhxR3_g?start=16&#038;feature=oembed\" frameborder=\"0\" allow=\"accelerometer; autoplay; clipboard-write; encrypted-media; gyroscope; picture-in-picture; web-share\" referrerpolicy=\"strict-origin-when-cross-origin\" allowfullscreen><\/iframe> <\/div><figcaption class=\"wp-element-caption\">Video della linea di frantumazione e macinazione dei blocchi di carne congelata<\/figcaption><\/figure>    <p><\/p>","protected":false},"excerpt":{"rendered":"<p>Frozen meat block crushing and grinder line&nbsp;is a process that can crush large pieces of frozen meat first, and then grind it into the mash. A meat grinder is a necessary machine for the production of meat food processing, and the machine can be processed after processing. Production of meatballs, sausage patties, and other products. [&hellip;]<\/p>\n","protected":false},"author":1,"featured_media":2230,"parent":0,"template":"","product-type":[597],"class_list":["post-2220","product","type-product","status-publish","has-post-thumbnail","hentry","product-type-production-line"],"_links":{"self":[{"href":"https:\/\/www.meatprocessingmachine.org\/it\/wp-json\/wp\/v2\/product\/2220","targetHints":{"allow":["GET"]}}],"collection":[{"href":"https:\/\/www.meatprocessingmachine.org\/it\/wp-json\/wp\/v2\/product"}],"about":[{"href":"https:\/\/www.meatprocessingmachine.org\/it\/wp-json\/wp\/v2\/types\/product"}],"author":[{"embeddable":true,"href":"https:\/\/www.meatprocessingmachine.org\/it\/wp-json\/wp\/v2\/users\/1"}],"wp:featuredmedia":[{"embeddable":true,"href":"https:\/\/www.meatprocessingmachine.org\/it\/wp-json\/wp\/v2\/media\/2230"}],"wp:attachment":[{"href":"https:\/\/www.meatprocessingmachine.org\/it\/wp-json\/wp\/v2\/media?parent=2220"}],"wp:term":[{"taxonomy":"product-type","embeddable":true,"href":"https:\/\/www.meatprocessingmachine.org\/it\/wp-json\/wp\/v2\/product-type?post=2220"}],"curies":[{"name":"wp","href":"https:\/\/api.w.org\/{rel}","templated":true}]}}