{"id":32290,"date":"2021-11-04T11:48:54","date_gmt":"2021-11-04T03:48:54","guid":{"rendered":"https:\/\/www.meatprocessingmachine.org\/?p=32290"},"modified":"2024-06-14T15:33:32","modified_gmt":"2024-06-14T07:33:32","slug":"frozen-block-breaker-for-meat","status":"publish","type":"product","link":"https:\/\/www.meatprocessingmachine.org\/it\/frozen-block-breaker-for-meat.html","title":{"rendered":"Come si produce la carne essiccata? - Taizy Meat Processing Machinery"},"content":{"rendered":"<div class=\"kk-star-ratings kksr-auto kksr-align-right kksr-valign-top\"     data-payload='{&quot;align&quot;:&quot;right&quot;,&quot;id&quot;:&quot;32290&quot;,&quot;slug&quot;:&quot;default&quot;,&quot;valign&quot;:&quot;top&quot;,&quot;ignore&quot;:&quot;&quot;,&quot;reference&quot;:&quot;auto&quot;,&quot;class&quot;:&quot;&quot;,&quot;count&quot;:&quot;0&quot;,&quot;legendonly&quot;:&quot;&quot;,&quot;readonly&quot;:&quot;&quot;,&quot;score&quot;:&quot;0&quot;,&quot;starsonly&quot;:&quot;&quot;,&quot;best&quot;:&quot;5&quot;,&quot;gap&quot;:&quot;5&quot;,&quot;greet&quot;:&quot;Rate this product&quot;,&quot;legend&quot;:&quot;0\\\/5 - (0 votes)&quot;,&quot;size&quot;:&quot;24&quot;,&quot;title&quot;:&quot;Frozen meat block breaker for meat flaker and crusher&quot;,&quot;width&quot;:&quot;0&quot;,&quot;_legend&quot;:&quot;{score}\\\/{best} - ({count} {votes})&quot;,&quot;font_factor&quot;:&quot;1.25&quot;}'>              <div class=\"kksr-stars\">      <div class=\"kksr-stars-inactive\">             <div class=\"kksr-star\" data-star=\"1\" style=\"padding-right: 5px\">               <div class=\"kksr-icon\" style=\"width: 24px; height: 24px;\"><\/div>         <\/div>             <div class=\"kksr-star\" data-star=\"2\" style=\"padding-right: 5px\">               <div class=\"kksr-icon\" style=\"width: 24px; height: 24px;\"><\/div>         <\/div>             <div class=\"kksr-star\" data-star=\"3\" style=\"padding-right: 5px\">               <div class=\"kksr-icon\" style=\"width: 24px; height: 24px;\"><\/div>         <\/div>             <div class=\"kksr-star\" data-star=\"4\" style=\"padding-right: 5px\">               <div class=\"kksr-icon\" style=\"width: 24px; height: 24px;\"><\/div>         <\/div>             <div class=\"kksr-star\" data-star=\"5\" style=\"padding-right: 5px\">               <div class=\"kksr-icon\" style=\"width: 24px; height: 24px;\"><\/div>         <\/div>     <\/div>      <div class=\"kksr-stars-active\" style=\"width: 0px;\">             <div class=\"kksr-star\" style=\"padding-right: 5px\">               <div class=\"kksr-icon\" style=\"width: 24px; height: 24px;\"><\/div>         <\/div>             <div class=\"kksr-star\" style=\"padding-right: 5px\">               <div class=\"kksr-icon\" style=\"width: 24px; height: 24px;\"><\/div>         <\/div>             <div class=\"kksr-star\" style=\"padding-right: 5px\">               <div class=\"kksr-icon\" style=\"width: 24px; height: 24px;\"><\/div>         <\/div>             <div class=\"kksr-star\" style=\"padding-right: 5px\">               <div class=\"kksr-icon\" style=\"width: 24px; height: 24px;\"><\/div>         <\/div>             <div class=\"kksr-star\" style=\"padding-right: 5px\">               <div class=\"kksr-icon\" style=\"width: 24px; height: 24px;\"><\/div>         <\/div>     <\/div> <\/div>                   <div class=\"kksr-legend\" style=\"font-size: 19.2px;\">             <span class=\"kksr-muted\">Valuta questo prodotto<\/span>     <\/div>     <\/div>  <p>Il frantumatore di blocchi di carne congelata \u00e8 una macchina usata per dividere il pezzo intero di carne congelata e tagliarlo in pezzi. La macchina elabora carne congelata senza ossa. \u00c8 uno strumento indispensabile nel processo di lavorazione della carne. Pu\u00f2 essere usato per la pre-elaborazione del tritacarne. Nel processo di produzione di salsicce e polpette, i frantumatori di carne congelata sono usati per lavorare le materie prime.<\/p>    <h2 class=\"wp-block-heading\" id=\"h-why-use-frozen-meat-block-breaker\">Perch\u00e9 usare un frantumatore di blocchi di carne congelata?<\/h2>    <p>Il frantumatore di carne congelata pu\u00f2 garantire la freschezza della carne, evitare la perdita di nutrienti nel processo di scongelamento ripetuto, eliminare il passaggio di scongelamento e ridurre i tempi di lavorazione dei prodotti di carne. Inoltre, il congelamento ripetuto aumenta il carico sul congelatore durante la lavorazione della carne. Pu\u00f2 realizzare il collegamento stretto tra i processi, realizzando una catena industriale completa.<\/p>    <h2 class=\"wp-block-heading\">Descrizione dell'effetto del frantumatore di carne congelata<\/h2>    <p class=\"translation-block\">Il frantumatore di blocchi di carne congelata pu\u00f2 tagliare la carne congelata in fette in dieci secondi. La produzione della macchina \u00e8 molto elevata, adatta ad alcuni impianti di lavorazione alimentare. Inoltre, \u00e8 anche un'attrezzatura essenziale nel processo di produzione di raffinazione dell'olio. Le materie prime lavorate dal frantumatore di carne congelata devono essere carne congelata a -4\u00b0C-18\u00b0C, direttamente tritata in carne macinata, come pre-elaborazione del tritacarne e <a href=\"https:\/\/www.meatprocessingmachine.org\/it\/frozen-meat-grinder.html\/\">macinino per carne<\/a>.<\/p>   <div class=\"wp-block-image\"> <figure class=\"aligncenter size-full\"><img loading=\"lazy\" decoding=\"async\" width=\"720\" height=\"540\" src=\"https:\/\/www.meatprocessingmachine.org\/wp-content\/uploads\/2021\/11\/meat-flaker-machine.jpg\" alt=\" Frantumatore di carne congelata\" class=\"wp-image-32297\" title=\"\" srcset=\"https:\/\/www.meatprocessingmachine.org\/wp-content\/uploads\/2021\/11\/meat-flaker-machine.jpg 720w, https:\/\/www.meatprocessingmachine.org\/wp-content\/uploads\/2021\/11\/meat-flaker-machine-300x225.jpg 300w\" sizes=\"auto, (max-width: 720px) 100vw, 720px\" \/><figcaption class=\"wp-element-caption\"> Frantumatore di carne congelata<\/figcaption><\/figure> <\/div>   <h2 class=\"wp-block-heading\">Confronto tra carne congelata e carne fresca<\/h2>    <p>Molte persone pensano che la carne fresca sia pi\u00f9 nutriente della carne congelata. In realt\u00e0, dopo osservazioni e ricerche, la carne fresca non \u00e8 pi\u00f9 nutriente e gustosa della carne congelata. Al contrario, se la carne fresca non viene cotta o congelata in tempo, si moltiplicano molti batteri. E la carne fresca fredda viene conservata in tempo a -18\u00b0C. Dopo lo scongelamento, non influir\u00e0 sul gusto ma sar\u00e0 pi\u00f9 salutare.<\/p>    <h2 class=\"wp-block-heading\">Struttura e principio del frantumatore di carne congelata<\/h2>   <div class=\"wp-block-image\"> <figure class=\"aligncenter size-full\"><img loading=\"lazy\" decoding=\"async\" width=\"720\" height=\"540\" src=\"https:\/\/www.meatprocessingmachine.org\/wp-content\/uploads\/2021\/11\/frozen-meat-breaker.webp\" alt=\"Frantumatore di carne congelata\" class=\"wp-image-34149\" title=\"\" srcset=\"https:\/\/www.meatprocessingmachine.org\/wp-content\/uploads\/2021\/11\/frozen-meat-breaker.webp 720w, https:\/\/www.meatprocessingmachine.org\/wp-content\/uploads\/2021\/11\/frozen-meat-breaker-300x225.webp 300w\" sizes=\"auto, (max-width: 720px) 100vw, 720px\" \/><figcaption class=\"wp-element-caption\">Frantumatore di carne congelata<\/figcaption><\/figure> <\/div>   <p>Il frantumatore di blocchi di carne congelata utilizza la pressione del vapore come potenza. Il blocco di carne congelata viene spinto in avanti dal cilindro, e il coltello passa attraverso il frantoio a velocit\u00e0 costante. Il coltello ruota ad alta velocit\u00e0 per rompere la carne. L'intera macchina frantumatrice di carne congelata utilizza saldature. La lavorazione raggiunge l'effetto anti-vibrazione, le prestazioni della macchina sono stabili e il tasso di guasto \u00e8 basso.<\/p>    <h2 class=\"wp-block-heading\">Parametri del frantumatore di carne congelata<\/h2>    <p>Dimensione della carne normale: 78*510*180mm<\/p>    <p>Produttivit\u00e0: 3-5 tonnellate\/ora<\/p>    <p>Materiale: acciaio inossidabile 304<\/p>   <div class=\"wp-block-image\"> <figure class=\"aligncenter size-full\"><img loading=\"lazy\" decoding=\"async\" width=\"720\" height=\"540\" src=\"https:\/\/www.meatprocessingmachine.org\/wp-content\/uploads\/2021\/11\/details-of-frozen-block-breaker.jpg\" alt=\"details of frozen meat block breaker \" class=\"wp-image-32298\" title=\"\" srcset=\"https:\/\/www.meatprocessingmachine.org\/wp-content\/uploads\/2021\/11\/details-of-frozen-block-breaker.jpg 720w, https:\/\/www.meatprocessingmachine.org\/wp-content\/uploads\/2021\/11\/details-of-frozen-block-breaker-300x225.jpg 300w\" sizes=\"auto, (max-width: 720px) 100vw, 720px\" \/><figcaption class=\"wp-element-caption\">Dettagli della frantumatrice di carne congelata<\/figcaption><\/figure> <\/div>   <p>L'efficienza complessiva della macchina frantumatrice di carne congelata \u00e8 molto alta. La produzione media all'ora \u00e8 di 4 tonnellate. \u00c8 particolarmente adatta ad alcuni grandi impianti di lavorazione di alimenti e carne. La macchina \u00e8 realizzata in acciaio inossidabile, facile da lavare e garantisce una lunga durata.<\/p>    <h2 class=\"wp-block-heading\">Caratteristiche dell'affettatrice di carne congelata<\/h2>    <p>La macchina viene lavorata rapidamente dalla macchina, la temperatura della carne \u00e8 bassa e la freschezza della carne \u00e8 garantita<\/p>    <p>Elevata capacit\u00e0 di frantumazione, lavoro completo di frantumazione della carne congelata in pochi secondi, 3-5 tonnellate all'ora<\/p>    <p>La frantumatrice di carne congelata ha basso rumore e funzionamento stabile<\/p>   <div class=\"wp-block-image\"> <figure class=\"aligncenter size-full\"><img loading=\"lazy\" decoding=\"async\" width=\"720\" height=\"540\" src=\"https:\/\/www.meatprocessingmachine.org\/wp-content\/uploads\/2021\/11\/frozen-meat-slicer.jpg\" alt=\" affettatrice di carne congelata  \" class=\"wp-image-32299\" title=\"\" srcset=\"https:\/\/www.meatprocessingmachine.org\/wp-content\/uploads\/2021\/11\/frozen-meat-slicer.jpg 720w, https:\/\/www.meatprocessingmachine.org\/wp-content\/uploads\/2021\/11\/frozen-meat-slicer-300x225.jpg 300w\" sizes=\"auto, (max-width: 720px) 100vw, 720px\" \/><figcaption class=\"wp-element-caption\"> affettatrice di carne congelata  <\/figcaption><\/figure> <\/div>   <h2 class=\"wp-block-heading\">Precauzioni per l'installazione e la messa in funzione del frantumatore di carne congelata<\/h2>    <p>Il frantumatore di blocchi di carne congelata dovrebbe essere posizionato su un terreno pianeggiante e stabile.<\/p>    <p>La tritacarne deve essere dotata di un contenitore di ricezione per la carne<\/p>    <p>Accendere l'alimentazione del supporto del coltello che si muove su e gi\u00f9, spingere lentamente la carne congelata fuori dalla bocca di alimentazione e osservare lo spessore delle fette di carne.<\/p>    <h2 class=\"wp-block-heading\">Video del frantumatore di blocchi di carne congelata  <\/h2>    <figure class=\"wp-block-embed is-type-video is-provider-youtube wp-block-embed-youtube wp-embed-aspect-16-9 wp-has-aspect-ratio\"><div class=\"wp-block-embed__wrapper\"> <iframe loading=\"lazy\" title=\"linea commerciale per la frantumazione e macinazione dei blocchi di carne congelata in vendita | fioccatore di blocchi di carne congelata\" width=\"500\" height=\"281\" src=\"https:\/\/www.youtube.com\/embed\/ZRYqmhxR3_g?start=8&#038;feature=oembed\" frameborder=\"0\" allow=\"accelerometer; autoplay; clipboard-write; encrypted-media; gyroscope; picture-in-picture; web-share\" referrerpolicy=\"strict-origin-when-cross-origin\" allowfullscreen><\/iframe> <\/div><\/figure>","protected":false},"excerpt":{"rendered":"<p>Il frantumatore di blocchi di carne congelata \u00e8 una macchina usata per dividere il pezzo intero di carne congelata e tagliarlo in pezzi. La macchina elabora carne congelata senza ossa. \u00c8 uno strumento indispensabile nel processo di lavorazione della carne. Pu\u00f2 essere usato per la pre-elaborazione del tritacarne. Nel processo di produzione di salsicce e polpette, i frantumatori di carne congelata sono usati per lavorare le materie prime.<\/p>","protected":false},"author":1,"featured_media":32296,"parent":0,"template":"","product-type":[589],"class_list":["post-32290","product","type-product","status-publish","has-post-thumbnail","hentry","product-type-meat-cutting-machine"],"_links":{"self":[{"href":"https:\/\/www.meatprocessingmachine.org\/it\/wp-json\/wp\/v2\/product\/32290","targetHints":{"allow":["GET"]}}],"collection":[{"href":"https:\/\/www.meatprocessingmachine.org\/it\/wp-json\/wp\/v2\/product"}],"about":[{"href":"https:\/\/www.meatprocessingmachine.org\/it\/wp-json\/wp\/v2\/types\/product"}],"author":[{"embeddable":true,"href":"https:\/\/www.meatprocessingmachine.org\/it\/wp-json\/wp\/v2\/users\/1"}],"wp:featuredmedia":[{"embeddable":true,"href":"https:\/\/www.meatprocessingmachine.org\/it\/wp-json\/wp\/v2\/media\/32296"}],"wp:attachment":[{"href":"https:\/\/www.meatprocessingmachine.org\/it\/wp-json\/wp\/v2\/media?parent=32290"}],"wp:term":[{"taxonomy":"product-type","embeddable":true,"href":"https:\/\/www.meatprocessingmachine.org\/it\/wp-json\/wp\/v2\/product-type?post=32290"}],"curies":[{"name":"wp","href":"https:\/\/api.w.org\/{rel}","templated":true}]}}