{"id":32791,"date":"2022-02-08T17:11:53","date_gmt":"2022-02-08T09:11:53","guid":{"rendered":"https:\/\/www.meatprocessingmachine.org\/?p=32791"},"modified":"2024-06-17T10:15:44","modified_gmt":"2024-06-17T02:15:44","slug":"power-scrub-egg-washing-machine","status":"publish","type":"product","link":"https:\/\/www.meatprocessingmachine.org\/it\/power-scrub-egg-washing-machine.html","title":{"rendered":"Lavatrice automatica per il lavaggio delle uova | macchina potente per la pulizia delle uova"},"content":{"rendered":"<div class=\"kk-star-ratings kksr-auto kksr-align-right kksr-valign-top\"     data-payload='{&quot;align&quot;:&quot;right&quot;,&quot;id&quot;:&quot;32791&quot;,&quot;slug&quot;:&quot;default&quot;,&quot;valign&quot;:&quot;top&quot;,&quot;ignore&quot;:&quot;&quot;,&quot;reference&quot;:&quot;auto&quot;,&quot;class&quot;:&quot;&quot;,&quot;count&quot;:&quot;0&quot;,&quot;legendonly&quot;:&quot;&quot;,&quot;readonly&quot;:&quot;&quot;,&quot;score&quot;:&quot;0&quot;,&quot;starsonly&quot;:&quot;&quot;,&quot;best&quot;:&quot;5&quot;,&quot;gap&quot;:&quot;5&quot;,&quot;greet&quot;:&quot;Rate this product&quot;,&quot;legend&quot;:&quot;0\\\/5 - (0 votes)&quot;,&quot;size&quot;:&quot;24&quot;,&quot;title&quot;:&quot;Automatic egg washing machine | power scrub egg cleaning machine&quot;,&quot;width&quot;:&quot;0&quot;,&quot;_legend&quot;:&quot;{score}\\\/{best} - ({count} {votes})&quot;,&quot;font_factor&quot;:&quot;1.25&quot;}'>              <div class=\"kksr-stars\">      <div class=\"kksr-stars-inactive\">             <div class=\"kksr-star\" data-star=\"1\" style=\"padding-right: 5px\">               <div class=\"kksr-icon\" style=\"width: 24px; height: 24px;\"><\/div>         <\/div>             <div class=\"kksr-star\" data-star=\"2\" style=\"padding-right: 5px\">               <div class=\"kksr-icon\" style=\"width: 24px; height: 24px;\"><\/div>         <\/div>             <div class=\"kksr-star\" data-star=\"3\" style=\"padding-right: 5px\">               <div class=\"kksr-icon\" style=\"width: 24px; height: 24px;\"><\/div>         <\/div>             <div class=\"kksr-star\" data-star=\"4\" style=\"padding-right: 5px\">               <div class=\"kksr-icon\" style=\"width: 24px; height: 24px;\"><\/div>         <\/div>             <div class=\"kksr-star\" data-star=\"5\" style=\"padding-right: 5px\">               <div class=\"kksr-icon\" style=\"width: 24px; height: 24px;\"><\/div>         <\/div>     <\/div>      <div class=\"kksr-stars-active\" style=\"width: 0px;\">             <div class=\"kksr-star\" style=\"padding-right: 5px\">               <div class=\"kksr-icon\" style=\"width: 24px; height: 24px;\"><\/div>         <\/div>             <div class=\"kksr-star\" style=\"padding-right: 5px\">               <div class=\"kksr-icon\" style=\"width: 24px; height: 24px;\"><\/div>         <\/div>             <div class=\"kksr-star\" style=\"padding-right: 5px\">               <div class=\"kksr-icon\" style=\"width: 24px; height: 24px;\"><\/div>         <\/div>             <div class=\"kksr-star\" style=\"padding-right: 5px\">               <div class=\"kksr-icon\" style=\"width: 24px; height: 24px;\"><\/div>         <\/div>             <div class=\"kksr-star\" style=\"padding-right: 5px\">               <div class=\"kksr-icon\" style=\"width: 24px; height: 24px;\"><\/div>         <\/div>     <\/div> <\/div>                   <div class=\"kksr-legend\" style=\"font-size: 19.2px;\">             <span class=\"kksr-muted\">Valuta questo prodotto<\/span>     <\/div>     <\/div>  <p>Trasportatore della macchina per il lavaggio delle uova <\/p>    <p class=\"translation-block\">La macchina per la pulizia delle uova si divide principalmente in due parti, lavaggio e asciugatura delle uova, e ispezione leggera. Possiamo anche fornire <a href=\"https:\/\/www.meatprocessingmachine.org\/it\/egg-processing-line-for-washing-and-grading.html\/\">attrezzature di pesatura e classificazione delle uova<\/a> e macchine di codifica. Le attrezzature per il lavaggio delle uova sono adatte per aziende agricole, mercati all'ingrosso di uova e supermercati.<\/p>    <figure class=\"wp-block-image size-full\"><img loading=\"lazy\" decoding=\"async\" width=\"720\" height=\"540\" src=\"https:\/\/www.meatprocessingmachine.org\/wp-content\/uploads\/2022\/02\/egg-cleaning.png\" alt=\"macchina per la pulizia delle uova\" class=\"wp-image-32797\" title=\"\" srcset=\"https:\/\/www.meatprocessingmachine.org\/wp-content\/uploads\/2022\/02\/egg-cleaning.png 720w, https:\/\/www.meatprocessingmachine.org\/wp-content\/uploads\/2022\/02\/egg-cleaning-300x225.png 300w\" sizes=\"auto, (max-width: 720px) 100vw, 720px\" \/><figcaption class=\"wp-element-caption\">Contenuti<\/figcaption><\/figure>    <h2 class=\"wp-block-heading\">Vantaggi dell'attrezzatura per il lavaggio delle uova<\/h2>    <figure class=\"wp-block-embed is-type-video is-provider-youtube wp-block-embed-youtube wp-embed-aspect-16-9 wp-has-aspect-ratio\"><div class=\"wp-block-embed__wrapper\"> <iframe loading=\"lazy\" title=\"Potenza di pulizia con potenza | Linea di produzione per la pulizia delle uova | Come puliamo 5500 uova all&#039;ora?\" width=\"500\" height=\"281\" src=\"https:\/\/www.youtube.com\/embed\/v77eyAo-Vbk?feature=oembed\" frameborder=\"0\" allow=\"accelerometer; autoplay; clipboard-write; encrypted-media; gyroscope; picture-in-picture; web-share\" referrerpolicy=\"strict-origin-when-cross-origin\" allowfullscreen><\/iframe> <\/div><figcaption class=\"wp-element-caption\">Con pulizia automatica, una persona che depone le uova, e alta efficienza di produzione.<\/figcaption><\/figure>    <h2 class=\"wp-block-heading\">Modelli diversi di lavatrice per uova<\/h2>    <ul class=\"wp-block-list\"> <li>Struttura solida, prestazioni stabili, nessun inceppamento delle uova, nessuna caduta, lunga durata.<\/li>    <li>Utilizzando una spazzola di filo in acciaio inossidabile, la macchina per il lavaggio delle uova pu\u00f2 essere automatica e pulire.<\/li>    <li>Spruzzatura e pulizia nella scatola, pulito e senza danni.<\/li>    <li>La macchina per il lavaggio delle uova a riga singola ha una produzione ridotta, con una media di 6.000 pezzi all'ora. La macchina pu\u00f2 completare la funzione di deposizione automatica delle uova, risparmiando manodopera. La ruota di gomma per la deposizione \u00e8 in materiale POM. Il prodotto di questo materiale \u00e8 igienico, sicuro e di qualit\u00e0 garantita, molto resistente all'usura.<\/li> <\/ul>    <h2 class=\"wp-block-heading\">Modello 1: lavatrice per uova a riga singola<\/h2>    <h3 class=\"wp-block-heading\">Parametri dell'attrezzatura per il lavaggio delle uova a riga singola<\/h3>    <p>Visita alla fabbrica della lavatrice per uova a riga singola<\/p>    <figure class=\"wp-block-image size-full\"><img loading=\"lazy\" decoding=\"async\" width=\"720\" height=\"540\" src=\"https:\/\/www.meatprocessingmachine.org\/wp-content\/uploads\/2022\/02\/Single-row-egg-washing-machine-visit-factory.png\" alt=\"macchina per la pulizia delle uova a doppia fila\" class=\"wp-image-32913\" title=\"\" srcset=\"https:\/\/www.meatprocessingmachine.org\/wp-content\/uploads\/2022\/02\/Single-row-egg-washing-machine-visit-factory.png 720w, https:\/\/www.meatprocessingmachine.org\/wp-content\/uploads\/2022\/02\/Single-row-egg-washing-machine-visit-factory-300x225.png 300w\" sizes=\"auto, (max-width: 720px) 100vw, 720px\" \/><figcaption class=\"wp-element-caption\">Aspetto: 6000*1200*1500 mm<\/figcaption><\/figure>    <h4 class=\"wp-block-heading\"><strong>Modello 2: macchina per la pulizia delle uova a 2 righe<\/strong><\/h4>    <ul class=\"wp-block-list\"> <li>Efficienza: 5000-7000 pezzi\/ora<\/li>    <li>Tensione: 380V<\/li>    <li>Tensione: 380V<\/li>    <li>Rispetto alla macchina per il lavaggio delle uova a riga singola, la produzione della macchina a doppia riga \u00e8 raddoppiata, ma il principio e la struttura della macchina per la pulizia delle uova sono gli stessi, quindi si pu\u00f2 scegliere il modello in base alla quantit\u00e0 di uova da lavorare ogni giorno.<\/li> <\/ul>    <h3 class=\"wp-block-heading\">Parametri della lavatrice per uova a doppia fila<\/h3>    <p>Test di fabbrica della lavatrice per uova a doppia fila<\/p>    <figure class=\"wp-block-image size-full\"><img loading=\"lazy\" decoding=\"async\" width=\"720\" height=\"540\" src=\"https:\/\/www.meatprocessingmachine.org\/wp-content\/uploads\/2022\/02\/Double-row-egg-washing-machine-factory-test-machine.png\" alt=\"Uova sporche\" class=\"wp-image-32912\" title=\"\" srcset=\"https:\/\/www.meatprocessingmachine.org\/wp-content\/uploads\/2022\/02\/Double-row-egg-washing-machine-factory-test-machine.png 720w, https:\/\/www.meatprocessingmachine.org\/wp-content\/uploads\/2022\/02\/Double-row-egg-washing-machine-factory-test-machine-300x225.png 300w\" sizes=\"auto, (max-width: 720px) 100vw, 720px\" \/><figcaption class=\"wp-element-caption\">Aspetto: 6800*1600*1500 mm<\/figcaption><\/figure>    <h4 class=\"wp-block-heading\"><strong>Perch\u00e9 usare una lavatrice per uova?<\/strong><\/h4>    <ul class=\"wp-block-list\"> <li>Efficienza: 10.000-14.000 pezzi\/ora<\/li>    <li>Potenza totale: 12,5 kw<\/li>    <li>Tensione: 380V<\/li>    <li>A causa del gran numero di stomi distribuiti sulla superficie dell'uovo, questi microrganismi e patogeni entrano all'interno dell'uovo attraverso gli stomi e si moltiplicano in grandi quantit\u00e0. La qualit\u00e0 delle uova non solo \u00e8 gravemente compromessa, ma rappresenta anche una minaccia per la salute del consumatore.<\/li> <\/ul>    <h2 class=\"wp-block-heading\" id=\"h-why-use-an-egg-washing-machine\">I pericoli della vendita diretta di uova sporche<\/h2>    <p class=\"translation-block\">Because eggs are produced through the animal&#8217;s cloaca, many gut microbes are attached to the surface of the egg, and in a typical environment, they can be infected with a large number of disease-causing bacteria. The experiments showed that 10% of the eggs used in the experiment had <a href=\"https:\/\/en.wikipedia.org\/wiki\/Salmonella\" target=\"_blank\" rel=\"noopener\">Salmonella<\/a> on the surface, while 64% had Escherichia coli on the surface. <\/p>    <p>Uova sporche<\/p>    <h2 class=\"wp-block-heading\">Come usare la macchina per la pulizia delle uova?<\/h2>    <figure class=\"wp-block-image size-full\"><img loading=\"lazy\" decoding=\"async\" width=\"720\" height=\"540\" src=\"https:\/\/www.meatprocessingmachine.org\/wp-content\/uploads\/2022\/02\/dirty-eggs.png\" alt=\"dirty eggs\" class=\"wp-image-32794\" title=\"\" srcset=\"https:\/\/www.meatprocessingmachine.org\/wp-content\/uploads\/2022\/02\/dirty-eggs.png 720w, https:\/\/www.meatprocessingmachine.org\/wp-content\/uploads\/2022\/02\/dirty-eggs-300x225.png 300w\" sizes=\"auto, (max-width: 720px) 100vw, 720px\" \/><figcaption class=\"wp-element-caption\">Influisce sulle vendite. Molte uova non sono pulite e vengono vendute direttamente, la superficie \u00e8 sporca, e molti consumatori sono riluttanti ad acquistare uova di questo tipo.<\/figcaption><\/figure>    <ul class=\"wp-block-list\"> <li>Breve tempo di conservazione. Le uova sporche non sono pulite e ci saranno molti microrganismi sulla superficie. Durante il periodo di conservazione, l'interno delle uova viene continuamente contaminato, portando a un aumento continuo del numero di uova cattive. Le uova vengono lavate per aumentare la loro durata.<\/li>    <li>Le uova sporche sono facili da diffondere malattie. Le uova vengono direttamente escluse dagli organi riproduttivi delle galline. La superficie delle uova \u00e8 generalmente soggetta a feci, macchie di sangue, ecc., che possono facilmente inquinare l'ambiente e diffondere malattie.<\/li>    <li>Usa la macchina per il lavaggio delle uova<\/li> <\/ul>    <h2 class=\"wp-block-heading\">Componenti della macchina per la pulizia delle uova<\/h2>    <figure class=\"wp-block-image size-full\"><img loading=\"lazy\" decoding=\"async\" width=\"720\" height=\"540\" src=\"https:\/\/www.meatprocessingmachine.org\/wp-content\/uploads\/2022\/02\/egg-washing-machine-2.png\" alt=\"use egg washing machine\" class=\"wp-image-32795\" title=\"\" srcset=\"https:\/\/www.meatprocessingmachine.org\/wp-content\/uploads\/2022\/02\/egg-washing-machine-2.png 720w, https:\/\/www.meatprocessingmachine.org\/wp-content\/uploads\/2022\/02\/egg-washing-machine-2-300x225.png 300w\" sizes=\"auto, (max-width: 720px) 100vw, 720px\" \/><figcaption class=\"wp-element-caption\">La lavatrice per uova \u00e8 una macchina completamente automatica. All'ingresso delle uova c'\u00e8 un grande serbatoio d'acqua, e le uova possono essere versate direttamente nel serbatoio. Grazie alla galleggiabilit\u00e0 dell'acqua, si evita il collisione tra le uova. Le uova cadono sul nastro trasportatore e vengono trasportate alla macchina tramite il nastro. La parte di pulizia con spazzola della macchina di pulizia, dopo la pulizia, si asciuga con aria e poi si esegue un'ispezione ottica, che richiede ispezione manuale.<\/figcaption><\/figure>    <p>Macchina per la pulizia delle uova<\/p>    <h2 class=\"wp-block-heading\">Le uova a pelle morbida possono usare una lavatrice per uova? <\/h2>    <figure class=\"wp-block-image size-full\"><img loading=\"lazy\" decoding=\"async\" width=\"720\" height=\"540\" src=\"https:\/\/www.meatprocessingmachine.org\/wp-content\/uploads\/2022\/02\/egg-cleaning-machine-.png\" alt=\"spazzola per la lavatrice di uova \" class=\"wp-image-32796\" title=\"\" srcset=\"https:\/\/www.meatprocessingmachine.org\/wp-content\/uploads\/2022\/02\/egg-cleaning-machine-.png 720w, https:\/\/www.meatprocessingmachine.org\/wp-content\/uploads\/2022\/02\/egg-cleaning-machine--300x225.png 300w\" sizes=\"auto, (max-width: 720px) 100vw, 720px\" \/><figcaption class=\"wp-element-caption\">La macchina automatica per il lavaggio delle uova \u00e8 composta da un serbatoio d'acqua, un rullo per le uova, una spazzola per la pulizia e un nastro trasportatore. Il materiale del serbatoio \u00e8 acciaio inossidabile 304, facile da pulire, resistente alla corrosione e facile da mantenere. La spazzola della macchina \u00e8 realizzata con un filo curvo in materiale resistente all'usura appositamente progettato. Attraverso numerosi esperimenti, abbiamo trovato un materiale che pu\u00f2 avere una certa durezza senza danneggiare la superficie dell'uovo. Questa spazzola ha una buona capacit\u00e0 di pulizia. Il nastro trasportatore \u00e8 in PVC di qualit\u00e0 alimentare. La lavatrice per uova \u00e8 complessivamente sicura e affidabile. <\/figcaption><\/figure>    <p>Spazzola per la lavatrice di uova<\/p>    <h2 class=\"wp-block-heading\">Video della lavatrice per uova<\/h2>    <figure class=\"wp-block-image size-full\"><img loading=\"lazy\" decoding=\"async\" width=\"720\" height=\"540\" src=\"https:\/\/www.meatprocessingmachine.org\/wp-content\/uploads\/2022\/02\/egg-washing-machine-brush.png\" alt=\"macchina per la pulizia delle uova\" class=\"wp-image-32798\" title=\"\" srcset=\"https:\/\/www.meatprocessingmachine.org\/wp-content\/uploads\/2022\/02\/egg-washing-machine-brush.png 720w, https:\/\/www.meatprocessingmachine.org\/wp-content\/uploads\/2022\/02\/egg-washing-machine-brush-300x225.png 300w\" sizes=\"auto, (max-width: 720px) 100vw, 720px\" \/><figcaption class=\"wp-element-caption\">Ci sono molti fattori per la formazione di uova di anatra a guscio molle. Se la femmina di anatra \u00e8 spaventata, la carenza di calcio, D3 e altri elementi nell'alimentazione pu\u00f2 anche causare grandi aree di uova a guscio molle. Quindi, questa uova morbide possono essere lavate con una lavatrice per uova? In generale, le uova morbide sono morbide, ma il calcio in esse \u00e8 presente, e hanno ancora una certa durezza. Tuttavia, quando si usa la macchina per il lavaggio delle uova di anatra, \u00e8 ancora necessario ridurre la potenza per evitare che le uova si rompano.<\/figcaption><\/figure>    <p>Le uova di anatra a guscio molle sono meglio pulite a mano se il guscio \u00e8 molto sottile. Poich\u00e9 la macchina per la pulizia delle uova di anatra utilizza la durezza dell'uovo stesso per usare il rullo spazzola per la pulizia, se il guscio \u00e8 troppo morbido, \u00e8 probabile che venga perforato dalle setole dure del rullo spazzola.<\/p>    <p>Uova a pelle morbida<\/p>    <figure class=\"wp-block-image size-full\"><img loading=\"lazy\" decoding=\"async\" width=\"720\" height=\"540\" src=\"https:\/\/www.meatprocessingmachine.org\/wp-content\/uploads\/2022\/02\/soft-skin-eggs.png\" alt=\"soft-skin eggs\" class=\"wp-image-32801\" title=\"\" srcset=\"https:\/\/www.meatprocessingmachine.org\/wp-content\/uploads\/2022\/02\/soft-skin-eggs.png 720w, https:\/\/www.meatprocessingmachine.org\/wp-content\/uploads\/2022\/02\/soft-skin-eggs-300x225.png 300w\" sizes=\"auto, (max-width: 720px) 100vw, 720px\" \/><figcaption class=\"wp-element-caption\">Diffondi l'amore<\/figcaption><\/figure>","protected":false},"excerpt":{"rendered":"<p>Egg washing machine is a machine used to remove dirt and mud on the surface of eggs. Machine cleaning can achieve the standard of cleaning eggs. Egg washing machines can not only clean remember that, but also clean duck eggs, goose eggs, and other poultry eggs. The machine is mainly divided into two parts, egg washing and egg drying, and light inspection. We can also provide egg grading weighing equipment and coding machines. Egg cleaning equipment is suitable for farms, egg wholesale markets, and large supermarkets.<\/p>","protected":false},"author":1,"featured_media":32793,"parent":0,"template":"","product-type":[583],"class_list":["post-32791","product","type-product","status-publish","has-post-thumbnail","hentry","product-type-chicken-turkey"],"_links":{"self":[{"href":"https:\/\/www.meatprocessingmachine.org\/it\/wp-json\/wp\/v2\/product\/32791","targetHints":{"allow":["GET"]}}],"collection":[{"href":"https:\/\/www.meatprocessingmachine.org\/it\/wp-json\/wp\/v2\/product"}],"about":[{"href":"https:\/\/www.meatprocessingmachine.org\/it\/wp-json\/wp\/v2\/types\/product"}],"author":[{"embeddable":true,"href":"https:\/\/www.meatprocessingmachine.org\/it\/wp-json\/wp\/v2\/users\/1"}],"wp:featuredmedia":[{"embeddable":true,"href":"https:\/\/www.meatprocessingmachine.org\/it\/wp-json\/wp\/v2\/media\/32793"}],"wp:attachment":[{"href":"https:\/\/www.meatprocessingmachine.org\/it\/wp-json\/wp\/v2\/media?parent=32791"}],"wp:term":[{"taxonomy":"product-type","embeddable":true,"href":"https:\/\/www.meatprocessingmachine.org\/it\/wp-json\/wp\/v2\/product-type?post=32791"}],"curies":[{"name":"wp","href":"https:\/\/api.w.org\/{rel}","templated":true}]}}