{"id":33820,"date":"2022-07-05T09:26:10","date_gmt":"2022-07-05T01:26:10","guid":{"rendered":"https:\/\/www.meatprocessingmachine.org\/?p=33820"},"modified":"2026-02-12T16:48:50","modified_gmt":"2026-02-12T08:48:50","slug":"burger-meat-patty-making-machine-meatloaf-forming-machine","status":"publish","type":"product","link":"https:\/\/www.meatprocessingmachine.org\/it\/burger-meat-patty-making-machine-meatloaf-forming-machine.html","title":{"rendered":"Macchina per la preparazione di hamburger di carne | Macchina per la formazione di polpette"},"content":{"rendered":"<div class=\"kk-star-ratings kksr-auto kksr-align-right kksr-valign-top\"     data-payload='{&quot;align&quot;:&quot;right&quot;,&quot;id&quot;:&quot;33820&quot;,&quot;slug&quot;:&quot;default&quot;,&quot;valign&quot;:&quot;top&quot;,&quot;ignore&quot;:&quot;&quot;,&quot;reference&quot;:&quot;auto&quot;,&quot;class&quot;:&quot;&quot;,&quot;count&quot;:&quot;0&quot;,&quot;legendonly&quot;:&quot;&quot;,&quot;readonly&quot;:&quot;&quot;,&quot;score&quot;:&quot;0&quot;,&quot;starsonly&quot;:&quot;&quot;,&quot;best&quot;:&quot;5&quot;,&quot;gap&quot;:&quot;5&quot;,&quot;greet&quot;:&quot;Rate this product&quot;,&quot;legend&quot;:&quot;0\\\/5 - (0 votes)&quot;,&quot;size&quot;:&quot;24&quot;,&quot;title&quot;:&quot;Burger meat patty-making machine | meatloaf forming machine&quot;,&quot;width&quot;:&quot;0&quot;,&quot;_legend&quot;:&quot;{score}\\\/{best} - ({count} {votes})&quot;,&quot;font_factor&quot;:&quot;1.25&quot;}'>              <div class=\"kksr-stars\">      <div class=\"kksr-stars-inactive\">             <div class=\"kksr-star\" data-star=\"1\" style=\"padding-right: 5px\">               <div class=\"kksr-icon\" style=\"width: 24px; height: 24px;\"><\/div>         <\/div>             <div class=\"kksr-star\" data-star=\"2\" style=\"padding-right: 5px\">               <div class=\"kksr-icon\" style=\"width: 24px; height: 24px;\"><\/div>         <\/div>             <div class=\"kksr-star\" data-star=\"3\" style=\"padding-right: 5px\">               <div class=\"kksr-icon\" style=\"width: 24px; height: 24px;\"><\/div>         <\/div>             <div class=\"kksr-star\" data-star=\"4\" style=\"padding-right: 5px\">               <div class=\"kksr-icon\" style=\"width: 24px; height: 24px;\"><\/div>         <\/div>             <div class=\"kksr-star\" data-star=\"5\" style=\"padding-right: 5px\">               <div class=\"kksr-icon\" style=\"width: 24px; height: 24px;\"><\/div>         <\/div>     <\/div>      <div class=\"kksr-stars-active\" style=\"width: 0px;\">             <div class=\"kksr-star\" style=\"padding-right: 5px\">               <div class=\"kksr-icon\" style=\"width: 24px; height: 24px;\"><\/div>         <\/div>             <div class=\"kksr-star\" style=\"padding-right: 5px\">               <div class=\"kksr-icon\" style=\"width: 24px; height: 24px;\"><\/div>         <\/div>             <div class=\"kksr-star\" style=\"padding-right: 5px\">               <div class=\"kksr-icon\" style=\"width: 24px; height: 24px;\"><\/div>         <\/div>             <div class=\"kksr-star\" style=\"padding-right: 5px\">               <div class=\"kksr-icon\" style=\"width: 24px; height: 24px;\"><\/div>         <\/div>             <div class=\"kksr-star\" style=\"padding-right: 5px\">               <div class=\"kksr-icon\" style=\"width: 24px; height: 24px;\"><\/div>         <\/div>     <\/div> <\/div>                   <div class=\"kksr-legend\" style=\"font-size: 19.2px;\">             <span class=\"kksr-muted\">Valuta questo prodotto<\/span>     <\/div>     <\/div>  <p>La macchina automatica per la formatura di hamburger pu\u00f2 formare rapidamente hamburger, e la loro forma pu\u00f2 essere personalizzata. Ad esempio, pu\u00f2 produrre hamburger a forma di stella e di coscia di pollo. Pu\u00f2 essere realizzato cambiando lo stampo della macchina. La macchina per la formatura di hamburger pu\u00f2 lavorare con carne di manzo, pollo, pesce, gamberi, patate e zucche, e altri ingredienti, adatta a lavorazioni di carne, ristoranti, mense, negozi di hamburger e altri luoghi. <\/p>    <figure class=\"wp-block-gallery has-nested-images columns-default is-cropped wp-block-gallery-2 is-layout-flex wp-block-gallery-is-layout-flex\"> <figure class=\"wp-block-image size-large\"><img loading=\"lazy\" decoding=\"async\" width=\"720\" height=\"540\" data-id=\"33833\" src=\"https:\/\/www.meatprocessingmachine.org\/wp-content\/uploads\/2022\/07\/SPB51005-raw-stacked-burgers-1.png\" alt=\"\" class=\"wp-image-33833\" title=\"\"><figcaption><\/figcaption><\/figure>    <figure class=\"wp-block-image size-large\"><img loading=\"lazy\" decoding=\"async\" width=\"720\" height=\"540\" data-id=\"33834\" src=\"https:\/\/www.meatprocessingmachine.org\/wp-content\/uploads\/2022\/07\/\u56fe\u72478.png\" alt=\"\" class=\"wp-image-33834\" title=\"\"><figcaption><\/figcaption><\/figure>    <figure class=\"wp-block-image size-large\"><img loading=\"lazy\" decoding=\"async\" width=\"720\" height=\"540\" data-id=\"33835\" src=\"https:\/\/www.meatprocessingmachine.org\/wp-content\/uploads\/2022\/07\/OIP.png\" alt=\"\" class=\"wp-image-33835\" title=\"\"><figcaption><\/figcaption><\/figure>    <figure class=\"wp-block-image size-large\"><img loading=\"lazy\" decoding=\"async\" width=\"720\" height=\"540\" data-id=\"33836\" src=\"https:\/\/www.meatprocessingmachine.org\/wp-content\/uploads\/2022\/07\/O1CN01l84kae1SohFGTSCiS_845992294.jpg_400x400-\u526f\u672c.png\" alt=\"\" class=\"wp-image-33836\" title=\"\"><figcaption><\/figcaption><\/figure>    <figure class=\"wp-block-image size-large\"><img loading=\"lazy\" decoding=\"async\" width=\"720\" height=\"540\" data-id=\"33837\" src=\"https:\/\/www.meatprocessingmachine.org\/wp-content\/uploads\/2022\/07\/\u56fe\u72471.png\" alt=\"\" class=\"wp-image-33837\" title=\"\"><figcaption><\/figcaption><\/figure>    <figure class=\"wp-block-image size-large\"><img loading=\"lazy\" decoding=\"async\" width=\"720\" height=\"540\" data-id=\"33838\" src=\"https:\/\/www.meatprocessingmachine.org\/wp-content\/uploads\/2022\/07\/u2057661609210569391fm199app68fPNG.png\" alt=\"\" class=\"wp-image-33838\" title=\"\"><figcaption><\/figcaption><\/figure> <\/figure>    <h2 class=\"wp-block-heading\" id=\"h-ingredients-for-burger-meat-patty-making-machine\">Ingredienti per la macchina di formatura di hamburger<\/h2>   <div class=\"wp-block-image\"> <figure class=\"aligncenter size-full is-resized\"><img decoding=\"async\" src=\"https:\/\/www.meatprocessingmachine.org\/wp-content\/uploads\/2022\/07\/058fc544f0069cfd5496d497c978d99.jpg\" alt=\"Macchina per la pressatura di hamburger di manzo\" class=\"wp-image-33824\" width=\"720\" title=\"\"><figcaption class=\"wp-element-caption\">Burger Meat Patty-Making Machine<\/figcaption><\/figure> <\/div>   <p>Le materie prime sono adatte alla macchina di formatura: vari tipi di carne, tra cui pollo, manzo, agnello e maiale; prodotti ittici, pesce, gamberi, calamari e salmone; pu\u00f2 anche lavorare con torte di verdure, come patate, patate dolci, zucche, carote, fagioli verdi, fagioli rossi, fave, soia, per un equilibrio nutrizionale, pu\u00f2 anche essere mescolato con carne, pesce e verdure. Le polpette lavorate possono essere messe negli hamburger.<\/p>    <h2 class=\"wp-block-heading\">Come usare una macchina per la formatura di hamburger?<\/h2>   <div class=\"wp-block-image\"> <figure class=\"aligncenter size-full\"><img loading=\"lazy\" decoding=\"async\" width=\"720\" height=\"540\" src=\"https:\/\/www.meatprocessingmachine.org\/wp-content\/uploads\/2022\/07\/u19631668031616309069fm199app68fPNG.png\" alt=\"Macchina per la pressatura di hamburger di manzo\" class=\"wp-image-33825\" title=\"\"><figcaption class=\"wp-element-caption\">Macchina per la pressatura di hamburger di manzo<\/figcaption><\/figure> <\/div>   <p>Prima che la macchina per la produzione di hamburger inizi a lavorare, installare prima lo stampo per la formazione del tamburo di hamburger, poi aprire il coperchio del tamburo del materiale, installare la palette di pressatura della carne nel tamburo del materiale, e aggiungere il ripieno di carne preparato nel tamburo del materiale. Infine avviare la macchina per la formatura. Dopo che la macchina \u00e8 in funzione, la lama di pressatura della carne nel tamburo ruota insieme ad essa e preme continuamente il materiale di carne nella matrice di formatura. La matrice viene poi tagliata sulla cintura trasportatrice con il filo di acciaio per formare un ciclo di lavoro di formatura e output della carne<\/p>    <h2 class=\"wp-block-heading\">Attrezzature di produzione per la formatura di hamburger<\/h2>   <div class=\"wp-block-image\"> <figure class=\"aligncenter size-full\"><img loading=\"lazy\" decoding=\"async\" width=\"720\" height=\"540\" src=\"https:\/\/www.meatprocessingmachine.org\/wp-content\/uploads\/2022\/07\/u15355109621088436437fm199app68fJPEG.png\" alt=\"macchina per hamburger\" class=\"wp-image-33826\" title=\"\"><figcaption class=\"wp-element-caption\">Macchina per hamburger <\/figcaption><\/figure> <\/div>   <p class=\"translation-block\">La macchina automatica per la formatura di hamburger trasforma la carne macinata nella forma e nel peso desiderati, che possono essere triangolari, rettangolari, circolari, a forma di cuore e di forma speciale, completando automaticamente i processi di riempimento, formatura e output della carne. <a href=\"https:\/\/www.meatprocessingmachine.org\/it\/chicken-bone-grinder-best-meat-grinder-for-grinding-bones.html\/\">Un tritacarne<\/a> pu\u00f2 essere posizionato davanti alla macchina di formatura per tritare la carne, e poi pu\u00f2 essere inserito nel <a href=\"https:\/\/www.meatprocessingmachine.org\/it\/good-quality-meat-food-stuffing-mixer.html\/\">mixer di carne<\/a>, e si possono aggiungere condimenti e altre verdure, e la macchina pu\u00f2 realizzare la miscelazione automatica. Pu\u00f2 essere fritta o surgelata rapidamente, e dopo il processo pu\u00f2 anche essere sottovuoto, e <a href=\"https:\/\/www.meatprocessingmachine.org\/it\/single-chamber-vacuum-packaging-machine.html\/\">sottovuoto<\/a> pu\u00f2 essere usato per prolungare la durata del cibo. In questo modo, usare macchinari invece del lavoro pu\u00f2 velocizzare il processo di produzione.<\/p>    <h2 class=\"wp-block-heading\">Perch\u00e9 la macchina per la pressatura di hamburger pu\u00f2 produrre forme diverse di hamburger<\/h2>    <figure class=\"wp-block-gallery has-nested-images columns-2 is-cropped wp-block-gallery-3 is-layout-flex wp-block-gallery-is-layout-flex\"> <figure class=\"wp-block-image size-large\"><img loading=\"lazy\" decoding=\"async\" width=\"720\" height=\"540\" data-id=\"33827\" src=\"https:\/\/www.meatprocessingmachine.org\/wp-content\/uploads\/2022\/07\/422919056768911247.png\" alt=\"meatloaf forming machine mold\" class=\"wp-image-33827\" title=\"\"><figcaption class=\"wp-element-caption\">Stampo per macchina di formatura di polpette di carne<\/figcaption><\/figure>    <figure class=\"wp-block-image size-large\"><img loading=\"lazy\" decoding=\"async\" width=\"720\" height=\"540\" data-id=\"33828\" src=\"https:\/\/www.meatprocessingmachine.org\/wp-content\/uploads\/2022\/07\/542820201130200308.png\" alt=\"meatloaf forming machine mold\" class=\"wp-image-33828\" title=\"\"><figcaption class=\"wp-element-caption\">Stampo per macchina di formatura di polpette di carne<\/figcaption><\/figure>    <figure class=\"wp-block-image size-large\"><img loading=\"lazy\" decoding=\"async\" width=\"720\" height=\"540\" data-id=\"33829\" src=\"https:\/\/www.meatprocessingmachine.org\/wp-content\/uploads\/2022\/07\/\u5fae\u4fe1\u622a\u56fe_20220704102149.png\" alt=\"heart shape meat patty\" class=\"wp-image-33829\" title=\"\"><figcaption class=\"wp-element-caption\">Hamburger a forma di cuore<\/figcaption><\/figure>    <figure class=\"wp-block-image size-large\"><img loading=\"lazy\" decoding=\"async\" width=\"720\" height=\"540\" data-id=\"33830\" src=\"https:\/\/www.meatprocessingmachine.org\/wp-content\/uploads\/2022\/07\/0.147.png\" alt=\"round meat patty\" class=\"wp-image-33830\" title=\"\"><figcaption class=\"wp-element-caption\">Hamburger rotondo<\/figcaption><\/figure> <\/figure>    <p>Le macchine per hamburger possono produrre hamburger rotondi, triangolari, quadrati, a forma di cuore e a forma di stella. Perch\u00e9 una macchina pu\u00f2 creare cos\u00ec tante forme diverse di hamburger? La ragione \u00e8 che gli stampi della macchina possono essere sostituiti cambiando gli stampi diversi, e la macchina di formatura di polpette pu\u00f2 realizzare hamburger di forme diverse.<\/p>    <h2 class=\"wp-block-heading\">Parametri della macchina di formatura di polpette<\/h2>    <p>Dimensioni: 850*600*1400mm<\/p>    <p>Peso: 100kg<\/p>    <p>Tensione: 380V 50hz trifase, tensione a 220V pu\u00f2 essere modificata, \u00e8 richiesta la trifase;<\/p>    <p>Potenza: 0.55kw<\/p>    <h2 class=\"wp-block-heading\">Vantaggi della macchina di formatura di polpette<\/h2>   <div class=\"wp-block-image\"> <figure class=\"aligncenter size-full\"><img loading=\"lazy\" decoding=\"async\" width=\"720\" height=\"540\" src=\"https:\/\/www.meatprocessingmachine.org\/wp-content\/uploads\/2022\/07\/\u5fae\u4fe1\u622a\u56fe_20220704102242.png\" alt=\"Macchina per la lavorazione di hamburger di carne\" class=\"wp-image-33832\" title=\"\"><figcaption class=\"wp-element-caption\">Macchina per la lavorazione di hamburger di carne<\/figcaption><\/figure> <\/div>   <p>1. La macchina per la produzione di hamburger utilizza un controller plc, che pu\u00f2 assegnare le funzioni correlate da solo<\/p>    <p>2. Corpo in acciaio inossidabile, non facile da arrugginire, pu\u00f2 essere usato a lungo<\/p>    <p>3. La macchina per la pressatura di hamburger di manzo ha alta efficienza, velocit\u00e0 stabile e forma e dimensione uniformi delle polpette.<\/p>    <p>4. Stampi personalizzati per hamburger, che possono produrre varie forme, belle e creative<\/p>   <div class=\"wp-block-image\"> <figure class=\"aligncenter size-full\"><img loading=\"lazy\" decoding=\"async\" width=\"720\" height=\"540\" src=\"https:\/\/www.meatprocessingmachine.org\/wp-content\/uploads\/2022\/07\/\u5fae\u4fe1\u622a\u56fe_20220704102020.png\" alt=\"Macchina per la lavorazione di hamburger di carne\" class=\"wp-image-33839\" title=\"\"><figcaption class=\"wp-element-caption\">Macchina per la lavorazione di hamburger di carne<\/figcaption><\/figure> <\/div>   <h2 class=\"wp-block-heading\">Video della macchina per la formatura di hamburger<\/h2>    <figure class=\"wp-block-embed aligncenter is-type-video is-provider-youtube wp-block-embed-youtube\"><div class=\"wp-block-embed__wrapper\"> <iframe loading=\"lazy\" title=\"Nuova macchina per hamburger del 2022 | macchina automatica per la formatura di hamburger | lavorazione della carne\" width=\"500\" height=\"281\" src=\"https:\/\/www.youtube.com\/embed\/4TSWc6f6DOY?feature=oembed\" frameborder=\"0\" allow=\"accelerometer; autoplay; clipboard-write; encrypted-media; gyroscope; picture-in-picture; web-share\" referrerpolicy=\"strict-origin-when-cross-origin\" allowfullscreen><\/iframe> <\/div><\/figure>","protected":false},"excerpt":{"rendered":"<p>La macchina automatica per la formatura di hamburger pu\u00f2 formare rapidamente hamburger, e la loro forma pu\u00f2 essere personalizzata. Ad esempio, pu\u00f2 produrre hamburger a forma di stella e di coscia di pollo. Pu\u00f2 essere realizzato cambiando lo stampo della macchina. La macchina per la formatura di hamburger pu\u00f2 lavorare con carne di manzo, pollo, pesce, gamberi, patate e zucche, e altri ingredienti, adatta a lavorazioni di carne, ristoranti, mense, negozi di hamburger e altri luoghi. <\/p>","protected":false},"author":1,"featured_media":34114,"parent":0,"template":"","product-type":[582,583,584],"class_list":["post-33820","product","type-product","status-publish","has-post-thumbnail","hentry","product-type-cattle-sheep","product-type-chicken-turkey","product-type-fish"],"_links":{"self":[{"href":"https:\/\/www.meatprocessingmachine.org\/it\/wp-json\/wp\/v2\/product\/33820","targetHints":{"allow":["GET"]}}],"collection":[{"href":"https:\/\/www.meatprocessingmachine.org\/it\/wp-json\/wp\/v2\/product"}],"about":[{"href":"https:\/\/www.meatprocessingmachine.org\/it\/wp-json\/wp\/v2\/types\/product"}],"author":[{"embeddable":true,"href":"https:\/\/www.meatprocessingmachine.org\/it\/wp-json\/wp\/v2\/users\/1"}],"wp:featuredmedia":[{"embeddable":true,"href":"https:\/\/www.meatprocessingmachine.org\/it\/wp-json\/wp\/v2\/media\/34114"}],"wp:attachment":[{"href":"https:\/\/www.meatprocessingmachine.org\/it\/wp-json\/wp\/v2\/media?parent=33820"}],"wp:term":[{"taxonomy":"product-type","embeddable":true,"href":"https:\/\/www.meatprocessingmachine.org\/it\/wp-json\/wp\/v2\/product-type?post=33820"}],"curies":[{"name":"wp","href":"https:\/\/api.w.org\/{rel}","templated":true}]}}