{"id":53,"date":"2018-10-25T03:50:05","date_gmt":"2018-10-24T19:50:05","guid":{"rendered":"http:\/\/www.meatprocessingmachine.org\/?p=53"},"modified":"2026-02-12T16:43:38","modified_gmt":"2026-02-12T08:43:38","slug":"meat-saline-injection-machine","status":"publish","type":"product","link":"https:\/\/www.meatprocessingmachine.org\/it\/meat-saline-injection-machine.html","title":{"rendered":"Macchina per iniezione di salamoia | macchina per iniezione di soluzione salina"},"content":{"rendered":"<div class=\"kk-star-ratings kksr-auto kksr-align-right kksr-valign-top\"     data-payload='{&quot;align&quot;:&quot;right&quot;,&quot;id&quot;:&quot;53&quot;,&quot;slug&quot;:&quot;default&quot;,&quot;valign&quot;:&quot;top&quot;,&quot;ignore&quot;:&quot;&quot;,&quot;reference&quot;:&quot;auto&quot;,&quot;class&quot;:&quot;&quot;,&quot;count&quot;:&quot;0&quot;,&quot;legendonly&quot;:&quot;&quot;,&quot;readonly&quot;:&quot;&quot;,&quot;score&quot;:&quot;0&quot;,&quot;starsonly&quot;:&quot;&quot;,&quot;best&quot;:&quot;5&quot;,&quot;gap&quot;:&quot;5&quot;,&quot;greet&quot;:&quot;Rate this product&quot;,&quot;legend&quot;:&quot;0\\\/5 - (0 votes)&quot;,&quot;size&quot;:&quot;24&quot;,&quot;title&quot;:&quot;Brine injector machine | saline injection machine&quot;,&quot;width&quot;:&quot;0&quot;,&quot;_legend&quot;:&quot;{score}\\\/{best} - ({count} {votes})&quot;,&quot;font_factor&quot;:&quot;1.25&quot;}'>              <div class=\"kksr-stars\">      <div class=\"kksr-stars-inactive\">             <div class=\"kksr-star\" data-star=\"1\" style=\"padding-right: 5px\">               <div class=\"kksr-icon\" style=\"width: 24px; height: 24px;\"><\/div>         <\/div>             <div class=\"kksr-star\" data-star=\"2\" style=\"padding-right: 5px\">               <div class=\"kksr-icon\" style=\"width: 24px; height: 24px;\"><\/div>         <\/div>             <div class=\"kksr-star\" data-star=\"3\" style=\"padding-right: 5px\">               <div class=\"kksr-icon\" style=\"width: 24px; height: 24px;\"><\/div>         <\/div>             <div class=\"kksr-star\" data-star=\"4\" style=\"padding-right: 5px\">               <div class=\"kksr-icon\" style=\"width: 24px; height: 24px;\"><\/div>         <\/div>             <div class=\"kksr-star\" data-star=\"5\" style=\"padding-right: 5px\">               <div class=\"kksr-icon\" style=\"width: 24px; height: 24px;\"><\/div>         <\/div>     <\/div>      <div class=\"kksr-stars-active\" style=\"width: 0px;\">             <div class=\"kksr-star\" style=\"padding-right: 5px\">               <div class=\"kksr-icon\" style=\"width: 24px; height: 24px;\"><\/div>         <\/div>             <div class=\"kksr-star\" style=\"padding-right: 5px\">               <div class=\"kksr-icon\" style=\"width: 24px; height: 24px;\"><\/div>         <\/div>             <div class=\"kksr-star\" style=\"padding-right: 5px\">               <div class=\"kksr-icon\" style=\"width: 24px; height: 24px;\"><\/div>         <\/div>             <div class=\"kksr-star\" style=\"padding-right: 5px\">               <div class=\"kksr-icon\" style=\"width: 24px; height: 24px;\"><\/div>         <\/div>             <div class=\"kksr-star\" style=\"padding-right: 5px\">               <div class=\"kksr-icon\" style=\"width: 24px; height: 24px;\"><\/div>         <\/div>     <\/div> <\/div>                   <div class=\"kksr-legend\" style=\"font-size: 19.2px;\">             <span class=\"kksr-muted\">Valuta questo prodotto<\/span>     <\/div>     <\/div> <p>Questa macchina di iniezione salina serve per iniettare salamoia, amido, proteine di soia e altri materiali ausiliari nella carne per una marinatura completa. Basata su tecnologia avanzata e dispositivo meccanico, pu\u00f2 realizzare una marinatura rapida, migliorare il gusto, mantenere le propriet\u00e0 nutritive della carne, ecc.<\/p> <h2>Principio di funzionamento della macchina di iniezione salina automatica<\/h2> <p>\u00a0 1. La macchina di iniezione salina utilizza un passo a forma di dente per alimentare la carne, con una distanza di passo precisa. I materiali della carne usano tre barre a griglia smontabili per supportare, e l'ago di ingresso utilizza una molla per controllare, in modo da iniettare la carne con osso.<\/p> <p>\u00a0 2. Questa macchina pu\u00f2 regolare la velocit\u00e0 di passo, la distanza di passo, lo spazio della piastra di pressatura della carne e la pressione di iniezione, per ottenere l'effetto desiderato.<\/p> <p>\u00a0 3. Questa macchina utilizza una filtrazione a quattro livelli per prevenire l'ostruzione dell'ago, \u00e8 l'attrezzatura ideale per lavorare la carne.<\/p>   <figure class=\"wp-block-image size-large is-resized\"><img loading=\"lazy\" decoding=\"async\" src=\"http:\/\/www.meatprocessingmachine.org\/wp-content\/uploads\/2018\/10\/Brine-injector-machine.jpg\" alt=\"Macchina di iniezione salina\" class=\"wp-image-702\" width=\"691\" height=\"691\" title=\"\" srcset=\"https:\/\/www.meatprocessingmachine.org\/wp-content\/uploads\/2018\/10\/Brine-injector-machine.jpg 550w, https:\/\/www.meatprocessingmachine.org\/wp-content\/uploads\/2018\/10\/Brine-injector-machine-300x300.jpg 300w, https:\/\/www.meatprocessingmachine.org\/wp-content\/uploads\/2018\/10\/Brine-injector-machine-150x150.jpg 150w\" sizes=\"auto, (max-width: 691px) 100vw, 691px\" \/><figcaption class=\"wp-element-caption\">Macchina per iniettare salamoia<\/figcaption><\/figure>    <h2 class=\"wp-block-heading\">Parametro tecnico della macchina di iniezione salina<\/h2>    <figure class=\"wp-block-gallery has-nested-images columns-default is-cropped wp-block-gallery-2 is-layout-flex wp-block-gallery-is-layout-flex\"> <figure class=\"wp-block-image size-large\"><img loading=\"lazy\" decoding=\"async\" width=\"720\" height=\"540\" data-id=\"34217\" src=\"https:\/\/www.meatprocessingmachine.org\/wp-content\/uploads\/2018\/10\/Brine-injector-machine-details.webp\" alt=\"Dettagli della macchina per iniezione di salamoia\" class=\"wp-image-34217\" title=\"\" srcset=\"https:\/\/www.meatprocessingmachine.org\/wp-content\/uploads\/2018\/10\/Brine-injector-machine-details.webp 720w, https:\/\/www.meatprocessingmachine.org\/wp-content\/uploads\/2018\/10\/Brine-injector-machine-details-300x225.webp 300w\" sizes=\"auto, (max-width: 720px) 100vw, 720px\" \/><figcaption class=\"wp-element-caption\">Dettagli della macchina di iniezione salina<\/figcaption><\/figure>    <figure class=\"wp-block-image size-large\"><img loading=\"lazy\" decoding=\"async\" width=\"720\" height=\"540\" data-id=\"34218\" src=\"https:\/\/www.meatprocessingmachine.org\/wp-content\/uploads\/2018\/10\/Brine-injector-machine-details-1.webp\" alt=\"Dettagli della macchina per iniezione di salamoia\" class=\"wp-image-34218\" title=\"\" srcset=\"https:\/\/www.meatprocessingmachine.org\/wp-content\/uploads\/2018\/10\/Brine-injector-machine-details-1.webp 720w, https:\/\/www.meatprocessingmachine.org\/wp-content\/uploads\/2018\/10\/Brine-injector-machine-details-1-300x225.webp 300w\" sizes=\"auto, (max-width: 720px) 100vw, 720px\" \/><figcaption class=\"wp-element-caption\">Dettagli della macchina di iniezione salina<\/figcaption><\/figure>    <figure class=\"wp-block-image size-large\"><img loading=\"lazy\" decoding=\"async\" width=\"720\" height=\"540\" data-id=\"34219\" src=\"https:\/\/www.meatprocessingmachine.org\/wp-content\/uploads\/2018\/10\/Brine-injector-machine-details-2.webp\" alt=\"Dettagli della macchina per iniezione di salamoia\" class=\"wp-image-34219\" title=\"\" srcset=\"https:\/\/www.meatprocessingmachine.org\/wp-content\/uploads\/2018\/10\/Brine-injector-machine-details-2.webp 720w, https:\/\/www.meatprocessingmachine.org\/wp-content\/uploads\/2018\/10\/Brine-injector-machine-details-2-300x225.webp 300w\" sizes=\"auto, (max-width: 720px) 100vw, 720px\" \/><figcaption class=\"wp-element-caption\">Dettagli della macchina di iniezione salina<\/figcaption><\/figure>    <figure class=\"wp-block-image size-large\"><img loading=\"lazy\" decoding=\"async\" width=\"720\" height=\"540\" data-id=\"34220\" src=\"https:\/\/www.meatprocessingmachine.org\/wp-content\/uploads\/2018\/10\/Brine-injector-machine-details-3.webp\" alt=\"Dettagli della macchina per iniezione di salamoia\" class=\"wp-image-34220\" title=\"\" srcset=\"https:\/\/www.meatprocessingmachine.org\/wp-content\/uploads\/2018\/10\/Brine-injector-machine-details-3.webp 720w, https:\/\/www.meatprocessingmachine.org\/wp-content\/uploads\/2018\/10\/Brine-injector-machine-details-3-300x225.webp 300w\" sizes=\"auto, (max-width: 720px) 100vw, 720px\" \/><figcaption class=\"wp-element-caption\">Dettagli della macchina di iniezione salina<\/figcaption><\/figure> <\/figure>    <figure class=\"wp-block-table\"><table><tbody><tr><td>Modello<\/td><td>SL-48<\/td><td>SL-60<\/td><td>SL-80<\/td><td>SL-108<\/td><td>SL-180<\/td><\/tr><tr><td>Tensione (v)<\/td><td>&nbsp;380<\/td><td>&nbsp;380<\/td><td>&nbsp;380<\/td><td>&nbsp;380<\/td><td>&nbsp;380<\/td><\/tr><tr><td>Potenza(kW)<\/td><td>&nbsp;4.1<\/td><td>&nbsp;4.1<\/td><td>&nbsp;5.1<\/td><td>&nbsp;6.2<\/td><td>&nbsp;7<\/td><\/tr><tr><td>Capacit\u00e0(kg\/h)<\/td><td>&nbsp;200-300<\/td><td>&nbsp;300-500<\/td><td>500-700&nbsp;<\/td><td>700-900&nbsp;<\/td><td>900-1000&nbsp;<\/td><\/tr><tr><td>Pressione di iniezione(Mpa)<\/td><td>&nbsp;0.45-0.9<\/td><td>&nbsp;&nbsp;0.45-0.9<\/td><td>&nbsp;&nbsp;0.45-0.9<\/td><td>&nbsp;&nbsp;0.45-0.9<\/td><td>&nbsp;&nbsp;0.45-0.9<\/td><\/tr><tr><td>Tempo di iniezione<\/td><td>&nbsp;15-40<\/td><td>15-40&nbsp;<\/td><td>15-50&nbsp;<\/td><td>15-50&nbsp;<\/td><td>15-50&nbsp;<\/td><\/tr><tr><td>Tasso di iniezione<\/td><td>&nbsp;40-80%<\/td><td>40-80%&nbsp;<\/td><td>&nbsp;40-80%<\/td><td>&nbsp;60-90%<\/td><td>&nbsp;60-90%<\/td><\/tr><tr><td>Velocit\u00e0 di camminata<\/td><td>&nbsp;40-70<\/td><td>&nbsp;40-70<\/td><td>&nbsp;40-70<\/td><td>40-70&nbsp;<\/td><td>&nbsp;40-70<\/td><\/tr><tr><td>Dimensione<br>750\u00d7560\u00d7710<\/td><td>1350*750<br>*1650&nbsp;<\/td><td>&nbsp;1550*880<br>*1650<\/td><td>&nbsp;1550*1060<br>*1720<\/td><td>&nbsp;1850*1350<br>*1800<\/td><td>&nbsp;1950*1350<br>*1850<\/td><\/tr><tr><td>Peso(kg)<\/td><td>&nbsp;250<\/td><td>320&nbsp;<\/td><td>320&nbsp;<\/td><td>430&nbsp;<\/td><td>520&nbsp;<\/td><\/tr><\/tbody><\/table><figcaption class=\"wp-element-caption\">macchina di iniezione salina<\/figcaption><\/figure>    <h2 class=\"wp-block-heading\">Come si usa la macchina di iniezione salina?<\/h2>    <figure class=\"wp-block-gallery has-nested-images columns-default is-cropped wp-block-gallery-3 is-layout-flex wp-block-gallery-is-layout-flex\"> <figure class=\"wp-block-image size-large\"><img loading=\"lazy\" decoding=\"async\" width=\"720\" height=\"540\" data-id=\"34221\" src=\"https:\/\/www.meatprocessingmachine.org\/wp-content\/uploads\/2018\/10\/saline-injection-machine.webp\" alt=\"macchina di iniezione salina\" class=\"wp-image-34221\" title=\"\" srcset=\"https:\/\/www.meatprocessingmachine.org\/wp-content\/uploads\/2018\/10\/saline-injection-machine.webp 720w, https:\/\/www.meatprocessingmachine.org\/wp-content\/uploads\/2018\/10\/saline-injection-machine-300x225.webp 300w\" sizes=\"auto, (max-width: 720px) 100vw, 720px\" \/><figcaption class=\"wp-element-caption\">Macchina di iniezione salina<\/figcaption><\/figure>    <figure class=\"wp-block-image size-large\"><img loading=\"lazy\" decoding=\"async\" width=\"720\" height=\"540\" data-id=\"34223\" src=\"https:\/\/www.meatprocessingmachine.org\/wp-content\/uploads\/2018\/10\/saline-injection-machine-1.webp\" alt=\"macchina di iniezione salina\" class=\"wp-image-34223\" title=\"\" srcset=\"https:\/\/www.meatprocessingmachine.org\/wp-content\/uploads\/2018\/10\/saline-injection-machine-1.webp 720w, https:\/\/www.meatprocessingmachine.org\/wp-content\/uploads\/2018\/10\/saline-injection-machine-1-300x225.webp 300w\" sizes=\"auto, (max-width: 720px) 100vw, 720px\" \/><figcaption class=\"wp-element-caption\">Macchina di iniezione salina<\/figcaption><\/figure> <\/figure>    <p class=\"translation-block\">La macchina di iniezione salina pu\u00f2 essere abbinata con il<a href=\"https:\/\/www.meatprocessingmachine.org\/it\/vacuum-tumbler-machine.html\/\">tumbling machine<\/a> per lavorare, pu\u00f2 ridurre il tempo di lavorazione del tumbling, e la macchina di tumbling pu\u00f2 risolvere il problema della non uniformit\u00e0 della salamoia dopo l'iniezione, possono integrarsi a vicenda.<\/p>   <h2>Caratteristiche della macchina di iniezione salina<\/h2> <p>1. Adotta materiali in acciaio inossidabile SUS 304 con struttura semplice e operazione conveniente.<br>2. Progettazione e struttura ragionevoli, facile da pulire, lunga durata.<br>3. Questa macchina \u00e8 dotata di un dispositivo di protezione automatica, se l'ago di ingresso tocca qualche materia dura, si sollever\u00e0 senza danni. <br>4. La scatola di distribuzione \u00e8 in acciaio inossidabile resistente all'acqua<\/p>   <figure class=\"wp-block-gallery has-nested-images columns-default is-cropped wp-block-gallery-4 is-layout-flex wp-block-gallery-is-layout-flex\"> <figure class=\"wp-block-image size-large\"><img loading=\"lazy\" decoding=\"async\" width=\"720\" height=\"540\" data-id=\"34215\" src=\"https:\/\/www.meatprocessingmachine.org\/wp-content\/uploads\/2018\/10\/Brine-injector-machine-3.webp\" alt=\"Macchina di iniezione salina\" class=\"wp-image-34215\" title=\"\" srcset=\"https:\/\/www.meatprocessingmachine.org\/wp-content\/uploads\/2018\/10\/Brine-injector-machine-3.webp 720w, https:\/\/www.meatprocessingmachine.org\/wp-content\/uploads\/2018\/10\/Brine-injector-machine-3-300x225.webp 300w\" sizes=\"auto, (max-width: 720px) 100vw, 720px\" \/><figcaption class=\"wp-element-caption\">Macchina di iniezione salina<\/figcaption><\/figure>    <figure class=\"wp-block-image size-large\"><img loading=\"lazy\" decoding=\"async\" width=\"720\" height=\"540\" data-id=\"34214\" src=\"https:\/\/www.meatprocessingmachine.org\/wp-content\/uploads\/2018\/10\/Brine-injector-machine-2.webp\" alt=\"Dettagli della macchina per iniezione di salamoia\" class=\"wp-image-34214\" title=\"\" srcset=\"https:\/\/www.meatprocessingmachine.org\/wp-content\/uploads\/2018\/10\/Brine-injector-machine-2.webp 720w, https:\/\/www.meatprocessingmachine.org\/wp-content\/uploads\/2018\/10\/Brine-injector-machine-2-300x225.webp 300w\" sizes=\"auto, (max-width: 720px) 100vw, 720px\" \/><figcaption class=\"wp-element-caption\">Dettagli della macchina per iniezione di salamoia<\/figcaption><\/figure>    <figure class=\"wp-block-image size-large\"><img loading=\"lazy\" decoding=\"async\" width=\"720\" height=\"540\" data-id=\"34213\" src=\"https:\/\/www.meatprocessingmachine.org\/wp-content\/uploads\/2018\/10\/Brine-injector-machine-1.webp\" alt=\"Macchina di iniezione salina\" class=\"wp-image-34213\" title=\"\" srcset=\"https:\/\/www.meatprocessingmachine.org\/wp-content\/uploads\/2018\/10\/Brine-injector-machine-1.webp 720w, https:\/\/www.meatprocessingmachine.org\/wp-content\/uploads\/2018\/10\/Brine-injector-machine-1-300x225.webp 300w\" sizes=\"auto, (max-width: 720px) 100vw, 720px\" \/><figcaption class=\"wp-element-caption\">Macchina di iniezione salina<\/figcaption><\/figure> <\/figure>","protected":false},"excerpt":{"rendered":"<p>Brine injector machine is used to inject salt water, starch, protein and other auxiliary materials into meat for full pickling so as to achieve quick pickling, improve taste and maintain meat nutrition<\/p>","protected":false},"author":1,"featured_media":34211,"parent":0,"template":"","product-type":[598],"class_list":["post-53","product","type-product","status-publish","has-post-thumbnail","hentry","product-type-supporting-auxiliary-equipment"],"_links":{"self":[{"href":"https:\/\/www.meatprocessingmachine.org\/it\/wp-json\/wp\/v2\/product\/53","targetHints":{"allow":["GET"]}}],"collection":[{"href":"https:\/\/www.meatprocessingmachine.org\/it\/wp-json\/wp\/v2\/product"}],"about":[{"href":"https:\/\/www.meatprocessingmachine.org\/it\/wp-json\/wp\/v2\/types\/product"}],"author":[{"embeddable":true,"href":"https:\/\/www.meatprocessingmachine.org\/it\/wp-json\/wp\/v2\/users\/1"}],"wp:featuredmedia":[{"embeddable":true,"href":"https:\/\/www.meatprocessingmachine.org\/it\/wp-json\/wp\/v2\/media\/34211"}],"wp:attachment":[{"href":"https:\/\/www.meatprocessingmachine.org\/it\/wp-json\/wp\/v2\/media?parent=53"}],"wp:term":[{"taxonomy":"product-type","embeddable":true,"href":"https:\/\/www.meatprocessingmachine.org\/it\/wp-json\/wp\/v2\/product-type?post=53"}],"curies":[{"name":"wp","href":"https:\/\/api.w.org\/{rel}","templated":true}]}}