{"id":83,"date":"2018-10-25T06:01:35","date_gmt":"2018-10-24T22:01:35","guid":{"rendered":"http:\/\/www.meatprocessingmachine.org\/?p=83"},"modified":"2026-02-12T16:42:44","modified_gmt":"2026-02-12T08:42:44","slug":"the-rotary-sterilizing-pot","status":"publish","type":"product","link":"https:\/\/www.meatprocessingmachine.org\/it\/the-rotary-sterilizing-pot.html","title":{"rendered":"Pentola di sterilizzazione rotante"},"content":{"rendered":"<div class=\"kk-star-ratings kksr-auto kksr-align-right kksr-valign-top\"     data-payload='{&quot;align&quot;:&quot;right&quot;,&quot;id&quot;:&quot;83&quot;,&quot;slug&quot;:&quot;default&quot;,&quot;valign&quot;:&quot;top&quot;,&quot;ignore&quot;:&quot;&quot;,&quot;reference&quot;:&quot;auto&quot;,&quot;class&quot;:&quot;&quot;,&quot;count&quot;:&quot;0&quot;,&quot;legendonly&quot;:&quot;&quot;,&quot;readonly&quot;:&quot;&quot;,&quot;score&quot;:&quot;0&quot;,&quot;starsonly&quot;:&quot;&quot;,&quot;best&quot;:&quot;5&quot;,&quot;gap&quot;:&quot;5&quot;,&quot;greet&quot;:&quot;Rate this product&quot;,&quot;legend&quot;:&quot;0\\\/5 - (0 votes)&quot;,&quot;size&quot;:&quot;24&quot;,&quot;title&quot;:&quot;Rotary\u00a0Sterilizing\u00a0Pot&quot;,&quot;width&quot;:&quot;0&quot;,&quot;_legend&quot;:&quot;{score}\\\/{best} - ({count} {votes})&quot;,&quot;font_factor&quot;:&quot;1.25&quot;}'>              <div class=\"kksr-stars\">      <div class=\"kksr-stars-inactive\">             <div class=\"kksr-star\" data-star=\"1\" style=\"padding-right: 5px\">               <div class=\"kksr-icon\" style=\"width: 24px; height: 24px;\"><\/div>         <\/div>             <div class=\"kksr-star\" data-star=\"2\" style=\"padding-right: 5px\">               <div class=\"kksr-icon\" style=\"width: 24px; height: 24px;\"><\/div>         <\/div>             <div class=\"kksr-star\" data-star=\"3\" style=\"padding-right: 5px\">               <div class=\"kksr-icon\" style=\"width: 24px; height: 24px;\"><\/div>         <\/div>             <div class=\"kksr-star\" data-star=\"4\" style=\"padding-right: 5px\">               <div class=\"kksr-icon\" style=\"width: 24px; height: 24px;\"><\/div>         <\/div>             <div class=\"kksr-star\" data-star=\"5\" style=\"padding-right: 5px\">               <div class=\"kksr-icon\" style=\"width: 24px; height: 24px;\"><\/div>         <\/div>     <\/div>      <div class=\"kksr-stars-active\" style=\"width: 0px;\">             <div class=\"kksr-star\" style=\"padding-right: 5px\">               <div class=\"kksr-icon\" style=\"width: 24px; height: 24px;\"><\/div>         <\/div>             <div class=\"kksr-star\" style=\"padding-right: 5px\">               <div class=\"kksr-icon\" style=\"width: 24px; height: 24px;\"><\/div>         <\/div>             <div class=\"kksr-star\" style=\"padding-right: 5px\">               <div class=\"kksr-icon\" style=\"width: 24px; height: 24px;\"><\/div>         <\/div>             <div class=\"kksr-star\" style=\"padding-right: 5px\">               <div class=\"kksr-icon\" style=\"width: 24px; height: 24px;\"><\/div>         <\/div>             <div class=\"kksr-star\" style=\"padding-right: 5px\">               <div class=\"kksr-icon\" style=\"width: 24px; height: 24px;\"><\/div>         <\/div>     <\/div> <\/div>                   <div class=\"kksr-legend\" style=\"font-size: 19.2px;\">             <span class=\"kksr-muted\">Valuta questo prodotto<\/span>     <\/div>     <\/div> <p class=\"translation-block\">Il dispositivo di gabbia in materiale della<strong> pentola di sterilizzazione rotante<\/strong> \u00e8 controllato da componenti manuali avanzati a livello internazionale. Il design dell'intera macchina \u00e8 ragionevole. \u00c8 sicuro e affidabile da usare, la struttura \u00e8 compatta, l'operazione \u00e8 facile, la manutenzione \u00e8 conveniente e l'installazione \u00e8 semplice.<\/p> <p>Nel processo di sterilizzazione continua, il ciclo di sterilizzazione viene dimezzato, risparmiando met\u00e0 dell'energia. \u00c8 l'attrezzatura ideale per piccoli e medi produttori di alimenti nelle citt\u00e0 ecologiche.<\/p> <p class=\"translation-block\"><strong>Campo di applicazione della pentola di sterilizzazione rotante:<\/strong><\/p> <p class=\"translation-block\">Come attrezzatura necessaria per riscaldare, isolare, sterilizzare, raffreddare, trattare o immagazzinare liquidi, <strong>pentola di sterilizzazione rotante<\/strong> \u00e8 ampiamente utilizzata nei settori alimentare, succhi, farmaceutico, chimico, delle bevande e altri.<\/p> <div class=\"col-md-6\"><img decoding=\"async\" style=\"height: 350px;\" src=\"http:\/\/www.meatprocessingmachine.org\/wp-content\/uploads\/2018\/10\/The-rotary-sterilizing-pot12.jpg\" alt=\"\" title=\"\"><\/div> <div class=\"col-md-6\"><img decoding=\"async\" style=\"height: 350px;\" src=\"http:\/\/www.meatprocessingmachine.org\/wp-content\/uploads\/2018\/10\/The-rotary-sterilizing-pot16.jpg\" alt=\"\" title=\"\"><\/div> <p class=\"translation-block\"><strong>Parametri della \u00a0pentola di sterilizzazione rotante:<\/strong><\/p> <div class=\"table-responsive\"> <table class=\"table\"> <tbody> <tr> <td rowspan=\"2\" width=\"93\">Voce<\/td> <td colspan=\"2\" width=\"108\">TZ-1000<\/td> <td colspan=\"2\" width=\"134\">TZ-1200<\/td> <td colspan=\"2\" width=\"138\">TZ-1300<\/td> <td colspan=\"2\" width=\"128\">TZ-1400<\/td> <\/tr> <tr> <td width=\"47\">1<\/td> <td width=\"61\">2<\/td> <td width=\"34\">1<\/td> <td width=\"100\">2<\/td> <td width=\"34\">1<\/td> <td width=\"104\">2<\/td> <td width=\"34\">1<\/td> <td width=\"94\">2<\/td> <\/tr> <tr> <td width=\"93\">Diametro interno (mm)<\/td> <td colspan=\"2\" width=\"108\">1000<\/td> <td colspan=\"2\" width=\"134\">1200<\/td> <td colspan=\"2\" width=\"138\">1300<\/td> <td colspan=\"2\" width=\"128\">1400<\/td> <\/tr> <tr> <td width=\"93\">Lunghezza del contenitore (mm)<\/td> <td width=\"47\">3000<\/td> <td width=\"61\">3600<\/td> <td width=\"34\">3000<\/td> <td width=\"100\">3600<\/td> <td width=\"34\">3000<\/td> <td width=\"104\">3600<\/td> <td width=\"34\">3000<\/td> <td width=\"94\">3600<\/td> <\/tr> <tr> <td width=\"93\">Materiale<\/td> <td colspan=\"8\" width=\"507\">SUS304\/Q235B<\/td> <\/tr> <tr> <td width=\"93\">Temperatura di progettazione<\/td> <td colspan=\"8\" width=\"507\">147\u00b0C<\/td> <\/tr> <tr> <td width=\"93\">Pressione di prova<\/td> <td colspan=\"8\" width=\"507\">0,44Mpa<\/td> <\/tr> <tr> <td width=\"93\">Pressione di progettazione<\/td> <td colspan=\"8\" width=\"507\">0,35Mpa<\/td> <\/tr> <\/tbody> <\/table> <\/div>","protected":false},"excerpt":{"rendered":"<p>The material cage device of the rotary sterilization pot is controlled by international advanced manual components. The design of the whole machine is reasonable. It is safe and reliable to operate, the structure is compact, the operation is easy, the maintenance is convenient, and the installation is simple. In the process of continuous sterilization, the [&hellip;]<\/p>\n","protected":false},"author":1,"featured_media":177,"parent":0,"template":"","product-type":[598],"class_list":["post-83","product","type-product","status-publish","has-post-thumbnail","hentry","product-type-supporting-auxiliary-equipment"],"_links":{"self":[{"href":"https:\/\/www.meatprocessingmachine.org\/it\/wp-json\/wp\/v2\/product\/83","targetHints":{"allow":["GET"]}}],"collection":[{"href":"https:\/\/www.meatprocessingmachine.org\/it\/wp-json\/wp\/v2\/product"}],"about":[{"href":"https:\/\/www.meatprocessingmachine.org\/it\/wp-json\/wp\/v2\/types\/product"}],"author":[{"embeddable":true,"href":"https:\/\/www.meatprocessingmachine.org\/it\/wp-json\/wp\/v2\/users\/1"}],"wp:featuredmedia":[{"embeddable":true,"href":"https:\/\/www.meatprocessingmachine.org\/it\/wp-json\/wp\/v2\/media\/177"}],"wp:attachment":[{"href":"https:\/\/www.meatprocessingmachine.org\/it\/wp-json\/wp\/v2\/media?parent=83"}],"wp:term":[{"taxonomy":"product-type","embeddable":true,"href":"https:\/\/www.meatprocessingmachine.org\/it\/wp-json\/wp\/v2\/product-type?post=83"}],"curies":[{"name":"wp","href":"https:\/\/api.w.org\/{rel}","templated":true}]}}