{"id":839,"date":"2020-10-29T15:43:39","date_gmt":"2020-10-29T07:43:39","guid":{"rendered":"http:\/\/www.meatprocessingmachine.org\/?p=839"},"modified":"2026-02-12T16:12:05","modified_gmt":"2026-02-12T08:12:05","slug":"sausage-production-line-for-sausage-making","status":"publish","type":"product","link":"https:\/\/www.meatprocessingmachine.org\/it\/sausage-production-line-for-sausage-making.html","title":{"rendered":"Linea di produzione di salsicce"},"content":{"rendered":"<div class=\"kk-star-ratings kksr-auto kksr-align-right kksr-valign-top\"     data-payload='{&quot;align&quot;:&quot;right&quot;,&quot;id&quot;:&quot;839&quot;,&quot;slug&quot;:&quot;default&quot;,&quot;valign&quot;:&quot;top&quot;,&quot;ignore&quot;:&quot;&quot;,&quot;reference&quot;:&quot;auto&quot;,&quot;class&quot;:&quot;&quot;,&quot;count&quot;:&quot;0&quot;,&quot;legendonly&quot;:&quot;&quot;,&quot;readonly&quot;:&quot;&quot;,&quot;score&quot;:&quot;0&quot;,&quot;starsonly&quot;:&quot;&quot;,&quot;best&quot;:&quot;5&quot;,&quot;gap&quot;:&quot;5&quot;,&quot;greet&quot;:&quot;Rate this product&quot;,&quot;legend&quot;:&quot;0\\\/5 - (0 votes)&quot;,&quot;size&quot;:&quot;24&quot;,&quot;title&quot;:&quot;Sausage Production Line&quot;,&quot;width&quot;:&quot;0&quot;,&quot;_legend&quot;:&quot;{score}\\\/{best} - ({count} {votes})&quot;,&quot;font_factor&quot;:&quot;1.25&quot;}'>              <div class=\"kksr-stars\">      <div class=\"kksr-stars-inactive\">             <div class=\"kksr-star\" data-star=\"1\" style=\"padding-right: 5px\">               <div class=\"kksr-icon\" style=\"width: 24px; height: 24px;\"><\/div>         <\/div>             <div class=\"kksr-star\" data-star=\"2\" style=\"padding-right: 5px\">               <div class=\"kksr-icon\" style=\"width: 24px; height: 24px;\"><\/div>         <\/div>             <div class=\"kksr-star\" data-star=\"3\" style=\"padding-right: 5px\">               <div class=\"kksr-icon\" style=\"width: 24px; height: 24px;\"><\/div>         <\/div>             <div class=\"kksr-star\" data-star=\"4\" style=\"padding-right: 5px\">               <div class=\"kksr-icon\" style=\"width: 24px; height: 24px;\"><\/div>         <\/div>             <div class=\"kksr-star\" data-star=\"5\" style=\"padding-right: 5px\">               <div class=\"kksr-icon\" style=\"width: 24px; height: 24px;\"><\/div>         <\/div>     <\/div>      <div class=\"kksr-stars-active\" style=\"width: 0px;\">             <div class=\"kksr-star\" style=\"padding-right: 5px\">               <div class=\"kksr-icon\" style=\"width: 24px; height: 24px;\"><\/div>         <\/div>             <div class=\"kksr-star\" style=\"padding-right: 5px\">               <div class=\"kksr-icon\" style=\"width: 24px; height: 24px;\"><\/div>         <\/div>             <div class=\"kksr-star\" style=\"padding-right: 5px\">               <div class=\"kksr-icon\" style=\"width: 24px; height: 24px;\"><\/div>         <\/div>             <div class=\"kksr-star\" style=\"padding-right: 5px\">               <div class=\"kksr-icon\" style=\"width: 24px; height: 24px;\"><\/div>         <\/div>             <div class=\"kksr-star\" style=\"padding-right: 5px\">               <div class=\"kksr-icon\" style=\"width: 24px; height: 24px;\"><\/div>         <\/div>     <\/div> <\/div>                   <div class=\"kksr-legend\" style=\"font-size: 19.2px;\">             <span class=\"kksr-muted\">Valuta questo prodotto<\/span>     <\/div>     <\/div>  <p>La linea di produzione di salsicce contiene una serie di macchine per la produzione di salsicce. Include una tritacarne, una macchina tagliatrice, un miscelatore sottovuoto, una riempitrice di salsicce, una macchina affumicatrice, una confezionatrice sottovuoto e altre macchine. Queste macchine hanno una struttura stabile e operazione semplice, \u00e8 la migliore macchina per la produzione di salsicce.<\/p>    <h2 class=\"wp-block-heading\" id=\"h-brief-introduction-of-sausage\">Breve introduzione alla salsiccia<\/h2>    <p>La salsiccia \u00e8 una tecnica di produzione alimentare molto antica e di conservazione della carne. Si ottiene mettendo la carne nelle budella di maiale o pecora e poi fumandola. La salsiccia affumicata ha un colore rosso vivace e un sapore ricco. \u00c8 un alimento molto popolare.<\/p>    <h2 class=\"wp-block-heading\" id=\"h-types-of-sausages\">Tipi di salsicce<\/h2>    <p>Nel mercato ci sono due salsicce comuni: una \u00e8 salsiccia schiacciata e l'altra salsiccia a particelle di carne.<\/p>    <p>La differenza principale tra i due tipi di salsicce sta nelle materie prime utilizzate. Le salsicce finite sono diverse.<\/p>    <div class=\"wp-block-columns is-layout-flex wp-container-core-columns-is-layout-9d6595d7 wp-block-columns-is-layout-flex\"> <div class=\"wp-block-column is-layout-flow wp-block-column-is-layout-flow\"> <figure class=\"wp-block-image size-large\"><img loading=\"lazy\" decoding=\"async\" width=\"550\" height=\"350\" src=\"http:\/\/www.meatprocessingmachine.org\/wp-content\/uploads\/2020\/10\/mashed-meat-sausage.jpg\" alt=\"mashed meat sausage\" class=\"wp-image-851\" title=\"\" srcset=\"https:\/\/www.meatprocessingmachine.org\/wp-content\/uploads\/2020\/10\/mashed-meat-sausage.jpg 550w, https:\/\/www.meatprocessingmachine.org\/wp-content\/uploads\/2020\/10\/mashed-meat-sausage-300x191.jpg 300w\" sizes=\"auto, (max-width: 550px) 100vw, 550px\" \/><figcaption class=\"wp-element-caption\">Salsiccia di carne schiacciata<\/figcaption><\/figure> <\/div>    <div class=\"wp-block-column is-layout-flow wp-block-column-is-layout-flow\"> <figure class=\"wp-block-image size-large\"><img loading=\"lazy\" decoding=\"async\" width=\"550\" height=\"350\" src=\"http:\/\/www.meatprocessingmachine.org\/wp-content\/uploads\/2020\/10\/pellets-meat-sausage.png\" alt=\"pellets meat sausage\" class=\"wp-image-852\" title=\"\" srcset=\"https:\/\/www.meatprocessingmachine.org\/wp-content\/uploads\/2020\/10\/pellets-meat-sausage.png 550w, https:\/\/www.meatprocessingmachine.org\/wp-content\/uploads\/2020\/10\/pellets-meat-sausage-300x191.png 300w\" sizes=\"auto, (max-width: 550px) 100vw, 550px\" \/><figcaption class=\"wp-element-caption\">Salsicce a pellet<\/figcaption><\/figure> <\/div> <\/div>    <p>Le salsicce fatte con pellet di carne sono pi\u00f9 dure delle salsicce fatte con carne schiacciata. Secondo le diverse materie prime dei due tipi di salsicce, le macchine per la produzione delle due tipologie sono leggermente diverse.<\/p>    <h2 class=\"wp-block-heading\" id=\"h-sausage-processing-steps\">Fasi di lavorazione delle salsicce<\/h2>    <div class=\"wp-block-group\"><div class=\"wp-block-group__inner-container is-layout-flow wp-block-group-is-layout-flow\"><\/div><\/div>    <div class=\"wp-block-group\"><div class=\"wp-block-group__inner-container is-layout-flow wp-block-group-is-layout-flow\"> <div class=\"wp-block-columns is-layout-flex wp-container-core-columns-is-layout-9d6595d7 wp-block-columns-is-layout-flex\"> <div class=\"wp-block-column is-layout-flow wp-block-column-is-layout-flow\"> <figure class=\"wp-block-image size-large\"><img loading=\"lazy\" decoding=\"async\" width=\"720\" height=\"540\" src=\"http:\/\/www.meatprocessingmachine.org\/wp-content\/uploads\/2020\/10\/mashed-sausage-making-machines.jpg\" alt=\"mashed sausage making machines\" class=\"wp-image-843\" title=\"\" srcset=\"https:\/\/www.meatprocessingmachine.org\/wp-content\/uploads\/2020\/10\/mashed-sausage-making-machines.jpg 720w, https:\/\/www.meatprocessingmachine.org\/wp-content\/uploads\/2020\/10\/mashed-sausage-making-machines-300x225.jpg 300w\" sizes=\"auto, (max-width: 720px) 100vw, 720px\" \/><figcaption class=\"wp-element-caption\">Macchine per salsicce di mashed<\/figcaption><\/figure>    <p style=\"font-size:18px\">Fasi di lavorazione salsiccia schiacciata: macinazione carne, taglio carne, miscelazione carne, riempimento, affumicazione e confezionamento.<\/p> <\/div>    <div class=\"wp-block-column is-layout-flow wp-block-column-is-layout-flow\"> <figure class=\"wp-block-image size-large\"><img loading=\"lazy\" decoding=\"async\" width=\"720\" height=\"540\" src=\"http:\/\/www.meatprocessingmachine.org\/wp-content\/uploads\/2020\/10\/meat-pellets-sausage-making-machines.jpg\" alt=\"meat pellets sausage making machines\" class=\"wp-image-844\" title=\"\" srcset=\"https:\/\/www.meatprocessingmachine.org\/wp-content\/uploads\/2020\/10\/meat-pellets-sausage-making-machines.jpg 720w, https:\/\/www.meatprocessingmachine.org\/wp-content\/uploads\/2020\/10\/meat-pellets-sausage-making-machines-300x225.jpg 300w\" sizes=\"auto, (max-width: 720px) 100vw, 720px\" \/><figcaption class=\"wp-element-caption\">Macchine per salsicce di pellet<\/figcaption><\/figure>    <p style=\"font-size:18px\">Processo di lavorazione salsicce a pellet: macinazione carne, miscelazione carne, riempimento, fumo e confezionamento.<\/p> <\/div> <\/div> <\/div><\/div>    <p>Il processo di produzione delle salsicce schiacciate \u00e8 approssimativamente lo stesso delle salsicce pellet; le salsicce schiacciate hanno un passaggio in pi\u00f9 di taglio ed emulsione della carne rispetto alle salsicce pellet. Ecco un esempio di linea di produzione di salsicce schiacciate per introdurre il processo.<\/p>    <ul class=\"wp-block-list\"> <li><strong>Selezione delle materie prime<\/strong> &nbsp;  Le materie prime della salsiccia devono essere scelte da maiale o manzo qualificati.<\/li>    <li><strong>Macinazione carne&nbsp;&nbsp;<\/strong>      Mettere la carne congelata nella tritacarne, in genere si usa una piastra di fori da 6-8 mm per ottenere strisce sottili.<\/li>    <li><strong>Taglio carne<\/strong> &nbsp;        La lama della macchina taglia carne taglia la carne ad uno stato di purea ad alta velocit\u00e0.<\/li>    <li><strong>Mescolamento sottovuoto della carne&nbsp;<\/strong>&nbsp;   Mettere la poltiglia di carne tritata e condimenti nella miscelatrice sottovuoto e mescolare. In ambiente sottovuoto, i condimenti penetreranno nelle carni il pi\u00f9 possibile per garantire la qualit\u00e0 della carne.<\/li>    <li><strong>Riempimento salsicce<\/strong> &nbsp;      &nbsp;Sciacquare le pareti interne della sacca asciutta selezionata con acqua tiepida a 30-35\u2103. Dopo aver drenato l'acqua, utilizzare una insaccatrice sottovuoto per versare la carne nella sacca. Quando si riempie la carne, assicurarsi che l'iniezione sia piena, non ci sia aria nell'intestino e le due estremit\u00e0 siano ben legate.<\/li>    <li><strong><a href=\"http:\/\/www.meatprocessingmachine.org\/it\/sausage-binding-tying-machine.html\/\">Legare la salsiccia<\/a><\/strong>          &nbsp;Nella linea di produzione delle salsicce, una macchina legante \u00e8 usata per legare le salsicce in sezioni. Legare la corda secondo una lunghezza specifica per garantire un equilibrio uniforme della salsiccia.<\/li>    <li><strong>Fumo salsiccia<\/strong>&nbsp;   &nbsp;Lo stagionatore ha funzioni di cottura al forno, vapore e affumicatura. Pu\u00f2 realizzare tutte le fasi di affumicatura della salsiccia. La salsiccia affumicata ha un corpo lucido.<\/li>    <li><strong>Imballaggio sottovuoto <\/strong>  &nbsp;In genere, si sceglie una macchina sigillante sottovuoto per confezionare le salsicce. Questo facilita il trasporto e lo stoccaggio.<\/li> <\/ul>    <h2 class=\"wp-block-heading\" id=\"h-sausage-making-machines-parameters\">Parametri della macchina per salsicce<\/h2>    <figure class=\"wp-block-table\"><table><tbody><tr><td><strong>Numero<\/strong><strong><\/strong><\/td><td><strong>Nome<\/strong><strong><\/strong><\/td><td><strong>Immagine<\/strong><strong><\/strong><\/td><td><strong>Parametro<\/strong><strong><\/strong><\/td><\/tr><tr><td>1<\/td><td>Macchina tritacarne<\/td><td>&nbsp;         <img loading=\"lazy\" decoding=\"async\" width=\"150\" height=\"95\" class=\"wp-image-845\" style=\"width: 150px;\" src=\"http:\/\/www.meatprocessingmachine.org\/wp-content\/uploads\/2020\/10\/meat-grinding-machine.jpg\" alt=\"meat grinding machine\" title=\"\" srcset=\"https:\/\/www.meatprocessingmachine.org\/wp-content\/uploads\/2020\/10\/meat-grinding-machine.jpg 550w, https:\/\/www.meatprocessingmachine.org\/wp-content\/uploads\/2020\/10\/meat-grinding-machine-300x191.jpg 300w\" sizes=\"auto, (max-width: 150px) 100vw, 150px\" \/>           <\/td><td>Capacit\u00e0: 500kg\/h<br>Potenza: 3,0 kW<br>Tensione: 380V\/50Hz<br>Dimensioni: 980*580*940 mm<br>Peso: 180kg&nbsp;<\/td><\/tr><tr><td>2<\/td><td>Macchina per tagliare carne<\/td><td>&nbsp;<img loading=\"lazy\" decoding=\"async\" width=\"150\" height=\"95\" class=\"wp-image-846\" style=\"width: 150px;\" src=\"http:\/\/www.meatprocessingmachine.org\/wp-content\/uploads\/2020\/10\/meat-cutting-machine.jpg\" alt=\"Separatore di ossa e carne di pollo\" title=\"\" srcset=\"https:\/\/www.meatprocessingmachine.org\/wp-content\/uploads\/2020\/10\/meat-cutting-machine.jpg 550w, https:\/\/www.meatprocessingmachine.org\/wp-content\/uploads\/2020\/10\/meat-cutting-machine-300x191.jpg 300w\" sizes=\"auto, (max-width: 150px) 100vw, 150px\" \/><\/td><td>Capacit\u00e0: 40kg\/ora<br>Potenza: 13,17 kW<br>Tensione: 380V\/50H<br>Dimensioni: 1250*1415*1610mm<br>Peso: 480kg&nbsp;<\/td><\/tr><tr><td>3<\/td><td><a href=\"http:\/\/www.meatprocessingmachine.org\/it\/vacuum-stuffing-machine.html\/\">Macchina mescolatrice per carne<\/a><\/td><td>&nbsp;<img loading=\"lazy\" decoding=\"async\" width=\"150\" height=\"95\" class=\"wp-image-847\" style=\"width: 150px;\" src=\"http:\/\/www.meatprocessingmachine.org\/wp-content\/uploads\/2020\/10\/vacuum-meat-mixer-machine.jpg\" alt=\"vacuum meat mixer machine\" title=\"\" srcset=\"https:\/\/www.meatprocessingmachine.org\/wp-content\/uploads\/2020\/10\/vacuum-meat-mixer-machine.jpg 550w, https:\/\/www.meatprocessingmachine.org\/wp-content\/uploads\/2020\/10\/vacuum-meat-mixer-machine-300x191.jpg 300w\" sizes=\"auto, (max-width: 150px) 100vw, 150px\" \/><\/td><td>Velocit\u00e0 di impennata: 100 volte\/min<br>Produzione:200-300kg\/h<br>Intervallo di quantit\u00e0: 20-500g<br>Tensione: 220V \/ 50HZ<br>Altezza centro di lavoro: 850mm<br>Dimensione complessiva 650*640*1430(mm)<br>Peso: 145kg&nbsp;<\/td><\/tr><tr><td>4<\/td><td>Macchina per riempimento salsicce<\/td><td>&nbsp;<img loading=\"lazy\" decoding=\"async\" width=\"150\" height=\"95\" class=\"wp-image-848\" style=\"width: 150px;\" src=\"http:\/\/www.meatprocessingmachine.org\/wp-content\/uploads\/2020\/10\/sausage-filling-machine.jpg\" alt=\"macchina per il riempimento delle salsicce\" title=\"\" srcset=\"https:\/\/www.meatprocessingmachine.org\/wp-content\/uploads\/2020\/10\/sausage-filling-machine.jpg 550w, https:\/\/www.meatprocessingmachine.org\/wp-content\/uploads\/2020\/10\/sausage-filling-machine-300x191.jpg 300w\" sizes=\"auto, (max-width: 150px) 100vw, 150px\" \/><\/td><td>Velocit\u00e0 di impennata: 100 volte\/min<br>Produzione :200-300kg\/h<br>Intervallo di quantit\u00e0: 20-500g<br>Tensione: 220V \/ 50HZ<br>Altezza centro di lavoro: 850mm<br>Dimensione complessiva 650*640*1430(mm)<br>Peso: 145kg&nbsp;<\/td><\/tr><tr><td>5<\/td><td><a href=\"http:\/\/www.meatprocessingmachine.org\/it\/meat-smoking-oven.html\/\">Macchina affumicatrice per salsicce<\/a><\/td><td>&nbsp;<img loading=\"lazy\" decoding=\"async\" width=\"150\" height=\"95\" class=\"wp-image-849\" style=\"width: 150px;\" src=\"http:\/\/www.meatprocessingmachine.org\/wp-content\/uploads\/2020\/10\/sausage-smoking-machine.jpg\" alt=\"sausage smoking machine\" title=\"\" srcset=\"https:\/\/www.meatprocessingmachine.org\/wp-content\/uploads\/2020\/10\/sausage-smoking-machine.jpg 550w, https:\/\/www.meatprocessingmachine.org\/wp-content\/uploads\/2020\/10\/sausage-smoking-machine-300x191.jpg 300w\" sizes=\"auto, (max-width: 150px) 100vw, 150px\" \/><\/td><td>Capacit\u00e0: 300-400 kg\/h<br>Volume: 200L<br>Potenza motore: 2,75 kW<br>Tensione: 380v 50HZ<br>Dimensione complessiva: 1400*670*1150mm&nbsp;<\/td><\/tr><tr><td>6<\/td><td>Confezionamento sottovuoto<\/td><td>&nbsp;<img loading=\"lazy\" decoding=\"async\" width=\"150\" height=\"95\" class=\"wp-image-850\" style=\"width: 150px;\" src=\"http:\/\/www.meatprocessingmachine.org\/wp-content\/uploads\/2020\/10\/sausage-packaging-machine.jpg\" alt=\"sausage packaging machine\" title=\"\" srcset=\"https:\/\/www.meatprocessingmachine.org\/wp-content\/uploads\/2020\/10\/sausage-packaging-machine.jpg 550w, https:\/\/www.meatprocessingmachine.org\/wp-content\/uploads\/2020\/10\/sausage-packaging-machine-300x191.jpg 300w\" sizes=\"auto, (max-width: 150px) 100vw, 150px\" \/><\/td><td>Potenza della pompa: 2,25 kW<br>Potenza di sigillatura: 1,5KW<br>Dimensioni: 1460*750*960mm<br>Peso: 185kg<\/td><\/tr><\/tbody><\/table><\/figure>    <h2 class=\"wp-block-heading\" id=\"h-advantages-of-the-sausage-production-line\">Vantaggi della linea di produzione di salsicce<\/h2>    <ol class=\"wp-block-list\"> <li>Lo stabilimento di lavorazione delle salsicce ha grande output, operazione semplice e alto rendimento dell'investimento.<\/li>    <li>Tutte le macchine per la lavorazione delle salsicce sono realizzate in acciaio inossidabile alimentare, che soddisfa gli standard di sicurezza e igiene alimentare.<\/li>    <li>Tutte le macchine per fare salsicce presenti nella linea sono controllate da touchscreen automatici e i componenti elettrici sono prodotti importati per garantire la durabilit\u00e0 delle macchine.<\/li>    <li>Il prodotto finale della salsiccia ha buon colore e alta qualit\u00e0.<\/li>    <li>La macchina taglia e la macchina per iniezione sono dotate di dispositivi di protezione per garantire un'operazione sicura.<\/li>    <li>La linea di produzione di salsicce ha una capacit\u00e0 di produzione continua, velocit\u00e0 di scarico rapida e alto output. \u00c8 un pezzo ideale di attrezzatura per la lavorazione delle salsicce.<\/li> <\/ol>","protected":false},"excerpt":{"rendered":"<p>La linea di produzione di salsicce contiene una serie di macchinari per la produzione di salsicce. Ha le caratteristiche di operazione semplice, alta produzione e basso costo di investimento.<\/p>","protected":false},"author":1,"featured_media":853,"parent":0,"template":"","product-type":[597],"class_list":["post-839","product","type-product","status-publish","has-post-thumbnail","hentry","product-type-production-line"],"_links":{"self":[{"href":"https:\/\/www.meatprocessingmachine.org\/it\/wp-json\/wp\/v2\/product\/839","targetHints":{"allow":["GET"]}}],"collection":[{"href":"https:\/\/www.meatprocessingmachine.org\/it\/wp-json\/wp\/v2\/product"}],"about":[{"href":"https:\/\/www.meatprocessingmachine.org\/it\/wp-json\/wp\/v2\/types\/product"}],"author":[{"embeddable":true,"href":"https:\/\/www.meatprocessingmachine.org\/it\/wp-json\/wp\/v2\/users\/1"}],"wp:featuredmedia":[{"embeddable":true,"href":"https:\/\/www.meatprocessingmachine.org\/it\/wp-json\/wp\/v2\/media\/853"}],"wp:attachment":[{"href":"https:\/\/www.meatprocessingmachine.org\/it\/wp-json\/wp\/v2\/media?parent=839"}],"wp:term":[{"taxonomy":"product-type","embeddable":true,"href":"https:\/\/www.meatprocessingmachine.org\/it\/wp-json\/wp\/v2\/product-type?post=839"}],"curies":[{"name":"wp","href":"https:\/\/api.w.org\/{rel}","templated":true}]}}