{"id":875,"date":"2020-11-04T16:33:10","date_gmt":"2020-11-04T08:33:10","guid":{"rendered":"http:\/\/www.meatprocessingmachine.org\/?p=875"},"modified":"2026-02-12T16:40:19","modified_gmt":"2026-02-12T08:40:19","slug":"industrial-sausage-stuffer-machine-in-sausage-manufacturing","status":"publish","type":"product","link":"https:\/\/www.meatprocessingmachine.org\/it\/industrial-sausage-stuffer-machine-in-sausage-manufacturing.html","title":{"rendered":"Macchina industriale per insaccare salsicce nella produzione di salsicce"},"content":{"rendered":"<div class=\"kk-star-ratings kksr-auto kksr-align-right kksr-valign-top\"     data-payload='{&quot;align&quot;:&quot;right&quot;,&quot;id&quot;:&quot;875&quot;,&quot;slug&quot;:&quot;default&quot;,&quot;valign&quot;:&quot;top&quot;,&quot;ignore&quot;:&quot;&quot;,&quot;reference&quot;:&quot;auto&quot;,&quot;class&quot;:&quot;&quot;,&quot;count&quot;:&quot;0&quot;,&quot;legendonly&quot;:&quot;&quot;,&quot;readonly&quot;:&quot;&quot;,&quot;score&quot;:&quot;0&quot;,&quot;starsonly&quot;:&quot;&quot;,&quot;best&quot;:&quot;5&quot;,&quot;gap&quot;:&quot;5&quot;,&quot;greet&quot;:&quot;Rate this product&quot;,&quot;legend&quot;:&quot;0\\\/5 - (0 votes)&quot;,&quot;size&quot;:&quot;24&quot;,&quot;title&quot;:&quot;Industrial sausage stuffer machine in sausage manufacturing&quot;,&quot;width&quot;:&quot;0&quot;,&quot;_legend&quot;:&quot;{score}\\\/{best} - ({count} {votes})&quot;,&quot;font_factor&quot;:&quot;1.25&quot;}'>              <div class=\"kksr-stars\">      <div class=\"kksr-stars-inactive\">             <div class=\"kksr-star\" data-star=\"1\" style=\"padding-right: 5px\">               <div class=\"kksr-icon\" style=\"width: 24px; height: 24px;\"><\/div>         <\/div>             <div class=\"kksr-star\" data-star=\"2\" style=\"padding-right: 5px\">               <div class=\"kksr-icon\" style=\"width: 24px; height: 24px;\"><\/div>         <\/div>             <div class=\"kksr-star\" data-star=\"3\" style=\"padding-right: 5px\">               <div class=\"kksr-icon\" style=\"width: 24px; height: 24px;\"><\/div>         <\/div>             <div class=\"kksr-star\" data-star=\"4\" style=\"padding-right: 5px\">               <div class=\"kksr-icon\" style=\"width: 24px; height: 24px;\"><\/div>         <\/div>             <div class=\"kksr-star\" data-star=\"5\" style=\"padding-right: 5px\">               <div class=\"kksr-icon\" style=\"width: 24px; height: 24px;\"><\/div>         <\/div>     <\/div>      <div class=\"kksr-stars-active\" style=\"width: 0px;\">             <div class=\"kksr-star\" style=\"padding-right: 5px\">               <div class=\"kksr-icon\" style=\"width: 24px; height: 24px;\"><\/div>         <\/div>             <div class=\"kksr-star\" style=\"padding-right: 5px\">               <div class=\"kksr-icon\" style=\"width: 24px; height: 24px;\"><\/div>         <\/div>             <div class=\"kksr-star\" style=\"padding-right: 5px\">               <div class=\"kksr-icon\" style=\"width: 24px; height: 24px;\"><\/div>         <\/div>             <div class=\"kksr-star\" style=\"padding-right: 5px\">               <div class=\"kksr-icon\" style=\"width: 24px; height: 24px;\"><\/div>         <\/div>             <div class=\"kksr-star\" style=\"padding-right: 5px\">               <div class=\"kksr-icon\" style=\"width: 24px; height: 24px;\"><\/div>         <\/div>     <\/div> <\/div>                   <div class=\"kksr-legend\" style=\"font-size: 19.2px;\">             <span class=\"kksr-muted\">Valuta questo prodotto<\/span>     <\/div>     <\/div>  <p class=\"translation-block\">The<strong> industrial sausage stuffer machine<\/strong>&nbsp;is used for sausage enema. It is the most important step in the <a href=\"http:\/\/www.meatprocessingmachine.org\/it\/sausage-production-line-for-sausage-making.html\/\">sausage manufacturing step<\/a>. The sausage meat enters the casing through the sausage stuffer to form sausages with regular shapes and sizes. According to different ways of enema, the sausage stuffing machine is divided into two categories. <strong>Hydraulic enema machine<\/strong> and <strong>pneumatic quantitative sausage stuffer machine<\/strong>. The two machines&#8217; applicable materials and working principles are very different.<\/p>    <h2 class=\"wp-block-heading\" id=\"h-hydraulic-sausage-stuffer-machine\">Macchina per il riempimento di salsicce idraulica<\/h2>    <p>La macchina idraulica per il riempimento di salsicce \u00e8 adatta al clistere di materiali granulari fini, grossolani o emulsioni di carne. Produce diversi tipi di salsicce riempiendo pellet di carne in budelli animali attraverso diversi diametri di tubi di clistere.<\/p>    <h3 class=\"wp-block-heading\" id=\"h-hydraulic-sausage-filling-machine-working-principle\">Macchina idraulica per il riempimento di salsicce<strong>&nbsp;<\/strong>principio di funzionamento<\/h3>    <p>La macchina idraulica per il clistere di salsicce utilizza una trasmissione idraulica a pistone. Spremere la carne dal caricatore attraverso la pressione di lavoro generata dal cilindro idraulico. La macchina \u00e8 adatta a una vasta gamma di materiali e pu\u00f2 essere utilizzata per riempire salsicce a forma di carne o a forma di riempimento. La macchina automatica per il riempimento di salsicce \u00e8 adatta a riempire salsicce di grandi, medie e piccole dimensioni.<\/p>    <p>In base alla diversa produzione e alle specifiche, ci sono piccoli riempitori di salsicce idraulici, a tubo singolo e a doppio tubo.<\/p>    <h3 class=\"wp-block-heading\" id=\"h-small-hydraulic-sausage-stuffing-machine\">Piccola macchina idraulica per il riempimento di salsicce<\/h3>    <figure class=\"wp-block-image size-large\"><img loading=\"lazy\" decoding=\"async\" width=\"607\" height=\"607\" src=\"http:\/\/www.meatprocessingmachine.org\/wp-content\/uploads\/2020\/11\/small-hydraulic-stuffer-machine.png\" alt=\"small hydraulic stuffer machine\" class=\"wp-image-877\" title=\"\" srcset=\"https:\/\/www.meatprocessingmachine.org\/wp-content\/uploads\/2020\/11\/small-hydraulic-stuffer-machine.png 607w, https:\/\/www.meatprocessingmachine.org\/wp-content\/uploads\/2020\/11\/small-hydraulic-stuffer-machine-300x300.png 300w, https:\/\/www.meatprocessingmachine.org\/wp-content\/uploads\/2020\/11\/small-hydraulic-stuffer-machine-150x150.png 150w\" sizes=\"auto, (max-width: 607px) 100vw, 607px\" \/><figcaption>Piccola macchina idraulica per il riempimento di salsicce<\/figcaption><\/figure>    <p>La capacit\u00e0 della piccola macchina idraulica per il riempimento di salsicce \u00e8 di 100kg\/h, il diametro di riempimento pu\u00f2 essere di 16\/18\/22mm. \u00c8 adatta a commercianti individuali e piccoli impianti di lavorazione della carne. La macchina utilizza un interruttore di commutazione e un pedale per controllare l'operazione di clistere, rendendo l'operazione pi\u00f9 sicura. Il suo grande serbatoio aumenta la produzione di clistere. Inoltre, la macchina \u00e8 portatile, facile da spostare e pu\u00f2 fare clistere ovunque.<\/p>    <h3 class=\"wp-block-heading\" id=\"h-single-and-double-tube-hydraulic-sausage-stuffer-machine\">Macchina idraulica per il riempimento di salsicce a tubo singolo e doppio<\/h3>    <p>La capacit\u00e0 della macchina di riempimento di carne singola \u00e8 di 300kg\/h, quella a doppio tubo \u00e8 di 500kg\/h.<\/p>    <figure class=\"wp-block-image size-large\"><img loading=\"lazy\" decoding=\"async\" width=\"607\" height=\"607\" src=\"http:\/\/www.meatprocessingmachine.org\/wp-content\/uploads\/2020\/11\/hydraulic-enema-machine.png\" alt=\"macchina idraulica per il clistere\" class=\"wp-image-878\" title=\"\" srcset=\"https:\/\/www.meatprocessingmachine.org\/wp-content\/uploads\/2020\/11\/hydraulic-enema-machine.png 607w, https:\/\/www.meatprocessingmachine.org\/wp-content\/uploads\/2020\/11\/hydraulic-enema-machine-300x300.png 300w, https:\/\/www.meatprocessingmachine.org\/wp-content\/uploads\/2020\/11\/hydraulic-enema-machine-150x150.png 150w\" sizes=\"auto, (max-width: 607px) 100vw, 607px\" \/><figcaption>Macchina per clistere idraulico<\/figcaption><\/figure>    <p>I due macchinari hanno un intervallo di diametro di riempimento di 12\/18\/30mm. Le differenze tra le due macchine industriali per il clistere sono il numero di tubi per lo scarico della carne. La parte superiore della macchina \u00e8 dotata di un caricatore e di una valvola a farfalla, che consente un riempimento continuo. Questo migliora notevolmente l'efficienza produttiva. Rispetto alla piccola macchina per il riempimento di carne, questa macchina ha un alto grado di automazione e una velocit\u00e0 di scarico rapida, consentendo una produzione continua. Pertanto, \u00e8 adatta a tutti i tipi di imprese.<\/p>    <h2 class=\"wp-block-heading\" id=\"h-pneumatic-quantitative-twist-enema-machine\">Macchina pneumatica per il twist e il clistere quantitativo<\/h2>    <figure class=\"wp-block-image size-large\"><img loading=\"lazy\" decoding=\"async\" width=\"692\" height=\"693\" src=\"http:\/\/www.meatprocessingmachine.org\/wp-content\/uploads\/2020\/11\/pneumatic-quantitative-sausage-stuffing-machine.png\" alt=\"pneumatic quantitative sausage stuffing machine\" class=\"wp-image-879\" title=\"\" srcset=\"https:\/\/www.meatprocessingmachine.org\/wp-content\/uploads\/2020\/11\/pneumatic-quantitative-sausage-stuffing-machine.png 692w, https:\/\/www.meatprocessingmachine.org\/wp-content\/uploads\/2020\/11\/pneumatic-quantitative-sausage-stuffing-machine-300x300.png 300w, https:\/\/www.meatprocessingmachine.org\/wp-content\/uploads\/2020\/11\/pneumatic-quantitative-sausage-stuffing-machine-150x150.png 150w\" sizes=\"auto, (max-width: 692px) 100vw, 692px\" \/><figcaption>Macchina pneumatica per il riempimento di salsicce quantitative<\/figcaption><\/figure>    <p>La macchina pneumatica per il twisting e il riempimento quantitativo \u00e8 adatta a riempire carne schiacciata. La macchina pu\u00f2 realizzare automaticamente il kink mentre effettua il riempimento quantitativo. Compensa la carenza del kink di enema quantitativo del passato, che non poteva essere completato tutto in una volta. La macchina pu\u00f2 essere quantificata tra 30-1000g, con un errore che non supera i 3g. Pu\u00f2 raggiungere 60 kink al minuto, e il diametro dell'enema \u00e8 di 10\/12\/14\/17mm.<\/p>    <h3 class=\"wp-block-heading\" id=\"h-advantages-of-pneumatic-quantitative-filling-machine\">Vantaggi della macchina di riempimento pneumatica quantitativa<\/h3>    <ol class=\"wp-block-list\"><li>Adotta un principio avanzato di controllo pneumatico e fotoelettrico, che pu\u00f2 realizzare il riempimento quantitativo automatico e il kink, con un alto grado di automazione.<\/li><li>La macchina per il riempimento di carne \u00e8 adatta a riempire vari prodotti di salsicce schiacciate.<\/li><li>Le parti a contatto con il materiale e l'imballaggio esterno sono entrambe in acciaio inossidabile alimentare, con un aspetto bello.<\/li><li>Pu\u00f2 abbinarsi con il<strong> Macchina per il legame dei fili<\/strong>&nbsp;per realizzare la produzione automatica.<\/li><li>La macchina ha una struttura stabile, operazione semplice e facile da pulire. \u00c8 adatta a imprese di lavorazione della carne di medie e piccole dimensioni.<\/li><\/ol>    <h3 class=\"wp-block-heading\" id=\"h-precautions\">Precauzioni<\/h3>    <ol class=\"wp-block-list\"><li>La macchina industriale per il riempimento di salsicce \u00e8 adatta per il riempimento di carne schiacciata.<\/li><li>Per soddisfare i requisiti di peso di riempimento, pu\u00f2 essere realizzato tramite la distanza di avanzamento del cilindro.<\/li><li>Puoi controllare il tempo di arresto e il tempo di lavoro del twisting controllando il tempo dell'avanzamento e del ritiro del pistone del cilindro.<\/li><li>Prima che la carne venga inserita nel caricatore, dovrebbe essere esposta all'aria il meno possibile per evitare di produrre buchi. Pertanto, puoi usare un <strong>Macchina per il riempimento di carne sottovuoto<\/strong>&nbsp;invece di una macchina di miscelazione comune.<\/li><li>Il diametro delle budella dovrebbe corrispondere ai diametri del tubo di clistere, alla pressione del ripieno di carne, al numero di cerchi di torsione.<\/li><\/ol>","protected":false},"excerpt":{"rendered":"<p>Per la produzione di salsicce, la macchina per il riempimento di salsicce \u00e8 la pi\u00f9 importante. Forniamo una macchina idraulica per il clistere e una macchina pneumatica per il riempimento di salsicce quantitative.<\/p>","protected":false},"author":1,"featured_media":885,"parent":0,"template":"","product-type":[598],"class_list":["post-875","product","type-product","status-publish","has-post-thumbnail","hentry","product-type-supporting-auxiliary-equipment"],"_links":{"self":[{"href":"https:\/\/www.meatprocessingmachine.org\/it\/wp-json\/wp\/v2\/product\/875","targetHints":{"allow":["GET"]}}],"collection":[{"href":"https:\/\/www.meatprocessingmachine.org\/it\/wp-json\/wp\/v2\/product"}],"about":[{"href":"https:\/\/www.meatprocessingmachine.org\/it\/wp-json\/wp\/v2\/types\/product"}],"author":[{"embeddable":true,"href":"https:\/\/www.meatprocessingmachine.org\/it\/wp-json\/wp\/v2\/users\/1"}],"wp:featuredmedia":[{"embeddable":true,"href":"https:\/\/www.meatprocessingmachine.org\/it\/wp-json\/wp\/v2\/media\/885"}],"wp:attachment":[{"href":"https:\/\/www.meatprocessingmachine.org\/it\/wp-json\/wp\/v2\/media?parent=875"}],"wp:term":[{"taxonomy":"product-type","embeddable":true,"href":"https:\/\/www.meatprocessingmachine.org\/it\/wp-json\/wp\/v2\/product-type?post=875"}],"curies":[{"name":"wp","href":"https:\/\/api.w.org\/{rel}","templated":true}]}}