{"id":899,"date":"2020-11-27T10:07:52","date_gmt":"2020-11-27T02:07:52","guid":{"rendered":"http:\/\/www.meatprocessingmachine.org\/?p=899"},"modified":"2026-04-02T10:14:06","modified_gmt":"2026-04-02T02:14:06","slug":"bone-grinder-machine-meat-and-bone-grinder","status":"publish","type":"product","link":"https:\/\/www.meatprocessingmachine.org\/it\/bone-grinder-machine-meat-and-bone-grinder.html","title":{"rendered":"Macchina per la Macinazione delle Ossa | Macchina per la Macinazione di Pasta di Ossa di Pesce e Manzo"},"content":{"rendered":"<div class=\"kk-star-ratings kksr-auto kksr-align-right kksr-valign-top\"     data-payload='{&quot;align&quot;:&quot;right&quot;,&quot;id&quot;:&quot;899&quot;,&quot;slug&quot;:&quot;default&quot;,&quot;valign&quot;:&quot;top&quot;,&quot;ignore&quot;:&quot;&quot;,&quot;reference&quot;:&quot;auto&quot;,&quot;class&quot;:&quot;&quot;,&quot;count&quot;:&quot;2&quot;,&quot;legendonly&quot;:&quot;&quot;,&quot;readonly&quot;:&quot;&quot;,&quot;score&quot;:&quot;5&quot;,&quot;starsonly&quot;:&quot;&quot;,&quot;best&quot;:&quot;5&quot;,&quot;gap&quot;:&quot;5&quot;,&quot;greet&quot;:&quot;Rate this product&quot;,&quot;legend&quot;:&quot;5\\\/5 - (2 votes)&quot;,&quot;size&quot;:&quot;24&quot;,&quot;title&quot;:&quot;Bone Grinder Machine | Fish and Beef Bone Paste Grinding Machine&quot;,&quot;width&quot;:&quot;142.5&quot;,&quot;_legend&quot;:&quot;{score}\\\/{best} - ({count} {votes})&quot;,&quot;font_factor&quot;:&quot;1.25&quot;}'>              <div class=\"kksr-stars\">      <div class=\"kksr-stars-inactive\">             <div class=\"kksr-star\" data-star=\"1\" style=\"padding-right: 5px\">               <div class=\"kksr-icon\" style=\"width: 24px; height: 24px;\"><\/div>         <\/div>             <div class=\"kksr-star\" data-star=\"2\" style=\"padding-right: 5px\">               <div class=\"kksr-icon\" style=\"width: 24px; height: 24px;\"><\/div>         <\/div>             <div class=\"kksr-star\" data-star=\"3\" style=\"padding-right: 5px\">               <div class=\"kksr-icon\" style=\"width: 24px; height: 24px;\"><\/div>         <\/div>             <div class=\"kksr-star\" data-star=\"4\" style=\"padding-right: 5px\">               <div class=\"kksr-icon\" style=\"width: 24px; height: 24px;\"><\/div>         <\/div>             <div class=\"kksr-star\" data-star=\"5\" style=\"padding-right: 5px\">               <div class=\"kksr-icon\" style=\"width: 24px; height: 24px;\"><\/div>         <\/div>     <\/div>      <div class=\"kksr-stars-active\" style=\"width: 142.5px;\">             <div class=\"kksr-star\" style=\"padding-right: 5px\">               <div class=\"kksr-icon\" style=\"width: 24px; height: 24px;\"><\/div>         <\/div>             <div class=\"kksr-star\" style=\"padding-right: 5px\">               <div class=\"kksr-icon\" style=\"width: 24px; height: 24px;\"><\/div>         <\/div>             <div class=\"kksr-star\" style=\"padding-right: 5px\">               <div class=\"kksr-icon\" style=\"width: 24px; height: 24px;\"><\/div>         <\/div>             <div class=\"kksr-star\" style=\"padding-right: 5px\">               <div class=\"kksr-icon\" style=\"width: 24px; height: 24px;\"><\/div>         <\/div>             <div class=\"kksr-star\" style=\"padding-right: 5px\">               <div class=\"kksr-icon\" style=\"width: 24px; height: 24px;\"><\/div>         <\/div>     <\/div> <\/div>                   <div class=\"kksr-legend\" style=\"font-size: 19.2px;\">             5\/5 - (2 voti)    <\/div>     <\/div>  <p>La macchina tritacarne di ossa \u00e8 un'apparecchiatura migliorata speciale sulla base del colloide. \u00c8 principalmente usata per macinare l'acqua di ossa frantumate in purea, fango, e macinare fino a una finezza di 100-200 mesh. Il materiale \u00e8 pulverizzato ultra-fine, il che pu\u00f2 pulverizzare, emulsificare, omogeneizzare e mescolare vari corpi semi-umidi e sostanze in emulsione. Gli indicatori tecnici principali hanno raggiunto il livello avanzato di prodotti simili stranieri.<\/p>    <figure class=\"wp-block-embed is-type-video is-provider-youtube wp-block-embed-youtube wp-embed-aspect-16-9 wp-has-aspect-ratio\"><div class=\"wp-block-embed__wrapper\"> <iframe loading=\"lazy\" title=\"Macchina tritacarne per ossa | Attrezzatura ad alta efficienza per la lavorazione di poltiglia di ossa\ud83e\udd69\" width=\"500\" height=\"281\" src=\"https:\/\/www.youtube.com\/embed\/GVGE_Dk08ss?feature=oembed\" frameborder=\"0\" allow=\"accelerometer; autoplay; clipboard-write; encrypted-media; gyroscope; picture-in-picture; web-share\" referrerpolicy=\"strict-origin-when-cross-origin\" allowfullscreen><\/iframe> <\/div><\/figure>    <h2 class=\"wp-block-heading\">Quali materie prime pu\u00f2 processare la macchina tritacarne di ossa?<\/h2>   <div class=\"wp-block-image\"> <figure class=\"aligncenter size-full\"><img loading=\"lazy\" decoding=\"async\" width=\"720\" height=\"540\" src=\"https:\/\/www.meatprocessingmachine.org\/wp-content\/uploads\/2020\/11\/raw-materials-of-the-bone-grinder.png\" alt=\"materie prime della macchina tritacarne di ossa\" class=\"wp-image-33064\" title=\"\" srcset=\"https:\/\/www.meatprocessingmachine.org\/wp-content\/uploads\/2020\/11\/raw-materials-of-the-bone-grinder.png 720w, https:\/\/www.meatprocessingmachine.org\/wp-content\/uploads\/2020\/11\/raw-materials-of-the-bone-grinder-300x225.png 300w\" sizes=\"auto, (max-width: 720px) 100vw, 720px\" \/><figcaption class=\"wp-element-caption\">materie prime della macchina tritacarne di ossa<\/figcaption><\/figure> <\/div>   <p><br>La macchina tritacarne di ossa pu\u00f2 macinare tutti i tipi di ossa, principalmente tutti i tipi di ossa di manzo, agnello, pesce, pollo, ecc. Per la macinazione, se le ossa e la carne sono troppo grandi, come grandi pezzi di ossa di manzo, ossa di maiale, ecc., \u00e8 necessario prima spezzarle, e le ossa devono essere frantumate in granuli, questo pu\u00f2 migliorare l'efficienza del lavoro ma anche proteggere la macchina da danni agli utensili a causa di ossa eccessivamente dure.<\/p>    <h2 class=\"wp-block-heading\" id=\"h-application-of-bone-grinder-machine\">Applicazione della macchina tritacarne di ossa<\/h2>    <figure class=\"wp-block-gallery has-nested-images columns-default is-cropped wp-block-gallery-2 is-layout-flex wp-block-gallery-is-layout-flex\"> <figure class=\"wp-block-image size-large\"><img loading=\"lazy\" decoding=\"async\" width=\"720\" height=\"540\" data-id=\"33073\" src=\"https:\/\/www.meatprocessingmachine.org\/wp-content\/uploads\/2020\/11\/pet-food.png\" alt=\"pet food\" class=\"wp-image-33073\" title=\"\" srcset=\"https:\/\/www.meatprocessingmachine.org\/wp-content\/uploads\/2020\/11\/pet-food.png 720w, https:\/\/www.meatprocessingmachine.org\/wp-content\/uploads\/2020\/11\/pet-food-300x225.png 300w\" sizes=\"auto, (max-width: 720px) 100vw, 720px\" \/><figcaption class=\"wp-element-caption\">Alimento per animali<\/figcaption><\/figure>    <figure class=\"wp-block-image size-large\"><img loading=\"lazy\" decoding=\"async\" width=\"720\" height=\"540\" data-id=\"33074\" src=\"https:\/\/www.meatprocessingmachine.org\/wp-content\/uploads\/2020\/11\/sausage.png\" alt=\"salsiccia\" class=\"wp-image-33074\" title=\"\" srcset=\"https:\/\/www.meatprocessingmachine.org\/wp-content\/uploads\/2020\/11\/sausage.png 720w, https:\/\/www.meatprocessingmachine.org\/wp-content\/uploads\/2020\/11\/sausage-300x225.png 300w\" sizes=\"auto, (max-width: 720px) 100vw, 720px\" \/><figcaption class=\"wp-element-caption\">Salsiccia<\/figcaption><\/figure>    <figure class=\"wp-block-image size-large\"><img loading=\"lazy\" decoding=\"async\" width=\"720\" height=\"540\" data-id=\"33075\" src=\"https:\/\/www.meatprocessingmachine.org\/wp-content\/uploads\/2020\/11\/soup-stock.png\" alt=\"soup stock\" class=\"wp-image-33075\" title=\"\" srcset=\"https:\/\/www.meatprocessingmachine.org\/wp-content\/uploads\/2020\/11\/soup-stock.png 720w, https:\/\/www.meatprocessingmachine.org\/wp-content\/uploads\/2020\/11\/soup-stock-300x225.png 300w\" sizes=\"auto, (max-width: 720px) 100vw, 720px\" \/><figcaption class=\"wp-element-caption\">Brodo di zuppa<\/figcaption><\/figure> <\/figure>    <p>Secondo la composizione e le caratteristiche delle ossa di animali, adotta un principio di frantumazione speciale per fare la pasta di ossa. Le ossa di animali contengono molti nutrienti come proteine e grassi. \u00c8 un prodotto ad alto contenuto nutritivo e basso contenuto calorico. La farina di ossa e la pasta di ossa fatte da ossa di animali contengono molti nutrienti necessari al corpo umano, come proteine, grassi, vitamine, collagene, calcio, ecc. Attualmente, la pasta di ossa \u00e8 usata principalmente come additivo alimentare o direttamente per produrre condimenti. La pasta di ossa \u00e8 ampiamente usata in Europa, Giappone, Stati Uniti e altri paesi per fare polpette, polpette di carne, insaccati, e altri prodotti. In Cina, la pasta di ossa \u00e8 anche ampiamente usata in prodotti di carne ad alta temperatura, alimenti in scatola e altri alimenti, e pu\u00f2 essere usata anche per fare zuppe.<\/p>    <h2 class=\"wp-block-heading\">Parametri della macchina tritacarne di ossa<\/h2>    <ul class=\"wp-block-list\"> <li>Modello: TZ-80 Macchina di pasta di ossa<\/li>    <li>Finezza di lavorazione: 2-50\u03bcm<\/li>    <li>Output: 50-100kg\/h<\/li>    <li>Potenza: 4kw<\/li>    <li>Peso: 150kg<\/li>    <li>Dimensioni: 600*410*930mm<\/li> <\/ul>    <h2 class=\"wp-block-heading\" id=\"h-bone-grinder-machine-working-principle\">Principio di funzionamento della macchina tritacarne di ossa<\/h2>    <p class=\"translation-block\">Se la tua materia prima sono ossa grandi, hai bisogno di <a href=\"https:\/\/www.meatprocessingmachine.org\/it\/animal-bone-crushing-machine.html\/\">una macchina frantumatrice di ossa <\/a>per frantumare le ossa grandi in polvere di ossa granulare uniforme. Poi macina le particelle piccole con la macchina tritacarne di ossa. Ci\u00f2 ridurr\u00e0 il danno delle ossa dure ai denti di taglio della macchina.<\/p>   <div class=\"wp-block-image\"> <figure class=\"aligncenter size-full\"><img loading=\"lazy\" decoding=\"async\" width=\"720\" height=\"540\" src=\"https:\/\/www.meatprocessingmachine.org\/wp-content\/uploads\/2020\/11\/beef-bone-paste-grinding.png\" alt=\"macinazione di pasta di ossa di manzo\" class=\"wp-image-33065\" title=\"\" srcset=\"https:\/\/www.meatprocessingmachine.org\/wp-content\/uploads\/2020\/11\/beef-bone-paste-grinding.png 720w, https:\/\/www.meatprocessingmachine.org\/wp-content\/uploads\/2020\/11\/beef-bone-paste-grinding-300x225.png 300w\" sizes=\"auto, (max-width: 720px) 100vw, 720px\" \/><figcaption class=\"wp-element-caption\">macinazione di pasta di ossa di manzo<\/figcaption><\/figure> <\/div>   <p>Il tritacarne di carne e ossa macina i materiali attraverso il movimento ad alta velocit\u00e0 di statori e rotori di diverse forme geometriche. Quando lo statore e il rotore si muovono ad alta velocit\u00e0, generano diverse forze combinate come vibrazione ad alta frequenza, vortice ad alta velocit\u00e0 e forza di taglio. Sotto l'azione di queste forze combinate, la macchina macina il materiale e lo rende raffinato. La macchina tritacarne di ossa Taizy adotta una lavorazione raffinata. Ci sono tre zone di macinazione nella camera di frantumazione della macchina. Le tre zone di macinazione sono la zona di macinazione grossolana, la zona di macinazione fine e la zona di macinazione superfine. Attraverso queste tre zone di macinazione, si raggiunge il massimo grado di rottura e si soddisfano i requisiti di finezza e levigatezza.<\/p>    <h2 class=\"wp-block-heading\" id=\"h-fish-and-beef-bone-paste-grinding-machine-characteristics\">Caratteristiche della macchina di macinazione di pasta di ossa di pesce e manzo<\/h2>   <div class=\"wp-block-image\"> <figure class=\"aligncenter size-full\"><img loading=\"lazy\" decoding=\"async\" width=\"720\" height=\"540\" src=\"https:\/\/www.meatprocessingmachine.org\/wp-content\/uploads\/2020\/11\/bone-grinder-machine-1.jpg\" alt=\"macchina-tritacarne-di-ossa\" class=\"wp-image-33066\" title=\"\" srcset=\"https:\/\/www.meatprocessingmachine.org\/wp-content\/uploads\/2020\/11\/bone-grinder-machine-1.jpg 720w, https:\/\/www.meatprocessingmachine.org\/wp-content\/uploads\/2020\/11\/bone-grinder-machine-1-300x225.jpg 300w\" sizes=\"auto, (max-width: 720px) 100vw, 720px\" \/><figcaption class=\"wp-element-caption\">macchina-tritacarne-di-ossa<\/figcaption><\/figure> <\/div>   <ol style=\"list-style-type:1\" class=\"wp-block-list\"> <li>La macchina di macinazione di ossa ha specifiche verticali, orizzontali, divise e altre, e la macchina ha una variet\u00e0 di capacit\u00e0.<\/li>    <li>La macchina \u00e8 composta principalmente da una copertura, testa di macinazione, maniglia di regolazione, meccanismo di raffreddamento, motore e altre parti. Le sue parti principali sono in acciaio inossidabile di qualit\u00e0 alimentare, resistente alla corrosione, sicura ed efficiente.<\/li>    <li>Questa macchina pu\u00f2 essere usata non solo per fare una pasta di ossa, ma anche per fare burro di arachidi, salsa di chili, latte di soia e altri alimenti. \u00c8 anche ampiamente applicata nelle industrie di prodotti di uso quotidiano, chimiche, farmaceutiche e altre. In base alle diverse caratteristiche dei materiali, puoi scegliere macchine di diverse specifiche e modelli per la produzione.<\/li>    <li>La macchina tritacarne di ossa ha caratteristiche di struttura compatta, aspetto bello, prestazioni stabili e operazione conveniente.<\/li>    <li>La pasta di ossa prodotta da questa macchina \u00e8 un materiale fine ideale. E pu\u00f2 controllare la finezza della macinazione regolando la maniglia di regolazione e aumentando il numero di passaggi di macinazione.<\/li>    <li>Il disco di macinazione della macchina di macinazione di pasta di ossa \u00e8 rinforzato per renderlo resistente alla corrosione e all'usura.<\/li> <\/ol>    <h2 class=\"wp-block-heading\" id=\"h-precautions-of-fish-and-beef-bone-paste-grinding-machine\">Precauzioni per la macchina di macinazione di pasta di ossa di pesce e manzo<\/h2>   <div class=\"wp-block-image\"> <figure class=\"aligncenter size-full\"><img loading=\"lazy\" decoding=\"async\" width=\"720\" height=\"540\" src=\"https:\/\/www.meatprocessingmachine.org\/wp-content\/uploads\/2020\/11\/bone-grinder-machine-1.png\" alt=\"macchina tritacarne di ossa\" class=\"wp-image-33072\" title=\"\" srcset=\"https:\/\/www.meatprocessingmachine.org\/wp-content\/uploads\/2020\/11\/bone-grinder-machine-1.png 720w, https:\/\/www.meatprocessingmachine.org\/wp-content\/uploads\/2020\/11\/bone-grinder-machine-1-300x225.png 300w\" sizes=\"auto, (max-width: 720px) 100vw, 720px\" \/><figcaption class=\"wp-element-caption\">macchina tritacarne di ossa<\/figcaption><\/figure> <\/div>   <ol style=\"list-style-type:1\" class=\"wp-block-list\"> <li>Devi installare la macchina di macinazione di pasta di ossa su terreno livellato per garantire un funzionamento regolare.<\/li>    <li>La macchina esegue in modo intelligente il processo di lavorazione umida e non pu\u00f2 processare materiali solidi secchi.<\/li>    <li>Prima di usare la macchina per la macinazione, controlla se le viti di ogni parte della macchina sono serrate. E verifica se il rotore entra in contatto con lo statore, e se \u00e8 bloccato.<\/li>    <li>&nbsp;Controlla se ci sono impurit\u00e0 all'interno del contenitore e della macchina. Quando si posizionano i materiali, bisogna controllare che siano entro 1mm. \u00c8 severamente vietato mettere ferro e particelle dure nella macchina.<\/li>    <li>Collega l'alimentazione e verifica se la direzione di rotazione del rotore \u00e8 coerente con la freccia sulla base.<\/li>    <li>Dopo aver avviato il motore, controlla se ci sono anomalie come rumore.<\/li> <\/ol>    <h2 class=\"wp-block-heading\" id=\"h-how-to-adjust-the-bone-grinder-machine-gap\">Come regolare la distanza della macchina tritacarne di ossa?<\/h2>   <div class=\"wp-block-image\"> <figure class=\"aligncenter size-full\"><img loading=\"lazy\" decoding=\"async\" width=\"720\" height=\"540\" src=\"https:\/\/www.meatprocessingmachine.org\/wp-content\/uploads\/2020\/11\/beef-bone-paste-grinding-machinel.png\" alt=\" macchina di macinazione di pasta di ossa di manzo\" class=\"wp-image-33090\" title=\"\" srcset=\"https:\/\/www.meatprocessingmachine.org\/wp-content\/uploads\/2020\/11\/beef-bone-paste-grinding-machinel.png 720w, https:\/\/www.meatprocessingmachine.org\/wp-content\/uploads\/2020\/11\/beef-bone-paste-grinding-machinel-300x225.png 300w\" sizes=\"auto, (max-width: 720px) 100vw, 720px\" \/><figcaption class=\"wp-element-caption\"> macchina di macinazione di pasta di ossa di manzo<\/figcaption><\/figure> <\/div>   <p>Potrebbe esserci una diversa esigenza di finezza della pasta di ossa macinata per diversi clienti. Quindi come regolare la macchina tritacarne di ossa per ottenere la finezza desiderata? Puoi regolare la maniglia di regolazione per regolare la finezza della pasta di ossa macinata. Ruota la maniglia di regolazione in senso orario, e lo spazio tra statore e rotore diventa pi\u00f9 piccolo. E la finezza della macinazione diventa pi\u00f9 fine. Quando regoli la maniglia, ruotala in senso orario. Quando senti un po' di attrito, ruotala nella direzione opposta in modo che lo spazio tra le teste di macinazione sia maggiore di 0. Dopo aver regolato la finezza, serrate la maniglia sull'anello di regolazione. Per soddisfare i requisiti di finezza di lavorazione, rendi lo spazio tra i dischi di macinazione il pi\u00f9 grande possibile. Questo pu\u00f2 aumentare la durata della vita utile della testa di macinazione.<\/p>    <h2 class=\"wp-block-heading\">Caso cliente di macchina di macinazione di ossa<\/h2>   <div class=\"wp-block-image\"> <figure class=\"aligncenter size-full\"><img loading=\"lazy\" decoding=\"async\" width=\"720\" height=\"540\" src=\"https:\/\/www.meatprocessingmachine.org\/wp-content\/uploads\/2020\/11\/bone-grinder-machine.png\" alt=\"macchina-tritacarne-di-ossa\" class=\"wp-image-33068\" title=\"\" srcset=\"https:\/\/www.meatprocessingmachine.org\/wp-content\/uploads\/2020\/11\/bone-grinder-machine.png 720w, https:\/\/www.meatprocessingmachine.org\/wp-content\/uploads\/2020\/11\/bone-grinder-machine-300x225.png 300w\" sizes=\"auto, (max-width: 720px) 100vw, 720px\" \/><figcaption class=\"wp-element-caption\">macchina di macinazione di ossa<\/figcaption><\/figure> <\/div>   <p><br>Recentemente abbiamo spedito il frantumatore di ossa e il tritacarne di ossa e li abbiamo consegnati al cliente. Il cliente ha bisogno di lavorare cibo per animali. La materia prima utilizzata \u00e8 osso di maiale, ma l'osso \u00e8 relativamente grande, quindi deve essere prima spezzato e poi macinato. Le ossa vengono aggiunte al cibo per animali, il che pu\u00f2 non solo aumentare l'aroma del cibo per animali ma anche fornire ricchezza di nutrizione.<\/p>    <h2 class=\"wp-block-heading\">Video della macchina di macinazione di ossa<\/h2>    <figure class=\"wp-block-embed aligncenter is-type-video is-provider-youtube wp-block-embed-youtube\"><div class=\"wp-block-embed__wrapper\"> <iframe loading=\"lazy\" title=\"Quale macchina pu\u00f2 macinare le ossa? | macchina di macinazione di ossa di pesce e manzo in vendita | macchina tritacarne\" width=\"500\" height=\"281\" src=\"https:\/\/www.youtube.com\/embed\/aJFLYTwqDF0?feature=oembed\" frameborder=\"0\" allow=\"accelerometer; autoplay; clipboard-write; encrypted-media; gyroscope; picture-in-picture; web-share\" referrerpolicy=\"strict-origin-when-cross-origin\" allowfullscreen><\/iframe> <\/div><figcaption class=\"wp-element-caption\">macchina di macinazione di ossa<\/figcaption><\/figure>","protected":false},"excerpt":{"rendered":"<p>La macchina tritacarne di ossa \u00e8 solitamente combinata con una macchina frantumatrice di ossa per frantumare ossa di animali e produrre pasta di ossa.<\/p>","protected":false},"author":1,"featured_media":33067,"parent":0,"template":"","product-type":[594],"class_list":["post-899","product","type-product","status-publish","has-post-thumbnail","hentry","product-type-bone-processing-equipment"],"_links":{"self":[{"href":"https:\/\/www.meatprocessingmachine.org\/it\/wp-json\/wp\/v2\/product\/899","targetHints":{"allow":["GET"]}}],"collection":[{"href":"https:\/\/www.meatprocessingmachine.org\/it\/wp-json\/wp\/v2\/product"}],"about":[{"href":"https:\/\/www.meatprocessingmachine.org\/it\/wp-json\/wp\/v2\/types\/product"}],"author":[{"embeddable":true,"href":"https:\/\/www.meatprocessingmachine.org\/it\/wp-json\/wp\/v2\/users\/1"}],"wp:featuredmedia":[{"embeddable":true,"href":"https:\/\/www.meatprocessingmachine.org\/it\/wp-json\/wp\/v2\/media\/33067"}],"wp:attachment":[{"href":"https:\/\/www.meatprocessingmachine.org\/it\/wp-json\/wp\/v2\/media?parent=899"}],"wp:term":[{"taxonomy":"product-type","embeddable":true,"href":"https:\/\/www.meatprocessingmachine.org\/it\/wp-json\/wp\/v2\/product-type?post=899"}],"curies":[{"name":"wp","href":"https:\/\/api.w.org\/{rel}","templated":true}]}}