{"id":91,"date":"2018-10-25T06:08:16","date_gmt":"2018-10-24T22:08:16","guid":{"rendered":"http:\/\/www.meatprocessingmachine.org\/?p=91"},"modified":"2023-02-16T13:51:39","modified_gmt":"2023-02-16T05:51:39","slug":"frozen-meat-cutting-machine","status":"publish","type":"product","link":"https:\/\/www.meatprocessingmachine.org\/it\/frozen-meat-cutting-machine.html","title":{"rendered":"Frantumatore di blocchi di carne congelata per affettatrice e frantumatrice di carne"},"content":{"rendered":"<div class=\"kk-star-ratings kksr-auto kksr-align-right kksr-valign-top\"     data-payload='{&quot;align&quot;:&quot;right&quot;,&quot;id&quot;:&quot;91&quot;,&quot;slug&quot;:&quot;default&quot;,&quot;valign&quot;:&quot;top&quot;,&quot;ignore&quot;:&quot;&quot;,&quot;reference&quot;:&quot;auto&quot;,&quot;class&quot;:&quot;&quot;,&quot;count&quot;:&quot;0&quot;,&quot;legendonly&quot;:&quot;&quot;,&quot;readonly&quot;:&quot;&quot;,&quot;score&quot;:&quot;0&quot;,&quot;starsonly&quot;:&quot;&quot;,&quot;best&quot;:&quot;5&quot;,&quot;gap&quot;:&quot;5&quot;,&quot;greet&quot;:&quot;Rate this product&quot;,&quot;legend&quot;:&quot;0\\\/5 - (0 votes)&quot;,&quot;size&quot;:&quot;24&quot;,&quot;title&quot;:&quot;Frozen meat cutting machine | Frozen meat slicer&quot;,&quot;width&quot;:&quot;0&quot;,&quot;_legend&quot;:&quot;{score}\\\/{best} - ({count} {votes})&quot;,&quot;font_factor&quot;:&quot;1.25&quot;}'>              <div class=\"kksr-stars\">      <div class=\"kksr-stars-inactive\">             <div class=\"kksr-star\" data-star=\"1\" style=\"padding-right: 5px\">               <div class=\"kksr-icon\" style=\"width: 24px; height: 24px;\"><\/div>         <\/div>             <div class=\"kksr-star\" data-star=\"2\" style=\"padding-right: 5px\">               <div class=\"kksr-icon\" style=\"width: 24px; height: 24px;\"><\/div>         <\/div>             <div class=\"kksr-star\" data-star=\"3\" style=\"padding-right: 5px\">               <div class=\"kksr-icon\" style=\"width: 24px; height: 24px;\"><\/div>         <\/div>             <div class=\"kksr-star\" data-star=\"4\" style=\"padding-right: 5px\">               <div class=\"kksr-icon\" style=\"width: 24px; height: 24px;\"><\/div>         <\/div>             <div class=\"kksr-star\" data-star=\"5\" style=\"padding-right: 5px\">               <div class=\"kksr-icon\" style=\"width: 24px; height: 24px;\"><\/div>         <\/div>     <\/div>      <div class=\"kksr-stars-active\" style=\"width: 0px;\">             <div class=\"kksr-star\" style=\"padding-right: 5px\">               <div class=\"kksr-icon\" style=\"width: 24px; height: 24px;\"><\/div>         <\/div>             <div class=\"kksr-star\" style=\"padding-right: 5px\">               <div class=\"kksr-icon\" style=\"width: 24px; height: 24px;\"><\/div>         <\/div>             <div class=\"kksr-star\" style=\"padding-right: 5px\">               <div class=\"kksr-icon\" style=\"width: 24px; height: 24px;\"><\/div>         <\/div>             <div class=\"kksr-star\" style=\"padding-right: 5px\">               <div class=\"kksr-icon\" style=\"width: 24px; height: 24px;\"><\/div>         <\/div>             <div class=\"kksr-star\" style=\"padding-right: 5px\">               <div class=\"kksr-icon\" style=\"width: 24px; height: 24px;\"><\/div>         <\/div>     <\/div> <\/div>                   <div class=\"kksr-legend\" style=\"font-size: 19.2px;\">             <span class=\"kksr-muted\">Valuta questo prodotto<\/span>     <\/div>     <\/div>  <p class=\"translation-block\">La macchina per il taglio di carne congelata pu\u00f2 frantumare la carne congelata, e la carne tritata pu\u00f2 essere inserita nel tritacarne per essere macinata in ripieno di carne, usato per fare prodotti come salsicce, tortini di carne, polpette, ecc. Questo <a href=\"https:\/\/www.meatprocessingmachine.org\/it\/frozen-meat-block-crushing-and-grinder-line.html\/\" data-type=\"URL\" data-id=\"https:\/\/www.meatprocessingmachine.org\/frozen-meat-block-crushing-and-grinder-line.html\">affettatrice di carne congelata<\/a> si trova in Australia, Indonesia, Spagna, Sud Africa e Filippine ed \u00e8 molto venduta.<\/p>    <figure class=\"wp-block-gallery has-nested-images columns-default is-cropped wp-block-gallery-2 is-layout-flex wp-block-gallery-is-layout-flex\"> <figure class=\"wp-block-image size-large\"><img loading=\"lazy\" decoding=\"async\" width=\"720\" height=\"540\" data-id=\"34146\" src=\"https:\/\/www.meatprocessingmachine.org\/wp-content\/uploads\/2018\/10\/frozen-meat-before-breaking.webp\" alt=\"frozen meat before crushing\" class=\"wp-image-34146\" title=\"\" srcset=\"https:\/\/www.meatprocessingmachine.org\/wp-content\/uploads\/2018\/10\/frozen-meat-before-breaking.webp 720w, https:\/\/www.meatprocessingmachine.org\/wp-content\/uploads\/2018\/10\/frozen-meat-before-breaking-300x225.webp 300w\" sizes=\"auto, (max-width: 720px) 100vw, 720px\" \/><figcaption class=\"wp-element-caption\">Carne congelata prima della frantumazione<\/figcaption><\/figure>    <figure class=\"wp-block-image size-large\"><img loading=\"lazy\" decoding=\"async\" width=\"720\" height=\"540\" data-id=\"34147\" src=\"https:\/\/www.meatprocessingmachine.org\/wp-content\/uploads\/2018\/10\/After-frozen-meat-crushing.webp\" alt=\"Dopo la frantumazione della carne congelata\" class=\"wp-image-34147\" title=\"\" srcset=\"https:\/\/www.meatprocessingmachine.org\/wp-content\/uploads\/2018\/10\/After-frozen-meat-crushing.webp 720w, https:\/\/www.meatprocessingmachine.org\/wp-content\/uploads\/2018\/10\/After-frozen-meat-crushing-300x225.webp 300w\" sizes=\"auto, (max-width: 720px) 100vw, 720px\" \/><figcaption class=\"wp-element-caption\">Dopo la frantumazione della carne congelata<\/figcaption><\/figure> <\/figure>   <h2>Introduzione alla macchina per il taglio di carne congelata<\/h2> <p class=\"translation-block\">The frozen meat cutting machine can directly cut frozen meat pieces, which is indispensable equipment in the processing of meat products. The whole machine is made of high-quality stainless steel, and the blade is made of high-quality alloy with a good cutting effect. There is no need to thaw during the production process, and it can directly cut all kinds of frozen meat from -18\u00b0C to -12\u00b0C. This machine reduces the freezing and thawing time and avoids the loss of nutrients during the meat re-lowering process, and reduces the users&#8217; cost. <strong>The frozen meat-cutting machine<\/strong> makes the meat free from secondary pollution and loss, ensuring deliciousness,\u00a0 nutrients, and taste.<\/p>   <figure class=\"wp-block-gallery has-nested-images columns-default is-cropped wp-block-gallery-3 is-layout-flex wp-block-gallery-is-layout-flex\"> <figure class=\"wp-block-image size-large\"><img loading=\"lazy\" decoding=\"async\" width=\"720\" height=\"540\" data-id=\"34131\" src=\"https:\/\/www.meatprocessingmachine.org\/wp-content\/uploads\/2018\/10\/Frozen-meat-slicer.webp\" alt=\"Carne congelata affettatrice\" class=\"wp-image-34131\" title=\"\" srcset=\"https:\/\/www.meatprocessingmachine.org\/wp-content\/uploads\/2018\/10\/Frozen-meat-slicer.webp 720w, https:\/\/www.meatprocessingmachine.org\/wp-content\/uploads\/2018\/10\/Frozen-meat-slicer-300x225.webp 300w\" sizes=\"auto, (max-width: 720px) 100vw, 720px\" \/><figcaption class=\"wp-element-caption\">Affettatrice di carne congelata<\/figcaption><\/figure>    <figure class=\"wp-block-image size-large\"><img loading=\"lazy\" decoding=\"async\" width=\"720\" height=\"540\" data-id=\"34133\" src=\"https:\/\/www.meatprocessingmachine.org\/wp-content\/uploads\/2018\/10\/Frozen-meat-slicer-1.webp\" alt=\"Carne congelata affettatrice\" class=\"wp-image-34133\" title=\"\" srcset=\"https:\/\/www.meatprocessingmachine.org\/wp-content\/uploads\/2018\/10\/Frozen-meat-slicer-1.webp 720w, https:\/\/www.meatprocessingmachine.org\/wp-content\/uploads\/2018\/10\/Frozen-meat-slicer-1-300x225.webp 300w\" sizes=\"auto, (max-width: 720px) 100vw, 720px\" \/><figcaption class=\"wp-element-caption\">Affettatrice di carne congelata<\/figcaption><\/figure>    <figure class=\"wp-block-image size-large\"><img loading=\"lazy\" decoding=\"async\" width=\"720\" height=\"540\" data-id=\"34134\" src=\"https:\/\/www.meatprocessingmachine.org\/wp-content\/uploads\/2018\/10\/Frozen-meat-slicer-2.webp\" alt=\"Carne congelata affettatrice\" class=\"wp-image-34134\" title=\"\" srcset=\"https:\/\/www.meatprocessingmachine.org\/wp-content\/uploads\/2018\/10\/Frozen-meat-slicer-2.webp 720w, https:\/\/www.meatprocessingmachine.org\/wp-content\/uploads\/2018\/10\/Frozen-meat-slicer-2-300x225.webp 300w\" sizes=\"auto, (max-width: 720px) 100vw, 720px\" \/><figcaption class=\"wp-element-caption\">Affettatrice di carne congelata<\/figcaption><\/figure> <\/figure>    <h2 class=\"wp-block-heading\" id=\"h-features-of-meat-cutter-machine\"><strong>Caratteristiche<\/strong> della macchina per il taglio di carne<\/h2>    <figure class=\"wp-block-gallery has-nested-images columns-2 is-cropped wp-block-gallery-4 is-layout-flex wp-block-gallery-is-layout-flex\"> <figure class=\"wp-block-image size-large\"><img loading=\"lazy\" decoding=\"async\" width=\"720\" height=\"540\" data-id=\"34135\" src=\"https:\/\/www.meatprocessingmachine.org\/wp-content\/uploads\/2018\/10\/Frozen-meat-cutting-machine.webp\" alt=\"Macchina per il taglio di carne congelata\" class=\"wp-image-34135\" title=\"\" srcset=\"https:\/\/www.meatprocessingmachine.org\/wp-content\/uploads\/2018\/10\/Frozen-meat-cutting-machine.webp 720w, https:\/\/www.meatprocessingmachine.org\/wp-content\/uploads\/2018\/10\/Frozen-meat-cutting-machine-300x225.webp 300w\" sizes=\"auto, (max-width: 720px) 100vw, 720px\" \/><figcaption class=\"wp-element-caption\">Macchina per il taglio di carne congelata<\/figcaption><\/figure>    <figure class=\"wp-block-image size-large\"><img loading=\"lazy\" decoding=\"async\" width=\"720\" height=\"540\" data-id=\"34137\" src=\"https:\/\/www.meatprocessingmachine.org\/wp-content\/uploads\/2018\/10\/Frozen-meat-cutting-machine-2.webp\" alt=\"Macchina per il taglio di carne congelata\" class=\"wp-image-34137\" title=\"\" srcset=\"https:\/\/www.meatprocessingmachine.org\/wp-content\/uploads\/2018\/10\/Frozen-meat-cutting-machine-2.webp 720w, https:\/\/www.meatprocessingmachine.org\/wp-content\/uploads\/2018\/10\/Frozen-meat-cutting-machine-2-300x225.webp 300w\" sizes=\"auto, (max-width: 720px) 100vw, 720px\" \/><figcaption class=\"wp-element-caption\">Macchina per il taglio di carne congelata<\/figcaption><\/figure>    <figure class=\"wp-block-image size-large\"><img loading=\"lazy\" decoding=\"async\" width=\"720\" height=\"540\" data-id=\"34136\" src=\"https:\/\/www.meatprocessingmachine.org\/wp-content\/uploads\/2018\/10\/Frozen-meat-cutting-machine-1.webp\" alt=\"Macchina per il taglio di carne congelata\" class=\"wp-image-34136\" title=\"\" srcset=\"https:\/\/www.meatprocessingmachine.org\/wp-content\/uploads\/2018\/10\/Frozen-meat-cutting-machine-1.webp 720w, https:\/\/www.meatprocessingmachine.org\/wp-content\/uploads\/2018\/10\/Frozen-meat-cutting-machine-1-300x225.webp 300w\" sizes=\"auto, (max-width: 720px) 100vw, 720px\" \/><figcaption class=\"wp-element-caption\">Macchina per il taglio di carne congelata<\/figcaption><\/figure>    <figure class=\"wp-block-image size-large\"><img loading=\"lazy\" decoding=\"async\" width=\"720\" height=\"540\" data-id=\"34138\" src=\"https:\/\/www.meatprocessingmachine.org\/wp-content\/uploads\/2018\/10\/Frozen-meat-cutting-machine-3.webp\" alt=\"Macchina per il taglio di carne congelata\" class=\"wp-image-34138\" title=\"\" srcset=\"https:\/\/www.meatprocessingmachine.org\/wp-content\/uploads\/2018\/10\/Frozen-meat-cutting-machine-3.webp 720w, https:\/\/www.meatprocessingmachine.org\/wp-content\/uploads\/2018\/10\/Frozen-meat-cutting-machine-3-300x225.webp 300w\" sizes=\"auto, (max-width: 720px) 100vw, 720px\" \/><figcaption class=\"wp-element-caption\">Macchina per il taglio di carne congelata<\/figcaption><\/figure> <\/figure>    <p>La macchina per il taglio di carne congelata si basa sulla tecnologia avanzata di prodotti simili nazionali e internazionali e si combina con la tecnologia di lavorazione reale della Cina per sviluppare e produrre. Ha prestazioni stabili, basso input e alta efficienza produttiva.<\/p>    <h2 class=\"wp-block-heading\" id=\"h-specification\"> Parametri della macchina per il taglio di carne SL-200<\/h2>    <figure class=\"wp-block-table\"><table><tbody><tr><td>Modello<\/td><td>Dimensione<\/td><td>Capacit\u00e0<\/td><td>Velocit\u00e0 del motore<\/td><td>Potenza<\/td><td>Peso<\/td><\/tr><tr><td>SL-200<\/td><td>1255*720*1420mm<\/td><td>3~5t\/h<\/td><td>1450<\/td><td>5.5kw<\/td><td>600kg<\/td><\/tr><\/tbody><\/table><figcaption class=\"wp-element-caption\">Parametri della macchina per il taglio di carne congelata<\/figcaption><\/figure>    <h2 class=\"wp-block-heading\" id=\"h-advantages-of-frozen-meat-cutting-machine\">Vantaggi della macchina per il taglio di carne congelata<\/h2>    <p>1. La carne cruda da -18\u2103 a -12\u2103 pu\u00f2 essere tagliata direttamente, eliminando il passaggio di tempera intermedia, riducendo i tempi di lavorazione e migliorando la qualit\u00e0 e il tasso di produzione del prodotto.<\/p>    <p>2. La lama utilizza materiali di alta qualit\u00e0 in lega di acciaio e trattamento anticorrosione, quindi la durata \u00e8 pi\u00f9 lunga<\/p>    <p>3. I componenti principali sono realizzati in acciaio inossidabile 304, che non arrugginisce facilmente e soddisfa i requisiti alimentari nazionali.<\/p>    <p>4. Facile da usare e da mantenere.<\/p>    <p>5. La dimensione pu\u00f2 essere regolata in base alle esigenze del cliente.<\/p>    <h2 class=\"wp-block-heading\" id=\"h-frozen-meat-slicer-instructions\">Istruzioni per l'uso dell'affettatrice di carne congelata <\/h2>    <figure class=\"wp-block-gallery has-nested-images columns-default is-cropped wp-block-gallery-5 is-layout-flex wp-block-gallery-is-layout-flex\"> <figure class=\"wp-block-image size-large\"><img loading=\"lazy\" decoding=\"async\" width=\"720\" height=\"540\" data-id=\"34140\" src=\"https:\/\/www.meatprocessingmachine.org\/wp-content\/uploads\/2018\/10\/Frozen-meat-slicer-details.webp\" alt=\"Dettagli dell&#039;affettatrice di carne congelata\" class=\"wp-image-34140\" title=\"\" srcset=\"https:\/\/www.meatprocessingmachine.org\/wp-content\/uploads\/2018\/10\/Frozen-meat-slicer-details.webp 720w, https:\/\/www.meatprocessingmachine.org\/wp-content\/uploads\/2018\/10\/Frozen-meat-slicer-details-300x225.webp 300w\" sizes=\"auto, (max-width: 720px) 100vw, 720px\" \/><figcaption class=\"wp-element-caption\">Dettagli della affettatrice di carne congelata<\/figcaption><\/figure>    <figure class=\"wp-block-image size-large\"><img loading=\"lazy\" decoding=\"async\" width=\"720\" height=\"540\" data-id=\"34141\" src=\"https:\/\/www.meatprocessingmachine.org\/wp-content\/uploads\/2018\/10\/Frozen-meat-slicer-details-1.webp\" alt=\"Dettagli dell&#039;affettatrice di carne congelata\" class=\"wp-image-34141\" title=\"\" srcset=\"https:\/\/www.meatprocessingmachine.org\/wp-content\/uploads\/2018\/10\/Frozen-meat-slicer-details-1.webp 720w, https:\/\/www.meatprocessingmachine.org\/wp-content\/uploads\/2018\/10\/Frozen-meat-slicer-details-1-300x225.webp 300w\" sizes=\"auto, (max-width: 720px) 100vw, 720px\" \/><figcaption class=\"wp-element-caption\">Dettagli della affettatrice di carne congelata<\/figcaption><\/figure>    <figure class=\"wp-block-image size-large\"><img loading=\"lazy\" decoding=\"async\" width=\"720\" height=\"540\" data-id=\"34142\" src=\"https:\/\/www.meatprocessingmachine.org\/wp-content\/uploads\/2018\/10\/frozen-meat-crusher-knives.webp\" alt=\"frozen meat crusher knives\" class=\"wp-image-34142\" title=\"\" srcset=\"https:\/\/www.meatprocessingmachine.org\/wp-content\/uploads\/2018\/10\/frozen-meat-crusher-knives.webp 720w, https:\/\/www.meatprocessingmachine.org\/wp-content\/uploads\/2018\/10\/frozen-meat-crusher-knives-300x225.webp 300w\" sizes=\"auto, (max-width: 720px) 100vw, 720px\" \/><figcaption class=\"wp-element-caption\">Lame della macchina per il taglio di carne congelata<\/figcaption><\/figure>    <figure class=\"wp-block-image size-large\"><img loading=\"lazy\" decoding=\"async\" width=\"720\" height=\"540\" data-id=\"34143\" src=\"https:\/\/www.meatprocessingmachine.org\/wp-content\/uploads\/2018\/10\/Frozen-meat-crusher-meat-pusher.webp\" alt=\"Spingicarne della macchina per il taglio di carne congelata\" class=\"wp-image-34143\" title=\"\" srcset=\"https:\/\/www.meatprocessingmachine.org\/wp-content\/uploads\/2018\/10\/Frozen-meat-crusher-meat-pusher.webp 720w, https:\/\/www.meatprocessingmachine.org\/wp-content\/uploads\/2018\/10\/Frozen-meat-crusher-meat-pusher-300x225.webp 300w\" sizes=\"auto, (max-width: 720px) 100vw, 720px\" \/><figcaption class=\"wp-element-caption\">Spingicarne della macchina per il taglio di carne congelata<\/figcaption><\/figure>    <figure class=\"wp-block-image size-large\"><img loading=\"lazy\" decoding=\"async\" width=\"720\" height=\"540\" data-id=\"34144\" src=\"https:\/\/www.meatprocessingmachine.org\/wp-content\/uploads\/2018\/10\/frozen-meat-crusher-knives-details.webp\" alt=\"frozen meat crusher knives details\" class=\"wp-image-34144\" title=\"\" srcset=\"https:\/\/www.meatprocessingmachine.org\/wp-content\/uploads\/2018\/10\/frozen-meat-crusher-knives-details.webp 720w, https:\/\/www.meatprocessingmachine.org\/wp-content\/uploads\/2018\/10\/frozen-meat-crusher-knives-details-300x225.webp 300w\" sizes=\"auto, (max-width: 720px) 100vw, 720px\" \/><figcaption class=\"wp-element-caption\">Lame della macchina per il taglio di carne congelata dettagliate<\/figcaption><\/figure>    <figure class=\"wp-block-image size-large\"><img loading=\"lazy\" decoding=\"async\" width=\"720\" height=\"540\" data-id=\"34145\" src=\"https:\/\/www.meatprocessingmachine.org\/wp-content\/uploads\/2018\/10\/Frozen-meat-crusher-control-panel.webp\" alt=\"Pannello di controllo della macchina per il frantumamento della carne congelata\" class=\"wp-image-34145\" title=\"\" srcset=\"https:\/\/www.meatprocessingmachine.org\/wp-content\/uploads\/2018\/10\/Frozen-meat-crusher-control-panel.webp 720w, https:\/\/www.meatprocessingmachine.org\/wp-content\/uploads\/2018\/10\/Frozen-meat-crusher-control-panel-300x225.webp 300w\" sizes=\"auto, (max-width: 720px) 100vw, 720px\" \/><figcaption class=\"wp-element-caption\">Pannello di controllo del frantumatore di carne congelata<\/figcaption><\/figure> <\/figure>    <p>1. Non inserire coltelli o mani nel tamburo mentre la macchina \u00e8 in funzione<\/p>    <p>2. Disattivare l'alimentazione durante la manutenzione<\/p>    <p>3. Non versare acqua nelle parti elettriche durante la pulizia<\/p>    <p>4. In caso di guasto, non smontare da soli e segnalare immediatamente alla riparazione<\/p>","protected":false},"excerpt":{"rendered":"<p>La macchina per il taglio di carne congelata pu\u00f2 frantumare la carne congelata, e la carne tritata pu\u00f2 essere inserita nel tritacarne per essere macinata in ripieno di carne, usato per fare prodotti come salsicce, tortini di carne, polpette, ecc. Questa macchina \u00e8 in Australia, Indonesia, Spagna, Sud Africa e Filippine ed \u00e8 molto venduta.<\/p>","protected":false},"author":1,"featured_media":34129,"parent":0,"template":"","product-type":[589],"class_list":["post-91","product","type-product","status-publish","has-post-thumbnail","hentry","product-type-meat-cutting-machine"],"_links":{"self":[{"href":"https:\/\/www.meatprocessingmachine.org\/it\/wp-json\/wp\/v2\/product\/91","targetHints":{"allow":["GET"]}}],"collection":[{"href":"https:\/\/www.meatprocessingmachine.org\/it\/wp-json\/wp\/v2\/product"}],"about":[{"href":"https:\/\/www.meatprocessingmachine.org\/it\/wp-json\/wp\/v2\/types\/product"}],"author":[{"embeddable":true,"href":"https:\/\/www.meatprocessingmachine.org\/it\/wp-json\/wp\/v2\/users\/1"}],"wp:featuredmedia":[{"embeddable":true,"href":"https:\/\/www.meatprocessingmachine.org\/it\/wp-json\/wp\/v2\/media\/34129"}],"wp:attachment":[{"href":"https:\/\/www.meatprocessingmachine.org\/it\/wp-json\/wp\/v2\/media?parent=91"}],"wp:term":[{"taxonomy":"product-type","embeddable":true,"href":"https:\/\/www.meatprocessingmachine.org\/it\/wp-json\/wp\/v2\/product-type?post=91"}],"curies":[{"name":"wp","href":"https:\/\/api.w.org\/{rel}","templated":true}]}}