{"id":96,"date":"2018-10-25T06:12:43","date_gmt":"2018-10-24T22:12:43","guid":{"rendered":"http:\/\/www.meatprocessingmachine.org\/?p=96"},"modified":"2024-06-17T10:13:32","modified_gmt":"2024-06-17T02:13:32","slug":"frozen-meat-grinder","status":"publish","type":"product","link":"https:\/\/www.meatprocessingmachine.org\/it\/frozen-meat-grinder.html","title":{"rendered":"Macchina tritacarne per carne congelata | Macchina tritacarne"},"content":{"rendered":"<div class=\"kk-star-ratings kksr-auto kksr-align-right kksr-valign-top\"     data-payload='{&quot;align&quot;:&quot;right&quot;,&quot;id&quot;:&quot;96&quot;,&quot;slug&quot;:&quot;default&quot;,&quot;valign&quot;:&quot;top&quot;,&quot;ignore&quot;:&quot;&quot;,&quot;reference&quot;:&quot;auto&quot;,&quot;class&quot;:&quot;&quot;,&quot;count&quot;:&quot;0&quot;,&quot;legendonly&quot;:&quot;&quot;,&quot;readonly&quot;:&quot;&quot;,&quot;score&quot;:&quot;0&quot;,&quot;starsonly&quot;:&quot;&quot;,&quot;best&quot;:&quot;5&quot;,&quot;gap&quot;:&quot;5&quot;,&quot;greet&quot;:&quot;Rate this product&quot;,&quot;legend&quot;:&quot;0\\\/5 - (0 votes)&quot;,&quot;size&quot;:&quot;24&quot;,&quot;title&quot;:&quot;Frozen Meat Grinder | Meat Mincer&quot;,&quot;width&quot;:&quot;0&quot;,&quot;_legend&quot;:&quot;{score}\\\/{best} - ({count} {votes})&quot;,&quot;font_factor&quot;:&quot;1.25&quot;}'>              <div class=\"kksr-stars\">      <div class=\"kksr-stars-inactive\">             <div class=\"kksr-star\" data-star=\"1\" style=\"padding-right: 5px\">               <div class=\"kksr-icon\" style=\"width: 24px; height: 24px;\"><\/div>         <\/div>             <div class=\"kksr-star\" data-star=\"2\" style=\"padding-right: 5px\">               <div class=\"kksr-icon\" style=\"width: 24px; height: 24px;\"><\/div>         <\/div>             <div class=\"kksr-star\" data-star=\"3\" style=\"padding-right: 5px\">               <div class=\"kksr-icon\" style=\"width: 24px; height: 24px;\"><\/div>         <\/div>             <div class=\"kksr-star\" data-star=\"4\" style=\"padding-right: 5px\">               <div class=\"kksr-icon\" style=\"width: 24px; height: 24px;\"><\/div>         <\/div>             <div class=\"kksr-star\" data-star=\"5\" style=\"padding-right: 5px\">               <div class=\"kksr-icon\" style=\"width: 24px; height: 24px;\"><\/div>         <\/div>     <\/div>      <div class=\"kksr-stars-active\" style=\"width: 0px;\">             <div class=\"kksr-star\" style=\"padding-right: 5px\">               <div class=\"kksr-icon\" style=\"width: 24px; height: 24px;\"><\/div>         <\/div>             <div class=\"kksr-star\" style=\"padding-right: 5px\">               <div class=\"kksr-icon\" style=\"width: 24px; height: 24px;\"><\/div>         <\/div>             <div class=\"kksr-star\" style=\"padding-right: 5px\">               <div class=\"kksr-icon\" style=\"width: 24px; height: 24px;\"><\/div>         <\/div>             <div class=\"kksr-star\" style=\"padding-right: 5px\">               <div class=\"kksr-icon\" style=\"width: 24px; height: 24px;\"><\/div>         <\/div>             <div class=\"kksr-star\" style=\"padding-right: 5px\">               <div class=\"kksr-icon\" style=\"width: 24px; height: 24px;\"><\/div>         <\/div>     <\/div> <\/div>                   <div class=\"kksr-legend\" style=\"font-size: 19.2px;\">             <span class=\"kksr-muted\">Valuta questo prodotto<\/span>     <\/div>     <\/div>  <p>Il macinacarne congelato Taizy \u00e8 una macchina che taglia la carne congelata direttamente per formare una purea. Negli stabilimenti di lavorazione della carne, la carne cruda viene lavorata in carne granulare con specifiche diverse in base ai requisiti di processo. Non \u00e8 necessario scongelare durante il processo di lavorazione, il che garantisce la qualit\u00e0 della carne. <\/p>    <figure class=\"wp-block-image is-resized alignnone wp-image-1969\"><img loading=\"lazy\" decoding=\"async\" width=\"750\" height=\"750\" src=\"https:\/\/www.meatprocessingmachine.org\/wp-content\/uploads\/2018\/10\/Frozen-Meat-Grinder.jpg\" alt=\"Macinacarne congelato\" class=\"wp-image-1969\" style=\"object-fit:cover;width:720px;height:540px\" title=\"\" srcset=\"https:\/\/www.meatprocessingmachine.org\/wp-content\/uploads\/2018\/10\/Frozen-Meat-Grinder.jpg 750w, https:\/\/www.meatprocessingmachine.org\/wp-content\/uploads\/2018\/10\/Frozen-Meat-Grinder-300x300.jpg 300w, https:\/\/www.meatprocessingmachine.org\/wp-content\/uploads\/2018\/10\/Frozen-Meat-Grinder-150x150.jpg 150w\" sizes=\"auto, (max-width: 750px) 100vw, 750px\" \/><figcaption class=\"wp-element-caption\">Macinacarne congelato<\/figcaption><\/figure>    <p>Tuttavia, la carne che pu\u00f2 essere lavorata dal macinacarne congelato ha anche requisiti specifici. La temperatura della carne congelata dovrebbe essere intorno a -5\u00b0C\u201318\u00b0C. La carne non dovrebbe essere troppo grande e pu\u00f2 essere utilizzata negli impianti di lavorazione della carne e nei produttori di alimenti. Produce salsicce, polpette e altri alimenti.<\/p>    <h2 class=\"wp-block-heading\">Visualizzazione video di lavoro<\/h2>    <figure class=\"wp-block-embed is-type-video is-provider-youtube wp-block-embed-youtube\"><div class=\"wp-block-embed__wrapper\"> <iframe loading=\"lazy\" title=\"Macinacarne congelato | macinacarne congelato| Macchina per macinare carne congelata  | Macinacarne commerciale\" width=\"500\" height=\"281\" src=\"https:\/\/www.youtube.com\/embed\/zeO2cgZV7ZI?feature=oembed\" frameborder=\"0\" allow=\"accelerometer; autoplay; clipboard-write; encrypted-media; gyroscope; picture-in-picture; web-share\" referrerpolicy=\"strict-origin-when-cross-origin\" allowfullscreen><\/iframe> <\/div><figcaption class=\"wp-element-caption\"> Visualizzazione video di lavoro <\/figcaption><\/figure>    <h2 class=\"wp-block-heading\" id=\"h-the-advantages-of-frozen-meat-grinder\">I vantaggi del macinacarne congelato <\/h2>    <ul class=\"wp-block-list\"> <li>La sua superficie \u00e8 per lo pi\u00f9 realizzata in acciaio inossidabile, che rispetta gli standard igienici, senza inquinare i materiali di lavorazione.<\/li>    <li>Lo strumento ha un'eccellente resistenza all'usura e una lunga durata.<\/li>    <li>Facile da usare, smontare, assemblare e pulire, un'ampia gamma di prodotti di lavorazione e materiali possono essere lavorati per mantenere i loro vari nutrienti originali e un buon effetto di conservazione della freschezza.<\/li>    <li>Lo strumento pu\u00f2 essere regolato o sostituito in base ai requisiti di utilizzo effettivi.<\/li>    <li>La macinazione della carne congelata \u00e8 l'attrezzatura necessaria per la lavorazione della carne, pu\u00f2 macinare la carne congelata direttamente per ottenere diverse forme di carne. Non dannegger\u00e0 il tessuto fibroso della carne.<\/li>    <li>La piastra rotante \u00e8 ruotata dalla vite per rendere la piastra di orifizio e il macinacarne relativamente stabili, garantendo l'uniformit\u00e0 della carne. Diversi tipi di ripieno di carne possono essere ottenuti attraverso diverse combinazioni di piastre di orifizio.<\/li>    <li>Il breve tempo di taglio e la bassa temperatura nel processo di taglio sono buoni per la freschezza e per prolungare la durata di conservazione.<\/li> <\/ul>   <div class=\"wp-block-image\"> <figure class=\"aligncenter size-full\"><img loading=\"lazy\" decoding=\"async\" width=\"720\" height=\"540\" src=\"https:\/\/www.meatprocessingmachine.org\/wp-content\/uploads\/2021\/10\/Frozen-meat-grinder-machine-2.jpg\" alt=\"macchina per macinare carne congelata\" class=\"wp-image-2234\" title=\"\" srcset=\"https:\/\/www.meatprocessingmachine.org\/wp-content\/uploads\/2021\/10\/Frozen-meat-grinder-machine-2.jpg 720w, https:\/\/www.meatprocessingmachine.org\/wp-content\/uploads\/2021\/10\/Frozen-meat-grinder-machine-2-300x225.jpg 300w\" sizes=\"auto, (max-width: 720px) 100vw, 720px\" \/><figcaption class=\"wp-element-caption\">macchina per macinare carne congelata<\/figcaption><\/figure> <\/div>   <h2 class=\"wp-block-heading\">La necessit\u00e0 di un macinacarne congelato<\/h2>    <p>Innanzitutto, la temperatura aumenter\u00e0 leggermente durante il processo di lavorazione della carne. Se si utilizza carne fresca direttamente, la qualit\u00e0 della carne potrebbe essere influenzata dopo che il macinacarne \u00e8 stato utilizzato. Inoltre, l'uso del macinacarne congelato \u00e8 relativamente affilato, e il tempo necessario per macinare la carne \u00e8 breve, il che \u00e8 favorevole alla conservazione della carne.<\/p>    <h2 class=\"wp-block-heading src grammarSection\">Applicazione della macchina per macinare carne congelata<\/h2>    <p class=\"src grammarSection translation-block\"><span class=\"transSent\" data-group=\"0-0\">Utilizzato in vari <a href=\"https:\/\/en.wikipedia.org\/wiki\/Sausage\" target=\"_blank\" rel=\"noopener\">salsiccia<\/a>, prosciutto, carne da pranzo, polpette, sapori salati, cibo per animali domestici e altri prodotti a base di carne in modo ampio. Tutti i tipi di carne congelata, carne fresca, scheletro di pollo, scheletro di anatra, pelle di maiale, pelle di mucca, pelle di pollo, pesce, frutta, verdura, e cos\u00ec via.<\/span><\/p>   <div class=\"wp-block-image wp-image-1981\"> <figure class=\"aligncenter size-full\"><img loading=\"lazy\" decoding=\"async\" width=\"720\" height=\"540\" src=\"https:\/\/www.meatprocessingmachine.org\/wp-content\/uploads\/2018\/10\/grozen-meat-grinding-machine.webp\" alt=\"macchina per macinare carne congelata\" class=\"wp-image-34431\" title=\"\" srcset=\"https:\/\/www.meatprocessingmachine.org\/wp-content\/uploads\/2018\/10\/grozen-meat-grinding-machine.webp 720w, https:\/\/www.meatprocessingmachine.org\/wp-content\/uploads\/2018\/10\/grozen-meat-grinding-machine-300x225.webp 300w, https:\/\/www.meatprocessingmachine.org\/wp-content\/uploads\/2018\/10\/grozen-meat-grinding-machine-16x12.webp 16w\" sizes=\"auto, (max-width: 720px) 100vw, 720px\" \/><figcaption class=\"wp-element-caption\">macchina per macinare carne congelata<\/figcaption><\/figure> <\/div>   <h2 class=\"wp-block-heading\">Principio di funzionamento del macinacarne<\/h2>    <p>Il principio del macinacarne \u00e8 spingere la carne verso la lama di taglio attraverso il cilindro di spinta a vite. Per gestire meglio la carne pi\u00f9 dura e ridurre i danni alla macchina, il tagliacarne congelato ha un'impostazione relativamente fine. Prima, la carne viene pre-tagliata, poi tagliata finemente e infine attraverso la piastra di orifizio. La macchina passa attraverso il principio di estrusione, e il cilindro di spinta a vite rimuove continuamente la carne molto piccola dalla macchina.<\/p>    <figure class=\"wp-block-gallery has-nested-images columns-default is-cropped wp-block-gallery-2 is-layout-flex wp-block-gallery-is-layout-flex\"> <figure class=\"wp-block-image size-large\"><img loading=\"lazy\" decoding=\"async\" width=\"540\" height=\"720\" data-id=\"34433\" src=\"https:\/\/www.meatprocessingmachine.org\/wp-content\/uploads\/2018\/10\/accessories.jpg\" alt=\"accessories\" class=\"wp-image-34433\" title=\"\" srcset=\"https:\/\/www.meatprocessingmachine.org\/wp-content\/uploads\/2018\/10\/accessories.jpg 540w, https:\/\/www.meatprocessingmachine.org\/wp-content\/uploads\/2018\/10\/accessories-225x300.jpg 225w, https:\/\/www.meatprocessingmachine.org\/wp-content\/uploads\/2018\/10\/accessories-9x12.jpg 9w\" sizes=\"auto, (max-width: 540px) 100vw, 540px\" \/><figcaption class=\"wp-element-caption\">Accessori<\/figcaption><\/figure>    <figure class=\"wp-block-image size-large\"><img loading=\"lazy\" decoding=\"async\" width=\"540\" height=\"720\" data-id=\"34434\" src=\"https:\/\/www.meatprocessingmachine.org\/wp-content\/uploads\/2018\/10\/interior-structure.jpg\" alt=\"interior structure\" class=\"wp-image-34434\" title=\"\" srcset=\"https:\/\/www.meatprocessingmachine.org\/wp-content\/uploads\/2018\/10\/interior-structure.jpg 540w, https:\/\/www.meatprocessingmachine.org\/wp-content\/uploads\/2018\/10\/interior-structure-225x300.jpg 225w, https:\/\/www.meatprocessingmachine.org\/wp-content\/uploads\/2018\/10\/interior-structure-9x12.jpg 9w\" sizes=\"auto, (max-width: 540px) 100vw, 540px\" \/><figcaption class=\"wp-element-caption\">Struttura interna<\/figcaption><\/figure>    <figure class=\"wp-block-image size-large\"><img loading=\"lazy\" decoding=\"async\" width=\"540\" height=\"720\" data-id=\"34435\" src=\"https:\/\/www.meatprocessingmachine.org\/wp-content\/uploads\/2018\/10\/machine-parts.jpg\" alt=\"machine parts\" class=\"wp-image-34435\" title=\"\" srcset=\"https:\/\/www.meatprocessingmachine.org\/wp-content\/uploads\/2018\/10\/machine-parts.jpg 540w, https:\/\/www.meatprocessingmachine.org\/wp-content\/uploads\/2018\/10\/machine-parts-225x300.jpg 225w, https:\/\/www.meatprocessingmachine.org\/wp-content\/uploads\/2018\/10\/machine-parts-9x12.jpg 9w\" sizes=\"auto, (max-width: 540px) 100vw, 540px\" \/><figcaption class=\"wp-element-caption\">Parti della macchina<\/figcaption><\/figure> <\/figure>    <h2 class=\"wp-block-heading\" id=\"h-machine-structure\">Struttura del macinacarne congelato<\/h2>    <p>&nbsp;1. Telaio 2. Rimmer 3. Modello di estrusione della carne 4. Tappo a vite 5. Cilindro di grano 6. Gabbia di torsione 7. Tramoggia 8. Riduttore 9. Grande puleggia 10. Motore 11. Cinghia triangolare 12. Piccola puleggia.<\/p>    <h2 class=\"wp-block-heading\" id=\"h-technical-parameter-of-commercial-meat-grinder\">Parametri tecnici del macinacarne commerciale<\/h2>    <figure class=\"wp-block-table\"><table><tbody><tr><td>TIPO<\/td><td>SL-100<\/td><td>SL-120<\/td><td>SL-160<\/td><td>SL-200<\/td><td>SL-250<\/td><\/tr><tr><td>Capacit\u00e0(kg\/h)<\/td><td>500kg\/h<\/td><td>1500kg\/h<\/td><td>2000-3000kg\/h<\/td><td>3000-5000kg\/h<\/td><td>1t-5t<\/td><\/tr><tr><td>Potenza(kW)<\/td><td>5.5<\/td><td>7.5<\/td><td>15<\/td><td>22<\/td><td>37<\/td><\/tr><tr><td>Peso(kg)<\/td><td>182<\/td><td>358<\/td><td>1200<\/td><td>1860<\/td><td>\/<\/td><\/tr><tr><td>Dimensione(mm)<\/td><td>980*550*900<\/td><td>960*550*1080<\/td><td>1630*1100*1450<\/td><td>1780*1000*1580<\/td><td>1962*1106*1620<\/td><\/tr><\/tbody><\/table><figcaption class=\"wp-element-caption\">parametro del macinacarne commerciale<\/figcaption><\/figure>    <p>Il nostro macinacarne congelato commerciale pu\u00f2 produrre fino a 5t\/h. 5 modelli pi\u00f9 venduti tra cui scegliere. Se hai altre domande su questa macchina, non esitare a contattarci e ti risponderemo il prima possibile.<\/p>    <h2 class=\"wp-block-heading\" id=\"h-model-selection\">Selezione del modello di macinacarne congelato<\/h2>    <p>Se la tua carne e la tua produzione sono piccole, puoi scegliere SL-100 o SL-120, se la tua carne e la tua produzione sono grandi, dovresti scegliere SL-160, SL-200 o SL-250.<\/p>   <div class=\"wp-block-image\"> <figure class=\"aligncenter size-full is-resized\"><img loading=\"lazy\" decoding=\"async\" width=\"800\" height=\"600\" src=\"https:\/\/www.meatprocessingmachine.org\/wp-content\/uploads\/2021\/09\/Frozen-Meat-Grinder-5.jpg\" alt=\"\" class=\"wp-image-1980\" style=\"width:720px;height:540px\" title=\"\" srcset=\"https:\/\/www.meatprocessingmachine.org\/wp-content\/uploads\/2021\/09\/Frozen-Meat-Grinder-5.jpg 800w, https:\/\/www.meatprocessingmachine.org\/wp-content\/uploads\/2021\/09\/Frozen-Meat-Grinder-5-300x225.jpg 300w, https:\/\/www.meatprocessingmachine.org\/wp-content\/uploads\/2021\/09\/Frozen-Meat-Grinder-5-768x576.jpg 768w\" sizes=\"auto, (max-width: 800px) 100vw, 800px\" \/><figcaption class=\"wp-element-caption\">Macinacarne congelato<\/figcaption><\/figure> <\/div>   <h2 class=\"wp-block-heading\">Gestione delle materie prime prima del macinatore<\/h2>    <p>Il macinacarne congelato pu\u00f2 elaborare la carne congelata da una temperatura di -5\u00b0C a -18\u00b0C. Pu\u00f2 essere leggermente congelato con le materie prime durante l'uso, e dovrebbe essere posizionato nel compartimento congelatore del frigorifero, non nel compartimento refrigerante. Questo perch\u00e9, dopo un breve periodo di congelamento, la carne diventa pi\u00f9 fragile, si separa pi\u00f9 dolcemente e non si attacca. <\/p>    <p class=\"translation-block\">Vale la pena notare che dovrebbe essere congelato in piccoli pezzi durante il congelamento. Se i pezzi di carne congelata sono relativamente grandi, devono essere assorbiti da una <a href=\"https:\/\/www.meatprocessingmachine.org\/it\/frozen-meat-cutting-machine.html\/\">macchina per frantumare la carne<\/a> per il trattamento di frantumazione.<\/p>    <h2 class=\"wp-block-heading\">Passo operativo del macinacarne congelato<\/h2>   <div class=\"wp-block-image\"> <figure class=\"aligncenter size-full is-resized\"><img loading=\"lazy\" decoding=\"async\" width=\"627\" height=\"520\" src=\"https:\/\/www.meatprocessingmachine.org\/wp-content\/uploads\/2021\/09\/Frozen-Meat-Grinder-Operate-step.png\" alt=\"Operate\u00a0step\" class=\"wp-image-1968\" style=\"width:720px;height:540px\" title=\"\" srcset=\"https:\/\/www.meatprocessingmachine.org\/wp-content\/uploads\/2021\/09\/Frozen-Meat-Grinder-Operate-step.png 627w, https:\/\/www.meatprocessingmachine.org\/wp-content\/uploads\/2021\/09\/Frozen-Meat-Grinder-Operate-step-300x249.png 300w\" sizes=\"auto, (max-width: 627px) 100vw, 627px\" \/><figcaption class=\"wp-element-caption\"> Passo operativo <\/figcaption><\/figure> <\/div>   <ol class=\"wp-block-list\" style=\"list-style-type:1\"> <li>Dopo aver collegato l'elettricit\u00e0 trifase, premere \u201cstart\u201d.<\/li>    <li>Dopo l'uso della macchina \/ Quando si verifica un guasto, premere \u201cstop\u201d.<\/li>    <li>Quando il materiale \u00e8 bloccato e la macchina non riesce a scaricare, premere \u201cinverti\u201d<\/li> <\/ol>","protected":false},"excerpt":{"rendered":"<p>The frozen meat grinder is a machine that cuts the frozen meat directly to form a puree. In the meat processing enterprises in the production process,the raw meat is processed into granular meat with different specifications according to different process requirements.It does not need to be thawed during the processing process, which ensures the quality of the meat. However, the meat that can be processed by the frozen meat grinder also has certain requirements. The temperature of frozen meat should be around -5\u00b0C&#8211;18\u00b0C. The meat should not be too large, and it can be used in meat processing plants and food manufacturers. . Produce sausages, meatballs and other foods.<\/p>","protected":false},"author":1,"featured_media":1869,"parent":0,"template":"","product-type":[590],"class_list":["post-96","product","type-product","status-publish","has-post-thumbnail","hentry","product-type-meat-grinding-machine"],"_links":{"self":[{"href":"https:\/\/www.meatprocessingmachine.org\/it\/wp-json\/wp\/v2\/product\/96","targetHints":{"allow":["GET"]}}],"collection":[{"href":"https:\/\/www.meatprocessingmachine.org\/it\/wp-json\/wp\/v2\/product"}],"about":[{"href":"https:\/\/www.meatprocessingmachine.org\/it\/wp-json\/wp\/v2\/types\/product"}],"author":[{"embeddable":true,"href":"https:\/\/www.meatprocessingmachine.org\/it\/wp-json\/wp\/v2\/users\/1"}],"wp:featuredmedia":[{"embeddable":true,"href":"https:\/\/www.meatprocessingmachine.org\/it\/wp-json\/wp\/v2\/media\/1869"}],"wp:attachment":[{"href":"https:\/\/www.meatprocessingmachine.org\/it\/wp-json\/wp\/v2\/media?parent=96"}],"wp:term":[{"taxonomy":"product-type","embeddable":true,"href":"https:\/\/www.meatprocessingmachine.org\/it\/wp-json\/wp\/v2\/product-type?post=96"}],"curies":[{"name":"wp","href":"https:\/\/api.w.org\/{rel}","templated":true}]}}