{"id":103,"date":"2018-10-25T06:18:36","date_gmt":"2018-10-24T22:18:36","guid":{"rendered":"http:\/\/www.meatprocessingmachine.org\/?p=103"},"modified":"2022-08-15T09:50:35","modified_gmt":"2022-08-15T01:50:35","slug":"vegetable-and-meat-cutter-and-mixer","status":"publish","type":"product","link":"https:\/\/www.meatprocessingmachine.org\/nl\/vegetable-and-meat-cutter-and-mixer.html","title":{"rendered":"Vleeskomschaal | vlees- en groentensnijder en mixer"},"content":{"rendered":"<div class=\"kk-star-ratings kksr-auto kksr-align-right kksr-valign-top\"     data-payload='{&quot;align&quot;:&quot;right&quot;,&quot;id&quot;:&quot;103&quot;,&quot;slug&quot;:&quot;default&quot;,&quot;valign&quot;:&quot;top&quot;,&quot;ignore&quot;:&quot;&quot;,&quot;reference&quot;:&quot;auto&quot;,&quot;class&quot;:&quot;&quot;,&quot;count&quot;:&quot;0&quot;,&quot;legendonly&quot;:&quot;&quot;,&quot;readonly&quot;:&quot;&quot;,&quot;score&quot;:&quot;0&quot;,&quot;starsonly&quot;:&quot;&quot;,&quot;best&quot;:&quot;5&quot;,&quot;gap&quot;:&quot;5&quot;,&quot;greet&quot;:&quot;Rate this product&quot;,&quot;legend&quot;:&quot;0\\\/5 - (0 stemmen)&quot;,&quot;size&quot;:&quot;24&quot;,&quot;title&quot;:&quot;Meat bowl chopper | meat vegetable cutter and mixer&quot;,&quot;width&quot;:&quot;0&quot;,&quot;_legend&quot;:&quot;{score}\\\/{best} - ({count} {votes})&quot;,&quot;font_factor&quot;:&quot;1.25&quot;}'>              <div class=\"kksr-stars\">      <div class=\"kksr-stars-inactive\">             <div class=\"kksr-star\" data-star=\"1\" style=\"padding-right: 5px\">               <div class=\"kksr-icon\" style=\"width: 24px; height: 24px;\"><\/div>         <\/div>             <div class=\"kksr-star\" data-star=\"2\" style=\"padding-right: 5px\">               <div class=\"kksr-icon\" style=\"width: 24px; height: 24px;\"><\/div>         <\/div>             <div class=\"kksr-star\" data-star=\"3\" style=\"padding-right: 5px\">               <div class=\"kksr-icon\" style=\"width: 24px; height: 24px;\"><\/div>         <\/div>             <div class=\"kksr-star\" data-star=\"4\" style=\"padding-right: 5px\">               <div class=\"kksr-icon\" style=\"width: 24px; height: 24px;\"><\/div>         <\/div>             <div class=\"kksr-star\" data-star=\"5\" style=\"padding-right: 5px\">               <div class=\"kksr-icon\" style=\"width: 24px; height: 24px;\"><\/div>         <\/div>     <\/div>      <div class=\"kksr-stars-active\" style=\"width: 0px;\">             <div class=\"kksr-star\" style=\"padding-right: 5px\">               <div class=\"kksr-icon\" style=\"width: 24px; height: 24px;\"><\/div>         <\/div>             <div class=\"kksr-star\" style=\"padding-right: 5px\">               <div class=\"kksr-icon\" style=\"width: 24px; height: 24px;\"><\/div>         <\/div>             <div class=\"kksr-star\" style=\"padding-right: 5px\">               <div class=\"kksr-icon\" style=\"width: 24px; height: 24px;\"><\/div>         <\/div>             <div class=\"kksr-star\" style=\"padding-right: 5px\">               <div class=\"kksr-icon\" style=\"width: 24px; height: 24px;\"><\/div>         <\/div>             <div class=\"kksr-star\" style=\"padding-right: 5px\">               <div class=\"kksr-icon\" style=\"width: 24px; height: 24px;\"><\/div>         <\/div>     <\/div> <\/div>                   <div class=\"kksr-legend\" style=\"font-size: 19.2px;\">             <span class=\"kksr-muted\">Beoordeel dit product<\/span>     <\/div>     <\/div>  <p>Vlees- en groentensnijder en mixer kunnen groenten of vlees in fijne deeltjes snijden, wat kan worden gebruikt voor het in blokjes snijden van groenten en het maken van vleespuree. De vleeskomhacker heeft functies zoals snijden, mengen en roeren. Vleeskomhakkers kunnen dienen als helpers in het voedselverwerkingsproces. Kan worden gebruikt in kantines, restaurants, worstverwerkingsfabrieken, hamburgerpatty-verwerkingsfabrieken.<\/p>   <h2><strong>Inleiding van vlees- en groentensnijder, mixer en grinder<\/strong><\/h2> <p>Vlees- en groentensnijder en mixer is een nieuw ontwerp met turbine en wormwielaandrijving, waardoor de structuur compacter wordt. De kom van de vlees- en groentensnijder en blenders, alle materialen zijn roestvrij staal, duurzaam en mooi van vorm. De snelheidsreducer van de vlees snijder bestaat uit hoogwaardig aluminiumlegering en koperen wormwielen van hoge kwaliteit.<\/p> <p><span class=\"transSent\" data-group=\"0-1\">Het kan niet alleen fijn vlees, gehakt en andere hoofd ingredi\u00ebnten hakken, maar ook andere ingredi\u00ebnten;<\/span><span class=\"transSent\" data-group=\"0-2\">Water, ijs, kruiden en accessoires (vullers) worden gemengd met vlees schuim tot een glad melkachtig mengsel.<\/span><span class=\"transSent\" data-group=\"0-3\">Speciaal door emulsificatietreatment worden de fijne dichtheid en elasticiteit van darmproducten sterk verbeterd.<\/span><span class=\"transSent\" data-group=\"0-4\">Hoge en lage messen snelheid en traploze snelheidsregelwiel kunnen worden geselecteerd om te hakken en te mengen, gehakt vlees, mengen en emulgeren in \u00e9\u00e9n proces te voltooien.<\/span><\/p> <figure id=\"attachment_32664\" aria-describedby=\"caption-attachment-32664\" style=\"width: 720px\" class=\"wp-caption alignnone\"><img loading=\"lazy\" decoding=\"async\" class=\"size-full wp-image-32664\" src=\"https:\/\/www.meatprocessingmachine.org\/wp-content\/uploads\/2018\/10\/vegetable-meat-cutter-and-mixer.png\" alt=\"groente vlees snijder en mixer\" width=\"720\" height=\"540\" title=\"\" srcset=\"https:\/\/www.meatprocessingmachine.org\/wp-content\/uploads\/2018\/10\/vegetable-meat-cutter-and-mixer.png 720w, https:\/\/www.meatprocessingmachine.org\/wp-content\/uploads\/2018\/10\/vegetable-meat-cutter-and-mixer-300x225.png 300w\" sizes=\"auto, (max-width: 720px) 100vw, 720px\" \/><figcaption id=\"caption-attachment-32664\" class=\"wp-caption-text\">Vegetable Meat Cutting Machine&Nbsp;<\/figcaption><\/figure> <h2>Toepassing van vlees- en groentensnijder en mixer<\/h2> <p class=\"translation-block\">Vlees- en groentensnijder en mixer kunnen vlees, vis, fruit, groenten, noten en zeevruchten verwerken, vooral bij de verwerking van vlees, wat zeer handig is. Deze voedingsmiddelen kunnen in korrels of puree worden gesneden. De dikte van de voedselverwerking hangt af van de tijd en moet worden aangepast aan de eigen productie. Kan worden gebruikt voor het maken van worstjes, gehaktballen, burgers en groentendicers. Natuurlijk kun je ook een <a href=\"https:\/\/www.meatprocessingmachine.org\/nl\/good-quality-meat-food-stuffing-mixer.html\/\">vlees blender<\/a> gebruiken als je veel vlees tegelijk wilt mengen.<\/p>   <figure class=\"wp-block-image\"><img decoding=\"async\" src=\"http:\/\/www.meatprocessingmachine.org\/wp-content\/uploads\/2018\/10\/vegetable-and-meat-cutter09106.jpg\" alt=\"\" title=\"\"><\/figure>    <h2 class=\"wp-block-heading\">Waarom een vleeskomhacker gebruiken?<\/h2>    <p>Allereerst is de werkingsprestatie van de vlees- en groentensnijder en mixer zeer hoog. De machine kan het vleesverwerkingswerk in enkele minuten voltooien, en de werkingsprestatie wordt aanzienlijk verbeterd na gebruik van de machine. Ten tweede is de structuur van de vleeskomhacker fijn. De messen snelheid, pot snelheid, en de afstand tussen de hakker en de pot kunnen de beste combinatie bereiken zodat de fijnheid van de gehakte producten goed is, de temperatuurstijging klein is, en de hakduur kort, vooral de fijnheid en elasticiteit van de worstproducten. Verbeterd om de elasticiteit en fijnheid van vleesproducten te maximaliseren. Daarnaast heeft de machine veel functies. De machine kan niet alleen vlees snijden, maar ook kruiden en andere condiments toevoegen in de volgorde van voedselverwerking. Het hakproces voltooit ook de marinering van het vlees, waardoor tijd wordt bespaard.<\/p>    <figure class=\"wp-block-gallery has-nested-images columns-default is-cropped wp-block-gallery-2 is-layout-flex wp-block-gallery-is-layout-flex\"> <figure class=\"wp-block-image size-large\"><img loading=\"lazy\" decoding=\"async\" width=\"286\" height=\"220\" data-id=\"32665\" src=\"https:\/\/www.meatprocessingmachine.org\/wp-content\/uploads\/2018\/10\/meat-bowel-chopper-1.png\" alt=\"vlees kom hakker\" class=\"wp-image-32665\" title=\"\"><figcaption>Vleeskomhacker <\/figcaption><\/figure>    <figure class=\"wp-block-image size-large\"><img loading=\"lazy\" decoding=\"async\" width=\"286\" height=\"220\" data-id=\"32666\" src=\"https:\/\/www.meatprocessingmachine.org\/wp-content\/uploads\/2018\/10\/meat-bowel-chopper-.png\" alt=\"vlees kom hakker\" class=\"wp-image-32666\" title=\"\"><figcaption>Vleeskomhacker<\/figcaption><\/figure> <\/figure>    <h2 class=\"wp-block-heading\" id=\"h-specification-of-meat-vegetable-cutter-and-mixer\">Specificatie van vlees- en groentensnijder en mixer<\/h2>    <figure class=\"wp-block-table\"><table><tbody><tr><td><strong>Model<\/strong><\/td><td><strong>SL-20<\/strong><\/td><td><strong>SL-40<\/strong><\/td><td><strong>SL-80<\/strong><\/td><td><strong>SL-125<\/strong><\/td><td><strong>SL-200<\/strong><\/td><\/tr><tr><td><strong>Verwerkingscapaciteit (kg\/per keer)<\/strong><\/td><td><strong>10-15<\/strong><\/td><td><strong>20-30<\/strong><\/td><td><strong>40-50<\/strong><\/td><td><strong>70-80<\/strong><\/td><td><strong>100-140<\/strong><\/td><\/tr><tr><td><strong>Potvolume (L)<\/strong><\/td><td><strong>20<\/strong><\/td><td><strong>40<\/strong><\/td><td><strong>80<\/strong><\/td><td><strong>125<\/strong><\/td><td><strong>200<\/strong><\/td><\/tr><tr><td><strong>Vermogen (KW)<\/strong><\/td><td><strong>2.55<\/strong><\/td><td><strong>6.25<\/strong><\/td><td><strong>23<\/strong><\/td><td><strong>27<\/strong><\/td><td><strong>63<\/strong><\/td><\/tr><tr><td><strong>Bestandsaantal<\/strong><\/td><td><strong>3<\/strong><\/td><td><strong>3<\/strong><\/td><td><strong>6<\/strong><\/td><td><strong>6<\/strong><\/td><td><strong>6<\/strong><\/td><\/tr><tr><td><strong>Snijsnelheid pot (r\/min)<\/strong><\/td><td><strong>16<\/strong><\/td><td><strong>12<\/strong><\/td><td><strong>8\/12<\/strong><\/td><td><strong>8\/12<\/strong><\/td><td><strong>8\/12\/16<\/strong><\/td><\/tr><tr><td><strong>Bestandsnelheid (r\/min)<\/strong><\/td><td><strong>1650\/3300<\/strong><\/td><td><strong>1800\/3600<\/strong><\/td><td><strong>126\/1800\/3600<\/strong><\/td><td><strong>126\/1800\/3600<\/strong><\/td><td><strong>200\/1900*3800<\/strong><\/td><\/tr><tr><td><strong>Afmeting (r\/min)<\/strong><\/td><td><strong>770*650*980<\/strong><\/td><td><strong>1245*810*1094<\/strong><\/td><td><strong>2300*1020*1195<\/strong><\/td><td><strong>2400*1420*1300<\/strong><\/td><td><strong>2580*2400*1960<\/strong><\/td><\/tr><tr><td><strong>Gewicht (KG)<\/strong><\/td><td><strong>215<\/strong><\/td><td><strong>480<\/strong><\/td><td><strong>1100<\/strong><\/td><td><strong>1300<\/strong><\/td><td><strong>&nbsp;3800<\/strong><\/td><\/tr><tr><td><strong>Voedingsspanning<\/strong><\/td><td><strong>380V<\/strong><\/td><td><strong>380V<\/strong><\/td><td><strong>380V<\/strong><\/td><td><strong>380V<\/strong><\/td><td><strong>380V<\/strong><\/td><\/tr><\/tbody><\/table><\/figure>    <p>De bovenstaande tabel bevat de parameters van de hakmachine. Uit de tabel blijkt dat de machine vijf modellen heeft. Het model van de machine wordt genummerd op basis van het volume van de pot. Het kleinste potvolume is 20L, en het grootste volume is 200L. De grootte van de machine is verschillend, de snelheid van het mes bij het snijden van vlees is ook verschillend, en de grote machines hebben verschillende tandwielen om aan te passen.<\/p>    <figure class=\"wp-block-image is-resized\"><img loading=\"lazy\" decoding=\"async\" src=\"http:\/\/www.meatprocessingmachine.org\/wp-content\/uploads\/2018\/10\/vegetable-and-meat-cutter08105.jpg\" alt=\"Vlees- en groentensnijder en mixer\" width=\"840\" height=\"853\" title=\"\"><figcaption>Vlees- en groentensnijder en mixer<\/figcaption><\/figure>    <h2 class=\"wp-block-heading\">Het werkingsprincipe van de vlees- en groentensnijder, mixer en grinder <\/h2>    <p>Door gebruik te maken van de hakactie van de hoge-snelheid rotatie van het hakmes, worden de belangrijkste grondstoffen zoals vlees, gehakt en vet fijn gehakt tot vleesvulling of vleespuree, en worden andere grondstoffen zoals water, borneol en hulpstoffen gelijkmatig geroerd.<\/p>    <h2 class=\"wp-block-heading\">Kenmerken van vlees- en groentensnijder, mixer en grinder<\/h2>    <p>1. De frequentieomvormer en frequentieregelingsmotor worden geselecteerd zodat de snijsnelheid willekeurig kan worden aangepast tussen 300-4500 rpm, het mes is scherp en de hoge-snelheid werking is stabiel. De machine heeft weinig geluid, hoge effici\u00ebntie.<\/p>    <p>2. De hakker is gemaakt van ge\u00efmporteerde materialen en bewerkt met vakmanschap, en de hakker wordt in \u00e9\u00e9n stuk gevormd door het bewerkingscentrum. Het is gemaakt van roestvrij staal en heeft een overloopbestige rand om materiaallekkage en overloop te voorkomen.<\/p>    <p>3. De hakpot is twee-snelheden, die op elk tempo kan worden afgestemd met de hakmes, de hak- en mengtijd is kort, en de temperatuurstijging van het materiaal is klein.<\/p>    <p>4. Bij hoge-snelheid werking is de werking stabiel en geluidloos, en de afstand tussen de hakker en de hakker is minder dan 1,5 mm om het hakker effect te garanderen.<\/p>    <p>6. Uitgerust met een ontluchter, is de ontluchting handig en schoon. De hakker kan diepgaande verwerking van vlees, fruit, groenten, zeevruchten en condiments uitvoeren. De hoge-snelheid rotatie van het mes kan de bedrijfstijd verkorten, de warmteontwikkeling van het materiaal verminderen en de kleur van de vulling behouden.<\/p>    <figure class=\"wp-block-image size-full\"><img loading=\"lazy\" decoding=\"async\" width=\"720\" height=\"340\" src=\"https:\/\/www.meatprocessingmachine.org\/wp-content\/uploads\/2018\/10\/Meat-vegetable-cutter-and-mixer.png\" alt=\"Vlees- en groentensnijder en mixer\" class=\"wp-image-32668\" title=\"\" srcset=\"https:\/\/www.meatprocessingmachine.org\/wp-content\/uploads\/2018\/10\/Meat-vegetable-cutter-and-mixer.png 720w, https:\/\/www.meatprocessingmachine.org\/wp-content\/uploads\/2018\/10\/Meat-vegetable-cutter-and-mixer-300x142.png 300w\" sizes=\"auto, (max-width: 720px) 100vw, 720px\" \/><figcaption>Vlees- en groentensnijder en mixer<\/figcaption><\/figure>    <h2 class=\"wp-block-heading\">De structuur van de vlees hakker<\/h2>    <p>Vlees- en groentensnijder en mixer bestaan uit een hakker, een messenas, een frame en een elektrisch controlesysteem. De snijpot wordt door de motor op een lage snelheid gedraaid via de reductiekast en voedt continu de messen. De messenas wordt aangedreven door een tweesnelheidsmotor (of variabele frequentiemotor) die op hoge snelheid draait via de riem. Terwijl de grondstoffen in een spiraalbeweging in de hakpot zijn, worden ze geroerd en gehakt door de messen groep om de lucht uit het gehakte vlees te verwijderen. Door het hoge-snelheid hakken van de messen wordt de scheidingssnelheid van het vloeistof en sap van het product verminderd, en wordt de elasticiteit en fijnheid van het product verbeterd.<\/p>    <h2 class=\"wp-block-heading\">Gebruiksvereisten voor vlees- en groentensnijder en mixer<\/h2>    <figure class=\"wp-block-image size-full\"><img loading=\"lazy\" decoding=\"async\" width=\"720\" height=\"540\" src=\"https:\/\/www.meatprocessingmachine.org\/wp-content\/uploads\/2018\/10\/Meat-vegetable-cutter-and-mixer-1.png\" alt=\"Vlees- en groentensnijder en mixer\" class=\"wp-image-32669\" title=\"\" srcset=\"https:\/\/www.meatprocessingmachine.org\/wp-content\/uploads\/2018\/10\/Meat-vegetable-cutter-and-mixer-1.png 720w, https:\/\/www.meatprocessingmachine.org\/wp-content\/uploads\/2018\/10\/Meat-vegetable-cutter-and-mixer-1-300x225.png 300w\" sizes=\"auto, (max-width: 720px) 100vw, 720px\" \/><figcaption>Vlees snijder en mixer<\/figcaption><\/figure>    <p>1. Houd de binnenkant van de draaiende pot schoon, en plaats strikt geen rommel.&nbsp;<\/p>    <p>2. Dek de pot af voordat je de hakker start. Anders kan de hakker niet normaal werken.&nbsp;<\/p>    <p>3. Als er een gamble plug tijdens het voeren is, ga dan niet met de hand in de draaiende pot om het materiaal te drukken, anders is het gevaarlijk bij het tegenkomen van het draaiende mes. Als de motor van de pot duidelijk overbelast is, wordt aanbevolen om de pot op een lage snelheid te draaien en de messen snelheid te verminderen.&nbsp;<\/p>    <p>4. Om het vastlopen van vlees in de draaiende pot te voorkomen, voeg niet te veel materiaal tegelijk toe tijdens het voeren. Voeg tijdens het gebruik water toe indien nodig.&nbsp;<\/p>    <p>5. Let op vochtbestendigheid en waterdichtheid, vooral de verdeelbox, niet met water onder hoge druk wassen.<\/p>    <h2 class=\"wp-block-heading\">Video van vlees- en groentensnijder<\/h2>    <figure class=\"wp-block-embed is-type-video is-provider-youtube wp-block-embed-youtube\"><div class=\"wp-block-embed__wrapper\"> <iframe loading=\"lazy\" title=\"Beste vleeskomhacker | vlees- en groentensnijder en mixer | Chili snij- en maalmachine\" width=\"500\" height=\"281\" src=\"https:\/\/www.youtube.com\/embed\/COlE_tG9eAs?feature=oembed\" frameborder=\"0\" allow=\"accelerometer; autoplay; clipboard-write; encrypted-media; gyroscope; picture-in-picture; web-share\" referrerpolicy=\"strict-origin-when-cross-origin\" allowfullscreen><\/iframe> <\/div><figcaption>vlees groente snijder en mixer<\/figcaption><\/figure>","protected":false},"excerpt":{"rendered":"<p>ables and making meat into a puree. The meat bowl chopper has functions such as cutting, mixing, and stirring. Meat bowl choppers can act as helpers in the food processing process. Can be used in canteens, restaurants, sausage processing plants, hamburger patties processing plants.<\/p>","protected":false},"author":1,"featured_media":32707,"parent":0,"template":"","product-type":[589],"class_list":["post-103","product","type-product","status-publish","has-post-thumbnail","hentry","product-type-meat-cutting-machine"],"_links":{"self":[{"href":"https:\/\/www.meatprocessingmachine.org\/nl\/wp-json\/wp\/v2\/product\/103","targetHints":{"allow":["GET"]}}],"collection":[{"href":"https:\/\/www.meatprocessingmachine.org\/nl\/wp-json\/wp\/v2\/product"}],"about":[{"href":"https:\/\/www.meatprocessingmachine.org\/nl\/wp-json\/wp\/v2\/types\/product"}],"author":[{"embeddable":true,"href":"https:\/\/www.meatprocessingmachine.org\/nl\/wp-json\/wp\/v2\/users\/1"}],"wp:featuredmedia":[{"embeddable":true,"href":"https:\/\/www.meatprocessingmachine.org\/nl\/wp-json\/wp\/v2\/media\/32707"}],"wp:attachment":[{"href":"https:\/\/www.meatprocessingmachine.org\/nl\/wp-json\/wp\/v2\/media?parent=103"}],"wp:term":[{"taxonomy":"product-type","embeddable":true,"href":"https:\/\/www.meatprocessingmachine.org\/nl\/wp-json\/wp\/v2\/product-type?post=103"}],"curies":[{"name":"wp","href":"https:\/\/api.w.org\/{rel}","templated":true}]}}