{"id":1540,"date":"2021-08-03T16:30:38","date_gmt":"2021-08-03T08:30:38","guid":{"rendered":"https:\/\/www.meatprocessingmachine.org\/?p=1540"},"modified":"2026-03-25T10:50:32","modified_gmt":"2026-03-25T02:50:32","slug":"electronic-egg-grading-machine-for-sorting-egg","status":"publish","type":"product","link":"https:\/\/www.meatprocessingmachine.org\/nl\/electronic-egg-grading-machine-for-sorting-egg.html","title":{"rendered":"Elektronische Eierkeurmachine"},"content":{"rendered":"<div class=\"kk-star-ratings kksr-auto kksr-align-right kksr-valign-top\"     data-payload='{&quot;align&quot;:&quot;right&quot;,&quot;id&quot;:&quot;1540&quot;,&quot;slug&quot;:&quot;default&quot;,&quot;valign&quot;:&quot;top&quot;,&quot;ignore&quot;:&quot;&quot;,&quot;reference&quot;:&quot;auto&quot;,&quot;class&quot;:&quot;&quot;,&quot;count&quot;:&quot;0&quot;,&quot;legendonly&quot;:&quot;&quot;,&quot;readonly&quot;:&quot;&quot;,&quot;score&quot;:&quot;0&quot;,&quot;starsonly&quot;:&quot;&quot;,&quot;best&quot;:&quot;5&quot;,&quot;gap&quot;:&quot;5&quot;,&quot;greet&quot;:&quot;Rate this product&quot;,&quot;legend&quot;:&quot;0\\\/5 - (0 stemmen)&quot;,&quot;size&quot;:&quot;24&quot;,&quot;title&quot;:&quot;Electronic Egg Grading Machine&quot;,&quot;width&quot;:&quot;0&quot;,&quot;_legend&quot;:&quot;{score}\\\/{best} - ({count} {votes})&quot;,&quot;font_factor&quot;:&quot;1.25&quot;}'>              <div class=\"kksr-stars\">      <div class=\"kksr-stars-inactive\">             <div class=\"kksr-star\" data-star=\"1\" style=\"padding-right: 5px\">               <div class=\"kksr-icon\" style=\"width: 24px; height: 24px;\"><\/div>         <\/div>             <div class=\"kksr-star\" data-star=\"2\" style=\"padding-right: 5px\">               <div class=\"kksr-icon\" style=\"width: 24px; height: 24px;\"><\/div>         <\/div>             <div class=\"kksr-star\" data-star=\"3\" style=\"padding-right: 5px\">               <div class=\"kksr-icon\" style=\"width: 24px; height: 24px;\"><\/div>         <\/div>             <div class=\"kksr-star\" data-star=\"4\" style=\"padding-right: 5px\">               <div class=\"kksr-icon\" style=\"width: 24px; height: 24px;\"><\/div>         <\/div>             <div class=\"kksr-star\" data-star=\"5\" style=\"padding-right: 5px\">               <div class=\"kksr-icon\" style=\"width: 24px; height: 24px;\"><\/div>         <\/div>     <\/div>      <div class=\"kksr-stars-active\" style=\"width: 0px;\">             <div class=\"kksr-star\" style=\"padding-right: 5px\">               <div class=\"kksr-icon\" style=\"width: 24px; height: 24px;\"><\/div>         <\/div>             <div class=\"kksr-star\" style=\"padding-right: 5px\">               <div class=\"kksr-icon\" style=\"width: 24px; height: 24px;\"><\/div>         <\/div>             <div class=\"kksr-star\" style=\"padding-right: 5px\">               <div class=\"kksr-icon\" style=\"width: 24px; height: 24px;\"><\/div>         <\/div>             <div class=\"kksr-star\" style=\"padding-right: 5px\">               <div class=\"kksr-icon\" style=\"width: 24px; height: 24px;\"><\/div>         <\/div>             <div class=\"kksr-star\" style=\"padding-right: 5px\">               <div class=\"kksr-icon\" style=\"width: 24px; height: 24px;\"><\/div>         <\/div>     <\/div> <\/div>                   <div class=\"kksr-legend\" style=\"font-size: 19.2px;\">             <span class=\"kksr-muted\">Beoordeel dit product<\/span>     <\/div>     <\/div>  <p class=\"translation-block\">De <strong><mark class=\"has-inline-color has-luminous-vivid-amber-color\">eiersorteermachine<\/mark><\/strong> is ontworpen voor automatische weging en sortering van verse eieren. De TZ-5400 eier sorteermachine heeft een capaciteit van maximaal<strong><mark class=\"has-inline-color has-luminous-vivid-amber-color\"> 5.400 eieren per uur<\/mark><\/strong> en kan eieren sorteren in <strong><mark class=\"has-inline-color has-luminous-vivid-amber-color\">5 <\/mark><\/strong>precisie categorie\u00ebn met een nauwkeurigheid van <strong><mark class=\"has-inline-color has-luminous-vivid-amber-color\">\u00b11g<\/mark><\/strong>. <\/p>   <div class=\"wp-block-image\"> <figure class=\"aligncenter size-full\"><img loading=\"lazy\" decoding=\"async\" width=\"720\" height=\"540\" src=\"https:\/\/www.meatprocessingmachine.org\/wp-content\/uploads\/2021\/08\/Egg-Grading-Machine.webp\" alt=\"Ei-kwalificatiemachine\" class=\"wp-image-34953\" title=\"\" srcset=\"https:\/\/www.meatprocessingmachine.org\/wp-content\/uploads\/2021\/08\/Egg-Grading-Machine.webp 720w, https:\/\/www.meatprocessingmachine.org\/wp-content\/uploads\/2021\/08\/Egg-Grading-Machine-300x225.webp 300w, https:\/\/www.meatprocessingmachine.org\/wp-content\/uploads\/2021\/08\/Egg-Grading-Machine-16x12.webp 16w\" sizes=\"auto, (max-width: 720px) 100vw, 720px\" \/><figcaption class=\"wp-element-caption\">Ei-kwalificatiemachine<\/figcaption><\/figure> <\/div>   <p>Gemaakt van 304 roestvrij staal, heeft de machine een stabiele structuur, soepele werking en is gemakkelijk te hanteren. Het is een ideale oplossing voor eierverwerkingsfabrieken, pluimveebedrijven en eierverpakkingsbedrijven om de effici\u00ebntie te verbeteren en gestandaardiseerde sortering te bereiken.<\/p>    <p>Deze industri\u00eble eier sorteermachine helpt de kwaliteitscontrole van eieren te verbeteren, waardoor de productwaarde, marktprijs en algehele concurrentievermogen van het merk toenemen.<\/p>    <figure class=\"wp-block-embed is-type-video is-provider-youtube wp-block-embed-youtube wp-embed-aspect-16-9 wp-has-aspect-ratio\"><div class=\"wp-block-embed__wrapper\"> <iframe loading=\"lazy\" title=\"Egg Grading Machine | High-Speed &amp; Accurate Egg Sorting Solution\ud83e\udd5a\ud83e\udd5a\ud83e\udd5a\" width=\"500\" height=\"281\" src=\"https:\/\/www.youtube.com\/embed\/4KKWEKtXN6w?feature=oembed\" frameborder=\"0\" allow=\"accelerometer; autoplay; clipboard-write; encrypted-media; gyroscope; picture-in-picture; web-share\" referrerpolicy=\"strict-origin-when-cross-origin\" allowfullscreen><\/iframe> <\/div><\/figure>    <h2 class=\"wp-block-heading\">Functies van de Eiersorteermachine<\/h2>    <ul class=\"wp-block-list\"> <li><strong><mark style=\"background-color:rgba(0, 0, 0, 0)\" class=\"has-inline-color has-luminous-vivid-amber-color\">Automatische Voeding en Transport:<\/mark><\/strong> Zorgt voor een soepele eiertransport, vermindert botsingen en breuken, en maakt continue toevoer mogelijk voor een effici\u00ebnte werking.<\/li>    <li><strong><mark style=\"background-color:rgba(0, 0, 0, 0)\" class=\"has-inline-color has-luminous-vivid-amber-color\">Hoge Precisie Wegen en Sorteren:<\/mark><\/strong> Sorteert eieren nauwkeurig op gewicht met een foutmarge die binnen \u00b11g wordt gecontroleerd, wat zorgt voor stabiele en consistente sorteerresultaten.<\/li>    <li><strong><mark style=\"background-color:rgba(0, 0, 0, 0)\" class=\"has-inline-color has-luminous-vivid-amber-color\">5-Niveau Gewicht Classificatie: <\/mark><\/strong>Sorteerstandaarden kunnen met \u00e9\u00e9n druk op de knop worden ingesteld. De machine scheidt automatisch eieren in vijf gewichtscategorie\u00ebn, geschikt voor supermarkten, groothandelsmarkten en verwerkingsfabrieken.<\/li>    <li><strong><mark style=\"background-color:rgba(0, 0, 0, 0)\" class=\"has-inline-color has-luminous-vivid-amber-color\">Automatische Categorie Verzameling:<\/mark><\/strong> Na het sorteren worden eieren automatisch naar de bijbehorende uitgangen geleid voor gemakkelijke verpakking en dozen, wat de algehele productiviteit verbetert.<\/li>    <li><mark style=\"background-color:rgba(0, 0, 0, 0)\" class=\"has-inline-color has-luminous-vivid-amber-color\"><strong>Laag Energieverbruik en Stabiele Werking:<\/strong> <\/mark>Ontworpen met een 200W laagvermogen motor, werkend op 220V enkel-fase elektriciteit. Het heeft een laag energieverbruik en een laag storingspercentage voor langdurige stabiele prestaties.<\/li> <\/ul>    <figure class=\"wp-block-gallery has-nested-images columns-default is-cropped wp-block-gallery-2 is-layout-flex wp-block-gallery-is-layout-flex\"> <figure class=\"wp-block-image size-large\"><img loading=\"lazy\" decoding=\"async\" width=\"720\" height=\"540\" data-id=\"34963\" src=\"https:\/\/www.meatprocessingmachine.org\/wp-content\/uploads\/2021\/08\/Stainless-steel-egg-grading-machine.webp\" alt=\"Vis ontbeendermachine | visvlees en bot scheidingsmachine\" class=\"wp-image-34963\" title=\"\" srcset=\"https:\/\/www.meatprocessingmachine.org\/wp-content\/uploads\/2021\/08\/Stainless-steel-egg-grading-machine.webp 720w, https:\/\/www.meatprocessingmachine.org\/wp-content\/uploads\/2021\/08\/Stainless-steel-egg-grading-machine-300x225.webp 300w, https:\/\/www.meatprocessingmachine.org\/wp-content\/uploads\/2021\/08\/Stainless-steel-egg-grading-machine-16x12.webp 16w\" sizes=\"auto, (max-width: 720px) 100vw, 720px\" \/><figcaption class=\"wp-element-caption\">Roestvrijstalen Eiersorteermachine<\/figcaption><\/figure>    <figure class=\"wp-block-image size-large\"><img loading=\"lazy\" decoding=\"async\" width=\"720\" height=\"540\" data-id=\"34945\" src=\"https:\/\/www.meatprocessingmachine.org\/wp-content\/uploads\/2021\/08\/Automatic-Egg-Grader.webp\" alt=\"Automatische Eiersorteerder\" class=\"wp-image-34945\" title=\"\" srcset=\"https:\/\/www.meatprocessingmachine.org\/wp-content\/uploads\/2021\/08\/Automatic-Egg-Grader.webp 720w, https:\/\/www.meatprocessingmachine.org\/wp-content\/uploads\/2021\/08\/Automatic-Egg-Grader-300x225.webp 300w, https:\/\/www.meatprocessingmachine.org\/wp-content\/uploads\/2021\/08\/Automatic-Egg-Grader-16x12.webp 16w\" sizes=\"auto, (max-width: 720px) 100vw, 720px\" \/><figcaption class=\"wp-element-caption\">Automatische Eiersorteerder<\/figcaption><\/figure> <\/figure>    <h2 class=\"wp-block-heading\">Toepasbare Materialen<\/h2>    <ul class=\"wp-block-list\"> <li>Verse eieren<\/li>    <li>Broedeieren<\/li>    <li>Eendeneieren (met geschikte aanpassingen)<\/li> <\/ul>    <p>Geschikt voor gestandaardiseerde sortering en kwaliteitscontrole in verschillende verse eierverwerking, eierhandel en pluimveebedrijfsoperaties.<\/p>    <figure class=\"wp-block-gallery has-nested-images columns-default is-cropped wp-block-gallery-3 is-layout-flex wp-block-gallery-is-layout-flex\"> <figure class=\"wp-block-image size-large\"><img loading=\"lazy\" decoding=\"async\" width=\"720\" height=\"540\" data-id=\"34964\" src=\"https:\/\/www.meatprocessingmachine.org\/wp-content\/uploads\/2021\/08\/Ungraded-Eggs.webp\" alt=\"Ongesorteerde Eieren\" class=\"wp-image-34964\" title=\"\" srcset=\"https:\/\/www.meatprocessingmachine.org\/wp-content\/uploads\/2021\/08\/Ungraded-Eggs.webp 720w, https:\/\/www.meatprocessingmachine.org\/wp-content\/uploads\/2021\/08\/Ungraded-Eggs-300x225.webp 300w, https:\/\/www.meatprocessingmachine.org\/wp-content\/uploads\/2021\/08\/Ungraded-Eggs-16x12.webp 16w\" sizes=\"auto, (max-width: 720px) 100vw, 720px\" \/><figcaption class=\"wp-element-caption\">Ongesorteerde Eieren<\/figcaption><\/figure>    <figure class=\"wp-block-image size-large\"><img loading=\"lazy\" decoding=\"async\" width=\"720\" height=\"540\" data-id=\"34959\" src=\"https:\/\/www.meatprocessingmachine.org\/wp-content\/uploads\/2021\/08\/Graded-Eggs.webp\" alt=\"Gesorteerde Eieren\" class=\"wp-image-34959\" title=\"\" srcset=\"https:\/\/www.meatprocessingmachine.org\/wp-content\/uploads\/2021\/08\/Graded-Eggs.webp 720w, https:\/\/www.meatprocessingmachine.org\/wp-content\/uploads\/2021\/08\/Graded-Eggs-300x225.webp 300w, https:\/\/www.meatprocessingmachine.org\/wp-content\/uploads\/2021\/08\/Graded-Eggs-16x12.webp 16w\" sizes=\"auto, (max-width: 720px) 100vw, 720px\" \/><figcaption class=\"wp-element-caption\">Gesorteerde Eieren<\/figcaption><\/figure> <\/figure>    <h2 class=\"wp-block-heading\">Wat Zijn de Voordelen van de Eiersorteerder?<\/h2>    <div class=\"wp-block-columns is-layout-flex wp-container-core-columns-is-layout-9d6595d7 wp-block-columns-is-layout-flex\"> <div class=\"wp-block-column is-layout-flow wp-block-column-is-layout-flow\"> <p class=\"has-text-align-center translation-block\"><strong><mark class=\"has-inline-color has-luminous-vivid-amber-color\">Hoge effici\u00ebntie<\/mark><\/strong><\/p>    <p>Met een capaciteit van 5.400 eieren per uur kan het meerdere werknemers vervangen, wat de arbeidskosten aanzienlijk verlaagt.<\/p> <\/div>    <div class=\"wp-block-column is-layout-flow wp-block-column-is-layout-flow\"> <p class=\"has-text-align-center translation-block\"><strong><mark class=\"has-inline-color has-luminous-vivid-amber-color\">Hoge Nauwkeurigheid<\/mark><\/strong><\/p>    <p>Weegprecisie van \u00b11g zorgt voor uniforme sortering, wat de prijsstelling van eieren en de merkwaarde verbetert.<\/p> <\/div> <\/div>    <div class=\"wp-block-columns is-layout-flex wp-container-core-columns-is-layout-9d6595d7 wp-block-columns-is-layout-flex\"> <div class=\"wp-block-column is-layout-flow wp-block-column-is-layout-flow\"> <p class=\"has-text-align-center translation-block\"><strong><mark class=\"has-inline-color has-luminous-vivid-amber-color\">Hygi\u00ebnisch en veilig<\/mark><\/strong><\/p>    <p>Volledig gemaakt van 304 roestvrij staal, corrosiebestendig, gemakkelijk schoon te maken en voldoet aan de normen voor voedselverwerking.<\/p> <\/div>    <div class=\"wp-block-column is-layout-flow wp-block-column-is-layout-flow\"> <p class=\"has-text-align-center translation-block\"><strong><mark class=\"has-inline-color has-luminous-vivid-amber-color\">Lage Breukpercentage<\/mark><\/strong><\/p>    <p>Flexibele transport- en weegstructuur beschermt eierschalen, minimaliseert schade.<\/p> <\/div> <\/div>    <div class=\"wp-block-columns is-layout-flex wp-container-core-columns-is-layout-9d6595d7 wp-block-columns-is-layout-flex\"> <div class=\"wp-block-column is-layout-flow wp-block-column-is-layout-flow\"> <p class=\"has-text-align-center translation-block\"><strong><mark class=\"has-inline-color has-luminous-vivid-amber-color\">Eenvoudige bediening<\/mark><\/strong><\/p>    <p>E\u00e9n-druk start en instelbare parameters maken het zelfs voor beginners mogelijk om snel te werken.<\/p> <\/div>    <div class=\"wp-block-column is-layout-flow wp-block-column-is-layout-flow\"> <p class=\"has-text-align-center translation-block\"><strong><mark class=\"has-inline-color has-luminous-vivid-amber-color\">Stabiel en Duurzaam<\/mark><\/strong><\/p>    <p>Solide constructie en soepele werking maken het geschikt voor langdurige continue productie.<\/p> <\/div> <\/div>   <div class=\"wp-block-image\"> <figure class=\"aligncenter size-full\"><img loading=\"lazy\" decoding=\"async\" width=\"720\" height=\"540\" src=\"https:\/\/www.meatprocessingmachine.org\/wp-content\/uploads\/2021\/08\/Industrial-egg-weight-sorting-machine.webp\" alt=\"Industri\u00eble eier gewicht sorteermachine\" class=\"wp-image-34961\" title=\"\" srcset=\"https:\/\/www.meatprocessingmachine.org\/wp-content\/uploads\/2021\/08\/Industrial-egg-weight-sorting-machine.webp 720w, https:\/\/www.meatprocessingmachine.org\/wp-content\/uploads\/2021\/08\/Industrial-egg-weight-sorting-machine-300x225.webp 300w, https:\/\/www.meatprocessingmachine.org\/wp-content\/uploads\/2021\/08\/Industrial-egg-weight-sorting-machine-16x12.webp 16w\" sizes=\"auto, (max-width: 720px) 100vw, 720px\" \/><figcaption class=\"wp-element-caption\">Industri\u00eble eier gewicht sorteermachine<\/figcaption><\/figure> <\/div>   <h2 class=\"wp-block-heading\">Technische Parameters <\/h2>    <figure class=\"wp-block-table\"><table class=\"has-fixed-layout\"><thead><tr><th>Item<\/th><th>Specificatie<\/th><\/tr><\/thead><tbody><tr><td>Model<\/td><td>TZ-5400<\/td><\/tr><tr><td><strong>Capaciteit<\/strong><\/td><td>5400 stuks\/u<\/td><\/tr><tr><td>Vermogen<\/td><td>200W<\/td><\/tr><tr><td>Voltage<\/td><td>220V \/ 50Hz \/ Enkel Fase<\/td><\/tr><tr><td>Afmetingen<\/td><td>1900 \u00d7 1600 \u00d7 1000 mm<\/td><\/tr><tr><td>Netto Gewicht<\/td><td>160 kg<\/td><\/tr><tr><td>Sorteerniveaus<\/td><td>5 Categorie\u00ebn<\/td><\/tr><tr><td>Sorteer Nauwkeurigheid<\/td><td>\u00b11g<\/td><\/tr><tr><td>Materiaal<\/td><td>304 roestvrij staal<\/td><\/tr><\/tbody><\/table><\/figure>   <div class=\"wp-block-image\"> <figure class=\"aligncenter size-full\"><img loading=\"lazy\" decoding=\"async\" width=\"720\" height=\"540\" src=\"https:\/\/www.meatprocessingmachine.org\/wp-content\/uploads\/2021\/08\/Commercial-Egg-Grader.webp\" alt=\"Commerci\u00eble Eiersorteerder\" class=\"wp-image-34948\" title=\"\" srcset=\"https:\/\/www.meatprocessingmachine.org\/wp-content\/uploads\/2021\/08\/Commercial-Egg-Grader.webp 720w, https:\/\/www.meatprocessingmachine.org\/wp-content\/uploads\/2021\/08\/Commercial-Egg-Grader-300x225.webp 300w, https:\/\/www.meatprocessingmachine.org\/wp-content\/uploads\/2021\/08\/Commercial-Egg-Grader-16x12.webp 16w\" sizes=\"auto, (max-width: 720px) 100vw, 720px\" \/><figcaption class=\"wp-element-caption\">Commerci\u00eble Eiersorteerder<\/figcaption><\/figure> <\/div>   <h2 class=\"wp-block-heading\" id=\"h-working-principle-of-the-egg-grading-machine\">Werkingsprincipe van de Eiersorteermachine<\/h2>    <p>Sorteren op gewicht is de meest voorkomende methode. De eier sorteermachine gebruikt snelle weging om de eieren te classificeren en ze in verschillende manden te verdelen op basis van de verschillende gewichten van de eieren. Daarnaast wordt de lichtinspectie uitgevoerd met LED-lampen, gericht op het selecteren van eieren met scheuren en barsten om te voorkomen dat inferieure eieren de markt betreden.<\/p>    <figure class=\"wp-block-gallery has-nested-images columns-default is-cropped wp-block-gallery-4 is-layout-flex wp-block-gallery-is-layout-flex\"> <figure class=\"wp-block-image size-large\"><img loading=\"lazy\" decoding=\"async\" width=\"720\" height=\"540\" data-id=\"34965\" src=\"https:\/\/www.meatprocessingmachine.org\/wp-content\/uploads\/2021\/08\/Vacuum-Egg-Lifter.webp\" alt=\"Vacuum Eierlifter\" class=\"wp-image-34965\" title=\"\" srcset=\"https:\/\/www.meatprocessingmachine.org\/wp-content\/uploads\/2021\/08\/Vacuum-Egg-Lifter.webp 720w, https:\/\/www.meatprocessingmachine.org\/wp-content\/uploads\/2021\/08\/Vacuum-Egg-Lifter-300x225.webp 300w, https:\/\/www.meatprocessingmachine.org\/wp-content\/uploads\/2021\/08\/Vacuum-Egg-Lifter-16x12.webp 16w\" sizes=\"auto, (max-width: 720px) 100vw, 720px\" \/><figcaption class=\"wp-element-caption\">Vacuum Eierlifter<\/figcaption><\/figure>    <figure class=\"wp-block-image size-large\"><img loading=\"lazy\" decoding=\"async\" width=\"720\" height=\"540\" data-id=\"34949\" src=\"https:\/\/www.meatprocessingmachine.org\/wp-content\/uploads\/2021\/08\/Egg-Candling.webp\" alt=\"Eierinspectie\" class=\"wp-image-34949\" title=\"\" srcset=\"https:\/\/www.meatprocessingmachine.org\/wp-content\/uploads\/2021\/08\/Egg-Candling.webp 720w, https:\/\/www.meatprocessingmachine.org\/wp-content\/uploads\/2021\/08\/Egg-Candling-300x225.webp 300w, https:\/\/www.meatprocessingmachine.org\/wp-content\/uploads\/2021\/08\/Egg-Candling-16x12.webp 16w\" sizes=\"auto, (max-width: 720px) 100vw, 720px\" \/><figcaption class=\"wp-element-caption\">Eierinspectie<\/figcaption><\/figure> <\/figure>    <h2 class=\"wp-block-heading\">Structuur Samenstelling van de Eiersorteermachine<\/h2>    <p>De eierzuiger is een onderdeel van de eier sorteermachine. De functie van de eierzuiger is om de eieren snel op de machine te plaatsen voor de volgende lichtinspectie. Na de lichtinspectie kunt u de gebroken eieren eruit halen. De lichtinspectie is een van de snelste en meest effici\u00ebnte manieren om de eierschaal, het eiwit, de dooier en de embryo toestand onder het licht te observeren. Het is handig om een uitgebreide evaluatie van eieren te maken. Het licht is een LED, die bijzonder energiezuinig is en een lange levensduur heeft.<\/p>   <div class=\"wp-block-image\"> <figure class=\"aligncenter size-full\"><img loading=\"lazy\" decoding=\"async\" width=\"720\" height=\"540\" src=\"https:\/\/www.meatprocessingmachine.org\/wp-content\/uploads\/2021\/08\/Automatic-Egg-Grading-Machine.webp\" alt=\"Automatische Eiersorteermachine\" class=\"wp-image-34946\" title=\"\" srcset=\"https:\/\/www.meatprocessingmachine.org\/wp-content\/uploads\/2021\/08\/Automatic-Egg-Grading-Machine.webp 720w, https:\/\/www.meatprocessingmachine.org\/wp-content\/uploads\/2021\/08\/Automatic-Egg-Grading-Machine-300x225.webp 300w, https:\/\/www.meatprocessingmachine.org\/wp-content\/uploads\/2021\/08\/Automatic-Egg-Grading-Machine-16x12.webp 16w\" sizes=\"auto, (max-width: 720px) 100vw, 720px\" \/><figcaption class=\"wp-element-caption\">Automatische Eiersorteermachine<\/figcaption><\/figure> <\/div>   <h2 class=\"wp-block-heading\">Eier Sorteerstandaard<\/h2>    <p>Deze 5400stuks\/u eiergrader kan eieren in vijf verschillende categorie\u00ebn classificeren. Het is vermeldenswaard dat het foutbereik van de machine \u00b11g is. Grijp de classificatiestandaard nauwkeurig. De eier sorteermachine is eenvoudig en gemakkelijk te bedienen. Het is een favoriete machine van veel boerderijen en supermarkten. Wees een high-end eierverkoper.<\/p>   <div class=\"wp-block-image\"> <figure class=\"aligncenter size-full\"><img loading=\"lazy\" decoding=\"async\" width=\"720\" height=\"540\" src=\"https:\/\/www.meatprocessingmachine.org\/wp-content\/uploads\/2021\/08\/Industrial-Egg-Grading-Machine.webp\" alt=\"Industri\u00eble Eiersorteermachine\" class=\"wp-image-34960\" title=\"\" srcset=\"https:\/\/www.meatprocessingmachine.org\/wp-content\/uploads\/2021\/08\/Industrial-Egg-Grading-Machine.webp 720w, https:\/\/www.meatprocessingmachine.org\/wp-content\/uploads\/2021\/08\/Industrial-Egg-Grading-Machine-300x225.webp 300w, https:\/\/www.meatprocessingmachine.org\/wp-content\/uploads\/2021\/08\/Industrial-Egg-Grading-Machine-16x12.webp 16w\" sizes=\"auto, (max-width: 720px) 100vw, 720px\" \/><figcaption class=\"wp-element-caption\">Industri\u00eble Eiersorteermachine<\/figcaption><\/figure> <\/div>   <h2 class=\"wp-block-heading\">Waarom Kiezen voor Taizy?<\/h2>    <p class=\"translation-block\"><strong>Gezaghebbende certificeringen<\/strong><\/p>    <p>Gecertificeerd onder ISO9001 Kwaliteitsmanagementsysteem en CE-normen, met SGS en TUV inspectie goedkeuringen. Productkwaliteit en veiligheid voldoen aan internationale normen.<\/p>    <p class=\"translation-block\"><strong>Betrouwbare Kwaliteitsgarantie<\/strong><\/p>    <p>De complete machine wordt geleverd met een garantie van 1 jaar. Kerncomponenten hebben prioriteit voor garantie service, wat zorgt voor zorgeloos gebruik.<\/p>    <p class=\"translation-block\"><strong>Uitgebreide After-Sales Service<\/strong><\/p>    <p>Gratis installatiehandleiding en operationele video's worden verstrekt. Afstandsbegeleiding voor installatie en inbedrijfstelling is beschikbaar. Ingenieurs kunnen ook ter plaatse worden gestuurd voor installatie en training indien nodig.<\/p>    <p class=\"translation-block\"><strong>Professionele Aanpassing<\/strong>n<\/p>    <p>De machine kan worden ge\u00efntegreerd met eierwas-, inktjetprint- en verpakkingsapparatuur om een one-stop eierverwerkingsoplossing te bieden.<\/p>    <p class=\"translation-block\"><strong>Export-Kwaliteit<\/strong><\/p>    <p>Met jarenlange ervaring in de productie van eierverwerkingsapparatuur worden Taizy-producten wereldwijd ge\u00ebxporteerd, met een stabiele prestatie en een sterke markt reputatie.<\/p>   <div class=\"wp-block-image\"> <figure class=\"aligncenter size-full\"><img loading=\"lazy\" decoding=\"async\" width=\"720\" height=\"540\" src=\"https:\/\/www.meatprocessingmachine.org\/wp-content\/uploads\/2021\/08\/Egg-Grading-Machine-Packaging.webp\" alt=\"Verpakking van de Eiersorteermachine\" class=\"wp-image-34952\" title=\"\" srcset=\"https:\/\/www.meatprocessingmachine.org\/wp-content\/uploads\/2021\/08\/Egg-Grading-Machine-Packaging.webp 720w, https:\/\/www.meatprocessingmachine.org\/wp-content\/uploads\/2021\/08\/Egg-Grading-Machine-Packaging-300x225.webp 300w, https:\/\/www.meatprocessingmachine.org\/wp-content\/uploads\/2021\/08\/Egg-Grading-Machine-Packaging-16x12.webp 16w\" sizes=\"auto, (max-width: 720px) 100vw, 720px\" \/><figcaption class=\"wp-element-caption\">Verpakking van de Eiersorteermachine<\/figcaption><\/figure> <\/div>   <h2 class=\"wp-block-heading\">Gerelateerde Machine Aanbevelingen<\/h2>    <p>Met de verbetering van de hygi\u00ebnestandaarden besteden steeds meer consumenten aandacht aan de netheid van eieren, waardoor eierverwerking steeds belangrijker wordt.<\/p>    <p class=\"translation-block\">Eierverwerkingsapparatuur omvat voornamelijk een <strong><a href=\"https:\/\/www.meatprocessingmachine.org\/nl\/power-scrub-egg-washing-machine.html\/\">eierwasmachine<\/a><\/strong>, een <a href=\"https:\/\/www.meatprocessingmachine.org\/nl\/egg-printing-machine-egg-stamping-systems.html\/\"><strong>eier inktjetprinter<\/strong>,<\/a> en andere gerelateerde machines. Als u van plan bent een complete eierverwerkingslijn op te bouwen, neem dan gerust contact met ons op voor een op maat gemaakte oplossing.<\/p>   <div class=\"wp-block-image\"> <figure class=\"aligncenter size-full\"><img loading=\"lazy\" decoding=\"async\" width=\"720\" height=\"540\" src=\"https:\/\/www.meatprocessingmachine.org\/wp-content\/uploads\/2025\/12\/Egg-Printing-Machine.webp\" alt=\"Ei-printmachine te koop\" class=\"wp-image-34501\" title=\"\" srcset=\"https:\/\/www.meatprocessingmachine.org\/wp-content\/uploads\/2025\/12\/Egg-Printing-Machine.webp 720w, https:\/\/www.meatprocessingmachine.org\/wp-content\/uploads\/2025\/12\/Egg-Printing-Machine-300x225.webp 300w, https:\/\/www.meatprocessingmachine.org\/wp-content\/uploads\/2025\/12\/Egg-Printing-Machine-16x12.webp 16w\" sizes=\"auto, (max-width: 720px) 100vw, 720px\" \/><figcaption class=\"wp-element-caption\">Ei-printmachine te koop<\/figcaption><\/figure> <\/div>   <p><\/p>","protected":false},"excerpt":{"rendered":"<p>The egg grading machine classifies the eggs according to their weight. The egg sorting machine can not only classify the eggs into different grades but also perform a light inspection on the eggs. Pick out some bad eggs. The eggs are divided into several different grades through the rapid weighing of the machine. After the machine is weighed, the price of eggs of different sizes is different, and the price of eggs can be higher through grading and packaging.<\/p>","protected":false},"author":1,"featured_media":34967,"parent":0,"template":"","product-type":[583],"class_list":["post-1540","product","type-product","status-publish","has-post-thumbnail","hentry","product-type-chicken-turkey"],"_links":{"self":[{"href":"https:\/\/www.meatprocessingmachine.org\/nl\/wp-json\/wp\/v2\/product\/1540","targetHints":{"allow":["GET"]}}],"collection":[{"href":"https:\/\/www.meatprocessingmachine.org\/nl\/wp-json\/wp\/v2\/product"}],"about":[{"href":"https:\/\/www.meatprocessingmachine.org\/nl\/wp-json\/wp\/v2\/types\/product"}],"author":[{"embeddable":true,"href":"https:\/\/www.meatprocessingmachine.org\/nl\/wp-json\/wp\/v2\/users\/1"}],"wp:featuredmedia":[{"embeddable":true,"href":"https:\/\/www.meatprocessingmachine.org\/nl\/wp-json\/wp\/v2\/media\/34967"}],"wp:attachment":[{"href":"https:\/\/www.meatprocessingmachine.org\/nl\/wp-json\/wp\/v2\/media?parent=1540"}],"wp:term":[{"taxonomy":"product-type","embeddable":true,"href":"https:\/\/www.meatprocessingmachine.org\/nl\/wp-json\/wp\/v2\/product-type?post=1540"}],"curies":[{"name":"wp","href":"https:\/\/api.w.org\/{rel}","templated":true}]}}