{"id":1635,"date":"2021-08-10T17:09:29","date_gmt":"2021-08-10T09:09:29","guid":{"rendered":"https:\/\/www.meatprocessingmachine.org\/?p=1635"},"modified":"2026-02-12T16:09:05","modified_gmt":"2026-02-12T08:09:05","slug":"dz-260-desktop-vacuum-packing-machine-for-sealing","status":"publish","type":"product","link":"https:\/\/www.meatprocessingmachine.org\/nl\/dz-260-desktop-vacuum-packing-machine-for-sealing.html","title":{"rendered":"DZ-260 Desktop vacu\u00fcmverpakkingsmachine voor afdichting"},"content":{"rendered":"<div class=\"kk-star-ratings kksr-auto kksr-align-right kksr-valign-top\"     data-payload='{&quot;align&quot;:&quot;right&quot;,&quot;id&quot;:&quot;1635&quot;,&quot;slug&quot;:&quot;default&quot;,&quot;valign&quot;:&quot;top&quot;,&quot;ignore&quot;:&quot;&quot;,&quot;reference&quot;:&quot;auto&quot;,&quot;class&quot;:&quot;&quot;,&quot;count&quot;:&quot;0&quot;,&quot;legendonly&quot;:&quot;&quot;,&quot;readonly&quot;:&quot;&quot;,&quot;score&quot;:&quot;0&quot;,&quot;starsonly&quot;:&quot;&quot;,&quot;best&quot;:&quot;5&quot;,&quot;gap&quot;:&quot;5&quot;,&quot;greet&quot;:&quot;Rate this product&quot;,&quot;legend&quot;:&quot;0\\\/5 - (0 stemmen)&quot;,&quot;size&quot;:&quot;24&quot;,&quot;title&quot;:&quot;DZ-260 Desktop vacuum packing machine for sealing&quot;,&quot;width&quot;:&quot;0&quot;,&quot;_legend&quot;:&quot;{score}\\\/{best} - ({count} {votes})&quot;,&quot;font_factor&quot;:&quot;1.25&quot;}'>              <div class=\"kksr-stars\">      <div class=\"kksr-stars-inactive\">             <div class=\"kksr-star\" data-star=\"1\" style=\"padding-right: 5px\">               <div class=\"kksr-icon\" style=\"width: 24px; height: 24px;\"><\/div>         <\/div>             <div class=\"kksr-star\" data-star=\"2\" style=\"padding-right: 5px\">               <div class=\"kksr-icon\" style=\"width: 24px; height: 24px;\"><\/div>         <\/div>             <div class=\"kksr-star\" data-star=\"3\" style=\"padding-right: 5px\">               <div class=\"kksr-icon\" style=\"width: 24px; height: 24px;\"><\/div>         <\/div>             <div class=\"kksr-star\" data-star=\"4\" style=\"padding-right: 5px\">               <div class=\"kksr-icon\" style=\"width: 24px; height: 24px;\"><\/div>         <\/div>             <div class=\"kksr-star\" data-star=\"5\" style=\"padding-right: 5px\">               <div class=\"kksr-icon\" style=\"width: 24px; height: 24px;\"><\/div>         <\/div>     <\/div>      <div class=\"kksr-stars-active\" style=\"width: 0px;\">             <div class=\"kksr-star\" style=\"padding-right: 5px\">               <div class=\"kksr-icon\" style=\"width: 24px; height: 24px;\"><\/div>         <\/div>             <div class=\"kksr-star\" style=\"padding-right: 5px\">               <div class=\"kksr-icon\" style=\"width: 24px; height: 24px;\"><\/div>         <\/div>             <div class=\"kksr-star\" style=\"padding-right: 5px\">               <div class=\"kksr-icon\" style=\"width: 24px; height: 24px;\"><\/div>         <\/div>             <div class=\"kksr-star\" style=\"padding-right: 5px\">               <div class=\"kksr-icon\" style=\"width: 24px; height: 24px;\"><\/div>         <\/div>             <div class=\"kksr-star\" style=\"padding-right: 5px\">               <div class=\"kksr-icon\" style=\"width: 24px; height: 24px;\"><\/div>         <\/div>     <\/div> <\/div>                   <div class=\"kksr-legend\" style=\"font-size: 19.2px;\">             <span class=\"kksr-muted\">Beoordeel dit product<\/span>     <\/div>     <\/div>  <p class=\"translation-block\"> Desktop vacu\u00fcmverpakkingsmachine is een machine die materialen kan vacu\u00fcmverpakken. De desktop vacu\u00fcmverpakkingsmachine kan worden toegepast op zowel droge als natte producten, voor vaste, vloeibare, poeder- en pasta-voedingsmiddelen, granen, fruit, geconserveerd fruit en chemicali\u00ebn. Elektronische componenten, precisie-instrumenten, zeldzame metalen, enz. voor vacu\u00fcmverpakking. Vacu\u00fcmverpakking is heel gebruikelijk in het dagelijks leven, deze methode is ook eenvoudig en praktisch, en wordt door veel fabrikanten gewaardeerd. Daarnaast hebben we ook veel soorten <a href=\"https:\/\/www.meatprocessingmachine.org\/nl\/vacuum-packing-machine.html\/\">vacu\u00fcmverpakkingsmachines<\/a> om uit te kiezen.<\/p>    <h2 class=\"wp-block-heading\" id=\"h-how-to-use-desktop-vacuum-packing-machine\">Hoe gebruik je de desktop vacu\u00fcmverpakkingsmachine<\/h2>    <figure class=\"wp-block-embed is-type-video is-provider-youtube wp-block-embed-youtube\"><div class=\"wp-block-embed__wrapper\"> <iframe loading=\"lazy\" title=\"vacu\u00fcmverpakkingsmachine | voedselkamer vacu\u00fcmsealer\" width=\"500\" height=\"281\" src=\"https:\/\/www.youtube.com\/embed\/2CWP6Zl_GKg?start=8&#038;feature=oembed\" frameborder=\"0\" allow=\"accelerometer; autoplay; clipboard-write; encrypted-media; gyroscope; picture-in-picture; web-share\" referrerpolicy=\"strict-origin-when-cross-origin\" allowfullscreen><\/iframe> <\/div><\/figure>    <p>The use of vacuum packaging is very simple. First of all, you need to put the things to be packaged into the packaging bag, place the opening on the machine&#8217;s seal, and then turn on the switch, the machine will start working, and the machine will complete after extracting the air from the packaging bag. The predetermined vacuum degree, and finally the machine completes the sealing process.<\/p>    <h2 class=\"wp-block-heading\">De rol van vacu\u00fcmverpakking<\/h2>    <figure class=\"wp-block-image size-full\"><img loading=\"lazy\" decoding=\"async\" width=\"750\" height=\"934\" src=\"https:\/\/www.meatprocessingmachine.org\/wp-content\/uploads\/2021\/08\/product-of-vacuum-packing.jpg\" alt=\"product of vacuum packing\" class=\"wp-image-1639\" title=\"\" srcset=\"https:\/\/www.meatprocessingmachine.org\/wp-content\/uploads\/2021\/08\/product-of-vacuum-packing.jpg 750w, https:\/\/www.meatprocessingmachine.org\/wp-content\/uploads\/2021\/08\/product-of-vacuum-packing-241x300.jpg 241w\" sizes=\"auto, (max-width: 750px) 100vw, 750px\" \/><figcaption>Product van vacu\u00fcmverpakking<\/figcaption><\/figure>    <p>De belangrijkste functie van vacu\u00fcmverpakking is het verlengen van de houdbaarheid van voedsel en het voorkomen van schimmel en bederf. De hoofdfunctie van vacu\u00fcmverpakking is het verwijderen van zuurstof uit de verpakkingszak zodat het voedsel zo min mogelijk wordt blootgesteld aan zuurstof, en de oxidatiesnelheid van het voedsel wordt verminderd. Een ander aspect is het voorkomen van bacteriegroei. Er zijn veel bacteri\u00ebn in de lucht. Als een geschikte groeiplek wordt geboden, zullen de bacteri\u00ebn zich snel vermenigvuldigen. Versnelt het bederf van voedsel. Door de goede luchtdichtheid van vacu\u00fcmverpakking kan het voedsel tot op zekere hoogte vochtverlies voorkomen en de oorspronkelijke smaak behouden wanneer het voor het eerst wordt geproduceerd. Daarom is vacu\u00fcmverpakking een essentieel onderdeel van het dagelijks leven.<\/p>    <figure class=\"wp-block-image size-full\"><img loading=\"lazy\" decoding=\"async\" width=\"750\" height=\"750\" src=\"https:\/\/www.meatprocessingmachine.org\/wp-content\/uploads\/2021\/08\/vacuum-packing-machine-2.jpg\" alt=\"vacu\u00fcmverpakkingsmachine\" class=\"wp-image-1641\" title=\"\" srcset=\"https:\/\/www.meatprocessingmachine.org\/wp-content\/uploads\/2021\/08\/vacuum-packing-machine-2.jpg 750w, https:\/\/www.meatprocessingmachine.org\/wp-content\/uploads\/2021\/08\/vacuum-packing-machine-2-300x300.jpg 300w, https:\/\/www.meatprocessingmachine.org\/wp-content\/uploads\/2021\/08\/vacuum-packing-machine-2-150x150.jpg 150w\" sizes=\"auto, (max-width: 750px) 100vw, 750px\" \/><figcaption>Vacuum verpakkingsmachine<\/figcaption><\/figure>    <h2 class=\"wp-block-heading\">Parameters van de desktopverpakkingsmachine<\/h2>    <figure class=\"wp-block-table\"><table><tbody><tr><td>model<\/td><td>DZ260<\/td><\/tr><tr><td>voeding<\/td><td>220V \/110V  50\/60HZ<\/td><\/tr><tr><td>Vacu\u00fcm pompvermogen<\/td><td>370W<\/td><\/tr><tr><td>Sealing vermogen<\/td><td>200 mm<\/td><\/tr><tr><td>Laagste absolute druk<\/td><td>1Kpa<\/td><\/tr><tr><td>Sealtpositie<\/td><td>1 stuk (Verzegelstrip)<\/td><\/tr><tr><td>Vacu\u00fcmkamer grootte<\/td><td>340*300*50mm<\/td><\/tr><tr><td>Seal grootte<\/td><td>260*8mm<\/td><\/tr><tr><td>gewicht<\/td><td>35KG<\/td><\/tr><tr><td>Machinegrootte<\/td><td>480*330*360mm<\/td><\/tr><\/tbody><\/table><figcaption>Vacu\u00fcmverpakkingsmachine<\/figcaption><\/figure>    <h2 class=\"wp-block-heading\">Voordelen van de desktop vacu\u00fcmverpakkingsmachine<\/h2>    <figure class=\"wp-block-image size-full\"><img loading=\"lazy\" decoding=\"async\" width=\"750\" height=\"831\" src=\"https:\/\/www.meatprocessingmachine.org\/wp-content\/uploads\/2021\/08\/Vacuum-packaging-machine-details.jpg\" alt=\"Details van de vacu\u00fcmverpakkingsmachine\" class=\"wp-image-1642\" title=\"\" srcset=\"https:\/\/www.meatprocessingmachine.org\/wp-content\/uploads\/2021\/08\/Vacuum-packaging-machine-details.jpg 750w, https:\/\/www.meatprocessingmachine.org\/wp-content\/uploads\/2021\/08\/Vacuum-packaging-machine-details-271x300.jpg 271w\" sizes=\"auto, (max-width: 750px) 100vw, 750px\" \/><figcaption>Details van de vacu\u00fcmverpakkingsmachine<\/figcaption><\/figure>    <p>1. Deze serie vacu\u00fcmverpakkingsmachines kan tegelijk vacu\u00fcm, verzegelen, printen en koelen. Dit product is geschikt voor vacu\u00fcmverpakking van voedsel, medicijnen, waterproducten, chemische grondstoffen, elektronische componenten en andere producten om oxidatie en schimmelvorming te voorkomen. Corrosiebestendig, vochtbestendig, kwaliteit en versheid, verlengt de opslagduur van producten.<\/p>    <p>2. De desktop vacu\u00fcmverpakkingsmachine heeft de kenmerken van kleine afmetingen, laag energieverbruik, korte pompduur, enz., en is geschikt voor het verpakken van kleine items.<\/p>    <p>3. Het systeem heeft de voordelen van nauwkeurige controle, sterke storingsbestendigheid en goede stabiliteit. Alle instellingen worden rechtstreeks op het paneel ingesteld zonder andere componenten aan te passen.<\/p>    <p>4. De desktop vacu\u00fcmverpakkingsmachine heeft de kenmerken van kleine afmetingen, laag energieverbruik, korte pompduur, enz., en is geschikt voor het verpakken van kleine items.<\/p>","protected":false},"excerpt":{"rendered":"<p>The desktop vacuum packaging machine is a machine that can vacuum materials. The desktop vacuum packaging machine can be applied to both dry and wet products, for solid, liquid, powder, and paste foods, grains, fruits, preserved fruits, and chemicals. Electronic components, precision instruments, rare metals, etc. for vacuum packaging. Vacuum packaging is very common in life, this method is also simple and practical, and is loved by many manufacturers. In addition, we also have many types of vacuum packaging machines to choose.<\/p>","protected":false},"author":1,"featured_media":1638,"parent":0,"template":"","product-type":[596],"class_list":["post-1635","product","type-product","status-publish","has-post-thumbnail","hentry","product-type-meat-packaging-equipment"],"_links":{"self":[{"href":"https:\/\/www.meatprocessingmachine.org\/nl\/wp-json\/wp\/v2\/product\/1635","targetHints":{"allow":["GET"]}}],"collection":[{"href":"https:\/\/www.meatprocessingmachine.org\/nl\/wp-json\/wp\/v2\/product"}],"about":[{"href":"https:\/\/www.meatprocessingmachine.org\/nl\/wp-json\/wp\/v2\/types\/product"}],"author":[{"embeddable":true,"href":"https:\/\/www.meatprocessingmachine.org\/nl\/wp-json\/wp\/v2\/users\/1"}],"wp:featuredmedia":[{"embeddable":true,"href":"https:\/\/www.meatprocessingmachine.org\/nl\/wp-json\/wp\/v2\/media\/1638"}],"wp:attachment":[{"href":"https:\/\/www.meatprocessingmachine.org\/nl\/wp-json\/wp\/v2\/media?parent=1635"}],"wp:term":[{"taxonomy":"product-type","embeddable":true,"href":"https:\/\/www.meatprocessingmachine.org\/nl\/wp-json\/wp\/v2\/product-type?post=1635"}],"curies":[{"name":"wp","href":"https:\/\/api.w.org\/{rel}","templated":true}]}}