{"id":1646,"date":"2021-08-12T17:23:30","date_gmt":"2021-08-12T09:23:30","guid":{"rendered":"https:\/\/www.meatprocessingmachine.org\/?p=1646"},"modified":"2026-02-12T16:00:37","modified_gmt":"2026-02-12T08:00:37","slug":"single-chamber-vacuum-packaging-machine","status":"publish","type":"product","link":"https:\/\/www.meatprocessingmachine.org\/nl\/single-chamber-vacuum-packaging-machine.html","title":{"rendered":"Vacuumverpakkingsmachine voor \u00e9\u00e9n kamer | Vacu\u00fcmsealmachine"},"content":{"rendered":"<div class=\"kk-star-ratings kksr-auto kksr-align-right kksr-valign-top\"     data-payload='{&quot;align&quot;:&quot;right&quot;,&quot;id&quot;:&quot;1646&quot;,&quot;slug&quot;:&quot;default&quot;,&quot;valign&quot;:&quot;top&quot;,&quot;ignore&quot;:&quot;&quot;,&quot;reference&quot;:&quot;auto&quot;,&quot;class&quot;:&quot;&quot;,&quot;count&quot;:&quot;0&quot;,&quot;legendonly&quot;:&quot;&quot;,&quot;readonly&quot;:&quot;&quot;,&quot;score&quot;:&quot;0&quot;,&quot;starsonly&quot;:&quot;&quot;,&quot;best&quot;:&quot;5&quot;,&quot;gap&quot;:&quot;5&quot;,&quot;greet&quot;:&quot;Rate this product&quot;,&quot;legend&quot;:&quot;0\\\/5 - (0 stemmen)&quot;,&quot;size&quot;:&quot;24&quot;,&quot;title&quot;:&quot;Single chamber vacuum packaging machine | Vacuum sealing machine&quot;,&quot;width&quot;:&quot;0&quot;,&quot;_legend&quot;:&quot;{score}\\\/{best} - ({count} {votes})&quot;,&quot;font_factor&quot;:&quot;1.25&quot;}'>              <div class=\"kksr-stars\">      <div class=\"kksr-stars-inactive\">             <div class=\"kksr-star\" data-star=\"1\" style=\"padding-right: 5px\">               <div class=\"kksr-icon\" style=\"width: 24px; height: 24px;\"><\/div>         <\/div>             <div class=\"kksr-star\" data-star=\"2\" style=\"padding-right: 5px\">               <div class=\"kksr-icon\" style=\"width: 24px; height: 24px;\"><\/div>         <\/div>             <div class=\"kksr-star\" data-star=\"3\" style=\"padding-right: 5px\">               <div class=\"kksr-icon\" style=\"width: 24px; height: 24px;\"><\/div>         <\/div>             <div class=\"kksr-star\" data-star=\"4\" style=\"padding-right: 5px\">               <div class=\"kksr-icon\" style=\"width: 24px; height: 24px;\"><\/div>         <\/div>             <div class=\"kksr-star\" data-star=\"5\" style=\"padding-right: 5px\">               <div class=\"kksr-icon\" style=\"width: 24px; height: 24px;\"><\/div>         <\/div>     <\/div>      <div class=\"kksr-stars-active\" style=\"width: 0px;\">             <div class=\"kksr-star\" style=\"padding-right: 5px\">               <div class=\"kksr-icon\" style=\"width: 24px; height: 24px;\"><\/div>         <\/div>             <div class=\"kksr-star\" style=\"padding-right: 5px\">               <div class=\"kksr-icon\" style=\"width: 24px; height: 24px;\"><\/div>         <\/div>             <div class=\"kksr-star\" style=\"padding-right: 5px\">               <div class=\"kksr-icon\" style=\"width: 24px; height: 24px;\"><\/div>         <\/div>             <div class=\"kksr-star\" style=\"padding-right: 5px\">               <div class=\"kksr-icon\" style=\"width: 24px; height: 24px;\"><\/div>         <\/div>             <div class=\"kksr-star\" style=\"padding-right: 5px\">               <div class=\"kksr-icon\" style=\"width: 24px; height: 24px;\"><\/div>         <\/div>     <\/div> <\/div>                   <div class=\"kksr-legend\" style=\"font-size: 19.2px;\">             <span class=\"kksr-muted\">Beoordeel dit product<\/span>     <\/div>     <\/div>  <p class=\"translation-block\">De enkelkamer vacu\u00fcmverpakkingsmachine kan zuurstof uit de verpakkingszak verwijderen om een vacu\u00fcmtoestand te vormen. Hierdoor wordt de houdbaarheid van voedsel verlengd. Een automatische vacu\u00fcmseermachine is geschikt voor het verpakken van vleesproducten, <a href=\"https:\/\/en.wikipedia.org\/wiki\/Grain\" target=\"_blank\" rel=\"noopener\">granen<\/a>, medicijnen, enz. Een industri\u00eble kamer vacu\u00fcmsealer kan voorkomen dat het voedsel schimmelt, terwijl de oorspronkelijke smaak behouden blijft, en ervoor zorgen dat het vocht van het voedsel niet verloren gaat.<\/p>    <h2 class=\"wp-block-heading\">Werkweergave van enkelkamer vacu\u00fcmverpakkingsmachine<\/h2>    <figure class=\"wp-block-embed is-type-video is-provider-youtube wp-block-embed-youtube\"><div class=\"wp-block-embed__wrapper\"> <iframe loading=\"lazy\" title=\"Commerci\u00eble vacu\u00fcmsealers | Enkelkamer vacu\u00fcmverpakkingsmachine | verpakkingsmachine\" width=\"500\" height=\"281\" src=\"https:\/\/www.youtube.com\/embed\/0tZFANYuKhw?feature=oembed\" frameborder=\"0\" allow=\"accelerometer; autoplay; clipboard-write; encrypted-media; gyroscope; picture-in-picture; web-share\" referrerpolicy=\"strict-origin-when-cross-origin\" allowfullscreen><\/iframe> <\/div><figcaption class=\"wp-element-caption\">Vacu\u00fcmverpakkingsmachine werkweergave<\/figcaption><\/figure>    <h2 class=\"wp-block-heading\">Kenmerk van industri\u00eble kamer vacu\u00fcmsealer<\/h2>    <ol class=\"wp-block-list\"> <li>De enkelkamer vacu\u00fcmverpakkingsmachine gebruikt volledig transparant plexiglas, en de verpakkingssituatie kan tijdens de werking worden waargenomen.<\/li>    <li>De enkelkamer vacu\u00fcmverpakkingsmachine kan meerdere stappen tegelijk uitvoeren, zoals vacu\u00fcm, sealen en printen.<\/li>    <li>Het lichaam is klein en gemakkelijk te verplaatsen.<\/li>    <li>De verwarmings-temperatuur is regelbaar tijdens het sealen en kan op elk moment worden aangepast aan de specifieke situatie.<\/li> <\/ol>    <h2 class=\"wp-block-heading\">Parameters van enkelkamer vacu\u00fcmverpakkingsmachine<\/h2>    <figure class=\"wp-block-table\"><table><tbody><tr><td>Model<\/td><td>DZ400\/2E<\/td><td>DZ500\/2E<\/td><td>DZ600\/2E<\/td><\/tr><tr><td>Voedingsspanning<\/td><td>220V\/110V<\/td><td>220V\/110V<\/td><td>220V\/110V<\/td><\/tr><tr><td>Vacu\u00fcm pompvermogen<\/td><td>900W<\/td><td>900W<\/td><td>1800W<\/td><\/tr><tr><td>Sealing vermogen<\/td><td>600W<\/td><td>750W<\/td><td>1200W<\/td><\/tr><tr><td>Laagste absolute druk<\/td><td>1Kpa<\/td><td>1Kpa<\/td><td>1Kpa<\/td><\/tr><tr><td>Sealtpositie<\/td><td>2 (seallijn)<\/td><td>2 (seallijn)<\/td><td>2 (seallijn)<\/td><\/tr><tr><td>Vacu\u00fcmkamer grootte<\/td><td>430x420x75mm<\/td><td>530x520x75mm<\/td><td>650x620x100mm<\/td><\/tr><tr><td>Seal grootte<\/td><td>400*10mm<\/td><td>500*10mm<\/td><td>600*10mm<\/td><\/tr><tr><td>Netto gewicht<\/td><td>80KG<\/td><td>100KG<\/td><td>150KG<\/td><\/tr><tr><td>Machinegrootte<\/td><td>540*500*950mm<\/td><td>580*630*1000mm<\/td><td>750*710*1000mm<\/td><\/tr><\/tbody><\/table><figcaption class=\"wp-element-caption\"> Vacu\u00fcmverpakkingsmachine parameters <\/figcaption><\/figure>    <h2 class=\"wp-block-heading\" id=\"h-operation-steps-of-single-chamber-vacuum-packaging-machine\">Bedieningsstappen van enkelkamer vacu\u00fcmverpakkingsmachine<\/h2>    <figure class=\"wp-block-image size-full is-resized\"><img loading=\"lazy\" decoding=\"async\" width=\"750\" height=\"750\" src=\"https:\/\/www.meatprocessingmachine.org\/wp-content\/uploads\/2021\/08\/Automatic-Vacuum-Sealing-Machine.jpg\" alt=\"Automatic Vacuum Sealing Machine\" class=\"wp-image-1649\" title=\"\" srcset=\"https:\/\/www.meatprocessingmachine.org\/wp-content\/uploads\/2021\/08\/Automatic-Vacuum-Sealing-Machine.jpg 750w, https:\/\/www.meatprocessingmachine.org\/wp-content\/uploads\/2021\/08\/Automatic-Vacuum-Sealing-Machine-300x300.jpg 300w, https:\/\/www.meatprocessingmachine.org\/wp-content\/uploads\/2021\/08\/Automatic-Vacuum-Sealing-Machine-150x150.jpg 150w\" sizes=\"auto, (max-width: 750px) 100vw, 750px\" \/><figcaption class=\"wp-element-caption\"><br>automatische vacu\u00fcmseermachine<\/figcaption><\/figure>    <ol class=\"wp-block-list\"> <li>De enkelkamer vacu\u00fcmverpakkingsmachine bestaat voornamelijk uit een vacu\u00fcmsysteem, een gaspompsysteem en een afdichtingssysteem, een hittepersafdichting en een elektrisch controlesysteem. Het bedieningsproces van de enkelkamer vacu\u00fcmmachine is echter zeer eenvoudig.<\/li>    <li>Zet de stroom aan: zet de stroomkeuzeschakelaar indien nodig om, dat wil zeggen, het stroomindicatorlampje brandt. De stroomkeuzeschakelaar wijst naar vacu\u00fcm voor vacu\u00fcmverzegeling, en vacu\u00fcmvulling is voor vacu\u00fcmvulling en sealen.<\/li>    <li>Put the packaging bag with the contents in the vacuum chamber, the bag&#8217;s mouth is neat.<\/li>    <li>Druk op de deksel, en het uitlaat (vacuum) indicatielampje op het paneel brandt. De vacu\u00fcm pomp begint lucht te pompen, en de deksel wordt automatisch aangezogen. De vacu\u00fcmknop kan het vacu\u00fcmniveau aanpassen volgens de verpakkingsvereisten. Bij het aanpassen is de visuele schaal van laag naar hoog met een kleine amplitude.<\/li>    <li>Wanneer het pompen de ingestelde tijd bereikt, dat wil zeggen het vereiste vacu\u00fcm, stopt het pompen.<\/li>    <li>Wanneer het pompen is voltooid, gaat het indicatielampje uit, wordt het hitte-seallampje ingeschakeld, en begint de inblaasactie.<\/li>    <li>Bij het aanpassen van de parameters moet het draairange klein zijn om te voorkomen dat de hitte-sealtemperatuur plotseling toeneemt en de hitte-sealaccessoires verbrandt.<\/li>    <li>Wanneer de hitte-sealtijd is bereikt, gaat het hitte-seallampje uit om het einde van het sealen aan te geven, en de vacu\u00fcmkamer wordt automatisch verbonden met de atmosfeer via de soleno\u00efdeklep totdat de deksel automatisch wordt opgetild, en het vacu\u00fcmverpakkingsproces is voltooid, klaar voor de volgende verpakkingscyclus.<\/li> <\/ol>    <figure class=\"wp-block-image size-full is-resized\"><img loading=\"lazy\" decoding=\"async\" width=\"750\" height=\"934\" src=\"https:\/\/www.meatprocessingmachine.org\/wp-content\/uploads\/2021\/08\/product-of-vacuum-packing-1.jpg\" alt=\"product of Industrial Chamber vacuum sealer \" class=\"wp-image-1653\" title=\"\" srcset=\"https:\/\/www.meatprocessingmachine.org\/wp-content\/uploads\/2021\/08\/product-of-vacuum-packing-1.jpg 750w, https:\/\/www.meatprocessingmachine.org\/wp-content\/uploads\/2021\/08\/product-of-vacuum-packing-1-241x300.jpg 241w\" sizes=\"auto, (max-width: 750px) 100vw, 750px\" \/><figcaption class=\"wp-element-caption\"><br><br>product van industri\u00eble kamer vacu\u00fcmsealer<\/figcaption><\/figure>    <h2 class=\"wp-block-heading\">Over de verpakkingszak<\/h2>    <p>Veel klanten melden altijd dat de vacu\u00fcmzak kapotgaat bij gebruik van de enkelkamer vacu\u00fcmverpakkingsmachine. Vraag onze technici waarom dat zo is. Kort gezegd, de dikte van de vacu\u00fcmzak die we gebruiken, kan niet worden bereikt, omdat het vacu\u00fcm relatief groot is, dus als de zak niet de dikte bereikt tijdens het vacu\u00fcm, zal dat schade veroorzaken. Voor verpakkingsmaterialen moeten we nog steeds aan onze eisen voldoen, om het normale vacu\u00fcmwerk te garanderen.<\/p>   <div class=\"wp-block-image\"> <figure class=\"aligncenter size-full is-resized\"><img loading=\"lazy\" decoding=\"async\" width=\"720\" height=\"540\" src=\"https:\/\/www.meatprocessingmachine.org\/wp-content\/uploads\/2022\/03\/sausage-vacuum-packaging-machine-1-1.png\" alt=\"enkelkamer vacu\u00fcmverpakkingsmachine\" class=\"wp-image-32950\" style=\"object-fit:cover;width:720px;height:540px\" title=\"\" srcset=\"https:\/\/www.meatprocessingmachine.org\/wp-content\/uploads\/2022\/03\/sausage-vacuum-packaging-machine-1-1.png 720w, https:\/\/www.meatprocessingmachine.org\/wp-content\/uploads\/2022\/03\/sausage-vacuum-packaging-machine-1-1-300x225.png 300w\" sizes=\"auto, (max-width: 720px) 100vw, 720px\" \/><figcaption class=\"wp-element-caption\">Enkelkamer vacu\u00fcmverpakkingsmachine<\/figcaption><\/figure> <\/div>   <h2 class=\"wp-block-heading\">Soorten vacu\u00fcmverpakkingsmachines<\/h2>    <p class=\"translation-block\">Er zijn twee soorten vacu\u00fcmverpakkingsmachines: enkelkamer en <a href=\"https:\/\/www.meatprocessingmachine.org\/nl\/dz-260-desktop-vacuum-packing-machine-for-sealing.html\/\">dubbelkamer vacu\u00fcmverpakkingsmachines<\/a>. De functie en het effect van deze twee machines zijn hetzelfde. Het belangrijkste verschil is de verpakkingssnelheid. Als u meer wilt weten over deze machine, neem dan gerust contact met ons op.<\/p>    <div class=\"wp-block-columns is-layout-flex wp-container-core-columns-is-layout-9d6595d7 wp-block-columns-is-layout-flex\"> <div class=\"wp-block-column is-layout-flow wp-block-column-is-layout-flow\"> <figure class=\"wp-block-image size-full\"><a href=\"https:\/\/www.meatprocessingmachine.org\/nl\/single-chamber-vacuum-packaging-machine-vacuum-sealing-machine.html\/\"><img loading=\"lazy\" decoding=\"async\" width=\"720\" height=\"540\" src=\"https:\/\/www.meatprocessingmachine.org\/wp-content\/uploads\/2018\/10\/single-chamber-meat-vacuum-packing-machine.webp\" alt=\"enkelkamer vlees vacu\u00fcmverpakkingsmachine\" class=\"wp-image-34424\" title=\"\" srcset=\"https:\/\/www.meatprocessingmachine.org\/wp-content\/uploads\/2018\/10\/single-chamber-meat-vacuum-packing-machine.webp 720w, https:\/\/www.meatprocessingmachine.org\/wp-content\/uploads\/2018\/10\/single-chamber-meat-vacuum-packing-machine-300x225.webp 300w, https:\/\/www.meatprocessingmachine.org\/wp-content\/uploads\/2018\/10\/single-chamber-meat-vacuum-packing-machine-16x12.webp 16w\" sizes=\"auto, (max-width: 720px) 100vw, 720px\" \/><\/a><figcaption class=\"wp-element-caption\">Enkelkamer vlees vacu\u00fcmverpakkingsmachine<\/figcaption><\/figure> <\/div>    <div class=\"wp-block-column is-layout-flow wp-block-column-is-layout-flow\"> <figure class=\"wp-block-image size-full\"><a href=\"https:\/\/www.meatprocessingmachine.org\/nl\/dz-260-desktop-vacuum-packing-machine-for-sealing.html\/\"><img loading=\"lazy\" decoding=\"async\" width=\"720\" height=\"540\" src=\"https:\/\/www.meatprocessingmachine.org\/wp-content\/uploads\/2018\/10\/meat-vacuum-packaging-machine.webp\" alt=\"Vlees verpakkingsmachine\" class=\"wp-image-34423\" title=\"\" srcset=\"https:\/\/www.meatprocessingmachine.org\/wp-content\/uploads\/2018\/10\/meat-vacuum-packaging-machine.webp 720w, https:\/\/www.meatprocessingmachine.org\/wp-content\/uploads\/2018\/10\/meat-vacuum-packaging-machine-300x225.webp 300w, https:\/\/www.meatprocessingmachine.org\/wp-content\/uploads\/2018\/10\/meat-vacuum-packaging-machine-16x12.webp 16w\" sizes=\"auto, (max-width: 720px) 100vw, 720px\" \/><\/a><figcaption class=\"wp-element-caption\">Dubbele kamer vlees vacu\u00fcmverpakkingsmachine<\/figcaption><\/figure> <\/div> <\/div>","protected":false},"excerpt":{"rendered":"<p>The single-chamber vacuum packaging machine can extract oxygen from the packaging bag to form a vacuum state. Thereby extending the shelf life of food. An automatic Vacuum Sealing Machine is suitable for packaging meat products, grains, medicines, etc. Industrial Chamber vacuum sealer can prevent the food from becoming moldy, while maintaining the original flavor of the food, ensuring that the moisture of the food will not be lost.<\/p>","protected":false},"author":1,"featured_media":1656,"parent":0,"template":"","product-type":[596],"class_list":["post-1646","product","type-product","status-publish","has-post-thumbnail","hentry","product-type-meat-packaging-equipment"],"_links":{"self":[{"href":"https:\/\/www.meatprocessingmachine.org\/nl\/wp-json\/wp\/v2\/product\/1646","targetHints":{"allow":["GET"]}}],"collection":[{"href":"https:\/\/www.meatprocessingmachine.org\/nl\/wp-json\/wp\/v2\/product"}],"about":[{"href":"https:\/\/www.meatprocessingmachine.org\/nl\/wp-json\/wp\/v2\/types\/product"}],"author":[{"embeddable":true,"href":"https:\/\/www.meatprocessingmachine.org\/nl\/wp-json\/wp\/v2\/users\/1"}],"wp:featuredmedia":[{"embeddable":true,"href":"https:\/\/www.meatprocessingmachine.org\/nl\/wp-json\/wp\/v2\/media\/1656"}],"wp:attachment":[{"href":"https:\/\/www.meatprocessingmachine.org\/nl\/wp-json\/wp\/v2\/media?parent=1646"}],"wp:term":[{"taxonomy":"product-type","embeddable":true,"href":"https:\/\/www.meatprocessingmachine.org\/nl\/wp-json\/wp\/v2\/product-type?post=1646"}],"curies":[{"name":"wp","href":"https:\/\/api.w.org\/{rel}","templated":true}]}}