{"id":34646,"date":"2026-02-13T16:04:51","date_gmt":"2026-02-13T08:04:51","guid":{"rendered":"https:\/\/www.meatprocessingmachine.org\/?post_type=product&#038;p=34646"},"modified":"2026-02-27T10:50:04","modified_gmt":"2026-02-27T02:50:04","slug":"meat-slicing-machine","status":"publish","type":"product","link":"https:\/\/www.meatprocessingmachine.org\/nl\/meat-slicing-machine.html","title":{"rendered":"Vlees Snijmachine | Vers Vlees Snijder"},"content":{"rendered":"<div class=\"kk-star-ratings kksr-auto kksr-align-right kksr-valign-top\"     data-payload='{&quot;align&quot;:&quot;right&quot;,&quot;id&quot;:&quot;34646&quot;,&quot;slug&quot;:&quot;default&quot;,&quot;valign&quot;:&quot;top&quot;,&quot;ignore&quot;:&quot;&quot;,&quot;reference&quot;:&quot;auto&quot;,&quot;class&quot;:&quot;&quot;,&quot;count&quot;:&quot;0&quot;,&quot;legendonly&quot;:&quot;&quot;,&quot;readonly&quot;:&quot;&quot;,&quot;score&quot;:&quot;0&quot;,&quot;starsonly&quot;:&quot;&quot;,&quot;best&quot;:&quot;5&quot;,&quot;gap&quot;:&quot;5&quot;,&quot;greet&quot;:&quot;Rate this product&quot;,&quot;legend&quot;:&quot;0\\\/5 - (0 stemmen)&quot;,&quot;size&quot;:&quot;24&quot;,&quot;title&quot;:&quot;Meat Slicing Machine | Fresh Meat Slicer&quot;,&quot;width&quot;:&quot;0&quot;,&quot;_legend&quot;:&quot;{score}\\\/{best} - ({count} {votes})&quot;,&quot;font_factor&quot;:&quot;1.25&quot;}'>              <div class=\"kksr-stars\">      <div class=\"kksr-stars-inactive\">             <div class=\"kksr-star\" data-star=\"1\" style=\"padding-right: 5px\">               <div class=\"kksr-icon\" style=\"width: 24px; height: 24px;\"><\/div>         <\/div>             <div class=\"kksr-star\" data-star=\"2\" style=\"padding-right: 5px\">               <div class=\"kksr-icon\" style=\"width: 24px; height: 24px;\"><\/div>         <\/div>             <div class=\"kksr-star\" data-star=\"3\" style=\"padding-right: 5px\">               <div class=\"kksr-icon\" style=\"width: 24px; height: 24px;\"><\/div>         <\/div>             <div class=\"kksr-star\" data-star=\"4\" style=\"padding-right: 5px\">               <div class=\"kksr-icon\" style=\"width: 24px; height: 24px;\"><\/div>         <\/div>             <div class=\"kksr-star\" data-star=\"5\" style=\"padding-right: 5px\">               <div class=\"kksr-icon\" style=\"width: 24px; height: 24px;\"><\/div>         <\/div>     <\/div>      <div class=\"kksr-stars-active\" style=\"width: 0px;\">             <div class=\"kksr-star\" style=\"padding-right: 5px\">               <div class=\"kksr-icon\" style=\"width: 24px; height: 24px;\"><\/div>         <\/div>             <div class=\"kksr-star\" style=\"padding-right: 5px\">               <div class=\"kksr-icon\" style=\"width: 24px; height: 24px;\"><\/div>         <\/div>             <div class=\"kksr-star\" style=\"padding-right: 5px\">               <div class=\"kksr-icon\" style=\"width: 24px; height: 24px;\"><\/div>         <\/div>             <div class=\"kksr-star\" style=\"padding-right: 5px\">               <div class=\"kksr-icon\" style=\"width: 24px; height: 24px;\"><\/div>         <\/div>             <div class=\"kksr-star\" style=\"padding-right: 5px\">               <div class=\"kksr-icon\" style=\"width: 24px; height: 24px;\"><\/div>         <\/div>     <\/div> <\/div>                   <div class=\"kksr-legend\" style=\"font-size: 19.2px;\">             <span class=\"kksr-muted\">Beoordeel dit product<\/span>     <\/div>     <\/div>  <p class=\"translation-block\">De Taizy <strong><mark class=\"has-inline-color has-luminous-vivid-amber-color\">vlees snijmachine<\/mark><\/strong> is een geautomatiseerd apparaat ontworpen voor vleesverwerking. Het snijdt snel vers vlees in gelijke dunne plakken, dikke plakken of reepjes, geschikt voor zowel grootschalige productie als kleine tot middelgrote verwerking. Deze automatische vlees snijder is ideaal voor bedrijven die precisie en effici\u00ebntie zoeken.<\/p>   <div class=\"wp-block-image\"> <figure class=\"aligncenter size-full\"><img loading=\"lazy\" decoding=\"async\" width=\"720\" height=\"540\" src=\"https:\/\/www.meatprocessingmachine.org\/wp-content\/uploads\/2026\/02\/Meat-Slicing-Machine.webp\" alt=\"Vlees Snijmachine\" class=\"wp-image-34650\" title=\"\" srcset=\"https:\/\/www.meatprocessingmachine.org\/wp-content\/uploads\/2026\/02\/Meat-Slicing-Machine.webp 720w, https:\/\/www.meatprocessingmachine.org\/wp-content\/uploads\/2026\/02\/Meat-Slicing-Machine-300x225.webp 300w, https:\/\/www.meatprocessingmachine.org\/wp-content\/uploads\/2026\/02\/Meat-Slicing-Machine-16x12.webp 16w\" sizes=\"auto, (max-width: 720px) 100vw, 720px\" \/><figcaption class=\"wp-element-caption\">Vlees Snijmachine<\/figcaption><\/figure> <\/div>   <p class=\"translation-block\">Het komt in twee modellen, SYFT-340 en SYFT-500, met verstelbare snijddikte van <strong><mark class=\"has-inline-color has-luminous-vivid-amber-color\">5 tot 100\u202fmm<\/mark><\/strong>. De output bereikt <strong><mark class=\"has-inline-color has-luminous-vivid-amber-color\">400\u2013500\u202fkg\/h<\/mark><\/strong> voor SYFT-340 en <strong><mark class=\"has-inline-color has-luminous-vivid-amber-color\">600\u2013800\u202fkg\/h<\/mark><\/strong> voor SYFT-500, wat aan verschillende productiebehoeften voldoet. <\/p>    <figure class=\"wp-block-gallery has-nested-images columns-default is-cropped wp-block-gallery-2 is-layout-flex wp-block-gallery-is-layout-flex\"> <figure class=\"wp-block-image size-large\"><img loading=\"lazy\" decoding=\"async\" width=\"720\" height=\"540\" data-id=\"34651\" src=\"https:\/\/www.meatprocessingmachine.org\/wp-content\/uploads\/2026\/02\/Fresh-Meat.webp\" alt=\"Vers vlees\" class=\"wp-image-34651\" title=\"\" srcset=\"https:\/\/www.meatprocessingmachine.org\/wp-content\/uploads\/2026\/02\/Fresh-Meat.webp 720w, https:\/\/www.meatprocessingmachine.org\/wp-content\/uploads\/2026\/02\/Fresh-Meat-300x225.webp 300w, https:\/\/www.meatprocessingmachine.org\/wp-content\/uploads\/2026\/02\/Fresh-Meat-16x12.webp 16w\" sizes=\"auto, (max-width: 720px) 100vw, 720px\" \/><figcaption class=\"wp-element-caption\">Vers vlees<\/figcaption><\/figure>    <figure class=\"wp-block-image size-large\"><img loading=\"lazy\" decoding=\"async\" width=\"720\" height=\"540\" data-id=\"34652\" src=\"https:\/\/www.meatprocessingmachine.org\/wp-content\/uploads\/2026\/02\/Meat-Slice.webp\" alt=\"Vlees Snijder\" class=\"wp-image-34652\" title=\"\" srcset=\"https:\/\/www.meatprocessingmachine.org\/wp-content\/uploads\/2026\/02\/Meat-Slice.webp 720w, https:\/\/www.meatprocessingmachine.org\/wp-content\/uploads\/2026\/02\/Meat-Slice-300x225.webp 300w, https:\/\/www.meatprocessingmachine.org\/wp-content\/uploads\/2026\/02\/Meat-Slice-16x12.webp 16w\" sizes=\"auto, (max-width: 720px) 100vw, 720px\" \/><figcaption class=\"wp-element-caption\">Vlees Snijder<\/figcaption><\/figure> <\/figure>    <p>De machine beschikt over precieze snede, hoge effici\u00ebntie, stabiele werking, verstelbare dikte en aanpasbare voedseldiameter. Eenvoudig te bedienen en te onderhouden, ideaal voor het verbeteren van vleesverwerkingseffici\u00ebntie en standaardisatie.<\/p>    <figure class=\"wp-block-embed is-type-video is-provider-youtube wp-block-embed-youtube wp-embed-aspect-16-9 wp-has-aspect-ratio\"><div class=\"wp-block-embed__wrapper\"> <iframe loading=\"lazy\" title=\"Industri\u00eble Vlees Snijmachine | 400\u2013800kg\/h Hoge Output Snijden\" width=\"500\" height=\"281\" src=\"https:\/\/www.youtube.com\/embed\/clWkEdqFP-I?feature=oembed\" frameborder=\"0\" allow=\"accelerometer; autoplay; clipboard-write; encrypted-media; gyroscope; picture-in-picture; web-share\" referrerpolicy=\"strict-origin-when-cross-origin\" allowfullscreen><\/iframe> <\/div><\/figure>    <h2 class=\"wp-block-heading\">Functies van de Vlees Snijmachine<\/h2>    <div class=\"wp-block-columns is-layout-flex wp-container-core-columns-is-layout-9d6595d7 wp-block-columns-is-layout-flex\"> <div class=\"wp-block-column is-layout-flow wp-block-column-is-layout-flow\"> <p class=\"has-text-align-center translation-block\"><strong><mark class=\"has-inline-color has-luminous-vivid-amber-color\">Precieze Snede<\/mark><\/strong><\/p>    <p>Uitgerust met hoogwaardige messen en een stabiel voedselsysteem, snijdt nauwkeurig zonder rafelige randen of plakken, wat zorgt voor uniforme slices voor gestandaardiseerde verwerking. Deze vleesverwerkingsmachine garandeert consistente productkwaliteit.<\/p> <\/div>    <div class=\"wp-block-column is-layout-flow wp-block-column-is-layout-flow\"> <p class=\"has-text-align-center translation-block\"><strong><mark class=\"has-inline-color has-luminous-vivid-amber-color\">Verstelbare Dikte<\/mark><\/strong><\/p>    <p>Snijddikte varieert van 5 tot 100\u202fmm. Verschillende diktes en vormen kunnen worden geselecteerd om aan diverse productiebehoeften te voldoen.<\/p> <\/div> <\/div>    <div class=\"wp-block-columns is-layout-flex wp-container-core-columns-is-layout-9d6595d7 wp-block-columns-is-layout-flex\"> <div class=\"wp-block-column is-layout-flow wp-block-column-is-layout-flow\"> <p class=\"has-text-align-center translation-block\"><strong><mark class=\"has-inline-color has-luminous-vivid-amber-color\">Hoge effici\u00ebntie<\/mark><\/strong><\/p>    <p>Ondersteunt continue werking. SYFT-340 produceert 400\u2013500\u202fkg\/h, terwijl SYFT-500 600\u2013800\u202fkg\/h bereikt, wat de productiviteit aanzienlijk verbetert en arbeidskosten verlaagt. Ideaal voor bedrijven die op zoek zijn naar een hoge-effici\u00ebnte vlees snijder.<\/p> <\/div>    <div class=\"wp-block-column is-layout-flow wp-block-column-is-layout-flow\"> <p class=\"has-text-align-center translation-block\"><strong><mark class=\"has-inline-color has-luminous-vivid-amber-color\">Veilig en Handig<\/mark><\/strong><\/p>    <p>Wordt geleverd met volledige veiligheidsbescherming en een intu\u00eftief bedieningspaneel. Gemaakt van voedselveilige 304 roestvrij staal met een afneembaar ontwerp voor gemakkelijke reiniging en onderhoud.<\/p> <\/div> <\/div>    <div class=\"wp-block-columns is-layout-flex wp-container-core-columns-is-layout-9d6595d7 wp-block-columns-is-layout-flex\"> <div class=\"wp-block-column is-layout-flow wp-block-column-is-layout-flow\"> <p class=\"has-text-align-center translation-block\"><strong><mark class=\"has-inline-color has-luminous-vivid-amber-color\">Versheid Behouden<\/mark><\/strong><\/p>    <p>Snijdt zonder de vleesvezels te beschadigen, behoudt natuurlijke sappen en oorspronkelijke kwaliteit, verbetert het uiterlijk en de marktconcurrentie.<\/p> <\/div>    <div class=\"wp-block-column is-layout-flow wp-block-column-is-layout-flow\"> <p class=\"has-text-align-center translation-block\"><strong><mark class=\"has-inline-color has-luminous-vivid-amber-color\">Aanpasbare Voeding<\/mark><\/strong><\/p>    <p>Voedingsbreedte kan worden aangepast aan de grootte van de grondstof, wat de aanpasbaarheid verbetert.<\/p> <\/div> <\/div>   <div class=\"wp-block-image\"> <figure class=\"aligncenter size-full\"><img loading=\"lazy\" decoding=\"async\" width=\"720\" height=\"540\" src=\"https:\/\/www.meatprocessingmachine.org\/wp-content\/uploads\/2026\/02\/Meat-Slicing-Machine-For-Sale.webp\" alt=\"Vlees Snijmachine Te Koop\" class=\"wp-image-34649\" title=\"\" srcset=\"https:\/\/www.meatprocessingmachine.org\/wp-content\/uploads\/2026\/02\/Meat-Slicing-Machine-For-Sale.webp 720w, https:\/\/www.meatprocessingmachine.org\/wp-content\/uploads\/2026\/02\/Meat-Slicing-Machine-For-Sale-300x225.webp 300w, https:\/\/www.meatprocessingmachine.org\/wp-content\/uploads\/2026\/02\/Meat-Slicing-Machine-For-Sale-16x12.webp 16w\" sizes=\"auto, (max-width: 720px) 100vw, 720px\" \/><figcaption class=\"wp-element-caption\">Vlees Snijmachine Te Koop<\/figcaption><\/figure> <\/div>   <h2 class=\"wp-block-heading\">Geschikte Grondstoffen<\/h2>    <p>De Taizy vlees snijmachine behandelt verschillende verse vleessoorten zonder te bevriezen. Belangrijke grondstoffen zijn:<\/p>    <ul class=\"wp-block-list\"> <li><strong>Rood Vlees:<\/strong> Vers rundvlees, varkensvlees, lamsvlees, inclusief filet, buik en been.<\/li>    <li><strong>Pluimvee:<\/strong> Verse kip, eend, gans, inclusief borst- en dijvlees.<\/li>    <li><strong>Anderen:<\/strong> Sommige verse zeevruchten, zoals visfilets.<\/li> <\/ul>    <p>Het is ideaal voor hotpot-slices, BBQ-slices, fastfoodvlees en voorverpakte maaltijdingredi\u00ebnten. Veel gebruikt in catering, detailhandel en voedselverwerkende industrie\u00ebn. Deze automatische vlees snijder zorgt voor consistente dikte en hoogwaardige slices.<\/p>    <figure class=\"wp-block-gallery has-nested-images columns-default is-cropped wp-block-gallery-3 is-layout-flex wp-block-gallery-is-layout-flex\"> <figure class=\"wp-block-image size-large\"><img loading=\"lazy\" decoding=\"async\" width=\"720\" height=\"540\" data-id=\"34653\" src=\"https:\/\/www.meatprocessingmachine.org\/wp-content\/uploads\/2026\/02\/Fresh-Beef.webp\" alt=\"Vers rundvlees\" class=\"wp-image-34653\" title=\"\" srcset=\"https:\/\/www.meatprocessingmachine.org\/wp-content\/uploads\/2026\/02\/Fresh-Beef.webp 720w, https:\/\/www.meatprocessingmachine.org\/wp-content\/uploads\/2026\/02\/Fresh-Beef-300x225.webp 300w, https:\/\/www.meatprocessingmachine.org\/wp-content\/uploads\/2026\/02\/Fresh-Beef-16x12.webp 16w\" sizes=\"auto, (max-width: 720px) 100vw, 720px\" \/><figcaption class=\"wp-element-caption\">Vers rundvlees<\/figcaption><\/figure>    <figure class=\"wp-block-image size-large\"><img loading=\"lazy\" decoding=\"async\" width=\"720\" height=\"540\" data-id=\"34655\" src=\"https:\/\/www.meatprocessingmachine.org\/wp-content\/uploads\/2026\/02\/Fresh-Pork.webp\" alt=\"Verse Varkensvlees\" class=\"wp-image-34655\" title=\"\" srcset=\"https:\/\/www.meatprocessingmachine.org\/wp-content\/uploads\/2026\/02\/Fresh-Pork.webp 720w, https:\/\/www.meatprocessingmachine.org\/wp-content\/uploads\/2026\/02\/Fresh-Pork-300x225.webp 300w, https:\/\/www.meatprocessingmachine.org\/wp-content\/uploads\/2026\/02\/Fresh-Pork-16x12.webp 16w\" sizes=\"auto, (max-width: 720px) 100vw, 720px\" \/><figcaption class=\"wp-element-caption\">Verse Varkensvlees<\/figcaption><\/figure>    <figure class=\"wp-block-image size-large\"><img loading=\"lazy\" decoding=\"async\" width=\"720\" height=\"540\" data-id=\"34654\" src=\"https:\/\/www.meatprocessingmachine.org\/wp-content\/uploads\/2026\/02\/Fresh-Chicken-Breast.webp\" alt=\"Verse kipfilet\" class=\"wp-image-34654\" title=\"\" srcset=\"https:\/\/www.meatprocessingmachine.org\/wp-content\/uploads\/2026\/02\/Fresh-Chicken-Breast.webp 720w, https:\/\/www.meatprocessingmachine.org\/wp-content\/uploads\/2026\/02\/Fresh-Chicken-Breast-300x225.webp 300w, https:\/\/www.meatprocessingmachine.org\/wp-content\/uploads\/2026\/02\/Fresh-Chicken-Breast-16x12.webp 16w\" sizes=\"auto, (max-width: 720px) 100vw, 720px\" \/><figcaption class=\"wp-element-caption\">Verse kipfilet<\/figcaption><\/figure> <\/figure>    <h2 class=\"wp-block-heading has-text-align-left\">Voordelen van de Vlees Snijmachine<\/h2>    <div class=\"wp-block-columns is-layout-flex wp-container-core-columns-is-layout-9d6595d7 wp-block-columns-is-layout-flex\"> <div class=\"wp-block-column is-layout-flow wp-block-column-is-layout-flow\"> <p class=\"translation-block\"><mark class=\"has-inline-color has-luminous-vivid-amber-color\"><strong>Hoge Effici\u00ebntie &amp; Arbeidssparend:<\/strong> <\/mark> Snijdt 5\u20138 keer sneller dan handmatig snijden, vermindert arbeidsbehoefte en managementkosten, en verbetert de algehele productie-effici\u00ebntie.<\/p> <\/div>    <div class=\"wp-block-column is-layout-flow wp-block-column-is-layout-flow\"> <p class=\"translation-block\"><strong><mark class=\"has-inline-color has-luminous-vivid-amber-color\">Precieze &amp; Uniforme Slices:<\/mark><\/strong> Minimale diktevariatie en consistente batches zorgen voor uniforme productgrootte, wat de kwaliteit en marktconcurrentie verbetert.<\/p> <\/div> <\/div>    <div class=\"wp-block-columns is-layout-flex wp-container-core-columns-is-layout-9d6595d7 wp-block-columns-is-layout-flex\"> <div class=\"wp-block-column is-layout-flow wp-block-column-is-layout-flow\"> <p class=\"translation-block\"><strong><mark class=\"has-inline-color has-luminous-vivid-amber-color\">Duurzame Constructie:<\/mark><\/strong> Gemaakt van voedselveilige 304 roestvrij staal, corrosiebestendig en gemakkelijk schoon te maken. Belangrijke onderdelen zijn betrouwbaar, wat een lange levensduur garandeert.<\/p> <\/div>    <div class=\"wp-block-column is-layout-flow wp-block-column-is-layout-flow\"> <p class=\"translation-block\"><strong><mark class=\"has-inline-color has-luminous-vivid-amber-color\">Eenvoudig Onderhoud &amp; Stabiele Bedrijving:<\/mark><\/strong> Goed ontworpen structuur zorgt voor soepele werking, lage storingskans, en eenvoudig dagelijks onderhoud, wat de lange termijn kosten verlaagt.<\/p> <\/div> <\/div>    <div class=\"wp-block-columns is-layout-flex wp-container-core-columns-is-layout-9d6595d7 wp-block-columns-is-layout-flex\"> <div class=\"wp-block-column is-layout-flow wp-block-column-is-layout-flow\"> <p class=\"translation-block\"><strong><mark class=\"has-inline-color has-luminous-vivid-amber-color\">Flexibele Modellen &amp; Brede Compatibiliteit:<\/mark><\/strong> Beschikbaar in de modellen SYFT-340 en SYFT-500 om aan de productiecapaciteit te voldoen. Geschikt voor verschillende vleessoorten en snijdingspecificaties.<\/p> <\/div>    <div class=\"wp-block-column is-layout-flow wp-block-column-is-layout-flow\"> <p class=\"translation-block\"><mark class=\"has-inline-color has-luminous-vivid-amber-color\"><strong>Veilig &amp; Gebruiksvriendelijk:<\/strong> <\/mark> Uitgerust met noodstop en beschermingsmiddelen. Intu\u00eftief bedieningspaneel met instelbare opties zorgt voor veilige, effici\u00ebnte en zorgeloze werking. Deze commerci\u00eble vlees snijder is een betrouwbare keuze voor hoge volumes.<\/p> <\/div> <\/div>   <div class=\"wp-block-image\"> <figure class=\"aligncenter size-full\"><img loading=\"lazy\" decoding=\"async\" width=\"720\" height=\"540\" src=\"https:\/\/www.meatprocessingmachine.org\/wp-content\/uploads\/2026\/02\/Industrial-Meat-Slicing-Machine.webp\" alt=\"Industri\u00eble Vlees Snijmachine\" class=\"wp-image-34648\" title=\"\" srcset=\"https:\/\/www.meatprocessingmachine.org\/wp-content\/uploads\/2026\/02\/Industrial-Meat-Slicing-Machine.webp 720w, https:\/\/www.meatprocessingmachine.org\/wp-content\/uploads\/2026\/02\/Industrial-Meat-Slicing-Machine-300x225.webp 300w, https:\/\/www.meatprocessingmachine.org\/wp-content\/uploads\/2026\/02\/Industrial-Meat-Slicing-Machine-16x12.webp 16w\" sizes=\"auto, (max-width: 720px) 100vw, 720px\" \/><figcaption class=\"wp-element-caption\">Industri\u00eble Vlees Snijmachine<\/figcaption><\/figure> <\/div>   <h2 class=\"wp-block-heading\">Technische specificaties<\/h2>    <figure class=\"wp-block-table\"><table class=\"has-fixed-layout\"><thead><tr><th>Parameter<\/th><th>SYFT-340<\/th><th>SYFT-500<\/th><\/tr><\/thead><tbody><tr><td>Model<\/td><td>SYFT-340<\/td><td>SYFT-500<\/td><\/tr><tr><td>Snijddikte<\/td><td>5\u2013100\u202fmm<\/td><td>5\u2013100\u202fmm<\/td><\/tr><tr><td>Voedingsgrootte<\/td><td>340\u202fmm (B) \u00d7 75\u202fmm (H) (aanpasbaar)<\/td><td>500\u202fmm (B) \u00d7 75\u202fmm (H) (aanpasbaar)<\/td><\/tr><tr><td>Output<\/td><td>400\u2013500\u202fkg\/h<\/td><td>600\u2013800\u202fkg\/h<\/td><\/tr><tr><td>Werkspanning<\/td><td>380\u202fV<\/td><td>380\u202fV<\/td><\/tr><tr><td>Vermogen<\/td><td>0,75\u202fkW<\/td><td>1,1\u202fkW<\/td><\/tr><tr><td>Gewicht<\/td><td>160\u202fkg<\/td><td>206\u202fkg<\/td><\/tr><tr><td>Afmetingen (L \u00d7 B \u00d7 H)<\/td><td>1980 \u00d7 630 \u00d7 1210\u202fmm<\/td><td>1980 \u00d7 780 \u00d7 1210\u202fmm<\/td><\/tr><\/tbody><\/table><\/figure>   <div class=\"wp-block-image\"> <figure class=\"aligncenter size-full\"><img loading=\"lazy\" decoding=\"async\" width=\"720\" height=\"540\" src=\"https:\/\/www.meatprocessingmachine.org\/wp-content\/uploads\/2026\/02\/Fresh-Meat-Slicer.webp\" alt=\"Verse Vleessnijder\" class=\"wp-image-34647\" title=\"\" srcset=\"https:\/\/www.meatprocessingmachine.org\/wp-content\/uploads\/2026\/02\/Fresh-Meat-Slicer.webp 720w, https:\/\/www.meatprocessingmachine.org\/wp-content\/uploads\/2026\/02\/Fresh-Meat-Slicer-300x225.webp 300w, https:\/\/www.meatprocessingmachine.org\/wp-content\/uploads\/2026\/02\/Fresh-Meat-Slicer-16x12.webp 16w\" sizes=\"auto, (max-width: 720px) 100vw, 720px\" \/><figcaption class=\"wp-element-caption\">Verse Vleessnijder<\/figcaption><\/figure> <\/div>   <h2 class=\"wp-block-heading\">Waarom Kiezen voor Taizy?<\/h2>    <p>Kiezen voor Taizy betekent meer dan het kiezen van een vlees snijder\u2014het is kiezen voor betrouwbare kwaliteit en professionele ondersteuning. Belangrijke voordelen zijn:<\/p>    <ul class=\"wp-block-list\"> <li><strong>Internationale Certificering &amp; Kwaliteitsgarantie:<\/strong> ISO9001 en CE gecertificeerd, getest door SGS en TUV, voldoen aan internationale normen met stabiele en betrouwbare prestaties.<\/li>    <li><strong>Eenjarige Garantie &amp; Zorgeloze Service:<\/strong> Volledige machinegarantie voor \u00e9\u00e9n jaar, met snelle after-sales ondersteuning om operationele risico's te verminderen.<\/li>    <li><strong>Installatiebegeleiding &amp; Uitgebreide Ondersteuning:<\/strong> Wordt geleverd met een installatiehandleiding, ondersteunt remote begeleiding, en technici kunnen worden geregeld voor on-site training indien nodig.<\/li>    <li><strong>Directe Fabriekslevering &amp; Maatwerk:<\/strong> Jarenlange ervaring in de industrie maakt op maat gemaakte oplossingen mogelijk op basis van productiecapaciteit en grondstoffen, afgestemd op de werkelijke productiebehoeften.<\/li> <\/ul>    <p>De Taizy industri\u00eble vlees snijmachine levert effici\u00ebnte, veilige en gestandaardiseerde vleesverwerkingsoplossingen met stabiele kwaliteit, gecertificeerde betrouwbaarheid en volledige serviceondersteuning.<\/p>    <h2 class=\"wp-block-heading\">Gerelateerde Producten<\/h2>    <p>Om verschillende stadia van vleesverwerking te ondersteunen, biedt Taizy een reeks aanvullende voedselverwerkingsapparatuur die naast de vlees snijmachine kunnen worden gebruikt om een effici\u00ebnte, gestandaardiseerde productielijn op te bouwen.<\/p>    <p>Deze omvatten:<\/p>    <ul class=\"wp-block-list\"> <li><strong>Vleesmolen &amp; gehaktvleesmachines<\/strong> \u2013 voor grondstofvoorbereiding en snijden.<\/li>    <li><strong><a href=\"https:\/\/www.meatprocessingmachine.org\/nl\/frozen-block-breaker-for-meat.html\/\">Commerci\u00eble bevroren vlees snijders <\/a><\/strong>\u2013 voor het verwerken van bevroren vlees.<\/li>    <li><strong>Vlees tumblers, vacu\u00fcmmixers en automatische worstvullers<\/strong> \u2013 om textuur, smaak en productie-effici\u00ebntie te verbeteren.<\/li> <\/ul>    <p>Alle apparatuur is gemaakt van voedselveilige materialen met industri\u00eble stabiliteit. Ze ondersteunen modulaire combinaties en maatwerk, waardoor bedrijven het volledige productieproces van grondstoffen tot eindproducten kunnen automatiseren, wat de capaciteit en productconsistentie verbetert.<\/p>   <div class=\"wp-block-image\"> <figure class=\"aligncenter size-full\"><img loading=\"lazy\" decoding=\"async\" width=\"720\" height=\"540\" src=\"https:\/\/www.meatprocessingmachine.org\/wp-content\/uploads\/2021\/11\/Frozen-block-breaker.jpg\" alt=\"Bevroren blokbreker\" class=\"wp-image-32296\" title=\"\" srcset=\"https:\/\/www.meatprocessingmachine.org\/wp-content\/uploads\/2021\/11\/Frozen-block-breaker.jpg 720w, https:\/\/www.meatprocessingmachine.org\/wp-content\/uploads\/2021\/11\/Frozen-block-breaker-300x225.jpg 300w\" sizes=\"auto, (max-width: 720px) 100vw, 720px\" \/><figcaption class=\"wp-element-caption\">Bevroren blokbreker<\/figcaption><\/figure> <\/div>","protected":false},"excerpt":{"rendered":"<p>The Taizy meat slicing machine is an automated device designed for meat processing. It quickly cuts fresh meat into uniform thin slices, thick slices, or strips, suitable for both commercial-scale production and small-to-medium processing. This automatic meat slicer is ideal for businesses looking for precision and efficiency. It comes in two models, SYFT-340 and SYFT-500, [&hellip;]<\/p>\n","protected":false},"author":1,"featured_media":34656,"parent":0,"template":"","product-type":[582,583,589],"class_list":["post-34646","product","type-product","status-publish","has-post-thumbnail","hentry","product-type-cattle-sheep","product-type-chicken-turkey","product-type-meat-cutting-machine"],"_links":{"self":[{"href":"https:\/\/www.meatprocessingmachine.org\/nl\/wp-json\/wp\/v2\/product\/34646","targetHints":{"allow":["GET"]}}],"collection":[{"href":"https:\/\/www.meatprocessingmachine.org\/nl\/wp-json\/wp\/v2\/product"}],"about":[{"href":"https:\/\/www.meatprocessingmachine.org\/nl\/wp-json\/wp\/v2\/types\/product"}],"author":[{"embeddable":true,"href":"https:\/\/www.meatprocessingmachine.org\/nl\/wp-json\/wp\/v2\/users\/1"}],"wp:featuredmedia":[{"embeddable":true,"href":"https:\/\/www.meatprocessingmachine.org\/nl\/wp-json\/wp\/v2\/media\/34656"}],"wp:attachment":[{"href":"https:\/\/www.meatprocessingmachine.org\/nl\/wp-json\/wp\/v2\/media?parent=34646"}],"wp:term":[{"taxonomy":"product-type","embeddable":true,"href":"https:\/\/www.meatprocessingmachine.org\/nl\/wp-json\/wp\/v2\/product-type?post=34646"}],"curies":[{"name":"wp","href":"https:\/\/api.w.org\/{rel}","templated":true}]}}