{"id":34714,"date":"2026-02-24T16:23:05","date_gmt":"2026-02-24T08:23:05","guid":{"rendered":"https:\/\/www.meatprocessingmachine.org\/?post_type=product&#038;p=34714"},"modified":"2026-03-06T09:58:31","modified_gmt":"2026-03-06T01:58:31","slug":"fresh-meat-strip-cutting-machine","status":"publish","type":"product","link":"https:\/\/www.meatprocessingmachine.org\/nl\/fresh-meat-strip-cutting-machine.html","title":{"rendered":"Versnijdingsmachine voor vers vlees"},"content":{"rendered":"<div class=\"kk-star-ratings kksr-auto kksr-align-right kksr-valign-top\"     data-payload='{&quot;align&quot;:&quot;right&quot;,&quot;id&quot;:&quot;34714&quot;,&quot;slug&quot;:&quot;default&quot;,&quot;valign&quot;:&quot;top&quot;,&quot;ignore&quot;:&quot;&quot;,&quot;reference&quot;:&quot;auto&quot;,&quot;class&quot;:&quot;&quot;,&quot;count&quot;:&quot;0&quot;,&quot;legendonly&quot;:&quot;&quot;,&quot;readonly&quot;:&quot;&quot;,&quot;score&quot;:&quot;0&quot;,&quot;starsonly&quot;:&quot;&quot;,&quot;best&quot;:&quot;5&quot;,&quot;gap&quot;:&quot;5&quot;,&quot;greet&quot;:&quot;Rate this product&quot;,&quot;legend&quot;:&quot;0\\\/5 - (0 stemmen)&quot;,&quot;size&quot;:&quot;24&quot;,&quot;title&quot;:&quot;Fresh Meat Strip Cutting Machine&quot;,&quot;width&quot;:&quot;0&quot;,&quot;_legend&quot;:&quot;{score}\\\/{best} - ({count} {votes})&quot;,&quot;font_factor&quot;:&quot;1.25&quot;}'>              <div class=\"kksr-stars\">      <div class=\"kksr-stars-inactive\">             <div class=\"kksr-star\" data-star=\"1\" style=\"padding-right: 5px\">               <div class=\"kksr-icon\" style=\"width: 24px; height: 24px;\"><\/div>         <\/div>             <div class=\"kksr-star\" data-star=\"2\" style=\"padding-right: 5px\">               <div class=\"kksr-icon\" style=\"width: 24px; height: 24px;\"><\/div>         <\/div>             <div class=\"kksr-star\" data-star=\"3\" style=\"padding-right: 5px\">               <div class=\"kksr-icon\" style=\"width: 24px; height: 24px;\"><\/div>         <\/div>             <div class=\"kksr-star\" data-star=\"4\" style=\"padding-right: 5px\">               <div class=\"kksr-icon\" style=\"width: 24px; height: 24px;\"><\/div>         <\/div>             <div class=\"kksr-star\" data-star=\"5\" style=\"padding-right: 5px\">               <div class=\"kksr-icon\" style=\"width: 24px; height: 24px;\"><\/div>         <\/div>     <\/div>      <div class=\"kksr-stars-active\" style=\"width: 0px;\">             <div class=\"kksr-star\" style=\"padding-right: 5px\">               <div class=\"kksr-icon\" style=\"width: 24px; height: 24px;\"><\/div>         <\/div>             <div class=\"kksr-star\" style=\"padding-right: 5px\">               <div class=\"kksr-icon\" style=\"width: 24px; height: 24px;\"><\/div>         <\/div>             <div class=\"kksr-star\" style=\"padding-right: 5px\">               <div class=\"kksr-icon\" style=\"width: 24px; height: 24px;\"><\/div>         <\/div>             <div class=\"kksr-star\" style=\"padding-right: 5px\">               <div class=\"kksr-icon\" style=\"width: 24px; height: 24px;\"><\/div>         <\/div>             <div class=\"kksr-star\" style=\"padding-right: 5px\">               <div class=\"kksr-icon\" style=\"width: 24px; height: 24px;\"><\/div>         <\/div>     <\/div> <\/div>                   <div class=\"kksr-legend\" style=\"font-size: 19.2px;\">             <span class=\"kksr-muted\">Beoordeel dit product<\/span>     <\/div>     <\/div>  <p class=\"translation-block\">De <strong><mark class=\"has-inline-color has-luminous-vivid-amber-color\">vers vlees <strong><mark class=\"has-inline-color has-luminous-vivid-amber-color\">strip<\/mark><\/strong><\/mark><\/strong> <strong><mark class=\"has-inline-color has-luminous-vivid-amber-color\">snijmachine<\/mark><\/strong> is een professionele vleesverwerkingsmachine ontworpen voor het snijden van vers vlees in <strong>stroken, plakken, blokjes of chunks<\/strong>.<\/p>    <figure class=\"wp-block-gallery has-nested-images columns-default is-cropped wp-block-gallery-2 is-layout-flex wp-block-gallery-is-layout-flex\"> <figure class=\"wp-block-image size-large\"><img loading=\"lazy\" decoding=\"async\" width=\"720\" height=\"540\" data-id=\"34716\" src=\"https:\/\/www.meatprocessingmachine.org\/wp-content\/uploads\/2026\/02\/Strip-Cut-Fresh-Meat.webp\" alt=\"Strook-Gesneden Vers Vlees\" class=\"wp-image-34716\" title=\"\" srcset=\"https:\/\/www.meatprocessingmachine.org\/wp-content\/uploads\/2026\/02\/Strip-Cut-Fresh-Meat.webp 720w, https:\/\/www.meatprocessingmachine.org\/wp-content\/uploads\/2026\/02\/Strip-Cut-Fresh-Meat-300x225.webp 300w, https:\/\/www.meatprocessingmachine.org\/wp-content\/uploads\/2026\/02\/Strip-Cut-Fresh-Meat-16x12.webp 16w\" sizes=\"auto, (max-width: 720px) 100vw, 720px\" \/><figcaption class=\"wp-element-caption\">Strook-Gesneden Vers Vlees<\/figcaption><\/figure>    <figure class=\"wp-block-image size-large\"><img loading=\"lazy\" decoding=\"async\" width=\"720\" height=\"540\" data-id=\"34715\" src=\"https:\/\/www.meatprocessingmachine.org\/wp-content\/uploads\/2026\/02\/Chunk-Cut-Fresh-Meat.webp\" alt=\"Chunk-Gesneden Vers Vlees\" class=\"wp-image-34715\" title=\"\" srcset=\"https:\/\/www.meatprocessingmachine.org\/wp-content\/uploads\/2026\/02\/Chunk-Cut-Fresh-Meat.webp 720w, https:\/\/www.meatprocessingmachine.org\/wp-content\/uploads\/2026\/02\/Chunk-Cut-Fresh-Meat-300x225.webp 300w, https:\/\/www.meatprocessingmachine.org\/wp-content\/uploads\/2026\/02\/Chunk-Cut-Fresh-Meat-16x12.webp 16w\" sizes=\"auto, (max-width: 720px) 100vw, 720px\" \/><figcaption class=\"wp-element-caption\">Chunk-Gesneden Vers Vlees<\/figcaption><\/figure> <\/figure>    <p class=\"translation-block\">Taizy biedt de 340 en 500 modellen, met productiecapaciteiten afgestemd op verschillende verwerkingsbehoeften - het 340 model bereikt <strong><mark class=\"has-inline-color has-luminous-vivid-amber-color\">0\u2013600 kg\/h<\/mark><\/strong>, terwijl het 500 model tot <strong><mark class=\"has-inline-color has-luminous-vivid-amber-color\">0\u20131000 kg\/h<\/mark><\/strong> kan gaan.<\/p>   <div class=\"wp-block-image\"> <figure class=\"aligncenter size-full\"><img loading=\"lazy\" decoding=\"async\" width=\"720\" height=\"540\" src=\"https:\/\/www.meatprocessingmachine.org\/wp-content\/uploads\/2026\/02\/Fresh-Meat-Strip-Cutting-Machine.webp\" alt=\"Versnijdingsmachine voor vers vlees\" class=\"wp-image-34721\" title=\"\" srcset=\"https:\/\/www.meatprocessingmachine.org\/wp-content\/uploads\/2026\/02\/Fresh-Meat-Strip-Cutting-Machine.webp 720w, https:\/\/www.meatprocessingmachine.org\/wp-content\/uploads\/2026\/02\/Fresh-Meat-Strip-Cutting-Machine-300x225.webp 300w, https:\/\/www.meatprocessingmachine.org\/wp-content\/uploads\/2026\/02\/Fresh-Meat-Strip-Cutting-Machine-16x12.webp 16w\" sizes=\"auto, (max-width: 720px) 100vw, 720px\" \/><figcaption class=\"wp-element-caption\">Versnijdingsmachine voor vers vlees<\/figcaption><\/figure> <\/div>   <p class=\"translation-block\">Gemaakt van hoogwaardig roestvrij staal en uitgerust met <strong><mark class=\"has-inline-color has-luminous-vivid-amber-color\">440C<\/mark><\/strong> hooghardheid roestvrijstalen messen, zorgt de machine voor scherp, effici\u00ebnt snijden. De messet kan snel binnen 1 minuut worden verwisseld, waardoor veelzijdige verwerking in \u00e9\u00e9n stap voor stroken\/plakken en een tweede stap voor blokjes\/chunks mogelijk is.<\/p>    <figure class=\"wp-block-embed is-type-video is-provider-youtube wp-block-embed-youtube wp-embed-aspect-16-9 wp-has-aspect-ratio\"><div class=\"wp-block-embed__wrapper\"> <iframe loading=\"lazy\" title=\"Krachtige Vers Vlees Strip Snijmachine voor Effici\u00ebnte Vleesverwerking\" width=\"500\" height=\"281\" src=\"https:\/\/www.youtube.com\/embed\/HYhztLgd1_U?feature=oembed\" frameborder=\"0\" allow=\"accelerometer; autoplay; clipboard-write; encrypted-media; gyroscope; picture-in-picture; web-share\" referrerpolicy=\"strict-origin-when-cross-origin\" allowfullscreen><\/iframe> <\/div><\/figure>    <h2 class=\"wp-block-heading\">Functies van de Vers Vlees Strip Snijmachine<\/h2>    <p class=\"translation-block\"><strong><mark class=\"has-inline-color has-luminous-vivid-amber-color\">Multi-Maat Snijden, E\u00e9n Machine voor Meerdere Toepassingen<\/mark><\/strong><\/p>    <p>De machine kan vlees in stroken of plakken in \u00e9\u00e9n stap snijden met een uniforme grootte en gladde oppervlakken. Het ondersteunt ook een tweede stap voor het in blokjes of chunking, waardoor aan verschillende productvereisten wordt voldaan en de productie flexibiliteit verbetert.<\/p>    <p class=\"translation-block\"><strong><mark class=\"has-inline-color has-luminous-vivid-amber-color\">Snelle Meswissel Ontwerp<\/mark><\/strong><\/p>    <p>De modulaire messet kan binnen 1 minuut worden verwijderd en vervangen, waardoor de stilstandtijd aanzienlijk wordt verminderd en snelle wisseling tussen verschillende productgroottes mogelijk is.<\/p>    <p class=\"translation-block\"><strong><mark class=\"has-inline-color has-luminous-vivid-amber-color\">Aangepaste Snijopties<\/mark><\/strong><\/p>    <p>Ondersteunt op maat gemaakte messen om een verscheidenheid aan grondstoffen te verwerken, inclusief vlees met bot zoals kip, eend en vis, waardoor nauwkeurig snijden mogelijk is.<\/p>   <div class=\"wp-block-image\"> <figure class=\"aligncenter size-full\"><img loading=\"lazy\" decoding=\"async\" width=\"720\" height=\"540\" src=\"https:\/\/www.meatprocessingmachine.org\/wp-content\/uploads\/2026\/02\/Meat-Slicing-Cutting-Machine.webp\" alt=\"Vlees Snijdende Snijmachine\" class=\"wp-image-34720\" title=\"\" srcset=\"https:\/\/www.meatprocessingmachine.org\/wp-content\/uploads\/2026\/02\/Meat-Slicing-Cutting-Machine.webp 720w, https:\/\/www.meatprocessingmachine.org\/wp-content\/uploads\/2026\/02\/Meat-Slicing-Cutting-Machine-300x225.webp 300w, https:\/\/www.meatprocessingmachine.org\/wp-content\/uploads\/2026\/02\/Meat-Slicing-Cutting-Machine-16x12.webp 16w\" sizes=\"auto, (max-width: 720px) 100vw, 720px\" \/><figcaption class=\"wp-element-caption\">Vlees Snijdende Snijmachine<\/figcaption><\/figure> <\/div>   <h2 class=\"wp-block-heading\">Geschikte Grondstoffen<\/h2>    <p>De vlees strip snijder verwerkt vier hoofdcategorie\u00ebn van grondstoffen, effici\u00ebnt verwerkend zowel mager als op maat gemaakt vlees met bot:<\/p>    <ul class=\"wp-block-list\"> <li><strong>Vers Vlees:<\/strong> Mager varkensvlees, rundvlees, lamsvlees en andere verse vleessoorten<\/li>    <li><strong>Deeg\/Deeg:<\/strong> Stroken, plakken of blokjes van verschillende deegproducten<\/li>    <li><strong>Groenten:<\/strong> Wortel- en bladgroenten zoals radijs, aardappel, lotuswortel en bladgroenten<\/li>    <li><strong>Speciale Producten:<\/strong> Gekookte voedingsmiddelen, evenals vlees met bot en vis (kip, eend, vis) met op maat gemaakte messen<\/li> <\/ul>    <figure class=\"wp-block-gallery has-nested-images columns-default is-cropped wp-block-gallery-3 is-layout-flex wp-block-gallery-is-layout-flex\"> <figure class=\"wp-block-image size-large\"><img loading=\"lazy\" decoding=\"async\" width=\"720\" height=\"540\" data-id=\"34724\" src=\"https:\/\/www.meatprocessingmachine.org\/wp-content\/uploads\/2026\/02\/Lamb.webp\" alt=\"Lamsvlees\" class=\"wp-image-34724\" title=\"\" srcset=\"https:\/\/www.meatprocessingmachine.org\/wp-content\/uploads\/2026\/02\/Lamb.webp 720w, https:\/\/www.meatprocessingmachine.org\/wp-content\/uploads\/2026\/02\/Lamb-300x225.webp 300w, https:\/\/www.meatprocessingmachine.org\/wp-content\/uploads\/2026\/02\/Lamb-16x12.webp 16w\" sizes=\"auto, (max-width: 720px) 100vw, 720px\" \/><figcaption class=\"wp-element-caption\">Lamsvlees<\/figcaption><\/figure>    <figure class=\"wp-block-image size-large\"><img loading=\"lazy\" decoding=\"async\" width=\"720\" height=\"540\" data-id=\"34723\" src=\"https:\/\/www.meatprocessingmachine.org\/wp-content\/uploads\/2026\/02\/Beef.webp\" alt=\"Rundvlees\" class=\"wp-image-34723\" title=\"\" srcset=\"https:\/\/www.meatprocessingmachine.org\/wp-content\/uploads\/2026\/02\/Beef.webp 720w, https:\/\/www.meatprocessingmachine.org\/wp-content\/uploads\/2026\/02\/Beef-300x225.webp 300w, https:\/\/www.meatprocessingmachine.org\/wp-content\/uploads\/2026\/02\/Beef-16x12.webp 16w\" sizes=\"auto, (max-width: 720px) 100vw, 720px\" \/><figcaption class=\"wp-element-caption\">Rundvlees<\/figcaption><\/figure>    <figure class=\"wp-block-image size-large\"><img loading=\"lazy\" decoding=\"async\" width=\"720\" height=\"540\" data-id=\"34725\" src=\"https:\/\/www.meatprocessingmachine.org\/wp-content\/uploads\/2026\/02\/Potato-Slices.webp\" alt=\"Aardappelschijfjes\" class=\"wp-image-34725\" title=\"\" srcset=\"https:\/\/www.meatprocessingmachine.org\/wp-content\/uploads\/2026\/02\/Potato-Slices.webp 720w, https:\/\/www.meatprocessingmachine.org\/wp-content\/uploads\/2026\/02\/Potato-Slices-300x225.webp 300w, https:\/\/www.meatprocessingmachine.org\/wp-content\/uploads\/2026\/02\/Potato-Slices-16x12.webp 16w\" sizes=\"auto, (max-width: 720px) 100vw, 720px\" \/><figcaption class=\"wp-element-caption\">Aardappelschijfjes<\/figcaption><\/figure> <\/figure>    <h2 class=\"wp-block-heading\">Wat Zijn de Kernvoordelen van de Vers Vlees Strip Snijmachine?<\/h2>    <div class=\"wp-block-columns is-layout-flex wp-container-core-columns-is-layout-9d6595d7 wp-block-columns-is-layout-flex\"> <div class=\"wp-block-column is-layout-flow wp-block-column-is-layout-flow\"> <p class=\"has-text-align-center translation-block\"><strong><mark class=\"has-inline-color has-luminous-vivid-amber-color\">Hoge Productiecapaciteit<\/mark><\/strong><\/p>    <p>Het 340 model bereikt 0\u2013600 kg\/h, en het 500 model tot 0\u20131000 kg\/h, wat voldoet aan de behoeften van kleine tot grote verwerkingsfabrieken en effici\u00ebnte batchverwerking mogelijk maakt.<\/p> <\/div>    <div class=\"wp-block-column is-layout-flow wp-block-column-is-layout-flow\"> <p class=\"has-text-align-center translation-block\"><strong><mark class=\"has-inline-color has-luminous-vivid-amber-color\">Krachtig Motorsysteem<\/mark><\/strong><\/p>    <p>Voorzien van een 1,5 kW motor, draait de machine soepel met voldoende vermogen, ondersteunt lange continue werking en stabiele productie.<\/p> <\/div> <\/div>    <div class=\"wp-block-columns is-layout-flex wp-container-core-columns-is-layout-9d6595d7 wp-block-columns-is-layout-flex\"> <div class=\"wp-block-column is-layout-flow wp-block-column-is-layout-flow\"> <p class=\"has-text-align-center translation-block\"><strong><mark class=\"has-inline-color has-luminous-vivid-amber-color\">Grote Voedingscapaciteit<\/mark><\/strong><\/p>    <p>Kan grote stukken vers vlees of deeg met gemak verwerken, waardoor het gebruik van grondstoffen verbetert.<\/p> <\/div>    <div class=\"wp-block-column is-layout-flow wp-block-column-is-layout-flow\"> <p class=\"has-text-align-center translation-block\"><strong><mark class=\"has-inline-color has-luminous-vivid-amber-color\">Duurzame, Hoogwaardige Materialen<\/mark><\/strong><\/p>    <p>Gemaakt van premium roestvrij staal, corrosiebestendig en gemakkelijk schoon te maken, voldoet aan de voedselhygi\u00ebne normen. Messen zijn 440C roestvrij staal, scherp en sterk voor langdurige snijprestaties.<\/p> <\/div> <\/div>    <div class=\"wp-block-columns is-layout-flex wp-container-core-columns-is-layout-9d6595d7 wp-block-columns-is-layout-flex\"> <div class=\"wp-block-column is-layout-flow wp-block-column-is-layout-flow\"> <p class=\"has-text-align-center translation-block\"><strong><mark class=\"has-inline-color has-luminous-vivid-amber-color\">Eenvoudige bediening<\/mark><\/strong><\/p>    <p>Ge\u00efntegreerd ontwerp met snelle meswissel en multifunctioneel snijden vermindert handmatige stappen en verbetert de verwerkings effici\u00ebntie.<\/p> <\/div>    <div class=\"wp-block-column is-layout-flow wp-block-column-is-layout-flow\"> <p class=\"has-text-align-center translation-block\"><strong><mark class=\"has-inline-color has-luminous-vivid-amber-color\">Veelzijdige Snijfuncties<\/mark><\/strong><\/p>    <p>Ondersteunt snijden in stroken, plakken, blokjes en chunks. Een-staps strook- of plaksnijden en een tweede stap voor het in blokjes snijden bieden flexibele verwerkingsopties voor verschillende productvereisten.<\/p> <\/div> <\/div>   <div class=\"wp-block-image\"> <figure class=\"aligncenter size-full\"><img loading=\"lazy\" decoding=\"async\" width=\"720\" height=\"540\" src=\"https:\/\/www.meatprocessingmachine.org\/wp-content\/uploads\/2026\/02\/Fresh-Meat-Strip-Cutting-Machine-For-Sale.webp\" alt=\"Vers Vlees Strip Snijmachine Te Koop\" class=\"wp-image-34718\" title=\"\" srcset=\"https:\/\/www.meatprocessingmachine.org\/wp-content\/uploads\/2026\/02\/Fresh-Meat-Strip-Cutting-Machine-For-Sale.webp 720w, https:\/\/www.meatprocessingmachine.org\/wp-content\/uploads\/2026\/02\/Fresh-Meat-Strip-Cutting-Machine-For-Sale-300x225.webp 300w, https:\/\/www.meatprocessingmachine.org\/wp-content\/uploads\/2026\/02\/Fresh-Meat-Strip-Cutting-Machine-For-Sale-16x12.webp 16w\" sizes=\"auto, (max-width: 720px) 100vw, 720px\" \/><figcaption class=\"wp-element-caption\">Vers Vlees Strip Snijmachine Te Koop<\/figcaption><\/figure> <\/div>   <h2 class=\"wp-block-heading\">Technische Parameters<\/h2>    <figure class=\"wp-block-table\"><table class=\"has-fixed-layout\"><thead><tr><th>Parameter<\/th><th>340 Model Vers Vlees Strip Snijder<\/th><th>500 Model Vers Vlees Strip Snijder<\/th><\/tr><\/thead><tbody><tr><td>Motorvermogen<\/td><td>1,5\u202fkW<\/td><td>1,5\u202fkW<\/td><\/tr><tr><td>Voltage<\/td><td>380\u202fV<\/td><td>380\u202fV<\/td><\/tr><tr><td>Max Voedingsgrootte<\/td><td>1000 \u00d7 330 \u00d7 70 mm<\/td><td>1000 \u00d7 480 \u00d7 70 mm<\/td><\/tr><tr><td>Productiecapaciteit<\/td><td>0\u2013600 kg\/h<\/td><td>0\u20131000 kg\/h<\/td><\/tr><tr><td>Machinegewicht<\/td><td>180 kg<\/td><td>200 kg<\/td><\/tr><tr><td>Afmetingen (L \u00d7 B \u00d7 H)<\/td><td>1680 \u00d7 680 \u00d7 1160 mm<\/td><td>1680 \u00d7 860 \u00d7 1160 mm<\/td><\/tr><\/tbody><\/table><\/figure>   <div class=\"wp-block-image\"> <figure class=\"aligncenter size-full\"><img loading=\"lazy\" decoding=\"async\" width=\"720\" height=\"540\" src=\"https:\/\/www.meatprocessingmachine.org\/wp-content\/uploads\/2026\/02\/Fresh-Meat-Strip-Cutter.webp\" alt=\"Vers Vlees Strip Snijder\" class=\"wp-image-34717\" title=\"\" srcset=\"https:\/\/www.meatprocessingmachine.org\/wp-content\/uploads\/2026\/02\/Fresh-Meat-Strip-Cutter.webp 720w, https:\/\/www.meatprocessingmachine.org\/wp-content\/uploads\/2026\/02\/Fresh-Meat-Strip-Cutter-300x225.webp 300w, https:\/\/www.meatprocessingmachine.org\/wp-content\/uploads\/2026\/02\/Fresh-Meat-Strip-Cutter-16x12.webp 16w\" sizes=\"auto, (max-width: 720px) 100vw, 720px\" \/><figcaption class=\"wp-element-caption\">Vers Vlees Strip Snijder<\/figcaption><\/figure> <\/div>   <h2 class=\"wp-block-heading\">Waarom Kiezen voor Taizy Vers Vlees Strip Snijmachine?<\/h2>    <p class=\"translation-block\"><strong>Betrouwbare Certificering, Gegarandeerde Kwaliteit<\/strong><\/p>    <p>Taizy vers vlees strip snijder machines hebben meerdere internationale certificeringen, waaronder ISO9001 kwaliteitsmanagement, CE, en testen door SGS en TUV. Elke stap van ontwerp en productie tot levering voldoet aan internationale kwaliteits- en veiligheidsnormen, wat zorgt voor wereldwijd erkende prestaties.<\/p>    <p class=\"translation-block\"><strong>Uitgebreide After-Sales Service<\/strong><\/p>    <ul class=\"wp-block-list\"> <li><strong>Uitgebreide garantie:<\/strong> Alle machines worden geleverd met een gratis garantie van 1 jaar. Niet-menselijke schade wordt kosteloos gerepareerd of vervangen.<\/li>    <li><strong>Volledige Installatiehandleiding:<\/strong> Gestandaardiseerde handleidingen en professionele ondersteuning op afstand helpen bedrijven om de machine snel op te zetten.<\/li>    <li><strong>Ondersteuning ter Plaatse:<\/strong> Voor complexe installaties kunnen ingenieurs worden gestuurd om de installatie, inbedrijfstelling en operatortraining te verzorgen, zodat een snelle productie-start wordt gegarandeerd.<\/li> <\/ul>    <p>Van kernontwerp en gecertificeerde kwaliteit tot volledige ondersteuning na verkoop, Taizy vers vlees strip snijmachines stellen voedselverwerkingsbedrijven in staat en zijn de voorkeurskeuze in vlees snijden en verwerking.<\/p>    <p class=\"translation-block\">Naast de vers vlees strip snijmachine bieden we ook <strong><a href=\"https:\/\/www.meatprocessingmachine.org\/nl\/products\/meat-cutting-machine\/\">vers vlees snijmachines<\/a><\/strong> en andere vleesverwerkingsapparatuur aan om aan uw productiebehoeften te voldoen. Als u ge\u00efnteresseerd bent, neem dan gerust contact met ons op voor meer details.<\/p>   <div class=\"wp-block-image\"> <figure class=\"aligncenter size-full\"><img loading=\"lazy\" decoding=\"async\" width=\"720\" height=\"540\" src=\"https:\/\/www.meatprocessingmachine.org\/wp-content\/uploads\/2026\/02\/Industrial-Meat-Slicing-Machine.webp\" alt=\"Industri\u00eble Vlees Snijmachine\" class=\"wp-image-34648\" title=\"\" srcset=\"https:\/\/www.meatprocessingmachine.org\/wp-content\/uploads\/2026\/02\/Industrial-Meat-Slicing-Machine.webp 720w, https:\/\/www.meatprocessingmachine.org\/wp-content\/uploads\/2026\/02\/Industrial-Meat-Slicing-Machine-300x225.webp 300w, https:\/\/www.meatprocessingmachine.org\/wp-content\/uploads\/2026\/02\/Industrial-Meat-Slicing-Machine-16x12.webp 16w\" sizes=\"auto, (max-width: 720px) 100vw, 720px\" \/><figcaption class=\"wp-element-caption\">Industri\u00eble Vlees Snijmachine<\/figcaption><\/figure> <\/div>","protected":false},"excerpt":{"rendered":"<p>The fresh meat strip cutting machine is a professional meat processing machine designed for cutting fresh meat into strips, slices, cubes, or chunks. Taizy offers the 340 and 500 models, with production capacities tailored to different processing needs \u2014 the 340 model reaches 0\u2013600\u202fkg\/h, while the 500 model can go up to 0\u20131000\u202fkg\/h. Made of [&hellip;]<\/p>\n","protected":false},"author":1,"featured_media":34727,"parent":0,"template":"","product-type":[582,583,589],"class_list":["post-34714","product","type-product","status-publish","has-post-thumbnail","hentry","product-type-cattle-sheep","product-type-chicken-turkey","product-type-meat-cutting-machine"],"_links":{"self":[{"href":"https:\/\/www.meatprocessingmachine.org\/nl\/wp-json\/wp\/v2\/product\/34714","targetHints":{"allow":["GET"]}}],"collection":[{"href":"https:\/\/www.meatprocessingmachine.org\/nl\/wp-json\/wp\/v2\/product"}],"about":[{"href":"https:\/\/www.meatprocessingmachine.org\/nl\/wp-json\/wp\/v2\/types\/product"}],"author":[{"embeddable":true,"href":"https:\/\/www.meatprocessingmachine.org\/nl\/wp-json\/wp\/v2\/users\/1"}],"wp:featuredmedia":[{"embeddable":true,"href":"https:\/\/www.meatprocessingmachine.org\/nl\/wp-json\/wp\/v2\/media\/34727"}],"wp:attachment":[{"href":"https:\/\/www.meatprocessingmachine.org\/nl\/wp-json\/wp\/v2\/media?parent=34714"}],"wp:term":[{"taxonomy":"product-type","embeddable":true,"href":"https:\/\/www.meatprocessingmachine.org\/nl\/wp-json\/wp\/v2\/product-type?post=34714"}],"curies":[{"name":"wp","href":"https:\/\/api.w.org\/{rel}","templated":true}]}}