{"id":34770,"date":"2026-02-26T17:23:33","date_gmt":"2026-02-26T09:23:33","guid":{"rendered":"https:\/\/www.meatprocessingmachine.org\/?post_type=product&#038;p=34770"},"modified":"2026-03-03T09:56:44","modified_gmt":"2026-03-03T01:56:44","slug":"chicken-cutter","status":"publish","type":"product","link":"https:\/\/www.meatprocessingmachine.org\/nl\/chicken-cutter.html","title":{"rendered":"Kippensnijmachine | Vleessnijmachine"},"content":{"rendered":"<div class=\"kk-star-ratings kksr-auto kksr-align-right kksr-valign-top\"     data-payload='{&quot;align&quot;:&quot;right&quot;,&quot;id&quot;:&quot;34770&quot;,&quot;slug&quot;:&quot;default&quot;,&quot;valign&quot;:&quot;top&quot;,&quot;ignore&quot;:&quot;&quot;,&quot;reference&quot;:&quot;auto&quot;,&quot;class&quot;:&quot;&quot;,&quot;count&quot;:&quot;0&quot;,&quot;legendonly&quot;:&quot;&quot;,&quot;readonly&quot;:&quot;&quot;,&quot;score&quot;:&quot;0&quot;,&quot;starsonly&quot;:&quot;&quot;,&quot;best&quot;:&quot;5&quot;,&quot;gap&quot;:&quot;5&quot;,&quot;greet&quot;:&quot;Rate this product&quot;,&quot;legend&quot;:&quot;0\\\/5 - (0 stemmen)&quot;,&quot;size&quot;:&quot;24&quot;,&quot;title&quot;:&quot;Chicken Cutter | Meat Cutter Machine&quot;,&quot;width&quot;:&quot;0&quot;,&quot;_legend&quot;:&quot;{score}\\\/{best} - ({count} {votes})&quot;,&quot;font_factor&quot;:&quot;1.25&quot;}'>              <div class=\"kksr-stars\">      <div class=\"kksr-stars-inactive\">             <div class=\"kksr-star\" data-star=\"1\" style=\"padding-right: 5px\">               <div class=\"kksr-icon\" style=\"width: 24px; height: 24px;\"><\/div>         <\/div>             <div class=\"kksr-star\" data-star=\"2\" style=\"padding-right: 5px\">               <div class=\"kksr-icon\" style=\"width: 24px; height: 24px;\"><\/div>         <\/div>             <div class=\"kksr-star\" data-star=\"3\" style=\"padding-right: 5px\">               <div class=\"kksr-icon\" style=\"width: 24px; height: 24px;\"><\/div>         <\/div>             <div class=\"kksr-star\" data-star=\"4\" style=\"padding-right: 5px\">               <div class=\"kksr-icon\" style=\"width: 24px; height: 24px;\"><\/div>         <\/div>             <div class=\"kksr-star\" data-star=\"5\" style=\"padding-right: 5px\">               <div class=\"kksr-icon\" style=\"width: 24px; height: 24px;\"><\/div>         <\/div>     <\/div>      <div class=\"kksr-stars-active\" style=\"width: 0px;\">             <div class=\"kksr-star\" style=\"padding-right: 5px\">               <div class=\"kksr-icon\" style=\"width: 24px; height: 24px;\"><\/div>         <\/div>             <div class=\"kksr-star\" style=\"padding-right: 5px\">               <div class=\"kksr-icon\" style=\"width: 24px; height: 24px;\"><\/div>         <\/div>             <div class=\"kksr-star\" style=\"padding-right: 5px\">               <div class=\"kksr-icon\" style=\"width: 24px; height: 24px;\"><\/div>         <\/div>             <div class=\"kksr-star\" style=\"padding-right: 5px\">               <div class=\"kksr-icon\" style=\"width: 24px; height: 24px;\"><\/div>         <\/div>             <div class=\"kksr-star\" style=\"padding-right: 5px\">               <div class=\"kksr-icon\" style=\"width: 24px; height: 24px;\"><\/div>         <\/div>     <\/div> <\/div>                   <div class=\"kksr-legend\" style=\"font-size: 19.2px;\">             <span class=\"kksr-muted\">Beoordeel dit product<\/span>     <\/div>     <\/div>  <p class=\"translation-block\">De <strong><mark class=\"has-inline-color has-luminous-vivid-amber-color\">kippen snijder<\/mark><\/strong> is een automatische machine voor het snijden van vlees met bot en vers of ingevroren vlees. Het wordt veel gebruikt in vleesverwerkende fabrieken, centrale keukens en voedseldistributiecentra.<\/p>   <div class=\"wp-block-image\"> <figure class=\"aligncenter size-full\"><img loading=\"lazy\" decoding=\"async\" width=\"720\" height=\"540\" src=\"https:\/\/www.meatprocessingmachine.org\/wp-content\/uploads\/2026\/02\/Automatic-Chicken-Cutter.webp\" alt=\"Automatische Kippen Snijder\" class=\"wp-image-34778\" title=\"\" srcset=\"https:\/\/www.meatprocessingmachine.org\/wp-content\/uploads\/2026\/02\/Automatic-Chicken-Cutter.webp 720w, https:\/\/www.meatprocessingmachine.org\/wp-content\/uploads\/2026\/02\/Automatic-Chicken-Cutter-300x225.webp 300w, https:\/\/www.meatprocessingmachine.org\/wp-content\/uploads\/2026\/02\/Automatic-Chicken-Cutter-16x12.webp 16w\" sizes=\"auto, (max-width: 720px) 100vw, 720px\" \/><figcaption class=\"wp-element-caption\">Automatische Kippen Snijder<\/figcaption><\/figure> <\/div>   <p class=\"translation-block\">De capaciteit is <strong><mark class=\"has-inline-color has-luminous-vivid-amber-color\">300\u2013800 kg\/u<\/mark><\/strong>. Het kan vlees in blokjes, stukken of reepjes snijden. De snijmaat is verstelbaar van <strong><mark class=\"has-inline-color has-luminous-vivid-amber-color\">10\u201350 mm<\/mark><\/strong>. Op maat gemaakte maten zijn beschikbaar.<\/p>    <p>De machine werkt volledig automatisch. Het werkt soepel en effici\u00ebnt. De hele machine gebruikt een roestvrijstalen gesloten structuur. Het voldoet aan voedselhygi\u00ebnenormen. Het is corrosiebestendig en gemakkelijk schoon te maken. Het is een ideale machine om de effici\u00ebntie te verbeteren en arbeidskosten te verlagen.<\/p>    <figure class=\"wp-block-embed is-type-video is-provider-youtube wp-block-embed-youtube wp-embed-aspect-16-9 wp-has-aspect-ratio\"><div class=\"wp-block-embed__wrapper\"> <iframe loading=\"lazy\" title=\"Effici\u00ebnte Kippen Snijder | 300\u2013800 kg\/u Automatische Vlees Snijmachine\" width=\"500\" height=\"281\" src=\"https:\/\/www.youtube.com\/embed\/ouCp30TFoxg?feature=oembed\" frameborder=\"0\" allow=\"accelerometer; autoplay; clipboard-write; encrypted-media; gyroscope; picture-in-picture; web-share\" referrerpolicy=\"strict-origin-when-cross-origin\" allowfullscreen><\/iframe> <\/div><\/figure>    <h2 class=\"wp-block-heading\">Wat zijn de functies van de Taizy kippen snijder?<\/h2>    <p class=\"translation-block\"><strong>Volledig Automatische Bediening<\/strong><\/p>    <ul class=\"wp-block-list\"> <li>E\u00e9nknops start. Gemakkelijk en snel te bedienen. Het vermindert arbeidskosten en verbetert de productie-effici\u00ebntie.<\/li> <\/ul>   <div class=\"wp-block-image\"> <figure class=\"aligncenter size-full\"><img loading=\"lazy\" decoding=\"async\" width=\"720\" height=\"540\" src=\"https:\/\/www.meatprocessingmachine.org\/wp-content\/uploads\/2026\/02\/Structure-of-the-Chicken-Cutter.webp\" alt=\"Structuur van de Kippen Snijder\" class=\"wp-image-34777\" title=\"\" srcset=\"https:\/\/www.meatprocessingmachine.org\/wp-content\/uploads\/2026\/02\/Structure-of-the-Chicken-Cutter.webp 720w, https:\/\/www.meatprocessingmachine.org\/wp-content\/uploads\/2026\/02\/Structure-of-the-Chicken-Cutter-300x225.webp 300w, https:\/\/www.meatprocessingmachine.org\/wp-content\/uploads\/2026\/02\/Structure-of-the-Chicken-Cutter-16x12.webp 16w\" sizes=\"auto, (max-width: 720px) 100vw, 720px\" \/><figcaption class=\"wp-element-caption\">Structuur van de Kippen Snijder<\/figcaption><\/figure> <\/div>   <p class=\"translation-block\"><strong>Flexibel snijden<\/strong><\/p>    <ul class=\"wp-block-list\"> <li>De snijmaat kan worden aangepast op basis van productiebehoeften. Het kan vlees in blokjes, stukken of reepjes snijden met hoge precisie. Het voldoet aan verschillende verwerkingsvereisten.<\/li> <\/ul>    <figure class=\"wp-block-gallery has-nested-images columns-default is-cropped wp-block-gallery-2 is-layout-flex wp-block-gallery-is-layout-flex\"> <figure class=\"wp-block-image size-large\"><img loading=\"lazy\" decoding=\"async\" width=\"720\" height=\"540\" data-id=\"34771\" src=\"https:\/\/www.meatprocessingmachine.org\/wp-content\/uploads\/2026\/02\/Chicken-Chunks.webp\" alt=\"Kipblokjes\" class=\"wp-image-34771\" title=\"\" srcset=\"https:\/\/www.meatprocessingmachine.org\/wp-content\/uploads\/2026\/02\/Chicken-Chunks.webp 720w, https:\/\/www.meatprocessingmachine.org\/wp-content\/uploads\/2026\/02\/Chicken-Chunks-300x225.webp 300w, https:\/\/www.meatprocessingmachine.org\/wp-content\/uploads\/2026\/02\/Chicken-Chunks-16x12.webp 16w\" sizes=\"auto, (max-width: 720px) 100vw, 720px\" \/><figcaption class=\"wp-element-caption\">Kipblokjes<\/figcaption><\/figure>    <figure class=\"wp-block-image size-large\"><img loading=\"lazy\" decoding=\"async\" width=\"720\" height=\"540\" data-id=\"34600\" src=\"https:\/\/www.meatprocessingmachine.org\/wp-content\/uploads\/2026\/02\/rib-strips.webp\" alt=\"rib strips\" class=\"wp-image-34600\" title=\"\" srcset=\"https:\/\/www.meatprocessingmachine.org\/wp-content\/uploads\/2026\/02\/rib-strips.webp 720w, https:\/\/www.meatprocessingmachine.org\/wp-content\/uploads\/2026\/02\/rib-strips-300x225.webp 300w, https:\/\/www.meatprocessingmachine.org\/wp-content\/uploads\/2026\/02\/rib-strips-16x12.webp 16w\" sizes=\"auto, (max-width: 720px) 100vw, 720px\" \/><figcaption class=\"wp-element-caption\">Ribstrips<\/figcaption><\/figure>    <figure class=\"wp-block-image size-large\"><img loading=\"lazy\" decoding=\"async\" width=\"720\" height=\"540\" data-id=\"34773\" src=\"https:\/\/www.meatprocessingmachine.org\/wp-content\/uploads\/2026\/02\/Salmon-Chunks.webp\" alt=\"Zalmblokjes\" class=\"wp-image-34773\" title=\"\" srcset=\"https:\/\/www.meatprocessingmachine.org\/wp-content\/uploads\/2026\/02\/Salmon-Chunks.webp 720w, https:\/\/www.meatprocessingmachine.org\/wp-content\/uploads\/2026\/02\/Salmon-Chunks-300x225.webp 300w, https:\/\/www.meatprocessingmachine.org\/wp-content\/uploads\/2026\/02\/Salmon-Chunks-16x12.webp 16w\" sizes=\"auto, (max-width: 720px) 100vw, 720px\" \/><figcaption class=\"wp-element-caption\">Zalmblokjes<\/figcaption><\/figure> <\/figure>    <p class=\"translation-block\"><strong>Sterke bot-in snijcapaciteit<\/strong><\/p>    <ul class=\"wp-block-list\"> <li>Geschikt voor verschillende bot-in vlees. Het snijden is schoon en netjes. De uiteindelijke producten zijn uniform.<\/li> <\/ul>    <p class=\"translation-block\"><strong>Voedselveilig roestvrij staalstructuur<\/strong><\/p>    <ul class=\"wp-block-list\"> <li>De hele machine gebruikt roestvrijstalen gesloten platen. Het is roestbestendig en corrosiebestendig. Gemakkelijk schoon te maken. Voldoet aan hygi\u00ebnenormen voor voedselverwerking.<\/li> <\/ul>   <div class=\"wp-block-image\"> <figure class=\"aligncenter size-full\"><img loading=\"lazy\" decoding=\"async\" width=\"720\" height=\"540\" src=\"https:\/\/www.meatprocessingmachine.org\/wp-content\/uploads\/2026\/02\/Meat-Cutter-Machine.webp\" alt=\"Vlees Snijmachine\" class=\"wp-image-34782\" title=\"\" srcset=\"https:\/\/www.meatprocessingmachine.org\/wp-content\/uploads\/2026\/02\/Meat-Cutter-Machine.webp 720w, https:\/\/www.meatprocessingmachine.org\/wp-content\/uploads\/2026\/02\/Meat-Cutter-Machine-300x225.webp 300w, https:\/\/www.meatprocessingmachine.org\/wp-content\/uploads\/2026\/02\/Meat-Cutter-Machine-16x12.webp 16w\" sizes=\"auto, (max-width: 720px) 100vw, 720px\" \/><figcaption class=\"wp-element-caption\">Vlees Snijmachine<\/figcaption><\/figure> <\/div>   <h2 class=\"wp-block-heading\">Toepassingsmaterialen<\/h2>    <p>De Taizy kippen snijder is geschikt voor veel grondstoffen. Het kan verwerken:<\/p>    <ul class=\"wp-block-list\"> <li><strong>Gevogelte<\/strong>: Kip, eend, ingevroren kip en ander gevogelte.<\/li>    <li><strong>Veevlees en producten<\/strong>: Ribben, kleine dierenbotten, ingevroren vlees, vers vlees en soortgelijke producten.<\/li>    <li><strong>Zeewier<\/strong>: Vis en andere ingredi\u00ebnten met of zonder bot.<\/li> <\/ul>    <figure class=\"wp-block-gallery has-nested-images columns-default is-cropped wp-block-gallery-3 is-layout-flex wp-block-gallery-is-layout-flex\"> <figure class=\"wp-block-image size-large\"><img loading=\"lazy\" decoding=\"async\" width=\"720\" height=\"540\" data-id=\"34775\" src=\"https:\/\/www.meatprocessingmachine.org\/wp-content\/uploads\/2026\/02\/Whole-Chicken.webp\" alt=\"Hele kip\" class=\"wp-image-34775\" title=\"\" srcset=\"https:\/\/www.meatprocessingmachine.org\/wp-content\/uploads\/2026\/02\/Whole-Chicken.webp 720w, https:\/\/www.meatprocessingmachine.org\/wp-content\/uploads\/2026\/02\/Whole-Chicken-300x225.webp 300w, https:\/\/www.meatprocessingmachine.org\/wp-content\/uploads\/2026\/02\/Whole-Chicken-16x12.webp 16w\" sizes=\"auto, (max-width: 720px) 100vw, 720px\" \/><figcaption class=\"wp-element-caption\">Hele kip<\/figcaption><\/figure>    <figure class=\"wp-block-image size-large\"><img loading=\"lazy\" decoding=\"async\" width=\"720\" height=\"540\" data-id=\"34776\" src=\"https:\/\/www.meatprocessingmachine.org\/wp-content\/uploads\/2026\/02\/Whole-Duck.webp\" alt=\"Hele eend\" class=\"wp-image-34776\" title=\"\" srcset=\"https:\/\/www.meatprocessingmachine.org\/wp-content\/uploads\/2026\/02\/Whole-Duck.webp 720w, https:\/\/www.meatprocessingmachine.org\/wp-content\/uploads\/2026\/02\/Whole-Duck-300x225.webp 300w, https:\/\/www.meatprocessingmachine.org\/wp-content\/uploads\/2026\/02\/Whole-Duck-16x12.webp 16w\" sizes=\"auto, (max-width: 720px) 100vw, 720px\" \/><figcaption class=\"wp-element-caption\">Hele eend<\/figcaption><\/figure>    <figure class=\"wp-block-image size-large\"><img loading=\"lazy\" decoding=\"async\" width=\"720\" height=\"540\" data-id=\"34601\" src=\"https:\/\/www.meatprocessingmachine.org\/wp-content\/uploads\/2026\/02\/uncut-meaty-ribs.webp\" alt=\"Ongeknipte vleesrijke ribs\" class=\"wp-image-34601\" title=\"\" srcset=\"https:\/\/www.meatprocessingmachine.org\/wp-content\/uploads\/2026\/02\/uncut-meaty-ribs.webp 720w, https:\/\/www.meatprocessingmachine.org\/wp-content\/uploads\/2026\/02\/uncut-meaty-ribs-300x225.webp 300w, https:\/\/www.meatprocessingmachine.org\/wp-content\/uploads\/2026\/02\/uncut-meaty-ribs-16x12.webp 16w\" sizes=\"auto, (max-width: 720px) 100vw, 720px\" \/><figcaption class=\"wp-element-caption\">Ongeknipte vleesrijke ribs<\/figcaption><\/figure>    <figure class=\"wp-block-image size-large\"><img loading=\"lazy\" decoding=\"async\" width=\"720\" height=\"540\" data-id=\"34723\" src=\"https:\/\/www.meatprocessingmachine.org\/wp-content\/uploads\/2026\/02\/Beef.webp\" alt=\"Rundvlees\" class=\"wp-image-34723\" title=\"\" srcset=\"https:\/\/www.meatprocessingmachine.org\/wp-content\/uploads\/2026\/02\/Beef.webp 720w, https:\/\/www.meatprocessingmachine.org\/wp-content\/uploads\/2026\/02\/Beef-300x225.webp 300w, https:\/\/www.meatprocessingmachine.org\/wp-content\/uploads\/2026\/02\/Beef-16x12.webp 16w\" sizes=\"auto, (max-width: 720px) 100vw, 720px\" \/><figcaption class=\"wp-element-caption\">Rundvlees<\/figcaption><\/figure>    <figure class=\"wp-block-image size-large\"><img loading=\"lazy\" decoding=\"async\" width=\"720\" height=\"540\" data-id=\"34772\" src=\"https:\/\/www.meatprocessingmachine.org\/wp-content\/uploads\/2026\/02\/Frozen-Meat.webp\" alt=\"Bevroren vlees\" class=\"wp-image-34772\" title=\"\" srcset=\"https:\/\/www.meatprocessingmachine.org\/wp-content\/uploads\/2026\/02\/Frozen-Meat.webp 720w, https:\/\/www.meatprocessingmachine.org\/wp-content\/uploads\/2026\/02\/Frozen-Meat-300x225.webp 300w, https:\/\/www.meatprocessingmachine.org\/wp-content\/uploads\/2026\/02\/Frozen-Meat-16x12.webp 16w\" sizes=\"auto, (max-width: 720px) 100vw, 720px\" \/><figcaption class=\"wp-element-caption\">Bevroren vlees<\/figcaption><\/figure>    <figure class=\"wp-block-image size-large\"><img loading=\"lazy\" decoding=\"async\" width=\"720\" height=\"540\" data-id=\"34774\" src=\"https:\/\/www.meatprocessingmachine.org\/wp-content\/uploads\/2026\/02\/Salmon.webp\" alt=\"Zalm\" class=\"wp-image-34774\" title=\"\" srcset=\"https:\/\/www.meatprocessingmachine.org\/wp-content\/uploads\/2026\/02\/Salmon.webp 720w, https:\/\/www.meatprocessingmachine.org\/wp-content\/uploads\/2026\/02\/Salmon-300x225.webp 300w, https:\/\/www.meatprocessingmachine.org\/wp-content\/uploads\/2026\/02\/Salmon-16x12.webp 16w\" sizes=\"auto, (max-width: 720px) 100vw, 720px\" \/><figcaption class=\"wp-element-caption\">Zalm<\/figcaption><\/figure> <\/figure>    <h2 class=\"wp-block-heading\">Voordelen van de Taizy kippen snijder<\/h2>    <div class=\"wp-block-columns is-layout-flex wp-container-core-columns-is-layout-9d6595d7 wp-block-columns-is-layout-flex\"> <div class=\"wp-block-column is-layout-flow wp-block-column-is-layout-flow\"> <p class=\"has-text-align-center translation-block\"><strong><mark class=\"has-inline-color has-luminous-vivid-amber-color\">Hoge effici\u00ebntie<\/mark><\/strong><\/p>    <p>Productiecapaciteit van 300\u2013800\u202fkg\/u, geschikt voor kleine tot grootschalige voedselverwerkingsactiviteiten.<\/p> <\/div>    <div class=\"wp-block-column is-layout-flow wp-block-column-is-layout-flow\"> <p class=\"has-text-align-center translation-block\"><strong><mark class=\"has-inline-color has-luminous-vivid-amber-color\">Hygi\u00ebnisch en veilig<\/mark><\/strong><\/p>    <p>De hele machine is gemaakt van roestvrij staal. Voldoet aan voedselcontactnormen, voorkomt kruisbesmetting en garandeert voedselveiligheid.<\/p> <\/div> <\/div>    <div class=\"wp-block-columns is-layout-flex wp-container-core-columns-is-layout-9d6595d7 wp-block-columns-is-layout-flex\"> <div class=\"wp-block-column is-layout-flow wp-block-column-is-layout-flow\"> <p class=\"has-text-align-center translation-block\"><strong><mark class=\"has-inline-color has-luminous-vivid-amber-color\">Nauwkeurig snijden<\/mark><\/strong><\/p>    <p>Verstelbare snijmaat. Uniforme productvorm verbetert de productkwaliteit en marktconcurrentie.<\/p> <\/div>    <div class=\"wp-block-column is-layout-flow wp-block-column-is-layout-flow\"> <p class=\"has-text-align-center translation-block\"><strong><mark class=\"has-inline-color has-luminous-vivid-amber-color\">Eenvoudige bediening<\/mark><\/strong><\/p>    <p>Automatische modus vermindert vaardigheidseisen voor operators, minimaliseert fouten en zorgt voor stabiele productie.<\/p> <\/div> <\/div>    <div class=\"wp-block-columns is-layout-flex wp-container-core-columns-is-layout-9d6595d7 wp-block-columns-is-layout-flex\"> <div class=\"wp-block-column is-layout-flow wp-block-column-is-layout-flow\"> <p class=\"has-text-align-center translation-block\"><strong><mark class=\"has-inline-color has-luminous-vivid-amber-color\">Eenvoudig onderhoud<\/mark><\/strong><\/p>    <p>Modulair ontwerp met belangrijke onderdelen die gemakkelijk te verwijderen en schoon te maken zijn. Vermindert onderhoudskosten en stilstandtijd.<\/p> <\/div>    <div class=\"wp-block-column is-layout-flow wp-block-column-is-layout-flow\"> <p class=\"has-text-align-center translation-block\"><strong><mark class=\"has-inline-color has-luminous-vivid-amber-color\">Brede toepasbaarheid<\/mark><\/strong><\/p>    <p>Behandelt zowel vlees met bot als zonder bot, van vers en ingevroren vlees tot gevogelte, dierenbotten en vis. E\u00e9n machine dekt meerdere verwerkingsbehoeften, wat het gebruik van apparatuur aanzienlijk verbetert.<\/p> <\/div> <\/div>   <div class=\"wp-block-image\"> <figure class=\"aligncenter size-full\"><img loading=\"lazy\" decoding=\"async\" width=\"720\" height=\"540\" src=\"https:\/\/www.meatprocessingmachine.org\/wp-content\/uploads\/2026\/02\/Raw-Chicken-Cutter.webp\" alt=\"Rauwe kippensnijder\" class=\"wp-image-34783\" title=\"\" srcset=\"https:\/\/www.meatprocessingmachine.org\/wp-content\/uploads\/2026\/02\/Raw-Chicken-Cutter.webp 720w, https:\/\/www.meatprocessingmachine.org\/wp-content\/uploads\/2026\/02\/Raw-Chicken-Cutter-300x225.webp 300w, https:\/\/www.meatprocessingmachine.org\/wp-content\/uploads\/2026\/02\/Raw-Chicken-Cutter-16x12.webp 16w\" sizes=\"auto, (max-width: 720px) 100vw, 720px\" \/><figcaption class=\"wp-element-caption\">Rauwe kippensnijder<\/figcaption><\/figure> <\/div>   <h2 class=\"wp-block-heading\">Technische Specificaties \u2013 Taizy Kippen Snijder<\/h2>    <figure class=\"wp-block-table\"><table class=\"has-fixed-layout\"><thead><tr><th>Parameter<\/th><th>Specificatie<\/th><\/tr><\/thead><tbody><tr><td>Productiecapaciteit<\/td><td>300\u2013800\u202fkg\/u<\/td><\/tr><tr><td>Snijmaat<\/td><td>10\u201350\u202fmm (aanpasbaar)<\/td><\/tr><tr><td>Machine-afmetingen<\/td><td>Machine-afmetingen<\/td><\/tr><tr><td>Voltage<\/td><td>380\u202fV \/ 220\u202fV<\/td><\/tr><tr><td>Vermogen<\/td><td>3\u202fkW \/ 5\u202fkW<\/td><\/tr><tr><td>Gewicht<\/td><td>300\u202fkg<\/td><\/tr><tr><td>Bandbreedte<\/td><td>300\u202fmm<\/td><\/tr><\/tbody><\/table><\/figure>   <div class=\"wp-block-image\"> <figure class=\"aligncenter size-full\"><img loading=\"lazy\" decoding=\"async\" width=\"720\" height=\"540\" src=\"https:\/\/www.meatprocessingmachine.org\/wp-content\/uploads\/2026\/02\/Bone-in-Chicken-Cutter-Machine.webp\" alt=\"Bot-in Kippen Snijmachine\" class=\"wp-image-34779\" title=\"\" srcset=\"https:\/\/www.meatprocessingmachine.org\/wp-content\/uploads\/2026\/02\/Bone-in-Chicken-Cutter-Machine.webp 720w, https:\/\/www.meatprocessingmachine.org\/wp-content\/uploads\/2026\/02\/Bone-in-Chicken-Cutter-Machine-300x225.webp 300w, https:\/\/www.meatprocessingmachine.org\/wp-content\/uploads\/2026\/02\/Bone-in-Chicken-Cutter-Machine-16x12.webp 16w\" sizes=\"auto, (max-width: 720px) 100vw, 720px\" \/><figcaption class=\"wp-element-caption\">Bot-in Kippen Snijmachine<\/figcaption><\/figure> <\/div>   <h2 class=\"wp-block-heading\">Waarom Kiezen voor Taizy?<\/h2>    <p>Kiezen voor de Taizy kippen snijder betekent kiezen voor kwaliteit, veiligheid en betrouwbare service.<\/p>    <p class=\"translation-block\"><strong>Vertrouwde internationale certificeringen<\/strong><\/p>    <ul class=\"wp-block-list\"> <li>De machine heeft ISO9001 kwaliteitsmanagementcertificering, CE veiligheidscertificering en internationale tests door SGS en TUV doorstaan. Kwaliteit en veiligheid zijn gegarandeerd.<\/li> <\/ul>    <p class=\"translation-block\"><strong>Een jaar garantie<\/strong><\/p>    <ul class=\"wp-block-list\"> <li>De hele machine wordt geleverd met een garantie van \u00e9\u00e9n jaar. Kernonderdelen zijn betrouwbaar en duurzaam.<\/li> <\/ul>    <p class=\"translation-block\"><strong>Compleet after-sales ondersteuning<\/strong><\/p>    <ul class=\"wp-block-list\"> <li>Gedetailleerde installatiehandleiding beschikbaar<\/li>    <li>Remote videobegeleiding voor installatie en debugging<\/li>    <li>Ingenieurs kunnen ter plaatse worden gestuurd op basis van de behoeften van de klant<\/li>    <li>Langdurige technische ondersteuning en voorraad van reserveonderdelen<\/li> <\/ul>    <p>Taizy heeft vele jaren ervaring in de productie van voedselmachines. We richten ons op het bieden van effici\u00ebnte, stabiele en betrouwbare vleesverwerkingsoplossingen, waardoor bedrijven grootschalige productie en verbeterde productkwaliteit kunnen bereiken.<\/p>   <div class=\"wp-block-image\"> <figure class=\"aligncenter size-full\"><img loading=\"lazy\" decoding=\"async\" width=\"720\" height=\"540\" src=\"https:\/\/www.meatprocessingmachine.org\/wp-content\/uploads\/2026\/02\/Chicken-Cutting-Machine.webp\" alt=\"Kip snijmachine\" class=\"wp-image-34780\" title=\"\" srcset=\"https:\/\/www.meatprocessingmachine.org\/wp-content\/uploads\/2026\/02\/Chicken-Cutting-Machine.webp 720w, https:\/\/www.meatprocessingmachine.org\/wp-content\/uploads\/2026\/02\/Chicken-Cutting-Machine-300x225.webp 300w, https:\/\/www.meatprocessingmachine.org\/wp-content\/uploads\/2026\/02\/Chicken-Cutting-Machine-16x12.webp 16w\" sizes=\"auto, (max-width: 720px) 100vw, 720px\" \/><figcaption class=\"wp-element-caption\">Kip snijmachine<\/figcaption><\/figure> <\/div>   <p class=\"translation-block\">Naast kippen snijders biedt Taizy ook <strong><a href=\"https:\/\/www.meatprocessingmachine.org\/nl\/meat-slicing-machine.html\/\">vleessnijders<\/a><\/strong>, <strong><a href=\"https:\/\/www.meatprocessingmachine.org\/nl\/rib-cutting-machine.html\/\">rib snijmachines<\/a><\/strong> en meer. Voor meer modellen of aangepaste oplossingen, neem contact met ons op.<\/p>    <figure class=\"wp-block-gallery has-nested-images columns-default is-cropped wp-block-gallery-4 is-layout-flex wp-block-gallery-is-layout-flex\"> <figure class=\"wp-block-image size-large\"><img loading=\"lazy\" decoding=\"async\" width=\"720\" height=\"540\" data-id=\"34649\" src=\"https:\/\/www.meatprocessingmachine.org\/wp-content\/uploads\/2026\/02\/Meat-Slicing-Machine-For-Sale.webp\" alt=\"Vlees Snijmachine Te Koop\" class=\"wp-image-34649\" title=\"\" srcset=\"https:\/\/www.meatprocessingmachine.org\/wp-content\/uploads\/2026\/02\/Meat-Slicing-Machine-For-Sale.webp 720w, https:\/\/www.meatprocessingmachine.org\/wp-content\/uploads\/2026\/02\/Meat-Slicing-Machine-For-Sale-300x225.webp 300w, https:\/\/www.meatprocessingmachine.org\/wp-content\/uploads\/2026\/02\/Meat-Slicing-Machine-For-Sale-16x12.webp 16w\" sizes=\"auto, (max-width: 720px) 100vw, 720px\" \/><figcaption class=\"wp-element-caption\">Vlees Snijmachine Te Koop<\/figcaption><\/figure>    <figure class=\"wp-block-image size-large\"><img loading=\"lazy\" decoding=\"async\" width=\"720\" height=\"540\" data-id=\"34593\" src=\"https:\/\/www.meatprocessingmachine.org\/wp-content\/uploads\/2026\/02\/bone\u2011in-rib-cutting-machine.webp\" alt=\"bot-in rib snijmachine\" class=\"wp-image-34593\" title=\"\" srcset=\"https:\/\/www.meatprocessingmachine.org\/wp-content\/uploads\/2026\/02\/bone\u2011in-rib-cutting-machine.webp 720w, https:\/\/www.meatprocessingmachine.org\/wp-content\/uploads\/2026\/02\/bone\u2011in-rib-cutting-machine-300x225.webp 300w, https:\/\/www.meatprocessingmachine.org\/wp-content\/uploads\/2026\/02\/bone\u2011in-rib-cutting-machine-16x12.webp 16w\" sizes=\"auto, (max-width: 720px) 100vw, 720px\" \/><figcaption class=\"wp-element-caption\">Bot-in Rib Snijmachine<\/figcaption><\/figure> <\/figure>","protected":false},"excerpt":{"rendered":"<p>The chicken cutter is an automatic machine for cutting bone-in meat and fresh or frozen meat. It is widely used in meat processing plants, central kitchens, and food distribution centers.<\/p>","protected":false},"author":1,"featured_media":34784,"parent":0,"template":"","product-type":[583,589],"class_list":["post-34770","product","type-product","status-publish","has-post-thumbnail","hentry","product-type-chicken-turkey","product-type-meat-cutting-machine"],"_links":{"self":[{"href":"https:\/\/www.meatprocessingmachine.org\/nl\/wp-json\/wp\/v2\/product\/34770","targetHints":{"allow":["GET"]}}],"collection":[{"href":"https:\/\/www.meatprocessingmachine.org\/nl\/wp-json\/wp\/v2\/product"}],"about":[{"href":"https:\/\/www.meatprocessingmachine.org\/nl\/wp-json\/wp\/v2\/types\/product"}],"author":[{"embeddable":true,"href":"https:\/\/www.meatprocessingmachine.org\/nl\/wp-json\/wp\/v2\/users\/1"}],"wp:featuredmedia":[{"embeddable":true,"href":"https:\/\/www.meatprocessingmachine.org\/nl\/wp-json\/wp\/v2\/media\/34784"}],"wp:attachment":[{"href":"https:\/\/www.meatprocessingmachine.org\/nl\/wp-json\/wp\/v2\/media?parent=34770"}],"wp:term":[{"taxonomy":"product-type","embeddable":true,"href":"https:\/\/www.meatprocessingmachine.org\/nl\/wp-json\/wp\/v2\/product-type?post=34770"}],"curies":[{"name":"wp","href":"https:\/\/api.w.org\/{rel}","templated":true}]}}