{"id":11,"date":"2018-10-25T02:48:44","date_gmt":"2018-10-25T02:48:44","guid":{"rendered":"http:\/\/www.meatprocessingmachine.org\/?page_id=11"},"modified":"2026-04-07T17:31:10","modified_gmt":"2026-04-07T09:31:10","slug":"about-us","status":"publish","type":"page","link":"https:\/\/www.meatprocessingmachine.org\/nn\/about-us\/","title":{"rendered":"Om oss"},"content":{"rendered":"<p class=\"translation-block\"><strong><mark class=\"has-inline-color has-luminous-vivid-amber-color\"><a href=\"https:\/\/www.meatprocessingmachine.org\/nn\/\">Zhengzhou Taizy Machinery Co., Ltd<\/a><\/mark><\/strong> er en profesjonell produsent og eksport\u00f8r som spesialiserer seg p\u00e5 kj\u00f8ttbehandlingsmaskiner og integrerte matbehandlingsl\u00f8sninger. Ligger i Zhengzhou Economic and Technological Development Zone, kombinerer vi forskning, ingeni\u00f8rkunst, produksjon og globalt salg i ett effektivt driftsystem.<\/p>    <p>Med et sterkt teknisk fundament og over 100 dyktige ansatte, har vi bygget et moderne produksjons- og ledelsessystem som sikrer stabil produktkvalitet og effektiv levering for kunder over hele verden.<\/p>   <div class=\"wp-block-image\"> <figure class=\"aligncenter size-full\"><img loading=\"lazy\" decoding=\"async\" width=\"720\" height=\"540\" src=\"https:\/\/www.meatprocessingmachine.org\/wp-content\/uploads\/2026\/04\/taizy-factory.webp\" alt=\"taizy-fabrikk\" class=\"wp-image-35273\" title=\"\" srcset=\"https:\/\/www.meatprocessingmachine.org\/wp-content\/uploads\/2026\/04\/taizy-factory.webp 720w, https:\/\/www.meatprocessingmachine.org\/wp-content\/uploads\/2026\/04\/taizy-factory-300x225.webp 300w, https:\/\/www.meatprocessingmachine.org\/wp-content\/uploads\/2026\/04\/taizy-factory-16x12.webp 16w\" sizes=\"auto, (max-width: 720px) 100vw, 720px\" \/><figcaption class=\"wp-element-caption\">taizy-fabrikk<\/figcaption><\/figure> <\/div>   <h2 class=\"wp-block-heading\">Hva vi gj\u00f8r<\/h2>    <p>Vi fokuserer p\u00e5 utvikling og produksjon av et komplett utvalg av kj\u00f8ttbehandlingsutstyr, inkludert:<\/p>    <ul class=\"wp-block-list\"> <li><strong><a href=\"https:\/\/www.meatprocessingmachine.org\/nn\/products\/meat-cutting-machine\/\">Kj\u00f8ttkutt- og skj\u00e6remaskiner<\/a><\/strong><\/li>    <li>Kj\u00f8ttkverne- og beinbehandlingsutstyr<\/li>    <li>Kj\u00f8ttkuleproduksjonslinjer<\/li>    <li><strong><a href=\"https:\/\/www.meatprocessingmachine.org\/nn\/products\/supporting-auxiliary-equipment\/\">Vakuumemballasje og tilleggsutstyr<\/a><\/strong><\/li> <\/ul>    <p>V\u00e5re maskiner er mye brukt i kj\u00f8ttbutikker, matbehandlingsanlegg, slakterier og industrielle kj\u00f8ttproduksjonslinjer, og st\u00f8tter b\u00e5de sm\u00e5 bedrifter og store fabrikker.<\/p>    <figure class=\"wp-block-gallery has-nested-images columns-default is-cropped wp-block-gallery-2 is-layout-flex wp-block-gallery-is-layout-flex\"> <figure class=\"wp-block-image size-large\"><img loading=\"lazy\" decoding=\"async\" width=\"720\" height=\"540\" data-id=\"34581\" src=\"https:\/\/www.meatprocessingmachine.org\/wp-content\/uploads\/2020\/11\/Bone-Crusher-and-Colloid-Mill-Combination.webp\" alt=\"Bone Crusher and Colloid Mill Combination\" class=\"wp-image-34581\" title=\"\" srcset=\"https:\/\/www.meatprocessingmachine.org\/wp-content\/uploads\/2020\/11\/Bone-Crusher-and-Colloid-Mill-Combination.webp 720w, https:\/\/www.meatprocessingmachine.org\/wp-content\/uploads\/2020\/11\/Bone-Crusher-and-Colloid-Mill-Combination-300x225.webp 300w, https:\/\/www.meatprocessingmachine.org\/wp-content\/uploads\/2020\/11\/Bone-Crusher-and-Colloid-Mill-Combination-16x12.webp 16w\" sizes=\"auto, (max-width: 720px) 100vw, 720px\" \/><figcaption class=\"wp-element-caption\">Beinknusar og kolloidm\u00f8ll-kombinasjon<\/figcaption><\/figure>    <figure class=\"wp-block-image size-large\"><img loading=\"lazy\" decoding=\"async\" width=\"720\" height=\"540\" data-id=\"34788\" src=\"https:\/\/www.meatprocessingmachine.org\/wp-content\/uploads\/2020\/11\/Bone-Crushing-Machine-1.webp\" alt=\"Beinknusarmaskin\" class=\"wp-image-34788\" title=\"\" srcset=\"https:\/\/www.meatprocessingmachine.org\/wp-content\/uploads\/2020\/11\/Bone-Crushing-Machine-1.webp 720w, https:\/\/www.meatprocessingmachine.org\/wp-content\/uploads\/2020\/11\/Bone-Crushing-Machine-1-300x225.webp 300w, https:\/\/www.meatprocessingmachine.org\/wp-content\/uploads\/2020\/11\/Bone-Crushing-Machine-1-16x12.webp 16w\" sizes=\"auto, (max-width: 720px) 100vw, 720px\" \/><figcaption class=\"wp-element-caption\">Beinknusarmaskin<\/figcaption><\/figure>    <figure class=\"wp-block-image size-large\"><img loading=\"lazy\" decoding=\"async\" width=\"720\" height=\"540\" data-id=\"34698\" src=\"https:\/\/www.meatprocessingmachine.org\/wp-content\/uploads\/2021\/01\/Fish-Dryer-Machine-Factory.webp\" alt=\"Fisket\u00f8rkemaskinfabrikk\" class=\"wp-image-34698\" title=\"\" srcset=\"https:\/\/www.meatprocessingmachine.org\/wp-content\/uploads\/2021\/01\/Fish-Dryer-Machine-Factory.webp 720w, https:\/\/www.meatprocessingmachine.org\/wp-content\/uploads\/2021\/01\/Fish-Dryer-Machine-Factory-300x225.webp 300w, https:\/\/www.meatprocessingmachine.org\/wp-content\/uploads\/2021\/01\/Fish-Dryer-Machine-Factory-16x12.webp 16w\" sizes=\"auto, (max-width: 720px) 100vw, 720px\" \/><figcaption class=\"wp-element-caption\">Fisket\u00f8rkemaskinfabrikk<\/figcaption><\/figure>    <figure class=\"wp-block-image size-large\"><img loading=\"lazy\" decoding=\"async\" width=\"720\" height=\"540\" data-id=\"34650\" src=\"https:\/\/www.meatprocessingmachine.org\/wp-content\/uploads\/2026\/02\/Meat-Slicing-Machine.webp\" alt=\"Kj\u00f8ttskj\u00e6ringsmaskin\" class=\"wp-image-34650\" title=\"\" srcset=\"https:\/\/www.meatprocessingmachine.org\/wp-content\/uploads\/2026\/02\/Meat-Slicing-Machine.webp 720w, https:\/\/www.meatprocessingmachine.org\/wp-content\/uploads\/2026\/02\/Meat-Slicing-Machine-300x225.webp 300w, https:\/\/www.meatprocessingmachine.org\/wp-content\/uploads\/2026\/02\/Meat-Slicing-Machine-16x12.webp 16w\" sizes=\"auto, (max-width: 720px) 100vw, 720px\" \/><figcaption class=\"wp-element-caption\">Kj\u00f8ttskj\u00e6ringsmaskin<\/figcaption><\/figure>    <figure class=\"wp-block-image size-large\"><img loading=\"lazy\" decoding=\"async\" width=\"720\" height=\"540\" data-id=\"35002\" src=\"https:\/\/www.meatprocessingmachine.org\/wp-content\/uploads\/2021\/11\/Triple-Row-Egg-Processing-Line.webp\" alt=\"Triple-Row Egg Processing Line\" class=\"wp-image-35002\" title=\"\" srcset=\"https:\/\/www.meatprocessingmachine.org\/wp-content\/uploads\/2021\/11\/Triple-Row-Egg-Processing-Line.webp 720w, https:\/\/www.meatprocessingmachine.org\/wp-content\/uploads\/2021\/11\/Triple-Row-Egg-Processing-Line-300x225.webp 300w, https:\/\/www.meatprocessingmachine.org\/wp-content\/uploads\/2021\/11\/Triple-Row-Egg-Processing-Line-16x12.webp 16w\" sizes=\"auto, (max-width: 720px) 100vw, 720px\" \/><figcaption class=\"wp-element-caption\">Triple-Row Egg Processing Line<\/figcaption><\/figure>    <figure class=\"wp-block-image size-large\"><img loading=\"lazy\" decoding=\"async\" width=\"720\" height=\"540\" data-id=\"35130\" src=\"https:\/\/www.meatprocessingmachine.org\/wp-content\/uploads\/2026\/03\/Chicken-Paw-Processing-Machine.webp\" alt=\"Kyllingpote-behandlingsmaskin\" class=\"wp-image-35130\" title=\"\" srcset=\"https:\/\/www.meatprocessingmachine.org\/wp-content\/uploads\/2026\/03\/Chicken-Paw-Processing-Machine.webp 720w, https:\/\/www.meatprocessingmachine.org\/wp-content\/uploads\/2026\/03\/Chicken-Paw-Processing-Machine-300x225.webp 300w, https:\/\/www.meatprocessingmachine.org\/wp-content\/uploads\/2026\/03\/Chicken-Paw-Processing-Machine-16x12.webp 16w\" sizes=\"auto, (max-width: 720px) 100vw, 720px\" \/><figcaption class=\"wp-element-caption\">Kyllingpote-behandlingsmaskin<\/figcaption><\/figure> <\/figure>    <h3 class=\"wp-block-heading\">Sterk R&amp;D og produksjonskapasitet<\/h3>    <p>Teknologi driver v\u00e5r vekst. Vi investerer kontinuerlig i forskning og utvikling, og samarbeider med erfarne maskiningeni\u00f8rer og bransjeeksperter for \u00e5 forbedre utstyrsytelse og utvikle nye l\u00f8sninger.<\/p>    <p>Fra r\u00e5varevalg til endelig montering, blir hver maskin produsert under strenge kvalitetskontrollstandarder. V\u00e5r produksjonsprosess legger vekt p\u00e5 holdbarhet, hygiene og operasjonell effektivitet for \u00e5 m\u00f8te internasjonale krav til matbehandling.<\/p>   <div class=\"wp-block-image\"> <figure class=\"aligncenter size-full\"><img loading=\"lazy\" decoding=\"async\" width=\"720\" height=\"540\" src=\"https:\/\/www.meatprocessingmachine.org\/wp-content\/uploads\/2026\/04\/Processing-Workshop.webp\" alt=\"Bearbeidingsverksted\" class=\"wp-image-35277\" title=\"\" srcset=\"https:\/\/www.meatprocessingmachine.org\/wp-content\/uploads\/2026\/04\/Processing-Workshop.webp 720w, https:\/\/www.meatprocessingmachine.org\/wp-content\/uploads\/2026\/04\/Processing-Workshop-300x225.webp 300w, https:\/\/www.meatprocessingmachine.org\/wp-content\/uploads\/2026\/04\/Processing-Workshop-16x12.webp 16w\" sizes=\"auto, (max-width: 720px) 100vw, 720px\" \/><figcaption class=\"wp-element-caption\">Bearbeidingsverksted<\/figcaption><\/figure> <\/div>   <h3 class=\"wp-block-heading\">Global markedsn\u00e6rv\u00e6r<\/h3>    <p class=\"translation-block\">V\u00e5re produkter har blitt eksportert til <strong><a href=\"https:\/\/www.meatprocessingmachine.org\/nn\/Info\/bone-crusher-machine-france\/\">Europa<\/a><\/strong>, <strong><a href=\"https:\/\/www.meatprocessingmachine.org\/nn\/Info\/frozen-meat-dicer-machine-for-sale-in-usa\/\">Amerika<\/a><\/strong>, Afrika, S\u00f8r\u00f8st-Asia, og mange andre regioner, og har opparbeidet seg et sterkt rykte og en solid kundebase i det internasjonale markedet. Som datterselskap av Shuliy Group, utnytter Taizy gruppens modne produksjonssystem, velutviklede forsyningskjede og omfattende globale markedserfaring for \u00e5 levere p\u00e5litelig utstyr og profesjonelle tjenester, og bygge langsiktige partnerskap med kunder over hele verden.<\/p>   <div class=\"wp-block-image\"> <figure class=\"aligncenter size-full\"><img loading=\"lazy\" decoding=\"async\" width=\"720\" height=\"540\" src=\"https:\/\/www.meatprocessingmachine.org\/wp-content\/uploads\/2026\/04\/Shuliys-customers.webp\" alt=\"Shuliy sine kunder\" class=\"wp-image-35281\" title=\"\" srcset=\"https:\/\/www.meatprocessingmachine.org\/wp-content\/uploads\/2026\/04\/Shuliys-customers.webp 720w, https:\/\/www.meatprocessingmachine.org\/wp-content\/uploads\/2026\/04\/Shuliys-customers-300x225.webp 300w, https:\/\/www.meatprocessingmachine.org\/wp-content\/uploads\/2026\/04\/Shuliys-customers-16x12.webp 16w\" sizes=\"auto, (max-width: 720px) 100vw, 720px\" \/><figcaption class=\"wp-element-caption\">Shuliy&#8217;s customers<\/figcaption><\/figure> <\/div>   <h3 class=\"wp-block-heading\">Kvalitetsgaranti &amp; Service<\/h3>    <p>Vi f\u00f8lger en filosofi om \u201ckvalitet f\u00f8rst, kundeorientert\u201d i hvert prosjekt.<\/p>    <ul class=\"wp-block-list\"> <li>Streng kvalitetskontroll f\u00f8r levering<\/li>    <li>Profesjonell forh\u00e5ndssalgsr\u00e5dgivning og l\u00f8sningsdesign<\/li>    <li>Full etter-salgsst\u00f8tte inkludert installasjonsveiledning og teknisk service<\/li> <\/ul>    <p>V\u00e5rt m\u00e5l er ikke bare \u00e5 levere maskiner, men \u00e5 tilby p\u00e5litelige, langsiktige l\u00f8sninger som hjelper kunder med \u00e5 forbedre effektivitet og l\u00f8nnsomhet.<\/p>   <div class=\"wp-block-image\"> <figure class=\"aligncenter size-full\"><img loading=\"lazy\" decoding=\"async\" width=\"720\" height=\"540\" src=\"https:\/\/www.meatprocessingmachine.org\/wp-content\/uploads\/2026\/03\/Our-Certifications.webp\" alt=\"V\u00e5re sertifiseringer\" class=\"wp-image-35211\" title=\"\" srcset=\"https:\/\/www.meatprocessingmachine.org\/wp-content\/uploads\/2026\/03\/Our-Certifications.webp 720w, https:\/\/www.meatprocessingmachine.org\/wp-content\/uploads\/2026\/03\/Our-Certifications-300x225.webp 300w, https:\/\/www.meatprocessingmachine.org\/wp-content\/uploads\/2026\/03\/Our-Certifications-16x12.webp 16w\" sizes=\"auto, (max-width: 720px) 100vw, 720px\" \/><figcaption class=\"wp-element-caption\">V\u00e5re sertifiseringer<\/figcaption><\/figure> <\/div>   <h2 class=\"wp-block-heading\">Sertifiseringer &amp; Kvalitetssikring<\/h2>    <p class=\"translation-block\">Vi legger stor vekt p\u00e5 produktkvalitet og overholdelse av internasjonale standarder, og f\u00f8lger strenge standardiserte produksjonsprosesser. Mange av v\u00e5re maskiner har oppn\u00e5dd <strong>CE-sertifisering<\/strong>, og oppfyller europeiske sikkerhetskrav. V\u00e5rt selskap har etablert og implementert et omfattende <strong>ISO-kvalitetsstyringssystem<\/strong>, med strenge kontroller fra r\u00e5vareinnkj\u00f8p til produksjonsmontering og sluttkontroll, og sikrer stabil og holdbar utstyr. I tillegg st\u00f8tter vi testing og fabrikkrevisjoner utf\u00f8rt av internasjonale tredjepartsbyr\u00e5er som <strong>SGS<\/strong> og <strong>T\u00dcV<\/strong>, og gir kundene gjennomsiktige og p\u00e5litelige kvalitetsgarantier.<\/p>    <figure class=\"wp-block-gallery has-nested-images columns-default is-cropped wp-block-gallery-3 is-layout-flex wp-block-gallery-is-layout-flex\"> <figure class=\"wp-block-image size-large\"><img loading=\"lazy\" decoding=\"async\" width=\"540\" height=\"720\" data-id=\"35208\" src=\"https:\/\/www.meatprocessingmachine.org\/wp-content\/uploads\/2026\/03\/CE.webp\" alt=\"CE\" class=\"wp-image-35208\" title=\"\" srcset=\"https:\/\/www.meatprocessingmachine.org\/wp-content\/uploads\/2026\/03\/CE.webp 540w, https:\/\/www.meatprocessingmachine.org\/wp-content\/uploads\/2026\/03\/CE-225x300.webp 225w, https:\/\/www.meatprocessingmachine.org\/wp-content\/uploads\/2026\/03\/CE-9x12.webp 9w\" sizes=\"auto, (max-width: 540px) 100vw, 540px\" \/><figcaption class=\"wp-element-caption\">Ce<\/figcaption><\/figure>    <figure class=\"wp-block-image size-large\"><img loading=\"lazy\" decoding=\"async\" width=\"540\" height=\"720\" data-id=\"35210\" src=\"https:\/\/www.meatprocessingmachine.org\/wp-content\/uploads\/2026\/03\/ISO9001.webp\" alt=\"ISO9001\" class=\"wp-image-35210\" title=\"\" srcset=\"https:\/\/www.meatprocessingmachine.org\/wp-content\/uploads\/2026\/03\/ISO9001.webp 540w, https:\/\/www.meatprocessingmachine.org\/wp-content\/uploads\/2026\/03\/ISO9001-225x300.webp 225w, https:\/\/www.meatprocessingmachine.org\/wp-content\/uploads\/2026\/03\/ISO9001-9x12.webp 9w\" sizes=\"auto, (max-width: 540px) 100vw, 540px\" \/><figcaption class=\"wp-element-caption\">Iso9001<\/figcaption><\/figure>    <figure class=\"wp-block-image size-large\"><img loading=\"lazy\" decoding=\"async\" width=\"540\" height=\"720\" data-id=\"35209\" src=\"https:\/\/www.meatprocessingmachine.org\/wp-content\/uploads\/2026\/03\/EU-Test.webp\" alt=\"EU Test\" class=\"wp-image-35209\" title=\"\" srcset=\"https:\/\/www.meatprocessingmachine.org\/wp-content\/uploads\/2026\/03\/EU-Test.webp 540w, https:\/\/www.meatprocessingmachine.org\/wp-content\/uploads\/2026\/03\/EU-Test-225x300.webp 225w, https:\/\/www.meatprocessingmachine.org\/wp-content\/uploads\/2026\/03\/EU-Test-9x12.webp 9w\" sizes=\"auto, (max-width: 540px) 100vw, 540px\" \/><figcaption class=\"wp-element-caption\">Eu Test<\/figcaption><\/figure> <\/figure>    <h3 class=\"wp-block-heading\">V\u00e5r misjon<\/h3>    <p>Vi er forpliktet til \u00e5 levere h\u00f8ykvalitets, effektive og innovative kj\u00f8ttbehandlingsl\u00f8sninger for globale kunder. Gjennom kontinuerlig forbedring og ansvarlig produksjon, har vi som m\u00e5l \u00e5 bli en p\u00e5litelig partner i matmaskinindustrien.<\/p>    <h2 class=\"wp-block-heading\">Kontakt oss<\/h2>    <div class=\"wp-block-buttons is-layout-flex wp-container-core-buttons-is-layout-6b4e3324 wp-block-buttons-is-layout-flex\"> <div class=\"wp-block-button\"><a class=\"wp-block-button__link wp-element-button\" href=\"https:\/\/wa.me\/+8619139761487\" target=\"_blank\" rel=\"noopener\">WhatsApp:  86 19139761487<\/a><\/div>    <div class=\"wp-block-button\"><a class=\"wp-block-button__link wp-element-button\">E-post: info@meatprocessingmachine.org<\/a><\/div> <\/div>    <blockquote class=\"wp-block-quote is-layout-flow wp-block-quote-is-layout-flow\"><\/blockquote>    <div class=\"wp-block-buttons is-layout-flex wp-block-buttons-is-layout-flex\"> <div class=\"wp-block-button\"><a class=\"wp-block-button__link wp-element-button\">Adresse: Nautical Road East, Zhengzhou Economic Development Zone, Kina<\/a><\/div> <\/div>    <p><\/p>","protected":false},"excerpt":{"rendered":"<p>Zhengzhou Taizy Machinery Co., Ltd er en profesjonell produsent og eksport\u00f8r som spesialiserer seg p\u00e5 kj\u00f8ttbehandlingsmaskiner og integrerte matbehandlingsl\u00f8sninger. Ligger i Zhengzhou Economic and Technological Development Zone, kombinerer vi forskning, ingeni\u00f8rkunst, produksjon og global salg i ett effektivt driftsystem.<\/p>","protected":false},"author":1,"featured_media":35273,"parent":0,"menu_order":0,"comment_status":"open","ping_status":"closed","template":"","meta":{"footnotes":""},"class_list":["post-11","page","type-page","status-publish","has-post-thumbnail","hentry"],"_links":{"self":[{"href":"https:\/\/www.meatprocessingmachine.org\/nn\/wp-json\/wp\/v2\/pages\/11","targetHints":{"allow":["GET"]}}],"collection":[{"href":"https:\/\/www.meatprocessingmachine.org\/nn\/wp-json\/wp\/v2\/pages"}],"about":[{"href":"https:\/\/www.meatprocessingmachine.org\/nn\/wp-json\/wp\/v2\/types\/page"}],"author":[{"embeddable":true,"href":"https:\/\/www.meatprocessingmachine.org\/nn\/wp-json\/wp\/v2\/users\/1"}],"replies":[{"embeddable":true,"href":"https:\/\/www.meatprocessingmachine.org\/nn\/wp-json\/wp\/v2\/comments?post=11"}],"version-history":[{"count":17,"href":"https:\/\/www.meatprocessingmachine.org\/nn\/wp-json\/wp\/v2\/pages\/11\/revisions"}],"predecessor-version":[{"id":35299,"href":"https:\/\/www.meatprocessingmachine.org\/nn\/wp-json\/wp\/v2\/pages\/11\/revisions\/35299"}],"wp:featuredmedia":[{"embeddable":true,"href":"https:\/\/www.meatprocessingmachine.org\/nn\/wp-json\/wp\/v2\/media\/35273"}],"wp:attachment":[{"href":"https:\/\/www.meatprocessingmachine.org\/nn\/wp-json\/wp\/v2\/media?parent=11"}],"curies":[{"name":"wp","href":"https:\/\/api.w.org\/{rel}","templated":true}]}}