{"id":1018,"date":"2021-01-16T09:49:03","date_gmt":"2021-01-16T01:49:03","guid":{"rendered":"https:\/\/www.meatprocessingmachine.org\/?p=1018"},"modified":"2024-06-14T16:00:42","modified_gmt":"2024-06-14T08:00:42","slug":"commercial-fish-skinning-machine-for-sale","status":"publish","type":"product","link":"https:\/\/www.meatprocessingmachine.org\/nn\/commercial-fish-skinning-machine-for-sale.html","title":{"rendered":"Kommersiell fiskeskinnmaskin til salgs"},"content":{"rendered":"<div class=\"kk-star-ratings kksr-auto kksr-align-right kksr-valign-top\"     data-payload='{&quot;align&quot;:&quot;right&quot;,&quot;id&quot;:&quot;1018&quot;,&quot;slug&quot;:&quot;default&quot;,&quot;valign&quot;:&quot;top&quot;,&quot;ignore&quot;:&quot;&quot;,&quot;reference&quot;:&quot;auto&quot;,&quot;class&quot;:&quot;&quot;,&quot;count&quot;:&quot;0&quot;,&quot;legendonly&quot;:&quot;&quot;,&quot;readonly&quot;:&quot;&quot;,&quot;score&quot;:&quot;0&quot;,&quot;starsonly&quot;:&quot;&quot;,&quot;best&quot;:&quot;5&quot;,&quot;gap&quot;:&quot;5&quot;,&quot;greet&quot;:&quot;Rate this product&quot;,&quot;legend&quot;:&quot;0\\\/5 - (0 votes)&quot;,&quot;size&quot;:&quot;24&quot;,&quot;title&quot;:&quot;Commercial fish skinning machine for sale&quot;,&quot;width&quot;:&quot;0&quot;,&quot;_legend&quot;:&quot;{score}\\\/{best} - ({count} {votes})&quot;,&quot;font_factor&quot;:&quot;1.25&quot;}'>              <div class=\"kksr-stars\">      <div class=\"kksr-stars-inactive\">             <div class=\"kksr-star\" data-star=\"1\" style=\"padding-right: 5px\">               <div class=\"kksr-icon\" style=\"width: 24px; height: 24px;\"><\/div>         <\/div>             <div class=\"kksr-star\" data-star=\"2\" style=\"padding-right: 5px\">               <div class=\"kksr-icon\" style=\"width: 24px; height: 24px;\"><\/div>         <\/div>             <div class=\"kksr-star\" data-star=\"3\" style=\"padding-right: 5px\">               <div class=\"kksr-icon\" style=\"width: 24px; height: 24px;\"><\/div>         <\/div>             <div class=\"kksr-star\" data-star=\"4\" style=\"padding-right: 5px\">               <div class=\"kksr-icon\" style=\"width: 24px; height: 24px;\"><\/div>         <\/div>             <div class=\"kksr-star\" data-star=\"5\" style=\"padding-right: 5px\">               <div class=\"kksr-icon\" style=\"width: 24px; height: 24px;\"><\/div>         <\/div>     <\/div>      <div class=\"kksr-stars-active\" style=\"width: 0px;\">             <div class=\"kksr-star\" style=\"padding-right: 5px\">               <div class=\"kksr-icon\" style=\"width: 24px; height: 24px;\"><\/div>         <\/div>             <div class=\"kksr-star\" style=\"padding-right: 5px\">               <div class=\"kksr-icon\" style=\"width: 24px; height: 24px;\"><\/div>         <\/div>             <div class=\"kksr-star\" style=\"padding-right: 5px\">               <div class=\"kksr-icon\" style=\"width: 24px; height: 24px;\"><\/div>         <\/div>             <div class=\"kksr-star\" style=\"padding-right: 5px\">               <div class=\"kksr-icon\" style=\"width: 24px; height: 24px;\"><\/div>         <\/div>             <div class=\"kksr-star\" style=\"padding-right: 5px\">               <div class=\"kksr-icon\" style=\"width: 24px; height: 24px;\"><\/div>         <\/div>     <\/div> <\/div>                   <div class=\"kksr-legend\" style=\"font-size: 19.2px;\">             <span class=\"kksr-muted\">Vurder dette produktet<\/span>     <\/div>     <\/div>  <p class=\"translation-block\">Den kommersielle <strong>fisk skin naken machine<\/strong> er en elektrisk maskin spesielt designet for \u00e5 fjerne fiskskinn. Denne maskinen brukes etter <a href=\"https:\/\/www.meatprocessingmachine.org\/nn\/automatic-fish-scaler-machine-fish-scale-remover-machine.html\/\">fiskeskulld Discovery machine<\/a>, fiskebar og haleavskj\u00e6ringsmaskin, og <a href=\"https:\/\/www.meatprocessingmachine.org\/nn\/electric-fish-belly-splitting-cutting-machine.html\/\">fiskmage delingsmaskin<\/a>. Fiskeskinn peeling-maskinen kan realisere automatisk peeling. Den har stor produksjonskapasitet, h\u00f8y peelingeffektivitet og h\u00f8y avkastning.<\/p>    <h2 class=\"wp-block-heading\">Video av en fiskskin maskin<\/h2>    <figure class=\"wp-block-embed is-type-video is-provider-youtube wp-block-embed-youtube\"><div class=\"wp-block-embed__wrapper\"> <iframe loading=\"lazy\" title=\"Blekkblekkskjeft skinsmaskin, fiskskinn fjerning maskin\" width=\"500\" height=\"281\" src=\"https:\/\/www.youtube.com\/embed\/FWiHdkLqavs?feature=oembed\" frameborder=\"0\" allow=\"accelerometer; autoplay; clipboard-write; encrypted-media; gyroscope; picture-in-picture; web-share\" referrerpolicy=\"strict-origin-when-cross-origin\" allowfullscreen><\/iframe> <\/div><figcaption class=\"wp-element-caption\">fiskeskinnemaskin<\/figcaption><\/figure>    <h2 class=\"wp-block-heading\" id=\"h-features-of-squid-fish-skinner-machine\">Funksjoner for blekksprutfiskeskinner-maskin<\/h2>    <ol class=\"wp-block-list\"> <li>Fiskeskinneren bruker rustfritt st\u00e5l, kjernen er spesielt varmebehandlet, og bladet er skarpt og slitesterkt.<\/li>    <li>Den er enkel \u00e5 betjene og vedlikeholde og har lang levetid.<\/li>    <li>Den elektriske fiske-skinnavfallsmaskinen har stor produksjonskapasitet, h\u00f8y produksjonseffektivitet og god peelingeffekt.<\/li>    <li>Maskinens blad kan justeres, s\u00e5 den passer bredt for peeling av ulike typer fisk.<\/li> <\/ol>    <h2 class=\"wp-block-heading\" id=\"h-fish-skinning-machine-parameters\">Parametere for fiskskinningmaskin<\/h2>    <ul class=\"wp-block-list\"> <li>Effekt: 0.75kW<\/li>    <li>Spenning: 380V<\/li>    <li>Vekt: 120KG<\/li>    <li>St\u00f8rrelse: 620*630*900MM<\/li>    <li>Behandlingshastighet: 40-80 stk\/min<\/li>    <li>Kapasitet: 2000-2500KG\/H<\/li> <\/ul>    <p>F\u00f4re fisk med tykkelse innen 3 cm, f\u00f4re fisk med bredde innen 40 cm.<\/p>    <h2 class=\"wp-block-heading\" id=\"h-commercial-fish-skinner-machine-application\">Anvendelse av kommersiell fiskeskiner-maskin<\/h2>    <p class=\"translation-block\">Fiskeskinnemaskinen er mye brukt til avfelling av fiskeskinn fra torsk, storfisk, <a href=\"https:\/\/en.wikipedia.org\/wiki\/Salmon\" target=\"_blank\" rel=\"noopener\">laks<\/a>, sBible, og andre fisketyper. Maskinen brukes ogs\u00e5 mye til avfelling av blekksprutskinn. Den passer for fiskeriselskaper, matforedlingsanlegg og cateringbedrifter.<\/p>    <h2 class=\"wp-block-heading\" id=\"h-fish-skinning-machine-parameters\">Hvordan bruke maskinen til \u00e5 fjerne fiskeskinn?<\/h2>    <p>Den automatiske laksefiskeskinnemaskinen er lett \u00e5 bruke. Du trenger bare \u00e5 plassere fisken i matingsporten, og maskinen vil automatisk fullf\u00f8re skinnfjerningen. F\u00f8r bruk av denne maskinen til peeling, b\u00f8r du bruke en fiskebehandlingsmaskin for \u00e5 behandle fisken til segmenter. <\/p>    <p>Hvis r\u00e5materialet er hele fisken, m\u00e5 du bruke en fiskebehandlingsmaskin for \u00e5 behandle den. Den inneb\u00e6rer skreltakketrykkmaskin, fiskebuk-cutmaskin, fiskhode- og haletilcut-maske. Gjennom de nevnte trinnene f\u00e5r du et stykke fisk. Legg deretter skinnsiden ned for peeling. <\/p>    <h2 class=\"wp-block-heading\" id=\"h-precautions-when-using-the-fish-skin-peeling-machine\">Forholdsregler ved bruk av fiskskin peeling-maskinen<\/h2>    <ol class=\"wp-block-list\"> <li>N\u00e5r man bruker denne fiskskinnemaskinen til \u00e5 fjerne fiskskinn, b\u00f8r det skje i vann tilsyn for \u00e5 sikre effektiv peeling. Koble vannslangen til vannventilen p\u00e5 maskinen. Sl\u00e5 deretter p\u00e5 str\u00f8mmen for \u00e5 avgj\u00f8re om vannf\u00f8ringen er normal. Og s\u00f8rg for \u00e5 sl\u00e5 p\u00e5 vannforsyningsbryteren p\u00e5 maskinen n\u00e5r peeling.\u201d<\/li>    <li>Etter at den har v\u00e6rt i bruk en stund, \u00e5pne sagbladdekselet for \u00e5 bekrefte slitasjestatusen til bladet. Hvis du trenger \u00e5 bytte bladet, \u00e5pne bladdekselet og bytt det direkte.<\/li>    <li>Hvis du trenger \u00e5 justere bladet opp og ned, bruk en skiften\u00f8kkel for \u00e5 skru ut mutteren p\u00e5 venstre og h\u00f8yre side av bladholderen for \u00e5 justere avstanden mellom bladet og trommelen. Merk at avstanden mellom bladet og trommelen ogs\u00e5 m\u00e5 v\u00e6re riktig tilpasset; for stor eller for liten avstand vil direkte p\u00e5virke peelingeffekten.<\/li>    <li>Etter bruk av fis peelingmaskinen hver gang, vennligst rengj\u00f8r maskinen med rent vann. Hvis du ikke bruker maskinen p\u00e5 lenge, plasser den i et t\u00f8rt og ventilert sted.<\/li> <\/ol>","protected":false},"excerpt":{"rendered":"<p>The commercial fish skinning machine is widely used in peeling salmon, squid, and other species of fish. It needs to use machines such as descaler, fish opener, and other machines to process the fish into segments before using the machine.<\/p>","protected":false},"author":1,"featured_media":1021,"parent":0,"template":"","product-type":[584],"class_list":["post-1018","product","type-product","status-publish","has-post-thumbnail","hentry","product-type-fish"],"_links":{"self":[{"href":"https:\/\/www.meatprocessingmachine.org\/nn\/wp-json\/wp\/v2\/product\/1018","targetHints":{"allow":["GET"]}}],"collection":[{"href":"https:\/\/www.meatprocessingmachine.org\/nn\/wp-json\/wp\/v2\/product"}],"about":[{"href":"https:\/\/www.meatprocessingmachine.org\/nn\/wp-json\/wp\/v2\/types\/product"}],"author":[{"embeddable":true,"href":"https:\/\/www.meatprocessingmachine.org\/nn\/wp-json\/wp\/v2\/users\/1"}],"wp:featuredmedia":[{"embeddable":true,"href":"https:\/\/www.meatprocessingmachine.org\/nn\/wp-json\/wp\/v2\/media\/1021"}],"wp:attachment":[{"href":"https:\/\/www.meatprocessingmachine.org\/nn\/wp-json\/wp\/v2\/media?parent=1018"}],"wp:term":[{"taxonomy":"product-type","embeddable":true,"href":"https:\/\/www.meatprocessingmachine.org\/nn\/wp-json\/wp\/v2\/product-type?post=1018"}],"curies":[{"name":"wp","href":"https:\/\/api.w.org\/{rel}","templated":true}]}}