{"id":1024,"date":"2021-01-16T11:15:01","date_gmt":"2021-01-16T03:15:01","guid":{"rendered":"https:\/\/www.meatprocessingmachine.org\/?p=1024"},"modified":"2024-06-12T17:42:31","modified_gmt":"2024-06-12T09:42:31","slug":"commercial-fish-head-tail-cutting-machine-cutter-machine","status":"publish","type":"product","link":"https:\/\/www.meatprocessingmachine.org\/nn\/commercial-fish-head-tail-cutting-machine-cutter-machine.html","title":{"rendered":"Kommersiell fiskhode- og haleavskj\u00e6ringsmaskin | fiskekuttermaskin"},"content":{"rendered":"<div class=\"kk-star-ratings kksr-auto kksr-align-right kksr-valign-top\"     data-payload='{&quot;align&quot;:&quot;right&quot;,&quot;id&quot;:&quot;1024&quot;,&quot;slug&quot;:&quot;default&quot;,&quot;valign&quot;:&quot;top&quot;,&quot;ignore&quot;:&quot;&quot;,&quot;reference&quot;:&quot;auto&quot;,&quot;class&quot;:&quot;&quot;,&quot;count&quot;:&quot;0&quot;,&quot;legendonly&quot;:&quot;&quot;,&quot;readonly&quot;:&quot;&quot;,&quot;score&quot;:&quot;0&quot;,&quot;starsonly&quot;:&quot;&quot;,&quot;best&quot;:&quot;5&quot;,&quot;gap&quot;:&quot;5&quot;,&quot;greet&quot;:&quot;Rate this product&quot;,&quot;legend&quot;:&quot;0\\\/5 - (0 votes)&quot;,&quot;size&quot;:&quot;24&quot;,&quot;title&quot;:&quot;Commercial fish head tail cutting machine | fish cutter machine&quot;,&quot;width&quot;:&quot;0&quot;,&quot;_legend&quot;:&quot;{score}\\\/{best} - ({count} {votes})&quot;,&quot;font_factor&quot;:&quot;1.25&quot;}'>              <div class=\"kksr-stars\">      <div class=\"kksr-stars-inactive\">             <div class=\"kksr-star\" data-star=\"1\" style=\"padding-right: 5px\">               <div class=\"kksr-icon\" style=\"width: 24px; height: 24px;\"><\/div>         <\/div>             <div class=\"kksr-star\" data-star=\"2\" style=\"padding-right: 5px\">               <div class=\"kksr-icon\" style=\"width: 24px; height: 24px;\"><\/div>         <\/div>             <div class=\"kksr-star\" data-star=\"3\" style=\"padding-right: 5px\">               <div class=\"kksr-icon\" style=\"width: 24px; height: 24px;\"><\/div>         <\/div>             <div class=\"kksr-star\" data-star=\"4\" style=\"padding-right: 5px\">               <div class=\"kksr-icon\" style=\"width: 24px; height: 24px;\"><\/div>         <\/div>             <div class=\"kksr-star\" data-star=\"5\" style=\"padding-right: 5px\">               <div class=\"kksr-icon\" style=\"width: 24px; height: 24px;\"><\/div>         <\/div>     <\/div>      <div class=\"kksr-stars-active\" style=\"width: 0px;\">             <div class=\"kksr-star\" style=\"padding-right: 5px\">               <div class=\"kksr-icon\" style=\"width: 24px; height: 24px;\"><\/div>         <\/div>             <div class=\"kksr-star\" style=\"padding-right: 5px\">               <div class=\"kksr-icon\" style=\"width: 24px; height: 24px;\"><\/div>         <\/div>             <div class=\"kksr-star\" style=\"padding-right: 5px\">               <div class=\"kksr-icon\" style=\"width: 24px; height: 24px;\"><\/div>         <\/div>             <div class=\"kksr-star\" style=\"padding-right: 5px\">               <div class=\"kksr-icon\" style=\"width: 24px; height: 24px;\"><\/div>         <\/div>             <div class=\"kksr-star\" style=\"padding-right: 5px\">               <div class=\"kksr-icon\" style=\"width: 24px; height: 24px;\"><\/div>         <\/div>     <\/div> <\/div>                   <div class=\"kksr-legend\" style=\"font-size: 19.2px;\">             <span class=\"kksr-muted\">Vurder dette produktet<\/span>     <\/div>     <\/div>  <p>Den automatiske fiskekopphakkemaskinen (fishtail cutter) kan enkelt kutte av hodet og halen p\u00e5 hele fisken. Den kommersielle fiskekopphakkemaskinen kan fritt justere kutteposisjonen i henhold til fiskens st\u00f8rrelse. <\/p>    <p>It also can control the size of the cut fish head and tail according to the customer&#8217;s cutting requirements, and the cut is flat. The machine is widely applied in aquatic product processing plants, fish processing companies, and large-scale catering industries.<\/p>    <h2 class=\"wp-block-heading\">Video av fiskekopphakkemaskin<\/h2>    <figure class=\"wp-block-embed is-type-video is-provider-youtube wp-block-embed-youtube\"><div class=\"wp-block-embed__wrapper\"> <iframe loading=\"lazy\" title=\"fiskekutter\/kommersiell fiskekopphale- og halehakkemaskin\" width=\"500\" height=\"281\" src=\"https:\/\/www.youtube.com\/embed\/vZMgufB1i88?start=23&#038;feature=oembed\" frameborder=\"0\" allow=\"accelerometer; autoplay; clipboard-write; encrypted-media; gyroscope; picture-in-picture; web-share\" referrerpolicy=\"strict-origin-when-cross-origin\" allowfullscreen><\/iframe> <\/div><figcaption class=\"wp-element-caption\">fiskekopphakkemaskin <\/figcaption><\/figure>    <h2 class=\"wp-block-heading\" id=\"h-commercial-fish-head-cutting-machine-features\">Egenskaper ved kommersiell fiskekopphakkemaskin<\/h2>    <ol class=\"wp-block-list\"> <li>Den kommersielle fiskekopphakkemaskinen kan utf\u00f8re kontinuerlig arbeid. Den trenger bare \u00e5 plassere fisken p\u00e5 transportb\u00e5ndet for \u00e5 kutte. Maskinen kan kutte 2500 kg fisk per dag.<\/li>    <li>Fiskekuttemaskinen har et flatt kroppdesign, noe som gj\u00f8r kuttingen stabil, og den kuttede fiskeavskj\u00e6ringen er flat.<\/li>    <li>Hele maskinen er laget av matgodkjent materiale <a href=\"https:\/\/en.wikipedia.org\/wiki\/Stainless_steel\" target=\"_blank\" rel=\"noopener\">rustfritt st\u00e5l<\/a> for enkel rengj\u00f8ring og vedlikehold.<\/li>    <li>It is equipped&nbsp;with a saw band pressing device, the saw band presses the fish&#8217;s body tightly when cutting, so the fish will not move left and right.<\/li>    <li>Den automatiske fiskekopphale- og halehakkemaskinen har utmerket vanntett ytelse, enkel \u00e5 rengj\u00f8re, trygg og hygienisk.<\/li> <\/ol>    <figure class=\"wp-block-image size-large\"><img loading=\"lazy\" decoding=\"async\" width=\"720\" height=\"540\" src=\"https:\/\/www.meatprocessingmachine.org\/wp-content\/uploads\/2021\/01\/electric-fish-tail-cutting-machine.jpg\" alt=\"electric fish tail cutting machine\" class=\"wp-image-1030\" title=\"\" srcset=\"https:\/\/www.meatprocessingmachine.org\/wp-content\/uploads\/2021\/01\/electric-fish-tail-cutting-machine.jpg 720w, https:\/\/www.meatprocessingmachine.org\/wp-content\/uploads\/2021\/01\/electric-fish-tail-cutting-machine-300x225.jpg 300w\" sizes=\"auto, (max-width: 720px) 100vw, 720px\" \/><figcaption class=\"wp-element-caption\">Elektrisk fiskekopphale- og halehakkemaskin<\/figcaption><\/figure>    <h2 class=\"wp-block-heading\" id=\"h-why-need-to-remove-fish-head-and-fish-tail\">Hvorfor trenger man \u00e5 fjerne fiskekoppen og fiskehale?<\/h2>    <p>P\u00e5 grunn av ettersp\u00f8rselen etter matlaging, kj\u00f8per mange kunder pakket og kuttet fisk fra fiskemarkeder, supermarkeder osv. Denne fisken har g\u00e5tt gjennom en fiskbehandlingsfabrikk for \u00e5 fjerne hodet og halen.<\/p>    <figure class=\"wp-block-image size-large\"><img loading=\"lazy\" decoding=\"async\" width=\"720\" height=\"540\" src=\"https:\/\/www.meatprocessingmachine.org\/wp-content\/uploads\/2021\/01\/fish-without-fish-head-and-tail.jpg\" alt=\"fish without fish head and tail\" class=\"wp-image-1027\" title=\"\" srcset=\"https:\/\/www.meatprocessingmachine.org\/wp-content\/uploads\/2021\/01\/fish-without-fish-head-and-tail.jpg 720w, https:\/\/www.meatprocessingmachine.org\/wp-content\/uploads\/2021\/01\/fish-without-fish-head-and-tail-300x225.jpg 300w\" sizes=\"auto, (max-width: 720px) 100vw, 720px\" \/><figcaption class=\"wp-element-caption\">Fisk uten fiskekopp og hale<\/figcaption><\/figure>    <p>It reduces the end customer&#8217;s procedures for handling fish. The end customer only needs to simply process the head and tail fish to make dishes. And for places like restaurants that need to process large quantities of fish, it improves production efficiency. Therefore, this automatic fish head cutting machine can increase the efficiency of making dishes and reduce manual use.<\/p>    <h2 class=\"wp-block-heading\" id=\"h-how-to-operate-the-fish-tail-cutter-machine\">Hvordan betjenes fiskekopphakkemaskinen?<\/h2>    <p>Den automatiske fiskekopphale- og halehakkemaskinen brukes hovedsakelig til \u00e5 kutte store og mellomstore fisk. Den er egnet for \u00e5 kutte alle slags fisk. F\u00f8r du kutter, kan du bruke fiskeskalfjerningmaskinen for \u00e5 fjerne skjell. N\u00e5r du kutter, bare sl\u00e5 p\u00e5 maskinen og plasser fisken p\u00e5 transportb\u00e5ndet. Transportb\u00e5ndet vil automatisk transportere fisken til kutteposisjonen. I tillegg kan kundene justere st\u00f8rrelsen p\u00e5 fiskekoppen og halen etter kuttebehov.<\/p>    <figure class=\"wp-block-image size-large\"><img loading=\"lazy\" decoding=\"async\" width=\"720\" height=\"540\" src=\"https:\/\/www.meatprocessingmachine.org\/wp-content\/uploads\/2021\/01\/automatic-fish-head-cutting-machine.jpg\" alt=\"automatic fish head cutting machine\" class=\"wp-image-1028\" title=\"\" srcset=\"https:\/\/www.meatprocessingmachine.org\/wp-content\/uploads\/2021\/01\/automatic-fish-head-cutting-machine.jpg 720w, https:\/\/www.meatprocessingmachine.org\/wp-content\/uploads\/2021\/01\/automatic-fish-head-cutting-machine-300x225.jpg 300w\" sizes=\"auto, (max-width: 720px) 100vw, 720px\" \/><figcaption class=\"wp-element-caption\">Automatisk fiskekopphakkemaskin<\/figcaption><\/figure>    <h2 class=\"wp-block-heading\">Relaterte fiskebehandlingsmaskiner<\/h2>    <div class=\"wp-block-columns is-layout-flex wp-container-core-columns-is-layout-9d6595d7 wp-block-columns-is-layout-flex\"> <div class=\"wp-block-column is-layout-flow wp-block-column-is-layout-flow\"> <figure class=\"wp-block-image size-full\"><a href=\"https:\/\/www.meatprocessingmachine.org\/nn\/fish-drying-machine-hot-air-circulation-drying-machine.html\/\"><img loading=\"lazy\" decoding=\"async\" width=\"720\" height=\"540\" src=\"https:\/\/www.meatprocessingmachine.org\/wp-content\/uploads\/2021\/01\/industrial-fish-drying-machine.jpg\" alt=\"industriell fisket\u00f8rkemaskin\" class=\"wp-image-1066\" title=\"\" srcset=\"https:\/\/www.meatprocessingmachine.org\/wp-content\/uploads\/2021\/01\/industrial-fish-drying-machine.jpg 720w, https:\/\/www.meatprocessingmachine.org\/wp-content\/uploads\/2021\/01\/industrial-fish-drying-machine-300x225.jpg 300w\" sizes=\"auto, (max-width: 720px) 100vw, 720px\" \/><\/a><figcaption class=\"wp-element-caption\"><a href=\"https:\/\/www.meatprocessingmachine.org\/nn\/fish-drying-machine-hot-air-circulation-drying-machine.html\/\" data-type=\"link\" data-id=\"https:\/\/www.meatprocessingmachine.org\/fish-drying-machine-hot-air-circulation-drying-machine.html\">industriell fisket\u00f8rkemaskin<\/a><\/figcaption><\/figure> <\/div>    <div class=\"wp-block-column is-layout-flow wp-block-column-is-layout-flow\"> <figure class=\"wp-block-image size-full is-resized\"><a href=\"https:\/\/www.meatprocessingmachine.org\/nn\/fish-debone-machine-fish-meat-and-bone-separator-machine.html\/\"><img loading=\"lazy\" decoding=\"async\" width=\"720\" height=\"540\" src=\"https:\/\/www.meatprocessingmachine.org\/wp-content\/uploads\/2020\/12\/fish-debone-Factory-inventory1.png\" alt=\"fiskedeboneringsmaskin\" class=\"wp-image-1818\" style=\"width:275px;height:auto\" title=\"\" srcset=\"https:\/\/www.meatprocessingmachine.org\/wp-content\/uploads\/2020\/12\/fish-debone-Factory-inventory1.png 720w, https:\/\/www.meatprocessingmachine.org\/wp-content\/uploads\/2020\/12\/fish-debone-Factory-inventory1-300x225.png 300w\" sizes=\"auto, (max-width: 720px) 100vw, 720px\" \/><\/a><figcaption class=\"wp-element-caption\"><a href=\"https:\/\/www.meatprocessingmachine.org\/nn\/fish-debone-machine-fish-meat-and-bone-separator-machine.html\/\" data-type=\"link\" data-id=\"https:\/\/www.meatprocessingmachine.org\/fish-debone-machine-fish-meat-and-bone-separator-machine.html\">fiskedeboneringsmaskin<\/a><\/figcaption><\/figure> <\/div>    <div class=\"wp-block-column is-layout-flow wp-block-column-is-layout-flow\"> <figure class=\"wp-block-image size-full\"><a href=\"https:\/\/www.meatprocessingmachine.org\/nn\/fish-fillet-machine-fish-slicing-machine.html\/\"><img loading=\"lazy\" decoding=\"async\" width=\"720\" height=\"540\" src=\"https:\/\/www.meatprocessingmachine.org\/wp-content\/uploads\/2023\/11\/fish-fillet-machine-3.webp\" alt=\"fiskfiletmaskin\" class=\"wp-image-34340\" title=\"\" srcset=\"https:\/\/www.meatprocessingmachine.org\/wp-content\/uploads\/2023\/11\/fish-fillet-machine-3.webp 720w, https:\/\/www.meatprocessingmachine.org\/wp-content\/uploads\/2023\/11\/fish-fillet-machine-3-300x225.webp 300w\" sizes=\"auto, (max-width: 720px) 100vw, 720px\" \/><\/a><figcaption class=\"wp-element-caption\"><a href=\"https:\/\/www.meatprocessingmachine.org\/nn\/fish-fillet-machine-fish-slicing-machine.html\/\">fiskfiletmaskin<\/a><\/figcaption><\/figure> <\/div> <\/div>","protected":false},"excerpt":{"rendered":"<p>The automatic fish head and tail cutting machine can adjust the size of the cut fish head and tail according to requirements. The machine reduces manual operations and produces a larger output.<\/p>","protected":false},"author":1,"featured_media":1026,"parent":0,"template":"","product-type":[584],"class_list":["post-1024","product","type-product","status-publish","has-post-thumbnail","hentry","product-type-fish"],"_links":{"self":[{"href":"https:\/\/www.meatprocessingmachine.org\/nn\/wp-json\/wp\/v2\/product\/1024","targetHints":{"allow":["GET"]}}],"collection":[{"href":"https:\/\/www.meatprocessingmachine.org\/nn\/wp-json\/wp\/v2\/product"}],"about":[{"href":"https:\/\/www.meatprocessingmachine.org\/nn\/wp-json\/wp\/v2\/types\/product"}],"author":[{"embeddable":true,"href":"https:\/\/www.meatprocessingmachine.org\/nn\/wp-json\/wp\/v2\/users\/1"}],"wp:featuredmedia":[{"embeddable":true,"href":"https:\/\/www.meatprocessingmachine.org\/nn\/wp-json\/wp\/v2\/media\/1026"}],"wp:attachment":[{"href":"https:\/\/www.meatprocessingmachine.org\/nn\/wp-json\/wp\/v2\/media?parent=1024"}],"wp:term":[{"taxonomy":"product-type","embeddable":true,"href":"https:\/\/www.meatprocessingmachine.org\/nn\/wp-json\/wp\/v2\/product-type?post=1024"}],"curies":[{"name":"wp","href":"https:\/\/api.w.org\/{rel}","templated":true}]}}