{"id":103,"date":"2018-10-25T06:18:36","date_gmt":"2018-10-24T22:18:36","guid":{"rendered":"http:\/\/www.meatprocessingmachine.org\/?p=103"},"modified":"2022-08-15T09:50:35","modified_gmt":"2022-08-15T01:50:35","slug":"vegetable-and-meat-cutter-and-mixer","status":"publish","type":"product","link":"https:\/\/www.meatprocessingmachine.org\/nn\/vegetable-and-meat-cutter-and-mixer.html","title":{"rendered":"Kj\u00f8ttsk\u00e5lh\u00f8vel | kj\u00f8t- og gr\u00f8nnsaks kutar og mikser"},"content":{"rendered":"<div class=\"kk-star-ratings kksr-auto kksr-align-right kksr-valign-top\"     data-payload='{&quot;align&quot;:&quot;right&quot;,&quot;id&quot;:&quot;103&quot;,&quot;slug&quot;:&quot;default&quot;,&quot;valign&quot;:&quot;top&quot;,&quot;ignore&quot;:&quot;&quot;,&quot;reference&quot;:&quot;auto&quot;,&quot;class&quot;:&quot;&quot;,&quot;count&quot;:&quot;0&quot;,&quot;legendonly&quot;:&quot;&quot;,&quot;readonly&quot;:&quot;&quot;,&quot;score&quot;:&quot;0&quot;,&quot;starsonly&quot;:&quot;&quot;,&quot;best&quot;:&quot;5&quot;,&quot;gap&quot;:&quot;5&quot;,&quot;greet&quot;:&quot;Rate this product&quot;,&quot;legend&quot;:&quot;0\\\/5 - (0 votes)&quot;,&quot;size&quot;:&quot;24&quot;,&quot;title&quot;:&quot;Meat bowl chopper | meat vegetable cutter and mixer&quot;,&quot;width&quot;:&quot;0&quot;,&quot;_legend&quot;:&quot;{score}\\\/{best} - ({count} {votes})&quot;,&quot;font_factor&quot;:&quot;1.25&quot;}'>              <div class=\"kksr-stars\">      <div class=\"kksr-stars-inactive\">             <div class=\"kksr-star\" data-star=\"1\" style=\"padding-right: 5px\">               <div class=\"kksr-icon\" style=\"width: 24px; height: 24px;\"><\/div>         <\/div>             <div class=\"kksr-star\" data-star=\"2\" style=\"padding-right: 5px\">               <div class=\"kksr-icon\" style=\"width: 24px; height: 24px;\"><\/div>         <\/div>             <div class=\"kksr-star\" data-star=\"3\" style=\"padding-right: 5px\">               <div class=\"kksr-icon\" style=\"width: 24px; height: 24px;\"><\/div>         <\/div>             <div class=\"kksr-star\" data-star=\"4\" style=\"padding-right: 5px\">               <div class=\"kksr-icon\" style=\"width: 24px; height: 24px;\"><\/div>         <\/div>             <div class=\"kksr-star\" data-star=\"5\" style=\"padding-right: 5px\">               <div class=\"kksr-icon\" style=\"width: 24px; height: 24px;\"><\/div>         <\/div>     <\/div>      <div class=\"kksr-stars-active\" style=\"width: 0px;\">             <div class=\"kksr-star\" style=\"padding-right: 5px\">               <div class=\"kksr-icon\" style=\"width: 24px; height: 24px;\"><\/div>         <\/div>             <div class=\"kksr-star\" style=\"padding-right: 5px\">               <div class=\"kksr-icon\" style=\"width: 24px; height: 24px;\"><\/div>         <\/div>             <div class=\"kksr-star\" style=\"padding-right: 5px\">               <div class=\"kksr-icon\" style=\"width: 24px; height: 24px;\"><\/div>         <\/div>             <div class=\"kksr-star\" style=\"padding-right: 5px\">               <div class=\"kksr-icon\" style=\"width: 24px; height: 24px;\"><\/div>         <\/div>             <div class=\"kksr-star\" style=\"padding-right: 5px\">               <div class=\"kksr-icon\" style=\"width: 24px; height: 24px;\"><\/div>         <\/div>     <\/div> <\/div>                   <div class=\"kksr-legend\" style=\"font-size: 19.2px;\">             <span class=\"kksr-muted\">Vurder dette produktet<\/span>     <\/div>     <\/div>  <p>Gr\u00f8nnsakskutter og mikser for kj\u00f8tt kan kutte gr\u00f8nnsaker eller kj\u00f8tt i fine partikler, som kan brukes til \u00e5 terne gr\u00f8nnsaker og lage kj\u00f8tt til pur\u00e9. Kj\u00f8ttsk\u00e5lkutteren har funksjoner som kutting, blanding og omr\u00f8ring. Kj\u00f8ttsk\u00e5lkuttere kan fungere som hjelpere i matbehandlingsprosessen. Kan brukes i kantiner, restauranter, p\u00f8lsebehandlingsanlegg, hamburgerpatty-behandlingsanlegg.<\/p>   <h2><strong>Introduksjon av kj\u00f8tt- og gr\u00f8nnsakskutter, mikser og maler<\/strong><\/h2> <p>Gr\u00f8nnsak- og kj\u00f8ttkutter og mikser er et nytt design med turbin og skruegear-drift, som gj\u00f8r strukturen mer kompakt. Sk\u00e5len til gr\u00f8nnsaker og kj\u00f8ttkuttere og blendere er laget av rustfritt st\u00e5l, holdbart og vakkert i form. Hastighetsreduseren til kj\u00f8ttkutteren best\u00e5r av h\u00f8ykvalitets aluminiumlegering og Cooper-type skruegir med h\u00f8y kvalitet.<\/p> <p><span class=\"transSent\" data-group=\"0-1\">Det kan ikke bare finhakke kj\u00f8tt, malt kj\u00f8tt og andre hovedingredienser, men ogs\u00e5 andre ingredienser;<\/span><span class=\"transSent\" data-group=\"0-2\">Vann, is, krydder og tilbeh\u00f8r (fyllstoffer) blandes med kj\u00f8ttskum for \u00e5 danne en jevn melk.<\/span><span class=\"transSent\" data-group=\"0-3\">Spesielt ved emulgering, blir den fine tettheten og elastisiteten til tarmproduktene sterkt forbedret.<\/span><span class=\"transSent\" data-group=\"0-4\">H\u00f8y- og lav knivhastighet og trinnl\u00f8s hastighetsreguleringshjul kan velges for \u00e5 gj\u00f8re kutting og blanding, malt kj\u00f8tt, blanding og emulgering fullf\u00f8rt i en prosess.<\/span><\/p> <figure id=\"attachment_32664\" aria-describedby=\"caption-attachment-32664\" style=\"width: 720px\" class=\"wp-caption alignnone\"><img loading=\"lazy\" decoding=\"async\" class=\"size-full wp-image-32664\" src=\"https:\/\/www.meatprocessingmachine.org\/wp-content\/uploads\/2018\/10\/vegetable-meat-cutter-and-mixer.png\" alt=\"vegetable meat cutter and mixer\" width=\"720\" height=\"540\" title=\"\" srcset=\"https:\/\/www.meatprocessingmachine.org\/wp-content\/uploads\/2018\/10\/vegetable-meat-cutter-and-mixer.png 720w, https:\/\/www.meatprocessingmachine.org\/wp-content\/uploads\/2018\/10\/vegetable-meat-cutter-and-mixer-300x225.png 300w\" sizes=\"auto, (max-width: 720px) 100vw, 720px\" \/><figcaption id=\"caption-attachment-32664\" class=\"wp-caption-text\">Vegetable Meat Cutting Machine&Nbsp;<\/figcaption><\/figure> <h2>Bruk av gr\u00f8nnsakskutter og mikser for kj\u00f8tt<\/h2> <p class=\"translation-block\">Gr\u00f8nnsakskutter og mikser for kj\u00f8tt kan bearbeide kj\u00f8tt, fisk, frukt, gr\u00f8nnsaker, n\u00f8tter og sj\u00f8mat, spesielt i bearbeiding av kj\u00f8tt, som er veldig praktisk. Disse matvarene kan kuttes i granuler eller pur\u00e9. Tykkelsen p\u00e5 matbehandlingen er relatert til tid, og den m\u00e5 justeres i henhold til egen produksjon. Kan brukes til \u00e5 lage p\u00f8lser, kj\u00f8ttboller, patties og gr\u00f8nnsaksterner. Selvf\u00f8lgelig kan du ogs\u00e5 bruke en <a href=\"https:\/\/www.meatprocessingmachine.org\/nn\/good-quality-meat-food-stuffing-mixer.html\/\">kj\u00f8ttblender<\/a> hvis du trenger \u00e5 blande mye kj\u00f8tt p\u00e5 en gang.<\/p>   <figure class=\"wp-block-image\"><img decoding=\"async\" src=\"http:\/\/www.meatprocessingmachine.org\/wp-content\/uploads\/2018\/10\/vegetable-and-meat-cutter09106.jpg\" alt=\"\" title=\"\"><\/figure>    <h2 class=\"wp-block-heading\">Hvorfor bruke en kj\u00f8ttsk\u00e5lkutter?<\/h2>    <p>F\u00f8rst og fremst er arbeidseffektiviteten til gr\u00f8nnsakskutteren og mikseren for kj\u00f8tt h\u00f8y. Maskinen kan fullf\u00f8re kj\u00f8ttbehandlingsarbeidet p\u00e5 noen f\u00e5 minutter, og arbeidseffektiviteten forbedres betydelig etter bruk av maskinen. For det andre er strukturen til kj\u00f8ttsk\u00e5lkutteren fin. Knivhastigheten, grytehastigheten og gapet mellom kutteren og gryten kan oppn\u00e5 den beste kombinasjonen slik at finheten til de hakkede produktene er god, temperatur\u00f8kningen er liten, og kuttingstiden er kort, spesielt finheten og elastisiteten til p\u00f8lseproduktene. Forsterket for \u00e5 maksimere elastisiteten og finheten til kj\u00f8ttproduktene. I tillegg har maskinen mange funksjoner. Maskinen kan ikke bare kutte kj\u00f8tt, men ogs\u00e5 legge krydder og andre tilsetningsstoffer i rekkef\u00f8lgen av matbehandling. Kverneprosessen fullf\u00f8rer ogs\u00e5 marineringstrinnet av kj\u00f8ttet, og sparer tid.<\/p>    <figure class=\"wp-block-gallery has-nested-images columns-default is-cropped wp-block-gallery-2 is-layout-flex wp-block-gallery-is-layout-flex\"> <figure class=\"wp-block-image size-large\"><img loading=\"lazy\" decoding=\"async\" width=\"286\" height=\"220\" data-id=\"32665\" src=\"https:\/\/www.meatprocessingmachine.org\/wp-content\/uploads\/2018\/10\/meat-bowel-chopper-1.png\" alt=\"meat bowl chopper\" class=\"wp-image-32665\" title=\"\"><figcaption>Kj\u00f8ttsk\u00e5lkutter <\/figcaption><\/figure>    <figure class=\"wp-block-image size-large\"><img loading=\"lazy\" decoding=\"async\" width=\"286\" height=\"220\" data-id=\"32666\" src=\"https:\/\/www.meatprocessingmachine.org\/wp-content\/uploads\/2018\/10\/meat-bowel-chopper-.png\" alt=\"meat bowl chopper\" class=\"wp-image-32666\" title=\"\"><figcaption>Kj\u00f8ttsk\u00e5lkutter<\/figcaption><\/figure> <\/figure>    <h2 class=\"wp-block-heading\" id=\"h-specification-of-meat-vegetable-cutter-and-mixer\">Spesifikasjon av kj\u00f8tt- og gr\u00f8nnsakskutter og mikser<\/h2>    <figure class=\"wp-block-table\"><table><tbody><tr><td><strong>Modell<\/strong><\/td><td><strong>SL-20<\/strong><\/td><td><strong>SL-40<\/strong><\/td><td><strong>SL-80<\/strong><\/td><td><strong>SL-125<\/strong><\/td><td><strong>SL-200<\/strong><\/td><\/tr><tr><td><strong>Behandlingskapasitet (kg\/per gang)<\/strong><\/td><td><strong>10-15<\/strong><\/td><td><strong>20-30<\/strong><\/td><td><strong>40-50<\/strong><\/td><td><strong>70-80<\/strong><\/td><td><strong>100-140<\/strong><\/td><\/tr><tr><td><strong>Grytevolum(L)<\/strong><\/td><td><strong>20<\/strong><\/td><td><strong>40<\/strong><\/td><td><strong>80<\/strong><\/td><td><strong>125<\/strong><\/td><td><strong>200<\/strong><\/td><\/tr><tr><td><strong>Effekt(KW)<\/strong><\/td><td><strong>2.55<\/strong><\/td><td><strong>6.25<\/strong><\/td><td><strong>23<\/strong><\/td><td><strong>27<\/strong><\/td><td><strong>63<\/strong><\/td><\/tr><tr><td><strong>Filmengde<\/strong><\/td><td><strong>3<\/strong><\/td><td><strong>3<\/strong><\/td><td><strong>6<\/strong><\/td><td><strong>6<\/strong><\/td><td><strong>6<\/strong><\/td><\/tr><tr><td><strong>Hastighet p\u00e5 kuttegryte (r\/min)<\/strong><\/td><td><strong>16<\/strong><\/td><td><strong>12<\/strong><\/td><td><strong>8\/12<\/strong><\/td><td><strong>8\/12<\/strong><\/td><td><strong>8\/12\/16<\/strong><\/td><\/tr><tr><td><strong>Filhastighet(r\/min )<\/strong><\/td><td><strong>1650\/3300<\/strong><\/td><td><strong>1800\/3600<\/strong><\/td><td><strong>126\/1800\/3600<\/strong><\/td><td><strong>126\/1800\/3600<\/strong><\/td><td><strong>200\/1900*3800<\/strong><\/td><\/tr><tr><td><strong>Dimensjon(r\/min)<\/strong><\/td><td><strong>770*650*980<\/strong><\/td><td><strong>1245*810*1094<\/strong><\/td><td><strong>2300*1020*1195<\/strong><\/td><td><strong>2400*1420*1300<\/strong><\/td><td><strong>2580*2400*1960<\/strong><\/td><\/tr><tr><td><strong>Vekt(KG)<\/strong><\/td><td><strong>215<\/strong><\/td><td><strong>480<\/strong><\/td><td><strong>1100<\/strong><\/td><td><strong>1300<\/strong><\/td><td><strong>&nbsp;3800<\/strong><\/td><\/tr><tr><td><strong>Str\u00f8mforsyning<\/strong><\/td><td><strong>380V<\/strong><\/td><td><strong>380V<\/strong><\/td><td><strong>380V<\/strong><\/td><td><strong>380V<\/strong><\/td><td><strong>380V<\/strong><\/td><\/tr><\/tbody><\/table><\/figure>    <p>Ovenfor er parameter-tabellen for kuttemaskinen. Det kan sees fra tabellen at maskinen har fem modeller. Modellen til maskinen er nummerert i henhold til volumet av gryten. Det minste grytevolumet er 20L, og det st\u00f8rste volumet er 200L. St\u00f8rrelsen p\u00e5 maskinen er forskjellig, knivens hastighet n\u00e5r den kutter kj\u00f8ttet er ogs\u00e5 forskjellig, og de store maskinene har forskjellige gir for \u00e5 justere.<\/p>    <figure class=\"wp-block-image is-resized\"><img loading=\"lazy\" decoding=\"async\" src=\"http:\/\/www.meatprocessingmachine.org\/wp-content\/uploads\/2018\/10\/vegetable-and-meat-cutter08105.jpg\" alt=\"Kj\u00f8tt- og gr\u00f8nnsakskutter og mikser\" width=\"840\" height=\"853\" title=\"\"><figcaption>Kj\u00f8tt- og gr\u00f8nnsakskutter og mikser<\/figcaption><\/figure>    <h2 class=\"wp-block-heading\">Arbeidsprinsippet til kj\u00f8tt- og gr\u00f8nnsakskutter, mikser og maler <\/h2>    <p>Ved \u00e5 bruke kuttebevegelsen til den h\u00f8ye hastigheten p\u00e5 kuttekniven, blir hovedr\u00e5materialene som kj\u00f8tt, malt kj\u00f8tt og fett finhakket til kj\u00f8ttfyll eller kj\u00f8ttpur\u00e9, og andre r\u00e5materialer som vann, borneol og hjelpematerialer blandes jevnt.<\/p>    <h2 class=\"wp-block-heading\">Funksjoner for kj\u00f8tt- og gr\u00f8nnsakskutter, mikser og maler<\/h2>    <p>1. Frekvensomformeren og frekvensomformermotoren er valgt slik at kuttehastigheten kan justeres fritt mellom 300-4500 rpm, bladet er skarpt, og h\u00f8yhastighetsdriften er stabil. Maskinen har lavt st\u00f8yniv\u00e5, h\u00f8y effektivitet.<\/p>    <p>2. Kutteren er laget av importerte materialer og behandlet med h\u00e5ndverk, og kutteren er dannet p\u00e5 ett sted av maskineringssentret. Den er laget av alt rustfritt st\u00e5l og har en overfyllingsbeskyttende grytekant for \u00e5 forhindre materiallekkasje og overfylling.<\/p>    <p>3. Kuttegryten er to-hastighets, som kan matches med kuttekniven ved hvilken som helst hastighet, kutte- og blandetiden er kort, og temperatur\u00f8kningen av materialet er liten.<\/p>    <p>4. Under h\u00f8yhastighetsdrift er driften stabil og st\u00f8yfri, og gapet mellom kutteren og kutteren er mindre enn 1,5 mm for \u00e5 sikre kutteeffekten.<\/p>    <p>6. Utstyrt med en utl\u00f8ser, er utl\u00f8pet praktisk og rent. Kutteren kan utf\u00f8re dyp behandling av kj\u00f8tt, frukt og gr\u00f8nnsaker, sj\u00f8mat og krydder. Den h\u00f8ye hastigheten p\u00e5 kniven kan forkorte kj\u00f8retiden, redusere varmeutviklingen av materialet, og opprettholde fargen p\u00e5 fyllet.<\/p>    <figure class=\"wp-block-image size-full\"><img loading=\"lazy\" decoding=\"async\" width=\"720\" height=\"340\" src=\"https:\/\/www.meatprocessingmachine.org\/wp-content\/uploads\/2018\/10\/Meat-vegetable-cutter-and-mixer.png\" alt=\"Kj\u00f8tt- og gr\u00f8nnsakskutter og mikser\" class=\"wp-image-32668\" title=\"\" srcset=\"https:\/\/www.meatprocessingmachine.org\/wp-content\/uploads\/2018\/10\/Meat-vegetable-cutter-and-mixer.png 720w, https:\/\/www.meatprocessingmachine.org\/wp-content\/uploads\/2018\/10\/Meat-vegetable-cutter-and-mixer-300x142.png 300w\" sizes=\"auto, (max-width: 720px) 100vw, 720px\" \/><figcaption>Kj\u00f8tt- og gr\u00f8nnsakskutting og mikser<\/figcaption><\/figure>    <h2 class=\"wp-block-heading\">Strukturen til kj\u00f8ttkutteren<\/h2>    <p>Kj\u00f8tt- og gr\u00f8nnsakskutter og mikser best\u00e5r av en kutter, en knivaksel, en ramme og et elektrisk kontrollsystem. Kuttegryten roteres av motoren med lav hastighet gjennom reduseren og mater kontinuerlig knivgruppen. Kutterakselen drives av en to-hastighetsmotor (eller variabel frekvensmotor) for \u00e5 rotere med h\u00f8y hastighet gjennom beltet. Mens r\u00e5materialene er i spiralbevegelse i kuttegryten, blir de omr\u00f8rt og hakket av knivgruppen for \u00e5 fjerne luften i det malte kj\u00f8ttet. P\u00e5 grunn av den h\u00f8ye hastigheten p\u00e5 kutting av kniven, reduseres separasjonsgraden av v\u00e6sken og saften av produktet, og elastisiteten og finheten til produktet forbedres.<\/p>    <h2 class=\"wp-block-heading\">Brukskrav for produktet gr\u00f8nnsakskutter og mikser for kj\u00f8tt<\/h2>    <figure class=\"wp-block-image size-full\"><img loading=\"lazy\" decoding=\"async\" width=\"720\" height=\"540\" src=\"https:\/\/www.meatprocessingmachine.org\/wp-content\/uploads\/2018\/10\/Meat-vegetable-cutter-and-mixer-1.png\" alt=\"Kj\u00f8tt- og gr\u00f8nnsakskutter og mikser\" class=\"wp-image-32669\" title=\"\" srcset=\"https:\/\/www.meatprocessingmachine.org\/wp-content\/uploads\/2018\/10\/Meat-vegetable-cutter-and-mixer-1.png 720w, https:\/\/www.meatprocessingmachine.org\/wp-content\/uploads\/2018\/10\/Meat-vegetable-cutter-and-mixer-1-300x225.png 300w\" sizes=\"auto, (max-width: 720px) 100vw, 720px\" \/><figcaption>Kj\u00f8ttkutter og mikser<\/figcaption><\/figure>    <p>1. Hold innsiden av den roterende gryten ren, og det er strengt forbudt \u00e5 plassere s\u00f8ppel.&nbsp;<\/p>    <p>2. Dekk gryten f\u00f8r du starter kutteren. Ellers kan ikke kutteren fungere normalt.&nbsp;<\/p>    <p>3. Hvis det er en gambleplugg under mating, ikke g\u00e5 inn i den roterende gryten for \u00e5 presse materialet med h\u00e5nden, ellers vil det v\u00e6re farlig \u00e5 m\u00f8te den roterende kniven. Hvis grytemotoren er \u00e5penbart overbelastet, anbefales det \u00e5 snu gryten med lav hastighet og redusere knivhastigheten.&nbsp;<\/p>    <p>4. For \u00e5 unng\u00e5 fenomenet med kj\u00f8ttklump i den roterende gryten, ikke tilsett for mye materiale p\u00e5 en gang under mating. Under drift b\u00f8r vann tilsettes passende.&nbsp;<\/p>    <p>5. V\u00e6r oppmerksom p\u00e5 fuktighetsbeskyttelse og vanntett, spesielt fordelingsboksen, ikke vask med vann under h\u00f8yt trykk.<\/p>    <h2 class=\"wp-block-heading\">Video av kj\u00f8tt- og gr\u00f8nnsakskutter<\/h2>    <figure class=\"wp-block-embed is-type-video is-provider-youtube wp-block-embed-youtube\"><div class=\"wp-block-embed__wrapper\"> <iframe loading=\"lazy\" title=\"Beste kj\u00f8ttsk\u00e5lkutter | kj\u00f8tt- og gr\u00f8nnsakskutter og mikser | Chili kutter og malemaskin\" width=\"500\" height=\"281\" src=\"https:\/\/www.youtube.com\/embed\/COlE_tG9eAs?feature=oembed\" frameborder=\"0\" allow=\"accelerometer; autoplay; clipboard-write; encrypted-media; gyroscope; picture-in-picture; web-share\" referrerpolicy=\"strict-origin-when-cross-origin\" allowfullscreen><\/iframe> <\/div><figcaption>kj\u00f8tt- og gr\u00f8nnsakskutter og mikser<\/figcaption><\/figure>","protected":false},"excerpt":{"rendered":"<p>ables and making meat into a puree. The meat bowl chopper has functions such as cutting, mixing, and stirring. Meat bowl choppers can act as helpers in the food processing process. Can be used in canteens, restaurants, sausage processing plants, hamburger patties processing plants.<\/p>","protected":false},"author":1,"featured_media":32707,"parent":0,"template":"","product-type":[589],"class_list":["post-103","product","type-product","status-publish","has-post-thumbnail","hentry","product-type-meat-cutting-machine"],"_links":{"self":[{"href":"https:\/\/www.meatprocessingmachine.org\/nn\/wp-json\/wp\/v2\/product\/103","targetHints":{"allow":["GET"]}}],"collection":[{"href":"https:\/\/www.meatprocessingmachine.org\/nn\/wp-json\/wp\/v2\/product"}],"about":[{"href":"https:\/\/www.meatprocessingmachine.org\/nn\/wp-json\/wp\/v2\/types\/product"}],"author":[{"embeddable":true,"href":"https:\/\/www.meatprocessingmachine.org\/nn\/wp-json\/wp\/v2\/users\/1"}],"wp:featuredmedia":[{"embeddable":true,"href":"https:\/\/www.meatprocessingmachine.org\/nn\/wp-json\/wp\/v2\/media\/32707"}],"wp:attachment":[{"href":"https:\/\/www.meatprocessingmachine.org\/nn\/wp-json\/wp\/v2\/media?parent=103"}],"wp:term":[{"taxonomy":"product-type","embeddable":true,"href":"https:\/\/www.meatprocessingmachine.org\/nn\/wp-json\/wp\/v2\/product-type?post=103"}],"curies":[{"name":"wp","href":"https:\/\/api.w.org\/{rel}","templated":true}]}}