{"id":122,"date":"2018-10-25T06:37:25","date_gmt":"2018-10-24T22:37:25","guid":{"rendered":"http:\/\/www.meatprocessingmachine.org\/?p=122"},"modified":"2026-02-12T16:41:47","modified_gmt":"2026-02-12T08:41:47","slug":"hydraulic-enema-machine","status":"publish","type":"product","link":"https:\/\/www.meatprocessingmachine.org\/nn\/hydraulic-enema-machine.html","title":{"rendered":"Hydraulisk klysterapparat"},"content":{"rendered":"<div class=\"kk-star-ratings kksr-auto kksr-align-right kksr-valign-top\"     data-payload='{&quot;align&quot;:&quot;right&quot;,&quot;id&quot;:&quot;122&quot;,&quot;slug&quot;:&quot;default&quot;,&quot;valign&quot;:&quot;top&quot;,&quot;ignore&quot;:&quot;&quot;,&quot;reference&quot;:&quot;auto&quot;,&quot;class&quot;:&quot;&quot;,&quot;count&quot;:&quot;0&quot;,&quot;legendonly&quot;:&quot;&quot;,&quot;readonly&quot;:&quot;&quot;,&quot;score&quot;:&quot;0&quot;,&quot;starsonly&quot;:&quot;&quot;,&quot;best&quot;:&quot;5&quot;,&quot;gap&quot;:&quot;5&quot;,&quot;greet&quot;:&quot;Rate this product&quot;,&quot;legend&quot;:&quot;0\\\/5 - (0 votes)&quot;,&quot;size&quot;:&quot;24&quot;,&quot;title&quot;:&quot;Hydraulic Enema Machine&quot;,&quot;width&quot;:&quot;0&quot;,&quot;_legend&quot;:&quot;{score}\\\/{best} - ({count} {votes})&quot;,&quot;font_factor&quot;:&quot;1.25&quot;}'>              <div class=\"kksr-stars\">      <div class=\"kksr-stars-inactive\">             <div class=\"kksr-star\" data-star=\"1\" style=\"padding-right: 5px\">               <div class=\"kksr-icon\" style=\"width: 24px; height: 24px;\"><\/div>         <\/div>             <div class=\"kksr-star\" data-star=\"2\" style=\"padding-right: 5px\">               <div class=\"kksr-icon\" style=\"width: 24px; height: 24px;\"><\/div>         <\/div>             <div class=\"kksr-star\" data-star=\"3\" style=\"padding-right: 5px\">               <div class=\"kksr-icon\" style=\"width: 24px; height: 24px;\"><\/div>         <\/div>             <div class=\"kksr-star\" data-star=\"4\" style=\"padding-right: 5px\">               <div class=\"kksr-icon\" style=\"width: 24px; height: 24px;\"><\/div>         <\/div>             <div class=\"kksr-star\" data-star=\"5\" style=\"padding-right: 5px\">               <div class=\"kksr-icon\" style=\"width: 24px; height: 24px;\"><\/div>         <\/div>     <\/div>      <div class=\"kksr-stars-active\" style=\"width: 0px;\">             <div class=\"kksr-star\" style=\"padding-right: 5px\">               <div class=\"kksr-icon\" style=\"width: 24px; height: 24px;\"><\/div>         <\/div>             <div class=\"kksr-star\" style=\"padding-right: 5px\">               <div class=\"kksr-icon\" style=\"width: 24px; height: 24px;\"><\/div>         <\/div>             <div class=\"kksr-star\" style=\"padding-right: 5px\">               <div class=\"kksr-icon\" style=\"width: 24px; height: 24px;\"><\/div>         <\/div>             <div class=\"kksr-star\" style=\"padding-right: 5px\">               <div class=\"kksr-icon\" style=\"width: 24px; height: 24px;\"><\/div>         <\/div>             <div class=\"kksr-star\" style=\"padding-right: 5px\">               <div class=\"kksr-icon\" style=\"width: 24px; height: 24px;\"><\/div>         <\/div>     <\/div> <\/div>                   <div class=\"kksr-legend\" style=\"font-size: 19.2px;\">             <span class=\"kksr-muted\">Vurder dette produktet<\/span>     <\/div>     <\/div> <h2>Kort introduksjon<\/h2> <p class=\"translation-block\"><strong>Hydraulisk enema-maskin<\/strong> er n\u00f8dvendig utstyr for p\u00f8lsfylling. Den<strong> hydrauliske p\u00f8lsefylleren<\/strong> er bredt anvendelig for ulike tarmfyllingssystemer, spesielt for t\u00f8rrere fyllinger og kj\u00f8ttfyllinger. Maskinens \u00f8vre del har en lagringshoper og skiveventil, kontinuerlig snuende irrigasjonssystem, som forbedrer arbeidsytelsen.<\/p>   <h2 class=\"wp-block-heading\"><strong>Egenskaper<\/strong><\/h2>    <p class=\"translation-block\">1. Den kan lage store, mellomstore og sm\u00e5 tarmprodukter av ulike spesifikasjoner. 2. Dette produktet har vakker utseende, fin utf\u00f8relse, enkel betjening og sikker og p\u00e5litelig drift. 3. Hydraulisk p\u00f8lsemaskin  hoper, ventil, enema-r\u00f8r og ytre emballasje er laget av h\u00f8ykvalitets rustfritt st\u00e5l. 4. Materialet i sylinderen kan velges i henhold til kundens krav for \u00e5 m\u00f8te h\u00f8yere krav til mattrygghet. 5. Hydraulisk p\u00f8lsemaskin applies to sheep casings, hog casings, collagen casings, plastic casings.<\/p>    <figure class=\"wp-block-image\"><img decoding=\"async\" src=\"http:\/\/www.meatprocessingmachine.org\/wp-content\/uploads\/2018\/10\/hydraulic-sausage-stuffer8136.jpg\" alt=\"\" title=\"\"><\/figure>    <h2 class=\"wp-block-heading\"><strong>Spesifikasjoner<\/strong><\/h2>    <p class=\"translation-block\"><strong> <\/strong>1. Rustfritt st\u00e5l gj\u00f8r p\u00f8lsemaskin<br>2. Fin design, h\u00f8y kvalitet<br>3. Kapasitet: 100~500kg<br>4. Passer alle p\u00f8lser<\/p>    <div class=\"wp-block-columns is-layout-flex wp-container-core-columns-is-layout-9d6595d7 wp-block-columns-is-layout-flex\"> <div class=\"wp-block-column is-layout-flow wp-block-column-is-layout-flow\"> <figure class=\"wp-block-image size-large\"><img loading=\"lazy\" decoding=\"async\" width=\"650\" height=\"433\" src=\"http:\/\/www.meatprocessingmachine.org\/wp-content\/uploads\/2020\/06\/details-of-Hydraulic-Enema-Machine.jpg\" alt=\"details of Hydraulic Enema Machine\" class=\"wp-image-733\" title=\"\" srcset=\"https:\/\/www.meatprocessingmachine.org\/wp-content\/uploads\/2020\/06\/details-of-Hydraulic-Enema-Machine.jpg 650w, https:\/\/www.meatprocessingmachine.org\/wp-content\/uploads\/2020\/06\/details-of-Hydraulic-Enema-Machine-300x200.jpg 300w\" sizes=\"auto, (max-width: 650px) 100vw, 650px\" \/><figcaption><\/figcaption><\/figure> <\/div>    <div class=\"wp-block-column is-layout-flow wp-block-column-is-layout-flow\"> <figure class=\"wp-block-image size-large\"><img loading=\"lazy\" decoding=\"async\" width=\"1024\" height=\"683\" src=\"http:\/\/www.meatprocessingmachine.org\/wp-content\/uploads\/2020\/06\/details-of-Hydraulic-Enema-Machine.-1024x683.jpg\" alt=\"details of Hydraulic Enema Machine\" class=\"wp-image-734\" title=\"\" srcset=\"https:\/\/www.meatprocessingmachine.org\/wp-content\/uploads\/2020\/06\/details-of-Hydraulic-Enema-Machine.-1024x683.jpg 1024w, https:\/\/www.meatprocessingmachine.org\/wp-content\/uploads\/2020\/06\/details-of-Hydraulic-Enema-Machine.-300x200.jpg 300w, https:\/\/www.meatprocessingmachine.org\/wp-content\/uploads\/2020\/06\/details-of-Hydraulic-Enema-Machine.-768x512.jpg 768w, https:\/\/www.meatprocessingmachine.org\/wp-content\/uploads\/2020\/06\/details-of-Hydraulic-Enema-Machine.-1536x1024.jpg 1536w, https:\/\/www.meatprocessingmachine.org\/wp-content\/uploads\/2020\/06\/details-of-Hydraulic-Enema-Machine.-2048x1365.jpg 2048w\" sizes=\"auto, (max-width: 1024px) 100vw, 1024px\" \/><figcaption><\/figcaption><\/figure>    <p><\/p> <\/div> <\/div>    <h2 class=\"wp-block-heading\"><strong>Teknologiske parametere<\/strong><\/h2>    <figure class=\"wp-block-table\"><table><tbody><tr><td>Modell<\/td><td>SL-30<\/td><td>SL-150<\/td><\/tr><tr><td>Volum av beholder(L)<\/td><td>30L<\/td><td>50L<\/td><\/tr><tr><td>Total effekt(kw)<\/td><td>1.5<\/td><td>1.5<\/td><\/tr><tr><td>Fyllingsdiameter(mm)<\/td><td>12-48<\/td><td>12-48<\/td><\/tr><tr><td>Vekt(kg)<\/td><td>360<\/td><td>400<\/td><\/tr><tr><td>Over dimensjon(mm)<\/td><td>1050*670*1680<\/td><td>1150*700*1760<\/td><\/tr><\/tbody><\/table><\/figure>    <figure class=\"wp-block-image\"><img decoding=\"async\" src=\"http:\/\/www.meatprocessingmachine.org\/wp-content\/uploads\/2018\/10\/hydraulic-sausage-stuffer1129.jpg\" alt=\"\" title=\"\"><\/figure>    <h2 class=\"wp-block-heading\"><strong>Fordel<\/strong><\/h2>    <ol class=\"wp-block-list\"><li>Hovedkomponentene er laget av h\u00f8ykvalitets 304 rustfritt st\u00e5l, som er p\u00e5litelig og holdbart, lett \u00e5 rengj\u00f8re og oppfyller kravene til matsikkerhet.<\/li><li> Avansert teknologi, stabil ytelse, enkel betjening og praktisk vedlikehold. Etter \u00e5 ha justert arbeidstrykket for den hydrauliske stempeloverf\u00f8ringen, utvides materialet i sylinderen under p\u00e5virkning av hydraulikkoljen, spesielt for t\u00f8rrpakking, noe som er mer effektiv enn andre p\u00f8lser.<\/li><li>H\u00f8y grad av automatisering, sparer tid og krefter.<\/li><li>Spesiell behandling av n\u00f8kkelkomponenter, slitestyrke, kontrolldeler er importerte komponenter.<\/li><li>Utseendet bruker avansert overflatebehandlingsteknologi, vakker utseende, kompakt struktur, enkel betjening og enkel vedlikehold<\/li><li>Utstyrt med sikkerhetsbeskyttelse, <strong>Hydraulisk p\u00f8lsemaskin<\/strong> er ideell for kj\u00f8ttbehandling.<\/li><li>Utl\u00f8pshastigheten er rask, tarmkroppen er jevn, kj\u00f8ttliknende tarm kan fylles, og tarmen kan fylles, noe som er fleksibelt og praktisk. Det er lett \u00e5 mate, h\u00f8yt effektivitet, og god kontinuerlig produksjonskapasitet.<strong>Hydraulisk p\u00f8lsemaskin\u00a0<\/strong>er lett \u00e5 rengj\u00f8re, og passer for ulike produksjonsbedrifter.<\/li><li>Den hydrauliske p\u00f8lsefylleren er kraftigere enn den pneumatiske p\u00f8lsefylleren, og kan enkelt fylle kj\u00f8ttp\u00f8lse.<\/li><\/ol>","protected":false},"excerpt":{"rendered":"<p>Brief Introduce Hydraulic Enema Machine is a necessary sausage filling equipment. The Hydraulic Sausage Stuffer Machine is widely applicable to&nbsp; a variety of intestinal filling systems,especially to the drier fillings and meat fillings . The machine upper part has a storage hopper and disc valve,continuously&nbsp; flipping irrigation system, which improve the work efficiency. Features 1.It [&hellip;]<\/p>\n","protected":false},"author":1,"featured_media":43,"parent":0,"template":"","product-type":[598],"class_list":["post-122","product","type-product","status-publish","has-post-thumbnail","hentry","product-type-supporting-auxiliary-equipment"],"_links":{"self":[{"href":"https:\/\/www.meatprocessingmachine.org\/nn\/wp-json\/wp\/v2\/product\/122","targetHints":{"allow":["GET"]}}],"collection":[{"href":"https:\/\/www.meatprocessingmachine.org\/nn\/wp-json\/wp\/v2\/product"}],"about":[{"href":"https:\/\/www.meatprocessingmachine.org\/nn\/wp-json\/wp\/v2\/types\/product"}],"author":[{"embeddable":true,"href":"https:\/\/www.meatprocessingmachine.org\/nn\/wp-json\/wp\/v2\/users\/1"}],"wp:featuredmedia":[{"embeddable":true,"href":"https:\/\/www.meatprocessingmachine.org\/nn\/wp-json\/wp\/v2\/media\/43"}],"wp:attachment":[{"href":"https:\/\/www.meatprocessingmachine.org\/nn\/wp-json\/wp\/v2\/media?parent=122"}],"wp:term":[{"taxonomy":"product-type","embeddable":true,"href":"https:\/\/www.meatprocessingmachine.org\/nn\/wp-json\/wp\/v2\/product-type?post=122"}],"curies":[{"name":"wp","href":"https:\/\/api.w.org\/{rel}","templated":true}]}}